{"id":965,"date":"2024-12-09T18:39:01","date_gmt":"2024-12-09T18:39:01","guid":{"rendered":"https:\/\/yazmed.ma\/?post_type=product&#038;p=965"},"modified":"2025-12-17T22:14:42","modified_gmt":"2025-12-17T22:14:42","slug":"ecg-6-pistes-avec-interpretation-contec","status":"publish","type":"product","link":"https:\/\/yazmed.ma\/ar\/product\/ecg-6-pistes-avec-interpretation-contec\/","title":{"rendered":"ECG 6 pistes avec interpr\u00e9tation &#8211; Contec"},"content":{"rendered":"<h3 data-start=\"862\" data-end=\"903\"><strong data-start=\"869\" data-end=\"901\"><img decoding=\"async\" class=\"emoji\" role=\"img\" draggable=\"false\" src=\"https:\/\/s.w.org\/images\/core\/emoji\/16.0.1\/svg\/2705.svg\" alt=\"\u2705\" \/>Caract\u00e9ristiques principales<\/strong>\u00a0:<\/h3>\n<p><strong data-start=\"907\" data-end=\"931\">\u00c9cran LCD tactile 7\u201d<\/strong>\u00a0couleur haute r\u00e9solution<\/p>\n<p><strong data-start=\"959\" data-end=\"998\">Affichage en 3, 6 ou 12 d\u00e9rivations<\/strong>\u00a0ECG<\/p>\n<p><strong data-start=\"1005\" data-end=\"1025\">M\u00e9moire int\u00e9gr\u00e9e<\/strong>\u00a0: jusqu\u2019\u00e0\u00a0<strong data-start=\"1036\" data-end=\"1063\">1 000 dossiers patients<\/strong><\/p>\n<p><strong data-start=\"1066\" data-end=\"1090\">Imprimante thermique<\/strong>\u00a0avec rouleau 110 mm<\/p>\n<p><strong data-start=\"1113\" data-end=\"1154\">Calcul automatique des param\u00e8tres ECG<\/strong>\u00a0: HR, PR, QRS, QT\/QTC, axes, amplitudes, etc.<\/p>\n<p><strong data-start=\"1203\" data-end=\"1226\">Double alimentation<\/strong>\u00a0: secteur 100V-240V ou batterie lithium 3700 mAh<\/p>\n<p>&nbsp;<\/p>\n<p><img decoding=\"async\" class=\"\" src=\"https:\/\/eclazon.ma\/wp-content\/uploads\/2025\/05\/CONTEC-MAROC-500x100.webp\" alt=\"CONTEC MAROC\" width=\"170\" height=\"34\" \/><\/p>","protected":false},"excerpt":{"rendered":"<h2><strong>ECG CONTEC 6 pistes\u00a0<\/strong><\/h2>\n<p>Electrocardiographe multipiste complet, compact et intuitif, id\u00e9al pour les consultations en cabinet, \u00e0 domicile ou en milieu hospitalier. Gr\u00e2ce \u00e0 son \u00e9cran tactile couleur de 7 pouces, il permet une visualisation claire des signaux ECG en temps r\u00e9el, en 3, 6 ou 12 d\u00e9rivations, avec impression thermique haute r\u00e9solution.<\/p>\n<p>Sa\u00a0<strong data-start=\"569\" data-end=\"599\">grande capacit\u00e9 de m\u00e9moire<\/strong> (jusqu\u2019\u00e0 1 000 dossiers m\u00e9dicaux) permet un archivage efficace\u00a0 et une consultation rapide des informations patients. Polyvalent et fiable, propose une double alimentation (secteur ou batterie rechargeable), assurant une autonomie optimale.<\/p>\n<p data-start=\"566\" data-end=\"855\">\u00a0Il permet de mettre en \u00e9vidence diverses anomalies cardiaques et a une place importante dans les examens\u00a0<a title=\"Diagnostic (m\u00e9decine)\" href=\"https:\/\/fr.wikipedia.org\/wiki\/Diagnostic_(m%C3%A9decine)\">diagnostiques<\/a>\u00a0en\u00a0<a title=\"Cardiologie\" href=\"https:\/\/fr.wikipedia.org\/wiki\/Cardiologie\">cardiologie<\/a>,<\/p>\n<p data-start=\"566\" data-end=\"855\"><img decoding=\"async\" class=\"\" src=\"https:\/\/eclazon.ma\/wp-content\/uploads\/2025\/05\/CONTEC-MAROC-500x100.webp\" alt=\"CONTEC MAROC\" width=\"145\" height=\"29\" \/><\/p>","protected":false},"featured_media":2986,"comment_status":"open","ping_status":"closed","template":"","meta":[],"product_brand":[],"product_cat":[50,58],"product_tag":[265],"class_list":{"0":"post-965","1":"product","2":"type-product","3":"status-publish","4":"has-post-thumbnail","6":"product_cat-appareillages-diagnostic","7":"product_cat-nouvelle-collection","8":"product_tag-ecg-contec-6-pistes","10":"first","11":"instock","12":"taxable","13":"shipping-taxable","14":"purchasable","15":"product-type-simple"},"yoast_head":"<!-- This site is optimized with the Yoast SEO plugin v26.9 - https:\/\/yoast.com\/product\/yoast-seo-wordpress\/ -->\n<title>ECG 6 pistes avec interpr\u00e9tation - Contec - YAZMED<\/title>\n<meta name=\"robots\" content=\"index, follow, max-snippet:-1, max-image-preview:large, max-video-preview:-1\" \/>\n<link rel=\"canonical\" href=\"https:\/\/yazmed.ma\/ar\/product\/ecg-6-pistes-avec-interpretation-contec\/\" \/>\n<meta property=\"og:locale\" content=\"ar_AR\" \/>\n<meta property=\"og:type\" content=\"article\" \/>\n<meta property=\"og:title\" content=\"ECG 6 pistes avec interpr\u00e9tation - Contec - YAZMED\" \/>\n<meta property=\"og:description\" content=\"ECG CONTEC 6 pistes\u00a0 Electrocardiographe multipiste complet, compact et intuitif, id\u00e9al pour les consultations en cabinet, \u00e0 domicile ou en milieu hospitalier. Gr\u00e2ce \u00e0 son \u00e9cran tactile couleur de 7 pouces, il permet une visualisation claire des signaux ECG en temps r\u00e9el, en 3, 6 ou 12 d\u00e9rivations, avec impression thermique haute r\u00e9solution.  Sa\u00a0grande capacit\u00e9 de m\u00e9moire (jusqu\u2019\u00e0 1 000 dossiers m\u00e9dicaux) permet un archivage efficace\u00a0 et une consultation rapide des informations patients. Polyvalent et fiable, propose une double alimentation (secteur ou batterie rechargeable), assurant une autonomie optimale. \u00a0Il permet de mettre en \u00e9vidence diverses anomalies cardiaques et a une place importante dans les examens\u00a0diagnostiques\u00a0en\u00a0cardiologie,\" \/>\n<meta property=\"og:url\" content=\"https:\/\/yazmed.ma\/ar\/product\/ecg-6-pistes-avec-interpretation-contec\/\" \/>\n<meta property=\"og:site_name\" content=\"YAZMED\" \/>\n<meta property=\"article:publisher\" content=\"https:\/\/www.facebook.com\/azenkouky\" \/>\n<meta property=\"article:modified_time\" content=\"2025-12-17T22:14:42+00:00\" \/>\n<meta property=\"og:image\" content=\"https:\/\/yazmed.ma\/wp-content\/uploads\/2024\/12\/Design-sans-titre-68.png\" \/>\n\t<meta property=\"og:image:width\" content=\"570\" \/>\n\t<meta property=\"og:image:height\" content=\"517\" \/>\n\t<meta property=\"og:image:type\" content=\"image\/png\" \/>\n<meta name=\"twitter:card\" content=\"summary_large_image\" \/>\n<meta name=\"twitter:label1\" content=\"Est. reading time\" \/>\n\t<meta name=\"twitter:data1\" content=\"3 minutes\" \/>\n<script type=\"application\/ld+json\" class=\"yoast-schema-graph\">{\"@context\":\"https:\/\/schema.org\",\"@graph\":[{\"@type\":\"WebPage\",\"@id\":\"https:\/\/yazmed.ma\/product\/ecg-6-pistes-avec-interpretation-contec\/\",\"url\":\"https:\/\/yazmed.ma\/product\/ecg-6-pistes-avec-interpretation-contec\/\",\"name\":\"ECG 6 pistes avec interpr\u00e9tation - Contec - YAZMED\",\"isPartOf\":{\"@id\":\"https:\/\/yazmed.ma\/#website\"},\"primaryImageOfPage\":{\"@id\":\"https:\/\/yazmed.ma\/product\/ecg-6-pistes-avec-interpretation-contec\/#primaryimage\"},\"image\":{\"@id\":\"https:\/\/yazmed.ma\/product\/ecg-6-pistes-avec-interpretation-contec\/#primaryimage\"},\"thumbnailUrl\":\"https:\/\/yazmed.ma\/wp-content\/uploads\/2024\/12\/ECG-CONTEC-6-Pistes-Avec-Interpretation.webp\",\"datePublished\":\"2024-12-09T18:39:01+00:00\",\"dateModified\":\"2025-12-17T22:14:42+00:00\",\"breadcrumb\":{\"@id\":\"https:\/\/yazmed.ma\/product\/ecg-6-pistes-avec-interpretation-contec\/#breadcrumb\"},\"inLanguage\":\"ary\",\"potentialAction\":[{\"@type\":\"ReadAction\",\"target\":[\"https:\/\/yazmed.ma\/product\/ecg-6-pistes-avec-interpretation-contec\/\"]}]},{\"@type\":\"ImageObject\",\"inLanguage\":\"ary\",\"@id\":\"https:\/\/yazmed.ma\/product\/ecg-6-pistes-avec-interpretation-contec\/#primaryimage\",\"url\":\"https:\/\/yazmed.ma\/wp-content\/uploads\/2024\/12\/ECG-CONTEC-6-Pistes-Avec-Interpretation.webp\",\"contentUrl\":\"https:\/\/yazmed.ma\/wp-content\/uploads\/2024\/12\/ECG-CONTEC-6-Pistes-Avec-Interpretation.webp\",\"width\":450,\"height\":450,\"caption\":\"ECG CONTEC 6 Pistes Avec Interpr\u00e9tation\"},{\"@type\":\"BreadcrumbList\",\"@id\":\"https:\/\/yazmed.ma\/product\/ecg-6-pistes-avec-interpretation-contec\/#breadcrumb\",\"itemListElement\":[{\"@type\":\"ListItem\",\"position\":1,\"name\":\"Accueil\",\"item\":\"https:\/\/yazmed.ma\/\"},{\"@type\":\"ListItem\",\"position\":2,\"name\":\"Shop\",\"item\":\"https:\/\/yazmed.ma\/shop-2\/\"},{\"@type\":\"ListItem\",\"position\":3,\"name\":\"ECG 6 pistes avec interpr\u00e9tation &#8211; Contec\"}]},{\"@type\":\"WebSite\",\"@id\":\"https:\/\/yazmed.ma\/#website\",\"url\":\"https:\/\/yazmed.ma\/\",\"name\":\"Yazmed\",\"description\":\"LEADER DU MAT\u00c9RIEL M\u00c9DICAL AU MAROC\",\"publisher\":{\"@id\":\"https:\/\/yazmed.ma\/#organization\"},\"potentialAction\":[{\"@type\":\"SearchAction\",\"target\":{\"@type\":\"EntryPoint\",\"urlTemplate\":\"https:\/\/yazmed.ma\/?s={search_term_string}\"},\"query-input\":{\"@type\":\"PropertyValueSpecification\",\"valueRequired\":true,\"valueName\":\"search_term_string\"}}],\"inLanguage\":\"ary\"},{\"@type\":\"Organization\",\"@id\":\"https:\/\/yazmed.ma\/#organization\",\"name\":\"Yazmed Healthcare\",\"url\":\"https:\/\/yazmed.ma\/\",\"logo\":{\"@type\":\"ImageObject\",\"inLanguage\":\"ary\",\"@id\":\"https:\/\/yazmed.ma\/#\/schema\/logo\/image\/\",\"url\":\"https:\/\/yazmed.ma\/wp-content\/uploads\/2024\/12\/3.png\",\"contentUrl\":\"https:\/\/yazmed.ma\/wp-content\/uploads\/2024\/12\/3.png\",\"width\":250,\"height\":70,\"caption\":\"Yazmed Healthcare\"},\"image\":{\"@id\":\"https:\/\/yazmed.ma\/#\/schema\/logo\/image\/\"},\"sameAs\":[\"https:\/\/www.facebook.com\/azenkouky\",\"https:\/\/www.instagram.com\/yazmedhealthcare\",\"https:\/\/www.linkedin.com\/in\/yazmed-healthcare-1b4955295\"]}]}<\/script>\n<!-- \/ Yoast SEO plugin. -->","yoast_head_json":{"title":"ECG 6 pistes avec interpr\u00e9tation - Contec - YAZMED","robots":{"index":"index","follow":"follow","max-snippet":"max-snippet:-1","max-image-preview":"max-image-preview:large","max-video-preview":"max-video-preview:-1"},"canonical":"https:\/\/yazmed.ma\/ar\/product\/ecg-6-pistes-avec-interpretation-contec\/","og_locale":"ar_AR","og_type":"article","og_title":"ECG 6 pistes avec interpr\u00e9tation - Contec - YAZMED","og_description":"ECG CONTEC 6 pistes\u00a0 Electrocardiographe multipiste complet, compact et intuitif, id\u00e9al pour les consultations en cabinet, \u00e0 domicile ou en milieu hospitalier. Gr\u00e2ce \u00e0 son \u00e9cran tactile couleur de 7 pouces, il permet une visualisation claire des signaux ECG en temps r\u00e9el, en 3, 6 ou 12 d\u00e9rivations, avec impression thermique haute r\u00e9solution.  Sa\u00a0grande capacit\u00e9 de m\u00e9moire (jusqu\u2019\u00e0 1 000 dossiers m\u00e9dicaux) permet un archivage efficace\u00a0 et une consultation rapide des informations patients. Polyvalent et fiable, propose une double alimentation (secteur ou batterie rechargeable), assurant une autonomie optimale. \u00a0Il permet de mettre en \u00e9vidence diverses anomalies cardiaques et a une place importante dans les examens\u00a0diagnostiques\u00a0en\u00a0cardiologie,","og_url":"https:\/\/yazmed.ma\/ar\/product\/ecg-6-pistes-avec-interpretation-contec\/","og_site_name":"YAZMED","article_publisher":"https:\/\/www.facebook.com\/azenkouky","article_modified_time":"2025-12-17T22:14:42+00:00","og_image":[{"width":570,"height":517,"url":"https:\/\/yazmed.ma\/wp-content\/uploads\/2024\/12\/Design-sans-titre-68.png","type":"image\/png"}],"twitter_card":"summary_large_image","twitter_misc":{"Est. reading time":"3 minutes"},"schema":{"@context":"https:\/\/schema.org","@graph":[{"@type":"WebPage","@id":"https:\/\/yazmed.ma\/product\/ecg-6-pistes-avec-interpretation-contec\/","url":"https:\/\/yazmed.ma\/product\/ecg-6-pistes-avec-interpretation-contec\/","name":"ECG 6 pistes avec interpr\u00e9tation - Contec - YAZMED","isPartOf":{"@id":"https:\/\/yazmed.ma\/#website"},"primaryImageOfPage":{"@id":"https:\/\/yazmed.ma\/product\/ecg-6-pistes-avec-interpretation-contec\/#primaryimage"},"image":{"@id":"https:\/\/yazmed.ma\/product\/ecg-6-pistes-avec-interpretation-contec\/#primaryimage"},"thumbnailUrl":"https:\/\/yazmed.ma\/wp-content\/uploads\/2024\/12\/ECG-CONTEC-6-Pistes-Avec-Interpretation.webp","datePublished":"2024-12-09T18:39:01+00:00","dateModified":"2025-12-17T22:14:42+00:00","breadcrumb":{"@id":"https:\/\/yazmed.ma\/product\/ecg-6-pistes-avec-interpretation-contec\/#breadcrumb"},"inLanguage":"ary","potentialAction":[{"@type":"ReadAction","target":["https:\/\/yazmed.ma\/product\/ecg-6-pistes-avec-interpretation-contec\/"]}]},{"@type":"ImageObject","inLanguage":"ary","@id":"https:\/\/yazmed.ma\/product\/ecg-6-pistes-avec-interpretation-contec\/#primaryimage","url":"https:\/\/yazmed.ma\/wp-content\/uploads\/2024\/12\/ECG-CONTEC-6-Pistes-Avec-Interpretation.webp","contentUrl":"https:\/\/yazmed.ma\/wp-content\/uploads\/2024\/12\/ECG-CONTEC-6-Pistes-Avec-Interpretation.webp","width":450,"height":450,"caption":"ECG CONTEC 6 Pistes Avec Interpr\u00e9tation"},{"@type":"BreadcrumbList","@id":"https:\/\/yazmed.ma\/product\/ecg-6-pistes-avec-interpretation-contec\/#breadcrumb","itemListElement":[{"@type":"ListItem","position":1,"name":"Accueil","item":"https:\/\/yazmed.ma\/"},{"@type":"ListItem","position":2,"name":"Shop","item":"https:\/\/yazmed.ma\/shop-2\/"},{"@type":"ListItem","position":3,"name":"ECG 6 pistes avec interpr\u00e9tation &#8211; Contec"}]},{"@type":"WebSite","@id":"https:\/\/yazmed.ma\/#website","url":"https:\/\/yazmed.ma\/","name":"Yazmed","description":"LEADER DU MAT\u00c9RIEL M\u00c9DICAL AU MAROC","publisher":{"@id":"https:\/\/yazmed.ma\/#organization"},"potentialAction":[{"@type":"SearchAction","target":{"@type":"EntryPoint","urlTemplate":"https:\/\/yazmed.ma\/?s={search_term_string}"},"query-input":{"@type":"PropertyValueSpecification","valueRequired":true,"valueName":"search_term_string"}}],"inLanguage":"ary"},{"@type":"Organization","@id":"https:\/\/yazmed.ma\/#organization","name":"Yazmed Healthcare","url":"https:\/\/yazmed.ma\/","logo":{"@type":"ImageObject","inLanguage":"ary","@id":"https:\/\/yazmed.ma\/#\/schema\/logo\/image\/","url":"https:\/\/yazmed.ma\/wp-content\/uploads\/2024\/12\/3.png","contentUrl":"https:\/\/yazmed.ma\/wp-content\/uploads\/2024\/12\/3.png","width":250,"height":70,"caption":"Yazmed Healthcare"},"image":{"@id":"https:\/\/yazmed.ma\/#\/schema\/logo\/image\/"},"sameAs":["https:\/\/www.facebook.com\/azenkouky","https:\/\/www.instagram.com\/yazmedhealthcare","https:\/\/www.linkedin.com\/in\/yazmed-healthcare-1b4955295"]}]}},"_links":{"self":[{"href":"https:\/\/yazmed.ma\/ar\/wp-json\/wp\/v2\/product\/965","targetHints":{"allow":["GET"]}}],"collection":[{"href":"https:\/\/yazmed.ma\/ar\/wp-json\/wp\/v2\/product"}],"about":[{"href":"https:\/\/yazmed.ma\/ar\/wp-json\/wp\/v2\/types\/product"}],"replies":[{"embeddable":true,"href":"https:\/\/yazmed.ma\/ar\/wp-json\/wp\/v2\/comments?post=965"}],"version-history":[{"count":1,"href":"https:\/\/yazmed.ma\/ar\/wp-json\/wp\/v2\/product\/965\/revisions"}],"predecessor-version":[{"id":2985,"href":"https:\/\/yazmed.ma\/ar\/wp-json\/wp\/v2\/product\/965\/revisions\/2985"}],"wp:featuredmedia":[{"embeddable":true,"href":"https:\/\/yazmed.ma\/ar\/wp-json\/wp\/v2\/media\/2986"}],"wp:attachment":[{"href":"https:\/\/yazmed.ma\/ar\/wp-json\/wp\/v2\/media?parent=965"}],"wp:term":[{"taxonomy":"product_brand","embeddable":true,"href":"https:\/\/yazmed.ma\/ar\/wp-json\/wp\/v2\/product_brand?post=965"},{"taxonomy":"product_cat","embeddable":true,"href":"https:\/\/yazmed.ma\/ar\/wp-json\/wp\/v2\/product_cat?post=965"},{"taxonomy":"product_tag","embeddable":true,"href":"https:\/\/yazmed.ma\/ar\/wp-json\/wp\/v2\/product_tag?post=965"}],"curies":[{"name":"wp","href":"https:\/\/api.w.org\/{rel}","templated":true}]}}