{"id":960,"date":"2024-12-09T18:15:43","date_gmt":"2024-12-09T18:15:43","guid":{"rendered":"https:\/\/yazmed.ma\/?post_type=product&#038;p=960"},"modified":"2026-03-03T20:31:54","modified_gmt":"2026-03-03T20:31:54","slug":"holter-tensionnel-contec-abpm50","status":"publish","type":"product","link":"https:\/\/yazmed.ma\/ar\/product\/holter-tensionnel-contec-abpm50\/","title":{"rendered":"Holter tensionnel Contec ABPM50"},"content":{"rendered":"<h3 data-start=\"862\" data-end=\"903\"><strong data-start=\"869\" data-end=\"901\"><img decoding=\"async\" class=\"emoji\" role=\"img\" draggable=\"false\" src=\"https:\/\/s.w.org\/images\/core\/emoji\/16.0.1\/svg\/2705.svg\" alt=\"\u2705\" \/>Caract\u00e9ristiques principales<\/strong><\/h3>\n<p>&#8211; Compact et portable, facile \u00e0\u00a0utiliser.<\/p>\n<p>&#8211; Convient pour les adultes, la p\u00e9diatrie et les soins n\u00e9onatals.<\/p>\n<p>&#8211; Grand \u00e9cran couleur CLD affichant ABPM, SpO2 et pouls.<\/p>\n<p>&#8211; Alarmes sonores et visuelle r\u00e9glables.<\/p>\n<p>&#8211; Donn\u00e9es en temps r\u00e9el, 24 heures de m\u00e9morations.<\/p>\n<p>&#8211; Oscillom\u00e9trie \u00e0\u00a0d\u00e9flation par \u00e9tapes.<\/p>\n<p>&#8211; Pr\u00e9cision cliniquement prouv\u00e9e.<\/p>\n<p>&#8211; Toutes les donn\u00e9es peuvent \u00eatre transf\u00e9r\u00e9es vers un ordinateur gr\u00e2ce \u00e0 un logiciel pour Windows<\/p>\n<p>permettant de analyser les donn\u00e9es et imprimer les rapports.<\/p>\n<p><strong><img decoding=\"async\" class=\"emoji\" role=\"img\" draggable=\"false\" src=\"https:\/\/s.w.org\/images\/core\/emoji\/16.0.1\/svg\/2705.svg\" alt=\"\u2705\" \/>Accessoires standards :<\/strong><\/p>\n<p>&#8211; 1 brassard en nylon adulte sans latex.<\/p>\n<p>&#8211; House de transport.<\/p>\n<p>&#8211; Mode d&#8217;emploi.<\/p>\n<p>&#8211; c\u00e2ble USB<\/p>\n<p>&#8211; Tuyau de raccordement 1.5m<\/p>\n<p>&nbsp;<\/p>","protected":false},"excerpt":{"rendered":"<h4><strong data-start=\"82\" data-end=\"117\">Holter tensionnel Contec ABPM50<\/strong><\/h4>\n<p>Moniteur de pression art\u00e9rielle ambulatoire pour\u00a0 Surveillance continue \u00a0<a title=\"Pression\" href=\"https:\/\/fr.wikipedia.org\/wiki\/Pression\">pression<\/a>\u00a0sanguine dans les\u00a0<a title=\"Art\u00e8re\" href=\"https:\/\/fr.wikipedia.org\/wiki\/Art%C3%A8re\">art\u00e8res<\/a>\u00a0de la\u00a0<a title=\"\" href=\"https:\/\/fr.wikipedia.org\/wiki\/Circulation_syst%C3%A9mique\">circulation syst\u00e9mique <\/a>utilisable sur 24\u202fh, recommand\u00e9 en milieu hospitalier, clinique ou professionnel de sant\u00e9<\/p>\n<p><strong data-start=\"755\" data-end=\"782\">\u00a0mesure tension art\u00e9rielle automatique<\/strong><\/p>\n<p><strong data-start=\"755\" data-end=\"782\">\u00a0surveillance tension 24h<\/strong><\/p>\n<p><strong data-start=\"755\" data-end=\"782\">dispositif suivi hypertension<\/strong><\/p>\n<p><img decoding=\"async\" class=\"wp-image-2478\" title=\"CONTEC LOGO\" src=\"https:\/\/yazmed.ma\/wp-content\/uploads\/2024\/12\/CONTEC-LOGO.png\" alt=\"CONTEC LOGO\" width=\"102\" height=\"42\" srcset=\"https:\/\/yazmed.ma\/wp-content\/uploads\/2024\/12\/CONTEC-LOGO.png 223w, https:\/\/yazmed.ma\/wp-content\/uploads\/2024\/12\/CONTEC-LOGO-18x7.png 18w, https:\/\/yazmed.ma\/wp-content\/uploads\/2024\/12\/CONTEC-LOGO-90x37.png 90w\" sizes=\"(max-width: 102px) 100vw, 102px\" \/><\/p>\n<p><strong data-start=\"755\" data-end=\"782\">holter tensionnel Maroc<\/strong>, <strong data-start=\"784\" data-end=\"813\">\u00a0Contec<\/strong><\/p>\n<p>&nbsp;<\/p>\n<p>&nbsp;<\/p>\n<p>&nbsp;<\/p>","protected":false},"featured_media":2389,"comment_status":"open","ping_status":"closed","template":"","meta":[],"product_brand":[],"product_cat":[16,50,62,59],"product_tag":[94],"class_list":{"0":"post-960","1":"product","2":"type-product","3":"status-publish","4":"has-post-thumbnail","6":"product_cat-toutes-les-categories","7":"product_cat-appareillages-diagnostic","8":"product_cat-produits-vedettes","9":"product_cat-promotion","10":"product_tag-holter-tensionnel","12":"first","13":"instock","14":"sale","15":"taxable","16":"shipping-taxable","17":"purchasable","18":"product-type-simple"},"yoast_head":"<!-- This site is optimized with the Yoast SEO plugin v26.9 - https:\/\/yoast.com\/product\/yoast-seo-wordpress\/ -->\n<title>Holter tensionnel Contec ABPM50 - YAZMED<\/title>\n<meta name=\"robots\" content=\"index, follow, max-snippet:-1, max-image-preview:large, max-video-preview:-1\" \/>\n<link rel=\"canonical\" href=\"https:\/\/yazmed.ma\/ar\/product\/960\/\" \/>\n<meta property=\"og:locale\" content=\"ar_AR\" \/>\n<meta property=\"og:type\" content=\"article\" \/>\n<meta property=\"og:title\" content=\"Holter tensionnel Contec ABPM50 - YAZMED\" \/>\n<meta property=\"og:description\" content=\"Holter tensionnel Contec ABPM50 Moniteur de pression art\u00e9rielle ambulatoire pour\u00a0 Surveillance continue \u00a0pression\u00a0sanguine dans les\u00a0art\u00e8res\u00a0de la\u00a0circulation syst\u00e9mique utilisable sur 24\u202fh, recommand\u00e9 en milieu hospitalier, clinique ou professionnel de sant\u00e9  \u00a0mesure tension art\u00e9rielle automatique  \u00a0surveillance tension 24h  dispositif suivi hypertension    holter tensionnel Maroc, \u00a0Contec  &nbsp;  &nbsp;  &nbsp;\" \/>\n<meta property=\"og:url\" content=\"https:\/\/yazmed.ma\/ar\/product\/960\/\" \/>\n<meta property=\"og:site_name\" content=\"YAZMED\" \/>\n<meta property=\"article:publisher\" content=\"https:\/\/www.facebook.com\/azenkouky\" \/>\n<meta property=\"article:modified_time\" content=\"2026-03-03T20:31:54+00:00\" \/>\n<meta property=\"og:image\" content=\"https:\/\/yazmed.ma\/wp-content\/uploads\/2024\/12\/Design-sans-titre-67.png\" \/>\n\t<meta property=\"og:image:width\" content=\"570\" \/>\n\t<meta property=\"og:image:height\" content=\"517\" \/>\n\t<meta property=\"og:image:type\" content=\"image\/png\" \/>\n<meta name=\"twitter:card\" content=\"summary_large_image\" \/>\n<meta name=\"twitter:label1\" content=\"Est. reading time\" \/>\n\t<meta name=\"twitter:data1\" content=\"2 minutes\" \/>\n<script type=\"application\/ld+json\" class=\"yoast-schema-graph\">{\"@context\":\"https:\/\/schema.org\",\"@graph\":[{\"@type\":\"WebPage\",\"@id\":\"https:\/\/yazmed.ma\/product\/960\/\",\"url\":\"https:\/\/yazmed.ma\/product\/960\/\",\"name\":\"Holter tensionnel Contec ABPM50 - YAZMED\",\"isPartOf\":{\"@id\":\"https:\/\/yazmed.ma\/#website\"},\"primaryImageOfPage\":{\"@id\":\"https:\/\/yazmed.ma\/product\/960\/#primaryimage\"},\"image\":{\"@id\":\"https:\/\/yazmed.ma\/product\/960\/#primaryimage\"},\"thumbnailUrl\":\"https:\/\/yazmed.ma\/wp-content\/uploads\/2024\/12\/HOLTER-TENSIONNEL.webp\",\"datePublished\":\"2024-12-09T18:15:43+00:00\",\"dateModified\":\"2026-03-03T20:31:54+00:00\",\"breadcrumb\":{\"@id\":\"https:\/\/yazmed.ma\/product\/960\/#breadcrumb\"},\"inLanguage\":\"ary\",\"potentialAction\":[{\"@type\":\"ReadAction\",\"target\":[\"https:\/\/yazmed.ma\/product\/960\/\"]}]},{\"@type\":\"ImageObject\",\"inLanguage\":\"ary\",\"@id\":\"https:\/\/yazmed.ma\/product\/960\/#primaryimage\",\"url\":\"https:\/\/yazmed.ma\/wp-content\/uploads\/2024\/12\/HOLTER-TENSIONNEL.webp\",\"contentUrl\":\"https:\/\/yazmed.ma\/wp-content\/uploads\/2024\/12\/HOLTER-TENSIONNEL.webp\",\"width\":720,\"height\":500,\"caption\":\"HOLTER TENSIONNEL\"},{\"@type\":\"BreadcrumbList\",\"@id\":\"https:\/\/yazmed.ma\/product\/960\/#breadcrumb\",\"itemListElement\":[{\"@type\":\"ListItem\",\"position\":1,\"name\":\"Accueil\",\"item\":\"https:\/\/yazmed.ma\/\"},{\"@type\":\"ListItem\",\"position\":2,\"name\":\"Shop\",\"item\":\"https:\/\/yazmed.ma\/shop-2\/\"},{\"@type\":\"ListItem\",\"position\":3,\"name\":\"Holter tensionnel &#8211; Contec R\u00e9f : ABPM50\"}]},{\"@type\":\"WebSite\",\"@id\":\"https:\/\/yazmed.ma\/#website\",\"url\":\"https:\/\/yazmed.ma\/\",\"name\":\"Yazmed\",\"description\":\"LEADER DU MAT\u00c9RIEL M\u00c9DICAL AU MAROC\",\"publisher\":{\"@id\":\"https:\/\/yazmed.ma\/#organization\"},\"potentialAction\":[{\"@type\":\"SearchAction\",\"target\":{\"@type\":\"EntryPoint\",\"urlTemplate\":\"https:\/\/yazmed.ma\/?s={search_term_string}\"},\"query-input\":{\"@type\":\"PropertyValueSpecification\",\"valueRequired\":true,\"valueName\":\"search_term_string\"}}],\"inLanguage\":\"ary\"},{\"@type\":\"Organization\",\"@id\":\"https:\/\/yazmed.ma\/#organization\",\"name\":\"Yazmed Healthcare\",\"url\":\"https:\/\/yazmed.ma\/\",\"logo\":{\"@type\":\"ImageObject\",\"inLanguage\":\"ary\",\"@id\":\"https:\/\/yazmed.ma\/#\/schema\/logo\/image\/\",\"url\":\"https:\/\/yazmed.ma\/wp-content\/uploads\/2024\/12\/3.png\",\"contentUrl\":\"https:\/\/yazmed.ma\/wp-content\/uploads\/2024\/12\/3.png\",\"width\":250,\"height\":70,\"caption\":\"Yazmed Healthcare\"},\"image\":{\"@id\":\"https:\/\/yazmed.ma\/#\/schema\/logo\/image\/\"},\"sameAs\":[\"https:\/\/www.facebook.com\/azenkouky\",\"https:\/\/www.instagram.com\/yazmedhealthcare\",\"https:\/\/www.linkedin.com\/in\/yazmed-healthcare-1b4955295\"]}]}<\/script>\n<!-- \/ Yoast SEO plugin. -->","yoast_head_json":{"title":"Holter tensionnel Contec ABPM50 - YAZMED","robots":{"index":"index","follow":"follow","max-snippet":"max-snippet:-1","max-image-preview":"max-image-preview:large","max-video-preview":"max-video-preview:-1"},"canonical":"https:\/\/yazmed.ma\/ar\/product\/960\/","og_locale":"ar_AR","og_type":"article","og_title":"Holter tensionnel Contec ABPM50 - YAZMED","og_description":"Holter tensionnel Contec ABPM50 Moniteur de pression art\u00e9rielle ambulatoire pour\u00a0 Surveillance continue \u00a0pression\u00a0sanguine dans les\u00a0art\u00e8res\u00a0de la\u00a0circulation syst\u00e9mique utilisable sur 24\u202fh, recommand\u00e9 en milieu hospitalier, clinique ou professionnel de sant\u00e9  \u00a0mesure tension art\u00e9rielle automatique  \u00a0surveillance tension 24h  dispositif suivi hypertension    holter tensionnel Maroc, \u00a0Contec  &nbsp;  &nbsp;  &nbsp;","og_url":"https:\/\/yazmed.ma\/ar\/product\/960\/","og_site_name":"YAZMED","article_publisher":"https:\/\/www.facebook.com\/azenkouky","article_modified_time":"2026-03-03T20:31:54+00:00","og_image":[{"width":570,"height":517,"url":"https:\/\/yazmed.ma\/wp-content\/uploads\/2024\/12\/Design-sans-titre-67.png","type":"image\/png"}],"twitter_card":"summary_large_image","twitter_misc":{"Est. reading time":"2 minutes"},"schema":{"@context":"https:\/\/schema.org","@graph":[{"@type":"WebPage","@id":"https:\/\/yazmed.ma\/product\/960\/","url":"https:\/\/yazmed.ma\/product\/960\/","name":"Holter tensionnel Contec ABPM50 - YAZMED","isPartOf":{"@id":"https:\/\/yazmed.ma\/#website"},"primaryImageOfPage":{"@id":"https:\/\/yazmed.ma\/product\/960\/#primaryimage"},"image":{"@id":"https:\/\/yazmed.ma\/product\/960\/#primaryimage"},"thumbnailUrl":"https:\/\/yazmed.ma\/wp-content\/uploads\/2024\/12\/HOLTER-TENSIONNEL.webp","datePublished":"2024-12-09T18:15:43+00:00","dateModified":"2026-03-03T20:31:54+00:00","breadcrumb":{"@id":"https:\/\/yazmed.ma\/product\/960\/#breadcrumb"},"inLanguage":"ary","potentialAction":[{"@type":"ReadAction","target":["https:\/\/yazmed.ma\/product\/960\/"]}]},{"@type":"ImageObject","inLanguage":"ary","@id":"https:\/\/yazmed.ma\/product\/960\/#primaryimage","url":"https:\/\/yazmed.ma\/wp-content\/uploads\/2024\/12\/HOLTER-TENSIONNEL.webp","contentUrl":"https:\/\/yazmed.ma\/wp-content\/uploads\/2024\/12\/HOLTER-TENSIONNEL.webp","width":720,"height":500,"caption":"HOLTER TENSIONNEL"},{"@type":"BreadcrumbList","@id":"https:\/\/yazmed.ma\/product\/960\/#breadcrumb","itemListElement":[{"@type":"ListItem","position":1,"name":"Accueil","item":"https:\/\/yazmed.ma\/"},{"@type":"ListItem","position":2,"name":"Shop","item":"https:\/\/yazmed.ma\/shop-2\/"},{"@type":"ListItem","position":3,"name":"Holter tensionnel &#8211; Contec R\u00e9f : ABPM50"}]},{"@type":"WebSite","@id":"https:\/\/yazmed.ma\/#website","url":"https:\/\/yazmed.ma\/","name":"Yazmed","description":"LEADER DU MAT\u00c9RIEL M\u00c9DICAL AU MAROC","publisher":{"@id":"https:\/\/yazmed.ma\/#organization"},"potentialAction":[{"@type":"SearchAction","target":{"@type":"EntryPoint","urlTemplate":"https:\/\/yazmed.ma\/?s={search_term_string}"},"query-input":{"@type":"PropertyValueSpecification","valueRequired":true,"valueName":"search_term_string"}}],"inLanguage":"ary"},{"@type":"Organization","@id":"https:\/\/yazmed.ma\/#organization","name":"Yazmed Healthcare","url":"https:\/\/yazmed.ma\/","logo":{"@type":"ImageObject","inLanguage":"ary","@id":"https:\/\/yazmed.ma\/#\/schema\/logo\/image\/","url":"https:\/\/yazmed.ma\/wp-content\/uploads\/2024\/12\/3.png","contentUrl":"https:\/\/yazmed.ma\/wp-content\/uploads\/2024\/12\/3.png","width":250,"height":70,"caption":"Yazmed Healthcare"},"image":{"@id":"https:\/\/yazmed.ma\/#\/schema\/logo\/image\/"},"sameAs":["https:\/\/www.facebook.com\/azenkouky","https:\/\/www.instagram.com\/yazmedhealthcare","https:\/\/www.linkedin.com\/in\/yazmed-healthcare-1b4955295"]}]}},"_links":{"self":[{"href":"https:\/\/yazmed.ma\/ar\/wp-json\/wp\/v2\/product\/960","targetHints":{"allow":["GET"]}}],"collection":[{"href":"https:\/\/yazmed.ma\/ar\/wp-json\/wp\/v2\/product"}],"about":[{"href":"https:\/\/yazmed.ma\/ar\/wp-json\/wp\/v2\/types\/product"}],"replies":[{"embeddable":true,"href":"https:\/\/yazmed.ma\/ar\/wp-json\/wp\/v2\/comments?post=960"}],"version-history":[{"count":1,"href":"https:\/\/yazmed.ma\/ar\/wp-json\/wp\/v2\/product\/960\/revisions"}],"predecessor-version":[{"id":2952,"href":"https:\/\/yazmed.ma\/ar\/wp-json\/wp\/v2\/product\/960\/revisions\/2952"}],"wp:featuredmedia":[{"embeddable":true,"href":"https:\/\/yazmed.ma\/ar\/wp-json\/wp\/v2\/media\/2389"}],"wp:attachment":[{"href":"https:\/\/yazmed.ma\/ar\/wp-json\/wp\/v2\/media?parent=960"}],"wp:term":[{"taxonomy":"product_brand","embeddable":true,"href":"https:\/\/yazmed.ma\/ar\/wp-json\/wp\/v2\/product_brand?post=960"},{"taxonomy":"product_cat","embeddable":true,"href":"https:\/\/yazmed.ma\/ar\/wp-json\/wp\/v2\/product_cat?post=960"},{"taxonomy":"product_tag","embeddable":true,"href":"https:\/\/yazmed.ma\/ar\/wp-json\/wp\/v2\/product_tag?post=960"}],"curies":[{"name":"wp","href":"https:\/\/api.w.org\/{rel}","templated":true}]}}