{"id":958,"date":"2024-12-09T17:57:05","date_gmt":"2024-12-09T17:57:05","guid":{"rendered":"https:\/\/yazmed.ma\/?post_type=product&#038;p=958"},"modified":"2025-12-15T20:22:33","modified_gmt":"2025-12-15T20:22:33","slug":"distillateur-deau-4l","status":"publish","type":"product","link":"https:\/\/yazmed.ma\/ar\/product\/distillateur-deau-4l\/","title":{"rendered":"Distillateur d&rsquo;eau 1L\/H"},"content":{"rendered":"<p><img decoding=\"async\" class=\"emoji\" role=\"img\" draggable=\"false\" src=\"https:\/\/s.w.org\/images\/core\/emoji\/16.0.1\/svg\/2705.svg\" alt=\"\u2705\" \/>\u00a0\u00a0distillateur produit de l&rsquo;eau distill\u00e9e a 100% pure d&rsquo;une fa\u00e7on \u00e9conomique et sure.<\/p>\n<p>&#8211; Proc\u00e9dure d&rsquo;\u00e9bullition \u00e0\u00a0vapeur d&rsquo;eau condens\u00e9e forc\u00e9e.<\/p>\n<p><img decoding=\"async\" class=\"emoji\" role=\"img\" draggable=\"false\" src=\"https:\/\/s.w.org\/images\/core\/emoji\/16.0.1\/svg\/2705.svg\" alt=\"\u2705\" \/>\u00a0Volume de distillation : 1 L\/h.<\/p>\n<p>&#8211; Plastique thermostable.<\/p>\n<p>&#8211; Int\u00e9rieur en acier inoxydable.<\/p>\n<p>&#8211; Capacit\u00e9 : 4L.<\/p>\n<p>&#8211; S\u00e9curit\u00e9 surchauffe.<\/p>\n<p>&#8211; Voltage : 220v 50Hz\/100v 60Hz.<\/p>\n<p>&#8211; Puissance : 750 w<\/p>\n<p>&#8211; Arr\u00eat automatique.<\/p>\n<p><img decoding=\"async\" class=\"emoji\" role=\"img\" draggable=\"false\" src=\"https:\/\/s.w.org\/images\/core\/emoji\/16.0.1\/svg\/2705.svg\" alt=\"\u2705\" \/>\u00a0Diam\u00e8tre x H en cm 18 x 20 cm.<\/p>\n<p>&nbsp;<\/p>","protected":false},"excerpt":{"rendered":"<h4><strong>Le distillateur d\u2019eau 1 L<\/strong><\/h4>\n<p>permet de produire une eau ultra-pure \u00e0 domicile, exempte de chlore, nitrates, m\u00e9taux lourds, bact\u00e9ries et autres contaminants. Compact et simple d\u2019utilisation, il est id\u00e9al pour les usages alimentaires, m\u00e9dicaux, cosm\u00e9tiques ou techniques.<\/p>\n<p>le distillateur permet la purification de l&rsquo;<a title=\"Eau\" href=\"https:\/\/fr.wikipedia.org\/wiki\/Eau\">eau<\/a>\u00a0 afin d&rsquo;obtenir une eau distille par \u00e9bullition et par condensation de la vapeur<\/p>\n<p>l&rsquo;eau est port\u00e9e jusqu&rsquo;\u00e0 100 puis purifier par un filtre<\/p>\n<p>Recommand\u00e9 par les professionnels<\/p>\n<p><img decoding=\"async\" class=\"\" src=\"https:\/\/saharamed.ma\/assets\/images\/brands\/optimium.png\" width=\"48\" height=\"48\" \/><\/p>","protected":false},"featured_media":2959,"comment_status":"open","ping_status":"closed","template":"","meta":[],"product_brand":[],"product_cat":[16,56],"product_tag":[259,260],"class_list":{"0":"post-958","1":"product","2":"type-product","3":"status-publish","4":"has-post-thumbnail","6":"product_cat-toutes-les-categories","7":"product_cat-sterilisation-hygiene","8":"product_tag-distillateur-deau","9":"product_tag-purificateur-eau","11":"first","12":"instock","13":"taxable","14":"shipping-taxable","15":"purchasable","16":"product-type-simple"},"yoast_head":"<!-- This site is optimized with the Yoast SEO plugin v26.9 - https:\/\/yoast.com\/product\/yoast-seo-wordpress\/ -->\n<title>Distillateur d&#039;eau 1L\/H - YAZMED<\/title>\n<meta name=\"robots\" content=\"index, follow, max-snippet:-1, max-image-preview:large, max-video-preview:-1\" \/>\n<link rel=\"canonical\" href=\"https:\/\/yazmed.ma\/ar\/product\/distillateur-deau-4l\/\" \/>\n<meta property=\"og:locale\" content=\"ar_AR\" \/>\n<meta property=\"og:type\" content=\"article\" \/>\n<meta property=\"og:title\" content=\"Distillateur d&#039;eau 1L\/H - YAZMED\" \/>\n<meta property=\"og:description\" content=\"Le distillateur d\u2019eau 1 L permet de produire une eau ultra-pure \u00e0 domicile, exempte de chlore, nitrates, m\u00e9taux lourds, bact\u00e9ries et autres contaminants. Compact et simple d\u2019utilisation, il est id\u00e9al pour les usages alimentaires, m\u00e9dicaux, cosm\u00e9tiques ou techniques.  le distillateur permet la purification de l&#039;eau\u00a0 afin d&#039;obtenir une eau distille par \u00e9bullition et par condensation de la vapeur  l&#039;eau est port\u00e9e jusqu&#039;\u00e0 100 puis purifier par un filtre  Recommand\u00e9 par les professionnels\" \/>\n<meta property=\"og:url\" content=\"https:\/\/yazmed.ma\/ar\/product\/distillateur-deau-4l\/\" \/>\n<meta property=\"og:site_name\" content=\"YAZMED\" \/>\n<meta property=\"article:publisher\" content=\"https:\/\/www.facebook.com\/azenkouky\" \/>\n<meta property=\"article:modified_time\" content=\"2025-12-15T20:22:33+00:00\" \/>\n<meta property=\"og:image\" content=\"https:\/\/yazmed.ma\/wp-content\/uploads\/2024\/12\/Distilateur-Deau.jpg\" \/>\n\t<meta property=\"og:image:width\" content=\"600\" \/>\n\t<meta property=\"og:image:height\" content=\"600\" \/>\n\t<meta property=\"og:image:type\" content=\"image\/jpeg\" \/>\n<meta name=\"twitter:card\" content=\"summary_large_image\" \/>\n<meta name=\"twitter:label1\" content=\"Est. reading time\" \/>\n\t<meta name=\"twitter:data1\" content=\"1 minute\" \/>\n<script type=\"application\/ld+json\" class=\"yoast-schema-graph\">{\"@context\":\"https:\/\/schema.org\",\"@graph\":[{\"@type\":\"WebPage\",\"@id\":\"https:\/\/yazmed.ma\/product\/distillateur-deau-4l\/\",\"url\":\"https:\/\/yazmed.ma\/product\/distillateur-deau-4l\/\",\"name\":\"Distillateur d'eau 1L\/H - YAZMED\",\"isPartOf\":{\"@id\":\"https:\/\/yazmed.ma\/#website\"},\"primaryImageOfPage\":{\"@id\":\"https:\/\/yazmed.ma\/product\/distillateur-deau-4l\/#primaryimage\"},\"image\":{\"@id\":\"https:\/\/yazmed.ma\/product\/distillateur-deau-4l\/#primaryimage\"},\"thumbnailUrl\":\"https:\/\/yazmed.ma\/wp-content\/uploads\/2024\/12\/Distillateur-deau-1LH.webp\",\"datePublished\":\"2024-12-09T17:57:05+00:00\",\"dateModified\":\"2025-12-15T20:22:33+00:00\",\"breadcrumb\":{\"@id\":\"https:\/\/yazmed.ma\/product\/distillateur-deau-4l\/#breadcrumb\"},\"inLanguage\":\"ary\",\"potentialAction\":[{\"@type\":\"ReadAction\",\"target\":[\"https:\/\/yazmed.ma\/product\/distillateur-deau-4l\/\"]}]},{\"@type\":\"ImageObject\",\"inLanguage\":\"ary\",\"@id\":\"https:\/\/yazmed.ma\/product\/distillateur-deau-4l\/#primaryimage\",\"url\":\"https:\/\/yazmed.ma\/wp-content\/uploads\/2024\/12\/Distillateur-deau-1LH.webp\",\"contentUrl\":\"https:\/\/yazmed.ma\/wp-content\/uploads\/2024\/12\/Distillateur-deau-1LH.webp\",\"width\":570,\"height\":517,\"caption\":\"Distillateur d'eau 1L\/H\"},{\"@type\":\"BreadcrumbList\",\"@id\":\"https:\/\/yazmed.ma\/product\/distillateur-deau-4l\/#breadcrumb\",\"itemListElement\":[{\"@type\":\"ListItem\",\"position\":1,\"name\":\"Accueil\",\"item\":\"https:\/\/yazmed.ma\/\"},{\"@type\":\"ListItem\",\"position\":2,\"name\":\"Shop\",\"item\":\"https:\/\/yazmed.ma\/shop-2\/\"},{\"@type\":\"ListItem\",\"position\":3,\"name\":\"Distillateur d\u2019eau 4L\"}]},{\"@type\":\"WebSite\",\"@id\":\"https:\/\/yazmed.ma\/#website\",\"url\":\"https:\/\/yazmed.ma\/\",\"name\":\"Yazmed\",\"description\":\"LEADER DU MAT\u00c9RIEL M\u00c9DICAL AU MAROC\",\"publisher\":{\"@id\":\"https:\/\/yazmed.ma\/#organization\"},\"potentialAction\":[{\"@type\":\"SearchAction\",\"target\":{\"@type\":\"EntryPoint\",\"urlTemplate\":\"https:\/\/yazmed.ma\/?s={search_term_string}\"},\"query-input\":{\"@type\":\"PropertyValueSpecification\",\"valueRequired\":true,\"valueName\":\"search_term_string\"}}],\"inLanguage\":\"ary\"},{\"@type\":\"Organization\",\"@id\":\"https:\/\/yazmed.ma\/#organization\",\"name\":\"Yazmed Healthcare\",\"url\":\"https:\/\/yazmed.ma\/\",\"logo\":{\"@type\":\"ImageObject\",\"inLanguage\":\"ary\",\"@id\":\"https:\/\/yazmed.ma\/#\/schema\/logo\/image\/\",\"url\":\"https:\/\/yazmed.ma\/wp-content\/uploads\/2024\/12\/3.png\",\"contentUrl\":\"https:\/\/yazmed.ma\/wp-content\/uploads\/2024\/12\/3.png\",\"width\":250,\"height\":70,\"caption\":\"Yazmed Healthcare\"},\"image\":{\"@id\":\"https:\/\/yazmed.ma\/#\/schema\/logo\/image\/\"},\"sameAs\":[\"https:\/\/www.facebook.com\/azenkouky\",\"https:\/\/www.instagram.com\/yazmedhealthcare\",\"https:\/\/www.linkedin.com\/in\/yazmed-healthcare-1b4955295\"]}]}<\/script>\n<!-- \/ Yoast SEO plugin. -->","yoast_head_json":{"title":"Distillateur d'eau 1L\/H - YAZMED","robots":{"index":"index","follow":"follow","max-snippet":"max-snippet:-1","max-image-preview":"max-image-preview:large","max-video-preview":"max-video-preview:-1"},"canonical":"https:\/\/yazmed.ma\/ar\/product\/distillateur-deau-4l\/","og_locale":"ar_AR","og_type":"article","og_title":"Distillateur d'eau 1L\/H - YAZMED","og_description":"Le distillateur d\u2019eau 1 L permet de produire une eau ultra-pure \u00e0 domicile, exempte de chlore, nitrates, m\u00e9taux lourds, bact\u00e9ries et autres contaminants. Compact et simple d\u2019utilisation, il est id\u00e9al pour les usages alimentaires, m\u00e9dicaux, cosm\u00e9tiques ou techniques.  le distillateur permet la purification de l'eau\u00a0 afin d'obtenir une eau distille par \u00e9bullition et par condensation de la vapeur  l'eau est port\u00e9e jusqu'\u00e0 100 puis purifier par un filtre  Recommand\u00e9 par les professionnels","og_url":"https:\/\/yazmed.ma\/ar\/product\/distillateur-deau-4l\/","og_site_name":"YAZMED","article_publisher":"https:\/\/www.facebook.com\/azenkouky","article_modified_time":"2025-12-15T20:22:33+00:00","og_image":[{"width":600,"height":600,"url":"https:\/\/yazmed.ma\/wp-content\/uploads\/2024\/12\/Distilateur-Deau.jpg","type":"image\/jpeg"}],"twitter_card":"summary_large_image","twitter_misc":{"Est. reading time":"1 minute"},"schema":{"@context":"https:\/\/schema.org","@graph":[{"@type":"WebPage","@id":"https:\/\/yazmed.ma\/product\/distillateur-deau-4l\/","url":"https:\/\/yazmed.ma\/product\/distillateur-deau-4l\/","name":"Distillateur d'eau 1L\/H - YAZMED","isPartOf":{"@id":"https:\/\/yazmed.ma\/#website"},"primaryImageOfPage":{"@id":"https:\/\/yazmed.ma\/product\/distillateur-deau-4l\/#primaryimage"},"image":{"@id":"https:\/\/yazmed.ma\/product\/distillateur-deau-4l\/#primaryimage"},"thumbnailUrl":"https:\/\/yazmed.ma\/wp-content\/uploads\/2024\/12\/Distillateur-deau-1LH.webp","datePublished":"2024-12-09T17:57:05+00:00","dateModified":"2025-12-15T20:22:33+00:00","breadcrumb":{"@id":"https:\/\/yazmed.ma\/product\/distillateur-deau-4l\/#breadcrumb"},"inLanguage":"ary","potentialAction":[{"@type":"ReadAction","target":["https:\/\/yazmed.ma\/product\/distillateur-deau-4l\/"]}]},{"@type":"ImageObject","inLanguage":"ary","@id":"https:\/\/yazmed.ma\/product\/distillateur-deau-4l\/#primaryimage","url":"https:\/\/yazmed.ma\/wp-content\/uploads\/2024\/12\/Distillateur-deau-1LH.webp","contentUrl":"https:\/\/yazmed.ma\/wp-content\/uploads\/2024\/12\/Distillateur-deau-1LH.webp","width":570,"height":517,"caption":"Distillateur d'eau 1L\/H"},{"@type":"BreadcrumbList","@id":"https:\/\/yazmed.ma\/product\/distillateur-deau-4l\/#breadcrumb","itemListElement":[{"@type":"ListItem","position":1,"name":"Accueil","item":"https:\/\/yazmed.ma\/"},{"@type":"ListItem","position":2,"name":"Shop","item":"https:\/\/yazmed.ma\/shop-2\/"},{"@type":"ListItem","position":3,"name":"Distillateur d\u2019eau 4L"}]},{"@type":"WebSite","@id":"https:\/\/yazmed.ma\/#website","url":"https:\/\/yazmed.ma\/","name":"Yazmed","description":"LEADER DU MAT\u00c9RIEL M\u00c9DICAL AU MAROC","publisher":{"@id":"https:\/\/yazmed.ma\/#organization"},"potentialAction":[{"@type":"SearchAction","target":{"@type":"EntryPoint","urlTemplate":"https:\/\/yazmed.ma\/?s={search_term_string}"},"query-input":{"@type":"PropertyValueSpecification","valueRequired":true,"valueName":"search_term_string"}}],"inLanguage":"ary"},{"@type":"Organization","@id":"https:\/\/yazmed.ma\/#organization","name":"Yazmed Healthcare","url":"https:\/\/yazmed.ma\/","logo":{"@type":"ImageObject","inLanguage":"ary","@id":"https:\/\/yazmed.ma\/#\/schema\/logo\/image\/","url":"https:\/\/yazmed.ma\/wp-content\/uploads\/2024\/12\/3.png","contentUrl":"https:\/\/yazmed.ma\/wp-content\/uploads\/2024\/12\/3.png","width":250,"height":70,"caption":"Yazmed Healthcare"},"image":{"@id":"https:\/\/yazmed.ma\/#\/schema\/logo\/image\/"},"sameAs":["https:\/\/www.facebook.com\/azenkouky","https:\/\/www.instagram.com\/yazmedhealthcare","https:\/\/www.linkedin.com\/in\/yazmed-healthcare-1b4955295"]}]}},"_links":{"self":[{"href":"https:\/\/yazmed.ma\/ar\/wp-json\/wp\/v2\/product\/958","targetHints":{"allow":["GET"]}}],"collection":[{"href":"https:\/\/yazmed.ma\/ar\/wp-json\/wp\/v2\/product"}],"about":[{"href":"https:\/\/yazmed.ma\/ar\/wp-json\/wp\/v2\/types\/product"}],"replies":[{"embeddable":true,"href":"https:\/\/yazmed.ma\/ar\/wp-json\/wp\/v2\/comments?post=958"}],"version-history":[{"count":1,"href":"https:\/\/yazmed.ma\/ar\/wp-json\/wp\/v2\/product\/958\/revisions"}],"predecessor-version":[{"id":2958,"href":"https:\/\/yazmed.ma\/ar\/wp-json\/wp\/v2\/product\/958\/revisions\/2958"}],"wp:featuredmedia":[{"embeddable":true,"href":"https:\/\/yazmed.ma\/ar\/wp-json\/wp\/v2\/media\/2959"}],"wp:attachment":[{"href":"https:\/\/yazmed.ma\/ar\/wp-json\/wp\/v2\/media?parent=958"}],"wp:term":[{"taxonomy":"product_brand","embeddable":true,"href":"https:\/\/yazmed.ma\/ar\/wp-json\/wp\/v2\/product_brand?post=958"},{"taxonomy":"product_cat","embeddable":true,"href":"https:\/\/yazmed.ma\/ar\/wp-json\/wp\/v2\/product_cat?post=958"},{"taxonomy":"product_tag","embeddable":true,"href":"https:\/\/yazmed.ma\/ar\/wp-json\/wp\/v2\/product_tag?post=958"}],"curies":[{"name":"wp","href":"https:\/\/api.w.org\/{rel}","templated":true}]}}