{"id":930,"date":"2024-12-09T15:52:48","date_gmt":"2024-12-09T15:52:48","guid":{"rendered":"https:\/\/yazmed.ma\/?post_type=product&#038;p=930"},"modified":"2025-12-14T20:50:29","modified_gmt":"2025-12-14T20:50:29","slug":"cardiotocographe-moniteur-foetal","status":"publish","type":"product","link":"https:\/\/yazmed.ma\/ar\/product\/cardiotocographe-moniteur-foetal\/","title":{"rendered":"Cardiotocographe \u2013 Moniteur f\u0153tal05"},"content":{"rendered":"<h4 data-start=\"588\" data-end=\"630\"><strong data-start=\"596\" data-end=\"628\"><img decoding=\"async\" class=\"emoji\" role=\"img\" draggable=\"false\" src=\"https:\/\/s.w.org\/images\/core\/emoji\/16.0.1\/svg\/2705.svg\" alt=\"\u2705\" \/>\u00a0Caract\u00e9ristiques principales<\/strong>\u00a0:<\/h4>\n<ul>\n<li data-start=\"633\" data-end=\"756\">Surveillance du\u00a0<strong data-start=\"649\" data-end=\"681\">rythme cardiaque f\u0153tal (FHR)<\/strong>, des\u00a0<strong data-start=\"687\" data-end=\"719\">contractions ut\u00e9rines (TOCO)<\/strong>\u00a0et des\u00a0<strong data-start=\"727\" data-end=\"755\">mouvements f\u0153taux (FMOV)<\/strong>.<\/li>\n<li data-start=\"759\" data-end=\"807\">Convient au\u00a0<strong data-start=\"771\" data-end=\"806\">monitoring simple ou g\u00e9mellaire<\/strong>.<\/li>\n<li data-start=\"810\" data-end=\"882\"><strong data-start=\"810\" data-end=\"835\">\u00c9cran LCD 8\u2033 couleurs<\/strong>\u00a0inclinable \u00e0 60\u00b0 pour une lecture confortable.<\/li>\n<li data-start=\"885\" data-end=\"975\"><strong data-start=\"885\" data-end=\"922\">Plage FCF normale : 120 \u2013 160 bpm<\/strong>\u00a0avec alarmes visuelles et sonores en cas d\u2019anomalie.<\/li>\n<li data-start=\"978\" data-end=\"1071\"><strong data-start=\"978\" data-end=\"1011\">Imprimante thermique int\u00e9gr\u00e9e<\/strong>\u00a0haute r\u00e9solution pour impression des courbes en temps r\u00e9el.<\/li>\n<li data-start=\"1074\" data-end=\"1122\"><strong data-start=\"1074\" data-end=\"1121\">Enregistrement manuel des mouvements f\u0153taux<\/strong>.<\/li>\n<li data-start=\"1125\" data-end=\"1214\"><strong data-start=\"1125\" data-end=\"1169\">Fonction de surveillance continue 24h\/24<\/strong>\u00a0avec stockage des donn\u00e9es jusqu\u2019\u00e0 12 heures.<\/li>\n<li data-start=\"1217\" data-end=\"1277\"><strong data-start=\"1217\" data-end=\"1250\">Connexion PC et r\u00e9seau (RJ45)<\/strong>\u00a0pour archivage ou analyse.<\/li>\n<li data-start=\"1280\" data-end=\"1363\"><strong data-start=\"1280\" data-end=\"1301\">Batterie int\u00e9gr\u00e9e<\/strong>\u00a0double, autonomie jusqu\u2019\u00e0 2 heures sans alimentation externe.<\/li>\n<li data-start=\"1366\" data-end=\"1435\">Logiciel inclus pour\u00a0<strong data-start=\"1387\" data-end=\"1434\">analyse, stockage et impression des courbe<\/strong><\/li>\n<\/ul>\n<p><img decoding=\"async\" class=\"\" src=\"https:\/\/eclazon.ma\/wp-content\/uploads\/2024\/07\/optimum-pro-logo-200x100.jpg\" width=\"72\" height=\"36\" \/><\/p>","protected":false},"excerpt":{"rendered":"<p>&nbsp;<\/p>\n<h4>Cardiotocographe \u2013 Moniteur f\u0153tal<\/h4>\n<p>Permette de Surveillez en toute confiance le <a class=\"mw-redirect\" title=\"Rythme cardiaque\" href=\"https:\/\/fr.wikipedia.org\/wiki\/Rythme_cardiaque\">rythme cardiaque<\/a>\u00a0<a title=\"F\u0153tus humain\" href=\"https:\/\/fr.wikipedia.org\/wiki\/F%C5%93tus_humain\">f\u0153tal<\/a>\u00a0 (RCF) et les contractions ut\u00e9rines avec notre <strong data-start=\"312\" data-end=\"346\">cardiotocographe professionnel<\/strong>, con\u00e7u pour une utilisation en h\u00f4pital, clinique, cabinet m\u00e9dical ou \u00e0 domicile. Id\u00e9al \u00e0 partir de 28 semaines de grossesse, cet\u00a0<strong data-start=\"476\" data-end=\"508\">appareil de monitoring f\u0153tal<\/strong> fournit des donn\u00e9es pr\u00e9cises pour une \u00e9valuation compl\u00e8te de l\u2019\u00e9tat du f\u0153tus<\/p>\n<p><img decoding=\"async\" class=\"\" src=\"https:\/\/eclazon.ma\/wp-content\/uploads\/2024\/07\/optimum-pro-logo-200x100.jpg\" width=\"72\" height=\"36\" \/><\/p>\n<p>&nbsp;<\/p>","protected":false},"featured_media":2949,"comment_status":"open","ping_status":"closed","template":"","meta":[],"product_brand":[],"product_cat":[50],"product_tag":[162,163,256],"class_list":{"0":"post-930","1":"product","2":"type-product","3":"status-publish","4":"has-post-thumbnail","6":"product_cat-appareillages-diagnostic","7":"product_tag-cardiotocographe","8":"product_tag-monitoring-foetal","9":"product_tag-rcf","11":"first","12":"instock","13":"sale","14":"taxable","15":"shipping-taxable","16":"purchasable","17":"product-type-simple"},"yoast_head":"<!-- This site is optimized with the Yoast SEO plugin v26.9 - https:\/\/yoast.com\/product\/yoast-seo-wordpress\/ -->\n<title>Cardiotocographe \u2013 Moniteur f\u0153tal05 - YAZMED<\/title>\n<meta name=\"robots\" content=\"index, follow, max-snippet:-1, max-image-preview:large, max-video-preview:-1\" \/>\n<link rel=\"canonical\" href=\"https:\/\/yazmed.ma\/ar\/product\/test\/\" \/>\n<meta property=\"og:locale\" content=\"ar_AR\" \/>\n<meta property=\"og:type\" content=\"article\" \/>\n<meta property=\"og:title\" content=\"Cardiotocographe \u2013 Moniteur f\u0153tal05 - YAZMED\" \/>\n<meta property=\"og:description\" content=\"&nbsp; Cardiotocographe \u2013 Moniteur f\u0153tal Permette de Surveillez en toute confiance le rythme cardiaque\u00a0f\u0153tal\u00a0 (RCF) et les contractions ut\u00e9rines avec notre cardiotocographe professionnel, con\u00e7u pour une utilisation en h\u00f4pital, clinique, cabinet m\u00e9dical ou \u00e0 domicile. Id\u00e9al \u00e0 partir de 28 semaines de grossesse, cet\u00a0appareil de monitoring f\u0153tal fournit des donn\u00e9es pr\u00e9cises pour une \u00e9valuation compl\u00e8te de l\u2019\u00e9tat du f\u0153tus    &nbsp;\" \/>\n<meta property=\"og:url\" content=\"https:\/\/yazmed.ma\/ar\/product\/test\/\" \/>\n<meta property=\"og:site_name\" content=\"YAZMED\" \/>\n<meta property=\"article:publisher\" content=\"https:\/\/www.facebook.com\/azenkouky\" \/>\n<meta property=\"article:modified_time\" content=\"2025-12-14T20:50:29+00:00\" \/>\n<meta property=\"og:image\" content=\"https:\/\/yazmed.ma\/wp-content\/uploads\/2024\/12\/Design-sans-titre-66.png\" \/>\n\t<meta property=\"og:image:width\" content=\"570\" \/>\n\t<meta property=\"og:image:height\" content=\"517\" \/>\n\t<meta property=\"og:image:type\" content=\"image\/png\" \/>\n<meta name=\"twitter:card\" content=\"summary_large_image\" \/>\n<meta name=\"twitter:label1\" content=\"Est. reading time\" \/>\n\t<meta name=\"twitter:data1\" content=\"1 minute\" \/>\n<script type=\"application\/ld+json\" class=\"yoast-schema-graph\">{\"@context\":\"https:\/\/schema.org\",\"@graph\":[{\"@type\":\"WebPage\",\"@id\":\"https:\/\/yazmed.ma\/product\/test\/\",\"url\":\"https:\/\/yazmed.ma\/product\/test\/\",\"name\":\"Cardiotocographe \u2013 Moniteur f\u0153tal05 - YAZMED\",\"isPartOf\":{\"@id\":\"https:\/\/yazmed.ma\/#website\"},\"primaryImageOfPage\":{\"@id\":\"https:\/\/yazmed.ma\/product\/test\/#primaryimage\"},\"image\":{\"@id\":\"https:\/\/yazmed.ma\/product\/test\/#primaryimage\"},\"thumbnailUrl\":\"https:\/\/yazmed.ma\/wp-content\/uploads\/2024\/12\/Cardiotocographe-\u2013-Moniteur-foeta.webp\",\"datePublished\":\"2024-12-09T15:52:48+00:00\",\"dateModified\":\"2025-12-14T20:50:29+00:00\",\"breadcrumb\":{\"@id\":\"https:\/\/yazmed.ma\/product\/test\/#breadcrumb\"},\"inLanguage\":\"ary\",\"potentialAction\":[{\"@type\":\"ReadAction\",\"target\":[\"https:\/\/yazmed.ma\/product\/test\/\"]}]},{\"@type\":\"ImageObject\",\"inLanguage\":\"ary\",\"@id\":\"https:\/\/yazmed.ma\/product\/test\/#primaryimage\",\"url\":\"https:\/\/yazmed.ma\/wp-content\/uploads\/2024\/12\/Cardiotocographe-\u2013-Moniteur-foeta.webp\",\"contentUrl\":\"https:\/\/yazmed.ma\/wp-content\/uploads\/2024\/12\/Cardiotocographe-\u2013-Moniteur-foeta.webp\",\"width\":570,\"height\":517,\"caption\":\"Cardiotocographe \u2013 Moniteur f\u0153ta\"},{\"@type\":\"BreadcrumbList\",\"@id\":\"https:\/\/yazmed.ma\/product\/test\/#breadcrumb\",\"itemListElement\":[{\"@type\":\"ListItem\",\"position\":1,\"name\":\"Accueil\",\"item\":\"https:\/\/yazmed.ma\/\"},{\"@type\":\"ListItem\",\"position\":2,\"name\":\"Shop\",\"item\":\"https:\/\/yazmed.ma\/shop-2\/\"},{\"@type\":\"ListItem\",\"position\":3,\"name\":\"Tococardiographe Monitoring f\u0153tal\"}]},{\"@type\":\"WebSite\",\"@id\":\"https:\/\/yazmed.ma\/#website\",\"url\":\"https:\/\/yazmed.ma\/\",\"name\":\"Yazmed\",\"description\":\"LEADER DU MAT\u00c9RIEL M\u00c9DICAL AU MAROC\",\"publisher\":{\"@id\":\"https:\/\/yazmed.ma\/#organization\"},\"potentialAction\":[{\"@type\":\"SearchAction\",\"target\":{\"@type\":\"EntryPoint\",\"urlTemplate\":\"https:\/\/yazmed.ma\/?s={search_term_string}\"},\"query-input\":{\"@type\":\"PropertyValueSpecification\",\"valueRequired\":true,\"valueName\":\"search_term_string\"}}],\"inLanguage\":\"ary\"},{\"@type\":\"Organization\",\"@id\":\"https:\/\/yazmed.ma\/#organization\",\"name\":\"Yazmed Healthcare\",\"url\":\"https:\/\/yazmed.ma\/\",\"logo\":{\"@type\":\"ImageObject\",\"inLanguage\":\"ary\",\"@id\":\"https:\/\/yazmed.ma\/#\/schema\/logo\/image\/\",\"url\":\"https:\/\/yazmed.ma\/wp-content\/uploads\/2024\/12\/3.png\",\"contentUrl\":\"https:\/\/yazmed.ma\/wp-content\/uploads\/2024\/12\/3.png\",\"width\":250,\"height\":70,\"caption\":\"Yazmed Healthcare\"},\"image\":{\"@id\":\"https:\/\/yazmed.ma\/#\/schema\/logo\/image\/\"},\"sameAs\":[\"https:\/\/www.facebook.com\/azenkouky\",\"https:\/\/www.instagram.com\/yazmedhealthcare\",\"https:\/\/www.linkedin.com\/in\/yazmed-healthcare-1b4955295\"]}]}<\/script>\n<!-- \/ Yoast SEO plugin. -->","yoast_head_json":{"title":"Cardiotocographe \u2013 Moniteur f\u0153tal05 - YAZMED","robots":{"index":"index","follow":"follow","max-snippet":"max-snippet:-1","max-image-preview":"max-image-preview:large","max-video-preview":"max-video-preview:-1"},"canonical":"https:\/\/yazmed.ma\/ar\/product\/test\/","og_locale":"ar_AR","og_type":"article","og_title":"Cardiotocographe \u2013 Moniteur f\u0153tal05 - YAZMED","og_description":"&nbsp; Cardiotocographe \u2013 Moniteur f\u0153tal Permette de Surveillez en toute confiance le rythme cardiaque\u00a0f\u0153tal\u00a0 (RCF) et les contractions ut\u00e9rines avec notre cardiotocographe professionnel, con\u00e7u pour une utilisation en h\u00f4pital, clinique, cabinet m\u00e9dical ou \u00e0 domicile. Id\u00e9al \u00e0 partir de 28 semaines de grossesse, cet\u00a0appareil de monitoring f\u0153tal fournit des donn\u00e9es pr\u00e9cises pour une \u00e9valuation compl\u00e8te de l\u2019\u00e9tat du f\u0153tus    &nbsp;","og_url":"https:\/\/yazmed.ma\/ar\/product\/test\/","og_site_name":"YAZMED","article_publisher":"https:\/\/www.facebook.com\/azenkouky","article_modified_time":"2025-12-14T20:50:29+00:00","og_image":[{"width":570,"height":517,"url":"https:\/\/yazmed.ma\/wp-content\/uploads\/2024\/12\/Design-sans-titre-66.png","type":"image\/png"}],"twitter_card":"summary_large_image","twitter_misc":{"Est. reading time":"1 minute"},"schema":{"@context":"https:\/\/schema.org","@graph":[{"@type":"WebPage","@id":"https:\/\/yazmed.ma\/product\/test\/","url":"https:\/\/yazmed.ma\/product\/test\/","name":"Cardiotocographe \u2013 Moniteur f\u0153tal05 - YAZMED","isPartOf":{"@id":"https:\/\/yazmed.ma\/#website"},"primaryImageOfPage":{"@id":"https:\/\/yazmed.ma\/product\/test\/#primaryimage"},"image":{"@id":"https:\/\/yazmed.ma\/product\/test\/#primaryimage"},"thumbnailUrl":"https:\/\/yazmed.ma\/wp-content\/uploads\/2024\/12\/Cardiotocographe-\u2013-Moniteur-foeta.webp","datePublished":"2024-12-09T15:52:48+00:00","dateModified":"2025-12-14T20:50:29+00:00","breadcrumb":{"@id":"https:\/\/yazmed.ma\/product\/test\/#breadcrumb"},"inLanguage":"ary","potentialAction":[{"@type":"ReadAction","target":["https:\/\/yazmed.ma\/product\/test\/"]}]},{"@type":"ImageObject","inLanguage":"ary","@id":"https:\/\/yazmed.ma\/product\/test\/#primaryimage","url":"https:\/\/yazmed.ma\/wp-content\/uploads\/2024\/12\/Cardiotocographe-\u2013-Moniteur-foeta.webp","contentUrl":"https:\/\/yazmed.ma\/wp-content\/uploads\/2024\/12\/Cardiotocographe-\u2013-Moniteur-foeta.webp","width":570,"height":517,"caption":"Cardiotocographe \u2013 Moniteur f\u0153ta"},{"@type":"BreadcrumbList","@id":"https:\/\/yazmed.ma\/product\/test\/#breadcrumb","itemListElement":[{"@type":"ListItem","position":1,"name":"Accueil","item":"https:\/\/yazmed.ma\/"},{"@type":"ListItem","position":2,"name":"Shop","item":"https:\/\/yazmed.ma\/shop-2\/"},{"@type":"ListItem","position":3,"name":"Tococardiographe Monitoring f\u0153tal"}]},{"@type":"WebSite","@id":"https:\/\/yazmed.ma\/#website","url":"https:\/\/yazmed.ma\/","name":"Yazmed","description":"LEADER DU MAT\u00c9RIEL M\u00c9DICAL AU MAROC","publisher":{"@id":"https:\/\/yazmed.ma\/#organization"},"potentialAction":[{"@type":"SearchAction","target":{"@type":"EntryPoint","urlTemplate":"https:\/\/yazmed.ma\/?s={search_term_string}"},"query-input":{"@type":"PropertyValueSpecification","valueRequired":true,"valueName":"search_term_string"}}],"inLanguage":"ary"},{"@type":"Organization","@id":"https:\/\/yazmed.ma\/#organization","name":"Yazmed Healthcare","url":"https:\/\/yazmed.ma\/","logo":{"@type":"ImageObject","inLanguage":"ary","@id":"https:\/\/yazmed.ma\/#\/schema\/logo\/image\/","url":"https:\/\/yazmed.ma\/wp-content\/uploads\/2024\/12\/3.png","contentUrl":"https:\/\/yazmed.ma\/wp-content\/uploads\/2024\/12\/3.png","width":250,"height":70,"caption":"Yazmed Healthcare"},"image":{"@id":"https:\/\/yazmed.ma\/#\/schema\/logo\/image\/"},"sameAs":["https:\/\/www.facebook.com\/azenkouky","https:\/\/www.instagram.com\/yazmedhealthcare","https:\/\/www.linkedin.com\/in\/yazmed-healthcare-1b4955295"]}]}},"_links":{"self":[{"href":"https:\/\/yazmed.ma\/ar\/wp-json\/wp\/v2\/product\/930","targetHints":{"allow":["GET"]}}],"collection":[{"href":"https:\/\/yazmed.ma\/ar\/wp-json\/wp\/v2\/product"}],"about":[{"href":"https:\/\/yazmed.ma\/ar\/wp-json\/wp\/v2\/types\/product"}],"replies":[{"embeddable":true,"href":"https:\/\/yazmed.ma\/ar\/wp-json\/wp\/v2\/comments?post=930"}],"version-history":[{"count":1,"href":"https:\/\/yazmed.ma\/ar\/wp-json\/wp\/v2\/product\/930\/revisions"}],"predecessor-version":[{"id":2947,"href":"https:\/\/yazmed.ma\/ar\/wp-json\/wp\/v2\/product\/930\/revisions\/2947"}],"wp:featuredmedia":[{"embeddable":true,"href":"https:\/\/yazmed.ma\/ar\/wp-json\/wp\/v2\/media\/2949"}],"wp:attachment":[{"href":"https:\/\/yazmed.ma\/ar\/wp-json\/wp\/v2\/media?parent=930"}],"wp:term":[{"taxonomy":"product_brand","embeddable":true,"href":"https:\/\/yazmed.ma\/ar\/wp-json\/wp\/v2\/product_brand?post=930"},{"taxonomy":"product_cat","embeddable":true,"href":"https:\/\/yazmed.ma\/ar\/wp-json\/wp\/v2\/product_cat?post=930"},{"taxonomy":"product_tag","embeddable":true,"href":"https:\/\/yazmed.ma\/ar\/wp-json\/wp\/v2\/product_tag?post=930"}],"curies":[{"name":"wp","href":"https:\/\/api.w.org\/{rel}","templated":true}]}}