{"id":715,"date":"2024-12-03T16:21:49","date_gmt":"2024-12-03T16:21:49","guid":{"rendered":"https:\/\/yazmed.ma\/?post_type=product&#038;p=715"},"modified":"2025-12-09T17:04:03","modified_gmt":"2025-12-09T17:04:03","slug":"715","status":"publish","type":"product","link":"https:\/\/yazmed.ma\/ar\/product\/715\/","title":{"rendered":"Drap D\u2019examen Plastifi\u00e9 Bleu \u2013 40m x 50cm"},"content":{"rendered":"<p>&nbsp;<\/p>\n<p>&nbsp;<\/p>","protected":false},"excerpt":{"rendered":"<h3>Les draps d&rsquo;examen\u00a0 Plastifi\u00e9 Bleu<\/h3>\n<p>sont des consommables m\u00e9dicaux essentiels, con\u00e7us pour garantir l&rsquo;hygi\u00e8ne et le confort des patients lors des consultations. Ils sont largement utilis\u00e9s dans les h\u00f4pitaux, cliniques, cabinets m\u00e9dicaux et centres de soins.<\/p>\n<h3><strong>Avantages :<\/strong><\/h3>\n<ul>\n<li><strong>Praticit\u00e9 :<\/strong> Installation rapide et utilisation ais\u00e9e gr\u00e2ce aux perforations.<\/li>\n<li><strong>Hygi\u00e8ne :<\/strong> Prot\u00e8ge la table d&rsquo;examen et offre une barri\u00e8re propre pour chaque patient.<\/li>\n<li><strong>Polyvalence :<\/strong> Utilisable dans les domaines m\u00e9dicaux, esth\u00e9tiques, et physioth\u00e9rapeutiques.<\/li>\n<\/ul>","protected":false},"featured_media":2376,"comment_status":"open","ping_status":"closed","template":"","meta":[],"product_brand":[],"product_cat":[52],"product_tag":[],"class_list":{"0":"post-715","1":"product","2":"type-product","3":"status-publish","4":"has-post-thumbnail","6":"product_cat-consommable-medical","8":"first","9":"instock","10":"taxable","11":"shipping-taxable","12":"purchasable","13":"product-type-simple"},"yoast_head":"<!-- This site is optimized with the Yoast SEO plugin v26.9 - https:\/\/yoast.com\/product\/yoast-seo-wordpress\/ -->\n<title>Drap D\u2019examen Plastifi\u00e9 Bleu \u2013 40m x 50cm - YAZMED<\/title>\n<meta name=\"robots\" content=\"index, follow, max-snippet:-1, max-image-preview:large, max-video-preview:-1\" \/>\n<link rel=\"canonical\" href=\"https:\/\/yazmed.ma\/ar\/product\/715\/\" \/>\n<meta property=\"og:locale\" content=\"ar_AR\" \/>\n<meta property=\"og:type\" content=\"article\" \/>\n<meta property=\"og:title\" content=\"Drap D\u2019examen Plastifi\u00e9 Bleu \u2013 40m x 50cm - YAZMED\" \/>\n<meta property=\"og:description\" content=\"Les draps d&#039;examen\u00a0 Plastifi\u00e9 Bleu sont des consommables m\u00e9dicaux essentiels, con\u00e7us pour garantir l&#039;hygi\u00e8ne et le confort des patients lors des consultations. Ils sont largement utilis\u00e9s dans les h\u00f4pitaux, cliniques, cabinets m\u00e9dicaux et centres de soins. Avantages :   Praticit\u00e9 : Installation rapide et utilisation ais\u00e9e gr\u00e2ce aux perforations.  Hygi\u00e8ne : Prot\u00e8ge la table d&#039;examen et offre une barri\u00e8re propre pour chaque patient.  Polyvalence : Utilisable dans les domaines m\u00e9dicaux, esth\u00e9tiques, et physioth\u00e9rapeutiques.\" \/>\n<meta property=\"og:url\" content=\"https:\/\/yazmed.ma\/ar\/product\/715\/\" \/>\n<meta property=\"og:site_name\" content=\"YAZMED\" \/>\n<meta property=\"article:publisher\" content=\"https:\/\/www.facebook.com\/azenkouky\" \/>\n<meta property=\"article:modified_time\" content=\"2025-12-09T17:04:03+00:00\" \/>\n<meta property=\"og:image\" content=\"https:\/\/yazmed.ma\/wp-content\/uploads\/2024\/12\/Consommable-Medical.png\" \/>\n\t<meta property=\"og:image:width\" content=\"570\" \/>\n\t<meta property=\"og:image:height\" content=\"517\" \/>\n\t<meta property=\"og:image:type\" content=\"image\/png\" \/>\n<meta name=\"twitter:card\" content=\"summary_large_image\" \/>\n<meta name=\"twitter:label1\" content=\"Est. reading time\" \/>\n\t<meta name=\"twitter:data1\" content=\"2 minutes\" \/>\n<script type=\"application\/ld+json\" class=\"yoast-schema-graph\">{\"@context\":\"https:\/\/schema.org\",\"@graph\":[{\"@type\":\"WebPage\",\"@id\":\"https:\/\/yazmed.ma\/product\/715\/\",\"url\":\"https:\/\/yazmed.ma\/product\/715\/\",\"name\":\"Drap D\u2019examen Plastifi\u00e9 Bleu \u2013 40m x 50cm - YAZMED\",\"isPartOf\":{\"@id\":\"https:\/\/yazmed.ma\/#website\"},\"primaryImageOfPage\":{\"@id\":\"https:\/\/yazmed.ma\/product\/715\/#primaryimage\"},\"image\":{\"@id\":\"https:\/\/yazmed.ma\/product\/715\/#primaryimage\"},\"thumbnailUrl\":\"https:\/\/yazmed.ma\/wp-content\/uploads\/2024\/12\/DRAP-EXAMEN-BLEU-1.webp\",\"datePublished\":\"2024-12-03T16:21:49+00:00\",\"dateModified\":\"2025-12-09T17:04:03+00:00\",\"breadcrumb\":{\"@id\":\"https:\/\/yazmed.ma\/product\/715\/#breadcrumb\"},\"inLanguage\":\"ary\",\"potentialAction\":[{\"@type\":\"ReadAction\",\"target\":[\"https:\/\/yazmed.ma\/product\/715\/\"]}]},{\"@type\":\"ImageObject\",\"inLanguage\":\"ary\",\"@id\":\"https:\/\/yazmed.ma\/product\/715\/#primaryimage\",\"url\":\"https:\/\/yazmed.ma\/wp-content\/uploads\/2024\/12\/DRAP-EXAMEN-BLEU-1.webp\",\"contentUrl\":\"https:\/\/yazmed.ma\/wp-content\/uploads\/2024\/12\/DRAP-EXAMEN-BLEU-1.webp\",\"width\":450,\"height\":450,\"caption\":\"DRAP EXAMEN BLEU\"},{\"@type\":\"BreadcrumbList\",\"@id\":\"https:\/\/yazmed.ma\/product\/715\/#breadcrumb\",\"itemListElement\":[{\"@type\":\"ListItem\",\"position\":1,\"name\":\"Accueil\",\"item\":\"https:\/\/yazmed.ma\/\"},{\"@type\":\"ListItem\",\"position\":2,\"name\":\"Shop\",\"item\":\"https:\/\/yazmed.ma\/shop-2\/\"},{\"@type\":\"ListItem\",\"position\":3,\"name\":\"DRAP D&#8217;EXAMEN PLASTIFIER IMPERMIABLE\"}]},{\"@type\":\"WebSite\",\"@id\":\"https:\/\/yazmed.ma\/#website\",\"url\":\"https:\/\/yazmed.ma\/\",\"name\":\"Yazmed\",\"description\":\"LEADER DU MAT\u00c9RIEL M\u00c9DICAL AU MAROC\",\"publisher\":{\"@id\":\"https:\/\/yazmed.ma\/#organization\"},\"potentialAction\":[{\"@type\":\"SearchAction\",\"target\":{\"@type\":\"EntryPoint\",\"urlTemplate\":\"https:\/\/yazmed.ma\/?s={search_term_string}\"},\"query-input\":{\"@type\":\"PropertyValueSpecification\",\"valueRequired\":true,\"valueName\":\"search_term_string\"}}],\"inLanguage\":\"ary\"},{\"@type\":\"Organization\",\"@id\":\"https:\/\/yazmed.ma\/#organization\",\"name\":\"Yazmed Healthcare\",\"url\":\"https:\/\/yazmed.ma\/\",\"logo\":{\"@type\":\"ImageObject\",\"inLanguage\":\"ary\",\"@id\":\"https:\/\/yazmed.ma\/#\/schema\/logo\/image\/\",\"url\":\"https:\/\/yazmed.ma\/wp-content\/uploads\/2024\/12\/3.png\",\"contentUrl\":\"https:\/\/yazmed.ma\/wp-content\/uploads\/2024\/12\/3.png\",\"width\":250,\"height\":70,\"caption\":\"Yazmed Healthcare\"},\"image\":{\"@id\":\"https:\/\/yazmed.ma\/#\/schema\/logo\/image\/\"},\"sameAs\":[\"https:\/\/www.facebook.com\/azenkouky\",\"https:\/\/www.instagram.com\/yazmedhealthcare\",\"https:\/\/www.linkedin.com\/in\/yazmed-healthcare-1b4955295\"]}]}<\/script>\n<!-- \/ Yoast SEO plugin. -->","yoast_head_json":{"title":"Drap D\u2019examen Plastifi\u00e9 Bleu \u2013 40m x 50cm - YAZMED","robots":{"index":"index","follow":"follow","max-snippet":"max-snippet:-1","max-image-preview":"max-image-preview:large","max-video-preview":"max-video-preview:-1"},"canonical":"https:\/\/yazmed.ma\/ar\/product\/715\/","og_locale":"ar_AR","og_type":"article","og_title":"Drap D\u2019examen Plastifi\u00e9 Bleu \u2013 40m x 50cm - YAZMED","og_description":"Les draps d'examen\u00a0 Plastifi\u00e9 Bleu sont des consommables m\u00e9dicaux essentiels, con\u00e7us pour garantir l'hygi\u00e8ne et le confort des patients lors des consultations. Ils sont largement utilis\u00e9s dans les h\u00f4pitaux, cliniques, cabinets m\u00e9dicaux et centres de soins. Avantages :   Praticit\u00e9 : Installation rapide et utilisation ais\u00e9e gr\u00e2ce aux perforations.  Hygi\u00e8ne : Prot\u00e8ge la table d'examen et offre une barri\u00e8re propre pour chaque patient.  Polyvalence : Utilisable dans les domaines m\u00e9dicaux, esth\u00e9tiques, et physioth\u00e9rapeutiques.","og_url":"https:\/\/yazmed.ma\/ar\/product\/715\/","og_site_name":"YAZMED","article_publisher":"https:\/\/www.facebook.com\/azenkouky","article_modified_time":"2025-12-09T17:04:03+00:00","og_image":[{"width":570,"height":517,"url":"https:\/\/yazmed.ma\/wp-content\/uploads\/2024\/12\/Consommable-Medical.png","type":"image\/png"}],"twitter_card":"summary_large_image","twitter_misc":{"Est. reading time":"2 minutes"},"schema":{"@context":"https:\/\/schema.org","@graph":[{"@type":"WebPage","@id":"https:\/\/yazmed.ma\/product\/715\/","url":"https:\/\/yazmed.ma\/product\/715\/","name":"Drap D\u2019examen Plastifi\u00e9 Bleu \u2013 40m x 50cm - YAZMED","isPartOf":{"@id":"https:\/\/yazmed.ma\/#website"},"primaryImageOfPage":{"@id":"https:\/\/yazmed.ma\/product\/715\/#primaryimage"},"image":{"@id":"https:\/\/yazmed.ma\/product\/715\/#primaryimage"},"thumbnailUrl":"https:\/\/yazmed.ma\/wp-content\/uploads\/2024\/12\/DRAP-EXAMEN-BLEU-1.webp","datePublished":"2024-12-03T16:21:49+00:00","dateModified":"2025-12-09T17:04:03+00:00","breadcrumb":{"@id":"https:\/\/yazmed.ma\/product\/715\/#breadcrumb"},"inLanguage":"ary","potentialAction":[{"@type":"ReadAction","target":["https:\/\/yazmed.ma\/product\/715\/"]}]},{"@type":"ImageObject","inLanguage":"ary","@id":"https:\/\/yazmed.ma\/product\/715\/#primaryimage","url":"https:\/\/yazmed.ma\/wp-content\/uploads\/2024\/12\/DRAP-EXAMEN-BLEU-1.webp","contentUrl":"https:\/\/yazmed.ma\/wp-content\/uploads\/2024\/12\/DRAP-EXAMEN-BLEU-1.webp","width":450,"height":450,"caption":"DRAP EXAMEN BLEU"},{"@type":"BreadcrumbList","@id":"https:\/\/yazmed.ma\/product\/715\/#breadcrumb","itemListElement":[{"@type":"ListItem","position":1,"name":"Accueil","item":"https:\/\/yazmed.ma\/"},{"@type":"ListItem","position":2,"name":"Shop","item":"https:\/\/yazmed.ma\/shop-2\/"},{"@type":"ListItem","position":3,"name":"DRAP D&#8217;EXAMEN PLASTIFIER IMPERMIABLE"}]},{"@type":"WebSite","@id":"https:\/\/yazmed.ma\/#website","url":"https:\/\/yazmed.ma\/","name":"Yazmed","description":"LEADER DU MAT\u00c9RIEL M\u00c9DICAL AU MAROC","publisher":{"@id":"https:\/\/yazmed.ma\/#organization"},"potentialAction":[{"@type":"SearchAction","target":{"@type":"EntryPoint","urlTemplate":"https:\/\/yazmed.ma\/?s={search_term_string}"},"query-input":{"@type":"PropertyValueSpecification","valueRequired":true,"valueName":"search_term_string"}}],"inLanguage":"ary"},{"@type":"Organization","@id":"https:\/\/yazmed.ma\/#organization","name":"Yazmed Healthcare","url":"https:\/\/yazmed.ma\/","logo":{"@type":"ImageObject","inLanguage":"ary","@id":"https:\/\/yazmed.ma\/#\/schema\/logo\/image\/","url":"https:\/\/yazmed.ma\/wp-content\/uploads\/2024\/12\/3.png","contentUrl":"https:\/\/yazmed.ma\/wp-content\/uploads\/2024\/12\/3.png","width":250,"height":70,"caption":"Yazmed Healthcare"},"image":{"@id":"https:\/\/yazmed.ma\/#\/schema\/logo\/image\/"},"sameAs":["https:\/\/www.facebook.com\/azenkouky","https:\/\/www.instagram.com\/yazmedhealthcare","https:\/\/www.linkedin.com\/in\/yazmed-healthcare-1b4955295"]}]}},"_links":{"self":[{"href":"https:\/\/yazmed.ma\/ar\/wp-json\/wp\/v2\/product\/715","targetHints":{"allow":["GET"]}}],"collection":[{"href":"https:\/\/yazmed.ma\/ar\/wp-json\/wp\/v2\/product"}],"about":[{"href":"https:\/\/yazmed.ma\/ar\/wp-json\/wp\/v2\/types\/product"}],"replies":[{"embeddable":true,"href":"https:\/\/yazmed.ma\/ar\/wp-json\/wp\/v2\/comments?post=715"}],"version-history":[{"count":1,"href":"https:\/\/yazmed.ma\/ar\/wp-json\/wp\/v2\/product\/715\/revisions"}],"predecessor-version":[{"id":2855,"href":"https:\/\/yazmed.ma\/ar\/wp-json\/wp\/v2\/product\/715\/revisions\/2855"}],"wp:featuredmedia":[{"embeddable":true,"href":"https:\/\/yazmed.ma\/ar\/wp-json\/wp\/v2\/media\/2376"}],"wp:attachment":[{"href":"https:\/\/yazmed.ma\/ar\/wp-json\/wp\/v2\/media?parent=715"}],"wp:term":[{"taxonomy":"product_brand","embeddable":true,"href":"https:\/\/yazmed.ma\/ar\/wp-json\/wp\/v2\/product_brand?post=715"},{"taxonomy":"product_cat","embeddable":true,"href":"https:\/\/yazmed.ma\/ar\/wp-json\/wp\/v2\/product_cat?post=715"},{"taxonomy":"product_tag","embeddable":true,"href":"https:\/\/yazmed.ma\/ar\/wp-json\/wp\/v2\/product_tag?post=715"}],"curies":[{"name":"wp","href":"https:\/\/api.w.org\/{rel}","templated":true}]}}