{"id":713,"date":"2024-12-03T16:18:10","date_gmt":"2024-12-03T16:18:10","guid":{"rendered":"https:\/\/yazmed.ma\/?post_type=product&#038;p=713"},"modified":"2025-12-15T19:56:31","modified_gmt":"2025-12-15T19:56:31","slug":"rouleaux-de-sterilisation","status":"publish","type":"product","link":"https:\/\/yazmed.ma\/ar\/product\/rouleaux-de-sterilisation\/","title":{"rendered":"Rouleaux de st\u00e9rilisation 200m"},"content":{"rendered":"<h3 data-start=\"655\" data-end=\"683\"><strong data-start=\"659\" data-end=\"681\"><img decoding=\"async\" class=\"emoji\" role=\"img\" draggable=\"false\" src=\"https:\/\/s.w.org\/images\/core\/emoji\/16.0.1\/svg\/2705.svg\" alt=\"\u2705\" \/>\u00a0Caract\u00e9ristiques :<\/strong><\/h3>\n<p data-start=\"684\" data-end=\"1055\"><strong data-start=\"686\" data-end=\"710\">Largeurs disponibles<\/strong>\u00a0: 5 cm, 7,5 cm, 10 cm, 15 cm, 20 cm, 25 cm, 30 cm, 35 cm, 40 cm<br data-start=\"774\" data-end=\"777\" \/>\u00a0<strong data-start=\"779\" data-end=\"791\">Longueur<\/strong>\u00a0: 200 m\u00e8tres par rouleau\u00a0<strong>(Made in Italie)<\/strong><br data-start=\"816\" data-end=\"819\" \/>\u00a0<strong data-start=\"821\" data-end=\"838\">Compatibilit\u00e9<\/strong> : \u00e0 la vapeur, autoclave et oxyde d\u2019\u00e9thyl\u00e8ne<br data-start=\"897\" data-end=\"900\" \/><img decoding=\"async\" class=\"emoji\" role=\"img\" draggable=\"false\" src=\"https:\/\/s.w.org\/images\/core\/emoji\/16.0.1\/svg\/2705.svg\" alt=\"\u2705\" \/>\u00a0<strong data-start=\"902\" data-end=\"931\">Mat\u00e9riau de haute qualit\u00e9<\/strong>\u00a0: R\u00e9sistant et transparent pour une identification rapide<br data-start=\"989\" data-end=\"992\" \/><img decoding=\"async\" class=\"emoji\" role=\"img\" draggable=\"false\" src=\"https:\/\/s.w.org\/images\/core\/emoji\/16.0.1\/svg\/2705.svg\" alt=\"\u2705\" \/>\u00a0<strong data-start=\"994\" data-end=\"1009\">Application<\/strong> : Usage m\u00e9dical, dentaire et en laboratoire<\/p>\n<p data-start=\"684\" data-end=\"1055\">","protected":false},"excerpt":{"rendered":"<h4>Rouleaux de st\u00e9rilisation 200m<\/h4>\n<p><b><a title=\"\" href=\"https:\/\/fr.wikipedia.org\/wiki\/St%C3%A9rilisation_(microbiologie)\">Rouleaux St\u00e9rilisation <\/a><\/b>efficace et conforme aux normes m\u00e9dicales avec nos <strong data-start=\"145\" data-end=\"189\">gaines de haute qualit\u00e9<\/strong>. Con\u00e7ues pour prot\u00e9ger vos instruments contre les contaminants, elles sont adapt\u00e9es aux proc\u00e9d\u00e9s de st\u00e9rilisation par\u00a0<strong data-start=\"308\" data-end=\"349\">autoclave, vapeur et oxyde d\u2019\u00e9thyl\u00e8ne<\/strong>. Gr\u00e2ce \u00e0 leur\u00a0<strong data-start=\"364\" data-end=\"399\">transparence et leur r\u00e9sistance<\/strong>, elles facilitent l\u2019identification du mat\u00e9riel tout en garantissant une barri\u00e8re protectrice optimale. Id\u00e9ales pour les\u00a0<strong data-start=\"520\" data-end=\"579\">h\u00f4pitaux, cliniques, cabinets dentaires et laboratoires<\/strong>, ces gaines assurent une conservation st\u00e9rile jusqu\u2019\u00e0 leur utilisation.<\/p>","protected":false},"featured_media":2957,"comment_status":"open","ping_status":"closed","template":"","meta":[],"product_brand":[],"product_cat":[52,56],"product_tag":[258],"class_list":{"0":"post-713","1":"product","2":"type-product","3":"status-publish","4":"has-post-thumbnail","6":"product_cat-consommable-medical","7":"product_cat-sterilisation-hygiene","8":"product_tag-rouleaux-sterilisation","10":"first","11":"instock","12":"taxable","13":"shipping-taxable","14":"purchasable","15":"product-type-variable"},"yoast_head":"<!-- This site is optimized with the Yoast SEO plugin v26.9 - https:\/\/yoast.com\/product\/yoast-seo-wordpress\/ -->\n<title>Rouleaux de st\u00e9rilisation 200m - YAZMED<\/title>\n<meta name=\"robots\" content=\"index, follow, max-snippet:-1, max-image-preview:large, max-video-preview:-1\" \/>\n<link rel=\"canonical\" href=\"https:\/\/yazmed.ma\/ar\/product\/rouleaux-de-papier-pour-sterilisation\/\" \/>\n<meta property=\"og:locale\" content=\"ar_AR\" \/>\n<meta property=\"og:type\" content=\"article\" \/>\n<meta property=\"og:title\" content=\"Rouleaux de st\u00e9rilisation 200m - YAZMED\" \/>\n<meta property=\"og:description\" content=\"Rouleaux de st\u00e9rilisation 200m Rouleaux St\u00e9rilisation efficace et conforme aux normes m\u00e9dicales avec nos gaines de haute qualit\u00e9. Con\u00e7ues pour prot\u00e9ger vos instruments contre les contaminants, elles sont adapt\u00e9es aux proc\u00e9d\u00e9s de st\u00e9rilisation par\u00a0autoclave, vapeur et oxyde d\u2019\u00e9thyl\u00e8ne. Gr\u00e2ce \u00e0 leur\u00a0transparence et leur r\u00e9sistance, elles facilitent l\u2019identification du mat\u00e9riel tout en garantissant une barri\u00e8re protectrice optimale. Id\u00e9ales pour les\u00a0h\u00f4pitaux, cliniques, cabinets dentaires et laboratoires, ces gaines assurent une conservation st\u00e9rile jusqu\u2019\u00e0 leur utilisation.\" \/>\n<meta property=\"og:url\" content=\"https:\/\/yazmed.ma\/ar\/product\/rouleaux-de-papier-pour-sterilisation\/\" \/>\n<meta property=\"og:site_name\" content=\"YAZMED\" \/>\n<meta property=\"article:publisher\" content=\"https:\/\/www.facebook.com\/azenkouky\" \/>\n<meta property=\"article:modified_time\" content=\"2025-12-15T19:56:31+00:00\" \/>\n<meta property=\"og:image\" content=\"https:\/\/yazmed.ma\/wp-content\/uploads\/2024\/12\/Sterilisation-Hygiene-1.png\" \/>\n\t<meta property=\"og:image:width\" content=\"570\" \/>\n\t<meta property=\"og:image:height\" content=\"517\" \/>\n\t<meta property=\"og:image:type\" content=\"image\/png\" \/>\n<meta name=\"twitter:card\" content=\"summary_large_image\" \/>\n<meta name=\"twitter:label1\" content=\"Est. reading time\" \/>\n\t<meta name=\"twitter:data1\" content=\"2 minutes\" \/>\n<script type=\"application\/ld+json\" class=\"yoast-schema-graph\">{\"@context\":\"https:\/\/schema.org\",\"@graph\":[{\"@type\":\"WebPage\",\"@id\":\"https:\/\/yazmed.ma\/product\/rouleaux-de-papier-pour-sterilisation\/\",\"url\":\"https:\/\/yazmed.ma\/product\/rouleaux-de-papier-pour-sterilisation\/\",\"name\":\"Rouleaux de st\u00e9rilisation 200m - YAZMED\",\"isPartOf\":{\"@id\":\"https:\/\/yazmed.ma\/#website\"},\"primaryImageOfPage\":{\"@id\":\"https:\/\/yazmed.ma\/product\/rouleaux-de-papier-pour-sterilisation\/#primaryimage\"},\"image\":{\"@id\":\"https:\/\/yazmed.ma\/product\/rouleaux-de-papier-pour-sterilisation\/#primaryimage\"},\"thumbnailUrl\":\"https:\/\/yazmed.ma\/wp-content\/uploads\/2024\/12\/Rouleaux-de-sterilisation-200m.webp\",\"datePublished\":\"2024-12-03T16:18:10+00:00\",\"dateModified\":\"2025-12-15T19:56:31+00:00\",\"breadcrumb\":{\"@id\":\"https:\/\/yazmed.ma\/product\/rouleaux-de-papier-pour-sterilisation\/#breadcrumb\"},\"inLanguage\":\"ary\",\"potentialAction\":[{\"@type\":\"ReadAction\",\"target\":[\"https:\/\/yazmed.ma\/product\/rouleaux-de-papier-pour-sterilisation\/\"]}]},{\"@type\":\"ImageObject\",\"inLanguage\":\"ary\",\"@id\":\"https:\/\/yazmed.ma\/product\/rouleaux-de-papier-pour-sterilisation\/#primaryimage\",\"url\":\"https:\/\/yazmed.ma\/wp-content\/uploads\/2024\/12\/Rouleaux-de-sterilisation-200m.webp\",\"contentUrl\":\"https:\/\/yazmed.ma\/wp-content\/uploads\/2024\/12\/Rouleaux-de-sterilisation-200m.webp\",\"width\":570,\"height\":517,\"caption\":\"Rouleaux de st\u00e9rilisation 200m\"},{\"@type\":\"BreadcrumbList\",\"@id\":\"https:\/\/yazmed.ma\/product\/rouleaux-de-papier-pour-sterilisation\/#breadcrumb\",\"itemListElement\":[{\"@type\":\"ListItem\",\"position\":1,\"name\":\"Accueil\",\"item\":\"https:\/\/yazmed.ma\/\"},{\"@type\":\"ListItem\",\"position\":2,\"name\":\"Shop\",\"item\":\"https:\/\/yazmed.ma\/shop-2\/\"},{\"@type\":\"ListItem\",\"position\":3,\"name\":\"Rouleaux de st\u00e9rilisation\"}]},{\"@type\":\"WebSite\",\"@id\":\"https:\/\/yazmed.ma\/#website\",\"url\":\"https:\/\/yazmed.ma\/\",\"name\":\"Yazmed\",\"description\":\"LEADER DU MAT\u00c9RIEL M\u00c9DICAL AU MAROC\",\"publisher\":{\"@id\":\"https:\/\/yazmed.ma\/#organization\"},\"potentialAction\":[{\"@type\":\"SearchAction\",\"target\":{\"@type\":\"EntryPoint\",\"urlTemplate\":\"https:\/\/yazmed.ma\/?s={search_term_string}\"},\"query-input\":{\"@type\":\"PropertyValueSpecification\",\"valueRequired\":true,\"valueName\":\"search_term_string\"}}],\"inLanguage\":\"ary\"},{\"@type\":\"Organization\",\"@id\":\"https:\/\/yazmed.ma\/#organization\",\"name\":\"Yazmed Healthcare\",\"url\":\"https:\/\/yazmed.ma\/\",\"logo\":{\"@type\":\"ImageObject\",\"inLanguage\":\"ary\",\"@id\":\"https:\/\/yazmed.ma\/#\/schema\/logo\/image\/\",\"url\":\"https:\/\/yazmed.ma\/wp-content\/uploads\/2024\/12\/3.png\",\"contentUrl\":\"https:\/\/yazmed.ma\/wp-content\/uploads\/2024\/12\/3.png\",\"width\":250,\"height\":70,\"caption\":\"Yazmed Healthcare\"},\"image\":{\"@id\":\"https:\/\/yazmed.ma\/#\/schema\/logo\/image\/\"},\"sameAs\":[\"https:\/\/www.facebook.com\/azenkouky\",\"https:\/\/www.instagram.com\/yazmedhealthcare\",\"https:\/\/www.linkedin.com\/in\/yazmed-healthcare-1b4955295\"]}]}<\/script>\n<!-- \/ Yoast SEO plugin. -->","yoast_head_json":{"title":"Rouleaux de st\u00e9rilisation 200m - YAZMED","robots":{"index":"index","follow":"follow","max-snippet":"max-snippet:-1","max-image-preview":"max-image-preview:large","max-video-preview":"max-video-preview:-1"},"canonical":"https:\/\/yazmed.ma\/ar\/product\/rouleaux-de-papier-pour-sterilisation\/","og_locale":"ar_AR","og_type":"article","og_title":"Rouleaux de st\u00e9rilisation 200m - YAZMED","og_description":"Rouleaux de st\u00e9rilisation 200m Rouleaux St\u00e9rilisation efficace et conforme aux normes m\u00e9dicales avec nos gaines de haute qualit\u00e9. Con\u00e7ues pour prot\u00e9ger vos instruments contre les contaminants, elles sont adapt\u00e9es aux proc\u00e9d\u00e9s de st\u00e9rilisation par\u00a0autoclave, vapeur et oxyde d\u2019\u00e9thyl\u00e8ne. Gr\u00e2ce \u00e0 leur\u00a0transparence et leur r\u00e9sistance, elles facilitent l\u2019identification du mat\u00e9riel tout en garantissant une barri\u00e8re protectrice optimale. Id\u00e9ales pour les\u00a0h\u00f4pitaux, cliniques, cabinets dentaires et laboratoires, ces gaines assurent une conservation st\u00e9rile jusqu\u2019\u00e0 leur utilisation.","og_url":"https:\/\/yazmed.ma\/ar\/product\/rouleaux-de-papier-pour-sterilisation\/","og_site_name":"YAZMED","article_publisher":"https:\/\/www.facebook.com\/azenkouky","article_modified_time":"2025-12-15T19:56:31+00:00","og_image":[{"width":570,"height":517,"url":"https:\/\/yazmed.ma\/wp-content\/uploads\/2024\/12\/Sterilisation-Hygiene-1.png","type":"image\/png"}],"twitter_card":"summary_large_image","twitter_misc":{"Est. reading time":"2 minutes"},"schema":{"@context":"https:\/\/schema.org","@graph":[{"@type":"WebPage","@id":"https:\/\/yazmed.ma\/product\/rouleaux-de-papier-pour-sterilisation\/","url":"https:\/\/yazmed.ma\/product\/rouleaux-de-papier-pour-sterilisation\/","name":"Rouleaux de st\u00e9rilisation 200m - YAZMED","isPartOf":{"@id":"https:\/\/yazmed.ma\/#website"},"primaryImageOfPage":{"@id":"https:\/\/yazmed.ma\/product\/rouleaux-de-papier-pour-sterilisation\/#primaryimage"},"image":{"@id":"https:\/\/yazmed.ma\/product\/rouleaux-de-papier-pour-sterilisation\/#primaryimage"},"thumbnailUrl":"https:\/\/yazmed.ma\/wp-content\/uploads\/2024\/12\/Rouleaux-de-sterilisation-200m.webp","datePublished":"2024-12-03T16:18:10+00:00","dateModified":"2025-12-15T19:56:31+00:00","breadcrumb":{"@id":"https:\/\/yazmed.ma\/product\/rouleaux-de-papier-pour-sterilisation\/#breadcrumb"},"inLanguage":"ary","potentialAction":[{"@type":"ReadAction","target":["https:\/\/yazmed.ma\/product\/rouleaux-de-papier-pour-sterilisation\/"]}]},{"@type":"ImageObject","inLanguage":"ary","@id":"https:\/\/yazmed.ma\/product\/rouleaux-de-papier-pour-sterilisation\/#primaryimage","url":"https:\/\/yazmed.ma\/wp-content\/uploads\/2024\/12\/Rouleaux-de-sterilisation-200m.webp","contentUrl":"https:\/\/yazmed.ma\/wp-content\/uploads\/2024\/12\/Rouleaux-de-sterilisation-200m.webp","width":570,"height":517,"caption":"Rouleaux de st\u00e9rilisation 200m"},{"@type":"BreadcrumbList","@id":"https:\/\/yazmed.ma\/product\/rouleaux-de-papier-pour-sterilisation\/#breadcrumb","itemListElement":[{"@type":"ListItem","position":1,"name":"Accueil","item":"https:\/\/yazmed.ma\/"},{"@type":"ListItem","position":2,"name":"Shop","item":"https:\/\/yazmed.ma\/shop-2\/"},{"@type":"ListItem","position":3,"name":"Rouleaux de st\u00e9rilisation"}]},{"@type":"WebSite","@id":"https:\/\/yazmed.ma\/#website","url":"https:\/\/yazmed.ma\/","name":"Yazmed","description":"LEADER DU MAT\u00c9RIEL M\u00c9DICAL AU MAROC","publisher":{"@id":"https:\/\/yazmed.ma\/#organization"},"potentialAction":[{"@type":"SearchAction","target":{"@type":"EntryPoint","urlTemplate":"https:\/\/yazmed.ma\/?s={search_term_string}"},"query-input":{"@type":"PropertyValueSpecification","valueRequired":true,"valueName":"search_term_string"}}],"inLanguage":"ary"},{"@type":"Organization","@id":"https:\/\/yazmed.ma\/#organization","name":"Yazmed Healthcare","url":"https:\/\/yazmed.ma\/","logo":{"@type":"ImageObject","inLanguage":"ary","@id":"https:\/\/yazmed.ma\/#\/schema\/logo\/image\/","url":"https:\/\/yazmed.ma\/wp-content\/uploads\/2024\/12\/3.png","contentUrl":"https:\/\/yazmed.ma\/wp-content\/uploads\/2024\/12\/3.png","width":250,"height":70,"caption":"Yazmed Healthcare"},"image":{"@id":"https:\/\/yazmed.ma\/#\/schema\/logo\/image\/"},"sameAs":["https:\/\/www.facebook.com\/azenkouky","https:\/\/www.instagram.com\/yazmedhealthcare","https:\/\/www.linkedin.com\/in\/yazmed-healthcare-1b4955295"]}]}},"_links":{"self":[{"href":"https:\/\/yazmed.ma\/ar\/wp-json\/wp\/v2\/product\/713","targetHints":{"allow":["GET"]}}],"collection":[{"href":"https:\/\/yazmed.ma\/ar\/wp-json\/wp\/v2\/product"}],"about":[{"href":"https:\/\/yazmed.ma\/ar\/wp-json\/wp\/v2\/types\/product"}],"replies":[{"embeddable":true,"href":"https:\/\/yazmed.ma\/ar\/wp-json\/wp\/v2\/comments?post=713"}],"version-history":[{"count":1,"href":"https:\/\/yazmed.ma\/ar\/wp-json\/wp\/v2\/product\/713\/revisions"}],"predecessor-version":[{"id":2956,"href":"https:\/\/yazmed.ma\/ar\/wp-json\/wp\/v2\/product\/713\/revisions\/2956"}],"wp:featuredmedia":[{"embeddable":true,"href":"https:\/\/yazmed.ma\/ar\/wp-json\/wp\/v2\/media\/2957"}],"wp:attachment":[{"href":"https:\/\/yazmed.ma\/ar\/wp-json\/wp\/v2\/media?parent=713"}],"wp:term":[{"taxonomy":"product_brand","embeddable":true,"href":"https:\/\/yazmed.ma\/ar\/wp-json\/wp\/v2\/product_brand?post=713"},{"taxonomy":"product_cat","embeddable":true,"href":"https:\/\/yazmed.ma\/ar\/wp-json\/wp\/v2\/product_cat?post=713"},{"taxonomy":"product_tag","embeddable":true,"href":"https:\/\/yazmed.ma\/ar\/wp-json\/wp\/v2\/product_tag?post=713"}],"curies":[{"name":"wp","href":"https:\/\/api.w.org\/{rel}","templated":true}]}}