{"id":711,"date":"2024-12-03T16:16:21","date_gmt":"2024-12-03T16:16:21","guid":{"rendered":"https:\/\/yazmed.ma\/?post_type=product&#038;p=711"},"modified":"2025-12-09T17:25:39","modified_gmt":"2025-12-09T17:25:39","slug":"masque-nebuliseur","status":"publish","type":"product","link":"https:\/\/yazmed.ma\/ar\/product\/masque-nebuliseur\/","title":{"rendered":"MASQUE N\u00c9BULISEUR"},"content":{"rendered":"<p>&nbsp;<\/p>\n<hr \/>\n<h3><strong>Avantages :<\/strong><\/h3>\n<ul>\n<li><strong>Efficacit\u00e9 :<\/strong> Fournit une concentration \u00e9lev\u00e9e d&rsquo;oxyg\u00e8ne pour les patients en d\u00e9tresse respiratoire.<\/li>\n<li><strong>Hygi\u00e8ne :<\/strong> Usage unique pour r\u00e9duire le risque d&rsquo;infections crois\u00e9es.<\/li>\n<li><strong>Praticit\u00e9 :<\/strong> Facile \u00e0 utiliser et \u00e0 connecter aux syst\u00e8mes d\u2019oxyg\u00e8ne.<\/li>\n<\/ul>\n<hr \/>\n<p>&nbsp;<\/p>","protected":false},"excerpt":{"rendered":"<h3>Masque n\u00e9buliseur 100<\/h3>\n<p>est un dispositif m\u00e9dical\u00a0 avec r\u00e9servoir\u00a0 con\u00e7u pour fournir un apport en oxyg\u00e8ne concentr\u00e9 aux patients n\u00e9cessitant une assistance respiratoire. Il est couramment utilis\u00e9 dans les h\u00f4pitaux, les cliniques, et en soins d&rsquo;urgence.<\/p>\n<p><a title=\"\" href=\"https:\/\/fr.wikipedia.org\/wiki\/Masque\">masque<\/a><\/p>\n<p><img decoding=\"async\" class=\"\" src=\"https:\/\/eclazon.ma\/wp-content\/uploads\/2024\/07\/logo-2012228122755354-300x168-1-200x100.jpg\" width=\"142\" height=\"71\" \/><\/p>","protected":false},"featured_media":1859,"comment_status":"open","ping_status":"closed","template":"","meta":[],"product_brand":[],"product_cat":[16,51],"product_tag":[242],"class_list":{"0":"post-711","1":"product","2":"type-product","3":"status-publish","4":"has-post-thumbnail","6":"product_cat-toutes-les-categories","7":"product_cat-bloc-et-reanimation","8":"product_tag-masque-nebuliseur","10":"first","11":"instock","12":"taxable","13":"shipping-taxable","14":"purchasable","15":"product-type-variable"},"yoast_head":"<!-- This site is optimized with the Yoast SEO plugin v26.9 - https:\/\/yoast.com\/product\/yoast-seo-wordpress\/ -->\n<title>MASQUE N\u00c9BULISEUR - YAZMED<\/title>\n<meta name=\"robots\" content=\"index, follow, max-snippet:-1, max-image-preview:large, max-video-preview:-1\" \/>\n<link rel=\"canonical\" href=\"https:\/\/yazmed.ma\/ar\/product\/masque-a-oxygene\/\" \/>\n<meta property=\"og:locale\" content=\"ar_AR\" \/>\n<meta property=\"og:type\" content=\"article\" \/>\n<meta property=\"og:title\" content=\"MASQUE N\u00c9BULISEUR - YAZMED\" \/>\n<meta property=\"og:description\" content=\"Masque n\u00e9buliseur 100 est un dispositif m\u00e9dical\u00a0 avec r\u00e9servoir\u00a0 con\u00e7u pour fournir un apport en oxyg\u00e8ne concentr\u00e9 aux patients n\u00e9cessitant une assistance respiratoire. Il est couramment utilis\u00e9 dans les h\u00f4pitaux, les cliniques, et en soins d&#039;urgence.  masque\" \/>\n<meta property=\"og:url\" content=\"https:\/\/yazmed.ma\/ar\/product\/masque-a-oxygene\/\" \/>\n<meta property=\"og:site_name\" content=\"YAZMED\" \/>\n<meta property=\"article:publisher\" content=\"https:\/\/www.facebook.com\/azenkouky\" \/>\n<meta property=\"article:modified_time\" content=\"2025-12-09T17:25:39+00:00\" \/>\n<meta property=\"og:image\" content=\"https:\/\/yazmed.ma\/wp-content\/uploads\/2024\/12\/Design-sans-titre-35.png\" \/>\n\t<meta property=\"og:image:width\" content=\"570\" \/>\n\t<meta property=\"og:image:height\" content=\"517\" \/>\n\t<meta property=\"og:image:type\" content=\"image\/png\" \/>\n<meta name=\"twitter:card\" content=\"summary_large_image\" \/>\n<meta name=\"twitter:label1\" content=\"Est. reading time\" \/>\n\t<meta name=\"twitter:data1\" content=\"2 minutes\" \/>\n<script type=\"application\/ld+json\" class=\"yoast-schema-graph\">{\"@context\":\"https:\/\/schema.org\",\"@graph\":[{\"@type\":\"WebPage\",\"@id\":\"https:\/\/yazmed.ma\/product\/masque-a-oxygene\/\",\"url\":\"https:\/\/yazmed.ma\/product\/masque-a-oxygene\/\",\"name\":\"MASQUE N\u00c9BULISEUR - YAZMED\",\"isPartOf\":{\"@id\":\"https:\/\/yazmed.ma\/#website\"},\"primaryImageOfPage\":{\"@id\":\"https:\/\/yazmed.ma\/product\/masque-a-oxygene\/#primaryimage\"},\"image\":{\"@id\":\"https:\/\/yazmed.ma\/product\/masque-a-oxygene\/#primaryimage\"},\"thumbnailUrl\":\"https:\/\/yazmed.ma\/wp-content\/uploads\/2024\/12\/Design-sans-titre-35.png\",\"datePublished\":\"2024-12-03T16:16:21+00:00\",\"dateModified\":\"2025-12-09T17:25:39+00:00\",\"breadcrumb\":{\"@id\":\"https:\/\/yazmed.ma\/product\/masque-a-oxygene\/#breadcrumb\"},\"inLanguage\":\"ary\",\"potentialAction\":[{\"@type\":\"ReadAction\",\"target\":[\"https:\/\/yazmed.ma\/product\/masque-a-oxygene\/\"]}]},{\"@type\":\"ImageObject\",\"inLanguage\":\"ary\",\"@id\":\"https:\/\/yazmed.ma\/product\/masque-a-oxygene\/#primaryimage\",\"url\":\"https:\/\/yazmed.ma\/wp-content\/uploads\/2024\/12\/Design-sans-titre-35.png\",\"contentUrl\":\"https:\/\/yazmed.ma\/wp-content\/uploads\/2024\/12\/Design-sans-titre-35.png\",\"width\":570,\"height\":517,\"caption\":\"MASQUE N\u00c9BULISEUR A OXYG\u00c8NE ADULTE Yazmed Maroc\"},{\"@type\":\"BreadcrumbList\",\"@id\":\"https:\/\/yazmed.ma\/product\/masque-a-oxygene\/#breadcrumb\",\"itemListElement\":[{\"@type\":\"ListItem\",\"position\":1,\"name\":\"Accueil\",\"item\":\"https:\/\/yazmed.ma\/\"},{\"@type\":\"ListItem\",\"position\":2,\"name\":\"Shop\",\"item\":\"https:\/\/yazmed.ma\/shop-2\/\"},{\"@type\":\"ListItem\",\"position\":3,\"name\":\"MASQUE N\u00c9BULISEUR A OXYG\u00c8NE ADULTE\"}]},{\"@type\":\"WebSite\",\"@id\":\"https:\/\/yazmed.ma\/#website\",\"url\":\"https:\/\/yazmed.ma\/\",\"name\":\"Yazmed\",\"description\":\"LEADER DU MAT\u00c9RIEL M\u00c9DICAL AU MAROC\",\"publisher\":{\"@id\":\"https:\/\/yazmed.ma\/#organization\"},\"potentialAction\":[{\"@type\":\"SearchAction\",\"target\":{\"@type\":\"EntryPoint\",\"urlTemplate\":\"https:\/\/yazmed.ma\/?s={search_term_string}\"},\"query-input\":{\"@type\":\"PropertyValueSpecification\",\"valueRequired\":true,\"valueName\":\"search_term_string\"}}],\"inLanguage\":\"ary\"},{\"@type\":\"Organization\",\"@id\":\"https:\/\/yazmed.ma\/#organization\",\"name\":\"Yazmed Healthcare\",\"url\":\"https:\/\/yazmed.ma\/\",\"logo\":{\"@type\":\"ImageObject\",\"inLanguage\":\"ary\",\"@id\":\"https:\/\/yazmed.ma\/#\/schema\/logo\/image\/\",\"url\":\"https:\/\/yazmed.ma\/wp-content\/uploads\/2024\/12\/3.png\",\"contentUrl\":\"https:\/\/yazmed.ma\/wp-content\/uploads\/2024\/12\/3.png\",\"width\":250,\"height\":70,\"caption\":\"Yazmed Healthcare\"},\"image\":{\"@id\":\"https:\/\/yazmed.ma\/#\/schema\/logo\/image\/\"},\"sameAs\":[\"https:\/\/www.facebook.com\/azenkouky\",\"https:\/\/www.instagram.com\/yazmedhealthcare\",\"https:\/\/www.linkedin.com\/in\/yazmed-healthcare-1b4955295\"]}]}<\/script>\n<!-- \/ Yoast SEO plugin. -->","yoast_head_json":{"title":"MASQUE N\u00c9BULISEUR - YAZMED","robots":{"index":"index","follow":"follow","max-snippet":"max-snippet:-1","max-image-preview":"max-image-preview:large","max-video-preview":"max-video-preview:-1"},"canonical":"https:\/\/yazmed.ma\/ar\/product\/masque-a-oxygene\/","og_locale":"ar_AR","og_type":"article","og_title":"MASQUE N\u00c9BULISEUR - YAZMED","og_description":"Masque n\u00e9buliseur 100 est un dispositif m\u00e9dical\u00a0 avec r\u00e9servoir\u00a0 con\u00e7u pour fournir un apport en oxyg\u00e8ne concentr\u00e9 aux patients n\u00e9cessitant une assistance respiratoire. Il est couramment utilis\u00e9 dans les h\u00f4pitaux, les cliniques, et en soins d'urgence.  masque","og_url":"https:\/\/yazmed.ma\/ar\/product\/masque-a-oxygene\/","og_site_name":"YAZMED","article_publisher":"https:\/\/www.facebook.com\/azenkouky","article_modified_time":"2025-12-09T17:25:39+00:00","og_image":[{"width":570,"height":517,"url":"https:\/\/yazmed.ma\/wp-content\/uploads\/2024\/12\/Design-sans-titre-35.png","type":"image\/png"}],"twitter_card":"summary_large_image","twitter_misc":{"Est. reading time":"2 minutes"},"schema":{"@context":"https:\/\/schema.org","@graph":[{"@type":"WebPage","@id":"https:\/\/yazmed.ma\/product\/masque-a-oxygene\/","url":"https:\/\/yazmed.ma\/product\/masque-a-oxygene\/","name":"MASQUE N\u00c9BULISEUR - YAZMED","isPartOf":{"@id":"https:\/\/yazmed.ma\/#website"},"primaryImageOfPage":{"@id":"https:\/\/yazmed.ma\/product\/masque-a-oxygene\/#primaryimage"},"image":{"@id":"https:\/\/yazmed.ma\/product\/masque-a-oxygene\/#primaryimage"},"thumbnailUrl":"https:\/\/yazmed.ma\/wp-content\/uploads\/2024\/12\/Design-sans-titre-35.png","datePublished":"2024-12-03T16:16:21+00:00","dateModified":"2025-12-09T17:25:39+00:00","breadcrumb":{"@id":"https:\/\/yazmed.ma\/product\/masque-a-oxygene\/#breadcrumb"},"inLanguage":"ary","potentialAction":[{"@type":"ReadAction","target":["https:\/\/yazmed.ma\/product\/masque-a-oxygene\/"]}]},{"@type":"ImageObject","inLanguage":"ary","@id":"https:\/\/yazmed.ma\/product\/masque-a-oxygene\/#primaryimage","url":"https:\/\/yazmed.ma\/wp-content\/uploads\/2024\/12\/Design-sans-titre-35.png","contentUrl":"https:\/\/yazmed.ma\/wp-content\/uploads\/2024\/12\/Design-sans-titre-35.png","width":570,"height":517,"caption":"MASQUE N\u00c9BULISEUR A OXYG\u00c8NE ADULTE Yazmed Maroc"},{"@type":"BreadcrumbList","@id":"https:\/\/yazmed.ma\/product\/masque-a-oxygene\/#breadcrumb","itemListElement":[{"@type":"ListItem","position":1,"name":"Accueil","item":"https:\/\/yazmed.ma\/"},{"@type":"ListItem","position":2,"name":"Shop","item":"https:\/\/yazmed.ma\/shop-2\/"},{"@type":"ListItem","position":3,"name":"MASQUE N\u00c9BULISEUR A OXYG\u00c8NE ADULTE"}]},{"@type":"WebSite","@id":"https:\/\/yazmed.ma\/#website","url":"https:\/\/yazmed.ma\/","name":"Yazmed","description":"LEADER DU MAT\u00c9RIEL M\u00c9DICAL AU MAROC","publisher":{"@id":"https:\/\/yazmed.ma\/#organization"},"potentialAction":[{"@type":"SearchAction","target":{"@type":"EntryPoint","urlTemplate":"https:\/\/yazmed.ma\/?s={search_term_string}"},"query-input":{"@type":"PropertyValueSpecification","valueRequired":true,"valueName":"search_term_string"}}],"inLanguage":"ary"},{"@type":"Organization","@id":"https:\/\/yazmed.ma\/#organization","name":"Yazmed Healthcare","url":"https:\/\/yazmed.ma\/","logo":{"@type":"ImageObject","inLanguage":"ary","@id":"https:\/\/yazmed.ma\/#\/schema\/logo\/image\/","url":"https:\/\/yazmed.ma\/wp-content\/uploads\/2024\/12\/3.png","contentUrl":"https:\/\/yazmed.ma\/wp-content\/uploads\/2024\/12\/3.png","width":250,"height":70,"caption":"Yazmed Healthcare"},"image":{"@id":"https:\/\/yazmed.ma\/#\/schema\/logo\/image\/"},"sameAs":["https:\/\/www.facebook.com\/azenkouky","https:\/\/www.instagram.com\/yazmedhealthcare","https:\/\/www.linkedin.com\/in\/yazmed-healthcare-1b4955295"]}]}},"_links":{"self":[{"href":"https:\/\/yazmed.ma\/ar\/wp-json\/wp\/v2\/product\/711","targetHints":{"allow":["GET"]}}],"collection":[{"href":"https:\/\/yazmed.ma\/ar\/wp-json\/wp\/v2\/product"}],"about":[{"href":"https:\/\/yazmed.ma\/ar\/wp-json\/wp\/v2\/types\/product"}],"replies":[{"embeddable":true,"href":"https:\/\/yazmed.ma\/ar\/wp-json\/wp\/v2\/comments?post=711"}],"version-history":[{"count":1,"href":"https:\/\/yazmed.ma\/ar\/wp-json\/wp\/v2\/product\/711\/revisions"}],"predecessor-version":[{"id":2856,"href":"https:\/\/yazmed.ma\/ar\/wp-json\/wp\/v2\/product\/711\/revisions\/2856"}],"wp:featuredmedia":[{"embeddable":true,"href":"https:\/\/yazmed.ma\/ar\/wp-json\/wp\/v2\/media\/1859"}],"wp:attachment":[{"href":"https:\/\/yazmed.ma\/ar\/wp-json\/wp\/v2\/media?parent=711"}],"wp:term":[{"taxonomy":"product_brand","embeddable":true,"href":"https:\/\/yazmed.ma\/ar\/wp-json\/wp\/v2\/product_brand?post=711"},{"taxonomy":"product_cat","embeddable":true,"href":"https:\/\/yazmed.ma\/ar\/wp-json\/wp\/v2\/product_cat?post=711"},{"taxonomy":"product_tag","embeddable":true,"href":"https:\/\/yazmed.ma\/ar\/wp-json\/wp\/v2\/product_tag?post=711"}],"curies":[{"name":"wp","href":"https:\/\/api.w.org\/{rel}","templated":true}]}}