{"id":709,"date":"2024-12-03T16:13:12","date_gmt":"2024-12-03T16:13:12","guid":{"rendered":"https:\/\/yazmed.ma\/?post_type=product&#038;p=709"},"modified":"2025-12-17T21:31:27","modified_gmt":"2025-12-17T21:31:27","slug":"electrocardiographe-digital-6-piste","status":"publish","type":"product","link":"https:\/\/yazmed.ma\/ar\/product\/electrocardiographe-digital-6-piste\/","title":{"rendered":"Electrocardiographe Digital 6 Piste"},"content":{"rendered":"<p>&nbsp;<\/p>\n<h3><strong><img decoding=\"async\" class=\"emoji\" role=\"img\" draggable=\"false\" src=\"https:\/\/s.w.org\/images\/core\/emoji\/16.0.1\/svg\/2705.svg\" alt=\"\u2705\" \/>Caract\u00e9ristiques principales :<\/strong><\/h3>\n<p><strong>\u00c9cran tactile haute r\u00e9solution :<\/strong><\/p>\n<p>Interface intuitive pour une navigation facile.<\/p>\n<p><strong>Canaux multiples :<\/strong><\/p>\n<p>Prise en charge de plusieurs canaux (3, 6 ou 12 d\u00e9rivations) pour un enregistrement d\u00e9taill\u00e9<\/p>\n<p><strong>Impression int\u00e9gr\u00e9e :<\/strong><\/p>\n<p>Imprimante thermique haute qualit\u00e9 pour des rapports clairs et pr\u00e9cis.<\/p>\n<p>Option d&rsquo;impression automatique ou manuelle des r\u00e9sultats.<\/p>\n<p><img decoding=\"async\" class=\"\" src=\"https:\/\/eclazon.ma\/wp-content\/uploads\/2025\/05\/CONTEC-MAROC-500x100.webp\" alt=\"CONTEC MAROC\" width=\"120\" height=\"24\" \/><\/p>\n<p>&nbsp;<\/p>","protected":false},"excerpt":{"rendered":"<h4>Electrocardiographe digital contec 6 Piste<\/h4>\n<p>Est un appareil m\u00e9dical avanc\u00e9 con\u00e7u pour le <a title=\"\" href=\"https:\/\/fr.wikipedia.org\/wiki\/Diagnostic_(m%C3%A9decine)\">diagnostic m\u00e9dical<\/a>\u00a0 d enregistrer et analyser l&rsquo;activit\u00e9 \u00e9lectrique du c\u0153ur, offrant des diagnostics pr\u00e9cis et fiables dans les environnements m\u00e9dicaux tels que les h\u00f4pitaux, cliniques, et cabinets m\u00e9dicaux.<\/p>\n<p><img decoding=\"async\" class=\"\" src=\"https:\/\/eclazon.ma\/wp-content\/uploads\/2025\/05\/CONTEC-MAROC-500x100.webp\" alt=\"CONTEC MAROC\" width=\"160\" height=\"32\" \/><\/p>","protected":false},"featured_media":2981,"comment_status":"open","ping_status":"closed","template":"","meta":[],"product_brand":[],"product_cat":[16,50],"product_tag":[],"class_list":{"0":"post-709","1":"product","2":"type-product","3":"status-publish","4":"has-post-thumbnail","6":"product_cat-toutes-les-categories","7":"product_cat-appareillages-diagnostic","9":"first","10":"instock","11":"sale","12":"taxable","13":"shipping-taxable","14":"purchasable","15":"product-type-simple"},"yoast_head":"<!-- This site is optimized with the Yoast SEO plugin v26.9 - https:\/\/yoast.com\/product\/yoast-seo-wordpress\/ -->\n<title>Electrocardiographe Digital 6 Piste - YAZMED<\/title>\n<meta name=\"robots\" content=\"index, follow, max-snippet:-1, max-image-preview:large, max-video-preview:-1\" \/>\n<link rel=\"canonical\" href=\"https:\/\/yazmed.ma\/ar\/product\/electrocardiographe-numerique\/\" \/>\n<meta property=\"og:locale\" content=\"ar_AR\" \/>\n<meta property=\"og:type\" content=\"article\" \/>\n<meta property=\"og:title\" content=\"Electrocardiographe Digital 6 Piste - YAZMED\" \/>\n<meta property=\"og:description\" content=\"Electrocardiographe digital contec 6 Piste Est un appareil m\u00e9dical avanc\u00e9 con\u00e7u pour le diagnostic m\u00e9dical\u00a0 d enregistrer et analyser l&#039;activit\u00e9 \u00e9lectrique du c\u0153ur, offrant des diagnostics pr\u00e9cis et fiables dans les environnements m\u00e9dicaux tels que les h\u00f4pitaux, cliniques, et cabinets m\u00e9dicaux.\" \/>\n<meta property=\"og:url\" content=\"https:\/\/yazmed.ma\/ar\/product\/electrocardiographe-numerique\/\" \/>\n<meta property=\"og:site_name\" content=\"YAZMED\" \/>\n<meta property=\"article:publisher\" content=\"https:\/\/www.facebook.com\/azenkouky\" \/>\n<meta property=\"article:modified_time\" content=\"2025-12-17T21:31:27+00:00\" \/>\n<meta property=\"og:image\" content=\"https:\/\/yazmed.ma\/wp-content\/uploads\/2024\/12\/Design-sans-titre-14.png\" \/>\n\t<meta property=\"og:image:width\" content=\"570\" \/>\n\t<meta property=\"og:image:height\" content=\"517\" \/>\n\t<meta property=\"og:image:type\" content=\"image\/png\" \/>\n<meta name=\"twitter:card\" content=\"summary_large_image\" \/>\n<meta name=\"twitter:label1\" content=\"Est. reading time\" \/>\n\t<meta name=\"twitter:data1\" content=\"2 minutes\" \/>\n<script type=\"application\/ld+json\" class=\"yoast-schema-graph\">{\"@context\":\"https:\/\/schema.org\",\"@graph\":[{\"@type\":\"WebPage\",\"@id\":\"https:\/\/yazmed.ma\/product\/electrocardiographe-numerique\/\",\"url\":\"https:\/\/yazmed.ma\/product\/electrocardiographe-numerique\/\",\"name\":\"Electrocardiographe Digital 6 Piste - YAZMED\",\"isPartOf\":{\"@id\":\"https:\/\/yazmed.ma\/#website\"},\"primaryImageOfPage\":{\"@id\":\"https:\/\/yazmed.ma\/product\/electrocardiographe-numerique\/#primaryimage\"},\"image\":{\"@id\":\"https:\/\/yazmed.ma\/product\/electrocardiographe-numerique\/#primaryimage\"},\"thumbnailUrl\":\"https:\/\/yazmed.ma\/wp-content\/uploads\/2024\/12\/Electrocardiographe-Digital-6-Piste.webp\",\"datePublished\":\"2024-12-03T16:13:12+00:00\",\"dateModified\":\"2025-12-17T21:31:27+00:00\",\"breadcrumb\":{\"@id\":\"https:\/\/yazmed.ma\/product\/electrocardiographe-numerique\/#breadcrumb\"},\"inLanguage\":\"ary\",\"potentialAction\":[{\"@type\":\"ReadAction\",\"target\":[\"https:\/\/yazmed.ma\/product\/electrocardiographe-numerique\/\"]}]},{\"@type\":\"ImageObject\",\"inLanguage\":\"ary\",\"@id\":\"https:\/\/yazmed.ma\/product\/electrocardiographe-numerique\/#primaryimage\",\"url\":\"https:\/\/yazmed.ma\/wp-content\/uploads\/2024\/12\/Electrocardiographe-Digital-6-Piste.webp\",\"contentUrl\":\"https:\/\/yazmed.ma\/wp-content\/uploads\/2024\/12\/Electrocardiographe-Digital-6-Piste.webp\",\"width\":570,\"height\":517,\"caption\":\"Electrocardiographe Digital 6 Piste\"},{\"@type\":\"BreadcrumbList\",\"@id\":\"https:\/\/yazmed.ma\/product\/electrocardiographe-numerique\/#breadcrumb\",\"itemListElement\":[{\"@type\":\"ListItem\",\"position\":1,\"name\":\"Accueil\",\"item\":\"https:\/\/yazmed.ma\/\"},{\"@type\":\"ListItem\",\"position\":2,\"name\":\"Shop\",\"item\":\"https:\/\/yazmed.ma\/shop-2\/\"},{\"@type\":\"ListItem\",\"position\":3,\"name\":\"\u00c9lectrocardiographe Digital\"}]},{\"@type\":\"WebSite\",\"@id\":\"https:\/\/yazmed.ma\/#website\",\"url\":\"https:\/\/yazmed.ma\/\",\"name\":\"Yazmed\",\"description\":\"LEADER DU MAT\u00c9RIEL M\u00c9DICAL AU MAROC\",\"publisher\":{\"@id\":\"https:\/\/yazmed.ma\/#organization\"},\"potentialAction\":[{\"@type\":\"SearchAction\",\"target\":{\"@type\":\"EntryPoint\",\"urlTemplate\":\"https:\/\/yazmed.ma\/?s={search_term_string}\"},\"query-input\":{\"@type\":\"PropertyValueSpecification\",\"valueRequired\":true,\"valueName\":\"search_term_string\"}}],\"inLanguage\":\"ary\"},{\"@type\":\"Organization\",\"@id\":\"https:\/\/yazmed.ma\/#organization\",\"name\":\"Yazmed Healthcare\",\"url\":\"https:\/\/yazmed.ma\/\",\"logo\":{\"@type\":\"ImageObject\",\"inLanguage\":\"ary\",\"@id\":\"https:\/\/yazmed.ma\/#\/schema\/logo\/image\/\",\"url\":\"https:\/\/yazmed.ma\/wp-content\/uploads\/2024\/12\/3.png\",\"contentUrl\":\"https:\/\/yazmed.ma\/wp-content\/uploads\/2024\/12\/3.png\",\"width\":250,\"height\":70,\"caption\":\"Yazmed Healthcare\"},\"image\":{\"@id\":\"https:\/\/yazmed.ma\/#\/schema\/logo\/image\/\"},\"sameAs\":[\"https:\/\/www.facebook.com\/azenkouky\",\"https:\/\/www.instagram.com\/yazmedhealthcare\",\"https:\/\/www.linkedin.com\/in\/yazmed-healthcare-1b4955295\"]}]}<\/script>\n<!-- \/ Yoast SEO plugin. -->","yoast_head_json":{"title":"Electrocardiographe Digital 6 Piste - YAZMED","robots":{"index":"index","follow":"follow","max-snippet":"max-snippet:-1","max-image-preview":"max-image-preview:large","max-video-preview":"max-video-preview:-1"},"canonical":"https:\/\/yazmed.ma\/ar\/product\/electrocardiographe-numerique\/","og_locale":"ar_AR","og_type":"article","og_title":"Electrocardiographe Digital 6 Piste - YAZMED","og_description":"Electrocardiographe digital contec 6 Piste Est un appareil m\u00e9dical avanc\u00e9 con\u00e7u pour le diagnostic m\u00e9dical\u00a0 d enregistrer et analyser l'activit\u00e9 \u00e9lectrique du c\u0153ur, offrant des diagnostics pr\u00e9cis et fiables dans les environnements m\u00e9dicaux tels que les h\u00f4pitaux, cliniques, et cabinets m\u00e9dicaux.","og_url":"https:\/\/yazmed.ma\/ar\/product\/electrocardiographe-numerique\/","og_site_name":"YAZMED","article_publisher":"https:\/\/www.facebook.com\/azenkouky","article_modified_time":"2025-12-17T21:31:27+00:00","og_image":[{"width":570,"height":517,"url":"https:\/\/yazmed.ma\/wp-content\/uploads\/2024\/12\/Design-sans-titre-14.png","type":"image\/png"}],"twitter_card":"summary_large_image","twitter_misc":{"Est. reading time":"2 minutes"},"schema":{"@context":"https:\/\/schema.org","@graph":[{"@type":"WebPage","@id":"https:\/\/yazmed.ma\/product\/electrocardiographe-numerique\/","url":"https:\/\/yazmed.ma\/product\/electrocardiographe-numerique\/","name":"Electrocardiographe Digital 6 Piste - YAZMED","isPartOf":{"@id":"https:\/\/yazmed.ma\/#website"},"primaryImageOfPage":{"@id":"https:\/\/yazmed.ma\/product\/electrocardiographe-numerique\/#primaryimage"},"image":{"@id":"https:\/\/yazmed.ma\/product\/electrocardiographe-numerique\/#primaryimage"},"thumbnailUrl":"https:\/\/yazmed.ma\/wp-content\/uploads\/2024\/12\/Electrocardiographe-Digital-6-Piste.webp","datePublished":"2024-12-03T16:13:12+00:00","dateModified":"2025-12-17T21:31:27+00:00","breadcrumb":{"@id":"https:\/\/yazmed.ma\/product\/electrocardiographe-numerique\/#breadcrumb"},"inLanguage":"ary","potentialAction":[{"@type":"ReadAction","target":["https:\/\/yazmed.ma\/product\/electrocardiographe-numerique\/"]}]},{"@type":"ImageObject","inLanguage":"ary","@id":"https:\/\/yazmed.ma\/product\/electrocardiographe-numerique\/#primaryimage","url":"https:\/\/yazmed.ma\/wp-content\/uploads\/2024\/12\/Electrocardiographe-Digital-6-Piste.webp","contentUrl":"https:\/\/yazmed.ma\/wp-content\/uploads\/2024\/12\/Electrocardiographe-Digital-6-Piste.webp","width":570,"height":517,"caption":"Electrocardiographe Digital 6 Piste"},{"@type":"BreadcrumbList","@id":"https:\/\/yazmed.ma\/product\/electrocardiographe-numerique\/#breadcrumb","itemListElement":[{"@type":"ListItem","position":1,"name":"Accueil","item":"https:\/\/yazmed.ma\/"},{"@type":"ListItem","position":2,"name":"Shop","item":"https:\/\/yazmed.ma\/shop-2\/"},{"@type":"ListItem","position":3,"name":"\u00c9lectrocardiographe Digital"}]},{"@type":"WebSite","@id":"https:\/\/yazmed.ma\/#website","url":"https:\/\/yazmed.ma\/","name":"Yazmed","description":"LEADER DU MAT\u00c9RIEL M\u00c9DICAL AU MAROC","publisher":{"@id":"https:\/\/yazmed.ma\/#organization"},"potentialAction":[{"@type":"SearchAction","target":{"@type":"EntryPoint","urlTemplate":"https:\/\/yazmed.ma\/?s={search_term_string}"},"query-input":{"@type":"PropertyValueSpecification","valueRequired":true,"valueName":"search_term_string"}}],"inLanguage":"ary"},{"@type":"Organization","@id":"https:\/\/yazmed.ma\/#organization","name":"Yazmed Healthcare","url":"https:\/\/yazmed.ma\/","logo":{"@type":"ImageObject","inLanguage":"ary","@id":"https:\/\/yazmed.ma\/#\/schema\/logo\/image\/","url":"https:\/\/yazmed.ma\/wp-content\/uploads\/2024\/12\/3.png","contentUrl":"https:\/\/yazmed.ma\/wp-content\/uploads\/2024\/12\/3.png","width":250,"height":70,"caption":"Yazmed Healthcare"},"image":{"@id":"https:\/\/yazmed.ma\/#\/schema\/logo\/image\/"},"sameAs":["https:\/\/www.facebook.com\/azenkouky","https:\/\/www.instagram.com\/yazmedhealthcare","https:\/\/www.linkedin.com\/in\/yazmed-healthcare-1b4955295"]}]}},"_links":{"self":[{"href":"https:\/\/yazmed.ma\/ar\/wp-json\/wp\/v2\/product\/709","targetHints":{"allow":["GET"]}}],"collection":[{"href":"https:\/\/yazmed.ma\/ar\/wp-json\/wp\/v2\/product"}],"about":[{"href":"https:\/\/yazmed.ma\/ar\/wp-json\/wp\/v2\/types\/product"}],"replies":[{"embeddable":true,"href":"https:\/\/yazmed.ma\/ar\/wp-json\/wp\/v2\/comments?post=709"}],"version-history":[{"count":1,"href":"https:\/\/yazmed.ma\/ar\/wp-json\/wp\/v2\/product\/709\/revisions"}],"predecessor-version":[{"id":2946,"href":"https:\/\/yazmed.ma\/ar\/wp-json\/wp\/v2\/product\/709\/revisions\/2946"}],"wp:featuredmedia":[{"embeddable":true,"href":"https:\/\/yazmed.ma\/ar\/wp-json\/wp\/v2\/media\/2981"}],"wp:attachment":[{"href":"https:\/\/yazmed.ma\/ar\/wp-json\/wp\/v2\/media?parent=709"}],"wp:term":[{"taxonomy":"product_brand","embeddable":true,"href":"https:\/\/yazmed.ma\/ar\/wp-json\/wp\/v2\/product_brand?post=709"},{"taxonomy":"product_cat","embeddable":true,"href":"https:\/\/yazmed.ma\/ar\/wp-json\/wp\/v2\/product_cat?post=709"},{"taxonomy":"product_tag","embeddable":true,"href":"https:\/\/yazmed.ma\/ar\/wp-json\/wp\/v2\/product_tag?post=709"}],"curies":[{"name":"wp","href":"https:\/\/api.w.org\/{rel}","templated":true}]}}