{"id":3313,"date":"2026-03-28T14:51:39","date_gmt":"2026-03-28T14:51:39","guid":{"rendered":"https:\/\/yazmed.ma\/?post_type=product&#038;p=3313"},"modified":"2026-03-28T14:51:39","modified_gmt":"2026-03-28T14:51:39","slug":"lingettes-detro-100-hp","status":"publish","type":"product","link":"https:\/\/yazmed.ma\/ar\/product\/lingettes-detro-100-hp\/","title":{"rendered":"Lingettes Detro 100 HP"},"content":{"rendered":"<p><span dir=\"auto\">Lingettes d\u00e9sinfectantes \u00e0 base de peroxyde d&rsquo;hydrog\u00e8ne pour dispositifs et \u00e9quipements m\u00e9dicaux.<\/span><br \/>\n<span dir=\"auto\">Les lingettes Detro San HP sont des lingettes d\u00e9sinfectantes sans alcool, impr\u00e9gn\u00e9es d&rsquo;une solution pr\u00eate \u00e0 l&#8217;emploi de peroxyde d&rsquo;hydrog\u00e8ne et d&rsquo;acide organique. Chaque lingette est impr\u00e9gn\u00e9e d&rsquo;une solution sans alcool et assure \u00e0 la fois le nettoyage et la d\u00e9sinfection. Elles constituent une solution s\u00fbre pour le nettoyage et la d\u00e9sinfection d&rsquo;une large gamme de dispositifs m\u00e9dicaux, incubateurs et sondes particuli\u00e8rement sensibles. De plus, gr\u00e2ce \u00e0 leur formule sp\u00e9ciale sans alcool, ph\u00e9nol ni ald\u00e9hyde, elles garantissent un nettoyage et une d\u00e9sinfection efficaces sans endommager les surfaces sensibles.<\/span><\/p>\n<p>&nbsp;<\/p>\n<p>&nbsp;<\/p>\n<p><strong><span dir=\"auto\">Domaines d&rsquo;utilisation\u00a0:<\/span><\/strong><\/p>\n<p><span dir=\"auto\">\u00c9quipements m\u00e9dicaux tels que unit\u00e9s de soins intensifs, incubateurs, sondes, unit\u00e9s dentaires, t\u00eates d&rsquo;a\u00e9ration,<\/span><br \/>\n<span dir=\"auto\">polystyr\u00e8ne, acier inoxydable, PVC, polycarbonate, c\u00e9ramique, ABS, silicone, PEHD, caoutchouc, verre, dispositifs m\u00e9dicaux<\/span><\/p>","protected":false},"excerpt":{"rendered":"<h3>Lingettes Detro 100 HP<\/h3>\n<p><span dir=\"auto\">Lingettes d\u00e9sinfectantes \u00e0 base de peroxyde d&rsquo;hydrog\u00e8ne pour dispositifs et \u00e9quipements m\u00e9dicaux.<a title=\"St\u00e9rilisation (microbiologie)\" href=\"https:\/\/fr.wikipedia.org\/wiki\/St%C3%A9rilisation_(microbiologie)\">st\u00e9rilisation<\/a>),<\/span><br \/>\n<span dir=\"auto\">Les lingettes Detro San HP sont des lingettes d\u00e9sinfectantes sans alcool, impr\u00e9gn\u00e9es d&rsquo;une solution pr\u00eate \u00e0 l&#8217;emploi de peroxyde d&rsquo;hydrog\u00e8ne et d&rsquo;acide organique. Chaque lingette est impr\u00e9gn\u00e9e d&rsquo;une solution sans alcool et assure \u00e0 la fois le nettoyage et la d\u00e9sinfection. Elles constituent une solution s\u00fbre pour le nettoyage et la d\u00e9sinfection d&rsquo;une large gamme de dispositifs m\u00e9dicaux, incubateurs et sondes particuli\u00e8rement sensibles. De plus, gr\u00e2ce \u00e0 leur formule sp\u00e9ciale sans alcool, ph\u00e9nol ni ald\u00e9hyde, elles garantissent un nettoyage et une d\u00e9sinfection efficaces sans endommager les surfaces sensibles.<\/span><\/p>","protected":false},"featured_media":3314,"comment_status":"open","ping_status":"closed","template":"","meta":[],"product_brand":[],"product_cat":[56],"product_tag":[],"class_list":{"0":"post-3313","1":"product","2":"type-product","3":"status-publish","4":"has-post-thumbnail","6":"product_cat-sterilisation-hygiene","8":"first","9":"instock","10":"taxable","11":"shipping-taxable","12":"product-type-simple"},"yoast_head":"<!-- This site is optimized with the Yoast SEO plugin v26.9 - https:\/\/yoast.com\/product\/yoast-seo-wordpress\/ -->\n<title>Lingettes Detro 100 HP - YAZMED<\/title>\n<meta name=\"robots\" content=\"index, follow, max-snippet:-1, max-image-preview:large, max-video-preview:-1\" \/>\n<link rel=\"canonical\" href=\"https:\/\/yazmed.ma\/ar\/product\/lingettes-detro-100-hp\/\" \/>\n<meta property=\"og:locale\" content=\"ar_AR\" \/>\n<meta property=\"og:type\" content=\"article\" \/>\n<meta property=\"og:title\" content=\"Lingettes Detro 100 HP - YAZMED\" \/>\n<meta property=\"og:description\" content=\"Lingettes Detro 100 HP Lingettes d\u00e9sinfectantes \u00e0 base de peroxyde d&#039;hydrog\u00e8ne pour dispositifs et \u00e9quipements m\u00e9dicaux.st\u00e9rilisation), Les lingettes Detro San HP sont des lingettes d\u00e9sinfectantes sans alcool, impr\u00e9gn\u00e9es d&#039;une solution pr\u00eate \u00e0 l&#039;emploi de peroxyde d&#039;hydrog\u00e8ne et d&#039;acide organique. Chaque lingette est impr\u00e9gn\u00e9e d&#039;une solution sans alcool et assure \u00e0 la fois le nettoyage et la d\u00e9sinfection. Elles constituent une solution s\u00fbre pour le nettoyage et la d\u00e9sinfection d&#039;une large gamme de dispositifs m\u00e9dicaux, incubateurs et sondes particuli\u00e8rement sensibles. De plus, gr\u00e2ce \u00e0 leur formule sp\u00e9ciale sans alcool, ph\u00e9nol ni ald\u00e9hyde, elles garantissent un nettoyage et une d\u00e9sinfection efficaces sans endommager les surfaces sensibles.\" \/>\n<meta property=\"og:url\" content=\"https:\/\/yazmed.ma\/ar\/product\/lingettes-detro-100-hp\/\" \/>\n<meta property=\"og:site_name\" content=\"YAZMED\" \/>\n<meta property=\"article:publisher\" content=\"https:\/\/www.facebook.com\/azenkouky\" \/>\n<meta property=\"og:image\" content=\"https:\/\/yazmed.ma\/wp-content\/uploads\/2026\/03\/Lingettes-Detro-100-HP.webp\" \/>\n\t<meta property=\"og:image:width\" content=\"570\" \/>\n\t<meta property=\"og:image:height\" content=\"517\" \/>\n\t<meta property=\"og:image:type\" content=\"image\/webp\" \/>\n<meta name=\"twitter:card\" content=\"summary_large_image\" \/>\n<meta name=\"twitter:label1\" content=\"Est. reading time\" \/>\n\t<meta name=\"twitter:data1\" content=\"1 minute\" \/>\n<script type=\"application\/ld+json\" class=\"yoast-schema-graph\">{\"@context\":\"https:\/\/schema.org\",\"@graph\":[{\"@type\":\"WebPage\",\"@id\":\"https:\/\/yazmed.ma\/produit\/lingettes-detro-100-hp\/\",\"url\":\"https:\/\/yazmed.ma\/produit\/lingettes-detro-100-hp\/\",\"name\":\"Lingettes Detro 100 HP - YAZMED\",\"isPartOf\":{\"@id\":\"https:\/\/yazmed.ma\/#website\"},\"primaryImageOfPage\":{\"@id\":\"https:\/\/yazmed.ma\/produit\/lingettes-detro-100-hp\/#primaryimage\"},\"image\":{\"@id\":\"https:\/\/yazmed.ma\/produit\/lingettes-detro-100-hp\/#primaryimage\"},\"thumbnailUrl\":\"https:\/\/yazmed.ma\/wp-content\/uploads\/2026\/03\/Lingettes-Detro-100-HP.webp\",\"datePublished\":\"2026-03-28T14:51:39+00:00\",\"breadcrumb\":{\"@id\":\"https:\/\/yazmed.ma\/produit\/lingettes-detro-100-hp\/#breadcrumb\"},\"inLanguage\":\"ary\",\"potentialAction\":[{\"@type\":\"ReadAction\",\"target\":[\"https:\/\/yazmed.ma\/produit\/lingettes-detro-100-hp\/\"]}]},{\"@type\":\"ImageObject\",\"inLanguage\":\"ary\",\"@id\":\"https:\/\/yazmed.ma\/produit\/lingettes-detro-100-hp\/#primaryimage\",\"url\":\"https:\/\/yazmed.ma\/wp-content\/uploads\/2026\/03\/Lingettes-Detro-100-HP.webp\",\"contentUrl\":\"https:\/\/yazmed.ma\/wp-content\/uploads\/2026\/03\/Lingettes-Detro-100-HP.webp\",\"width\":570,\"height\":517,\"caption\":\"Lingettes Detro 100 HP\"},{\"@type\":\"BreadcrumbList\",\"@id\":\"https:\/\/yazmed.ma\/produit\/lingettes-detro-100-hp\/#breadcrumb\",\"itemListElement\":[{\"@type\":\"ListItem\",\"position\":1,\"name\":\"Accueil\",\"item\":\"https:\/\/yazmed.ma\/\"},{\"@type\":\"ListItem\",\"position\":2,\"name\":\"Shop\",\"item\":\"https:\/\/yazmed.ma\/shop-2\/\"},{\"@type\":\"ListItem\",\"position\":3,\"name\":\"Lingettes Detro 100 HP\"}]},{\"@type\":\"WebSite\",\"@id\":\"https:\/\/yazmed.ma\/#website\",\"url\":\"https:\/\/yazmed.ma\/\",\"name\":\"Yazmed\",\"description\":\"LEADER DU MAT\u00c9RIEL M\u00c9DICAL AU MAROC\",\"publisher\":{\"@id\":\"https:\/\/yazmed.ma\/#organization\"},\"potentialAction\":[{\"@type\":\"SearchAction\",\"target\":{\"@type\":\"EntryPoint\",\"urlTemplate\":\"https:\/\/yazmed.ma\/?s={search_term_string}\"},\"query-input\":{\"@type\":\"PropertyValueSpecification\",\"valueRequired\":true,\"valueName\":\"search_term_string\"}}],\"inLanguage\":\"ary\"},{\"@type\":\"Organization\",\"@id\":\"https:\/\/yazmed.ma\/#organization\",\"name\":\"Yazmed Healthcare\",\"url\":\"https:\/\/yazmed.ma\/\",\"logo\":{\"@type\":\"ImageObject\",\"inLanguage\":\"ary\",\"@id\":\"https:\/\/yazmed.ma\/#\/schema\/logo\/image\/\",\"url\":\"https:\/\/yazmed.ma\/wp-content\/uploads\/2024\/12\/3.png\",\"contentUrl\":\"https:\/\/yazmed.ma\/wp-content\/uploads\/2024\/12\/3.png\",\"width\":250,\"height\":70,\"caption\":\"Yazmed Healthcare\"},\"image\":{\"@id\":\"https:\/\/yazmed.ma\/#\/schema\/logo\/image\/\"},\"sameAs\":[\"https:\/\/www.facebook.com\/azenkouky\",\"https:\/\/www.instagram.com\/yazmedhealthcare\",\"https:\/\/www.linkedin.com\/in\/yazmed-healthcare-1b4955295\"]}]}<\/script>\n<!-- \/ Yoast SEO plugin. -->","yoast_head_json":{"title":"Lingettes Detro 100 HP - YAZMED","robots":{"index":"index","follow":"follow","max-snippet":"max-snippet:-1","max-image-preview":"max-image-preview:large","max-video-preview":"max-video-preview:-1"},"canonical":"https:\/\/yazmed.ma\/ar\/product\/lingettes-detro-100-hp\/","og_locale":"ar_AR","og_type":"article","og_title":"Lingettes Detro 100 HP - YAZMED","og_description":"Lingettes Detro 100 HP Lingettes d\u00e9sinfectantes \u00e0 base de peroxyde d'hydrog\u00e8ne pour dispositifs et \u00e9quipements m\u00e9dicaux.st\u00e9rilisation), Les lingettes Detro San HP sont des lingettes d\u00e9sinfectantes sans alcool, impr\u00e9gn\u00e9es d'une solution pr\u00eate \u00e0 l'emploi de peroxyde d'hydrog\u00e8ne et d'acide organique. Chaque lingette est impr\u00e9gn\u00e9e d'une solution sans alcool et assure \u00e0 la fois le nettoyage et la d\u00e9sinfection. Elles constituent une solution s\u00fbre pour le nettoyage et la d\u00e9sinfection d'une large gamme de dispositifs m\u00e9dicaux, incubateurs et sondes particuli\u00e8rement sensibles. De plus, gr\u00e2ce \u00e0 leur formule sp\u00e9ciale sans alcool, ph\u00e9nol ni ald\u00e9hyde, elles garantissent un nettoyage et une d\u00e9sinfection efficaces sans endommager les surfaces sensibles.","og_url":"https:\/\/yazmed.ma\/ar\/product\/lingettes-detro-100-hp\/","og_site_name":"YAZMED","article_publisher":"https:\/\/www.facebook.com\/azenkouky","og_image":[{"width":570,"height":517,"url":"https:\/\/yazmed.ma\/wp-content\/uploads\/2026\/03\/Lingettes-Detro-100-HP.webp","type":"image\/webp"}],"twitter_card":"summary_large_image","twitter_misc":{"Est. reading time":"1 minute"},"schema":{"@context":"https:\/\/schema.org","@graph":[{"@type":"WebPage","@id":"https:\/\/yazmed.ma\/produit\/lingettes-detro-100-hp\/","url":"https:\/\/yazmed.ma\/produit\/lingettes-detro-100-hp\/","name":"Lingettes Detro 100 HP - YAZMED","isPartOf":{"@id":"https:\/\/yazmed.ma\/#website"},"primaryImageOfPage":{"@id":"https:\/\/yazmed.ma\/produit\/lingettes-detro-100-hp\/#primaryimage"},"image":{"@id":"https:\/\/yazmed.ma\/produit\/lingettes-detro-100-hp\/#primaryimage"},"thumbnailUrl":"https:\/\/yazmed.ma\/wp-content\/uploads\/2026\/03\/Lingettes-Detro-100-HP.webp","datePublished":"2026-03-28T14:51:39+00:00","breadcrumb":{"@id":"https:\/\/yazmed.ma\/produit\/lingettes-detro-100-hp\/#breadcrumb"},"inLanguage":"ary","potentialAction":[{"@type":"ReadAction","target":["https:\/\/yazmed.ma\/produit\/lingettes-detro-100-hp\/"]}]},{"@type":"ImageObject","inLanguage":"ary","@id":"https:\/\/yazmed.ma\/produit\/lingettes-detro-100-hp\/#primaryimage","url":"https:\/\/yazmed.ma\/wp-content\/uploads\/2026\/03\/Lingettes-Detro-100-HP.webp","contentUrl":"https:\/\/yazmed.ma\/wp-content\/uploads\/2026\/03\/Lingettes-Detro-100-HP.webp","width":570,"height":517,"caption":"Lingettes Detro 100 HP"},{"@type":"BreadcrumbList","@id":"https:\/\/yazmed.ma\/produit\/lingettes-detro-100-hp\/#breadcrumb","itemListElement":[{"@type":"ListItem","position":1,"name":"Accueil","item":"https:\/\/yazmed.ma\/"},{"@type":"ListItem","position":2,"name":"Shop","item":"https:\/\/yazmed.ma\/shop-2\/"},{"@type":"ListItem","position":3,"name":"Lingettes Detro 100 HP"}]},{"@type":"WebSite","@id":"https:\/\/yazmed.ma\/#website","url":"https:\/\/yazmed.ma\/","name":"Yazmed","description":"LEADER DU MAT\u00c9RIEL M\u00c9DICAL AU MAROC","publisher":{"@id":"https:\/\/yazmed.ma\/#organization"},"potentialAction":[{"@type":"SearchAction","target":{"@type":"EntryPoint","urlTemplate":"https:\/\/yazmed.ma\/?s={search_term_string}"},"query-input":{"@type":"PropertyValueSpecification","valueRequired":true,"valueName":"search_term_string"}}],"inLanguage":"ary"},{"@type":"Organization","@id":"https:\/\/yazmed.ma\/#organization","name":"Yazmed Healthcare","url":"https:\/\/yazmed.ma\/","logo":{"@type":"ImageObject","inLanguage":"ary","@id":"https:\/\/yazmed.ma\/#\/schema\/logo\/image\/","url":"https:\/\/yazmed.ma\/wp-content\/uploads\/2024\/12\/3.png","contentUrl":"https:\/\/yazmed.ma\/wp-content\/uploads\/2024\/12\/3.png","width":250,"height":70,"caption":"Yazmed Healthcare"},"image":{"@id":"https:\/\/yazmed.ma\/#\/schema\/logo\/image\/"},"sameAs":["https:\/\/www.facebook.com\/azenkouky","https:\/\/www.instagram.com\/yazmedhealthcare","https:\/\/www.linkedin.com\/in\/yazmed-healthcare-1b4955295"]}]}},"_links":{"self":[{"href":"https:\/\/yazmed.ma\/ar\/wp-json\/wp\/v2\/product\/3313","targetHints":{"allow":["GET"]}}],"collection":[{"href":"https:\/\/yazmed.ma\/ar\/wp-json\/wp\/v2\/product"}],"about":[{"href":"https:\/\/yazmed.ma\/ar\/wp-json\/wp\/v2\/types\/product"}],"replies":[{"embeddable":true,"href":"https:\/\/yazmed.ma\/ar\/wp-json\/wp\/v2\/comments?post=3313"}],"version-history":[{"count":2,"href":"https:\/\/yazmed.ma\/ar\/wp-json\/wp\/v2\/product\/3313\/revisions"}],"predecessor-version":[{"id":3316,"href":"https:\/\/yazmed.ma\/ar\/wp-json\/wp\/v2\/product\/3313\/revisions\/3316"}],"wp:featuredmedia":[{"embeddable":true,"href":"https:\/\/yazmed.ma\/ar\/wp-json\/wp\/v2\/media\/3314"}],"wp:attachment":[{"href":"https:\/\/yazmed.ma\/ar\/wp-json\/wp\/v2\/media?parent=3313"}],"wp:term":[{"taxonomy":"product_brand","embeddable":true,"href":"https:\/\/yazmed.ma\/ar\/wp-json\/wp\/v2\/product_brand?post=3313"},{"taxonomy":"product_cat","embeddable":true,"href":"https:\/\/yazmed.ma\/ar\/wp-json\/wp\/v2\/product_cat?post=3313"},{"taxonomy":"product_tag","embeddable":true,"href":"https:\/\/yazmed.ma\/ar\/wp-json\/wp\/v2\/product_tag?post=3313"}],"curies":[{"name":"wp","href":"https:\/\/api.w.org\/{rel}","templated":true}]}}