{"id":3122,"date":"2026-02-13T18:37:05","date_gmt":"2026-02-13T18:37:05","guid":{"rendered":"https:\/\/yazmed.ma\/?post_type=product&#038;p=3122"},"modified":"2026-03-15T22:09:53","modified_gmt":"2026-03-15T22:09:53","slug":"pompe-a-infusion-275-ml","status":"publish","type":"product","link":"https:\/\/yazmed.ma\/ar\/product\/pompe-a-infusion-275-ml\/","title":{"rendered":"Pompe \u00e0 infusion 275 ML"},"content":{"rendered":"<h3 data-start=\"152\" data-end=\"195\"><img decoding=\"async\" class=\"emoji\" role=\"img\" draggable=\"false\" src=\"https:\/\/s.w.org\/images\/core\/emoji\/16.0.1\/svg\/2705.svg\" alt=\"\u2705\" \/>Caract\u00e9ristiques techniques principales<\/h3>\n<p data-start=\"199\" data-end=\"262\"><strong data-start=\"199\" data-end=\"220\"><img decoding=\"async\" class=\"emoji\" role=\"img\" draggable=\"false\" src=\"https:\/\/s.w.org\/images\/core\/emoji\/16.0.1\/svg\/2705.svg\" alt=\"\u2705\" \/>R\u00e9f\u00e9rence produit<\/strong>\u00a0:\u00a0<span class=\"relative -mx-px my-[-0.2rem] rounded px-px py-[0.2rem] transition-colors duration-100 ease-in-out\">WZ-6522-05<\/span><\/p>\n<p data-start=\"265\" data-end=\"316\"><strong data-start=\"265\" data-end=\"274\"><img decoding=\"async\" class=\"emoji\" role=\"img\" draggable=\"false\" src=\"https:\/\/s.w.org\/images\/core\/emoji\/16.0.1\/svg\/2705.svg\" alt=\"\u2705\" \/>S\u00e9rie<\/strong>\u00a0:\u00a0<span class=\"relative -mx-px my-[-0.2rem] rounded px-px py-[0.2rem] transition-colors duration-100 ease-in-out\">Basal<\/span><\/p>\n<p data-start=\"319\" data-end=\"386\"><strong data-start=\"319\" data-end=\"344\"><img decoding=\"async\" class=\"emoji\" role=\"img\" draggable=\"false\" src=\"https:\/\/s.w.org\/images\/core\/emoji\/16.0.1\/svg\/2705.svg\" alt=\"\u2705\" \/>Capacit\u00e9 du r\u00e9servoir<\/strong>\u00a0:\u00a0<span class=\"relative -mx-px my-[-0.2rem] rounded px-px py-[0.2rem] transition-colors duration-100 ease-in-out\">275 ml<\/span><\/p>\n<p data-start=\"389\" data-end=\"451\"><strong data-start=\"389\" data-end=\"409\"><img decoding=\"async\" class=\"emoji\" role=\"img\" draggable=\"false\" src=\"https:\/\/s.w.org\/images\/core\/emoji\/16.0.1\/svg\/2705.svg\" alt=\"\u2705\" \/>D\u00e9bit basal fixe<\/strong>\u00a0:\u00a0<span class=\"relative -mx-px my-[-0.2rem] rounded px-px py-[0.2rem] transition-colors duration-100 ease-in-out\">5 ml\/h<\/span><\/p>\n<p data-start=\"454\" data-end=\"513\"><strong data-start=\"454\" data-end=\"471\"><img decoding=\"async\" class=\"emoji\" role=\"img\" draggable=\"false\" src=\"https:\/\/s.w.org\/images\/core\/emoji\/16.0.1\/svg\/2705.svg\" alt=\"\u2705\" \/>Type de pompe<\/strong>\u00a0:\u00a0<span class=\"relative -mx-px my-[-0.2rem] rounded px-px py-[0.2rem] transition-colors duration-100 ease-in-out\">\u00c9lastom\u00e8re (fonctionne sans alimentation \u00e9lectrique)<\/span><\/p>\n<p data-start=\"516\" data-end=\"573\"><strong data-start=\"516\" data-end=\"531\"><img decoding=\"async\" class=\"emoji\" role=\"img\" draggable=\"false\" src=\"https:\/\/s.w.org\/images\/core\/emoji\/16.0.1\/svg\/2705.svg\" alt=\"\u2705\" \/>Utilisation<\/strong>\u00a0:\u00a0<span class=\"relative -mx-px my-[-0.2rem] rounded px-px py-[0.2rem] transition-colors duration-100 ease-in-out\">Administration continue de m\u00e9dicaments (par exemple, analg\u00e9siques, antibiotiques, chimioth\u00e9rapie)<\/span><\/p>\n<p data-start=\"576\" data-end=\"679\"><strong data-start=\"576\" data-end=\"598\">\u00a0<img decoding=\"async\" class=\"emoji\" role=\"img\" draggable=\"false\" src=\"https:\/\/s.w.org\/images\/core\/emoji\/16.0.1\/svg\/2705.svg\" alt=\"\u2705\" \/>Accessoires inclus<\/strong>\u00a0:\u00a0<span class=\"relative -mx-px my-[-0.2rem] rounded px-px py-[0.2rem] transition-colors duration-100 ease-in-out\">Pochette de transport et lacet<\/span><\/p>","protected":false},"excerpt":{"rendered":"<h4><span class=\"relative -mx-px my-[-0.2rem] rounded px-px py-[0.2rem] transition-colors duration-100 ease-in-out\">La pompe \u00e0 infusion<\/span><\/h4>\n<p><span class=\"relative -mx-px my-[-0.2rem] rounded px-px py-[0.2rem] transition-colors duration-100 ease-in-out\"> \u00e9lastom\u00e8re mod\u00e8le \u00a0est un dispositif m\u00e9dical jetable con\u00e7u pour l\u2019administration continue de m\u00e9dicaments, notamment en analg\u00e9sie postop\u00e9ratoire ou en soins palliatifs.<\/span>\u00a0<span class=\"relative -mx-px my-[-0.2rem] rounded px-px py-[0.2rem] transition-colors duration-100 ease-in-out\">Elle est \u00e9quip\u00e9e d\u2019un r\u00e9servoir de\u00a0<strong data-start=\"35\" data-end=\"45\">275 ml<\/strong>\u00a0et d\u00e9livre un d\u00e9bit basal constant de\u00a0<strong data-start=\"84\" data-end=\"94\">5 ml\/h<\/strong>.<\/span>\u00a0<span class=\"relative -mx-px my-[-0.2rem] rounded px-px py-[0.2rem] transition-colors duration-100 ease-in-out\">Ce mod\u00e8le est souvent fourni avec une pochette de transport et un lacet pour une utilisation ambulatoire.Par <a title=\"\" href=\"https:\/\/fr.wikipedia.org\/wiki\/Agent_chimioth%C3%A9rapeutique\">agents chimioth\u00e9rapeutiques<\/a><\/span><\/p>","protected":false},"featured_media":3123,"comment_status":"open","ping_status":"closed","template":"","meta":[],"product_brand":[],"product_cat":[51],"product_tag":[],"class_list":{"0":"post-3122","1":"product","2":"type-product","3":"status-publish","4":"has-post-thumbnail","6":"product_cat-bloc-et-reanimation","8":"first","9":"instock","10":"taxable","11":"shipping-taxable","12":"product-type-simple"},"yoast_head":"<!-- This site is optimized with the Yoast SEO plugin v26.9 - https:\/\/yoast.com\/product\/yoast-seo-wordpress\/ -->\n<title>pompe infusion 275 ml \/ 5ml<\/title>\n<meta name=\"description\" content=\"La pompe \u00e0 infusion \u00e9lastom\u00e8re 275 ml\" \/>\n<meta name=\"robots\" content=\"index, follow, max-snippet:-1, max-image-preview:large, max-video-preview:-1\" \/>\n<link rel=\"canonical\" href=\"https:\/\/yazmed.ma\/ar\/product\/pompe-a-infusion-275-ml\/\" \/>\n<meta property=\"og:locale\" content=\"ar_AR\" \/>\n<meta property=\"og:type\" content=\"article\" \/>\n<meta property=\"og:title\" content=\"pompe infusion 275 ml \/ 5ml\" \/>\n<meta property=\"og:description\" content=\"La pompe \u00e0 infusion \u00e9lastom\u00e8re 275 ml\" \/>\n<meta property=\"og:url\" content=\"https:\/\/yazmed.ma\/ar\/product\/pompe-a-infusion-275-ml\/\" \/>\n<meta property=\"og:site_name\" content=\"YAZMED\" \/>\n<meta property=\"article:publisher\" content=\"https:\/\/www.facebook.com\/azenkouky\" \/>\n<meta property=\"article:modified_time\" content=\"2026-03-15T22:09:53+00:00\" \/>\n<meta property=\"og:image\" content=\"https:\/\/yazmed.ma\/wp-content\/uploads\/2026\/02\/Pompe-a-infusion-275-ML.webp\" \/>\n\t<meta property=\"og:image:width\" content=\"570\" \/>\n\t<meta property=\"og:image:height\" content=\"517\" \/>\n\t<meta property=\"og:image:type\" content=\"image\/webp\" \/>\n<meta name=\"twitter:card\" content=\"summary_large_image\" \/>\n<meta name=\"twitter:label1\" content=\"Est. reading time\" \/>\n\t<meta name=\"twitter:data1\" content=\"3 minutes\" \/>\n<script type=\"application\/ld+json\" class=\"yoast-schema-graph\">{\"@context\":\"https:\/\/schema.org\",\"@graph\":[{\"@type\":\"WebPage\",\"@id\":\"https:\/\/yazmed.ma\/product\/pompe-a-infusion-275-ml\/\",\"url\":\"https:\/\/yazmed.ma\/product\/pompe-a-infusion-275-ml\/\",\"name\":\"pompe infusion 275 ml \/ 5ml\",\"isPartOf\":{\"@id\":\"https:\/\/yazmed.ma\/#website\"},\"primaryImageOfPage\":{\"@id\":\"https:\/\/yazmed.ma\/product\/pompe-a-infusion-275-ml\/#primaryimage\"},\"image\":{\"@id\":\"https:\/\/yazmed.ma\/product\/pompe-a-infusion-275-ml\/#primaryimage\"},\"thumbnailUrl\":\"https:\/\/yazmed.ma\/wp-content\/uploads\/2026\/02\/Pompe-a-infusion-275-ML.webp\",\"datePublished\":\"2026-02-13T18:37:05+00:00\",\"dateModified\":\"2026-03-15T22:09:53+00:00\",\"description\":\"La pompe \u00e0 infusion \u00e9lastom\u00e8re 275 ml\",\"breadcrumb\":{\"@id\":\"https:\/\/yazmed.ma\/product\/pompe-a-infusion-275-ml\/#breadcrumb\"},\"inLanguage\":\"ary\",\"potentialAction\":[{\"@type\":\"ReadAction\",\"target\":[\"https:\/\/yazmed.ma\/product\/pompe-a-infusion-275-ml\/\"]}]},{\"@type\":\"ImageObject\",\"inLanguage\":\"ary\",\"@id\":\"https:\/\/yazmed.ma\/product\/pompe-a-infusion-275-ml\/#primaryimage\",\"url\":\"https:\/\/yazmed.ma\/wp-content\/uploads\/2026\/02\/Pompe-a-infusion-275-ML.webp\",\"contentUrl\":\"https:\/\/yazmed.ma\/wp-content\/uploads\/2026\/02\/Pompe-a-infusion-275-ML.webp\",\"width\":570,\"height\":517,\"caption\":\"Pompe \u00e0 infusion 275 ML\"},{\"@type\":\"BreadcrumbList\",\"@id\":\"https:\/\/yazmed.ma\/product\/pompe-a-infusion-275-ml\/#breadcrumb\",\"itemListElement\":[{\"@type\":\"ListItem\",\"position\":1,\"name\":\"Accueil\",\"item\":\"https:\/\/yazmed.ma\/\"},{\"@type\":\"ListItem\",\"position\":2,\"name\":\"Shop\",\"item\":\"https:\/\/yazmed.ma\/shop-2\/\"},{\"@type\":\"ListItem\",\"position\":3,\"name\":\"Pompe \u00e0 infusion 275 ML\"}]},{\"@type\":\"WebSite\",\"@id\":\"https:\/\/yazmed.ma\/#website\",\"url\":\"https:\/\/yazmed.ma\/\",\"name\":\"Yazmed\",\"description\":\"LEADER DU MAT\u00c9RIEL M\u00c9DICAL AU MAROC\",\"publisher\":{\"@id\":\"https:\/\/yazmed.ma\/#organization\"},\"potentialAction\":[{\"@type\":\"SearchAction\",\"target\":{\"@type\":\"EntryPoint\",\"urlTemplate\":\"https:\/\/yazmed.ma\/?s={search_term_string}\"},\"query-input\":{\"@type\":\"PropertyValueSpecification\",\"valueRequired\":true,\"valueName\":\"search_term_string\"}}],\"inLanguage\":\"ary\"},{\"@type\":\"Organization\",\"@id\":\"https:\/\/yazmed.ma\/#organization\",\"name\":\"Yazmed Healthcare\",\"url\":\"https:\/\/yazmed.ma\/\",\"logo\":{\"@type\":\"ImageObject\",\"inLanguage\":\"ary\",\"@id\":\"https:\/\/yazmed.ma\/#\/schema\/logo\/image\/\",\"url\":\"https:\/\/yazmed.ma\/wp-content\/uploads\/2024\/12\/3.png\",\"contentUrl\":\"https:\/\/yazmed.ma\/wp-content\/uploads\/2024\/12\/3.png\",\"width\":250,\"height\":70,\"caption\":\"Yazmed Healthcare\"},\"image\":{\"@id\":\"https:\/\/yazmed.ma\/#\/schema\/logo\/image\/\"},\"sameAs\":[\"https:\/\/www.facebook.com\/azenkouky\",\"https:\/\/www.instagram.com\/yazmedhealthcare\",\"https:\/\/www.linkedin.com\/in\/yazmed-healthcare-1b4955295\"]}]}<\/script>\n<!-- \/ Yoast SEO plugin. -->","yoast_head_json":{"title":"pompe infusion 275 ml \/ 5ml","description":"La pompe \u00e0 infusion \u00e9lastom\u00e8re 275 ml","robots":{"index":"index","follow":"follow","max-snippet":"max-snippet:-1","max-image-preview":"max-image-preview:large","max-video-preview":"max-video-preview:-1"},"canonical":"https:\/\/yazmed.ma\/ar\/product\/pompe-a-infusion-275-ml\/","og_locale":"ar_AR","og_type":"article","og_title":"pompe infusion 275 ml \/ 5ml","og_description":"La pompe \u00e0 infusion \u00e9lastom\u00e8re 275 ml","og_url":"https:\/\/yazmed.ma\/ar\/product\/pompe-a-infusion-275-ml\/","og_site_name":"YAZMED","article_publisher":"https:\/\/www.facebook.com\/azenkouky","article_modified_time":"2026-03-15T22:09:53+00:00","og_image":[{"width":570,"height":517,"url":"https:\/\/yazmed.ma\/wp-content\/uploads\/2026\/02\/Pompe-a-infusion-275-ML.webp","type":"image\/webp"}],"twitter_card":"summary_large_image","twitter_misc":{"Est. reading time":"3 minutes"},"schema":{"@context":"https:\/\/schema.org","@graph":[{"@type":"WebPage","@id":"https:\/\/yazmed.ma\/product\/pompe-a-infusion-275-ml\/","url":"https:\/\/yazmed.ma\/product\/pompe-a-infusion-275-ml\/","name":"pompe infusion 275 ml \/ 5ml","isPartOf":{"@id":"https:\/\/yazmed.ma\/#website"},"primaryImageOfPage":{"@id":"https:\/\/yazmed.ma\/product\/pompe-a-infusion-275-ml\/#primaryimage"},"image":{"@id":"https:\/\/yazmed.ma\/product\/pompe-a-infusion-275-ml\/#primaryimage"},"thumbnailUrl":"https:\/\/yazmed.ma\/wp-content\/uploads\/2026\/02\/Pompe-a-infusion-275-ML.webp","datePublished":"2026-02-13T18:37:05+00:00","dateModified":"2026-03-15T22:09:53+00:00","description":"La pompe \u00e0 infusion \u00e9lastom\u00e8re 275 ml","breadcrumb":{"@id":"https:\/\/yazmed.ma\/product\/pompe-a-infusion-275-ml\/#breadcrumb"},"inLanguage":"ary","potentialAction":[{"@type":"ReadAction","target":["https:\/\/yazmed.ma\/product\/pompe-a-infusion-275-ml\/"]}]},{"@type":"ImageObject","inLanguage":"ary","@id":"https:\/\/yazmed.ma\/product\/pompe-a-infusion-275-ml\/#primaryimage","url":"https:\/\/yazmed.ma\/wp-content\/uploads\/2026\/02\/Pompe-a-infusion-275-ML.webp","contentUrl":"https:\/\/yazmed.ma\/wp-content\/uploads\/2026\/02\/Pompe-a-infusion-275-ML.webp","width":570,"height":517,"caption":"Pompe \u00e0 infusion 275 ML"},{"@type":"BreadcrumbList","@id":"https:\/\/yazmed.ma\/product\/pompe-a-infusion-275-ml\/#breadcrumb","itemListElement":[{"@type":"ListItem","position":1,"name":"Accueil","item":"https:\/\/yazmed.ma\/"},{"@type":"ListItem","position":2,"name":"Shop","item":"https:\/\/yazmed.ma\/shop-2\/"},{"@type":"ListItem","position":3,"name":"Pompe \u00e0 infusion 275 ML"}]},{"@type":"WebSite","@id":"https:\/\/yazmed.ma\/#website","url":"https:\/\/yazmed.ma\/","name":"Yazmed","description":"LEADER DU MAT\u00c9RIEL M\u00c9DICAL AU MAROC","publisher":{"@id":"https:\/\/yazmed.ma\/#organization"},"potentialAction":[{"@type":"SearchAction","target":{"@type":"EntryPoint","urlTemplate":"https:\/\/yazmed.ma\/?s={search_term_string}"},"query-input":{"@type":"PropertyValueSpecification","valueRequired":true,"valueName":"search_term_string"}}],"inLanguage":"ary"},{"@type":"Organization","@id":"https:\/\/yazmed.ma\/#organization","name":"Yazmed Healthcare","url":"https:\/\/yazmed.ma\/","logo":{"@type":"ImageObject","inLanguage":"ary","@id":"https:\/\/yazmed.ma\/#\/schema\/logo\/image\/","url":"https:\/\/yazmed.ma\/wp-content\/uploads\/2024\/12\/3.png","contentUrl":"https:\/\/yazmed.ma\/wp-content\/uploads\/2024\/12\/3.png","width":250,"height":70,"caption":"Yazmed Healthcare"},"image":{"@id":"https:\/\/yazmed.ma\/#\/schema\/logo\/image\/"},"sameAs":["https:\/\/www.facebook.com\/azenkouky","https:\/\/www.instagram.com\/yazmedhealthcare","https:\/\/www.linkedin.com\/in\/yazmed-healthcare-1b4955295"]}]}},"_links":{"self":[{"href":"https:\/\/yazmed.ma\/ar\/wp-json\/wp\/v2\/product\/3122","targetHints":{"allow":["GET"]}}],"collection":[{"href":"https:\/\/yazmed.ma\/ar\/wp-json\/wp\/v2\/product"}],"about":[{"href":"https:\/\/yazmed.ma\/ar\/wp-json\/wp\/v2\/types\/product"}],"replies":[{"embeddable":true,"href":"https:\/\/yazmed.ma\/ar\/wp-json\/wp\/v2\/comments?post=3122"}],"version-history":[{"count":0,"href":"https:\/\/yazmed.ma\/ar\/wp-json\/wp\/v2\/product\/3122\/revisions"}],"wp:featuredmedia":[{"embeddable":true,"href":"https:\/\/yazmed.ma\/ar\/wp-json\/wp\/v2\/media\/3123"}],"wp:attachment":[{"href":"https:\/\/yazmed.ma\/ar\/wp-json\/wp\/v2\/media?parent=3122"}],"wp:term":[{"taxonomy":"product_brand","embeddable":true,"href":"https:\/\/yazmed.ma\/ar\/wp-json\/wp\/v2\/product_brand?post=3122"},{"taxonomy":"product_cat","embeddable":true,"href":"https:\/\/yazmed.ma\/ar\/wp-json\/wp\/v2\/product_cat?post=3122"},{"taxonomy":"product_tag","embeddable":true,"href":"https:\/\/yazmed.ma\/ar\/wp-json\/wp\/v2\/product_tag?post=3122"}],"curies":[{"name":"wp","href":"https:\/\/api.w.org\/{rel}","templated":true}]}}