{"id":3087,"date":"2026-01-09T16:18:01","date_gmt":"2026-01-09T16:18:01","guid":{"rendered":"https:\/\/yazmed.ma\/?post_type=product&#038;p=3087"},"modified":"2026-01-09T16:18:01","modified_gmt":"2026-01-09T16:18:01","slug":"chambre-implantable-bardport-3880ce","status":"publish","type":"product","link":"https:\/\/yazmed.ma\/ar\/product\/chambre-implantable-bardport-3880ce\/","title":{"rendered":"CHAMBRE IMPLANTABLE BARDPORT 3880CE"},"content":{"rendered":"<p>&nbsp;<\/p>\n<p><img decoding=\"async\" class=\"emoji\" role=\"img\" draggable=\"false\" src=\"https:\/\/s.w.org\/images\/core\/emoji\/16.0.1\/svg\/2705.svg\" alt=\"\u2705\" \/>Chimioth\u00e9rapies, nutrition parent\u00e9rale, injections de produits sanguins, antibioth\u00e9rapies, anti-inflammatoires, pr\u00e9l\u00e8vements sanguins<br \/>\n<img decoding=\"async\" class=\"emoji\" role=\"img\" draggable=\"false\" src=\"https:\/\/s.w.org\/images\/core\/emoji\/16.0.1\/svg\/2705.svg\" alt=\"\u2705\" \/>Administrations de produits : solutions, macromol\u00e9cules, \u00e9mulsions lipidiques, sang et<br \/>\nd\u00e9riv\u00e9s<br \/>\n<img decoding=\"async\" class=\"emoji\" role=\"img\" draggable=\"false\" src=\"https:\/\/s.w.org\/images\/core\/emoji\/16.0.1\/svg\/2705.svg\" alt=\"\u2705\" \/>Mode d\u2019administration : embol, perfusion continue<br \/>\n<img decoding=\"async\" class=\"emoji\" role=\"img\" draggable=\"false\" src=\"https:\/\/s.w.org\/images\/core\/emoji\/16.0.1\/svg\/2705.svg\" alt=\"\u2705\" \/>Compatibilit\u00e9 avec IRM (absence de composants ferromagn\u00e9tiques)<br \/>\n<img decoding=\"async\" class=\"emoji\" role=\"img\" draggable=\"false\" src=\"https:\/\/s.w.org\/images\/core\/emoji\/16.0.1\/svg\/2705.svg\" alt=\"\u2705\" \/>Administrations et pr\u00e9l\u00e8vements (sous r\u00e9serve de compatibilit\u00e9 d\u2019utilisation avec les<br \/>\n<img decoding=\"async\" class=\"emoji\" role=\"img\" draggable=\"false\" src=\"https:\/\/s.w.org\/images\/core\/emoji\/16.0.1\/svg\/2705.svg\" alt=\"\u2705\" \/>mat\u00e9riaux constitutifs, du respect des r\u00e8gles d\u2019utilisation : robinets trois voies,<br \/>\n<img decoding=\"async\" class=\"emoji\" role=\"img\" draggable=\"false\" src=\"https:\/\/s.w.org\/images\/core\/emoji\/16.0.1\/svg\/2705.svg\" alt=\"\u2705\" \/>h\u00e9parinisation, seringue de 10 ml,\u2026, et de la possibilit\u00e9 en fonction de l\u2019abord art\u00e9riel)<br \/>\n<img decoding=\"async\" class=\"emoji\" role=\"img\" draggable=\"false\" src=\"https:\/\/s.w.org\/images\/core\/emoji\/16.0.1\/svg\/2705.svg\" alt=\"\u2705\" \/>D\u00e9bit &gt; 500 ml\/h<\/p>\n<div class=\"mw-heading mw-heading2\"><\/div>\n<p>&nbsp;<\/p>","protected":false},"excerpt":{"rendered":"<h5>CHAMBRE IMPLANTABLE BARDPORT 3880CE<\/h5>\n<p>aussi appel\u00e9e PAC pour \u00ab Port-a-Cath \u00bb, est destin\u00e9e \u00e0 permettre l\u2019injection r\u00e9currente de traitements m\u00e9dicamenteux dans le syst\u00e8me veineux central, sans passer par les veines plus fragiles des bras. Elle est le plus souvent associ\u00e9e \u00e0 la n\u00e9cessit\u00e9 de d\u00e9marrer une \u00a0<a title=\"Chimioth\u00e9rapie\" href=\"https:\/\/fr.wikipedia.org\/wiki\/Chimioth%C3%A9rapie\">chimioth\u00e9rapie<\/a>. mais est aussi utilis\u00e9e pour d\u2019autres traitements administr\u00e9s par voie veineuse d\u2019une mani\u00e8re r\u00e9p\u00e9t\u00e9e et sur une longue dur\u00e9e.<\/p>\n<p>\u2705R\u00e9f\u00e9rences 0603880CE, 0602680CE &amp; 0602690CE : le cath\u00e9ter est \u00e0 raccorder \u00e0 la chambre.<br \/>\n\u2705CR\u00e9f\u00e9rence 0602660CE &amp; 0602670CE : le cath\u00e9ter est solidaire de la chambre<\/p>\n<p><img decoding=\"async\" class=\"\" src=\"https:\/\/img.medicalexpo.fr\/images_me\/logo-p\/L78824.gif\" alt=\"Bard Access Systems - logo\" width=\"108\" height=\"55\" \/><\/p>","protected":false},"featured_media":3089,"comment_status":"open","ping_status":"closed","template":"","meta":[],"product_brand":[303],"product_cat":[51],"product_tag":[305,304,306,307],"class_list":{"0":"post-3087","1":"product","2":"type-product","3":"status-publish","4":"has-post-thumbnail","6":"product_brand-bard","7":"product_cat-bloc-et-reanimation","8":"product_tag-chambre-implantable","9":"product_tag-chimiotherapie","10":"product_tag-pac","11":"product_tag-port-a-cath","13":"first","14":"instock","15":"taxable","16":"shipping-taxable","17":"product-type-simple"},"yoast_head":"<!-- This site is optimized with the Yoast SEO plugin v26.9 - https:\/\/yoast.com\/product\/yoast-seo-wordpress\/ -->\n<title>CHAMBRE IMPLANTABLE BARDPORT 3880CE - YAZMED<\/title>\n<meta name=\"robots\" content=\"index, follow, max-snippet:-1, max-image-preview:large, max-video-preview:-1\" \/>\n<link rel=\"canonical\" href=\"https:\/\/yazmed.ma\/ar\/product\/chambre-implantable-bardport-3880ce\/\" \/>\n<meta property=\"og:locale\" content=\"ar_AR\" \/>\n<meta property=\"og:type\" content=\"article\" \/>\n<meta property=\"og:title\" content=\"CHAMBRE IMPLANTABLE BARDPORT 3880CE - YAZMED\" \/>\n<meta property=\"og:description\" content=\"CHAMBRE IMPLANTABLE BARDPORT 3880CE aussi appel\u00e9e PAC pour \u00ab Port-a-Cath \u00bb, est destin\u00e9e \u00e0 permettre l\u2019injection r\u00e9currente de traitements m\u00e9dicamenteux dans le syst\u00e8me veineux central, sans passer par les veines plus fragiles des bras. Elle est le plus souvent associ\u00e9e \u00e0 la n\u00e9cessit\u00e9 de d\u00e9marrer une \u00a0chimioth\u00e9rapie. mais est aussi utilis\u00e9e pour d\u2019autres traitements administr\u00e9s par voie veineuse d\u2019une mani\u00e8re r\u00e9p\u00e9t\u00e9e et sur une longue dur\u00e9e.  \u2705R\u00e9f\u00e9rences 0603880CE, 0602680CE &amp; 0602690CE : le cath\u00e9ter est \u00e0 raccorder \u00e0 la chambre. \u2705CR\u00e9f\u00e9rence 0602660CE &amp; 0602670CE : le cath\u00e9ter est solidaire de la chambre\" \/>\n<meta property=\"og:url\" content=\"https:\/\/yazmed.ma\/ar\/product\/chambre-implantable-bardport-3880ce\/\" \/>\n<meta property=\"og:site_name\" content=\"YAZMED\" \/>\n<meta property=\"article:publisher\" content=\"https:\/\/www.facebook.com\/azenkouky\" \/>\n<meta property=\"og:image\" content=\"https:\/\/yazmed.ma\/wp-content\/uploads\/2026\/01\/CHAMBRE-IMPLANTABLE-BARDPORT-1.webp\" \/>\n\t<meta property=\"og:image:width\" content=\"570\" \/>\n\t<meta property=\"og:image:height\" content=\"517\" \/>\n\t<meta property=\"og:image:type\" content=\"image\/webp\" \/>\n<meta name=\"twitter:card\" content=\"summary_large_image\" \/>\n<script type=\"application\/ld+json\" class=\"yoast-schema-graph\">{\"@context\":\"https:\/\/schema.org\",\"@graph\":[{\"@type\":\"WebPage\",\"@id\":\"https:\/\/yazmed.ma\/product\/chambre-implantable-bardport-3880ce\/\",\"url\":\"https:\/\/yazmed.ma\/product\/chambre-implantable-bardport-3880ce\/\",\"name\":\"CHAMBRE IMPLANTABLE BARDPORT 3880CE - YAZMED\",\"isPartOf\":{\"@id\":\"https:\/\/yazmed.ma\/#website\"},\"primaryImageOfPage\":{\"@id\":\"https:\/\/yazmed.ma\/product\/chambre-implantable-bardport-3880ce\/#primaryimage\"},\"image\":{\"@id\":\"https:\/\/yazmed.ma\/product\/chambre-implantable-bardport-3880ce\/#primaryimage\"},\"thumbnailUrl\":\"https:\/\/yazmed.ma\/wp-content\/uploads\/2026\/01\/CHAMBRE-IMPLANTABLE-BARDPORT-1.webp\",\"datePublished\":\"2026-01-09T16:18:01+00:00\",\"breadcrumb\":{\"@id\":\"https:\/\/yazmed.ma\/product\/chambre-implantable-bardport-3880ce\/#breadcrumb\"},\"inLanguage\":\"ary\",\"potentialAction\":[{\"@type\":\"ReadAction\",\"target\":[\"https:\/\/yazmed.ma\/product\/chambre-implantable-bardport-3880ce\/\"]}]},{\"@type\":\"ImageObject\",\"inLanguage\":\"ary\",\"@id\":\"https:\/\/yazmed.ma\/product\/chambre-implantable-bardport-3880ce\/#primaryimage\",\"url\":\"https:\/\/yazmed.ma\/wp-content\/uploads\/2026\/01\/CHAMBRE-IMPLANTABLE-BARDPORT-1.webp\",\"contentUrl\":\"https:\/\/yazmed.ma\/wp-content\/uploads\/2026\/01\/CHAMBRE-IMPLANTABLE-BARDPORT-1.webp\",\"width\":570,\"height\":517,\"caption\":\"CHAMBRE IMPLANTABLE BARDPORT\"},{\"@type\":\"BreadcrumbList\",\"@id\":\"https:\/\/yazmed.ma\/product\/chambre-implantable-bardport-3880ce\/#breadcrumb\",\"itemListElement\":[{\"@type\":\"ListItem\",\"position\":1,\"name\":\"Accueil\",\"item\":\"https:\/\/yazmed.ma\/\"},{\"@type\":\"ListItem\",\"position\":2,\"name\":\"Shop\",\"item\":\"https:\/\/yazmed.ma\/shop-2\/\"},{\"@type\":\"ListItem\",\"position\":3,\"name\":\"CHAMBRE IMPLANTABLE BARDPORT 3880CE\"}]},{\"@type\":\"WebSite\",\"@id\":\"https:\/\/yazmed.ma\/#website\",\"url\":\"https:\/\/yazmed.ma\/\",\"name\":\"Yazmed\",\"description\":\"LEADER DU MAT\u00c9RIEL M\u00c9DICAL AU MAROC\",\"publisher\":{\"@id\":\"https:\/\/yazmed.ma\/#organization\"},\"potentialAction\":[{\"@type\":\"SearchAction\",\"target\":{\"@type\":\"EntryPoint\",\"urlTemplate\":\"https:\/\/yazmed.ma\/?s={search_term_string}\"},\"query-input\":{\"@type\":\"PropertyValueSpecification\",\"valueRequired\":true,\"valueName\":\"search_term_string\"}}],\"inLanguage\":\"ary\"},{\"@type\":\"Organization\",\"@id\":\"https:\/\/yazmed.ma\/#organization\",\"name\":\"Yazmed Healthcare\",\"url\":\"https:\/\/yazmed.ma\/\",\"logo\":{\"@type\":\"ImageObject\",\"inLanguage\":\"ary\",\"@id\":\"https:\/\/yazmed.ma\/#\/schema\/logo\/image\/\",\"url\":\"https:\/\/yazmed.ma\/wp-content\/uploads\/2024\/12\/3.png\",\"contentUrl\":\"https:\/\/yazmed.ma\/wp-content\/uploads\/2024\/12\/3.png\",\"width\":250,\"height\":70,\"caption\":\"Yazmed Healthcare\"},\"image\":{\"@id\":\"https:\/\/yazmed.ma\/#\/schema\/logo\/image\/\"},\"sameAs\":[\"https:\/\/www.facebook.com\/azenkouky\",\"https:\/\/www.instagram.com\/yazmedhealthcare\",\"https:\/\/www.linkedin.com\/in\/yazmed-healthcare-1b4955295\"]}]}<\/script>\n<!-- \/ Yoast SEO plugin. -->","yoast_head_json":{"title":"CHAMBRE IMPLANTABLE BARDPORT 3880CE - YAZMED","robots":{"index":"index","follow":"follow","max-snippet":"max-snippet:-1","max-image-preview":"max-image-preview:large","max-video-preview":"max-video-preview:-1"},"canonical":"https:\/\/yazmed.ma\/ar\/product\/chambre-implantable-bardport-3880ce\/","og_locale":"ar_AR","og_type":"article","og_title":"CHAMBRE IMPLANTABLE BARDPORT 3880CE - YAZMED","og_description":"CHAMBRE IMPLANTABLE BARDPORT 3880CE aussi appel\u00e9e PAC pour \u00ab Port-a-Cath \u00bb, est destin\u00e9e \u00e0 permettre l\u2019injection r\u00e9currente de traitements m\u00e9dicamenteux dans le syst\u00e8me veineux central, sans passer par les veines plus fragiles des bras. Elle est le plus souvent associ\u00e9e \u00e0 la n\u00e9cessit\u00e9 de d\u00e9marrer une \u00a0chimioth\u00e9rapie. mais est aussi utilis\u00e9e pour d\u2019autres traitements administr\u00e9s par voie veineuse d\u2019une mani\u00e8re r\u00e9p\u00e9t\u00e9e et sur une longue dur\u00e9e.  \u2705R\u00e9f\u00e9rences 0603880CE, 0602680CE &amp; 0602690CE : le cath\u00e9ter est \u00e0 raccorder \u00e0 la chambre. \u2705CR\u00e9f\u00e9rence 0602660CE &amp; 0602670CE : le cath\u00e9ter est solidaire de la chambre","og_url":"https:\/\/yazmed.ma\/ar\/product\/chambre-implantable-bardport-3880ce\/","og_site_name":"YAZMED","article_publisher":"https:\/\/www.facebook.com\/azenkouky","og_image":[{"width":570,"height":517,"url":"https:\/\/yazmed.ma\/wp-content\/uploads\/2026\/01\/CHAMBRE-IMPLANTABLE-BARDPORT-1.webp","type":"image\/webp"}],"twitter_card":"summary_large_image","schema":{"@context":"https:\/\/schema.org","@graph":[{"@type":"WebPage","@id":"https:\/\/yazmed.ma\/product\/chambre-implantable-bardport-3880ce\/","url":"https:\/\/yazmed.ma\/product\/chambre-implantable-bardport-3880ce\/","name":"CHAMBRE IMPLANTABLE BARDPORT 3880CE - YAZMED","isPartOf":{"@id":"https:\/\/yazmed.ma\/#website"},"primaryImageOfPage":{"@id":"https:\/\/yazmed.ma\/product\/chambre-implantable-bardport-3880ce\/#primaryimage"},"image":{"@id":"https:\/\/yazmed.ma\/product\/chambre-implantable-bardport-3880ce\/#primaryimage"},"thumbnailUrl":"https:\/\/yazmed.ma\/wp-content\/uploads\/2026\/01\/CHAMBRE-IMPLANTABLE-BARDPORT-1.webp","datePublished":"2026-01-09T16:18:01+00:00","breadcrumb":{"@id":"https:\/\/yazmed.ma\/product\/chambre-implantable-bardport-3880ce\/#breadcrumb"},"inLanguage":"ary","potentialAction":[{"@type":"ReadAction","target":["https:\/\/yazmed.ma\/product\/chambre-implantable-bardport-3880ce\/"]}]},{"@type":"ImageObject","inLanguage":"ary","@id":"https:\/\/yazmed.ma\/product\/chambre-implantable-bardport-3880ce\/#primaryimage","url":"https:\/\/yazmed.ma\/wp-content\/uploads\/2026\/01\/CHAMBRE-IMPLANTABLE-BARDPORT-1.webp","contentUrl":"https:\/\/yazmed.ma\/wp-content\/uploads\/2026\/01\/CHAMBRE-IMPLANTABLE-BARDPORT-1.webp","width":570,"height":517,"caption":"CHAMBRE IMPLANTABLE BARDPORT"},{"@type":"BreadcrumbList","@id":"https:\/\/yazmed.ma\/product\/chambre-implantable-bardport-3880ce\/#breadcrumb","itemListElement":[{"@type":"ListItem","position":1,"name":"Accueil","item":"https:\/\/yazmed.ma\/"},{"@type":"ListItem","position":2,"name":"Shop","item":"https:\/\/yazmed.ma\/shop-2\/"},{"@type":"ListItem","position":3,"name":"CHAMBRE IMPLANTABLE BARDPORT 3880CE"}]},{"@type":"WebSite","@id":"https:\/\/yazmed.ma\/#website","url":"https:\/\/yazmed.ma\/","name":"Yazmed","description":"LEADER DU MAT\u00c9RIEL M\u00c9DICAL AU MAROC","publisher":{"@id":"https:\/\/yazmed.ma\/#organization"},"potentialAction":[{"@type":"SearchAction","target":{"@type":"EntryPoint","urlTemplate":"https:\/\/yazmed.ma\/?s={search_term_string}"},"query-input":{"@type":"PropertyValueSpecification","valueRequired":true,"valueName":"search_term_string"}}],"inLanguage":"ary"},{"@type":"Organization","@id":"https:\/\/yazmed.ma\/#organization","name":"Yazmed Healthcare","url":"https:\/\/yazmed.ma\/","logo":{"@type":"ImageObject","inLanguage":"ary","@id":"https:\/\/yazmed.ma\/#\/schema\/logo\/image\/","url":"https:\/\/yazmed.ma\/wp-content\/uploads\/2024\/12\/3.png","contentUrl":"https:\/\/yazmed.ma\/wp-content\/uploads\/2024\/12\/3.png","width":250,"height":70,"caption":"Yazmed Healthcare"},"image":{"@id":"https:\/\/yazmed.ma\/#\/schema\/logo\/image\/"},"sameAs":["https:\/\/www.facebook.com\/azenkouky","https:\/\/www.instagram.com\/yazmedhealthcare","https:\/\/www.linkedin.com\/in\/yazmed-healthcare-1b4955295"]}]}},"_links":{"self":[{"href":"https:\/\/yazmed.ma\/ar\/wp-json\/wp\/v2\/product\/3087","targetHints":{"allow":["GET"]}}],"collection":[{"href":"https:\/\/yazmed.ma\/ar\/wp-json\/wp\/v2\/product"}],"about":[{"href":"https:\/\/yazmed.ma\/ar\/wp-json\/wp\/v2\/types\/product"}],"replies":[{"embeddable":true,"href":"https:\/\/yazmed.ma\/ar\/wp-json\/wp\/v2\/comments?post=3087"}],"version-history":[{"count":0,"href":"https:\/\/yazmed.ma\/ar\/wp-json\/wp\/v2\/product\/3087\/revisions"}],"wp:featuredmedia":[{"embeddable":true,"href":"https:\/\/yazmed.ma\/ar\/wp-json\/wp\/v2\/media\/3089"}],"wp:attachment":[{"href":"https:\/\/yazmed.ma\/ar\/wp-json\/wp\/v2\/media?parent=3087"}],"wp:term":[{"taxonomy":"product_brand","embeddable":true,"href":"https:\/\/yazmed.ma\/ar\/wp-json\/wp\/v2\/product_brand?post=3087"},{"taxonomy":"product_cat","embeddable":true,"href":"https:\/\/yazmed.ma\/ar\/wp-json\/wp\/v2\/product_cat?post=3087"},{"taxonomy":"product_tag","embeddable":true,"href":"https:\/\/yazmed.ma\/ar\/wp-json\/wp\/v2\/product_tag?post=3087"}],"curies":[{"name":"wp","href":"https:\/\/api.w.org\/{rel}","templated":true}]}}