{"id":3022,"date":"2025-12-23T15:35:24","date_gmt":"2025-12-23T15:35:24","guid":{"rendered":"https:\/\/yazmed.ma\/?post_type=product&#038;p=3022"},"modified":"2025-12-23T15:41:57","modified_gmt":"2025-12-23T15:41:57","slug":"pince-therrum","status":"publish","type":"product","link":"https:\/\/yazmed.ma\/ar\/product\/pince-therrum\/","title":{"rendered":"Pince Therrum 27 CM"},"content":{"rendered":"<p>&nbsp;<\/p>\n<h3><strong><img decoding=\"async\" class=\"emoji\" role=\"img\" draggable=\"false\" src=\"https:\/\/s.w.org\/images\/core\/emoji\/16.0.1\/svg\/2705.svg\" alt=\"\u2705\" \/>\u00a0Avantages<\/strong><\/h3>\n<p><strong>Grande pr\u00e9cision et stabilit\u00e9<\/strong>\u00a0lors de la manipulation.<\/p>\n<p><strong><img decoding=\"async\" class=\"emoji\" role=\"img\" draggable=\"false\" src=\"https:\/\/s.w.org\/images\/core\/emoji\/16.0.1\/svg\/2705.svg\" alt=\"\u2705\" \/>\u00a0Fabrication robuste\u00a0pour une durabilit\u00e9 prolong\u00e9e.<\/strong><\/p>\n<p><strong><img decoding=\"async\" class=\"emoji\" role=\"img\" draggable=\"false\" src=\"https:\/\/s.w.org\/images\/core\/emoji\/16.0.1\/svg\/2705.svg\" alt=\"\u2705\" \/>\u00a0<\/strong><strong>Nettoyage et st\u00e9rilisation ais\u00e9s<\/strong>.<\/p>\n<p>Convient \u00e0 un\u00a0<strong>usage professionnel intensif<\/strong>.<\/p>","protected":false},"excerpt":{"rendered":"<h4><strong>pince Therrum 27 cm<\/strong><\/h4>\n<p><strong>instrument chirurgical<\/strong>\u00a0de haute pr\u00e9cision utilis\u00e9 pour la\u00a0<strong>pr\u00e9hension, la dissection et la manipulation des \u00a0<a title=\"Tissu biologique\" href=\"https:\/\/fr.wikipedia.org\/wiki\/Tissu_biologique\">tissus<\/a><\/strong> lors d\u2019interventions <a title=\"\" href=\"https:\/\/fr.wikipedia.org\/wiki\/Op%C3%A9ration_chirurgicale\">op\u00e9ration chirurgicale<\/a>,. Gr\u00e2ce \u00e0 sa\u00a0<strong>longueur adapt\u00e9e<\/strong>\u00a0et sa\u00a0<strong>forme ergonomique<\/strong>, elle offre une\u00a0<strong>prise en main s\u00fbre et un contr\u00f4le optimal<\/strong>\u00a0pendant les proc\u00e9dures d\u00e9licates.<\/p>\n<p>Fabriqu\u00e9e en\u00a0<strong>acier inoxydable chirurgical<\/strong>, lgarantit une <strong>grande r\u00e9sistance \u00e0 la corrosion<\/strong>\u00a0et une\u00a0<strong>st\u00e9rilisation facile<\/strong>, id\u00e9ale pour une utilisation r\u00e9p\u00e9t\u00e9e en milieu hospitalier.<\/p>","protected":false},"featured_media":3023,"comment_status":"open","ping_status":"closed","template":"","meta":[],"product_brand":[],"product_cat":[53],"product_tag":[276],"class_list":{"0":"post-3022","1":"product","2":"type-product","3":"status-publish","4":"has-post-thumbnail","6":"product_cat-instrumentation-sutures","7":"product_tag-pince-therrum-27-cm","9":"first","10":"instock","11":"taxable","12":"shipping-taxable","13":"product-type-simple"},"yoast_head":"<!-- This site is optimized with the Yoast SEO plugin v26.9 - https:\/\/yoast.com\/product\/yoast-seo-wordpress\/ -->\n<title>Pince Therrum 27 CM - YAZMED<\/title>\n<meta name=\"robots\" content=\"index, follow, max-snippet:-1, max-image-preview:large, max-video-preview:-1\" \/>\n<link rel=\"canonical\" href=\"https:\/\/yazmed.ma\/ar\/product\/pince-therrum\/\" \/>\n<meta property=\"og:locale\" content=\"ar_AR\" \/>\n<meta property=\"og:type\" content=\"article\" \/>\n<meta property=\"og:title\" content=\"Pince Therrum 27 CM - YAZMED\" \/>\n<meta property=\"og:description\" content=\"pince Therrum 27 cm instrument chirurgical\u00a0de haute pr\u00e9cision utilis\u00e9 pour la\u00a0pr\u00e9hension, la dissection et la manipulation des \u00a0tissus lors d\u2019interventions op\u00e9ration chirurgicale,. Gr\u00e2ce \u00e0 sa\u00a0longueur adapt\u00e9e\u00a0et sa\u00a0forme ergonomique, elle offre une\u00a0prise en main s\u00fbre et un contr\u00f4le optimal\u00a0pendant les proc\u00e9dures d\u00e9licates.  Fabriqu\u00e9e en\u00a0acier inoxydable chirurgical, lgarantit une grande r\u00e9sistance \u00e0 la corrosion\u00a0et une\u00a0st\u00e9rilisation facile, id\u00e9ale pour une utilisation r\u00e9p\u00e9t\u00e9e en milieu hospitalier.\" \/>\n<meta property=\"og:url\" content=\"https:\/\/yazmed.ma\/ar\/product\/pince-therrum\/\" \/>\n<meta property=\"og:site_name\" content=\"YAZMED\" \/>\n<meta property=\"article:publisher\" content=\"https:\/\/www.facebook.com\/azenkouky\" \/>\n<meta property=\"article:modified_time\" content=\"2025-12-23T15:41:57+00:00\" \/>\n<meta property=\"og:image\" content=\"https:\/\/yazmed.ma\/wp-content\/uploads\/2025\/12\/Pince-Therrum-27-CM.webp\" \/>\n\t<meta property=\"og:image:width\" content=\"570\" \/>\n\t<meta property=\"og:image:height\" content=\"517\" \/>\n\t<meta property=\"og:image:type\" content=\"image\/webp\" \/>\n<meta name=\"twitter:card\" content=\"summary_large_image\" \/>\n<script type=\"application\/ld+json\" class=\"yoast-schema-graph\">{\"@context\":\"https:\/\/schema.org\",\"@graph\":[{\"@type\":\"WebPage\",\"@id\":\"https:\/\/yazmed.ma\/product\/pince-therrum\/\",\"url\":\"https:\/\/yazmed.ma\/product\/pince-therrum\/\",\"name\":\"Pince Therrum 27 CM - YAZMED\",\"isPartOf\":{\"@id\":\"https:\/\/yazmed.ma\/#website\"},\"primaryImageOfPage\":{\"@id\":\"https:\/\/yazmed.ma\/product\/pince-therrum\/#primaryimage\"},\"image\":{\"@id\":\"https:\/\/yazmed.ma\/product\/pince-therrum\/#primaryimage\"},\"thumbnailUrl\":\"https:\/\/yazmed.ma\/wp-content\/uploads\/2025\/12\/Pince-Therrum-27-CM.webp\",\"datePublished\":\"2025-12-23T15:35:24+00:00\",\"dateModified\":\"2025-12-23T15:41:57+00:00\",\"breadcrumb\":{\"@id\":\"https:\/\/yazmed.ma\/product\/pince-therrum\/#breadcrumb\"},\"inLanguage\":\"ary\",\"potentialAction\":[{\"@type\":\"ReadAction\",\"target\":[\"https:\/\/yazmed.ma\/product\/pince-therrum\/\"]}]},{\"@type\":\"ImageObject\",\"inLanguage\":\"ary\",\"@id\":\"https:\/\/yazmed.ma\/product\/pince-therrum\/#primaryimage\",\"url\":\"https:\/\/yazmed.ma\/wp-content\/uploads\/2025\/12\/Pince-Therrum-27-CM.webp\",\"contentUrl\":\"https:\/\/yazmed.ma\/wp-content\/uploads\/2025\/12\/Pince-Therrum-27-CM.webp\",\"width\":570,\"height\":517,\"caption\":\"Pince-Therrum-27-CM\"},{\"@type\":\"BreadcrumbList\",\"@id\":\"https:\/\/yazmed.ma\/product\/pince-therrum\/#breadcrumb\",\"itemListElement\":[{\"@type\":\"ListItem\",\"position\":1,\"name\":\"Accueil\",\"item\":\"https:\/\/yazmed.ma\/\"},{\"@type\":\"ListItem\",\"position\":2,\"name\":\"Shop\",\"item\":\"https:\/\/yazmed.ma\/shop-2\/\"},{\"@type\":\"ListItem\",\"position\":3,\"name\":\"Pince Therrum 27 CM\"}]},{\"@type\":\"WebSite\",\"@id\":\"https:\/\/yazmed.ma\/#website\",\"url\":\"https:\/\/yazmed.ma\/\",\"name\":\"Yazmed\",\"description\":\"LEADER DU MAT\u00c9RIEL M\u00c9DICAL AU MAROC\",\"publisher\":{\"@id\":\"https:\/\/yazmed.ma\/#organization\"},\"potentialAction\":[{\"@type\":\"SearchAction\",\"target\":{\"@type\":\"EntryPoint\",\"urlTemplate\":\"https:\/\/yazmed.ma\/?s={search_term_string}\"},\"query-input\":{\"@type\":\"PropertyValueSpecification\",\"valueRequired\":true,\"valueName\":\"search_term_string\"}}],\"inLanguage\":\"ary\"},{\"@type\":\"Organization\",\"@id\":\"https:\/\/yazmed.ma\/#organization\",\"name\":\"Yazmed Healthcare\",\"url\":\"https:\/\/yazmed.ma\/\",\"logo\":{\"@type\":\"ImageObject\",\"inLanguage\":\"ary\",\"@id\":\"https:\/\/yazmed.ma\/#\/schema\/logo\/image\/\",\"url\":\"https:\/\/yazmed.ma\/wp-content\/uploads\/2024\/12\/3.png\",\"contentUrl\":\"https:\/\/yazmed.ma\/wp-content\/uploads\/2024\/12\/3.png\",\"width\":250,\"height\":70,\"caption\":\"Yazmed Healthcare\"},\"image\":{\"@id\":\"https:\/\/yazmed.ma\/#\/schema\/logo\/image\/\"},\"sameAs\":[\"https:\/\/www.facebook.com\/azenkouky\",\"https:\/\/www.instagram.com\/yazmedhealthcare\",\"https:\/\/www.linkedin.com\/in\/yazmed-healthcare-1b4955295\"]}]}<\/script>\n<!-- \/ Yoast SEO plugin. -->","yoast_head_json":{"title":"Pince Therrum 27 CM - YAZMED","robots":{"index":"index","follow":"follow","max-snippet":"max-snippet:-1","max-image-preview":"max-image-preview:large","max-video-preview":"max-video-preview:-1"},"canonical":"https:\/\/yazmed.ma\/ar\/product\/pince-therrum\/","og_locale":"ar_AR","og_type":"article","og_title":"Pince Therrum 27 CM - YAZMED","og_description":"pince Therrum 27 cm instrument chirurgical\u00a0de haute pr\u00e9cision utilis\u00e9 pour la\u00a0pr\u00e9hension, la dissection et la manipulation des \u00a0tissus lors d\u2019interventions op\u00e9ration chirurgicale,. Gr\u00e2ce \u00e0 sa\u00a0longueur adapt\u00e9e\u00a0et sa\u00a0forme ergonomique, elle offre une\u00a0prise en main s\u00fbre et un contr\u00f4le optimal\u00a0pendant les proc\u00e9dures d\u00e9licates.  Fabriqu\u00e9e en\u00a0acier inoxydable chirurgical, lgarantit une grande r\u00e9sistance \u00e0 la corrosion\u00a0et une\u00a0st\u00e9rilisation facile, id\u00e9ale pour une utilisation r\u00e9p\u00e9t\u00e9e en milieu hospitalier.","og_url":"https:\/\/yazmed.ma\/ar\/product\/pince-therrum\/","og_site_name":"YAZMED","article_publisher":"https:\/\/www.facebook.com\/azenkouky","article_modified_time":"2025-12-23T15:41:57+00:00","og_image":[{"width":570,"height":517,"url":"https:\/\/yazmed.ma\/wp-content\/uploads\/2025\/12\/Pince-Therrum-27-CM.webp","type":"image\/webp"}],"twitter_card":"summary_large_image","schema":{"@context":"https:\/\/schema.org","@graph":[{"@type":"WebPage","@id":"https:\/\/yazmed.ma\/product\/pince-therrum\/","url":"https:\/\/yazmed.ma\/product\/pince-therrum\/","name":"Pince Therrum 27 CM - YAZMED","isPartOf":{"@id":"https:\/\/yazmed.ma\/#website"},"primaryImageOfPage":{"@id":"https:\/\/yazmed.ma\/product\/pince-therrum\/#primaryimage"},"image":{"@id":"https:\/\/yazmed.ma\/product\/pince-therrum\/#primaryimage"},"thumbnailUrl":"https:\/\/yazmed.ma\/wp-content\/uploads\/2025\/12\/Pince-Therrum-27-CM.webp","datePublished":"2025-12-23T15:35:24+00:00","dateModified":"2025-12-23T15:41:57+00:00","breadcrumb":{"@id":"https:\/\/yazmed.ma\/product\/pince-therrum\/#breadcrumb"},"inLanguage":"ary","potentialAction":[{"@type":"ReadAction","target":["https:\/\/yazmed.ma\/product\/pince-therrum\/"]}]},{"@type":"ImageObject","inLanguage":"ary","@id":"https:\/\/yazmed.ma\/product\/pince-therrum\/#primaryimage","url":"https:\/\/yazmed.ma\/wp-content\/uploads\/2025\/12\/Pince-Therrum-27-CM.webp","contentUrl":"https:\/\/yazmed.ma\/wp-content\/uploads\/2025\/12\/Pince-Therrum-27-CM.webp","width":570,"height":517,"caption":"Pince-Therrum-27-CM"},{"@type":"BreadcrumbList","@id":"https:\/\/yazmed.ma\/product\/pince-therrum\/#breadcrumb","itemListElement":[{"@type":"ListItem","position":1,"name":"Accueil","item":"https:\/\/yazmed.ma\/"},{"@type":"ListItem","position":2,"name":"Shop","item":"https:\/\/yazmed.ma\/shop-2\/"},{"@type":"ListItem","position":3,"name":"Pince Therrum 27 CM"}]},{"@type":"WebSite","@id":"https:\/\/yazmed.ma\/#website","url":"https:\/\/yazmed.ma\/","name":"Yazmed","description":"LEADER DU MAT\u00c9RIEL M\u00c9DICAL AU MAROC","publisher":{"@id":"https:\/\/yazmed.ma\/#organization"},"potentialAction":[{"@type":"SearchAction","target":{"@type":"EntryPoint","urlTemplate":"https:\/\/yazmed.ma\/?s={search_term_string}"},"query-input":{"@type":"PropertyValueSpecification","valueRequired":true,"valueName":"search_term_string"}}],"inLanguage":"ary"},{"@type":"Organization","@id":"https:\/\/yazmed.ma\/#organization","name":"Yazmed Healthcare","url":"https:\/\/yazmed.ma\/","logo":{"@type":"ImageObject","inLanguage":"ary","@id":"https:\/\/yazmed.ma\/#\/schema\/logo\/image\/","url":"https:\/\/yazmed.ma\/wp-content\/uploads\/2024\/12\/3.png","contentUrl":"https:\/\/yazmed.ma\/wp-content\/uploads\/2024\/12\/3.png","width":250,"height":70,"caption":"Yazmed Healthcare"},"image":{"@id":"https:\/\/yazmed.ma\/#\/schema\/logo\/image\/"},"sameAs":["https:\/\/www.facebook.com\/azenkouky","https:\/\/www.instagram.com\/yazmedhealthcare","https:\/\/www.linkedin.com\/in\/yazmed-healthcare-1b4955295"]}]}},"_links":{"self":[{"href":"https:\/\/yazmed.ma\/ar\/wp-json\/wp\/v2\/product\/3022","targetHints":{"allow":["GET"]}}],"collection":[{"href":"https:\/\/yazmed.ma\/ar\/wp-json\/wp\/v2\/product"}],"about":[{"href":"https:\/\/yazmed.ma\/ar\/wp-json\/wp\/v2\/types\/product"}],"replies":[{"embeddable":true,"href":"https:\/\/yazmed.ma\/ar\/wp-json\/wp\/v2\/comments?post=3022"}],"version-history":[{"count":0,"href":"https:\/\/yazmed.ma\/ar\/wp-json\/wp\/v2\/product\/3022\/revisions"}],"wp:featuredmedia":[{"embeddable":true,"href":"https:\/\/yazmed.ma\/ar\/wp-json\/wp\/v2\/media\/3023"}],"wp:attachment":[{"href":"https:\/\/yazmed.ma\/ar\/wp-json\/wp\/v2\/media?parent=3022"}],"wp:term":[{"taxonomy":"product_brand","embeddable":true,"href":"https:\/\/yazmed.ma\/ar\/wp-json\/wp\/v2\/product_brand?post=3022"},{"taxonomy":"product_cat","embeddable":true,"href":"https:\/\/yazmed.ma\/ar\/wp-json\/wp\/v2\/product_cat?post=3022"},{"taxonomy":"product_tag","embeddable":true,"href":"https:\/\/yazmed.ma\/ar\/wp-json\/wp\/v2\/product_tag?post=3022"}],"curies":[{"name":"wp","href":"https:\/\/api.w.org\/{rel}","templated":true}]}}