{"id":3016,"date":"2025-12-22T18:08:52","date_gmt":"2025-12-22T18:08:52","guid":{"rendered":"https:\/\/yazmed.ma\/?post_type=product&#038;p=3016"},"modified":"2025-12-22T18:13:54","modified_gmt":"2025-12-22T18:13:54","slug":"pince-a-clips-dore-diam-10","status":"publish","type":"product","link":"https:\/\/yazmed.ma\/ar\/product\/pince-a-clips-dore-diam-10\/","title":{"rendered":"Pince a clips dore Diam 10"},"content":{"rendered":"<p data-start=\"1327\" data-end=\"1363\"><strong data-start=\"1327\" data-end=\"1361\"><img decoding=\"async\" class=\"emoji\" role=\"img\" draggable=\"false\" src=\"https:\/\/s.w.org\/images\/core\/emoji\/16.0.1\/svg\/2705.svg\" alt=\"\u2705\" \/>\u00a0Caract\u00e9ristiques principales :<\/strong><\/p>\n<p data-start=\"1366\" data-end=\"1415\"><strong data-start=\"1327\" data-end=\"1361\"><img decoding=\"async\" class=\"emoji\" role=\"img\" draggable=\"false\" src=\"https:\/\/s.w.org\/images\/core\/emoji\/16.0.1\/svg\/2705.svg\" alt=\"\u2705\" \/><\/strong>Mat\u00e9riau : acier inoxydable de qualit\u00e9 m\u00e9dicale<\/p>\n<p data-start=\"1418\" data-end=\"1472\"><strong data-start=\"1327\" data-end=\"1361\"><img decoding=\"async\" class=\"emoji\" role=\"img\" draggable=\"false\" src=\"https:\/\/s.w.org\/images\/core\/emoji\/16.0.1\/svg\/2705.svg\" alt=\"\u2705\" \/><\/strong>Couleur : dor\u00e9e et violette (rep\u00e9rage visuel rapide)<\/p>\n<p data-start=\"1551\" data-end=\"1585\"><strong data-start=\"1327\" data-end=\"1361\"><img decoding=\"async\" class=\"emoji\" role=\"img\" draggable=\"false\" src=\"https:\/\/s.w.org\/images\/core\/emoji\/16.0.1\/svg\/2705.svg\" alt=\"\u2705\" \/><\/strong>St\u00e9rilisable \u00e0 haute temp\u00e9rature<\/p>\n<p data-start=\"1588\" data-end=\"1636\"><strong data-start=\"1327\" data-end=\"1361\"><img decoding=\"async\" class=\"emoji\" role=\"img\" draggable=\"false\" src=\"https:\/\/s.w.org\/images\/core\/emoji\/16.0.1\/svg\/2705.svg\" alt=\"\u2705\" \/><\/strong>Conception ergonomique pour un confort maximal<\/p>\n<p data-start=\"1639\" data-end=\"1679\"><strong data-start=\"1327\" data-end=\"1361\"><img decoding=\"async\" class=\"emoji\" role=\"img\" draggable=\"false\" src=\"https:\/\/s.w.org\/images\/core\/emoji\/16.0.1\/svg\/2705.svg\" alt=\"\u2705\" \/><\/strong>Long\u00e9vit\u00e9 et r\u00e9sistance \u00e0 la corrosion<\/p>","protected":false},"excerpt":{"rendered":"<h4>Pince a clips dore Diam 10<\/h4>\n<p>instrument m\u00e9dical de pr\u00e9cision utilis\u00e9 pour la <strong data-start=\"655\" data-end=\"722\">fixation, la fermeture ou les manipulation\u00a0 chirurgicaux<\/strong>. Con\u00e7ue avec une\u00a0<strong data-start=\"740\" data-end=\"765\">structure ergonomique<\/strong>, elle offre une\u00a0<strong data-start=\"782\" data-end=\"811\">prise en main confortable<\/strong>, r\u00e9duisant la fatigue lors des interventions prolong\u00e9es.<br data-start=\"868\" data-end=\"871\" \/>Sa\u00a0<strong data-start=\"874\" data-end=\"927\">construction en acier inoxydable de haute qualit\u00e9<\/strong>\u00a0garantit une r\u00e9sistance optimale \u00e0 la st\u00e9rilisation et \u00e0 la corrosion. Les\u00a0<strong data-start=\"1003\" data-end=\"1027\">finis dor\u00e9 et violet<\/strong>\u00a0ne sont pas seulement esth\u00e9tiques, ils permettent aussi une\u00a0<strong data-start=\"1088\" data-end=\"1144\">identification rapide selon la taille ou la fonction<\/strong>\u00a0lors des proc\u00e9dures.<br data-start=\"1165\" data-end=\"1168\" \/>Id\u00e9ale pour une utilisation dans <a title=\"\" href=\"https:\/\/fr.wikipedia.org\/wiki\/Op%C3%A9ration_chirurgicale\">op\u00e9ration chirurgicale<\/a>.<strong data-start=\"1199\" data-end=\"1264\">, et blocs op\u00e9ratoires<\/strong>, cette pince associe\u00a0<strong data-start=\"1286\" data-end=\"1324\">pr\u00e9cision, fiabilit\u00e9 et durabilit\u00e9<\/strong><\/p>","protected":false},"featured_media":3017,"comment_status":"open","ping_status":"closed","template":"","meta":[],"product_brand":[],"product_cat":[51],"product_tag":[272,273,274],"class_list":{"0":"post-3016","1":"product","2":"type-product","3":"status-publish","4":"has-post-thumbnail","6":"product_cat-bloc-et-reanimation","7":"product_tag-coeliochirurgie","8":"product_tag-instrument-de-coelioscopie","9":"product_tag-instruments-de-chirurgie","11":"first","12":"instock","13":"taxable","14":"shipping-taxable","15":"product-type-simple"},"yoast_head":"<!-- This site is optimized with the Yoast SEO plugin v26.9 - https:\/\/yoast.com\/product\/yoast-seo-wordpress\/ -->\n<title>Pince a clips dore Diam 10 - YAZMED<\/title>\n<meta name=\"robots\" content=\"index, follow, max-snippet:-1, max-image-preview:large, max-video-preview:-1\" \/>\n<link rel=\"canonical\" href=\"https:\/\/yazmed.ma\/ar\/product\/pince-a-clips-dore-diam-10\/\" \/>\n<meta property=\"og:locale\" content=\"ar_AR\" \/>\n<meta property=\"og:type\" content=\"article\" \/>\n<meta property=\"og:title\" content=\"Pince a clips dore Diam 10 - YAZMED\" \/>\n<meta property=\"og:description\" content=\"Pince a clips dore Diam 10 instrument m\u00e9dical de pr\u00e9cision utilis\u00e9 pour la fixation, la fermeture ou les manipulation\u00a0 chirurgicaux. Con\u00e7ue avec une\u00a0structure ergonomique, elle offre une\u00a0prise en main confortable, r\u00e9duisant la fatigue lors des interventions prolong\u00e9es.Sa\u00a0construction en acier inoxydable de haute qualit\u00e9\u00a0garantit une r\u00e9sistance optimale \u00e0 la st\u00e9rilisation et \u00e0 la corrosion. Les\u00a0finis dor\u00e9 et violet\u00a0ne sont pas seulement esth\u00e9tiques, ils permettent aussi une\u00a0identification rapide selon la taille ou la fonction\u00a0lors des proc\u00e9dures.Id\u00e9ale pour une utilisation dans op\u00e9ration chirurgicale., et blocs op\u00e9ratoires, cette pince associe\u00a0pr\u00e9cision, fiabilit\u00e9 et durabilit\u00e9\" \/>\n<meta property=\"og:url\" content=\"https:\/\/yazmed.ma\/ar\/product\/pince-a-clips-dore-diam-10\/\" \/>\n<meta property=\"og:site_name\" content=\"YAZMED\" \/>\n<meta property=\"article:publisher\" content=\"https:\/\/www.facebook.com\/azenkouky\" \/>\n<meta property=\"article:modified_time\" content=\"2025-12-22T18:13:54+00:00\" \/>\n<meta property=\"og:image\" content=\"https:\/\/yazmed.ma\/wp-content\/uploads\/2025\/12\/Pince-a-clips-dore-Diam-10.webp\" \/>\n\t<meta property=\"og:image:width\" content=\"570\" \/>\n\t<meta property=\"og:image:height\" content=\"517\" \/>\n\t<meta property=\"og:image:type\" content=\"image\/webp\" \/>\n<meta name=\"twitter:card\" content=\"summary_large_image\" \/>\n<script type=\"application\/ld+json\" class=\"yoast-schema-graph\">{\"@context\":\"https:\/\/schema.org\",\"@graph\":[{\"@type\":\"WebPage\",\"@id\":\"https:\/\/yazmed.ma\/product\/pince-a-clips-dore-diam-10\/\",\"url\":\"https:\/\/yazmed.ma\/product\/pince-a-clips-dore-diam-10\/\",\"name\":\"Pince a clips dore Diam 10 - YAZMED\",\"isPartOf\":{\"@id\":\"https:\/\/yazmed.ma\/#website\"},\"primaryImageOfPage\":{\"@id\":\"https:\/\/yazmed.ma\/product\/pince-a-clips-dore-diam-10\/#primaryimage\"},\"image\":{\"@id\":\"https:\/\/yazmed.ma\/product\/pince-a-clips-dore-diam-10\/#primaryimage\"},\"thumbnailUrl\":\"https:\/\/yazmed.ma\/wp-content\/uploads\/2025\/12\/Pince-a-clips-dore-Diam-10.webp\",\"datePublished\":\"2025-12-22T18:08:52+00:00\",\"dateModified\":\"2025-12-22T18:13:54+00:00\",\"breadcrumb\":{\"@id\":\"https:\/\/yazmed.ma\/product\/pince-a-clips-dore-diam-10\/#breadcrumb\"},\"inLanguage\":\"ary\",\"potentialAction\":[{\"@type\":\"ReadAction\",\"target\":[\"https:\/\/yazmed.ma\/product\/pince-a-clips-dore-diam-10\/\"]}]},{\"@type\":\"ImageObject\",\"inLanguage\":\"ary\",\"@id\":\"https:\/\/yazmed.ma\/product\/pince-a-clips-dore-diam-10\/#primaryimage\",\"url\":\"https:\/\/yazmed.ma\/wp-content\/uploads\/2025\/12\/Pince-a-clips-dore-Diam-10.webp\",\"contentUrl\":\"https:\/\/yazmed.ma\/wp-content\/uploads\/2025\/12\/Pince-a-clips-dore-Diam-10.webp\",\"width\":570,\"height\":517,\"caption\":\"Pince a clips dore Diam 10\"},{\"@type\":\"BreadcrumbList\",\"@id\":\"https:\/\/yazmed.ma\/product\/pince-a-clips-dore-diam-10\/#breadcrumb\",\"itemListElement\":[{\"@type\":\"ListItem\",\"position\":1,\"name\":\"Accueil\",\"item\":\"https:\/\/yazmed.ma\/\"},{\"@type\":\"ListItem\",\"position\":2,\"name\":\"Shop\",\"item\":\"https:\/\/yazmed.ma\/shop-2\/\"},{\"@type\":\"ListItem\",\"position\":3,\"name\":\"Pince a clips dore Diam 10\"}]},{\"@type\":\"WebSite\",\"@id\":\"https:\/\/yazmed.ma\/#website\",\"url\":\"https:\/\/yazmed.ma\/\",\"name\":\"Yazmed\",\"description\":\"LEADER DU MAT\u00c9RIEL M\u00c9DICAL AU MAROC\",\"publisher\":{\"@id\":\"https:\/\/yazmed.ma\/#organization\"},\"potentialAction\":[{\"@type\":\"SearchAction\",\"target\":{\"@type\":\"EntryPoint\",\"urlTemplate\":\"https:\/\/yazmed.ma\/?s={search_term_string}\"},\"query-input\":{\"@type\":\"PropertyValueSpecification\",\"valueRequired\":true,\"valueName\":\"search_term_string\"}}],\"inLanguage\":\"ary\"},{\"@type\":\"Organization\",\"@id\":\"https:\/\/yazmed.ma\/#organization\",\"name\":\"Yazmed Healthcare\",\"url\":\"https:\/\/yazmed.ma\/\",\"logo\":{\"@type\":\"ImageObject\",\"inLanguage\":\"ary\",\"@id\":\"https:\/\/yazmed.ma\/#\/schema\/logo\/image\/\",\"url\":\"https:\/\/yazmed.ma\/wp-content\/uploads\/2024\/12\/3.png\",\"contentUrl\":\"https:\/\/yazmed.ma\/wp-content\/uploads\/2024\/12\/3.png\",\"width\":250,\"height\":70,\"caption\":\"Yazmed Healthcare\"},\"image\":{\"@id\":\"https:\/\/yazmed.ma\/#\/schema\/logo\/image\/\"},\"sameAs\":[\"https:\/\/www.facebook.com\/azenkouky\",\"https:\/\/www.instagram.com\/yazmedhealthcare\",\"https:\/\/www.linkedin.com\/in\/yazmed-healthcare-1b4955295\"]}]}<\/script>\n<!-- \/ Yoast SEO plugin. -->","yoast_head_json":{"title":"Pince a clips dore Diam 10 - YAZMED","robots":{"index":"index","follow":"follow","max-snippet":"max-snippet:-1","max-image-preview":"max-image-preview:large","max-video-preview":"max-video-preview:-1"},"canonical":"https:\/\/yazmed.ma\/ar\/product\/pince-a-clips-dore-diam-10\/","og_locale":"ar_AR","og_type":"article","og_title":"Pince a clips dore Diam 10 - YAZMED","og_description":"Pince a clips dore Diam 10 instrument m\u00e9dical de pr\u00e9cision utilis\u00e9 pour la fixation, la fermeture ou les manipulation\u00a0 chirurgicaux. Con\u00e7ue avec une\u00a0structure ergonomique, elle offre une\u00a0prise en main confortable, r\u00e9duisant la fatigue lors des interventions prolong\u00e9es.Sa\u00a0construction en acier inoxydable de haute qualit\u00e9\u00a0garantit une r\u00e9sistance optimale \u00e0 la st\u00e9rilisation et \u00e0 la corrosion. Les\u00a0finis dor\u00e9 et violet\u00a0ne sont pas seulement esth\u00e9tiques, ils permettent aussi une\u00a0identification rapide selon la taille ou la fonction\u00a0lors des proc\u00e9dures.Id\u00e9ale pour une utilisation dans op\u00e9ration chirurgicale., et blocs op\u00e9ratoires, cette pince associe\u00a0pr\u00e9cision, fiabilit\u00e9 et durabilit\u00e9","og_url":"https:\/\/yazmed.ma\/ar\/product\/pince-a-clips-dore-diam-10\/","og_site_name":"YAZMED","article_publisher":"https:\/\/www.facebook.com\/azenkouky","article_modified_time":"2025-12-22T18:13:54+00:00","og_image":[{"width":570,"height":517,"url":"https:\/\/yazmed.ma\/wp-content\/uploads\/2025\/12\/Pince-a-clips-dore-Diam-10.webp","type":"image\/webp"}],"twitter_card":"summary_large_image","schema":{"@context":"https:\/\/schema.org","@graph":[{"@type":"WebPage","@id":"https:\/\/yazmed.ma\/product\/pince-a-clips-dore-diam-10\/","url":"https:\/\/yazmed.ma\/product\/pince-a-clips-dore-diam-10\/","name":"Pince a clips dore Diam 10 - YAZMED","isPartOf":{"@id":"https:\/\/yazmed.ma\/#website"},"primaryImageOfPage":{"@id":"https:\/\/yazmed.ma\/product\/pince-a-clips-dore-diam-10\/#primaryimage"},"image":{"@id":"https:\/\/yazmed.ma\/product\/pince-a-clips-dore-diam-10\/#primaryimage"},"thumbnailUrl":"https:\/\/yazmed.ma\/wp-content\/uploads\/2025\/12\/Pince-a-clips-dore-Diam-10.webp","datePublished":"2025-12-22T18:08:52+00:00","dateModified":"2025-12-22T18:13:54+00:00","breadcrumb":{"@id":"https:\/\/yazmed.ma\/product\/pince-a-clips-dore-diam-10\/#breadcrumb"},"inLanguage":"ary","potentialAction":[{"@type":"ReadAction","target":["https:\/\/yazmed.ma\/product\/pince-a-clips-dore-diam-10\/"]}]},{"@type":"ImageObject","inLanguage":"ary","@id":"https:\/\/yazmed.ma\/product\/pince-a-clips-dore-diam-10\/#primaryimage","url":"https:\/\/yazmed.ma\/wp-content\/uploads\/2025\/12\/Pince-a-clips-dore-Diam-10.webp","contentUrl":"https:\/\/yazmed.ma\/wp-content\/uploads\/2025\/12\/Pince-a-clips-dore-Diam-10.webp","width":570,"height":517,"caption":"Pince a clips dore Diam 10"},{"@type":"BreadcrumbList","@id":"https:\/\/yazmed.ma\/product\/pince-a-clips-dore-diam-10\/#breadcrumb","itemListElement":[{"@type":"ListItem","position":1,"name":"Accueil","item":"https:\/\/yazmed.ma\/"},{"@type":"ListItem","position":2,"name":"Shop","item":"https:\/\/yazmed.ma\/shop-2\/"},{"@type":"ListItem","position":3,"name":"Pince a clips dore Diam 10"}]},{"@type":"WebSite","@id":"https:\/\/yazmed.ma\/#website","url":"https:\/\/yazmed.ma\/","name":"Yazmed","description":"LEADER DU MAT\u00c9RIEL M\u00c9DICAL AU MAROC","publisher":{"@id":"https:\/\/yazmed.ma\/#organization"},"potentialAction":[{"@type":"SearchAction","target":{"@type":"EntryPoint","urlTemplate":"https:\/\/yazmed.ma\/?s={search_term_string}"},"query-input":{"@type":"PropertyValueSpecification","valueRequired":true,"valueName":"search_term_string"}}],"inLanguage":"ary"},{"@type":"Organization","@id":"https:\/\/yazmed.ma\/#organization","name":"Yazmed Healthcare","url":"https:\/\/yazmed.ma\/","logo":{"@type":"ImageObject","inLanguage":"ary","@id":"https:\/\/yazmed.ma\/#\/schema\/logo\/image\/","url":"https:\/\/yazmed.ma\/wp-content\/uploads\/2024\/12\/3.png","contentUrl":"https:\/\/yazmed.ma\/wp-content\/uploads\/2024\/12\/3.png","width":250,"height":70,"caption":"Yazmed Healthcare"},"image":{"@id":"https:\/\/yazmed.ma\/#\/schema\/logo\/image\/"},"sameAs":["https:\/\/www.facebook.com\/azenkouky","https:\/\/www.instagram.com\/yazmedhealthcare","https:\/\/www.linkedin.com\/in\/yazmed-healthcare-1b4955295"]}]}},"_links":{"self":[{"href":"https:\/\/yazmed.ma\/ar\/wp-json\/wp\/v2\/product\/3016","targetHints":{"allow":["GET"]}}],"collection":[{"href":"https:\/\/yazmed.ma\/ar\/wp-json\/wp\/v2\/product"}],"about":[{"href":"https:\/\/yazmed.ma\/ar\/wp-json\/wp\/v2\/types\/product"}],"replies":[{"embeddable":true,"href":"https:\/\/yazmed.ma\/ar\/wp-json\/wp\/v2\/comments?post=3016"}],"version-history":[{"count":0,"href":"https:\/\/yazmed.ma\/ar\/wp-json\/wp\/v2\/product\/3016\/revisions"}],"wp:featuredmedia":[{"embeddable":true,"href":"https:\/\/yazmed.ma\/ar\/wp-json\/wp\/v2\/media\/3017"}],"wp:attachment":[{"href":"https:\/\/yazmed.ma\/ar\/wp-json\/wp\/v2\/media?parent=3016"}],"wp:term":[{"taxonomy":"product_brand","embeddable":true,"href":"https:\/\/yazmed.ma\/ar\/wp-json\/wp\/v2\/product_brand?post=3016"},{"taxonomy":"product_cat","embeddable":true,"href":"https:\/\/yazmed.ma\/ar\/wp-json\/wp\/v2\/product_cat?post=3016"},{"taxonomy":"product_tag","embeddable":true,"href":"https:\/\/yazmed.ma\/ar\/wp-json\/wp\/v2\/product_tag?post=3016"}],"curies":[{"name":"wp","href":"https:\/\/api.w.org\/{rel}","templated":true}]}}