{"id":3013,"date":"2025-12-22T17:46:24","date_gmt":"2025-12-22T17:46:24","guid":{"rendered":"https:\/\/yazmed.ma\/?post_type=product&#038;p=3013"},"modified":"2025-12-22T17:55:17","modified_gmt":"2025-12-22T17:55:17","slug":"cable-source-de-lumiere-3m","status":"publish","type":"product","link":"https:\/\/yazmed.ma\/ar\/product\/cable-source-de-lumiere-3m\/","title":{"rendered":"Cable source de lumiere 3m"},"content":{"rendered":"<p data-start=\"1318\" data-end=\"1353\"><strong data-start=\"1318\" data-end=\"1351\"><img decoding=\"async\" class=\"emoji\" role=\"img\" draggable=\"false\" src=\"https:\/\/s.w.org\/images\/core\/emoji\/16.0.1\/svg\/2705.svg\" alt=\"\u2705\" \/>\u00a0Caract\u00e9ristiques techniques :<\/strong><\/p>\n<p data-start=\"1356\" data-end=\"1407\"><img decoding=\"async\" class=\"emoji\" role=\"img\" draggable=\"false\" src=\"https:\/\/s.w.org\/images\/core\/emoji\/16.0.1\/svg\/2705.svg\" alt=\"\u2705\" \/>\u00a0Type : C\u00e2ble de source de lumi\u00e8re avec adaptateur<\/p>\n<p data-start=\"1410\" data-end=\"1456\"><strong data-start=\"1318\" data-end=\"1351\">\u00a0<\/strong>Mat\u00e9riau : fibres optiques haute performance<\/p>\n<p data-start=\"1459\" data-end=\"1524\"><strong data-start=\"1318\" data-end=\"1351\">\u00a0<\/strong>Compatibilit\u00e9 : adaptateurs multiples pour endoscopes standards<\/p>\n<p data-start=\"1527\" data-end=\"1572\"><strong data-start=\"1318\" data-end=\"1351\">\u00a0<\/strong>Transmission lumineuse : \u00e9lev\u00e9e et homog\u00e8ne<\/p>\n<p data-start=\"1575\" data-end=\"1630\"><strong data-start=\"1318\" data-end=\"1351\">\u00a0<\/strong>Longueur : variable selon mod\u00e8le (1,8 m, 2,3 m, etc.)<\/p>\n<p data-start=\"1633\" data-end=\"1673\"><strong data-start=\"1318\" data-end=\"1351\">\u00a0<\/strong>R\u00e9sistant \u00e0 la chaleur et st\u00e9rilisable<\/p>\n<p data-start=\"1676\" data-end=\"1745\"><strong data-start=\"1318\" data-end=\"1351\"><img decoding=\"async\" class=\"emoji\" role=\"img\" draggable=\"false\" src=\"https:\/\/s.w.org\/images\/core\/emoji\/16.0.1\/svg\/2705.svg\" alt=\"\u2705\" \/>\u00a0<\/strong>Utilisation : endoscopie, laparoscopie, arthroscopie, hyst\u00e9roscopie<\/p>","protected":false},"excerpt":{"rendered":"<h5><strong>CABLE DE SOURCE DE LUMIERE<\/strong><\/h5>\n<p data-start=\"545\" data-end=\"962\">avec adaptateur\u00a0est un\u00a0accessoire m\u00e9dical indispensable pour les syst\u00e8mes d\u2019<a title=\"\" href=\"https:\/\/fr.wikipedia.org\/wiki\/Endoscopie\">endoscopie<\/a>, con\u00e7u pour transmettre efficacement la lumi\u00e8re\u00a0depuis la source jusqu\u2019\u00e0 l\u2019endoscope.<br data-start=\"759\" data-end=\"762\" \/>Fabriqu\u00e9 \u00e0 partir de\u00a0fibres optiques de haute qualit\u00e9, il garantit une\u00a0luminosit\u00e9 exceptionnelle, une\u00a0r\u00e9duction minimale de la perte de lumi\u00e8re\u00a0et une\u00a0image claire du champ op\u00e9ratoire.et les <a title=\"\" href=\"https:\/\/fr.wikipedia.org\/wiki\/Op%C3%A9ration_chirurgicale\">op\u00e9ration chirurgicale<\/a>.<\/p>\n<p data-start=\"964\" data-end=\"1316\">","protected":false},"featured_media":3015,"comment_status":"open","ping_status":"closed","template":"","meta":[],"product_brand":[],"product_cat":[51],"product_tag":[272,273,274,275],"class_list":{"0":"post-3013","1":"product","2":"type-product","3":"status-publish","4":"has-post-thumbnail","6":"product_cat-bloc-et-reanimation","7":"product_tag-coeliochirurgie","8":"product_tag-instrument-de-coelioscopie","9":"product_tag-instruments-de-chirurgie","10":"product_tag-materiel-medical","12":"first","13":"instock","14":"taxable","15":"shipping-taxable","16":"product-type-simple"},"yoast_head":"<!-- This site is optimized with the Yoast SEO plugin v26.9 - https:\/\/yoast.com\/product\/yoast-seo-wordpress\/ -->\n<title>Cable source de lumiere 3m - YAZMED<\/title>\n<meta name=\"robots\" content=\"index, follow, max-snippet:-1, max-image-preview:large, max-video-preview:-1\" \/>\n<link rel=\"canonical\" href=\"https:\/\/yazmed.ma\/ar\/product\/cable-source-de-lumiere-3m\/\" \/>\n<meta property=\"og:locale\" content=\"ar_AR\" \/>\n<meta property=\"og:type\" content=\"article\" \/>\n<meta property=\"og:title\" content=\"Cable source de lumiere 3m - YAZMED\" \/>\n<meta property=\"og:description\" content=\"CABLE DE SOURCE DE LUMIERE avec adaptateur\u00a0est un\u00a0accessoire m\u00e9dical indispensable pour les syst\u00e8mes d\u2019endoscopie, con\u00e7u pour transmettre efficacement la lumi\u00e8re\u00a0depuis la source jusqu\u2019\u00e0 l\u2019endoscope.Fabriqu\u00e9 \u00e0 partir de\u00a0fibres optiques de haute qualit\u00e9, il garantit une\u00a0luminosit\u00e9 exceptionnelle, une\u00a0r\u00e9duction minimale de la perte de lumi\u00e8re\u00a0et une\u00a0image claire du champ op\u00e9ratoire.et les op\u00e9ration chirurgicale.\" \/>\n<meta property=\"og:url\" content=\"https:\/\/yazmed.ma\/ar\/product\/cable-source-de-lumiere-3m\/\" \/>\n<meta property=\"og:site_name\" content=\"YAZMED\" \/>\n<meta property=\"article:publisher\" content=\"https:\/\/www.facebook.com\/azenkouky\" \/>\n<meta property=\"article:modified_time\" content=\"2025-12-22T17:55:17+00:00\" \/>\n<meta property=\"og:image\" content=\"https:\/\/yazmed.ma\/wp-content\/uploads\/2025\/12\/Cable-source-de-lumiere-3m.webp\" \/>\n\t<meta property=\"og:image:width\" content=\"640\" \/>\n\t<meta property=\"og:image:height\" content=\"480\" \/>\n\t<meta property=\"og:image:type\" content=\"image\/webp\" \/>\n<meta name=\"twitter:card\" content=\"summary_large_image\" \/>\n<script type=\"application\/ld+json\" class=\"yoast-schema-graph\">{\"@context\":\"https:\/\/schema.org\",\"@graph\":[{\"@type\":\"WebPage\",\"@id\":\"https:\/\/yazmed.ma\/product\/cable-source-de-lumiere-3m\/\",\"url\":\"https:\/\/yazmed.ma\/product\/cable-source-de-lumiere-3m\/\",\"name\":\"Cable source de lumiere 3m - YAZMED\",\"isPartOf\":{\"@id\":\"https:\/\/yazmed.ma\/#website\"},\"primaryImageOfPage\":{\"@id\":\"https:\/\/yazmed.ma\/product\/cable-source-de-lumiere-3m\/#primaryimage\"},\"image\":{\"@id\":\"https:\/\/yazmed.ma\/product\/cable-source-de-lumiere-3m\/#primaryimage\"},\"thumbnailUrl\":\"https:\/\/yazmed.ma\/wp-content\/uploads\/2025\/12\/Cable-source-de-lumiere-3m.webp\",\"datePublished\":\"2025-12-22T17:46:24+00:00\",\"dateModified\":\"2025-12-22T17:55:17+00:00\",\"breadcrumb\":{\"@id\":\"https:\/\/yazmed.ma\/product\/cable-source-de-lumiere-3m\/#breadcrumb\"},\"inLanguage\":\"ary\",\"potentialAction\":[{\"@type\":\"ReadAction\",\"target\":[\"https:\/\/yazmed.ma\/product\/cable-source-de-lumiere-3m\/\"]}]},{\"@type\":\"ImageObject\",\"inLanguage\":\"ary\",\"@id\":\"https:\/\/yazmed.ma\/product\/cable-source-de-lumiere-3m\/#primaryimage\",\"url\":\"https:\/\/yazmed.ma\/wp-content\/uploads\/2025\/12\/Cable-source-de-lumiere-3m.webp\",\"contentUrl\":\"https:\/\/yazmed.ma\/wp-content\/uploads\/2025\/12\/Cable-source-de-lumiere-3m.webp\",\"width\":640,\"height\":480,\"caption\":\"Cable source de lumiere 3m\"},{\"@type\":\"BreadcrumbList\",\"@id\":\"https:\/\/yazmed.ma\/product\/cable-source-de-lumiere-3m\/#breadcrumb\",\"itemListElement\":[{\"@type\":\"ListItem\",\"position\":1,\"name\":\"Accueil\",\"item\":\"https:\/\/yazmed.ma\/\"},{\"@type\":\"ListItem\",\"position\":2,\"name\":\"Shop\",\"item\":\"https:\/\/yazmed.ma\/shop-2\/\"},{\"@type\":\"ListItem\",\"position\":3,\"name\":\"Cable source de lumiere 3m\"}]},{\"@type\":\"WebSite\",\"@id\":\"https:\/\/yazmed.ma\/#website\",\"url\":\"https:\/\/yazmed.ma\/\",\"name\":\"Yazmed\",\"description\":\"LEADER DU MAT\u00c9RIEL M\u00c9DICAL AU MAROC\",\"publisher\":{\"@id\":\"https:\/\/yazmed.ma\/#organization\"},\"potentialAction\":[{\"@type\":\"SearchAction\",\"target\":{\"@type\":\"EntryPoint\",\"urlTemplate\":\"https:\/\/yazmed.ma\/?s={search_term_string}\"},\"query-input\":{\"@type\":\"PropertyValueSpecification\",\"valueRequired\":true,\"valueName\":\"search_term_string\"}}],\"inLanguage\":\"ary\"},{\"@type\":\"Organization\",\"@id\":\"https:\/\/yazmed.ma\/#organization\",\"name\":\"Yazmed Healthcare\",\"url\":\"https:\/\/yazmed.ma\/\",\"logo\":{\"@type\":\"ImageObject\",\"inLanguage\":\"ary\",\"@id\":\"https:\/\/yazmed.ma\/#\/schema\/logo\/image\/\",\"url\":\"https:\/\/yazmed.ma\/wp-content\/uploads\/2024\/12\/3.png\",\"contentUrl\":\"https:\/\/yazmed.ma\/wp-content\/uploads\/2024\/12\/3.png\",\"width\":250,\"height\":70,\"caption\":\"Yazmed Healthcare\"},\"image\":{\"@id\":\"https:\/\/yazmed.ma\/#\/schema\/logo\/image\/\"},\"sameAs\":[\"https:\/\/www.facebook.com\/azenkouky\",\"https:\/\/www.instagram.com\/yazmedhealthcare\",\"https:\/\/www.linkedin.com\/in\/yazmed-healthcare-1b4955295\"]}]}<\/script>\n<!-- \/ Yoast SEO plugin. -->","yoast_head_json":{"title":"Cable source de lumiere 3m - YAZMED","robots":{"index":"index","follow":"follow","max-snippet":"max-snippet:-1","max-image-preview":"max-image-preview:large","max-video-preview":"max-video-preview:-1"},"canonical":"https:\/\/yazmed.ma\/ar\/product\/cable-source-de-lumiere-3m\/","og_locale":"ar_AR","og_type":"article","og_title":"Cable source de lumiere 3m - YAZMED","og_description":"CABLE DE SOURCE DE LUMIERE avec adaptateur\u00a0est un\u00a0accessoire m\u00e9dical indispensable pour les syst\u00e8mes d\u2019endoscopie, con\u00e7u pour transmettre efficacement la lumi\u00e8re\u00a0depuis la source jusqu\u2019\u00e0 l\u2019endoscope.Fabriqu\u00e9 \u00e0 partir de\u00a0fibres optiques de haute qualit\u00e9, il garantit une\u00a0luminosit\u00e9 exceptionnelle, une\u00a0r\u00e9duction minimale de la perte de lumi\u00e8re\u00a0et une\u00a0image claire du champ op\u00e9ratoire.et les op\u00e9ration chirurgicale.","og_url":"https:\/\/yazmed.ma\/ar\/product\/cable-source-de-lumiere-3m\/","og_site_name":"YAZMED","article_publisher":"https:\/\/www.facebook.com\/azenkouky","article_modified_time":"2025-12-22T17:55:17+00:00","og_image":[{"width":640,"height":480,"url":"https:\/\/yazmed.ma\/wp-content\/uploads\/2025\/12\/Cable-source-de-lumiere-3m.webp","type":"image\/webp"}],"twitter_card":"summary_large_image","schema":{"@context":"https:\/\/schema.org","@graph":[{"@type":"WebPage","@id":"https:\/\/yazmed.ma\/product\/cable-source-de-lumiere-3m\/","url":"https:\/\/yazmed.ma\/product\/cable-source-de-lumiere-3m\/","name":"Cable source de lumiere 3m - YAZMED","isPartOf":{"@id":"https:\/\/yazmed.ma\/#website"},"primaryImageOfPage":{"@id":"https:\/\/yazmed.ma\/product\/cable-source-de-lumiere-3m\/#primaryimage"},"image":{"@id":"https:\/\/yazmed.ma\/product\/cable-source-de-lumiere-3m\/#primaryimage"},"thumbnailUrl":"https:\/\/yazmed.ma\/wp-content\/uploads\/2025\/12\/Cable-source-de-lumiere-3m.webp","datePublished":"2025-12-22T17:46:24+00:00","dateModified":"2025-12-22T17:55:17+00:00","breadcrumb":{"@id":"https:\/\/yazmed.ma\/product\/cable-source-de-lumiere-3m\/#breadcrumb"},"inLanguage":"ary","potentialAction":[{"@type":"ReadAction","target":["https:\/\/yazmed.ma\/product\/cable-source-de-lumiere-3m\/"]}]},{"@type":"ImageObject","inLanguage":"ary","@id":"https:\/\/yazmed.ma\/product\/cable-source-de-lumiere-3m\/#primaryimage","url":"https:\/\/yazmed.ma\/wp-content\/uploads\/2025\/12\/Cable-source-de-lumiere-3m.webp","contentUrl":"https:\/\/yazmed.ma\/wp-content\/uploads\/2025\/12\/Cable-source-de-lumiere-3m.webp","width":640,"height":480,"caption":"Cable source de lumiere 3m"},{"@type":"BreadcrumbList","@id":"https:\/\/yazmed.ma\/product\/cable-source-de-lumiere-3m\/#breadcrumb","itemListElement":[{"@type":"ListItem","position":1,"name":"Accueil","item":"https:\/\/yazmed.ma\/"},{"@type":"ListItem","position":2,"name":"Shop","item":"https:\/\/yazmed.ma\/shop-2\/"},{"@type":"ListItem","position":3,"name":"Cable source de lumiere 3m"}]},{"@type":"WebSite","@id":"https:\/\/yazmed.ma\/#website","url":"https:\/\/yazmed.ma\/","name":"Yazmed","description":"LEADER DU MAT\u00c9RIEL M\u00c9DICAL AU MAROC","publisher":{"@id":"https:\/\/yazmed.ma\/#organization"},"potentialAction":[{"@type":"SearchAction","target":{"@type":"EntryPoint","urlTemplate":"https:\/\/yazmed.ma\/?s={search_term_string}"},"query-input":{"@type":"PropertyValueSpecification","valueRequired":true,"valueName":"search_term_string"}}],"inLanguage":"ary"},{"@type":"Organization","@id":"https:\/\/yazmed.ma\/#organization","name":"Yazmed Healthcare","url":"https:\/\/yazmed.ma\/","logo":{"@type":"ImageObject","inLanguage":"ary","@id":"https:\/\/yazmed.ma\/#\/schema\/logo\/image\/","url":"https:\/\/yazmed.ma\/wp-content\/uploads\/2024\/12\/3.png","contentUrl":"https:\/\/yazmed.ma\/wp-content\/uploads\/2024\/12\/3.png","width":250,"height":70,"caption":"Yazmed Healthcare"},"image":{"@id":"https:\/\/yazmed.ma\/#\/schema\/logo\/image\/"},"sameAs":["https:\/\/www.facebook.com\/azenkouky","https:\/\/www.instagram.com\/yazmedhealthcare","https:\/\/www.linkedin.com\/in\/yazmed-healthcare-1b4955295"]}]}},"_links":{"self":[{"href":"https:\/\/yazmed.ma\/ar\/wp-json\/wp\/v2\/product\/3013","targetHints":{"allow":["GET"]}}],"collection":[{"href":"https:\/\/yazmed.ma\/ar\/wp-json\/wp\/v2\/product"}],"about":[{"href":"https:\/\/yazmed.ma\/ar\/wp-json\/wp\/v2\/types\/product"}],"replies":[{"embeddable":true,"href":"https:\/\/yazmed.ma\/ar\/wp-json\/wp\/v2\/comments?post=3013"}],"version-history":[{"count":0,"href":"https:\/\/yazmed.ma\/ar\/wp-json\/wp\/v2\/product\/3013\/revisions"}],"wp:featuredmedia":[{"embeddable":true,"href":"https:\/\/yazmed.ma\/ar\/wp-json\/wp\/v2\/media\/3015"}],"wp:attachment":[{"href":"https:\/\/yazmed.ma\/ar\/wp-json\/wp\/v2\/media?parent=3013"}],"wp:term":[{"taxonomy":"product_brand","embeddable":true,"href":"https:\/\/yazmed.ma\/ar\/wp-json\/wp\/v2\/product_brand?post=3013"},{"taxonomy":"product_cat","embeddable":true,"href":"https:\/\/yazmed.ma\/ar\/wp-json\/wp\/v2\/product_cat?post=3013"},{"taxonomy":"product_tag","embeddable":true,"href":"https:\/\/yazmed.ma\/ar\/wp-json\/wp\/v2\/product_tag?post=3013"}],"curies":[{"name":"wp","href":"https:\/\/api.w.org\/{rel}","templated":true}]}}