{"id":3008,"date":"2025-12-22T17:12:38","date_gmt":"2025-12-22T17:12:38","guid":{"rendered":"https:\/\/yazmed.ma\/?post_type=product&#038;p=3008"},"modified":"2025-12-22T17:30:42","modified_gmt":"2025-12-22T17:30:42","slug":"pince-bipolaire-fenetree-42-cm","status":"publish","type":"product","link":"https:\/\/yazmed.ma\/ar\/product\/pince-bipolaire-fenetree-42-cm\/","title":{"rendered":"Pince bipolaire \u2013 Fen\u00eatr\u00e9e 42 cm"},"content":{"rendered":"<p data-start=\"1294\" data-end=\"1329\"><strong data-start=\"1294\" data-end=\"1327\"><img decoding=\"async\" class=\"emoji\" role=\"img\" draggable=\"false\" src=\"https:\/\/s.w.org\/images\/core\/emoji\/16.0.1\/svg\/2705.svg\" alt=\"\u2705\" \/>Caract\u00e9ristiques techniques :<\/strong><\/p>\n<p data-start=\"1332\" data-end=\"1374\"><img decoding=\"async\" class=\"emoji\" role=\"img\" draggable=\"false\" src=\"https:\/\/s.w.org\/images\/core\/emoji\/16.0.1\/svg\/2705.svg\" alt=\"\u2705\" \/>Type : Pince bipolaire compl\u00e8te fen\u00eatr\u00e9e<\/p>\n<p data-start=\"1377\" data-end=\"1425\"><img decoding=\"async\" class=\"emoji\" role=\"img\" draggable=\"false\" src=\"https:\/\/s.w.org\/images\/core\/emoji\/16.0.1\/svg\/2705.svg\" alt=\"\u2705\" \/>Mat\u00e9riau : Acier inoxydable m\u00e9dical conducteur<\/p>\n<p data-start=\"1428\" data-end=\"1476\"><img decoding=\"async\" class=\"emoji\" role=\"img\" draggable=\"false\" src=\"https:\/\/s.w.org\/images\/core\/emoji\/16.0.1\/svg\/2705.svg\" alt=\"\u2705\" \/>Fonction : dissection et coagulation bipolaire<\/p>\n<p data-start=\"1479\" data-end=\"1534\"><img decoding=\"async\" class=\"emoji\" role=\"img\" draggable=\"false\" src=\"https:\/\/s.w.org\/images\/core\/emoji\/16.0.1\/svg\/2705.svg\" alt=\"\u2705\" \/>Mors fen\u00eatr\u00e9es pour meilleure visibilit\u00e9 et pr\u00e9cision<\/p>\n<p data-start=\"1537\" data-end=\"1566\"><img decoding=\"async\" class=\"emoji\" role=\"img\" draggable=\"false\" src=\"https:\/\/s.w.org\/images\/core\/emoji\/16.0.1\/svg\/2705.svg\" alt=\"\u2705\" \/>Isolation haute performance<\/p>\n<p data-start=\"1569\" data-end=\"1599\"><img decoding=\"async\" class=\"emoji\" role=\"img\" draggable=\"false\" src=\"https:\/\/s.w.org\/images\/core\/emoji\/16.0.1\/svg\/2705.svg\" alt=\"\u2705\" \/>St\u00e9rilisable et r\u00e9utilisable<\/p>\n<p data-start=\"1602\" data-end=\"1657\"><img decoding=\"async\" class=\"emoji\" role=\"img\" draggable=\"false\" src=\"https:\/\/s.w.org\/images\/core\/emoji\/16.0.1\/svg\/2705.svg\" alt=\"\u2705\" \/>Compatible avec la plupart des g\u00e9n\u00e9rateurs bipolaires<\/p>","protected":false},"excerpt":{"rendered":"<h5><strong>Pince bipolaire \u2013 Fen\u00eatr\u00e9e 42 cm<\/strong><\/h5>\n<p>est un\u00a0instrument \u00e9lectrochirurgical de haute pr\u00e9cision, sp\u00e9cialement con\u00e7u pour la\u00a0dissection fine\u00a0et la\u00a0coagulation localis\u00e9e des tissus pendant les <a title=\"\" href=\"https:\/\/fr.wikipedia.org\/wiki\/Op%C3%A9ration_chirurgicale\">op\u00e9ration chirurgicale<\/a><br data-start=\"757\" data-end=\"760\" \/>Sa morsure fen\u00eatr\u00e9e offre une meilleure visibilit\u00e9 et un contr\u00f4le optimal du champ op\u00e9ratoire, tout en assurant une adh\u00e9rence stable des tissus sans les ab\u00eemer.dans les examen de la \u00a0la\u00a0<a title=\"C\u0153lioscopie\" href=\"https:\/\/fr.wikipedia.org\/wiki\/C%C5%93lioscopie\">c\u0153lioscopie<\/a><\/p>\n<p>Gr\u00e2ce \u00e0 sa\u00a0technologie bipolaire, cette pince permet une\u00a0transmission \u00e9lectrique cibl\u00e9e, limitant la diffusion de chaleur et prot\u00e9geant les tissus environnants.<br data-start=\"1106\" data-end=\"1109\" \/>Fabriqu\u00e9e en\u00a0acier inoxydable chirurgical hautement conducteur, elle garantit une\u00a0excellente durabilit\u00e9, une\u00a0r\u00e9sistance \u00e0 la corrosion\u00a0et une\u00a0st\u00e9rilisation parfaite.<\/p>","protected":false},"featured_media":3009,"comment_status":"open","ping_status":"closed","template":"","meta":[],"product_brand":[],"product_cat":[51],"product_tag":[272],"class_list":{"0":"post-3008","1":"product","2":"type-product","3":"status-publish","4":"has-post-thumbnail","6":"product_cat-bloc-et-reanimation","7":"product_tag-coeliochirurgie","9":"first","10":"instock","11":"sale","12":"taxable","13":"shipping-taxable","14":"purchasable","15":"product-type-variable"},"yoast_head":"<!-- This site is optimized with the Yoast SEO plugin v26.9 - https:\/\/yoast.com\/product\/yoast-seo-wordpress\/ -->\n<title>Pince bipolaire \u2013 Fen\u00eatr\u00e9e 42 cm - YAZMED<\/title>\n<meta name=\"robots\" content=\"index, follow, max-snippet:-1, max-image-preview:large, max-video-preview:-1\" \/>\n<link rel=\"canonical\" href=\"https:\/\/yazmed.ma\/ar\/product\/pince-bipolaire-fenetree-42-cm\/\" \/>\n<meta property=\"og:locale\" content=\"ar_AR\" \/>\n<meta property=\"og:type\" content=\"article\" \/>\n<meta property=\"og:title\" content=\"Pince bipolaire \u2013 Fen\u00eatr\u00e9e 42 cm - YAZMED\" \/>\n<meta property=\"og:description\" content=\"Pince bipolaire \u2013 Fen\u00eatr\u00e9e 42 cm est un\u00a0instrument \u00e9lectrochirurgical de haute pr\u00e9cision, sp\u00e9cialement con\u00e7u pour la\u00a0dissection fine\u00a0et la\u00a0coagulation localis\u00e9e des tissus pendant les op\u00e9ration chirurgicaleSa morsure fen\u00eatr\u00e9e offre une meilleure visibilit\u00e9 et un contr\u00f4le optimal du champ op\u00e9ratoire, tout en assurant une adh\u00e9rence stable des tissus sans les ab\u00eemer.dans les examen de la \u00a0la\u00a0c\u0153lioscopie  Gr\u00e2ce \u00e0 sa\u00a0technologie bipolaire, cette pince permet une\u00a0transmission \u00e9lectrique cibl\u00e9e, limitant la diffusion de chaleur et prot\u00e9geant les tissus environnants.Fabriqu\u00e9e en\u00a0acier inoxydable chirurgical hautement conducteur, elle garantit une\u00a0excellente durabilit\u00e9, une\u00a0r\u00e9sistance \u00e0 la corrosion\u00a0et une\u00a0st\u00e9rilisation parfaite.\" \/>\n<meta property=\"og:url\" content=\"https:\/\/yazmed.ma\/ar\/product\/pince-bipolaire-fenetree-42-cm\/\" \/>\n<meta property=\"og:site_name\" content=\"YAZMED\" \/>\n<meta property=\"article:publisher\" content=\"https:\/\/www.facebook.com\/azenkouky\" \/>\n<meta property=\"article:modified_time\" content=\"2025-12-22T17:30:42+00:00\" \/>\n<meta property=\"og:image\" content=\"https:\/\/yazmed.ma\/wp-content\/uploads\/2025\/12\/Pince-bipolaire-\u2013-Fenetree-42-cm.webp\" \/>\n\t<meta property=\"og:image:width\" content=\"570\" \/>\n\t<meta property=\"og:image:height\" content=\"517\" \/>\n\t<meta property=\"og:image:type\" content=\"image\/webp\" \/>\n<meta name=\"twitter:card\" content=\"summary_large_image\" \/>\n<script type=\"application\/ld+json\" class=\"yoast-schema-graph\">{\"@context\":\"https:\/\/schema.org\",\"@graph\":[{\"@type\":\"WebPage\",\"@id\":\"https:\/\/yazmed.ma\/product\/pince-bipolaire-fenetree-42-cm\/\",\"url\":\"https:\/\/yazmed.ma\/product\/pince-bipolaire-fenetree-42-cm\/\",\"name\":\"Pince bipolaire \u2013 Fen\u00eatr\u00e9e 42 cm - YAZMED\",\"isPartOf\":{\"@id\":\"https:\/\/yazmed.ma\/#website\"},\"primaryImageOfPage\":{\"@id\":\"https:\/\/yazmed.ma\/product\/pince-bipolaire-fenetree-42-cm\/#primaryimage\"},\"image\":{\"@id\":\"https:\/\/yazmed.ma\/product\/pince-bipolaire-fenetree-42-cm\/#primaryimage\"},\"thumbnailUrl\":\"https:\/\/yazmed.ma\/wp-content\/uploads\/2025\/12\/Pince-bipolaire-\u2013-Fenetree-42-cm.webp\",\"datePublished\":\"2025-12-22T17:12:38+00:00\",\"dateModified\":\"2025-12-22T17:30:42+00:00\",\"breadcrumb\":{\"@id\":\"https:\/\/yazmed.ma\/product\/pince-bipolaire-fenetree-42-cm\/#breadcrumb\"},\"inLanguage\":\"ary\",\"potentialAction\":[{\"@type\":\"ReadAction\",\"target\":[\"https:\/\/yazmed.ma\/product\/pince-bipolaire-fenetree-42-cm\/\"]}]},{\"@type\":\"ImageObject\",\"inLanguage\":\"ary\",\"@id\":\"https:\/\/yazmed.ma\/product\/pince-bipolaire-fenetree-42-cm\/#primaryimage\",\"url\":\"https:\/\/yazmed.ma\/wp-content\/uploads\/2025\/12\/Pince-bipolaire-\u2013-Fenetree-42-cm.webp\",\"contentUrl\":\"https:\/\/yazmed.ma\/wp-content\/uploads\/2025\/12\/Pince-bipolaire-\u2013-Fenetree-42-cm.webp\",\"width\":570,\"height\":517,\"caption\":\"Pince bipolaire \u2013 Fen\u00eatr\u00e9e 42 cm\"},{\"@type\":\"BreadcrumbList\",\"@id\":\"https:\/\/yazmed.ma\/product\/pince-bipolaire-fenetree-42-cm\/#breadcrumb\",\"itemListElement\":[{\"@type\":\"ListItem\",\"position\":1,\"name\":\"Accueil\",\"item\":\"https:\/\/yazmed.ma\/\"},{\"@type\":\"ListItem\",\"position\":2,\"name\":\"Shop\",\"item\":\"https:\/\/yazmed.ma\/shop-2\/\"},{\"@type\":\"ListItem\",\"position\":3,\"name\":\"Pince bipolaire \u2013 Fen\u00eatr\u00e9e 42 cm\"}]},{\"@type\":\"WebSite\",\"@id\":\"https:\/\/yazmed.ma\/#website\",\"url\":\"https:\/\/yazmed.ma\/\",\"name\":\"Yazmed\",\"description\":\"LEADER DU MAT\u00c9RIEL M\u00c9DICAL AU MAROC\",\"publisher\":{\"@id\":\"https:\/\/yazmed.ma\/#organization\"},\"potentialAction\":[{\"@type\":\"SearchAction\",\"target\":{\"@type\":\"EntryPoint\",\"urlTemplate\":\"https:\/\/yazmed.ma\/?s={search_term_string}\"},\"query-input\":{\"@type\":\"PropertyValueSpecification\",\"valueRequired\":true,\"valueName\":\"search_term_string\"}}],\"inLanguage\":\"ary\"},{\"@type\":\"Organization\",\"@id\":\"https:\/\/yazmed.ma\/#organization\",\"name\":\"Yazmed Healthcare\",\"url\":\"https:\/\/yazmed.ma\/\",\"logo\":{\"@type\":\"ImageObject\",\"inLanguage\":\"ary\",\"@id\":\"https:\/\/yazmed.ma\/#\/schema\/logo\/image\/\",\"url\":\"https:\/\/yazmed.ma\/wp-content\/uploads\/2024\/12\/3.png\",\"contentUrl\":\"https:\/\/yazmed.ma\/wp-content\/uploads\/2024\/12\/3.png\",\"width\":250,\"height\":70,\"caption\":\"Yazmed Healthcare\"},\"image\":{\"@id\":\"https:\/\/yazmed.ma\/#\/schema\/logo\/image\/\"},\"sameAs\":[\"https:\/\/www.facebook.com\/azenkouky\",\"https:\/\/www.instagram.com\/yazmedhealthcare\",\"https:\/\/www.linkedin.com\/in\/yazmed-healthcare-1b4955295\"]}]}<\/script>\n<!-- \/ Yoast SEO plugin. -->","yoast_head_json":{"title":"Pince bipolaire \u2013 Fen\u00eatr\u00e9e 42 cm - YAZMED","robots":{"index":"index","follow":"follow","max-snippet":"max-snippet:-1","max-image-preview":"max-image-preview:large","max-video-preview":"max-video-preview:-1"},"canonical":"https:\/\/yazmed.ma\/ar\/product\/pince-bipolaire-fenetree-42-cm\/","og_locale":"ar_AR","og_type":"article","og_title":"Pince bipolaire \u2013 Fen\u00eatr\u00e9e 42 cm - YAZMED","og_description":"Pince bipolaire \u2013 Fen\u00eatr\u00e9e 42 cm est un\u00a0instrument \u00e9lectrochirurgical de haute pr\u00e9cision, sp\u00e9cialement con\u00e7u pour la\u00a0dissection fine\u00a0et la\u00a0coagulation localis\u00e9e des tissus pendant les op\u00e9ration chirurgicaleSa morsure fen\u00eatr\u00e9e offre une meilleure visibilit\u00e9 et un contr\u00f4le optimal du champ op\u00e9ratoire, tout en assurant une adh\u00e9rence stable des tissus sans les ab\u00eemer.dans les examen de la \u00a0la\u00a0c\u0153lioscopie  Gr\u00e2ce \u00e0 sa\u00a0technologie bipolaire, cette pince permet une\u00a0transmission \u00e9lectrique cibl\u00e9e, limitant la diffusion de chaleur et prot\u00e9geant les tissus environnants.Fabriqu\u00e9e en\u00a0acier inoxydable chirurgical hautement conducteur, elle garantit une\u00a0excellente durabilit\u00e9, une\u00a0r\u00e9sistance \u00e0 la corrosion\u00a0et une\u00a0st\u00e9rilisation parfaite.","og_url":"https:\/\/yazmed.ma\/ar\/product\/pince-bipolaire-fenetree-42-cm\/","og_site_name":"YAZMED","article_publisher":"https:\/\/www.facebook.com\/azenkouky","article_modified_time":"2025-12-22T17:30:42+00:00","og_image":[{"width":570,"height":517,"url":"https:\/\/yazmed.ma\/wp-content\/uploads\/2025\/12\/Pince-bipolaire-\u2013-Fenetree-42-cm.webp","type":"image\/webp"}],"twitter_card":"summary_large_image","schema":{"@context":"https:\/\/schema.org","@graph":[{"@type":"WebPage","@id":"https:\/\/yazmed.ma\/product\/pince-bipolaire-fenetree-42-cm\/","url":"https:\/\/yazmed.ma\/product\/pince-bipolaire-fenetree-42-cm\/","name":"Pince bipolaire \u2013 Fen\u00eatr\u00e9e 42 cm - YAZMED","isPartOf":{"@id":"https:\/\/yazmed.ma\/#website"},"primaryImageOfPage":{"@id":"https:\/\/yazmed.ma\/product\/pince-bipolaire-fenetree-42-cm\/#primaryimage"},"image":{"@id":"https:\/\/yazmed.ma\/product\/pince-bipolaire-fenetree-42-cm\/#primaryimage"},"thumbnailUrl":"https:\/\/yazmed.ma\/wp-content\/uploads\/2025\/12\/Pince-bipolaire-\u2013-Fenetree-42-cm.webp","datePublished":"2025-12-22T17:12:38+00:00","dateModified":"2025-12-22T17:30:42+00:00","breadcrumb":{"@id":"https:\/\/yazmed.ma\/product\/pince-bipolaire-fenetree-42-cm\/#breadcrumb"},"inLanguage":"ary","potentialAction":[{"@type":"ReadAction","target":["https:\/\/yazmed.ma\/product\/pince-bipolaire-fenetree-42-cm\/"]}]},{"@type":"ImageObject","inLanguage":"ary","@id":"https:\/\/yazmed.ma\/product\/pince-bipolaire-fenetree-42-cm\/#primaryimage","url":"https:\/\/yazmed.ma\/wp-content\/uploads\/2025\/12\/Pince-bipolaire-\u2013-Fenetree-42-cm.webp","contentUrl":"https:\/\/yazmed.ma\/wp-content\/uploads\/2025\/12\/Pince-bipolaire-\u2013-Fenetree-42-cm.webp","width":570,"height":517,"caption":"Pince bipolaire \u2013 Fen\u00eatr\u00e9e 42 cm"},{"@type":"BreadcrumbList","@id":"https:\/\/yazmed.ma\/product\/pince-bipolaire-fenetree-42-cm\/#breadcrumb","itemListElement":[{"@type":"ListItem","position":1,"name":"Accueil","item":"https:\/\/yazmed.ma\/"},{"@type":"ListItem","position":2,"name":"Shop","item":"https:\/\/yazmed.ma\/shop-2\/"},{"@type":"ListItem","position":3,"name":"Pince bipolaire \u2013 Fen\u00eatr\u00e9e 42 cm"}]},{"@type":"WebSite","@id":"https:\/\/yazmed.ma\/#website","url":"https:\/\/yazmed.ma\/","name":"Yazmed","description":"LEADER DU MAT\u00c9RIEL M\u00c9DICAL AU MAROC","publisher":{"@id":"https:\/\/yazmed.ma\/#organization"},"potentialAction":[{"@type":"SearchAction","target":{"@type":"EntryPoint","urlTemplate":"https:\/\/yazmed.ma\/?s={search_term_string}"},"query-input":{"@type":"PropertyValueSpecification","valueRequired":true,"valueName":"search_term_string"}}],"inLanguage":"ary"},{"@type":"Organization","@id":"https:\/\/yazmed.ma\/#organization","name":"Yazmed Healthcare","url":"https:\/\/yazmed.ma\/","logo":{"@type":"ImageObject","inLanguage":"ary","@id":"https:\/\/yazmed.ma\/#\/schema\/logo\/image\/","url":"https:\/\/yazmed.ma\/wp-content\/uploads\/2024\/12\/3.png","contentUrl":"https:\/\/yazmed.ma\/wp-content\/uploads\/2024\/12\/3.png","width":250,"height":70,"caption":"Yazmed Healthcare"},"image":{"@id":"https:\/\/yazmed.ma\/#\/schema\/logo\/image\/"},"sameAs":["https:\/\/www.facebook.com\/azenkouky","https:\/\/www.instagram.com\/yazmedhealthcare","https:\/\/www.linkedin.com\/in\/yazmed-healthcare-1b4955295"]}]}},"_links":{"self":[{"href":"https:\/\/yazmed.ma\/ar\/wp-json\/wp\/v2\/product\/3008","targetHints":{"allow":["GET"]}}],"collection":[{"href":"https:\/\/yazmed.ma\/ar\/wp-json\/wp\/v2\/product"}],"about":[{"href":"https:\/\/yazmed.ma\/ar\/wp-json\/wp\/v2\/types\/product"}],"replies":[{"embeddable":true,"href":"https:\/\/yazmed.ma\/ar\/wp-json\/wp\/v2\/comments?post=3008"}],"version-history":[{"count":0,"href":"https:\/\/yazmed.ma\/ar\/wp-json\/wp\/v2\/product\/3008\/revisions"}],"wp:featuredmedia":[{"embeddable":true,"href":"https:\/\/yazmed.ma\/ar\/wp-json\/wp\/v2\/media\/3009"}],"wp:attachment":[{"href":"https:\/\/yazmed.ma\/ar\/wp-json\/wp\/v2\/media?parent=3008"}],"wp:term":[{"taxonomy":"product_brand","embeddable":true,"href":"https:\/\/yazmed.ma\/ar\/wp-json\/wp\/v2\/product_brand?post=3008"},{"taxonomy":"product_cat","embeddable":true,"href":"https:\/\/yazmed.ma\/ar\/wp-json\/wp\/v2\/product_cat?post=3008"},{"taxonomy":"product_tag","embeddable":true,"href":"https:\/\/yazmed.ma\/ar\/wp-json\/wp\/v2\/product_tag?post=3008"}],"curies":[{"name":"wp","href":"https:\/\/api.w.org\/{rel}","templated":true}]}}