{"id":2999,"date":"2025-12-21T16:02:11","date_gmt":"2025-12-21T16:02:11","guid":{"rendered":"https:\/\/yazmed.ma\/?post_type=product&#038;p=2999"},"modified":"2025-12-21T16:27:49","modified_gmt":"2025-12-21T16:27:49","slug":"coloplast-pate-60g","status":"publish","type":"product","link":"https:\/\/yazmed.ma\/ar\/product\/coloplast-pate-60g\/","title":{"rendered":"Coloplast Pate 60g"},"content":{"rendered":"<h3><img decoding=\"async\" class=\"emoji\" role=\"img\" draggable=\"false\" src=\"https:\/\/s.w.org\/images\/core\/emoji\/16.0.1\/svg\/2705.svg\" alt=\"\u2705\" \/><em><strong>AVANTAGE\u00a0<\/strong><\/em><\/h3>\n<p><strong>\u00c9tanch\u00e9it\u00e9 renforc\u00e9e<\/strong>\u00a0: Limite les fuites pour une protection optimale.<\/p>\n<p><strong>Application facile<\/strong>\u00a0: S\u2019applique directement sur la peau ou le support adh\u00e9sif.<\/p>\n<p><strong>Adapt\u00e9e aux stomies irr\u00e9guli\u00e8res<\/strong>\u00a0: Remplit efficacement les plis et cicatrices.<\/p>\n<p><strong>Confort cutan\u00e9<\/strong>\u00a0: Prot\u00e8ge la peau contre les irritations et favorise la tol\u00e9rance<\/p>\n<p>&nbsp;<\/p>\n<p><img decoding=\"async\" class=\"\" src=\"https:\/\/www.coloplast.fr\/Global\/03_Default%20images\/CP_Logo_Deep_Blue_RGB.png\" alt=\"logo\" width=\"132\" height=\"30\" \/><\/p>","protected":false},"excerpt":{"rendered":"<h4><strong data-start=\"178\" data-end=\"202\">Coloplast P\u00e2te\u00a0 60g<\/strong><\/h4>\n<p>accessoire indispensable pour les personnes <a title=\"\" href=\"https:\/\/fr.wikipedia.org\/wiki\/Stomie\">stomie<\/a> (stomis\u00e9es). Con\u00e7ue par la marque Coloplast, leader mondial dans les soins de stomie, joue un r\u00f4le essentiel dans la protection cutan\u00e9e et l\u2019am\u00e9lioration de l\u2019adh\u00e9rence des poches de colostomie Gr\u00e2ce \u00e0 sa formulation douce et efficace, elle r\u00e9duit les risques d\u2019irritations et assure une s\u00e9curit\u00e9 optimale au quotidien.<\/p>\n<p><img decoding=\"async\" class=\"\" src=\"https:\/\/www.coloplast.fr\/Global\/03_Default%20images\/CP_Logo_Deep_Blue_RGB.png\" alt=\"logo\" width=\"132\" height=\"30\" \/><\/p>","protected":false},"featured_media":3001,"comment_status":"open","ping_status":"closed","template":"","meta":[],"product_brand":[270],"product_cat":[52],"product_tag":[269],"class_list":{"0":"post-2999","1":"product","2":"type-product","3":"status-publish","4":"has-post-thumbnail","6":"product_brand-coloplast","7":"product_cat-consommable-medical","8":"product_tag-coloplast","10":"first","11":"instock","12":"sale","13":"taxable","14":"shipping-taxable","15":"purchasable","16":"product-type-simple"},"yoast_head":"<!-- This site is optimized with the Yoast SEO plugin v26.9 - https:\/\/yoast.com\/product\/yoast-seo-wordpress\/ -->\n<title>Coloplast Pate 60g - YAZMED<\/title>\n<meta name=\"robots\" content=\"index, follow, max-snippet:-1, max-image-preview:large, max-video-preview:-1\" \/>\n<link rel=\"canonical\" href=\"https:\/\/yazmed.ma\/ar\/product\/coloplast-pate-60g\/\" \/>\n<meta property=\"og:locale\" content=\"ar_AR\" \/>\n<meta property=\"og:type\" content=\"article\" \/>\n<meta property=\"og:title\" content=\"Coloplast Pate 60g - YAZMED\" \/>\n<meta property=\"og:description\" content=\"Coloplast P\u00e2te\u00a0 60g accessoire indispensable pour les personnes stomie (stomis\u00e9es). Con\u00e7ue par la marque Coloplast, leader mondial dans les soins de stomie, joue un r\u00f4le essentiel dans la protection cutan\u00e9e et l\u2019am\u00e9lioration de l\u2019adh\u00e9rence des poches de colostomie Gr\u00e2ce \u00e0 sa formulation douce et efficace, elle r\u00e9duit les risques d\u2019irritations et assure une s\u00e9curit\u00e9 optimale au quotidien.\" \/>\n<meta property=\"og:url\" content=\"https:\/\/yazmed.ma\/ar\/product\/coloplast-pate-60g\/\" \/>\n<meta property=\"og:site_name\" content=\"YAZMED\" \/>\n<meta property=\"article:publisher\" content=\"https:\/\/www.facebook.com\/azenkouky\" \/>\n<meta property=\"article:modified_time\" content=\"2025-12-21T16:27:49+00:00\" \/>\n<meta property=\"og:image\" content=\"https:\/\/yazmed.ma\/wp-content\/uploads\/2025\/12\/Coloplast-Pate-60g.webp\" \/>\n\t<meta property=\"og:image:width\" content=\"1100\" \/>\n\t<meta property=\"og:image:height\" content=\"1100\" \/>\n\t<meta property=\"og:image:type\" content=\"image\/webp\" \/>\n<meta name=\"twitter:card\" content=\"summary_large_image\" \/>\n<script type=\"application\/ld+json\" class=\"yoast-schema-graph\">{\"@context\":\"https:\/\/schema.org\",\"@graph\":[{\"@type\":\"WebPage\",\"@id\":\"https:\/\/yazmed.ma\/product\/coloplast-pate-60g\/\",\"url\":\"https:\/\/yazmed.ma\/product\/coloplast-pate-60g\/\",\"name\":\"Coloplast Pate 60g - YAZMED\",\"isPartOf\":{\"@id\":\"https:\/\/yazmed.ma\/#website\"},\"primaryImageOfPage\":{\"@id\":\"https:\/\/yazmed.ma\/product\/coloplast-pate-60g\/#primaryimage\"},\"image\":{\"@id\":\"https:\/\/yazmed.ma\/product\/coloplast-pate-60g\/#primaryimage\"},\"thumbnailUrl\":\"https:\/\/yazmed.ma\/wp-content\/uploads\/2025\/12\/Coloplast-Pate-60g.webp\",\"datePublished\":\"2025-12-21T16:02:11+00:00\",\"dateModified\":\"2025-12-21T16:27:49+00:00\",\"breadcrumb\":{\"@id\":\"https:\/\/yazmed.ma\/product\/coloplast-pate-60g\/#breadcrumb\"},\"inLanguage\":\"ary\",\"potentialAction\":[{\"@type\":\"ReadAction\",\"target\":[\"https:\/\/yazmed.ma\/product\/coloplast-pate-60g\/\"]}]},{\"@type\":\"ImageObject\",\"inLanguage\":\"ary\",\"@id\":\"https:\/\/yazmed.ma\/product\/coloplast-pate-60g\/#primaryimage\",\"url\":\"https:\/\/yazmed.ma\/wp-content\/uploads\/2025\/12\/Coloplast-Pate-60g.webp\",\"contentUrl\":\"https:\/\/yazmed.ma\/wp-content\/uploads\/2025\/12\/Coloplast-Pate-60g.webp\",\"width\":1100,\"height\":1100,\"caption\":\"Coloplast P\u00e2te 60g\"},{\"@type\":\"BreadcrumbList\",\"@id\":\"https:\/\/yazmed.ma\/product\/coloplast-pate-60g\/#breadcrumb\",\"itemListElement\":[{\"@type\":\"ListItem\",\"position\":1,\"name\":\"Accueil\",\"item\":\"https:\/\/yazmed.ma\/\"},{\"@type\":\"ListItem\",\"position\":2,\"name\":\"Shop\",\"item\":\"https:\/\/yazmed.ma\/shop-2\/\"},{\"@type\":\"ListItem\",\"position\":3,\"name\":\"Coloplast Pate 60g\"}]},{\"@type\":\"WebSite\",\"@id\":\"https:\/\/yazmed.ma\/#website\",\"url\":\"https:\/\/yazmed.ma\/\",\"name\":\"Yazmed\",\"description\":\"LEADER DU MAT\u00c9RIEL M\u00c9DICAL AU MAROC\",\"publisher\":{\"@id\":\"https:\/\/yazmed.ma\/#organization\"},\"potentialAction\":[{\"@type\":\"SearchAction\",\"target\":{\"@type\":\"EntryPoint\",\"urlTemplate\":\"https:\/\/yazmed.ma\/?s={search_term_string}\"},\"query-input\":{\"@type\":\"PropertyValueSpecification\",\"valueRequired\":true,\"valueName\":\"search_term_string\"}}],\"inLanguage\":\"ary\"},{\"@type\":\"Organization\",\"@id\":\"https:\/\/yazmed.ma\/#organization\",\"name\":\"Yazmed Healthcare\",\"url\":\"https:\/\/yazmed.ma\/\",\"logo\":{\"@type\":\"ImageObject\",\"inLanguage\":\"ary\",\"@id\":\"https:\/\/yazmed.ma\/#\/schema\/logo\/image\/\",\"url\":\"https:\/\/yazmed.ma\/wp-content\/uploads\/2024\/12\/3.png\",\"contentUrl\":\"https:\/\/yazmed.ma\/wp-content\/uploads\/2024\/12\/3.png\",\"width\":250,\"height\":70,\"caption\":\"Yazmed Healthcare\"},\"image\":{\"@id\":\"https:\/\/yazmed.ma\/#\/schema\/logo\/image\/\"},\"sameAs\":[\"https:\/\/www.facebook.com\/azenkouky\",\"https:\/\/www.instagram.com\/yazmedhealthcare\",\"https:\/\/www.linkedin.com\/in\/yazmed-healthcare-1b4955295\"]}]}<\/script>\n<!-- \/ Yoast SEO plugin. -->","yoast_head_json":{"title":"Coloplast Pate 60g - YAZMED","robots":{"index":"index","follow":"follow","max-snippet":"max-snippet:-1","max-image-preview":"max-image-preview:large","max-video-preview":"max-video-preview:-1"},"canonical":"https:\/\/yazmed.ma\/ar\/product\/coloplast-pate-60g\/","og_locale":"ar_AR","og_type":"article","og_title":"Coloplast Pate 60g - YAZMED","og_description":"Coloplast P\u00e2te\u00a0 60g accessoire indispensable pour les personnes stomie (stomis\u00e9es). Con\u00e7ue par la marque Coloplast, leader mondial dans les soins de stomie, joue un r\u00f4le essentiel dans la protection cutan\u00e9e et l\u2019am\u00e9lioration de l\u2019adh\u00e9rence des poches de colostomie Gr\u00e2ce \u00e0 sa formulation douce et efficace, elle r\u00e9duit les risques d\u2019irritations et assure une s\u00e9curit\u00e9 optimale au quotidien.","og_url":"https:\/\/yazmed.ma\/ar\/product\/coloplast-pate-60g\/","og_site_name":"YAZMED","article_publisher":"https:\/\/www.facebook.com\/azenkouky","article_modified_time":"2025-12-21T16:27:49+00:00","og_image":[{"width":1100,"height":1100,"url":"https:\/\/yazmed.ma\/wp-content\/uploads\/2025\/12\/Coloplast-Pate-60g.webp","type":"image\/webp"}],"twitter_card":"summary_large_image","schema":{"@context":"https:\/\/schema.org","@graph":[{"@type":"WebPage","@id":"https:\/\/yazmed.ma\/product\/coloplast-pate-60g\/","url":"https:\/\/yazmed.ma\/product\/coloplast-pate-60g\/","name":"Coloplast Pate 60g - YAZMED","isPartOf":{"@id":"https:\/\/yazmed.ma\/#website"},"primaryImageOfPage":{"@id":"https:\/\/yazmed.ma\/product\/coloplast-pate-60g\/#primaryimage"},"image":{"@id":"https:\/\/yazmed.ma\/product\/coloplast-pate-60g\/#primaryimage"},"thumbnailUrl":"https:\/\/yazmed.ma\/wp-content\/uploads\/2025\/12\/Coloplast-Pate-60g.webp","datePublished":"2025-12-21T16:02:11+00:00","dateModified":"2025-12-21T16:27:49+00:00","breadcrumb":{"@id":"https:\/\/yazmed.ma\/product\/coloplast-pate-60g\/#breadcrumb"},"inLanguage":"ary","potentialAction":[{"@type":"ReadAction","target":["https:\/\/yazmed.ma\/product\/coloplast-pate-60g\/"]}]},{"@type":"ImageObject","inLanguage":"ary","@id":"https:\/\/yazmed.ma\/product\/coloplast-pate-60g\/#primaryimage","url":"https:\/\/yazmed.ma\/wp-content\/uploads\/2025\/12\/Coloplast-Pate-60g.webp","contentUrl":"https:\/\/yazmed.ma\/wp-content\/uploads\/2025\/12\/Coloplast-Pate-60g.webp","width":1100,"height":1100,"caption":"Coloplast P\u00e2te 60g"},{"@type":"BreadcrumbList","@id":"https:\/\/yazmed.ma\/product\/coloplast-pate-60g\/#breadcrumb","itemListElement":[{"@type":"ListItem","position":1,"name":"Accueil","item":"https:\/\/yazmed.ma\/"},{"@type":"ListItem","position":2,"name":"Shop","item":"https:\/\/yazmed.ma\/shop-2\/"},{"@type":"ListItem","position":3,"name":"Coloplast Pate 60g"}]},{"@type":"WebSite","@id":"https:\/\/yazmed.ma\/#website","url":"https:\/\/yazmed.ma\/","name":"Yazmed","description":"LEADER DU MAT\u00c9RIEL M\u00c9DICAL AU MAROC","publisher":{"@id":"https:\/\/yazmed.ma\/#organization"},"potentialAction":[{"@type":"SearchAction","target":{"@type":"EntryPoint","urlTemplate":"https:\/\/yazmed.ma\/?s={search_term_string}"},"query-input":{"@type":"PropertyValueSpecification","valueRequired":true,"valueName":"search_term_string"}}],"inLanguage":"ary"},{"@type":"Organization","@id":"https:\/\/yazmed.ma\/#organization","name":"Yazmed Healthcare","url":"https:\/\/yazmed.ma\/","logo":{"@type":"ImageObject","inLanguage":"ary","@id":"https:\/\/yazmed.ma\/#\/schema\/logo\/image\/","url":"https:\/\/yazmed.ma\/wp-content\/uploads\/2024\/12\/3.png","contentUrl":"https:\/\/yazmed.ma\/wp-content\/uploads\/2024\/12\/3.png","width":250,"height":70,"caption":"Yazmed Healthcare"},"image":{"@id":"https:\/\/yazmed.ma\/#\/schema\/logo\/image\/"},"sameAs":["https:\/\/www.facebook.com\/azenkouky","https:\/\/www.instagram.com\/yazmedhealthcare","https:\/\/www.linkedin.com\/in\/yazmed-healthcare-1b4955295"]}]}},"_links":{"self":[{"href":"https:\/\/yazmed.ma\/ar\/wp-json\/wp\/v2\/product\/2999","targetHints":{"allow":["GET"]}}],"collection":[{"href":"https:\/\/yazmed.ma\/ar\/wp-json\/wp\/v2\/product"}],"about":[{"href":"https:\/\/yazmed.ma\/ar\/wp-json\/wp\/v2\/types\/product"}],"replies":[{"embeddable":true,"href":"https:\/\/yazmed.ma\/ar\/wp-json\/wp\/v2\/comments?post=2999"}],"version-history":[{"count":0,"href":"https:\/\/yazmed.ma\/ar\/wp-json\/wp\/v2\/product\/2999\/revisions"}],"wp:featuredmedia":[{"embeddable":true,"href":"https:\/\/yazmed.ma\/ar\/wp-json\/wp\/v2\/media\/3001"}],"wp:attachment":[{"href":"https:\/\/yazmed.ma\/ar\/wp-json\/wp\/v2\/media?parent=2999"}],"wp:term":[{"taxonomy":"product_brand","embeddable":true,"href":"https:\/\/yazmed.ma\/ar\/wp-json\/wp\/v2\/product_brand?post=2999"},{"taxonomy":"product_cat","embeddable":true,"href":"https:\/\/yazmed.ma\/ar\/wp-json\/wp\/v2\/product_cat?post=2999"},{"taxonomy":"product_tag","embeddable":true,"href":"https:\/\/yazmed.ma\/ar\/wp-json\/wp\/v2\/product_tag?post=2999"}],"curies":[{"name":"wp","href":"https:\/\/api.w.org\/{rel}","templated":true}]}}