{"id":2997,"date":"2025-12-21T15:37:28","date_gmt":"2025-12-21T15:37:28","guid":{"rendered":"https:\/\/yazmed.ma\/?post_type=product&#038;p=2997"},"modified":"2025-12-21T15:40:34","modified_gmt":"2025-12-21T15:40:34","slug":"coloplast-support-50mm","status":"publish","type":"product","link":"https:\/\/yazmed.ma\/ar\/product\/coloplast-support-50mm\/","title":{"rendered":"COLOPLAST-SUPPORT-50MM"},"content":{"rendered":"<h3 data-start=\"766\" data-end=\"789\"><img decoding=\"async\" class=\"emoji\" role=\"img\" draggable=\"false\" src=\"https:\/\/s.w.org\/images\/core\/emoji\/16.0.1\/svg\/2705.svg\" alt=\"\u2705\" \/>\u00a0Caract\u00e9ristiques<\/h3>\n<p><strong>Protecteur cutan\u00e9 extensible<\/strong>\u00a0: S\u2019adapte aux mouvements du corps.<\/p>\n<p><strong>Syst\u00e8me de couplage m\u00e9canique<\/strong>\u00a0: Fixation s\u00e9curis\u00e9e et ajustement pr\u00e9cis.<\/p>\n<p><strong>Mat\u00e9riau doux et respirant<\/strong>\u00a0: Limite les irritations et assure une discr\u00e9tion optimale.<\/p>\n<p><strong>Fen\u00eatre d\u2019inspection Visio<\/strong>\u00a0: Permet un positionnement s\u00e9curis\u00e9 et un contr\u00f4le rapide.<\/p>\n<p><strong>Fixation fiable<\/strong>\u00a0: Assure une tenue parfaite tout au long de la journ\u00e9e<\/p>\n<p><img decoding=\"async\" class=\"\" src=\"https:\/\/www.coloplast.fr\/Global\/03_Default%20images\/CP_Logo_Deep_Blue_RGB.png\" alt=\"logo\" width=\"97\" height=\"22\" \/><\/p>","protected":false},"excerpt":{"rendered":"<p>&nbsp;<\/p>\n<h3><strong>COLOPLAST SUPPORT 50MM\u00a0<\/strong><\/h3>\n<p>Le\u00a0<strong>Coloplast Support 50MM<\/strong>\u00a0est con\u00e7u pour\u00a0<strong>offrir une fixation s\u00e9curis\u00e9e<\/strong>\u00a0et un\u00a0<strong>ajustement optimal<\/strong> aux personnes \u00a0<a title=\"Stomie\" href=\"https:\/\/fr.wikipedia.org\/wiki\/Stomie\">stomie<\/a>. <strong>Gr\u00e2ce \u00e0 son protecteur cutan\u00e9 extensible<\/strong>, il \u00e9pouse la morphologie du patient, garantissant une\u00a0<strong>adh\u00e9rence fiable<\/strong>\u00a0et une\u00a0<strong>protection efficace<\/strong>\u00a0contre les irritations.<\/p>\n<p><img decoding=\"async\" class=\"\" src=\"https:\/\/www.coloplast.fr\/Global\/03_Default%20images\/CP_Logo_Deep_Blue_RGB.png\" alt=\"logo\" width=\"97\" height=\"22\" \/><\/p>","protected":false},"featured_media":2998,"comment_status":"open","ping_status":"closed","template":"","meta":[],"product_brand":[],"product_cat":[52],"product_tag":[268],"class_list":{"0":"post-2997","1":"product","2":"type-product","3":"status-publish","4":"has-post-thumbnail","6":"product_cat-consommable-medical","7":"product_tag-coloplast-support-50mm","9":"first","10":"instock","11":"taxable","12":"shipping-taxable","13":"product-type-simple"},"yoast_head":"<!-- This site is optimized with the Yoast SEO plugin v26.9 - https:\/\/yoast.com\/product\/yoast-seo-wordpress\/ -->\n<title>COLOPLAST-SUPPORT-50MM - YAZMED<\/title>\n<meta name=\"robots\" content=\"index, follow, max-snippet:-1, max-image-preview:large, max-video-preview:-1\" \/>\n<link rel=\"canonical\" href=\"https:\/\/yazmed.ma\/ar\/product\/coloplast-support-50mm\/\" \/>\n<meta property=\"og:locale\" content=\"ar_AR\" \/>\n<meta property=\"og:type\" content=\"article\" \/>\n<meta property=\"og:title\" content=\"COLOPLAST-SUPPORT-50MM - YAZMED\" \/>\n<meta property=\"og:description\" content=\"&nbsp; COLOPLAST SUPPORT 50MM\u00a0 Le\u00a0Coloplast Support 50MM\u00a0est con\u00e7u pour\u00a0offrir une fixation s\u00e9curis\u00e9e\u00a0et un\u00a0ajustement optimal aux personnes \u00a0stomie. Gr\u00e2ce \u00e0 son protecteur cutan\u00e9 extensible, il \u00e9pouse la morphologie du patient, garantissant une\u00a0adh\u00e9rence fiable\u00a0et une\u00a0protection efficace\u00a0contre les irritations.\" \/>\n<meta property=\"og:url\" content=\"https:\/\/yazmed.ma\/ar\/product\/coloplast-support-50mm\/\" \/>\n<meta property=\"og:site_name\" content=\"YAZMED\" \/>\n<meta property=\"article:publisher\" content=\"https:\/\/www.facebook.com\/azenkouky\" \/>\n<meta property=\"article:modified_time\" content=\"2025-12-21T15:40:34+00:00\" \/>\n<meta property=\"og:image\" content=\"https:\/\/yazmed.ma\/wp-content\/uploads\/2025\/12\/COLOPLAST-SUPPORT-50MM.webp\" \/>\n\t<meta property=\"og:image:width\" content=\"570\" \/>\n\t<meta property=\"og:image:height\" content=\"517\" \/>\n\t<meta property=\"og:image:type\" content=\"image\/webp\" \/>\n<meta name=\"twitter:card\" content=\"summary_large_image\" \/>\n<script type=\"application\/ld+json\" class=\"yoast-schema-graph\">{\"@context\":\"https:\/\/schema.org\",\"@graph\":[{\"@type\":\"WebPage\",\"@id\":\"https:\/\/yazmed.ma\/product\/coloplast-support-50mm\/\",\"url\":\"https:\/\/yazmed.ma\/product\/coloplast-support-50mm\/\",\"name\":\"COLOPLAST-SUPPORT-50MM - YAZMED\",\"isPartOf\":{\"@id\":\"https:\/\/yazmed.ma\/#website\"},\"primaryImageOfPage\":{\"@id\":\"https:\/\/yazmed.ma\/product\/coloplast-support-50mm\/#primaryimage\"},\"image\":{\"@id\":\"https:\/\/yazmed.ma\/product\/coloplast-support-50mm\/#primaryimage\"},\"thumbnailUrl\":\"https:\/\/yazmed.ma\/wp-content\/uploads\/2025\/12\/COLOPLAST-SUPPORT-50MM.webp\",\"datePublished\":\"2025-12-21T15:37:28+00:00\",\"dateModified\":\"2025-12-21T15:40:34+00:00\",\"breadcrumb\":{\"@id\":\"https:\/\/yazmed.ma\/product\/coloplast-support-50mm\/#breadcrumb\"},\"inLanguage\":\"ary\",\"potentialAction\":[{\"@type\":\"ReadAction\",\"target\":[\"https:\/\/yazmed.ma\/product\/coloplast-support-50mm\/\"]}]},{\"@type\":\"ImageObject\",\"inLanguage\":\"ary\",\"@id\":\"https:\/\/yazmed.ma\/product\/coloplast-support-50mm\/#primaryimage\",\"url\":\"https:\/\/yazmed.ma\/wp-content\/uploads\/2025\/12\/COLOPLAST-SUPPORT-50MM.webp\",\"contentUrl\":\"https:\/\/yazmed.ma\/wp-content\/uploads\/2025\/12\/COLOPLAST-SUPPORT-50MM.webp\",\"width\":570,\"height\":517,\"caption\":\"COLOPLAST SUPPORT 50MM\"},{\"@type\":\"BreadcrumbList\",\"@id\":\"https:\/\/yazmed.ma\/product\/coloplast-support-50mm\/#breadcrumb\",\"itemListElement\":[{\"@type\":\"ListItem\",\"position\":1,\"name\":\"Accueil\",\"item\":\"https:\/\/yazmed.ma\/\"},{\"@type\":\"ListItem\",\"position\":2,\"name\":\"Shop\",\"item\":\"https:\/\/yazmed.ma\/shop-2\/\"},{\"@type\":\"ListItem\",\"position\":3,\"name\":\"COLOPLAST-SUPPORT-50MM\"}]},{\"@type\":\"WebSite\",\"@id\":\"https:\/\/yazmed.ma\/#website\",\"url\":\"https:\/\/yazmed.ma\/\",\"name\":\"Yazmed\",\"description\":\"LEADER DU MAT\u00c9RIEL M\u00c9DICAL AU MAROC\",\"publisher\":{\"@id\":\"https:\/\/yazmed.ma\/#organization\"},\"potentialAction\":[{\"@type\":\"SearchAction\",\"target\":{\"@type\":\"EntryPoint\",\"urlTemplate\":\"https:\/\/yazmed.ma\/?s={search_term_string}\"},\"query-input\":{\"@type\":\"PropertyValueSpecification\",\"valueRequired\":true,\"valueName\":\"search_term_string\"}}],\"inLanguage\":\"ary\"},{\"@type\":\"Organization\",\"@id\":\"https:\/\/yazmed.ma\/#organization\",\"name\":\"Yazmed Healthcare\",\"url\":\"https:\/\/yazmed.ma\/\",\"logo\":{\"@type\":\"ImageObject\",\"inLanguage\":\"ary\",\"@id\":\"https:\/\/yazmed.ma\/#\/schema\/logo\/image\/\",\"url\":\"https:\/\/yazmed.ma\/wp-content\/uploads\/2024\/12\/3.png\",\"contentUrl\":\"https:\/\/yazmed.ma\/wp-content\/uploads\/2024\/12\/3.png\",\"width\":250,\"height\":70,\"caption\":\"Yazmed Healthcare\"},\"image\":{\"@id\":\"https:\/\/yazmed.ma\/#\/schema\/logo\/image\/\"},\"sameAs\":[\"https:\/\/www.facebook.com\/azenkouky\",\"https:\/\/www.instagram.com\/yazmedhealthcare\",\"https:\/\/www.linkedin.com\/in\/yazmed-healthcare-1b4955295\"]}]}<\/script>\n<!-- \/ Yoast SEO plugin. -->","yoast_head_json":{"title":"COLOPLAST-SUPPORT-50MM - YAZMED","robots":{"index":"index","follow":"follow","max-snippet":"max-snippet:-1","max-image-preview":"max-image-preview:large","max-video-preview":"max-video-preview:-1"},"canonical":"https:\/\/yazmed.ma\/ar\/product\/coloplast-support-50mm\/","og_locale":"ar_AR","og_type":"article","og_title":"COLOPLAST-SUPPORT-50MM - YAZMED","og_description":"&nbsp; COLOPLAST SUPPORT 50MM\u00a0 Le\u00a0Coloplast Support 50MM\u00a0est con\u00e7u pour\u00a0offrir une fixation s\u00e9curis\u00e9e\u00a0et un\u00a0ajustement optimal aux personnes \u00a0stomie. Gr\u00e2ce \u00e0 son protecteur cutan\u00e9 extensible, il \u00e9pouse la morphologie du patient, garantissant une\u00a0adh\u00e9rence fiable\u00a0et une\u00a0protection efficace\u00a0contre les irritations.","og_url":"https:\/\/yazmed.ma\/ar\/product\/coloplast-support-50mm\/","og_site_name":"YAZMED","article_publisher":"https:\/\/www.facebook.com\/azenkouky","article_modified_time":"2025-12-21T15:40:34+00:00","og_image":[{"width":570,"height":517,"url":"https:\/\/yazmed.ma\/wp-content\/uploads\/2025\/12\/COLOPLAST-SUPPORT-50MM.webp","type":"image\/webp"}],"twitter_card":"summary_large_image","schema":{"@context":"https:\/\/schema.org","@graph":[{"@type":"WebPage","@id":"https:\/\/yazmed.ma\/product\/coloplast-support-50mm\/","url":"https:\/\/yazmed.ma\/product\/coloplast-support-50mm\/","name":"COLOPLAST-SUPPORT-50MM - YAZMED","isPartOf":{"@id":"https:\/\/yazmed.ma\/#website"},"primaryImageOfPage":{"@id":"https:\/\/yazmed.ma\/product\/coloplast-support-50mm\/#primaryimage"},"image":{"@id":"https:\/\/yazmed.ma\/product\/coloplast-support-50mm\/#primaryimage"},"thumbnailUrl":"https:\/\/yazmed.ma\/wp-content\/uploads\/2025\/12\/COLOPLAST-SUPPORT-50MM.webp","datePublished":"2025-12-21T15:37:28+00:00","dateModified":"2025-12-21T15:40:34+00:00","breadcrumb":{"@id":"https:\/\/yazmed.ma\/product\/coloplast-support-50mm\/#breadcrumb"},"inLanguage":"ary","potentialAction":[{"@type":"ReadAction","target":["https:\/\/yazmed.ma\/product\/coloplast-support-50mm\/"]}]},{"@type":"ImageObject","inLanguage":"ary","@id":"https:\/\/yazmed.ma\/product\/coloplast-support-50mm\/#primaryimage","url":"https:\/\/yazmed.ma\/wp-content\/uploads\/2025\/12\/COLOPLAST-SUPPORT-50MM.webp","contentUrl":"https:\/\/yazmed.ma\/wp-content\/uploads\/2025\/12\/COLOPLAST-SUPPORT-50MM.webp","width":570,"height":517,"caption":"COLOPLAST SUPPORT 50MM"},{"@type":"BreadcrumbList","@id":"https:\/\/yazmed.ma\/product\/coloplast-support-50mm\/#breadcrumb","itemListElement":[{"@type":"ListItem","position":1,"name":"Accueil","item":"https:\/\/yazmed.ma\/"},{"@type":"ListItem","position":2,"name":"Shop","item":"https:\/\/yazmed.ma\/shop-2\/"},{"@type":"ListItem","position":3,"name":"COLOPLAST-SUPPORT-50MM"}]},{"@type":"WebSite","@id":"https:\/\/yazmed.ma\/#website","url":"https:\/\/yazmed.ma\/","name":"Yazmed","description":"LEADER DU MAT\u00c9RIEL M\u00c9DICAL AU MAROC","publisher":{"@id":"https:\/\/yazmed.ma\/#organization"},"potentialAction":[{"@type":"SearchAction","target":{"@type":"EntryPoint","urlTemplate":"https:\/\/yazmed.ma\/?s={search_term_string}"},"query-input":{"@type":"PropertyValueSpecification","valueRequired":true,"valueName":"search_term_string"}}],"inLanguage":"ary"},{"@type":"Organization","@id":"https:\/\/yazmed.ma\/#organization","name":"Yazmed Healthcare","url":"https:\/\/yazmed.ma\/","logo":{"@type":"ImageObject","inLanguage":"ary","@id":"https:\/\/yazmed.ma\/#\/schema\/logo\/image\/","url":"https:\/\/yazmed.ma\/wp-content\/uploads\/2024\/12\/3.png","contentUrl":"https:\/\/yazmed.ma\/wp-content\/uploads\/2024\/12\/3.png","width":250,"height":70,"caption":"Yazmed Healthcare"},"image":{"@id":"https:\/\/yazmed.ma\/#\/schema\/logo\/image\/"},"sameAs":["https:\/\/www.facebook.com\/azenkouky","https:\/\/www.instagram.com\/yazmedhealthcare","https:\/\/www.linkedin.com\/in\/yazmed-healthcare-1b4955295"]}]}},"_links":{"self":[{"href":"https:\/\/yazmed.ma\/ar\/wp-json\/wp\/v2\/product\/2997","targetHints":{"allow":["GET"]}}],"collection":[{"href":"https:\/\/yazmed.ma\/ar\/wp-json\/wp\/v2\/product"}],"about":[{"href":"https:\/\/yazmed.ma\/ar\/wp-json\/wp\/v2\/types\/product"}],"replies":[{"embeddable":true,"href":"https:\/\/yazmed.ma\/ar\/wp-json\/wp\/v2\/comments?post=2997"}],"version-history":[{"count":0,"href":"https:\/\/yazmed.ma\/ar\/wp-json\/wp\/v2\/product\/2997\/revisions"}],"wp:featuredmedia":[{"embeddable":true,"href":"https:\/\/yazmed.ma\/ar\/wp-json\/wp\/v2\/media\/2998"}],"wp:attachment":[{"href":"https:\/\/yazmed.ma\/ar\/wp-json\/wp\/v2\/media?parent=2997"}],"wp:term":[{"taxonomy":"product_brand","embeddable":true,"href":"https:\/\/yazmed.ma\/ar\/wp-json\/wp\/v2\/product_brand?post=2997"},{"taxonomy":"product_cat","embeddable":true,"href":"https:\/\/yazmed.ma\/ar\/wp-json\/wp\/v2\/product_cat?post=2997"},{"taxonomy":"product_tag","embeddable":true,"href":"https:\/\/yazmed.ma\/ar\/wp-json\/wp\/v2\/product_tag?post=2997"}],"curies":[{"name":"wp","href":"https:\/\/api.w.org\/{rel}","templated":true}]}}