{"id":2994,"date":"2025-12-21T15:28:09","date_gmt":"2025-12-21T15:28:09","guid":{"rendered":"https:\/\/yazmed.ma\/?post_type=product&#038;p=2994"},"modified":"2025-12-21T15:30:56","modified_gmt":"2025-12-21T15:30:56","slug":"coloplast-colostomie-vidangeable","status":"publish","type":"product","link":"https:\/\/yazmed.ma\/ar\/product\/coloplast-colostomie-vidangeable\/","title":{"rendered":"COLOPLAST COLOSTOMIE VIDANGEABLE"},"content":{"rendered":"<p><img decoding=\"async\" class=\"emoji\" role=\"img\" draggable=\"false\" src=\"https:\/\/s.w.org\/images\/core\/emoji\/16.0.1\/svg\/2705.svg\" alt=\"\u2705\" \/> <em><strong>AVANTAGE\u00a0<\/strong><\/em><\/p>\n<p><strong>Protecteur cutan\u00e9 extensible<\/strong>\u00a0: S\u2019adapte aux mouvements naturels du corps.<\/p>\n<p><strong>Filtre circulaire 360\u00b0<\/strong>\u00a0: R\u00e9duction des ballonnements et neutralisation des odeurs.<\/p>\n<p><strong>Mat\u00e9riau textile doux<\/strong>\u00a0: Pr\u00e9serve la peau des irritations.<\/p>\n<p><strong>Fen\u00eatre d\u2019inspection Visio<\/strong>\u00a0: Facilite le positionnement et le contr\u00f4le.<\/p>\n<p><strong>Fixation s\u00e9curis\u00e9e<\/strong>\u00a0: Assure une tenue parfaite toute la journ\u00e9e.<\/p>\n<p><img decoding=\"async\" class=\"\" src=\"https:\/\/www.coloplast.fr\/Global\/03_Default%20images\/CP_Logo_Deep_Blue_RGB.png\" alt=\"logo\" width=\"97\" height=\"22\" \/><\/p>","protected":false},"excerpt":{"rendered":"<h4><\/h4>\n<h4><strong>Coloplast Poche de Colostomie Vidangeable <\/strong>une poche de <a title=\"\" href=\"https:\/\/fr.wikipedia.org\/wiki\/Stomie\">stomie<\/a><\/h4>\n<p>Qui offre une <strong>solution pratique et discr\u00e8te<\/strong>\u00a0pour les personnes stomis\u00e9es.\u00a0<strong>Gr\u00e2ce \u00e0 son protecteur cutan\u00e9 extensible<\/strong>, elle s\u2019adapte aux mouvements du corps, garantissant un\u00a0<strong>ajustement confortable<\/strong>\u00a0et une\u00a0<strong>protection efficace<\/strong>\u00a0contre les irritations.<\/p>\n<p><img decoding=\"async\" class=\"\" src=\"https:\/\/www.coloplast.fr\/Global\/03_Default%20images\/CP_Logo_Deep_Blue_RGB.png\" alt=\"logo\" width=\"97\" height=\"22\" \/><\/p>","protected":false},"featured_media":2995,"comment_status":"open","ping_status":"closed","template":"","meta":[],"product_brand":[],"product_cat":[52],"product_tag":[],"class_list":{"0":"post-2994","1":"product","2":"type-product","3":"status-publish","4":"has-post-thumbnail","6":"product_cat-consommable-medical","8":"first","9":"instock","10":"taxable","11":"shipping-taxable","12":"product-type-simple"},"yoast_head":"<!-- This site is optimized with the Yoast SEO plugin v26.9 - https:\/\/yoast.com\/product\/yoast-seo-wordpress\/ -->\n<title>COLOPLAST COLOSTOMIE VIDANGEABLE - YAZMED<\/title>\n<meta name=\"robots\" content=\"index, follow, max-snippet:-1, max-image-preview:large, max-video-preview:-1\" \/>\n<link rel=\"canonical\" href=\"https:\/\/yazmed.ma\/ar\/product\/coloplast-colostomie-vidangeable\/\" \/>\n<meta property=\"og:locale\" content=\"ar_AR\" \/>\n<meta property=\"og:type\" content=\"article\" \/>\n<meta property=\"og:title\" content=\"COLOPLAST COLOSTOMIE VIDANGEABLE - YAZMED\" \/>\n<meta property=\"og:description\" content=\"Coloplast Poche de Colostomie Vidangeable une poche de stomie Qui offre une solution pratique et discr\u00e8te\u00a0pour les personnes stomis\u00e9es.\u00a0Gr\u00e2ce \u00e0 son protecteur cutan\u00e9 extensible, elle s\u2019adapte aux mouvements du corps, garantissant un\u00a0ajustement confortable\u00a0et une\u00a0protection efficace\u00a0contre les irritations.\" \/>\n<meta property=\"og:url\" content=\"https:\/\/yazmed.ma\/ar\/product\/coloplast-colostomie-vidangeable\/\" \/>\n<meta property=\"og:site_name\" content=\"YAZMED\" \/>\n<meta property=\"article:publisher\" content=\"https:\/\/www.facebook.com\/azenkouky\" \/>\n<meta property=\"article:modified_time\" content=\"2025-12-21T15:30:56+00:00\" \/>\n<meta property=\"og:image\" content=\"https:\/\/yazmed.ma\/wp-content\/uploads\/2025\/12\/COLOPLAST-POCHE-DE-COLOSTOMIE-VIDANGEABLE.webp\" \/>\n\t<meta property=\"og:image:width\" content=\"570\" \/>\n\t<meta property=\"og:image:height\" content=\"517\" \/>\n\t<meta property=\"og:image:type\" content=\"image\/webp\" \/>\n<meta name=\"twitter:card\" content=\"summary_large_image\" \/>\n<script type=\"application\/ld+json\" class=\"yoast-schema-graph\">{\"@context\":\"https:\/\/schema.org\",\"@graph\":[{\"@type\":\"WebPage\",\"@id\":\"https:\/\/yazmed.ma\/product\/coloplast-colostomie-vidangeable\/\",\"url\":\"https:\/\/yazmed.ma\/product\/coloplast-colostomie-vidangeable\/\",\"name\":\"COLOPLAST COLOSTOMIE VIDANGEABLE - YAZMED\",\"isPartOf\":{\"@id\":\"https:\/\/yazmed.ma\/#website\"},\"primaryImageOfPage\":{\"@id\":\"https:\/\/yazmed.ma\/product\/coloplast-colostomie-vidangeable\/#primaryimage\"},\"image\":{\"@id\":\"https:\/\/yazmed.ma\/product\/coloplast-colostomie-vidangeable\/#primaryimage\"},\"thumbnailUrl\":\"https:\/\/yazmed.ma\/wp-content\/uploads\/2025\/12\/COLOPLAST-POCHE-DE-COLOSTOMIE-VIDANGEABLE.webp\",\"datePublished\":\"2025-12-21T15:28:09+00:00\",\"dateModified\":\"2025-12-21T15:30:56+00:00\",\"breadcrumb\":{\"@id\":\"https:\/\/yazmed.ma\/product\/coloplast-colostomie-vidangeable\/#breadcrumb\"},\"inLanguage\":\"ary\",\"potentialAction\":[{\"@type\":\"ReadAction\",\"target\":[\"https:\/\/yazmed.ma\/product\/coloplast-colostomie-vidangeable\/\"]}]},{\"@type\":\"ImageObject\",\"inLanguage\":\"ary\",\"@id\":\"https:\/\/yazmed.ma\/product\/coloplast-colostomie-vidangeable\/#primaryimage\",\"url\":\"https:\/\/yazmed.ma\/wp-content\/uploads\/2025\/12\/COLOPLAST-POCHE-DE-COLOSTOMIE-VIDANGEABLE.webp\",\"contentUrl\":\"https:\/\/yazmed.ma\/wp-content\/uploads\/2025\/12\/COLOPLAST-POCHE-DE-COLOSTOMIE-VIDANGEABLE.webp\",\"width\":570,\"height\":517,\"caption\":\"COLOPLAST POCHE DE COLOSTOMIE VIDANGEABLE\"},{\"@type\":\"BreadcrumbList\",\"@id\":\"https:\/\/yazmed.ma\/product\/coloplast-colostomie-vidangeable\/#breadcrumb\",\"itemListElement\":[{\"@type\":\"ListItem\",\"position\":1,\"name\":\"Accueil\",\"item\":\"https:\/\/yazmed.ma\/\"},{\"@type\":\"ListItem\",\"position\":2,\"name\":\"Shop\",\"item\":\"https:\/\/yazmed.ma\/shop-2\/\"},{\"@type\":\"ListItem\",\"position\":3,\"name\":\"COLOPLAST COLOSTOMIE VIDANGEABLE\"}]},{\"@type\":\"WebSite\",\"@id\":\"https:\/\/yazmed.ma\/#website\",\"url\":\"https:\/\/yazmed.ma\/\",\"name\":\"Yazmed\",\"description\":\"LEADER DU MAT\u00c9RIEL M\u00c9DICAL AU MAROC\",\"publisher\":{\"@id\":\"https:\/\/yazmed.ma\/#organization\"},\"potentialAction\":[{\"@type\":\"SearchAction\",\"target\":{\"@type\":\"EntryPoint\",\"urlTemplate\":\"https:\/\/yazmed.ma\/?s={search_term_string}\"},\"query-input\":{\"@type\":\"PropertyValueSpecification\",\"valueRequired\":true,\"valueName\":\"search_term_string\"}}],\"inLanguage\":\"ary\"},{\"@type\":\"Organization\",\"@id\":\"https:\/\/yazmed.ma\/#organization\",\"name\":\"Yazmed Healthcare\",\"url\":\"https:\/\/yazmed.ma\/\",\"logo\":{\"@type\":\"ImageObject\",\"inLanguage\":\"ary\",\"@id\":\"https:\/\/yazmed.ma\/#\/schema\/logo\/image\/\",\"url\":\"https:\/\/yazmed.ma\/wp-content\/uploads\/2024\/12\/3.png\",\"contentUrl\":\"https:\/\/yazmed.ma\/wp-content\/uploads\/2024\/12\/3.png\",\"width\":250,\"height\":70,\"caption\":\"Yazmed Healthcare\"},\"image\":{\"@id\":\"https:\/\/yazmed.ma\/#\/schema\/logo\/image\/\"},\"sameAs\":[\"https:\/\/www.facebook.com\/azenkouky\",\"https:\/\/www.instagram.com\/yazmedhealthcare\",\"https:\/\/www.linkedin.com\/in\/yazmed-healthcare-1b4955295\"]}]}<\/script>\n<!-- \/ Yoast SEO plugin. -->","yoast_head_json":{"title":"COLOPLAST COLOSTOMIE VIDANGEABLE - YAZMED","robots":{"index":"index","follow":"follow","max-snippet":"max-snippet:-1","max-image-preview":"max-image-preview:large","max-video-preview":"max-video-preview:-1"},"canonical":"https:\/\/yazmed.ma\/ar\/product\/coloplast-colostomie-vidangeable\/","og_locale":"ar_AR","og_type":"article","og_title":"COLOPLAST COLOSTOMIE VIDANGEABLE - YAZMED","og_description":"Coloplast Poche de Colostomie Vidangeable une poche de stomie Qui offre une solution pratique et discr\u00e8te\u00a0pour les personnes stomis\u00e9es.\u00a0Gr\u00e2ce \u00e0 son protecteur cutan\u00e9 extensible, elle s\u2019adapte aux mouvements du corps, garantissant un\u00a0ajustement confortable\u00a0et une\u00a0protection efficace\u00a0contre les irritations.","og_url":"https:\/\/yazmed.ma\/ar\/product\/coloplast-colostomie-vidangeable\/","og_site_name":"YAZMED","article_publisher":"https:\/\/www.facebook.com\/azenkouky","article_modified_time":"2025-12-21T15:30:56+00:00","og_image":[{"width":570,"height":517,"url":"https:\/\/yazmed.ma\/wp-content\/uploads\/2025\/12\/COLOPLAST-POCHE-DE-COLOSTOMIE-VIDANGEABLE.webp","type":"image\/webp"}],"twitter_card":"summary_large_image","schema":{"@context":"https:\/\/schema.org","@graph":[{"@type":"WebPage","@id":"https:\/\/yazmed.ma\/product\/coloplast-colostomie-vidangeable\/","url":"https:\/\/yazmed.ma\/product\/coloplast-colostomie-vidangeable\/","name":"COLOPLAST COLOSTOMIE VIDANGEABLE - YAZMED","isPartOf":{"@id":"https:\/\/yazmed.ma\/#website"},"primaryImageOfPage":{"@id":"https:\/\/yazmed.ma\/product\/coloplast-colostomie-vidangeable\/#primaryimage"},"image":{"@id":"https:\/\/yazmed.ma\/product\/coloplast-colostomie-vidangeable\/#primaryimage"},"thumbnailUrl":"https:\/\/yazmed.ma\/wp-content\/uploads\/2025\/12\/COLOPLAST-POCHE-DE-COLOSTOMIE-VIDANGEABLE.webp","datePublished":"2025-12-21T15:28:09+00:00","dateModified":"2025-12-21T15:30:56+00:00","breadcrumb":{"@id":"https:\/\/yazmed.ma\/product\/coloplast-colostomie-vidangeable\/#breadcrumb"},"inLanguage":"ary","potentialAction":[{"@type":"ReadAction","target":["https:\/\/yazmed.ma\/product\/coloplast-colostomie-vidangeable\/"]}]},{"@type":"ImageObject","inLanguage":"ary","@id":"https:\/\/yazmed.ma\/product\/coloplast-colostomie-vidangeable\/#primaryimage","url":"https:\/\/yazmed.ma\/wp-content\/uploads\/2025\/12\/COLOPLAST-POCHE-DE-COLOSTOMIE-VIDANGEABLE.webp","contentUrl":"https:\/\/yazmed.ma\/wp-content\/uploads\/2025\/12\/COLOPLAST-POCHE-DE-COLOSTOMIE-VIDANGEABLE.webp","width":570,"height":517,"caption":"COLOPLAST POCHE DE COLOSTOMIE VIDANGEABLE"},{"@type":"BreadcrumbList","@id":"https:\/\/yazmed.ma\/product\/coloplast-colostomie-vidangeable\/#breadcrumb","itemListElement":[{"@type":"ListItem","position":1,"name":"Accueil","item":"https:\/\/yazmed.ma\/"},{"@type":"ListItem","position":2,"name":"Shop","item":"https:\/\/yazmed.ma\/shop-2\/"},{"@type":"ListItem","position":3,"name":"COLOPLAST COLOSTOMIE VIDANGEABLE"}]},{"@type":"WebSite","@id":"https:\/\/yazmed.ma\/#website","url":"https:\/\/yazmed.ma\/","name":"Yazmed","description":"LEADER DU MAT\u00c9RIEL M\u00c9DICAL AU MAROC","publisher":{"@id":"https:\/\/yazmed.ma\/#organization"},"potentialAction":[{"@type":"SearchAction","target":{"@type":"EntryPoint","urlTemplate":"https:\/\/yazmed.ma\/?s={search_term_string}"},"query-input":{"@type":"PropertyValueSpecification","valueRequired":true,"valueName":"search_term_string"}}],"inLanguage":"ary"},{"@type":"Organization","@id":"https:\/\/yazmed.ma\/#organization","name":"Yazmed Healthcare","url":"https:\/\/yazmed.ma\/","logo":{"@type":"ImageObject","inLanguage":"ary","@id":"https:\/\/yazmed.ma\/#\/schema\/logo\/image\/","url":"https:\/\/yazmed.ma\/wp-content\/uploads\/2024\/12\/3.png","contentUrl":"https:\/\/yazmed.ma\/wp-content\/uploads\/2024\/12\/3.png","width":250,"height":70,"caption":"Yazmed Healthcare"},"image":{"@id":"https:\/\/yazmed.ma\/#\/schema\/logo\/image\/"},"sameAs":["https:\/\/www.facebook.com\/azenkouky","https:\/\/www.instagram.com\/yazmedhealthcare","https:\/\/www.linkedin.com\/in\/yazmed-healthcare-1b4955295"]}]}},"_links":{"self":[{"href":"https:\/\/yazmed.ma\/ar\/wp-json\/wp\/v2\/product\/2994","targetHints":{"allow":["GET"]}}],"collection":[{"href":"https:\/\/yazmed.ma\/ar\/wp-json\/wp\/v2\/product"}],"about":[{"href":"https:\/\/yazmed.ma\/ar\/wp-json\/wp\/v2\/types\/product"}],"replies":[{"embeddable":true,"href":"https:\/\/yazmed.ma\/ar\/wp-json\/wp\/v2\/comments?post=2994"}],"version-history":[{"count":1,"href":"https:\/\/yazmed.ma\/ar\/wp-json\/wp\/v2\/product\/2994\/revisions"}],"predecessor-version":[{"id":2996,"href":"https:\/\/yazmed.ma\/ar\/wp-json\/wp\/v2\/product\/2994\/revisions\/2996"}],"wp:featuredmedia":[{"embeddable":true,"href":"https:\/\/yazmed.ma\/ar\/wp-json\/wp\/v2\/media\/2995"}],"wp:attachment":[{"href":"https:\/\/yazmed.ma\/ar\/wp-json\/wp\/v2\/media?parent=2994"}],"wp:term":[{"taxonomy":"product_brand","embeddable":true,"href":"https:\/\/yazmed.ma\/ar\/wp-json\/wp\/v2\/product_brand?post=2994"},{"taxonomy":"product_cat","embeddable":true,"href":"https:\/\/yazmed.ma\/ar\/wp-json\/wp\/v2\/product_cat?post=2994"},{"taxonomy":"product_tag","embeddable":true,"href":"https:\/\/yazmed.ma\/ar\/wp-json\/wp\/v2\/product_tag?post=2994"}],"curies":[{"name":"wp","href":"https:\/\/api.w.org\/{rel}","templated":true}]}}