{"id":2975,"date":"2025-12-17T17:54:55","date_gmt":"2025-12-17T17:54:55","guid":{"rendered":"https:\/\/yazmed.ma\/?post_type=product&#038;p=2975"},"modified":"2025-12-17T17:54:55","modified_gmt":"2025-12-17T17:54:55","slug":"anios-rn-5-l-rincant-neutralisant","status":"publish","type":"product","link":"https:\/\/yazmed.ma\/ar\/product\/anios-rn-5-l-rincant-neutralisant\/","title":{"rendered":"ANIOS RN 5 L Rin\u00e7ant neutralisant"},"content":{"rendered":"<h4><strong><em><img decoding=\"async\" class=\"emoji\" role=\"img\" draggable=\"false\" src=\"https:\/\/s.w.org\/images\/core\/emoji\/16.0.1\/svg\/2705.svg\" alt=\"\u2705\" \/>\u00a0AVANTAGE\u00a0<\/em><\/strong><\/h4>\n<p>Adapt\u00e9 aux cycles court de lavage des cuves<br \/>\n\u2022 Effet complexant des min\u00e9raux<br \/>\n\u2022 Tra\u00e7able par conductim\u00e9trie (1,77 mS\/cm)<br \/>\n\u2022 Formul\u00e9 \u00e0 base d&rsquo;acide phosphorique (pH 2,5)<br \/>\n\u2022 Mode d&#8217;emploi : dilution entre 0,1 et 0,5 % (1 \u00e0 5 ml\/l) ; rin\u00e7age \u00e0 l&rsquo;eau en fin de cycle<\/p>\n<p>ANIOS MAROC<\/p>\n<p><img decoding=\"async\" class=\"\" src=\"https:\/\/eclazon.ma\/wp-content\/uploads\/2024\/07\/anios-logo-200x100.jpg\" width=\"94\" height=\"47\" \/><\/p>","protected":false},"excerpt":{"rendered":"<h4>ANIOS RN 5 L Rin\u00e7ant neutralisant<\/h4>\n<p>Rin\u00e7ant et neutralisant machine. Neutralisation des r\u00e9sidus alcalins provenant des agents d\u00e9tergents et de l&rsquo;eau lors du cycle de lavage en machine automatique des dispositif et instruments m\u00e9dico-chirurgicaux.<\/p>\n<p>les traitements thermiques\u00a0: \u00e0 la chaleur s\u00e8che, \u00e0 la vapeur d&rsquo;eau (<a title=\"Autoclave\" href=\"https:\/\/fr.wikipedia.org\/wiki\/Autoclave\">autoclavage<\/a>)<\/p>\n<p><img decoding=\"async\" class=\"\" src=\"https:\/\/eclazon.ma\/wp-content\/uploads\/2024\/07\/anios-logo-200x100.jpg\" width=\"82\" height=\"41\" \/><\/p>","protected":false},"featured_media":2976,"comment_status":"open","ping_status":"closed","template":"","meta":[],"product_brand":[191],"product_cat":[56],"product_tag":[255,263,262],"class_list":{"0":"post-2975","1":"product","2":"type-product","3":"status-publish","4":"has-post-thumbnail","6":"product_brand-anios","7":"product_cat-sterilisation-hygiene","8":"product_tag-anios-maroc","9":"product_tag-anios-rn-5-l-rincant-neutralisant","10":"product_tag-rincant-neutralisant","12":"first","13":"instock","14":"taxable","15":"shipping-taxable","16":"product-type-simple"},"yoast_head":"<!-- This site is optimized with the Yoast SEO plugin v26.9 - https:\/\/yoast.com\/product\/yoast-seo-wordpress\/ -->\n<title>ANIOS RN 5 L Rin\u00e7ant neutralisant - YAZMED<\/title>\n<meta name=\"robots\" content=\"index, follow, max-snippet:-1, max-image-preview:large, max-video-preview:-1\" \/>\n<link rel=\"canonical\" href=\"https:\/\/yazmed.ma\/ar\/product\/anios-rn-5-l-rincant-neutralisant\/\" \/>\n<meta property=\"og:locale\" content=\"ar_AR\" \/>\n<meta property=\"og:type\" content=\"article\" \/>\n<meta property=\"og:title\" content=\"ANIOS RN 5 L Rin\u00e7ant neutralisant - YAZMED\" \/>\n<meta property=\"og:description\" content=\"ANIOS RN 5 L Rin\u00e7ant neutralisant Rin\u00e7ant et neutralisant machine. Neutralisation des r\u00e9sidus alcalins provenant des agents d\u00e9tergents et de l&#039;eau lors du cycle de lavage en machine automatique des dispositif et instruments m\u00e9dico-chirurgicaux.  les traitements thermiques\u00a0: \u00e0 la chaleur s\u00e8che, \u00e0 la vapeur d&#039;eau (autoclavage)\" \/>\n<meta property=\"og:url\" content=\"https:\/\/yazmed.ma\/ar\/product\/anios-rn-5-l-rincant-neutralisant\/\" \/>\n<meta property=\"og:site_name\" content=\"YAZMED\" \/>\n<meta property=\"article:publisher\" content=\"https:\/\/www.facebook.com\/azenkouky\" \/>\n<meta property=\"og:image\" content=\"https:\/\/yazmed.ma\/wp-content\/uploads\/2025\/12\/ANIOS-RN-5-L-Rincant-neutralisant.webp\" \/>\n\t<meta property=\"og:image:width\" content=\"570\" \/>\n\t<meta property=\"og:image:height\" content=\"517\" \/>\n\t<meta property=\"og:image:type\" content=\"image\/webp\" \/>\n<meta name=\"twitter:card\" content=\"summary_large_image\" \/>\n<script type=\"application\/ld+json\" class=\"yoast-schema-graph\">{\"@context\":\"https:\/\/schema.org\",\"@graph\":[{\"@type\":\"WebPage\",\"@id\":\"https:\/\/yazmed.ma\/product\/anios-rn-5-l-rincant-neutralisant\/\",\"url\":\"https:\/\/yazmed.ma\/product\/anios-rn-5-l-rincant-neutralisant\/\",\"name\":\"ANIOS RN 5 L Rin\u00e7ant neutralisant - YAZMED\",\"isPartOf\":{\"@id\":\"https:\/\/yazmed.ma\/#website\"},\"primaryImageOfPage\":{\"@id\":\"https:\/\/yazmed.ma\/product\/anios-rn-5-l-rincant-neutralisant\/#primaryimage\"},\"image\":{\"@id\":\"https:\/\/yazmed.ma\/product\/anios-rn-5-l-rincant-neutralisant\/#primaryimage\"},\"thumbnailUrl\":\"https:\/\/yazmed.ma\/wp-content\/uploads\/2025\/12\/ANIOS-RN-5-L-Rincant-neutralisant.webp\",\"datePublished\":\"2025-12-17T17:54:55+00:00\",\"breadcrumb\":{\"@id\":\"https:\/\/yazmed.ma\/product\/anios-rn-5-l-rincant-neutralisant\/#breadcrumb\"},\"inLanguage\":\"ary\",\"potentialAction\":[{\"@type\":\"ReadAction\",\"target\":[\"https:\/\/yazmed.ma\/product\/anios-rn-5-l-rincant-neutralisant\/\"]}]},{\"@type\":\"ImageObject\",\"inLanguage\":\"ary\",\"@id\":\"https:\/\/yazmed.ma\/product\/anios-rn-5-l-rincant-neutralisant\/#primaryimage\",\"url\":\"https:\/\/yazmed.ma\/wp-content\/uploads\/2025\/12\/ANIOS-RN-5-L-Rincant-neutralisant.webp\",\"contentUrl\":\"https:\/\/yazmed.ma\/wp-content\/uploads\/2025\/12\/ANIOS-RN-5-L-Rincant-neutralisant.webp\",\"width\":570,\"height\":517,\"caption\":\"ANIOS RN 5 L Rin\u00e7ant neutralisant\"},{\"@type\":\"BreadcrumbList\",\"@id\":\"https:\/\/yazmed.ma\/product\/anios-rn-5-l-rincant-neutralisant\/#breadcrumb\",\"itemListElement\":[{\"@type\":\"ListItem\",\"position\":1,\"name\":\"Accueil\",\"item\":\"https:\/\/yazmed.ma\/\"},{\"@type\":\"ListItem\",\"position\":2,\"name\":\"Shop\",\"item\":\"https:\/\/yazmed.ma\/shop-2\/\"},{\"@type\":\"ListItem\",\"position\":3,\"name\":\"ANIOS RN 5 L Rin\u00e7ant neutralisant\"}]},{\"@type\":\"WebSite\",\"@id\":\"https:\/\/yazmed.ma\/#website\",\"url\":\"https:\/\/yazmed.ma\/\",\"name\":\"Yazmed\",\"description\":\"LEADER DU MAT\u00c9RIEL M\u00c9DICAL AU MAROC\",\"publisher\":{\"@id\":\"https:\/\/yazmed.ma\/#organization\"},\"potentialAction\":[{\"@type\":\"SearchAction\",\"target\":{\"@type\":\"EntryPoint\",\"urlTemplate\":\"https:\/\/yazmed.ma\/?s={search_term_string}\"},\"query-input\":{\"@type\":\"PropertyValueSpecification\",\"valueRequired\":true,\"valueName\":\"search_term_string\"}}],\"inLanguage\":\"ary\"},{\"@type\":\"Organization\",\"@id\":\"https:\/\/yazmed.ma\/#organization\",\"name\":\"Yazmed Healthcare\",\"url\":\"https:\/\/yazmed.ma\/\",\"logo\":{\"@type\":\"ImageObject\",\"inLanguage\":\"ary\",\"@id\":\"https:\/\/yazmed.ma\/#\/schema\/logo\/image\/\",\"url\":\"https:\/\/yazmed.ma\/wp-content\/uploads\/2024\/12\/3.png\",\"contentUrl\":\"https:\/\/yazmed.ma\/wp-content\/uploads\/2024\/12\/3.png\",\"width\":250,\"height\":70,\"caption\":\"Yazmed Healthcare\"},\"image\":{\"@id\":\"https:\/\/yazmed.ma\/#\/schema\/logo\/image\/\"},\"sameAs\":[\"https:\/\/www.facebook.com\/azenkouky\",\"https:\/\/www.instagram.com\/yazmedhealthcare\",\"https:\/\/www.linkedin.com\/in\/yazmed-healthcare-1b4955295\"]}]}<\/script>\n<!-- \/ Yoast SEO plugin. -->","yoast_head_json":{"title":"ANIOS RN 5 L Rin\u00e7ant neutralisant - YAZMED","robots":{"index":"index","follow":"follow","max-snippet":"max-snippet:-1","max-image-preview":"max-image-preview:large","max-video-preview":"max-video-preview:-1"},"canonical":"https:\/\/yazmed.ma\/ar\/product\/anios-rn-5-l-rincant-neutralisant\/","og_locale":"ar_AR","og_type":"article","og_title":"ANIOS RN 5 L Rin\u00e7ant neutralisant - YAZMED","og_description":"ANIOS RN 5 L Rin\u00e7ant neutralisant Rin\u00e7ant et neutralisant machine. Neutralisation des r\u00e9sidus alcalins provenant des agents d\u00e9tergents et de l'eau lors du cycle de lavage en machine automatique des dispositif et instruments m\u00e9dico-chirurgicaux.  les traitements thermiques\u00a0: \u00e0 la chaleur s\u00e8che, \u00e0 la vapeur d'eau (autoclavage)","og_url":"https:\/\/yazmed.ma\/ar\/product\/anios-rn-5-l-rincant-neutralisant\/","og_site_name":"YAZMED","article_publisher":"https:\/\/www.facebook.com\/azenkouky","og_image":[{"width":570,"height":517,"url":"https:\/\/yazmed.ma\/wp-content\/uploads\/2025\/12\/ANIOS-RN-5-L-Rincant-neutralisant.webp","type":"image\/webp"}],"twitter_card":"summary_large_image","schema":{"@context":"https:\/\/schema.org","@graph":[{"@type":"WebPage","@id":"https:\/\/yazmed.ma\/product\/anios-rn-5-l-rincant-neutralisant\/","url":"https:\/\/yazmed.ma\/product\/anios-rn-5-l-rincant-neutralisant\/","name":"ANIOS RN 5 L Rin\u00e7ant neutralisant - YAZMED","isPartOf":{"@id":"https:\/\/yazmed.ma\/#website"},"primaryImageOfPage":{"@id":"https:\/\/yazmed.ma\/product\/anios-rn-5-l-rincant-neutralisant\/#primaryimage"},"image":{"@id":"https:\/\/yazmed.ma\/product\/anios-rn-5-l-rincant-neutralisant\/#primaryimage"},"thumbnailUrl":"https:\/\/yazmed.ma\/wp-content\/uploads\/2025\/12\/ANIOS-RN-5-L-Rincant-neutralisant.webp","datePublished":"2025-12-17T17:54:55+00:00","breadcrumb":{"@id":"https:\/\/yazmed.ma\/product\/anios-rn-5-l-rincant-neutralisant\/#breadcrumb"},"inLanguage":"ary","potentialAction":[{"@type":"ReadAction","target":["https:\/\/yazmed.ma\/product\/anios-rn-5-l-rincant-neutralisant\/"]}]},{"@type":"ImageObject","inLanguage":"ary","@id":"https:\/\/yazmed.ma\/product\/anios-rn-5-l-rincant-neutralisant\/#primaryimage","url":"https:\/\/yazmed.ma\/wp-content\/uploads\/2025\/12\/ANIOS-RN-5-L-Rincant-neutralisant.webp","contentUrl":"https:\/\/yazmed.ma\/wp-content\/uploads\/2025\/12\/ANIOS-RN-5-L-Rincant-neutralisant.webp","width":570,"height":517,"caption":"ANIOS RN 5 L Rin\u00e7ant neutralisant"},{"@type":"BreadcrumbList","@id":"https:\/\/yazmed.ma\/product\/anios-rn-5-l-rincant-neutralisant\/#breadcrumb","itemListElement":[{"@type":"ListItem","position":1,"name":"Accueil","item":"https:\/\/yazmed.ma\/"},{"@type":"ListItem","position":2,"name":"Shop","item":"https:\/\/yazmed.ma\/shop-2\/"},{"@type":"ListItem","position":3,"name":"ANIOS RN 5 L Rin\u00e7ant neutralisant"}]},{"@type":"WebSite","@id":"https:\/\/yazmed.ma\/#website","url":"https:\/\/yazmed.ma\/","name":"Yazmed","description":"LEADER DU MAT\u00c9RIEL M\u00c9DICAL AU MAROC","publisher":{"@id":"https:\/\/yazmed.ma\/#organization"},"potentialAction":[{"@type":"SearchAction","target":{"@type":"EntryPoint","urlTemplate":"https:\/\/yazmed.ma\/?s={search_term_string}"},"query-input":{"@type":"PropertyValueSpecification","valueRequired":true,"valueName":"search_term_string"}}],"inLanguage":"ary"},{"@type":"Organization","@id":"https:\/\/yazmed.ma\/#organization","name":"Yazmed Healthcare","url":"https:\/\/yazmed.ma\/","logo":{"@type":"ImageObject","inLanguage":"ary","@id":"https:\/\/yazmed.ma\/#\/schema\/logo\/image\/","url":"https:\/\/yazmed.ma\/wp-content\/uploads\/2024\/12\/3.png","contentUrl":"https:\/\/yazmed.ma\/wp-content\/uploads\/2024\/12\/3.png","width":250,"height":70,"caption":"Yazmed Healthcare"},"image":{"@id":"https:\/\/yazmed.ma\/#\/schema\/logo\/image\/"},"sameAs":["https:\/\/www.facebook.com\/azenkouky","https:\/\/www.instagram.com\/yazmedhealthcare","https:\/\/www.linkedin.com\/in\/yazmed-healthcare-1b4955295"]}]}},"_links":{"self":[{"href":"https:\/\/yazmed.ma\/ar\/wp-json\/wp\/v2\/product\/2975","targetHints":{"allow":["GET"]}}],"collection":[{"href":"https:\/\/yazmed.ma\/ar\/wp-json\/wp\/v2\/product"}],"about":[{"href":"https:\/\/yazmed.ma\/ar\/wp-json\/wp\/v2\/types\/product"}],"replies":[{"embeddable":true,"href":"https:\/\/yazmed.ma\/ar\/wp-json\/wp\/v2\/comments?post=2975"}],"version-history":[{"count":0,"href":"https:\/\/yazmed.ma\/ar\/wp-json\/wp\/v2\/product\/2975\/revisions"}],"wp:featuredmedia":[{"embeddable":true,"href":"https:\/\/yazmed.ma\/ar\/wp-json\/wp\/v2\/media\/2976"}],"wp:attachment":[{"href":"https:\/\/yazmed.ma\/ar\/wp-json\/wp\/v2\/media?parent=2975"}],"wp:term":[{"taxonomy":"product_brand","embeddable":true,"href":"https:\/\/yazmed.ma\/ar\/wp-json\/wp\/v2\/product_brand?post=2975"},{"taxonomy":"product_cat","embeddable":true,"href":"https:\/\/yazmed.ma\/ar\/wp-json\/wp\/v2\/product_cat?post=2975"},{"taxonomy":"product_tag","embeddable":true,"href":"https:\/\/yazmed.ma\/ar\/wp-json\/wp\/v2\/product_tag?post=2975"}],"curies":[{"name":"wp","href":"https:\/\/api.w.org\/{rel}","templated":true}]}}