{"id":2968,"date":"2025-12-16T17:59:27","date_gmt":"2025-12-16T17:59:27","guid":{"rendered":"https:\/\/yazmed.ma\/?post_type=product&#038;p=2968"},"modified":"2026-02-12T09:32:54","modified_gmt":"2026-02-12T09:32:54","slug":"wipanios-excel","status":"publish","type":"product","link":"https:\/\/yazmed.ma\/ar\/product\/wipanios-excel\/","title":{"rendered":"WIP&rsquo;ANIOS Excel 100P"},"content":{"rendered":"<h5 id=\"tw-target-text\" class=\"tw-data-text tw-text-large tw-ta\" dir=\"ltr\" tabindex=\"-1\" role=\"text\" data-placeholder=\"Traduction\" data-ved=\"2ahUKEwiFsKzM08KRAxXCZ0EAHZ9pCmEQ3ewLegQIDRAW\" aria-label=\"Texte traduit\u00a0: WIP'ANIOS Excel Baume d\u00e9sinfectant m\u00e9lang\u00e9 Avantages : Baume visqueux 100 % biod\u00e9gradable. Sans parfum ni alcool. Large spectre antimicrobien. Composition : Ce m\u00e9lange contient du di\u00e9thyldim\u00e9thylammonium, du fluorure, du fluorhydrate de polyhexam\u00e9thyl\u00e8ne biquanide, un tensioactif cationique et amphot\u00e8re, un agent de s\u00e9paration et des \u00e9paississants. Utilisation : Destin\u00e9 au nettoyage et \u00e0 la d\u00e9sinfection des instruments et \u00e9quipements m\u00e9dicaux.\"><span class=\"Y2IQFc\" lang=\"fr\"><img decoding=\"async\" class=\"emoji\" role=\"img\" draggable=\"false\" src=\"https:\/\/s.w.org\/images\/core\/emoji\/16.0.1\/svg\/2705.svg\" alt=\"\u2705\" \/>\u00a0Avantages<\/span><\/h5>\n<h5 class=\"tw-data-text tw-text-large tw-ta\" dir=\"ltr\" tabindex=\"-1\" role=\"text\" data-placeholder=\"Traduction\" data-ved=\"2ahUKEwiFsKzM08KRAxXCZ0EAHZ9pCmEQ3ewLegQIDRAW\" aria-label=\"Texte traduit\u00a0: WIP'ANIOS Excel Baume d\u00e9sinfectant m\u00e9lang\u00e9 Avantages : Baume visqueux 100 % biod\u00e9gradable. Sans parfum ni alcool. Large spectre antimicrobien. Composition : Ce m\u00e9lange contient du di\u00e9thyldim\u00e9thylammonium, du fluorure, du fluorhydrate de polyhexam\u00e9thyl\u00e8ne biquanide, un tensioactif cationique et amphot\u00e8re, un agent de s\u00e9paration et des \u00e9paississants. Utilisation : Destin\u00e9 au nettoyage et \u00e0 la d\u00e9sinfection des instruments et \u00e9quipements m\u00e9dicaux.\"><span class=\"Y2IQFc\" lang=\"fr\"> Baume visqueux 100 % biod\u00e9gradable<\/span><\/h5>\n<h5 class=\"tw-data-text tw-text-large tw-ta\" dir=\"ltr\" tabindex=\"-1\" role=\"text\" data-placeholder=\"Traduction\" data-ved=\"2ahUKEwiFsKzM08KRAxXCZ0EAHZ9pCmEQ3ewLegQIDRAW\" aria-label=\"Texte traduit\u00a0: WIP'ANIOS Excel Baume d\u00e9sinfectant m\u00e9lang\u00e9 Avantages : Baume visqueux 100 % biod\u00e9gradable. Sans parfum ni alcool. Large spectre antimicrobien. Composition : Ce m\u00e9lange contient du di\u00e9thyldim\u00e9thylammonium, du fluorure, du fluorhydrate de polyhexam\u00e9thyl\u00e8ne biquanide, un tensioactif cationique et amphot\u00e8re, un agent de s\u00e9paration et des \u00e9paississants. Utilisation : Destin\u00e9 au nettoyage et \u00e0 la d\u00e9sinfection des instruments et \u00e9quipements m\u00e9dicaux.\"><span class=\"Y2IQFc\" lang=\"fr\">Sans parfum ni alcool. Large spectre antimicrobien. <\/span><\/h5>\n<h5 class=\"tw-data-text tw-text-large tw-ta\" dir=\"ltr\" tabindex=\"-1\" role=\"text\" data-placeholder=\"Traduction\" data-ved=\"2ahUKEwiFsKzM08KRAxXCZ0EAHZ9pCmEQ3ewLegQIDRAW\" aria-label=\"Texte traduit\u00a0: WIP'ANIOS Excel Baume d\u00e9sinfectant m\u00e9lang\u00e9 Avantages : Baume visqueux 100 % biod\u00e9gradable. Sans parfum ni alcool. Large spectre antimicrobien. Composition : Ce m\u00e9lange contient du di\u00e9thyldim\u00e9thylammonium, du fluorure, du fluorhydrate de polyhexam\u00e9thyl\u00e8ne biquanide, un tensioactif cationique et amphot\u00e8re, un agent de s\u00e9paration et des \u00e9paississants. Utilisation : Destin\u00e9 au nettoyage et \u00e0 la d\u00e9sinfection des instruments et \u00e9quipements m\u00e9dicaux.\"><span class=\"Y2IQFc\" lang=\"fr\">Composition : Ce m\u00e9lange contient du di\u00e9thyldim\u00e9thylammonium, du fluorure<\/span><\/h5>\n<h5 class=\"tw-data-text tw-text-large tw-ta\" dir=\"ltr\" tabindex=\"-1\" role=\"text\" data-placeholder=\"Traduction\" data-ved=\"2ahUKEwiFsKzM08KRAxXCZ0EAHZ9pCmEQ3ewLegQIDRAW\" aria-label=\"Texte traduit\u00a0: WIP'ANIOS Excel Baume d\u00e9sinfectant m\u00e9lang\u00e9 Avantages : Baume visqueux 100 % biod\u00e9gradable. Sans parfum ni alcool. Large spectre antimicrobien. Composition : Ce m\u00e9lange contient du di\u00e9thyldim\u00e9thylammonium, du fluorure, du fluorhydrate de polyhexam\u00e9thyl\u00e8ne biquanide, un tensioactif cationique et amphot\u00e8re, un agent de s\u00e9paration et des \u00e9paississants. Utilisation : Destin\u00e9 au nettoyage et \u00e0 la d\u00e9sinfection des instruments et \u00e9quipements m\u00e9dicaux.\"><span class=\"Y2IQFc\" lang=\"fr\">fluorhydrate de polyhexam\u00e9thyl\u00e8ne biquanide, un tensioactif cationique et amphot\u00e8re<\/span><\/h5>\n<h5 class=\"tw-data-text tw-text-large tw-ta\" dir=\"ltr\" tabindex=\"-1\" role=\"text\" data-placeholder=\"Traduction\" data-ved=\"2ahUKEwiFsKzM08KRAxXCZ0EAHZ9pCmEQ3ewLegQIDRAW\" aria-label=\"Texte traduit\u00a0: WIP'ANIOS Excel Baume d\u00e9sinfectant m\u00e9lang\u00e9 Avantages : Baume visqueux 100 % biod\u00e9gradable. Sans parfum ni alcool. Large spectre antimicrobien. Composition : Ce m\u00e9lange contient du di\u00e9thyldim\u00e9thylammonium, du fluorure, du fluorhydrate de polyhexam\u00e9thyl\u00e8ne biquanide, un tensioactif cationique et amphot\u00e8re, un agent de s\u00e9paration et des \u00e9paississants. Utilisation : Destin\u00e9 au nettoyage et \u00e0 la d\u00e9sinfection des instruments et \u00e9quipements m\u00e9dicaux.\"><span class=\"Y2IQFc\" lang=\"fr\">Utilisation : Destin\u00e9 au nettoyage et \u00e0 la d\u00e9sinfection des instruments et \u00e9quipements m\u00e9dicaux.<\/span><\/h5>\n<p><img decoding=\"async\" class=\"\" src=\"https:\/\/eclazon.ma\/wp-content\/uploads\/2024\/07\/anios-logo-200x100.jpg\" width=\"108\" height=\"54\" \/><\/p>","protected":false},"excerpt":{"rendered":"<h4>WIP&rsquo;ANIOS Excel 100 P<\/h4>\n<p>lingettes <a title=\"Cellulose\" href=\"https:\/\/fr.wikipedia.org\/wiki\/Cellulose\">cellulose<\/a> des Laboratoires Anios, directement impr\u00e9gn\u00e9es d&rsquo;une solution nettoyante et d\u00e9sinfectante pour le traitement des dispositifs m\u00e9dicaux entre deux patient ainsi que pour la d\u00e9sinfection des sondes d\u2019\u00e9chographie<\/p>\n<p>&nbsp;<\/p>\n<p><img decoding=\"async\" class=\"\" src=\"https:\/\/eclazon.ma\/wp-content\/uploads\/2024\/07\/anios-logo-200x100.jpg\" width=\"94\" height=\"47\" \/><\/p>","protected":false},"featured_media":2970,"comment_status":"open","ping_status":"closed","template":"","meta":[],"product_brand":[191],"product_cat":[56],"product_tag":[],"class_list":{"0":"post-2968","1":"product","2":"type-product","3":"status-publish","4":"has-post-thumbnail","6":"product_brand-anios","7":"product_cat-sterilisation-hygiene","9":"first","10":"instock","11":"taxable","12":"shipping-taxable","13":"purchasable","14":"product-type-simple"},"yoast_head":"<!-- This site is optimized with the Yoast SEO plugin v26.9 - https:\/\/yoast.com\/product\/yoast-seo-wordpress\/ -->\n<title>WIP&#039;ANIOS Excel 100P - YAZMED<\/title>\n<meta name=\"robots\" content=\"index, follow, max-snippet:-1, max-image-preview:large, max-video-preview:-1\" \/>\n<link rel=\"canonical\" href=\"https:\/\/yazmed.ma\/ar\/product\/wipanios-excel\/\" \/>\n<meta property=\"og:locale\" content=\"ar_AR\" \/>\n<meta property=\"og:type\" content=\"article\" \/>\n<meta property=\"og:title\" content=\"WIP&#039;ANIOS Excel 100P - YAZMED\" \/>\n<meta property=\"og:description\" content=\"WIP&#039;ANIOS Excel 100 P lingettes cellulose des Laboratoires Anios, directement impr\u00e9gn\u00e9es d&#039;une solution nettoyante et d\u00e9sinfectante pour le traitement des dispositifs m\u00e9dicaux entre deux patient ainsi que pour la d\u00e9sinfection des sondes d\u2019\u00e9chographie  &nbsp;\" \/>\n<meta property=\"og:url\" content=\"https:\/\/yazmed.ma\/ar\/product\/wipanios-excel\/\" \/>\n<meta property=\"og:site_name\" content=\"YAZMED\" \/>\n<meta property=\"article:publisher\" content=\"https:\/\/www.facebook.com\/azenkouky\" \/>\n<meta property=\"article:modified_time\" content=\"2026-02-12T09:32:54+00:00\" \/>\n<meta property=\"og:image\" content=\"https:\/\/yazmed.ma\/wp-content\/uploads\/2025\/12\/WIPANIOS-Excel-100-P.webp\" \/>\n\t<meta property=\"og:image:width\" content=\"570\" \/>\n\t<meta property=\"og:image:height\" content=\"517\" \/>\n\t<meta property=\"og:image:type\" content=\"image\/webp\" \/>\n<meta name=\"twitter:card\" content=\"summary_large_image\" \/>\n<meta name=\"twitter:label1\" content=\"Est. reading time\" \/>\n\t<meta name=\"twitter:data1\" content=\"1 minute\" \/>\n<script type=\"application\/ld+json\" class=\"yoast-schema-graph\">{\"@context\":\"https:\/\/schema.org\",\"@graph\":[{\"@type\":\"WebPage\",\"@id\":\"https:\/\/yazmed.ma\/product\/wipanios-excel\/\",\"url\":\"https:\/\/yazmed.ma\/product\/wipanios-excel\/\",\"name\":\"WIP'ANIOS Excel 100P - YAZMED\",\"isPartOf\":{\"@id\":\"https:\/\/yazmed.ma\/#website\"},\"primaryImageOfPage\":{\"@id\":\"https:\/\/yazmed.ma\/product\/wipanios-excel\/#primaryimage\"},\"image\":{\"@id\":\"https:\/\/yazmed.ma\/product\/wipanios-excel\/#primaryimage\"},\"thumbnailUrl\":\"https:\/\/yazmed.ma\/wp-content\/uploads\/2025\/12\/WIPANIOS-Excel-100-P.webp\",\"datePublished\":\"2025-12-16T17:59:27+00:00\",\"dateModified\":\"2026-02-12T09:32:54+00:00\",\"breadcrumb\":{\"@id\":\"https:\/\/yazmed.ma\/product\/wipanios-excel\/#breadcrumb\"},\"inLanguage\":\"ary\",\"potentialAction\":[{\"@type\":\"ReadAction\",\"target\":[\"https:\/\/yazmed.ma\/product\/wipanios-excel\/\"]}]},{\"@type\":\"ImageObject\",\"inLanguage\":\"ary\",\"@id\":\"https:\/\/yazmed.ma\/product\/wipanios-excel\/#primaryimage\",\"url\":\"https:\/\/yazmed.ma\/wp-content\/uploads\/2025\/12\/WIPANIOS-Excel-100-P.webp\",\"contentUrl\":\"https:\/\/yazmed.ma\/wp-content\/uploads\/2025\/12\/WIPANIOS-Excel-100-P.webp\",\"width\":570,\"height\":517,\"caption\":\"WIP'ANIOS Excel 100P\"},{\"@type\":\"BreadcrumbList\",\"@id\":\"https:\/\/yazmed.ma\/product\/wipanios-excel\/#breadcrumb\",\"itemListElement\":[{\"@type\":\"ListItem\",\"position\":1,\"name\":\"Accueil\",\"item\":\"https:\/\/yazmed.ma\/\"},{\"@type\":\"ListItem\",\"position\":2,\"name\":\"Shop\",\"item\":\"https:\/\/yazmed.ma\/shop-2\/\"},{\"@type\":\"ListItem\",\"position\":3,\"name\":\"WIP&rsquo;ANIOS Excel 100P\"}]},{\"@type\":\"WebSite\",\"@id\":\"https:\/\/yazmed.ma\/#website\",\"url\":\"https:\/\/yazmed.ma\/\",\"name\":\"Yazmed\",\"description\":\"LEADER DU MAT\u00c9RIEL M\u00c9DICAL AU MAROC\",\"publisher\":{\"@id\":\"https:\/\/yazmed.ma\/#organization\"},\"potentialAction\":[{\"@type\":\"SearchAction\",\"target\":{\"@type\":\"EntryPoint\",\"urlTemplate\":\"https:\/\/yazmed.ma\/?s={search_term_string}\"},\"query-input\":{\"@type\":\"PropertyValueSpecification\",\"valueRequired\":true,\"valueName\":\"search_term_string\"}}],\"inLanguage\":\"ary\"},{\"@type\":\"Organization\",\"@id\":\"https:\/\/yazmed.ma\/#organization\",\"name\":\"Yazmed Healthcare\",\"url\":\"https:\/\/yazmed.ma\/\",\"logo\":{\"@type\":\"ImageObject\",\"inLanguage\":\"ary\",\"@id\":\"https:\/\/yazmed.ma\/#\/schema\/logo\/image\/\",\"url\":\"https:\/\/yazmed.ma\/wp-content\/uploads\/2024\/12\/3.png\",\"contentUrl\":\"https:\/\/yazmed.ma\/wp-content\/uploads\/2024\/12\/3.png\",\"width\":250,\"height\":70,\"caption\":\"Yazmed Healthcare\"},\"image\":{\"@id\":\"https:\/\/yazmed.ma\/#\/schema\/logo\/image\/\"},\"sameAs\":[\"https:\/\/www.facebook.com\/azenkouky\",\"https:\/\/www.instagram.com\/yazmedhealthcare\",\"https:\/\/www.linkedin.com\/in\/yazmed-healthcare-1b4955295\"]}]}<\/script>\n<!-- \/ Yoast SEO plugin. -->","yoast_head_json":{"title":"WIP'ANIOS Excel 100P - YAZMED","robots":{"index":"index","follow":"follow","max-snippet":"max-snippet:-1","max-image-preview":"max-image-preview:large","max-video-preview":"max-video-preview:-1"},"canonical":"https:\/\/yazmed.ma\/ar\/product\/wipanios-excel\/","og_locale":"ar_AR","og_type":"article","og_title":"WIP'ANIOS Excel 100P - YAZMED","og_description":"WIP'ANIOS Excel 100 P lingettes cellulose des Laboratoires Anios, directement impr\u00e9gn\u00e9es d'une solution nettoyante et d\u00e9sinfectante pour le traitement des dispositifs m\u00e9dicaux entre deux patient ainsi que pour la d\u00e9sinfection des sondes d\u2019\u00e9chographie  &nbsp;","og_url":"https:\/\/yazmed.ma\/ar\/product\/wipanios-excel\/","og_site_name":"YAZMED","article_publisher":"https:\/\/www.facebook.com\/azenkouky","article_modified_time":"2026-02-12T09:32:54+00:00","og_image":[{"width":570,"height":517,"url":"https:\/\/yazmed.ma\/wp-content\/uploads\/2025\/12\/WIPANIOS-Excel-100-P.webp","type":"image\/webp"}],"twitter_card":"summary_large_image","twitter_misc":{"Est. reading time":"1 minute"},"schema":{"@context":"https:\/\/schema.org","@graph":[{"@type":"WebPage","@id":"https:\/\/yazmed.ma\/product\/wipanios-excel\/","url":"https:\/\/yazmed.ma\/product\/wipanios-excel\/","name":"WIP'ANIOS Excel 100P - YAZMED","isPartOf":{"@id":"https:\/\/yazmed.ma\/#website"},"primaryImageOfPage":{"@id":"https:\/\/yazmed.ma\/product\/wipanios-excel\/#primaryimage"},"image":{"@id":"https:\/\/yazmed.ma\/product\/wipanios-excel\/#primaryimage"},"thumbnailUrl":"https:\/\/yazmed.ma\/wp-content\/uploads\/2025\/12\/WIPANIOS-Excel-100-P.webp","datePublished":"2025-12-16T17:59:27+00:00","dateModified":"2026-02-12T09:32:54+00:00","breadcrumb":{"@id":"https:\/\/yazmed.ma\/product\/wipanios-excel\/#breadcrumb"},"inLanguage":"ary","potentialAction":[{"@type":"ReadAction","target":["https:\/\/yazmed.ma\/product\/wipanios-excel\/"]}]},{"@type":"ImageObject","inLanguage":"ary","@id":"https:\/\/yazmed.ma\/product\/wipanios-excel\/#primaryimage","url":"https:\/\/yazmed.ma\/wp-content\/uploads\/2025\/12\/WIPANIOS-Excel-100-P.webp","contentUrl":"https:\/\/yazmed.ma\/wp-content\/uploads\/2025\/12\/WIPANIOS-Excel-100-P.webp","width":570,"height":517,"caption":"WIP'ANIOS Excel 100P"},{"@type":"BreadcrumbList","@id":"https:\/\/yazmed.ma\/product\/wipanios-excel\/#breadcrumb","itemListElement":[{"@type":"ListItem","position":1,"name":"Accueil","item":"https:\/\/yazmed.ma\/"},{"@type":"ListItem","position":2,"name":"Shop","item":"https:\/\/yazmed.ma\/shop-2\/"},{"@type":"ListItem","position":3,"name":"WIP&rsquo;ANIOS Excel 100P"}]},{"@type":"WebSite","@id":"https:\/\/yazmed.ma\/#website","url":"https:\/\/yazmed.ma\/","name":"Yazmed","description":"LEADER DU MAT\u00c9RIEL M\u00c9DICAL AU MAROC","publisher":{"@id":"https:\/\/yazmed.ma\/#organization"},"potentialAction":[{"@type":"SearchAction","target":{"@type":"EntryPoint","urlTemplate":"https:\/\/yazmed.ma\/?s={search_term_string}"},"query-input":{"@type":"PropertyValueSpecification","valueRequired":true,"valueName":"search_term_string"}}],"inLanguage":"ary"},{"@type":"Organization","@id":"https:\/\/yazmed.ma\/#organization","name":"Yazmed Healthcare","url":"https:\/\/yazmed.ma\/","logo":{"@type":"ImageObject","inLanguage":"ary","@id":"https:\/\/yazmed.ma\/#\/schema\/logo\/image\/","url":"https:\/\/yazmed.ma\/wp-content\/uploads\/2024\/12\/3.png","contentUrl":"https:\/\/yazmed.ma\/wp-content\/uploads\/2024\/12\/3.png","width":250,"height":70,"caption":"Yazmed Healthcare"},"image":{"@id":"https:\/\/yazmed.ma\/#\/schema\/logo\/image\/"},"sameAs":["https:\/\/www.facebook.com\/azenkouky","https:\/\/www.instagram.com\/yazmedhealthcare","https:\/\/www.linkedin.com\/in\/yazmed-healthcare-1b4955295"]}]}},"_links":{"self":[{"href":"https:\/\/yazmed.ma\/ar\/wp-json\/wp\/v2\/product\/2968","targetHints":{"allow":["GET"]}}],"collection":[{"href":"https:\/\/yazmed.ma\/ar\/wp-json\/wp\/v2\/product"}],"about":[{"href":"https:\/\/yazmed.ma\/ar\/wp-json\/wp\/v2\/types\/product"}],"replies":[{"embeddable":true,"href":"https:\/\/yazmed.ma\/ar\/wp-json\/wp\/v2\/comments?post=2968"}],"version-history":[{"count":1,"href":"https:\/\/yazmed.ma\/ar\/wp-json\/wp\/v2\/product\/2968\/revisions"}],"predecessor-version":[{"id":2971,"href":"https:\/\/yazmed.ma\/ar\/wp-json\/wp\/v2\/product\/2968\/revisions\/2971"}],"wp:featuredmedia":[{"embeddable":true,"href":"https:\/\/yazmed.ma\/ar\/wp-json\/wp\/v2\/media\/2970"}],"wp:attachment":[{"href":"https:\/\/yazmed.ma\/ar\/wp-json\/wp\/v2\/media?parent=2968"}],"wp:term":[{"taxonomy":"product_brand","embeddable":true,"href":"https:\/\/yazmed.ma\/ar\/wp-json\/wp\/v2\/product_brand?post=2968"},{"taxonomy":"product_cat","embeddable":true,"href":"https:\/\/yazmed.ma\/ar\/wp-json\/wp\/v2\/product_cat?post=2968"},{"taxonomy":"product_tag","embeddable":true,"href":"https:\/\/yazmed.ma\/ar\/wp-json\/wp\/v2\/product_tag?post=2968"}],"curies":[{"name":"wp","href":"https:\/\/api.w.org\/{rel}","templated":true}]}}