{"id":2966,"date":"2025-12-16T17:36:50","date_gmt":"2025-12-16T17:36:50","guid":{"rendered":"https:\/\/yazmed.ma\/?post_type=product&#038;p=2966"},"modified":"2025-12-16T17:36:50","modified_gmt":"2025-12-16T17:36:50","slug":"derdevice-plus-a2-gta","status":"publish","type":"product","link":"https:\/\/yazmed.ma\/ar\/product\/derdevice-plus-a2-gta\/","title":{"rendered":"Derdevice Plus A2 GTA"},"content":{"rendered":"<p>&nbsp;<\/p>\n<p>&nbsp;<\/p>\n<p><img decoding=\"async\" class=\"emoji\" role=\"img\" draggable=\"false\" src=\"https:\/\/s.w.org\/images\/core\/emoji\/16.0.1\/svg\/2705.svg\" alt=\"\u2705\" \/> D\u00e9sinfectant des instruments<\/p>\n<p><img decoding=\"async\" class=\"\" src=\"https:\/\/en-fr.ecolab.com\/-\/media\/Images\/EcolabSite\/Logo\/100th-Anniversary-Logos\/ecolab-logo-tagline-svg.svg?mp3\" alt=\"Ecolab logo, Protecting What's Vital\" width=\"70\" height=\"20\" \/><\/p>","protected":false},"excerpt":{"rendered":"<h4 id=\"tw-target-text\" class=\"tw-data-text tw-text-large tw-ta\" dir=\"ltr\" tabindex=\"-1\" role=\"text\" data-placeholder=\"Traduction\" data-ved=\"2ahUKEwjOsd_8zcKRAxUJMvsDHYe2JBIQ3ewLegQIDhAW\" aria-label=\"Texte traduit\u00a0: Derdevice Plus A2 GTAD\u00e9sinfectant pour instruments pr\u00eat \u00e0 l'emploi - 5 litresDomaine d'utilisation et finalit\u00e9Assure une d\u00e9sinfection de haut niveau de tous types d'instruments chirurgicaux invasifs, d'instruments de chirurgie dentaire, d'instruments de laparoscopie et d'endoscopes flexibles et rigides. Ne provoque aucun dommage tel que rouille, corrosion, ramollissement des soies d'endoscope ou d\u00e9coloration.Compatible avec le verre, la c\u00e9ramique, le silicone, le plastique, le PVC, l'acrylique, le polym\u00e8re, le polycarbonate, le polystyr\u00e8ne, le PEHD, la porcelaine et l'acier inoxydable. Poss\u00e8de des propri\u00e9t\u00e9s anticorrosives. Convient \u00e0 toutes les marques d'endoscopes. Utilisable en machine \u00e0 laver les endoscopes et manuellement.\"><span class=\"Y2IQFc\" lang=\"fr\">Derdevice Plus A2 GTA <\/span><\/h4>\n<p class=\"tw-data-text tw-text-large tw-ta\" dir=\"ltr\" tabindex=\"-1\" role=\"text\" data-placeholder=\"Traduction\" data-ved=\"2ahUKEwjOsd_8zcKRAxUJMvsDHYe2JBIQ3ewLegQIDhAW\" aria-label=\"Texte traduit\u00a0: Derdevice Plus A2 GTAD\u00e9sinfectant pour instruments pr\u00eat \u00e0 l'emploi - 5 litresDomaine d'utilisation et finalit\u00e9Assure une d\u00e9sinfection de haut niveau de tous types d'instruments chirurgicaux invasifs, d'instruments de chirurgie dentaire, d'instruments de laparoscopie et d'endoscopes flexibles et rigides. Ne provoque aucun dommage tel que rouille, corrosion, ramollissement des soies d'endoscope ou d\u00e9coloration.Compatible avec le verre, la c\u00e9ramique, le silicone, le plastique, le PVC, l'acrylique, le polym\u00e8re, le polycarbonate, le polystyr\u00e8ne, le PEHD, la porcelaine et l'acier inoxydable. Poss\u00e8de des propri\u00e9t\u00e9s anticorrosives. Convient \u00e0 toutes les marques d'endoscopes. Utilisable en machine \u00e0 laver les endoscopes et manuellement.\"><span class=\"Y2IQFc\" lang=\"fr\">D\u00e9sinfectant pour instruments pr\u00eat \u00e0 l&#8217;emploi &#8211; 5 litres Assure une <a title=\"\" href=\"https:\/\/fr.wikipedia.org\/wiki\/St%C3%A9rilisation_(microbiologie)\">st\u00e9rilisation<\/a>) de haut niveau de tous types d&rsquo;instruments chirurgicaux invasifs, d&rsquo;instruments de chirurgie dentaire, d&rsquo;instruments de laparoscopie et d&rsquo;endoscopes flexibles et rigides. Ne provoque aucun dommage tel que rouille, corrosion, ramollissement des soies d&rsquo;endoscope ou d\u00e9coloration. Compatible avec le verre, la c\u00e9ramique, le silicone, le plastique, le PVC, l&rsquo;acrylique, le polym\u00e8re, le polycarbonate, le polystyr\u00e8ne, le PEHD, la porcelaine et l&rsquo;acier inoxydable. Poss\u00e8de des propri\u00e9t\u00e9s anticorrosives. Convient \u00e0 toutes\u00a0<\/span><\/p>\n<p dir=\"ltr\" tabindex=\"-1\" role=\"text\" data-placeholder=\"Traduction\" data-ved=\"2ahUKEwjOsd_8zcKRAxUJMvsDHYe2JBIQ3ewLegQIDhAW\" aria-label=\"Texte traduit\u00a0: Derdevice Plus A2 GTAD\u00e9sinfectant pour instruments pr\u00eat \u00e0 l'emploi - 5 litresDomaine d'utilisation et finalit\u00e9Assure une d\u00e9sinfection de haut niveau de tous types d'instruments chirurgicaux invasifs, d'instruments de chirurgie dentaire, d'instruments de laparoscopie et d'endoscopes flexibles et rigides. Ne provoque aucun dommage tel que rouille, corrosion, ramollissement des soies d'endoscope ou d\u00e9coloration.Compatible avec le verre, la c\u00e9ramique, le silicone, le plastique, le PVC, l'acrylique, le polym\u00e8re, le polycarbonate, le polystyr\u00e8ne, le PEHD, la porcelaine et l'acier inoxydable. Poss\u00e8de des propri\u00e9t\u00e9s anticorrosives. Convient \u00e0 toutes les marques d'endoscopes. Utilisable en machine \u00e0 laver les endoscopes et manuellement.\"><img decoding=\"async\" class=\"\" src=\"https:\/\/en-fr.ecolab.com\/-\/media\/Images\/EcolabSite\/Logo\/100th-Anniversary-Logos\/ecolab-logo-tagline-svg.svg?mp3\" alt=\"Ecolab logo, Protecting What's Vital\" width=\"70\" height=\"20\" \/><\/p>","protected":false},"featured_media":2967,"comment_status":"open","ping_status":"closed","template":"","meta":[],"product_brand":[],"product_cat":[56],"product_tag":[],"class_list":{"0":"post-2966","1":"product","2":"type-product","3":"status-publish","4":"has-post-thumbnail","6":"product_cat-sterilisation-hygiene","8":"first","9":"instock","10":"taxable","11":"shipping-taxable","12":"purchasable","13":"product-type-simple"},"yoast_head":"<!-- This site is optimized with the Yoast SEO plugin v26.9 - https:\/\/yoast.com\/product\/yoast-seo-wordpress\/ -->\n<title>Derdevice Plus A2 GTA - YAZMED<\/title>\n<meta name=\"robots\" content=\"index, follow, max-snippet:-1, max-image-preview:large, max-video-preview:-1\" \/>\n<link rel=\"canonical\" href=\"https:\/\/yazmed.ma\/ar\/product\/derdevice-plus-a2-gta\/\" \/>\n<meta property=\"og:locale\" content=\"ar_AR\" \/>\n<meta property=\"og:type\" content=\"article\" \/>\n<meta property=\"og:title\" content=\"Derdevice Plus A2 GTA - YAZMED\" \/>\n<meta property=\"og:description\" content=\"Derdevice Plus A2 GTA  D\u00e9sinfectant pour instruments pr\u00eat \u00e0 l&#039;emploi - 5 litres Assure une st\u00e9rilisation) de haut niveau de tous types d&#039;instruments chirurgicaux invasifs, d&#039;instruments de chirurgie dentaire, d&#039;instruments de laparoscopie et d&#039;endoscopes flexibles et rigides. Ne provoque aucun dommage tel que rouille, corrosion, ramollissement des soies d&#039;endoscope ou d\u00e9coloration. Compatible avec le verre, la c\u00e9ramique, le silicone, le plastique, le PVC, l&#039;acrylique, le polym\u00e8re, le polycarbonate, le polystyr\u00e8ne, le PEHD, la porcelaine et l&#039;acier inoxydable. Poss\u00e8de des propri\u00e9t\u00e9s anticorrosives. Convient \u00e0 toutes\u00a0\" \/>\n<meta property=\"og:url\" content=\"https:\/\/yazmed.ma\/ar\/product\/derdevice-plus-a2-gta\/\" \/>\n<meta property=\"og:site_name\" content=\"YAZMED\" \/>\n<meta property=\"article:publisher\" content=\"https:\/\/www.facebook.com\/azenkouky\" \/>\n<meta property=\"og:image\" content=\"https:\/\/yazmed.ma\/wp-content\/uploads\/2025\/12\/Derdevice-Plus-A2-GTA.webp\" \/>\n\t<meta property=\"og:image:width\" content=\"1000\" \/>\n\t<meta property=\"og:image:height\" content=\"1000\" \/>\n\t<meta property=\"og:image:type\" content=\"image\/webp\" \/>\n<meta name=\"twitter:card\" content=\"summary_large_image\" \/>\n<script type=\"application\/ld+json\" class=\"yoast-schema-graph\">{\"@context\":\"https:\/\/schema.org\",\"@graph\":[{\"@type\":\"WebPage\",\"@id\":\"https:\/\/yazmed.ma\/product\/derdevice-plus-a2-gta\/\",\"url\":\"https:\/\/yazmed.ma\/product\/derdevice-plus-a2-gta\/\",\"name\":\"Derdevice Plus A2 GTA - YAZMED\",\"isPartOf\":{\"@id\":\"https:\/\/yazmed.ma\/#website\"},\"primaryImageOfPage\":{\"@id\":\"https:\/\/yazmed.ma\/product\/derdevice-plus-a2-gta\/#primaryimage\"},\"image\":{\"@id\":\"https:\/\/yazmed.ma\/product\/derdevice-plus-a2-gta\/#primaryimage\"},\"thumbnailUrl\":\"https:\/\/yazmed.ma\/wp-content\/uploads\/2025\/12\/Derdevice-Plus-A2-GTA.webp\",\"datePublished\":\"2025-12-16T17:36:50+00:00\",\"breadcrumb\":{\"@id\":\"https:\/\/yazmed.ma\/product\/derdevice-plus-a2-gta\/#breadcrumb\"},\"inLanguage\":\"ary\",\"potentialAction\":[{\"@type\":\"ReadAction\",\"target\":[\"https:\/\/yazmed.ma\/product\/derdevice-plus-a2-gta\/\"]}]},{\"@type\":\"ImageObject\",\"inLanguage\":\"ary\",\"@id\":\"https:\/\/yazmed.ma\/product\/derdevice-plus-a2-gta\/#primaryimage\",\"url\":\"https:\/\/yazmed.ma\/wp-content\/uploads\/2025\/12\/Derdevice-Plus-A2-GTA.webp\",\"contentUrl\":\"https:\/\/yazmed.ma\/wp-content\/uploads\/2025\/12\/Derdevice-Plus-A2-GTA.webp\",\"width\":1000,\"height\":1000,\"caption\":\"Derdevice Plus A2 GTA\"},{\"@type\":\"BreadcrumbList\",\"@id\":\"https:\/\/yazmed.ma\/product\/derdevice-plus-a2-gta\/#breadcrumb\",\"itemListElement\":[{\"@type\":\"ListItem\",\"position\":1,\"name\":\"Accueil\",\"item\":\"https:\/\/yazmed.ma\/\"},{\"@type\":\"ListItem\",\"position\":2,\"name\":\"Shop\",\"item\":\"https:\/\/yazmed.ma\/shop-2\/\"},{\"@type\":\"ListItem\",\"position\":3,\"name\":\"Derdevice Plus A2 GTA\"}]},{\"@type\":\"WebSite\",\"@id\":\"https:\/\/yazmed.ma\/#website\",\"url\":\"https:\/\/yazmed.ma\/\",\"name\":\"Yazmed\",\"description\":\"LEADER DU MAT\u00c9RIEL M\u00c9DICAL AU MAROC\",\"publisher\":{\"@id\":\"https:\/\/yazmed.ma\/#organization\"},\"potentialAction\":[{\"@type\":\"SearchAction\",\"target\":{\"@type\":\"EntryPoint\",\"urlTemplate\":\"https:\/\/yazmed.ma\/?s={search_term_string}\"},\"query-input\":{\"@type\":\"PropertyValueSpecification\",\"valueRequired\":true,\"valueName\":\"search_term_string\"}}],\"inLanguage\":\"ary\"},{\"@type\":\"Organization\",\"@id\":\"https:\/\/yazmed.ma\/#organization\",\"name\":\"Yazmed Healthcare\",\"url\":\"https:\/\/yazmed.ma\/\",\"logo\":{\"@type\":\"ImageObject\",\"inLanguage\":\"ary\",\"@id\":\"https:\/\/yazmed.ma\/#\/schema\/logo\/image\/\",\"url\":\"https:\/\/yazmed.ma\/wp-content\/uploads\/2024\/12\/3.png\",\"contentUrl\":\"https:\/\/yazmed.ma\/wp-content\/uploads\/2024\/12\/3.png\",\"width\":250,\"height\":70,\"caption\":\"Yazmed Healthcare\"},\"image\":{\"@id\":\"https:\/\/yazmed.ma\/#\/schema\/logo\/image\/\"},\"sameAs\":[\"https:\/\/www.facebook.com\/azenkouky\",\"https:\/\/www.instagram.com\/yazmedhealthcare\",\"https:\/\/www.linkedin.com\/in\/yazmed-healthcare-1b4955295\"]}]}<\/script>\n<!-- \/ Yoast SEO plugin. -->","yoast_head_json":{"title":"Derdevice Plus A2 GTA - YAZMED","robots":{"index":"index","follow":"follow","max-snippet":"max-snippet:-1","max-image-preview":"max-image-preview:large","max-video-preview":"max-video-preview:-1"},"canonical":"https:\/\/yazmed.ma\/ar\/product\/derdevice-plus-a2-gta\/","og_locale":"ar_AR","og_type":"article","og_title":"Derdevice Plus A2 GTA - YAZMED","og_description":"Derdevice Plus A2 GTA  D\u00e9sinfectant pour instruments pr\u00eat \u00e0 l'emploi - 5 litres Assure une st\u00e9rilisation) de haut niveau de tous types d'instruments chirurgicaux invasifs, d'instruments de chirurgie dentaire, d'instruments de laparoscopie et d'endoscopes flexibles et rigides. Ne provoque aucun dommage tel que rouille, corrosion, ramollissement des soies d'endoscope ou d\u00e9coloration. Compatible avec le verre, la c\u00e9ramique, le silicone, le plastique, le PVC, l'acrylique, le polym\u00e8re, le polycarbonate, le polystyr\u00e8ne, le PEHD, la porcelaine et l'acier inoxydable. Poss\u00e8de des propri\u00e9t\u00e9s anticorrosives. Convient \u00e0 toutes\u00a0","og_url":"https:\/\/yazmed.ma\/ar\/product\/derdevice-plus-a2-gta\/","og_site_name":"YAZMED","article_publisher":"https:\/\/www.facebook.com\/azenkouky","og_image":[{"width":1000,"height":1000,"url":"https:\/\/yazmed.ma\/wp-content\/uploads\/2025\/12\/Derdevice-Plus-A2-GTA.webp","type":"image\/webp"}],"twitter_card":"summary_large_image","schema":{"@context":"https:\/\/schema.org","@graph":[{"@type":"WebPage","@id":"https:\/\/yazmed.ma\/product\/derdevice-plus-a2-gta\/","url":"https:\/\/yazmed.ma\/product\/derdevice-plus-a2-gta\/","name":"Derdevice Plus A2 GTA - YAZMED","isPartOf":{"@id":"https:\/\/yazmed.ma\/#website"},"primaryImageOfPage":{"@id":"https:\/\/yazmed.ma\/product\/derdevice-plus-a2-gta\/#primaryimage"},"image":{"@id":"https:\/\/yazmed.ma\/product\/derdevice-plus-a2-gta\/#primaryimage"},"thumbnailUrl":"https:\/\/yazmed.ma\/wp-content\/uploads\/2025\/12\/Derdevice-Plus-A2-GTA.webp","datePublished":"2025-12-16T17:36:50+00:00","breadcrumb":{"@id":"https:\/\/yazmed.ma\/product\/derdevice-plus-a2-gta\/#breadcrumb"},"inLanguage":"ary","potentialAction":[{"@type":"ReadAction","target":["https:\/\/yazmed.ma\/product\/derdevice-plus-a2-gta\/"]}]},{"@type":"ImageObject","inLanguage":"ary","@id":"https:\/\/yazmed.ma\/product\/derdevice-plus-a2-gta\/#primaryimage","url":"https:\/\/yazmed.ma\/wp-content\/uploads\/2025\/12\/Derdevice-Plus-A2-GTA.webp","contentUrl":"https:\/\/yazmed.ma\/wp-content\/uploads\/2025\/12\/Derdevice-Plus-A2-GTA.webp","width":1000,"height":1000,"caption":"Derdevice Plus A2 GTA"},{"@type":"BreadcrumbList","@id":"https:\/\/yazmed.ma\/product\/derdevice-plus-a2-gta\/#breadcrumb","itemListElement":[{"@type":"ListItem","position":1,"name":"Accueil","item":"https:\/\/yazmed.ma\/"},{"@type":"ListItem","position":2,"name":"Shop","item":"https:\/\/yazmed.ma\/shop-2\/"},{"@type":"ListItem","position":3,"name":"Derdevice Plus A2 GTA"}]},{"@type":"WebSite","@id":"https:\/\/yazmed.ma\/#website","url":"https:\/\/yazmed.ma\/","name":"Yazmed","description":"LEADER DU MAT\u00c9RIEL M\u00c9DICAL AU MAROC","publisher":{"@id":"https:\/\/yazmed.ma\/#organization"},"potentialAction":[{"@type":"SearchAction","target":{"@type":"EntryPoint","urlTemplate":"https:\/\/yazmed.ma\/?s={search_term_string}"},"query-input":{"@type":"PropertyValueSpecification","valueRequired":true,"valueName":"search_term_string"}}],"inLanguage":"ary"},{"@type":"Organization","@id":"https:\/\/yazmed.ma\/#organization","name":"Yazmed Healthcare","url":"https:\/\/yazmed.ma\/","logo":{"@type":"ImageObject","inLanguage":"ary","@id":"https:\/\/yazmed.ma\/#\/schema\/logo\/image\/","url":"https:\/\/yazmed.ma\/wp-content\/uploads\/2024\/12\/3.png","contentUrl":"https:\/\/yazmed.ma\/wp-content\/uploads\/2024\/12\/3.png","width":250,"height":70,"caption":"Yazmed Healthcare"},"image":{"@id":"https:\/\/yazmed.ma\/#\/schema\/logo\/image\/"},"sameAs":["https:\/\/www.facebook.com\/azenkouky","https:\/\/www.instagram.com\/yazmedhealthcare","https:\/\/www.linkedin.com\/in\/yazmed-healthcare-1b4955295"]}]}},"_links":{"self":[{"href":"https:\/\/yazmed.ma\/ar\/wp-json\/wp\/v2\/product\/2966","targetHints":{"allow":["GET"]}}],"collection":[{"href":"https:\/\/yazmed.ma\/ar\/wp-json\/wp\/v2\/product"}],"about":[{"href":"https:\/\/yazmed.ma\/ar\/wp-json\/wp\/v2\/types\/product"}],"replies":[{"embeddable":true,"href":"https:\/\/yazmed.ma\/ar\/wp-json\/wp\/v2\/comments?post=2966"}],"version-history":[{"count":0,"href":"https:\/\/yazmed.ma\/ar\/wp-json\/wp\/v2\/product\/2966\/revisions"}],"wp:featuredmedia":[{"embeddable":true,"href":"https:\/\/yazmed.ma\/ar\/wp-json\/wp\/v2\/media\/2967"}],"wp:attachment":[{"href":"https:\/\/yazmed.ma\/ar\/wp-json\/wp\/v2\/media?parent=2966"}],"wp:term":[{"taxonomy":"product_brand","embeddable":true,"href":"https:\/\/yazmed.ma\/ar\/wp-json\/wp\/v2\/product_brand?post=2966"},{"taxonomy":"product_cat","embeddable":true,"href":"https:\/\/yazmed.ma\/ar\/wp-json\/wp\/v2\/product_cat?post=2966"},{"taxonomy":"product_tag","embeddable":true,"href":"https:\/\/yazmed.ma\/ar\/wp-json\/wp\/v2\/product_tag?post=2966"}],"curies":[{"name":"wp","href":"https:\/\/api.w.org\/{rel}","templated":true}]}}