{"id":2936,"date":"2025-12-11T20:45:29","date_gmt":"2025-12-11T20:45:29","guid":{"rendered":"https:\/\/yazmed.ma\/?post_type=product&#038;p=2936"},"modified":"2025-12-17T21:04:22","modified_gmt":"2025-12-17T21:04:22","slug":"feuilles-sterilisation-crepe","status":"publish","type":"product","link":"https:\/\/yazmed.ma\/ar\/product\/feuilles-sterilisation-crepe\/","title":{"rendered":"FEUILLES STERILISATION,CREPE 100"},"content":{"rendered":"<p>\u2705\u00a0<b>Composition :<\/b> M\u00e9lange de fibres de cellulose et de fibres synth\u00e9tiques<br \/>\n\u2705\u00a0<b>Avantages :<\/b><br \/>\n\u2714 Excellente perm\u00e9abilit\u00e9 \u00e0 la vapeur<br \/>\n\u2714 Protection microbiologique avanc\u00e9e<br \/>\n\u2714 Tr\u00e8s bonne souplesse et facilit\u00e9 de pliage<br \/>\n\u2705\u00a0<b>Conformit\u00e9 :<\/b>\u00a0R\u00e9pond aux normes EN 868:1-2<\/p>\n<p><b>\u2705Tailles disponibles :<\/b><\/p>\n<p>Petit format : 0,40 x 0,40 m<br \/>\nMoyen format : 0,75 x 0,75 m<br \/>\nGrand format : 1,0 x 1,0 m<\/p>\n<p><img decoding=\"async\" class=\"\" src=\"https:\/\/eclazon.ma\/wp-content\/uploads\/2024\/07\/anios-logo-200x100.jpg\" width=\"108\" height=\"54\" \/><\/p>","protected":false},"excerpt":{"rendered":"<h5 class=\"detnom\">FEUILLES STERILISATION,CREPE,NON-TISSE 100<\/h5>\n<p>Garantissez la st\u00e9rilit\u00e9 de vos instruments m\u00e9dicaux avec nos solutions d&#8217;emballage haute performance con\u00e7ues pour les <a title=\"\" href=\"https:\/\/fr.wikipedia.org\/wiki\/Autoclave\">autoclave<\/a>, \u00e0 vapeur. Nos feuilles papiers cr\u00eape et non-tiss\u00e9s SMS de st\u00e9rilisation assurent une barri\u00e8re efficace contre les micro-organismes tout en permettant une parfaite perm\u00e9abilit\u00e9 \u00e0 la vapeur.<\/p>\n<p><img decoding=\"async\" class=\"\" src=\"https:\/\/eclazon.ma\/wp-content\/uploads\/2024\/07\/anios-logo-200x100.jpg\" width=\"90\" height=\"45\" \/><\/p>","protected":false},"featured_media":2938,"comment_status":"open","ping_status":"closed","template":"","meta":[],"product_brand":[191],"product_cat":[56],"product_tag":[],"class_list":{"0":"post-2936","1":"product","2":"type-product","3":"status-publish","4":"has-post-thumbnail","6":"product_brand-anios","7":"product_cat-sterilisation-hygiene","9":"first","10":"instock","11":"taxable","12":"shipping-taxable","13":"product-type-simple"},"yoast_head":"<!-- This site is optimized with the Yoast SEO plugin v26.9 - https:\/\/yoast.com\/product\/yoast-seo-wordpress\/ -->\n<title>FEUILLES STERILISATION,CREPE 100 - YAZMED<\/title>\n<meta name=\"robots\" content=\"index, follow, max-snippet:-1, max-image-preview:large, max-video-preview:-1\" \/>\n<link rel=\"canonical\" href=\"https:\/\/yazmed.ma\/ar\/product\/feuilles-sterilisation-crepe\/\" \/>\n<meta property=\"og:locale\" content=\"ar_AR\" \/>\n<meta property=\"og:type\" content=\"article\" \/>\n<meta property=\"og:title\" content=\"FEUILLES STERILISATION,CREPE 100 - YAZMED\" \/>\n<meta property=\"og:description\" content=\"FEUILLES STERILISATION,CREPE,NON-TISSE 100 Garantissez la st\u00e9rilit\u00e9 de vos instruments m\u00e9dicaux avec nos solutions d&#039;emballage haute performance con\u00e7ues pour les autoclave, \u00e0 vapeur. Nos feuilles papiers cr\u00eape et non-tiss\u00e9s SMS de st\u00e9rilisation assurent une barri\u00e8re efficace contre les micro-organismes tout en permettant une parfaite perm\u00e9abilit\u00e9 \u00e0 la vapeur.\" \/>\n<meta property=\"og:url\" content=\"https:\/\/yazmed.ma\/ar\/product\/feuilles-sterilisation-crepe\/\" \/>\n<meta property=\"og:site_name\" content=\"YAZMED\" \/>\n<meta property=\"article:publisher\" content=\"https:\/\/www.facebook.com\/azenkouky\" \/>\n<meta property=\"article:modified_time\" content=\"2025-12-17T21:04:22+00:00\" \/>\n<meta property=\"og:image\" content=\"https:\/\/yazmed.ma\/wp-content\/uploads\/2025\/12\/FEUILLES-STERILISATION-CREPE-NON-TISSE.webp\" \/>\n\t<meta property=\"og:image:width\" content=\"570\" \/>\n\t<meta property=\"og:image:height\" content=\"517\" \/>\n\t<meta property=\"og:image:type\" content=\"image\/webp\" \/>\n<meta name=\"twitter:card\" content=\"summary_large_image\" \/>\n<script type=\"application\/ld+json\" class=\"yoast-schema-graph\">{\"@context\":\"https:\/\/schema.org\",\"@graph\":[{\"@type\":\"WebPage\",\"@id\":\"https:\/\/yazmed.ma\/product\/feuilles-sterilisation-crepe\/\",\"url\":\"https:\/\/yazmed.ma\/product\/feuilles-sterilisation-crepe\/\",\"name\":\"FEUILLES STERILISATION,CREPE 100 - YAZMED\",\"isPartOf\":{\"@id\":\"https:\/\/yazmed.ma\/#website\"},\"primaryImageOfPage\":{\"@id\":\"https:\/\/yazmed.ma\/product\/feuilles-sterilisation-crepe\/#primaryimage\"},\"image\":{\"@id\":\"https:\/\/yazmed.ma\/product\/feuilles-sterilisation-crepe\/#primaryimage\"},\"thumbnailUrl\":\"https:\/\/yazmed.ma\/wp-content\/uploads\/2025\/12\/FEUILLES-STERILISATION-CREPE-NON-TISSE.webp\",\"datePublished\":\"2025-12-11T20:45:29+00:00\",\"dateModified\":\"2025-12-17T21:04:22+00:00\",\"breadcrumb\":{\"@id\":\"https:\/\/yazmed.ma\/product\/feuilles-sterilisation-crepe\/#breadcrumb\"},\"inLanguage\":\"ary\",\"potentialAction\":[{\"@type\":\"ReadAction\",\"target\":[\"https:\/\/yazmed.ma\/product\/feuilles-sterilisation-crepe\/\"]}]},{\"@type\":\"ImageObject\",\"inLanguage\":\"ary\",\"@id\":\"https:\/\/yazmed.ma\/product\/feuilles-sterilisation-crepe\/#primaryimage\",\"url\":\"https:\/\/yazmed.ma\/wp-content\/uploads\/2025\/12\/FEUILLES-STERILISATION-CREPE-NON-TISSE.webp\",\"contentUrl\":\"https:\/\/yazmed.ma\/wp-content\/uploads\/2025\/12\/FEUILLES-STERILISATION-CREPE-NON-TISSE.webp\",\"width\":570,\"height\":517,\"caption\":\"FEUILLES STERILISATION,CREPE,NON-TISSE\"},{\"@type\":\"BreadcrumbList\",\"@id\":\"https:\/\/yazmed.ma\/product\/feuilles-sterilisation-crepe\/#breadcrumb\",\"itemListElement\":[{\"@type\":\"ListItem\",\"position\":1,\"name\":\"Accueil\",\"item\":\"https:\/\/yazmed.ma\/\"},{\"@type\":\"ListItem\",\"position\":2,\"name\":\"Shop\",\"item\":\"https:\/\/yazmed.ma\/shop-2\/\"},{\"@type\":\"ListItem\",\"position\":3,\"name\":\"FEUILLES STERILISATION,CREPE 100\"}]},{\"@type\":\"WebSite\",\"@id\":\"https:\/\/yazmed.ma\/#website\",\"url\":\"https:\/\/yazmed.ma\/\",\"name\":\"Yazmed\",\"description\":\"LEADER DU MAT\u00c9RIEL M\u00c9DICAL AU MAROC\",\"publisher\":{\"@id\":\"https:\/\/yazmed.ma\/#organization\"},\"potentialAction\":[{\"@type\":\"SearchAction\",\"target\":{\"@type\":\"EntryPoint\",\"urlTemplate\":\"https:\/\/yazmed.ma\/?s={search_term_string}\"},\"query-input\":{\"@type\":\"PropertyValueSpecification\",\"valueRequired\":true,\"valueName\":\"search_term_string\"}}],\"inLanguage\":\"ary\"},{\"@type\":\"Organization\",\"@id\":\"https:\/\/yazmed.ma\/#organization\",\"name\":\"Yazmed Healthcare\",\"url\":\"https:\/\/yazmed.ma\/\",\"logo\":{\"@type\":\"ImageObject\",\"inLanguage\":\"ary\",\"@id\":\"https:\/\/yazmed.ma\/#\/schema\/logo\/image\/\",\"url\":\"https:\/\/yazmed.ma\/wp-content\/uploads\/2024\/12\/3.png\",\"contentUrl\":\"https:\/\/yazmed.ma\/wp-content\/uploads\/2024\/12\/3.png\",\"width\":250,\"height\":70,\"caption\":\"Yazmed Healthcare\"},\"image\":{\"@id\":\"https:\/\/yazmed.ma\/#\/schema\/logo\/image\/\"},\"sameAs\":[\"https:\/\/www.facebook.com\/azenkouky\",\"https:\/\/www.instagram.com\/yazmedhealthcare\",\"https:\/\/www.linkedin.com\/in\/yazmed-healthcare-1b4955295\"]}]}<\/script>\n<!-- \/ Yoast SEO plugin. -->","yoast_head_json":{"title":"FEUILLES STERILISATION,CREPE 100 - YAZMED","robots":{"index":"index","follow":"follow","max-snippet":"max-snippet:-1","max-image-preview":"max-image-preview:large","max-video-preview":"max-video-preview:-1"},"canonical":"https:\/\/yazmed.ma\/ar\/product\/feuilles-sterilisation-crepe\/","og_locale":"ar_AR","og_type":"article","og_title":"FEUILLES STERILISATION,CREPE 100 - YAZMED","og_description":"FEUILLES STERILISATION,CREPE,NON-TISSE 100 Garantissez la st\u00e9rilit\u00e9 de vos instruments m\u00e9dicaux avec nos solutions d'emballage haute performance con\u00e7ues pour les autoclave, \u00e0 vapeur. Nos feuilles papiers cr\u00eape et non-tiss\u00e9s SMS de st\u00e9rilisation assurent une barri\u00e8re efficace contre les micro-organismes tout en permettant une parfaite perm\u00e9abilit\u00e9 \u00e0 la vapeur.","og_url":"https:\/\/yazmed.ma\/ar\/product\/feuilles-sterilisation-crepe\/","og_site_name":"YAZMED","article_publisher":"https:\/\/www.facebook.com\/azenkouky","article_modified_time":"2025-12-17T21:04:22+00:00","og_image":[{"width":570,"height":517,"url":"https:\/\/yazmed.ma\/wp-content\/uploads\/2025\/12\/FEUILLES-STERILISATION-CREPE-NON-TISSE.webp","type":"image\/webp"}],"twitter_card":"summary_large_image","schema":{"@context":"https:\/\/schema.org","@graph":[{"@type":"WebPage","@id":"https:\/\/yazmed.ma\/product\/feuilles-sterilisation-crepe\/","url":"https:\/\/yazmed.ma\/product\/feuilles-sterilisation-crepe\/","name":"FEUILLES STERILISATION,CREPE 100 - YAZMED","isPartOf":{"@id":"https:\/\/yazmed.ma\/#website"},"primaryImageOfPage":{"@id":"https:\/\/yazmed.ma\/product\/feuilles-sterilisation-crepe\/#primaryimage"},"image":{"@id":"https:\/\/yazmed.ma\/product\/feuilles-sterilisation-crepe\/#primaryimage"},"thumbnailUrl":"https:\/\/yazmed.ma\/wp-content\/uploads\/2025\/12\/FEUILLES-STERILISATION-CREPE-NON-TISSE.webp","datePublished":"2025-12-11T20:45:29+00:00","dateModified":"2025-12-17T21:04:22+00:00","breadcrumb":{"@id":"https:\/\/yazmed.ma\/product\/feuilles-sterilisation-crepe\/#breadcrumb"},"inLanguage":"ary","potentialAction":[{"@type":"ReadAction","target":["https:\/\/yazmed.ma\/product\/feuilles-sterilisation-crepe\/"]}]},{"@type":"ImageObject","inLanguage":"ary","@id":"https:\/\/yazmed.ma\/product\/feuilles-sterilisation-crepe\/#primaryimage","url":"https:\/\/yazmed.ma\/wp-content\/uploads\/2025\/12\/FEUILLES-STERILISATION-CREPE-NON-TISSE.webp","contentUrl":"https:\/\/yazmed.ma\/wp-content\/uploads\/2025\/12\/FEUILLES-STERILISATION-CREPE-NON-TISSE.webp","width":570,"height":517,"caption":"FEUILLES STERILISATION,CREPE,NON-TISSE"},{"@type":"BreadcrumbList","@id":"https:\/\/yazmed.ma\/product\/feuilles-sterilisation-crepe\/#breadcrumb","itemListElement":[{"@type":"ListItem","position":1,"name":"Accueil","item":"https:\/\/yazmed.ma\/"},{"@type":"ListItem","position":2,"name":"Shop","item":"https:\/\/yazmed.ma\/shop-2\/"},{"@type":"ListItem","position":3,"name":"FEUILLES STERILISATION,CREPE 100"}]},{"@type":"WebSite","@id":"https:\/\/yazmed.ma\/#website","url":"https:\/\/yazmed.ma\/","name":"Yazmed","description":"LEADER DU MAT\u00c9RIEL M\u00c9DICAL AU MAROC","publisher":{"@id":"https:\/\/yazmed.ma\/#organization"},"potentialAction":[{"@type":"SearchAction","target":{"@type":"EntryPoint","urlTemplate":"https:\/\/yazmed.ma\/?s={search_term_string}"},"query-input":{"@type":"PropertyValueSpecification","valueRequired":true,"valueName":"search_term_string"}}],"inLanguage":"ary"},{"@type":"Organization","@id":"https:\/\/yazmed.ma\/#organization","name":"Yazmed Healthcare","url":"https:\/\/yazmed.ma\/","logo":{"@type":"ImageObject","inLanguage":"ary","@id":"https:\/\/yazmed.ma\/#\/schema\/logo\/image\/","url":"https:\/\/yazmed.ma\/wp-content\/uploads\/2024\/12\/3.png","contentUrl":"https:\/\/yazmed.ma\/wp-content\/uploads\/2024\/12\/3.png","width":250,"height":70,"caption":"Yazmed Healthcare"},"image":{"@id":"https:\/\/yazmed.ma\/#\/schema\/logo\/image\/"},"sameAs":["https:\/\/www.facebook.com\/azenkouky","https:\/\/www.instagram.com\/yazmedhealthcare","https:\/\/www.linkedin.com\/in\/yazmed-healthcare-1b4955295"]}]}},"_links":{"self":[{"href":"https:\/\/yazmed.ma\/ar\/wp-json\/wp\/v2\/product\/2936","targetHints":{"allow":["GET"]}}],"collection":[{"href":"https:\/\/yazmed.ma\/ar\/wp-json\/wp\/v2\/product"}],"about":[{"href":"https:\/\/yazmed.ma\/ar\/wp-json\/wp\/v2\/types\/product"}],"replies":[{"embeddable":true,"href":"https:\/\/yazmed.ma\/ar\/wp-json\/wp\/v2\/comments?post=2936"}],"version-history":[{"count":0,"href":"https:\/\/yazmed.ma\/ar\/wp-json\/wp\/v2\/product\/2936\/revisions"}],"wp:featuredmedia":[{"embeddable":true,"href":"https:\/\/yazmed.ma\/ar\/wp-json\/wp\/v2\/media\/2938"}],"wp:attachment":[{"href":"https:\/\/yazmed.ma\/ar\/wp-json\/wp\/v2\/media?parent=2936"}],"wp:term":[{"taxonomy":"product_brand","embeddable":true,"href":"https:\/\/yazmed.ma\/ar\/wp-json\/wp\/v2\/product_brand?post=2936"},{"taxonomy":"product_cat","embeddable":true,"href":"https:\/\/yazmed.ma\/ar\/wp-json\/wp\/v2\/product_cat?post=2936"},{"taxonomy":"product_tag","embeddable":true,"href":"https:\/\/yazmed.ma\/ar\/wp-json\/wp\/v2\/product_tag?post=2936"}],"curies":[{"name":"wp","href":"https:\/\/api.w.org\/{rel}","templated":true}]}}