{"id":2932,"date":"2025-12-11T17:37:26","date_gmt":"2025-12-11T17:37:26","guid":{"rendered":"https:\/\/yazmed.ma\/?post_type=product&#038;p=2932"},"modified":"2026-02-12T09:34:27","modified_gmt":"2026-02-12T09:34:27","slug":"poubelle-dasri-collecteur-daiguilles-10l","status":"publish","type":"product","link":"https:\/\/yazmed.ma\/ar\/product\/poubelle-dasri-collecteur-daiguilles-10l\/","title":{"rendered":"Poubelle DASRI Collecteur d\u2019Aiguilles 10L"},"content":{"rendered":"<h3><img decoding=\"async\" class=\"emoji\" role=\"img\" draggable=\"false\" src=\"https:\/\/s.w.org\/images\/core\/emoji\/16.0.1\/svg\/2705.svg\" alt=\"\u2705\" \/>10L<\/h3>\n<p><strong>S\u00e9curit\u00e9 Maximale<\/strong>\u00a0: Le collecteur est dot\u00e9 d\u2019un syst\u00e8me de fermeture s\u00e9curis\u00e9, emp\u00eachant toute ouverture accidentelle et garantissant une \u00e9limination s\u00fbre des aiguilles et objets tranchants.<\/p>\n<p><strong>Conforme aux Normes <\/strong>\u00a0: Ce produit respecte les normes en vigueur pour la gestion des d\u00e9chets d\u2019activit\u00e9s de soins \u00e0 risque infectieux, assurant une conformit\u00e9 totale aux r\u00e9glementations sanitaires.<\/p>\n<p><strong>Mat\u00e9riau R\u00e9sistant<\/strong>\u00a0: Fabriqu\u00e9 en plastique durable et robuste, il r\u00e9siste aux perforations, garantissant ainsi une manipulation s\u00e9curis\u00e9e.<\/p>\n<p><strong>Capacit\u00e9 Optimis\u00e9e<\/strong>\u00a0: Le collecteur offre une capacit\u00e9 suffisante pour stocker les aiguilles et autres objets tranchants sans devoir \u00eatre vid\u00e9 fr\u00e9quemment, ce qui le rend id\u00e9al pour un usage en milieu m\u00e9dical.<\/p>\n<p><img decoding=\"async\" class=\"\" src=\"https:\/\/eclazon.ma\/wp-content\/uploads\/2024\/07\/europlasticos-logo-200x100.jpg\" width=\"94\" height=\"47\" \/><\/p>","protected":false},"excerpt":{"rendered":"<h4>La\u00a0<strong>Poubelle Collecteur d\u2019Aiguilles 10L\u00a0<\/strong><\/h4>\n<p>con\u00e7ue pour la collecte et l\u2019\u00e9limination s\u00e9curis\u00e9e des d\u00e9chets m\u00e9dicaux \u00e0 risque infectieux <a href=\"https:\/\/fr.wikipedia.org\/wiki\/DASTRI\">DASRI<\/a> tels que les , seringues, et autres objets tranchants ou piquants. Conforme aux normes de s\u00e9curit\u00e9, ce collecteur garantit une manipulation sans risque des d\u00e9chets m\u00e9dicaux, tout en prot\u00e9geant le personnel soignant et les utilisateurs.<\/p>\n<p><img decoding=\"async\" class=\"\" src=\"https:\/\/eclazon.ma\/wp-content\/uploads\/2024\/07\/europlasticos-logo-200x100.jpg\" width=\"94\" height=\"47\" \/><\/p>","protected":false},"featured_media":2933,"comment_status":"open","ping_status":"closed","template":"","meta":[],"product_brand":[],"product_cat":[56],"product_tag":[],"class_list":{"0":"post-2932","1":"product","2":"type-product","3":"status-publish","4":"has-post-thumbnail","6":"product_cat-sterilisation-hygiene","8":"first","9":"instock","10":"taxable","11":"shipping-taxable","12":"purchasable","13":"product-type-simple"},"yoast_head":"<!-- This site is optimized with the Yoast SEO plugin v26.9 - https:\/\/yoast.com\/product\/yoast-seo-wordpress\/ -->\n<title>Poubelle DASRI Collecteur d\u2019Aiguilles 10L - YAZMED<\/title>\n<meta name=\"robots\" content=\"index, follow, max-snippet:-1, max-image-preview:large, max-video-preview:-1\" \/>\n<link rel=\"canonical\" href=\"https:\/\/yazmed.ma\/ar\/product\/poubelle-dasri-collecteur-daiguilles-10l\/\" \/>\n<meta property=\"og:locale\" content=\"ar_AR\" \/>\n<meta property=\"og:type\" content=\"article\" \/>\n<meta property=\"og:title\" content=\"Poubelle DASRI Collecteur d\u2019Aiguilles 10L - YAZMED\" \/>\n<meta property=\"og:description\" content=\"La\u00a0Poubelle Collecteur d\u2019Aiguilles 10L\u00a0 con\u00e7ue pour la collecte et l\u2019\u00e9limination s\u00e9curis\u00e9e des d\u00e9chets m\u00e9dicaux \u00e0 risque infectieux DASRI tels que les , seringues, et autres objets tranchants ou piquants. Conforme aux normes de s\u00e9curit\u00e9, ce collecteur garantit une manipulation sans risque des d\u00e9chets m\u00e9dicaux, tout en prot\u00e9geant le personnel soignant et les utilisateurs.\" \/>\n<meta property=\"og:url\" content=\"https:\/\/yazmed.ma\/ar\/product\/poubelle-dasri-collecteur-daiguilles-10l\/\" \/>\n<meta property=\"og:site_name\" content=\"YAZMED\" \/>\n<meta property=\"article:publisher\" content=\"https:\/\/www.facebook.com\/azenkouky\" \/>\n<meta property=\"article:modified_time\" content=\"2026-02-12T09:34:27+00:00\" \/>\n<meta property=\"og:image\" content=\"https:\/\/yazmed.ma\/wp-content\/uploads\/2025\/12\/Poubelle-DASRI-Collecteur-dAiguilles-10L.webp\" \/>\n\t<meta property=\"og:image:width\" content=\"690\" \/>\n\t<meta property=\"og:image:height\" content=\"690\" \/>\n\t<meta property=\"og:image:type\" content=\"image\/webp\" \/>\n<meta name=\"twitter:card\" content=\"summary_large_image\" \/>\n<meta name=\"twitter:label1\" content=\"Est. reading time\" \/>\n\t<meta name=\"twitter:data1\" content=\"2 minutes\" \/>\n<script type=\"application\/ld+json\" class=\"yoast-schema-graph\">{\"@context\":\"https:\/\/schema.org\",\"@graph\":[{\"@type\":\"WebPage\",\"@id\":\"https:\/\/yazmed.ma\/product\/poubelle-dasri-collecteur-daiguilles-10l\/\",\"url\":\"https:\/\/yazmed.ma\/product\/poubelle-dasri-collecteur-daiguilles-10l\/\",\"name\":\"Poubelle DASRI Collecteur d\u2019Aiguilles 10L - YAZMED\",\"isPartOf\":{\"@id\":\"https:\/\/yazmed.ma\/#website\"},\"primaryImageOfPage\":{\"@id\":\"https:\/\/yazmed.ma\/product\/poubelle-dasri-collecteur-daiguilles-10l\/#primaryimage\"},\"image\":{\"@id\":\"https:\/\/yazmed.ma\/product\/poubelle-dasri-collecteur-daiguilles-10l\/#primaryimage\"},\"thumbnailUrl\":\"https:\/\/yazmed.ma\/wp-content\/uploads\/2025\/12\/Poubelle-DASRI-Collecteur-dAiguilles-10L.webp\",\"datePublished\":\"2025-12-11T17:37:26+00:00\",\"dateModified\":\"2026-02-12T09:34:27+00:00\",\"breadcrumb\":{\"@id\":\"https:\/\/yazmed.ma\/product\/poubelle-dasri-collecteur-daiguilles-10l\/#breadcrumb\"},\"inLanguage\":\"ary\",\"potentialAction\":[{\"@type\":\"ReadAction\",\"target\":[\"https:\/\/yazmed.ma\/product\/poubelle-dasri-collecteur-daiguilles-10l\/\"]}]},{\"@type\":\"ImageObject\",\"inLanguage\":\"ary\",\"@id\":\"https:\/\/yazmed.ma\/product\/poubelle-dasri-collecteur-daiguilles-10l\/#primaryimage\",\"url\":\"https:\/\/yazmed.ma\/wp-content\/uploads\/2025\/12\/Poubelle-DASRI-Collecteur-dAiguilles-10L.webp\",\"contentUrl\":\"https:\/\/yazmed.ma\/wp-content\/uploads\/2025\/12\/Poubelle-DASRI-Collecteur-dAiguilles-10L.webp\",\"width\":690,\"height\":690,\"caption\":\"Poubelle DASRI Collecteur d\u2019Aiguilles 10L\"},{\"@type\":\"BreadcrumbList\",\"@id\":\"https:\/\/yazmed.ma\/product\/poubelle-dasri-collecteur-daiguilles-10l\/#breadcrumb\",\"itemListElement\":[{\"@type\":\"ListItem\",\"position\":1,\"name\":\"Accueil\",\"item\":\"https:\/\/yazmed.ma\/\"},{\"@type\":\"ListItem\",\"position\":2,\"name\":\"Shop\",\"item\":\"https:\/\/yazmed.ma\/shop-2\/\"},{\"@type\":\"ListItem\",\"position\":3,\"name\":\"Poubelle DASRI Collecteur d\u2019Aiguilles 10L\"}]},{\"@type\":\"WebSite\",\"@id\":\"https:\/\/yazmed.ma\/#website\",\"url\":\"https:\/\/yazmed.ma\/\",\"name\":\"Yazmed\",\"description\":\"LEADER DU MAT\u00c9RIEL M\u00c9DICAL AU MAROC\",\"publisher\":{\"@id\":\"https:\/\/yazmed.ma\/#organization\"},\"potentialAction\":[{\"@type\":\"SearchAction\",\"target\":{\"@type\":\"EntryPoint\",\"urlTemplate\":\"https:\/\/yazmed.ma\/?s={search_term_string}\"},\"query-input\":{\"@type\":\"PropertyValueSpecification\",\"valueRequired\":true,\"valueName\":\"search_term_string\"}}],\"inLanguage\":\"ary\"},{\"@type\":\"Organization\",\"@id\":\"https:\/\/yazmed.ma\/#organization\",\"name\":\"Yazmed Healthcare\",\"url\":\"https:\/\/yazmed.ma\/\",\"logo\":{\"@type\":\"ImageObject\",\"inLanguage\":\"ary\",\"@id\":\"https:\/\/yazmed.ma\/#\/schema\/logo\/image\/\",\"url\":\"https:\/\/yazmed.ma\/wp-content\/uploads\/2024\/12\/3.png\",\"contentUrl\":\"https:\/\/yazmed.ma\/wp-content\/uploads\/2024\/12\/3.png\",\"width\":250,\"height\":70,\"caption\":\"Yazmed Healthcare\"},\"image\":{\"@id\":\"https:\/\/yazmed.ma\/#\/schema\/logo\/image\/\"},\"sameAs\":[\"https:\/\/www.facebook.com\/azenkouky\",\"https:\/\/www.instagram.com\/yazmedhealthcare\",\"https:\/\/www.linkedin.com\/in\/yazmed-healthcare-1b4955295\"]}]}<\/script>\n<!-- \/ Yoast SEO plugin. -->","yoast_head_json":{"title":"Poubelle DASRI Collecteur d\u2019Aiguilles 10L - YAZMED","robots":{"index":"index","follow":"follow","max-snippet":"max-snippet:-1","max-image-preview":"max-image-preview:large","max-video-preview":"max-video-preview:-1"},"canonical":"https:\/\/yazmed.ma\/ar\/product\/poubelle-dasri-collecteur-daiguilles-10l\/","og_locale":"ar_AR","og_type":"article","og_title":"Poubelle DASRI Collecteur d\u2019Aiguilles 10L - YAZMED","og_description":"La\u00a0Poubelle Collecteur d\u2019Aiguilles 10L\u00a0 con\u00e7ue pour la collecte et l\u2019\u00e9limination s\u00e9curis\u00e9e des d\u00e9chets m\u00e9dicaux \u00e0 risque infectieux DASRI tels que les , seringues, et autres objets tranchants ou piquants. Conforme aux normes de s\u00e9curit\u00e9, ce collecteur garantit une manipulation sans risque des d\u00e9chets m\u00e9dicaux, tout en prot\u00e9geant le personnel soignant et les utilisateurs.","og_url":"https:\/\/yazmed.ma\/ar\/product\/poubelle-dasri-collecteur-daiguilles-10l\/","og_site_name":"YAZMED","article_publisher":"https:\/\/www.facebook.com\/azenkouky","article_modified_time":"2026-02-12T09:34:27+00:00","og_image":[{"width":690,"height":690,"url":"https:\/\/yazmed.ma\/wp-content\/uploads\/2025\/12\/Poubelle-DASRI-Collecteur-dAiguilles-10L.webp","type":"image\/webp"}],"twitter_card":"summary_large_image","twitter_misc":{"Est. reading time":"2 minutes"},"schema":{"@context":"https:\/\/schema.org","@graph":[{"@type":"WebPage","@id":"https:\/\/yazmed.ma\/product\/poubelle-dasri-collecteur-daiguilles-10l\/","url":"https:\/\/yazmed.ma\/product\/poubelle-dasri-collecteur-daiguilles-10l\/","name":"Poubelle DASRI Collecteur d\u2019Aiguilles 10L - YAZMED","isPartOf":{"@id":"https:\/\/yazmed.ma\/#website"},"primaryImageOfPage":{"@id":"https:\/\/yazmed.ma\/product\/poubelle-dasri-collecteur-daiguilles-10l\/#primaryimage"},"image":{"@id":"https:\/\/yazmed.ma\/product\/poubelle-dasri-collecteur-daiguilles-10l\/#primaryimage"},"thumbnailUrl":"https:\/\/yazmed.ma\/wp-content\/uploads\/2025\/12\/Poubelle-DASRI-Collecteur-dAiguilles-10L.webp","datePublished":"2025-12-11T17:37:26+00:00","dateModified":"2026-02-12T09:34:27+00:00","breadcrumb":{"@id":"https:\/\/yazmed.ma\/product\/poubelle-dasri-collecteur-daiguilles-10l\/#breadcrumb"},"inLanguage":"ary","potentialAction":[{"@type":"ReadAction","target":["https:\/\/yazmed.ma\/product\/poubelle-dasri-collecteur-daiguilles-10l\/"]}]},{"@type":"ImageObject","inLanguage":"ary","@id":"https:\/\/yazmed.ma\/product\/poubelle-dasri-collecteur-daiguilles-10l\/#primaryimage","url":"https:\/\/yazmed.ma\/wp-content\/uploads\/2025\/12\/Poubelle-DASRI-Collecteur-dAiguilles-10L.webp","contentUrl":"https:\/\/yazmed.ma\/wp-content\/uploads\/2025\/12\/Poubelle-DASRI-Collecteur-dAiguilles-10L.webp","width":690,"height":690,"caption":"Poubelle DASRI Collecteur d\u2019Aiguilles 10L"},{"@type":"BreadcrumbList","@id":"https:\/\/yazmed.ma\/product\/poubelle-dasri-collecteur-daiguilles-10l\/#breadcrumb","itemListElement":[{"@type":"ListItem","position":1,"name":"Accueil","item":"https:\/\/yazmed.ma\/"},{"@type":"ListItem","position":2,"name":"Shop","item":"https:\/\/yazmed.ma\/shop-2\/"},{"@type":"ListItem","position":3,"name":"Poubelle DASRI Collecteur d\u2019Aiguilles 10L"}]},{"@type":"WebSite","@id":"https:\/\/yazmed.ma\/#website","url":"https:\/\/yazmed.ma\/","name":"Yazmed","description":"LEADER DU MAT\u00c9RIEL M\u00c9DICAL AU MAROC","publisher":{"@id":"https:\/\/yazmed.ma\/#organization"},"potentialAction":[{"@type":"SearchAction","target":{"@type":"EntryPoint","urlTemplate":"https:\/\/yazmed.ma\/?s={search_term_string}"},"query-input":{"@type":"PropertyValueSpecification","valueRequired":true,"valueName":"search_term_string"}}],"inLanguage":"ary"},{"@type":"Organization","@id":"https:\/\/yazmed.ma\/#organization","name":"Yazmed Healthcare","url":"https:\/\/yazmed.ma\/","logo":{"@type":"ImageObject","inLanguage":"ary","@id":"https:\/\/yazmed.ma\/#\/schema\/logo\/image\/","url":"https:\/\/yazmed.ma\/wp-content\/uploads\/2024\/12\/3.png","contentUrl":"https:\/\/yazmed.ma\/wp-content\/uploads\/2024\/12\/3.png","width":250,"height":70,"caption":"Yazmed Healthcare"},"image":{"@id":"https:\/\/yazmed.ma\/#\/schema\/logo\/image\/"},"sameAs":["https:\/\/www.facebook.com\/azenkouky","https:\/\/www.instagram.com\/yazmedhealthcare","https:\/\/www.linkedin.com\/in\/yazmed-healthcare-1b4955295"]}]}},"_links":{"self":[{"href":"https:\/\/yazmed.ma\/ar\/wp-json\/wp\/v2\/product\/2932","targetHints":{"allow":["GET"]}}],"collection":[{"href":"https:\/\/yazmed.ma\/ar\/wp-json\/wp\/v2\/product"}],"about":[{"href":"https:\/\/yazmed.ma\/ar\/wp-json\/wp\/v2\/types\/product"}],"replies":[{"embeddable":true,"href":"https:\/\/yazmed.ma\/ar\/wp-json\/wp\/v2\/comments?post=2932"}],"version-history":[{"count":1,"href":"https:\/\/yazmed.ma\/ar\/wp-json\/wp\/v2\/product\/2932\/revisions"}],"predecessor-version":[{"id":2934,"href":"https:\/\/yazmed.ma\/ar\/wp-json\/wp\/v2\/product\/2932\/revisions\/2934"}],"wp:featuredmedia":[{"embeddable":true,"href":"https:\/\/yazmed.ma\/ar\/wp-json\/wp\/v2\/media\/2933"}],"wp:attachment":[{"href":"https:\/\/yazmed.ma\/ar\/wp-json\/wp\/v2\/media?parent=2932"}],"wp:term":[{"taxonomy":"product_brand","embeddable":true,"href":"https:\/\/yazmed.ma\/ar\/wp-json\/wp\/v2\/product_brand?post=2932"},{"taxonomy":"product_cat","embeddable":true,"href":"https:\/\/yazmed.ma\/ar\/wp-json\/wp\/v2\/product_cat?post=2932"},{"taxonomy":"product_tag","embeddable":true,"href":"https:\/\/yazmed.ma\/ar\/wp-json\/wp\/v2\/product_tag?post=2932"}],"curies":[{"name":"wp","href":"https:\/\/api.w.org\/{rel}","templated":true}]}}