{"id":2927,"date":"2025-12-11T16:53:14","date_gmt":"2025-12-11T16:53:14","guid":{"rendered":"https:\/\/yazmed.ma\/?post_type=product&#038;p=2927"},"modified":"2025-12-11T20:23:44","modified_gmt":"2025-12-11T20:23:44","slug":"anios-aniosyme","status":"publish","type":"product","link":"https:\/\/yazmed.ma\/ar\/product\/anios-aniosyme\/","title":{"rendered":"ANIOS Aniosyme XL3 1L"},"content":{"rendered":"<p><strong>\u00a0 \u00a0 \u00a0 <img decoding=\"async\" class=\"emoji\" role=\"img\" draggable=\"false\" src=\"https:\/\/s.w.org\/images\/core\/emoji\/16.0.1\/svg\/2705.svg\" alt=\"\u2705\" \/> Mode\u00a0d&#8217;emploi\u00a0<\/strong><\/p>\n<p><strong>Dilution \u00e0 0,5 % : Verser une dose de 25 ml pour 5 litres d&rsquo;eau froide ou ti\u00e8de.<\/strong><\/p>\n<p><strong> Immerger\u00a0compl\u00e8tement\u00a0le\u00a0dispositif\u00a0m\u00e9dical.<\/strong><\/p>\n<p><strong><img decoding=\"async\" class=\"emoji\" role=\"img\" draggable=\"false\" src=\"https:\/\/s.w.org\/images\/core\/emoji\/16.0.1\/svg\/2705.svg\" alt=\"\u2705\" \/><\/strong>Temps de\u00a0trempage\u00a0conseill\u00e9\u00a0: 5 min.<\/p>\n<p><strong><img decoding=\"async\" class=\"emoji\" role=\"img\" draggable=\"false\" src=\"https:\/\/s.w.org\/images\/core\/emoji\/16.0.1\/svg\/2705.svg\" alt=\"\u2705\" \/><\/strong>Brosser\u00a0si\u00a0n\u00e9cessaire.<\/p>\n<p><strong><img decoding=\"async\" class=\"emoji\" role=\"img\" draggable=\"false\" src=\"https:\/\/s.w.org\/images\/core\/emoji\/16.0.1\/svg\/2705.svg\" alt=\"\u2705\" \/><\/strong>Pour le\u00a0mat\u00e9riel\u00a0endoscopique\u00a0: Double\u00a0nettoyage\u00a010 + 5 minutes,\u00a0Ecouvillonner<\/p>\n<p><strong><img decoding=\"async\" class=\"emoji\" role=\"img\" draggable=\"false\" src=\"https:\/\/s.w.org\/images\/core\/emoji\/16.0.1\/svg\/2705.svg\" alt=\"\u2705\" \/><\/strong>Rincer soigneusement le dispositif m\u00e9dical \u00e0 l&rsquo;eau<\/p>\n<p><strong><img decoding=\"async\" class=\"emoji\" role=\"img\" draggable=\"false\" src=\"https:\/\/s.w.org\/images\/core\/emoji\/16.0.1\/svg\/2705.svg\" alt=\"\u2705\" \/><\/strong>pour le mat\u00e9riel endoscopique : l&rsquo;ext\u00e9rieur et l&rsquo;int\u00e9rieur du dispositif m\u00e9dical<\/p>\n<p><strong><img decoding=\"async\" class=\"emoji\" role=\"img\" draggable=\"false\" src=\"https:\/\/s.w.org\/images\/core\/emoji\/16.0.1\/svg\/2705.svg\" alt=\"\u2705\" \/><\/strong>Essuyer\u00a0avec\u00a0un champ\u00a0propre.<\/p>\n<p><strong><img decoding=\"async\" class=\"emoji\" role=\"img\" draggable=\"false\" src=\"https:\/\/s.w.org\/images\/core\/emoji\/16.0.1\/svg\/2705.svg\" alt=\"\u2705\" \/><\/strong>Passer \u00e0 l&rsquo;\u00e9tape suivante (voir protocole interne \u00e0 l&rsquo;\u00e9tablissement)<\/p>\n<ul>\n<li>\n<h5><a class=\"lientep\" href=\"https:\/\/www.distrimed.com\/les-indispensables-anios.php\" target=\"_blank\" rel=\"noopener\"><strong><img decoding=\"async\" class=\"emoji\" role=\"img\" draggable=\"false\" src=\"https:\/\/s.w.org\/images\/core\/emoji\/16.0.1\/svg\/2705.svg\" alt=\"\u2705\" \/>\u00a0<\/strong>guide des produits Anios\u00a0\u00a0\u00a0<\/a><\/h5>\n<\/li>\n<\/ul>\n<p><img decoding=\"async\" class=\"\" src=\"https:\/\/www.dispoma.com\/wp-content\/uploads\/2021\/03\/anios-logo.jpg\" alt=\"ANIOS\" width=\"61\" height=\"61\" \/><\/p>","protected":false},"excerpt":{"rendered":"<h5>ANIOS Aniosyme XL3 1L<\/h5>\n<p>con\u00e7u pour le nettoyage renforc\u00e9\u00a0 avec des enzyme et pr\u00e9-d\u00e9sinfection\u00a0\u00a0des dispositifs m\u00e9dicaux,\u00a0\u00a0du mat\u00e9riel endoscopique et de l&rsquo;instrumentation m\u00e9dico-chirurgicale. Il permet \u00e9galement le nettoyage en bacs \u00e0 ultra-sons et le ramassage de l&rsquo;instrumentation souill\u00e9e.<\/p>\n<p><img decoding=\"async\" class=\"\" src=\"https:\/\/www.dispoma.com\/wp-content\/uploads\/2021\/03\/anios-logo.jpg\" alt=\"ANIOS\" width=\"61\" height=\"61\" \/><\/p>","protected":false},"featured_media":2929,"comment_status":"open","ping_status":"closed","template":"","meta":[],"product_brand":[191],"product_cat":[56],"product_tag":[],"class_list":{"0":"post-2927","1":"product","2":"type-product","3":"status-publish","4":"has-post-thumbnail","6":"product_brand-anios","7":"product_cat-sterilisation-hygiene","9":"first","10":"instock","11":"taxable","12":"shipping-taxable","13":"product-type-simple"},"yoast_head":"<!-- This site is optimized with the Yoast SEO plugin v26.9 - https:\/\/yoast.com\/product\/yoast-seo-wordpress\/ -->\n<title>ANIOS Aniosyme XL3 1L - YAZMED<\/title>\n<meta name=\"robots\" content=\"index, follow, max-snippet:-1, max-image-preview:large, max-video-preview:-1\" \/>\n<link rel=\"canonical\" href=\"https:\/\/yazmed.ma\/ar\/product\/anios-aniosyme\/\" \/>\n<meta property=\"og:locale\" content=\"ar_AR\" \/>\n<meta property=\"og:type\" content=\"article\" \/>\n<meta property=\"og:title\" content=\"ANIOS Aniosyme XL3 1L - YAZMED\" \/>\n<meta property=\"og:description\" content=\"ANIOS Aniosyme XL3 1L con\u00e7u pour le nettoyage renforc\u00e9\u00a0 avec des enzyme et pr\u00e9-d\u00e9sinfection\u00a0\u00a0des dispositifs m\u00e9dicaux,\u00a0\u00a0du mat\u00e9riel endoscopique et de l&#039;instrumentation m\u00e9dico-chirurgicale. Il permet \u00e9galement le nettoyage en bacs \u00e0 ultra-sons et le ramassage de l&#039;instrumentation souill\u00e9e.\" \/>\n<meta property=\"og:url\" content=\"https:\/\/yazmed.ma\/ar\/product\/anios-aniosyme\/\" \/>\n<meta property=\"og:site_name\" content=\"YAZMED\" \/>\n<meta property=\"article:publisher\" content=\"https:\/\/www.facebook.com\/azenkouky\" \/>\n<meta property=\"article:modified_time\" content=\"2025-12-11T20:23:44+00:00\" \/>\n<meta property=\"og:image\" content=\"https:\/\/yazmed.ma\/wp-content\/uploads\/2025\/12\/ANIOS-Aniosyme-XL3-1L.webp\" \/>\n\t<meta property=\"og:image:width\" content=\"570\" \/>\n\t<meta property=\"og:image:height\" content=\"517\" \/>\n\t<meta property=\"og:image:type\" content=\"image\/webp\" \/>\n<meta name=\"twitter:card\" content=\"summary_large_image\" \/>\n<script type=\"application\/ld+json\" class=\"yoast-schema-graph\">{\"@context\":\"https:\/\/schema.org\",\"@graph\":[{\"@type\":\"WebPage\",\"@id\":\"https:\/\/yazmed.ma\/product\/anios-aniosyme\/\",\"url\":\"https:\/\/yazmed.ma\/product\/anios-aniosyme\/\",\"name\":\"ANIOS Aniosyme XL3 1L - YAZMED\",\"isPartOf\":{\"@id\":\"https:\/\/yazmed.ma\/#website\"},\"primaryImageOfPage\":{\"@id\":\"https:\/\/yazmed.ma\/product\/anios-aniosyme\/#primaryimage\"},\"image\":{\"@id\":\"https:\/\/yazmed.ma\/product\/anios-aniosyme\/#primaryimage\"},\"thumbnailUrl\":\"https:\/\/yazmed.ma\/wp-content\/uploads\/2025\/12\/ANIOS-Aniosyme-XL3-1L.webp\",\"datePublished\":\"2025-12-11T16:53:14+00:00\",\"dateModified\":\"2025-12-11T20:23:44+00:00\",\"breadcrumb\":{\"@id\":\"https:\/\/yazmed.ma\/product\/anios-aniosyme\/#breadcrumb\"},\"inLanguage\":\"ary\",\"potentialAction\":[{\"@type\":\"ReadAction\",\"target\":[\"https:\/\/yazmed.ma\/product\/anios-aniosyme\/\"]}]},{\"@type\":\"ImageObject\",\"inLanguage\":\"ary\",\"@id\":\"https:\/\/yazmed.ma\/product\/anios-aniosyme\/#primaryimage\",\"url\":\"https:\/\/yazmed.ma\/wp-content\/uploads\/2025\/12\/ANIOS-Aniosyme-XL3-1L.webp\",\"contentUrl\":\"https:\/\/yazmed.ma\/wp-content\/uploads\/2025\/12\/ANIOS-Aniosyme-XL3-1L.webp\",\"width\":570,\"height\":517,\"caption\":\"ANIOS Aniosyme XL3 1L\"},{\"@type\":\"BreadcrumbList\",\"@id\":\"https:\/\/yazmed.ma\/product\/anios-aniosyme\/#breadcrumb\",\"itemListElement\":[{\"@type\":\"ListItem\",\"position\":1,\"name\":\"Accueil\",\"item\":\"https:\/\/yazmed.ma\/\"},{\"@type\":\"ListItem\",\"position\":2,\"name\":\"Shop\",\"item\":\"https:\/\/yazmed.ma\/shop-2\/\"},{\"@type\":\"ListItem\",\"position\":3,\"name\":\"ANIOS Aniosyme XL3 1L\"}]},{\"@type\":\"WebSite\",\"@id\":\"https:\/\/yazmed.ma\/#website\",\"url\":\"https:\/\/yazmed.ma\/\",\"name\":\"Yazmed\",\"description\":\"LEADER DU MAT\u00c9RIEL M\u00c9DICAL AU MAROC\",\"publisher\":{\"@id\":\"https:\/\/yazmed.ma\/#organization\"},\"potentialAction\":[{\"@type\":\"SearchAction\",\"target\":{\"@type\":\"EntryPoint\",\"urlTemplate\":\"https:\/\/yazmed.ma\/?s={search_term_string}\"},\"query-input\":{\"@type\":\"PropertyValueSpecification\",\"valueRequired\":true,\"valueName\":\"search_term_string\"}}],\"inLanguage\":\"ary\"},{\"@type\":\"Organization\",\"@id\":\"https:\/\/yazmed.ma\/#organization\",\"name\":\"Yazmed Healthcare\",\"url\":\"https:\/\/yazmed.ma\/\",\"logo\":{\"@type\":\"ImageObject\",\"inLanguage\":\"ary\",\"@id\":\"https:\/\/yazmed.ma\/#\/schema\/logo\/image\/\",\"url\":\"https:\/\/yazmed.ma\/wp-content\/uploads\/2024\/12\/3.png\",\"contentUrl\":\"https:\/\/yazmed.ma\/wp-content\/uploads\/2024\/12\/3.png\",\"width\":250,\"height\":70,\"caption\":\"Yazmed Healthcare\"},\"image\":{\"@id\":\"https:\/\/yazmed.ma\/#\/schema\/logo\/image\/\"},\"sameAs\":[\"https:\/\/www.facebook.com\/azenkouky\",\"https:\/\/www.instagram.com\/yazmedhealthcare\",\"https:\/\/www.linkedin.com\/in\/yazmed-healthcare-1b4955295\"]}]}<\/script>\n<!-- \/ Yoast SEO plugin. -->","yoast_head_json":{"title":"ANIOS Aniosyme XL3 1L - YAZMED","robots":{"index":"index","follow":"follow","max-snippet":"max-snippet:-1","max-image-preview":"max-image-preview:large","max-video-preview":"max-video-preview:-1"},"canonical":"https:\/\/yazmed.ma\/ar\/product\/anios-aniosyme\/","og_locale":"ar_AR","og_type":"article","og_title":"ANIOS Aniosyme XL3 1L - YAZMED","og_description":"ANIOS Aniosyme XL3 1L con\u00e7u pour le nettoyage renforc\u00e9\u00a0 avec des enzyme et pr\u00e9-d\u00e9sinfection\u00a0\u00a0des dispositifs m\u00e9dicaux,\u00a0\u00a0du mat\u00e9riel endoscopique et de l'instrumentation m\u00e9dico-chirurgicale. Il permet \u00e9galement le nettoyage en bacs \u00e0 ultra-sons et le ramassage de l'instrumentation souill\u00e9e.","og_url":"https:\/\/yazmed.ma\/ar\/product\/anios-aniosyme\/","og_site_name":"YAZMED","article_publisher":"https:\/\/www.facebook.com\/azenkouky","article_modified_time":"2025-12-11T20:23:44+00:00","og_image":[{"width":570,"height":517,"url":"https:\/\/yazmed.ma\/wp-content\/uploads\/2025\/12\/ANIOS-Aniosyme-XL3-1L.webp","type":"image\/webp"}],"twitter_card":"summary_large_image","schema":{"@context":"https:\/\/schema.org","@graph":[{"@type":"WebPage","@id":"https:\/\/yazmed.ma\/product\/anios-aniosyme\/","url":"https:\/\/yazmed.ma\/product\/anios-aniosyme\/","name":"ANIOS Aniosyme XL3 1L - YAZMED","isPartOf":{"@id":"https:\/\/yazmed.ma\/#website"},"primaryImageOfPage":{"@id":"https:\/\/yazmed.ma\/product\/anios-aniosyme\/#primaryimage"},"image":{"@id":"https:\/\/yazmed.ma\/product\/anios-aniosyme\/#primaryimage"},"thumbnailUrl":"https:\/\/yazmed.ma\/wp-content\/uploads\/2025\/12\/ANIOS-Aniosyme-XL3-1L.webp","datePublished":"2025-12-11T16:53:14+00:00","dateModified":"2025-12-11T20:23:44+00:00","breadcrumb":{"@id":"https:\/\/yazmed.ma\/product\/anios-aniosyme\/#breadcrumb"},"inLanguage":"ary","potentialAction":[{"@type":"ReadAction","target":["https:\/\/yazmed.ma\/product\/anios-aniosyme\/"]}]},{"@type":"ImageObject","inLanguage":"ary","@id":"https:\/\/yazmed.ma\/product\/anios-aniosyme\/#primaryimage","url":"https:\/\/yazmed.ma\/wp-content\/uploads\/2025\/12\/ANIOS-Aniosyme-XL3-1L.webp","contentUrl":"https:\/\/yazmed.ma\/wp-content\/uploads\/2025\/12\/ANIOS-Aniosyme-XL3-1L.webp","width":570,"height":517,"caption":"ANIOS Aniosyme XL3 1L"},{"@type":"BreadcrumbList","@id":"https:\/\/yazmed.ma\/product\/anios-aniosyme\/#breadcrumb","itemListElement":[{"@type":"ListItem","position":1,"name":"Accueil","item":"https:\/\/yazmed.ma\/"},{"@type":"ListItem","position":2,"name":"Shop","item":"https:\/\/yazmed.ma\/shop-2\/"},{"@type":"ListItem","position":3,"name":"ANIOS Aniosyme XL3 1L"}]},{"@type":"WebSite","@id":"https:\/\/yazmed.ma\/#website","url":"https:\/\/yazmed.ma\/","name":"Yazmed","description":"LEADER DU MAT\u00c9RIEL M\u00c9DICAL AU MAROC","publisher":{"@id":"https:\/\/yazmed.ma\/#organization"},"potentialAction":[{"@type":"SearchAction","target":{"@type":"EntryPoint","urlTemplate":"https:\/\/yazmed.ma\/?s={search_term_string}"},"query-input":{"@type":"PropertyValueSpecification","valueRequired":true,"valueName":"search_term_string"}}],"inLanguage":"ary"},{"@type":"Organization","@id":"https:\/\/yazmed.ma\/#organization","name":"Yazmed Healthcare","url":"https:\/\/yazmed.ma\/","logo":{"@type":"ImageObject","inLanguage":"ary","@id":"https:\/\/yazmed.ma\/#\/schema\/logo\/image\/","url":"https:\/\/yazmed.ma\/wp-content\/uploads\/2024\/12\/3.png","contentUrl":"https:\/\/yazmed.ma\/wp-content\/uploads\/2024\/12\/3.png","width":250,"height":70,"caption":"Yazmed Healthcare"},"image":{"@id":"https:\/\/yazmed.ma\/#\/schema\/logo\/image\/"},"sameAs":["https:\/\/www.facebook.com\/azenkouky","https:\/\/www.instagram.com\/yazmedhealthcare","https:\/\/www.linkedin.com\/in\/yazmed-healthcare-1b4955295"]}]}},"_links":{"self":[{"href":"https:\/\/yazmed.ma\/ar\/wp-json\/wp\/v2\/product\/2927","targetHints":{"allow":["GET"]}}],"collection":[{"href":"https:\/\/yazmed.ma\/ar\/wp-json\/wp\/v2\/product"}],"about":[{"href":"https:\/\/yazmed.ma\/ar\/wp-json\/wp\/v2\/types\/product"}],"replies":[{"embeddable":true,"href":"https:\/\/yazmed.ma\/ar\/wp-json\/wp\/v2\/comments?post=2927"}],"version-history":[{"count":1,"href":"https:\/\/yazmed.ma\/ar\/wp-json\/wp\/v2\/product\/2927\/revisions"}],"predecessor-version":[{"id":2930,"href":"https:\/\/yazmed.ma\/ar\/wp-json\/wp\/v2\/product\/2927\/revisions\/2930"}],"wp:featuredmedia":[{"embeddable":true,"href":"https:\/\/yazmed.ma\/ar\/wp-json\/wp\/v2\/media\/2929"}],"wp:attachment":[{"href":"https:\/\/yazmed.ma\/ar\/wp-json\/wp\/v2\/media?parent=2927"}],"wp:term":[{"taxonomy":"product_brand","embeddable":true,"href":"https:\/\/yazmed.ma\/ar\/wp-json\/wp\/v2\/product_brand?post=2927"},{"taxonomy":"product_cat","embeddable":true,"href":"https:\/\/yazmed.ma\/ar\/wp-json\/wp\/v2\/product_cat?post=2927"},{"taxonomy":"product_tag","embeddable":true,"href":"https:\/\/yazmed.ma\/ar\/wp-json\/wp\/v2\/product_tag?post=2927"}],"curies":[{"name":"wp","href":"https:\/\/api.w.org\/{rel}","templated":true}]}}