{"id":2914,"date":"2025-12-10T13:18:37","date_gmt":"2025-12-10T13:18:37","guid":{"rendered":"https:\/\/yazmed.ma\/?post_type=product&#038;p=2914"},"modified":"2026-02-12T09:35:53","modified_gmt":"2026-02-12T09:35:53","slug":"bactospray-solution-antiseptique-125-ml","status":"publish","type":"product","link":"https:\/\/yazmed.ma\/ar\/product\/bactospray-solution-antiseptique-125-ml\/","title":{"rendered":"\u00a0Bactospray Solution Antiseptique 125 ml\u00a0"},"content":{"rendered":"","protected":false},"excerpt":{"rendered":"<h3 data-start=\"340\" data-end=\"760\"><strong data-start=\"342\" data-end=\"391\">\u00a0Bactospray Solution Antiseptique 125 ml<\/strong><\/h3>\n<p>est une\u00a0<strong data-start=\"400\" data-end=\"443\">solution\u00a0<\/strong>\u00a0<strong data-start=\"400\" data-end=\"443\">solution d\u00e9sinfectante pr\u00eate \u00e0 l\u2019emploi<\/strong>\u00a0con\u00e7ue pour la\u00a0<strong data-start=\"459\" data-end=\"513\">d\u00e9sinfection rapide et hygi\u00e9nique de la peau saine<\/strong>\u00a0avant injection, pansement ou geste m\u00e9dical.<br data-start=\"558\" data-end=\"561\" \/>Gr\u00e2ce \u00e0 sa formule \u00e0 base d\u2019<strong data-start=\"589\" data-end=\"625\">alcool et d\u2019agents antiseptiques<\/strong>, elle assure une\u00a0<strong data-start=\"643\" data-end=\"690\">action antibact\u00e9rienne et antivirale rapide<\/strong>, tout en laissant une\u00a0<strong data-start=\"713\" data-end=\"739\">sensation de fra\u00eecheur<\/strong>\u00a0apr\u00e8s application.<\/p>\n<p>Facile \u00e0 utiliser gr\u00e2ce \u00e0 son\u00a0<strong data-start=\"792\" data-end=\"818\">format spray de 125 ml<\/strong>, le\u00a0<strong data-start=\"823\" data-end=\"843\">Bactospray ADDAX<\/strong>\u00a0est id\u00e9al pour un\u00a0<strong data-start=\"862\" data-end=\"906\">usage professionnel (m\u00e9dical, infirmier)<\/strong>\u00a0ou domestique.<b><a title=\"\" href=\"https:\/\/fr.wikipedia.org\/wiki\/D%C3%A9sinfection\">d\u00e9sinfection<\/a>\u00a0<\/b><\/p>\n<p data-start=\"762\" data-end=\"923\"><img decoding=\"async\" class=\"\" src=\"https:\/\/parapharma.ma\/img\/m\/5.jpg\" width=\"100\" height=\"100\" \/><\/p>","protected":false},"featured_media":2915,"comment_status":"open","ping_status":"closed","template":"","meta":[],"product_brand":[],"product_cat":[56],"product_tag":[],"class_list":{"0":"post-2914","1":"product","2":"type-product","3":"status-publish","4":"has-post-thumbnail","6":"product_cat-sterilisation-hygiene","8":"first","9":"instock","10":"taxable","11":"shipping-taxable","12":"purchasable","13":"product-type-simple"},"yoast_head":"<!-- This site is optimized with the Yoast SEO plugin v26.9 - https:\/\/yoast.com\/product\/yoast-seo-wordpress\/ -->\n<title>\u00a0Bactospray Solution Antiseptique 125 ml\u00a0 - YAZMED<\/title>\n<meta name=\"robots\" content=\"index, follow, max-snippet:-1, max-image-preview:large, max-video-preview:-1\" \/>\n<link rel=\"canonical\" href=\"https:\/\/yazmed.ma\/ar\/product\/bactospray-solution-antiseptique-125-ml\/\" \/>\n<meta property=\"og:locale\" content=\"ar_AR\" \/>\n<meta property=\"og:type\" content=\"article\" \/>\n<meta property=\"og:title\" content=\"\u00a0Bactospray Solution Antiseptique 125 ml\u00a0 - YAZMED\" \/>\n<meta property=\"og:description\" content=\"\u00a0Bactospray Solution Antiseptique 125 ml est une\u00a0solution\u00a0\u00a0solution d\u00e9sinfectante pr\u00eate \u00e0 l\u2019emploi\u00a0con\u00e7ue pour la\u00a0d\u00e9sinfection rapide et hygi\u00e9nique de la peau saine\u00a0avant injection, pansement ou geste m\u00e9dical.Gr\u00e2ce \u00e0 sa formule \u00e0 base d\u2019alcool et d\u2019agents antiseptiques, elle assure une\u00a0action antibact\u00e9rienne et antivirale rapide, tout en laissant une\u00a0sensation de fra\u00eecheur\u00a0apr\u00e8s application.  Facile \u00e0 utiliser gr\u00e2ce \u00e0 son\u00a0format spray de 125 ml, le\u00a0Bactospray ADDAX\u00a0est id\u00e9al pour un\u00a0usage professionnel (m\u00e9dical, infirmier)\u00a0ou domestique.d\u00e9sinfection\u00a0\" \/>\n<meta property=\"og:url\" content=\"https:\/\/yazmed.ma\/ar\/product\/bactospray-solution-antiseptique-125-ml\/\" \/>\n<meta property=\"og:site_name\" content=\"YAZMED\" \/>\n<meta property=\"article:publisher\" content=\"https:\/\/www.facebook.com\/azenkouky\" \/>\n<meta property=\"article:modified_time\" content=\"2026-02-12T09:35:53+00:00\" \/>\n<meta property=\"og:image\" content=\"https:\/\/yazmed.ma\/wp-content\/uploads\/2025\/12\/ADDAX-Bactospray-125-ml-Antiseptique-Maroc.webp\" \/>\n\t<meta property=\"og:image:width\" content=\"1200\" \/>\n\t<meta property=\"og:image:height\" content=\"1372\" \/>\n\t<meta property=\"og:image:type\" content=\"image\/webp\" \/>\n<meta name=\"twitter:card\" content=\"summary_large_image\" \/>\n<meta name=\"twitter:label1\" content=\"Est. reading time\" \/>\n\t<meta name=\"twitter:data1\" content=\"1 minute\" \/>\n<script type=\"application\/ld+json\" class=\"yoast-schema-graph\">{\"@context\":\"https:\/\/schema.org\",\"@graph\":[{\"@type\":\"WebPage\",\"@id\":\"https:\/\/yazmed.ma\/product\/bactospray-solution-antiseptique-125-ml\/\",\"url\":\"https:\/\/yazmed.ma\/product\/bactospray-solution-antiseptique-125-ml\/\",\"name\":\"\u00a0Bactospray Solution Antiseptique 125 ml\u00a0 - YAZMED\",\"isPartOf\":{\"@id\":\"https:\/\/yazmed.ma\/#website\"},\"primaryImageOfPage\":{\"@id\":\"https:\/\/yazmed.ma\/product\/bactospray-solution-antiseptique-125-ml\/#primaryimage\"},\"image\":{\"@id\":\"https:\/\/yazmed.ma\/product\/bactospray-solution-antiseptique-125-ml\/#primaryimage\"},\"thumbnailUrl\":\"https:\/\/yazmed.ma\/wp-content\/uploads\/2025\/12\/ADDAX-Bactospray-125-ml-Antiseptique-Maroc.webp\",\"datePublished\":\"2025-12-10T13:18:37+00:00\",\"dateModified\":\"2026-02-12T09:35:53+00:00\",\"breadcrumb\":{\"@id\":\"https:\/\/yazmed.ma\/product\/bactospray-solution-antiseptique-125-ml\/#breadcrumb\"},\"inLanguage\":\"ary\",\"potentialAction\":[{\"@type\":\"ReadAction\",\"target\":[\"https:\/\/yazmed.ma\/product\/bactospray-solution-antiseptique-125-ml\/\"]}]},{\"@type\":\"ImageObject\",\"inLanguage\":\"ary\",\"@id\":\"https:\/\/yazmed.ma\/product\/bactospray-solution-antiseptique-125-ml\/#primaryimage\",\"url\":\"https:\/\/yazmed.ma\/wp-content\/uploads\/2025\/12\/ADDAX-Bactospray-125-ml-Antiseptique-Maroc.webp\",\"contentUrl\":\"https:\/\/yazmed.ma\/wp-content\/uploads\/2025\/12\/ADDAX-Bactospray-125-ml-Antiseptique-Maroc.webp\",\"width\":1200,\"height\":1372,\"caption\":\"\u00a0Bactospray Solution Antiseptique 125 ml\u00a0\"},{\"@type\":\"BreadcrumbList\",\"@id\":\"https:\/\/yazmed.ma\/product\/bactospray-solution-antiseptique-125-ml\/#breadcrumb\",\"itemListElement\":[{\"@type\":\"ListItem\",\"position\":1,\"name\":\"Accueil\",\"item\":\"https:\/\/yazmed.ma\/\"},{\"@type\":\"ListItem\",\"position\":2,\"name\":\"Shop\",\"item\":\"https:\/\/yazmed.ma\/shop-2\/\"},{\"@type\":\"ListItem\",\"position\":3,\"name\":\"\u00a0Bactospray Solution Antiseptique 125 ml\u00a0\"}]},{\"@type\":\"WebSite\",\"@id\":\"https:\/\/yazmed.ma\/#website\",\"url\":\"https:\/\/yazmed.ma\/\",\"name\":\"Yazmed\",\"description\":\"LEADER DU MAT\u00c9RIEL M\u00c9DICAL AU MAROC\",\"publisher\":{\"@id\":\"https:\/\/yazmed.ma\/#organization\"},\"potentialAction\":[{\"@type\":\"SearchAction\",\"target\":{\"@type\":\"EntryPoint\",\"urlTemplate\":\"https:\/\/yazmed.ma\/?s={search_term_string}\"},\"query-input\":{\"@type\":\"PropertyValueSpecification\",\"valueRequired\":true,\"valueName\":\"search_term_string\"}}],\"inLanguage\":\"ary\"},{\"@type\":\"Organization\",\"@id\":\"https:\/\/yazmed.ma\/#organization\",\"name\":\"Yazmed Healthcare\",\"url\":\"https:\/\/yazmed.ma\/\",\"logo\":{\"@type\":\"ImageObject\",\"inLanguage\":\"ary\",\"@id\":\"https:\/\/yazmed.ma\/#\/schema\/logo\/image\/\",\"url\":\"https:\/\/yazmed.ma\/wp-content\/uploads\/2024\/12\/3.png\",\"contentUrl\":\"https:\/\/yazmed.ma\/wp-content\/uploads\/2024\/12\/3.png\",\"width\":250,\"height\":70,\"caption\":\"Yazmed Healthcare\"},\"image\":{\"@id\":\"https:\/\/yazmed.ma\/#\/schema\/logo\/image\/\"},\"sameAs\":[\"https:\/\/www.facebook.com\/azenkouky\",\"https:\/\/www.instagram.com\/yazmedhealthcare\",\"https:\/\/www.linkedin.com\/in\/yazmed-healthcare-1b4955295\"]}]}<\/script>\n<!-- \/ Yoast SEO plugin. -->","yoast_head_json":{"title":"\u00a0Bactospray Solution Antiseptique 125 ml\u00a0 - YAZMED","robots":{"index":"index","follow":"follow","max-snippet":"max-snippet:-1","max-image-preview":"max-image-preview:large","max-video-preview":"max-video-preview:-1"},"canonical":"https:\/\/yazmed.ma\/ar\/product\/bactospray-solution-antiseptique-125-ml\/","og_locale":"ar_AR","og_type":"article","og_title":"\u00a0Bactospray Solution Antiseptique 125 ml\u00a0 - YAZMED","og_description":"\u00a0Bactospray Solution Antiseptique 125 ml est une\u00a0solution\u00a0\u00a0solution d\u00e9sinfectante pr\u00eate \u00e0 l\u2019emploi\u00a0con\u00e7ue pour la\u00a0d\u00e9sinfection rapide et hygi\u00e9nique de la peau saine\u00a0avant injection, pansement ou geste m\u00e9dical.Gr\u00e2ce \u00e0 sa formule \u00e0 base d\u2019alcool et d\u2019agents antiseptiques, elle assure une\u00a0action antibact\u00e9rienne et antivirale rapide, tout en laissant une\u00a0sensation de fra\u00eecheur\u00a0apr\u00e8s application.  Facile \u00e0 utiliser gr\u00e2ce \u00e0 son\u00a0format spray de 125 ml, le\u00a0Bactospray ADDAX\u00a0est id\u00e9al pour un\u00a0usage professionnel (m\u00e9dical, infirmier)\u00a0ou domestique.d\u00e9sinfection\u00a0","og_url":"https:\/\/yazmed.ma\/ar\/product\/bactospray-solution-antiseptique-125-ml\/","og_site_name":"YAZMED","article_publisher":"https:\/\/www.facebook.com\/azenkouky","article_modified_time":"2026-02-12T09:35:53+00:00","og_image":[{"width":1200,"height":1372,"url":"https:\/\/yazmed.ma\/wp-content\/uploads\/2025\/12\/ADDAX-Bactospray-125-ml-Antiseptique-Maroc.webp","type":"image\/webp"}],"twitter_card":"summary_large_image","twitter_misc":{"Est. reading time":"1 minute"},"schema":{"@context":"https:\/\/schema.org","@graph":[{"@type":"WebPage","@id":"https:\/\/yazmed.ma\/product\/bactospray-solution-antiseptique-125-ml\/","url":"https:\/\/yazmed.ma\/product\/bactospray-solution-antiseptique-125-ml\/","name":"\u00a0Bactospray Solution Antiseptique 125 ml\u00a0 - YAZMED","isPartOf":{"@id":"https:\/\/yazmed.ma\/#website"},"primaryImageOfPage":{"@id":"https:\/\/yazmed.ma\/product\/bactospray-solution-antiseptique-125-ml\/#primaryimage"},"image":{"@id":"https:\/\/yazmed.ma\/product\/bactospray-solution-antiseptique-125-ml\/#primaryimage"},"thumbnailUrl":"https:\/\/yazmed.ma\/wp-content\/uploads\/2025\/12\/ADDAX-Bactospray-125-ml-Antiseptique-Maroc.webp","datePublished":"2025-12-10T13:18:37+00:00","dateModified":"2026-02-12T09:35:53+00:00","breadcrumb":{"@id":"https:\/\/yazmed.ma\/product\/bactospray-solution-antiseptique-125-ml\/#breadcrumb"},"inLanguage":"ary","potentialAction":[{"@type":"ReadAction","target":["https:\/\/yazmed.ma\/product\/bactospray-solution-antiseptique-125-ml\/"]}]},{"@type":"ImageObject","inLanguage":"ary","@id":"https:\/\/yazmed.ma\/product\/bactospray-solution-antiseptique-125-ml\/#primaryimage","url":"https:\/\/yazmed.ma\/wp-content\/uploads\/2025\/12\/ADDAX-Bactospray-125-ml-Antiseptique-Maroc.webp","contentUrl":"https:\/\/yazmed.ma\/wp-content\/uploads\/2025\/12\/ADDAX-Bactospray-125-ml-Antiseptique-Maroc.webp","width":1200,"height":1372,"caption":"\u00a0Bactospray Solution Antiseptique 125 ml\u00a0"},{"@type":"BreadcrumbList","@id":"https:\/\/yazmed.ma\/product\/bactospray-solution-antiseptique-125-ml\/#breadcrumb","itemListElement":[{"@type":"ListItem","position":1,"name":"Accueil","item":"https:\/\/yazmed.ma\/"},{"@type":"ListItem","position":2,"name":"Shop","item":"https:\/\/yazmed.ma\/shop-2\/"},{"@type":"ListItem","position":3,"name":"\u00a0Bactospray Solution Antiseptique 125 ml\u00a0"}]},{"@type":"WebSite","@id":"https:\/\/yazmed.ma\/#website","url":"https:\/\/yazmed.ma\/","name":"Yazmed","description":"LEADER DU MAT\u00c9RIEL M\u00c9DICAL AU MAROC","publisher":{"@id":"https:\/\/yazmed.ma\/#organization"},"potentialAction":[{"@type":"SearchAction","target":{"@type":"EntryPoint","urlTemplate":"https:\/\/yazmed.ma\/?s={search_term_string}"},"query-input":{"@type":"PropertyValueSpecification","valueRequired":true,"valueName":"search_term_string"}}],"inLanguage":"ary"},{"@type":"Organization","@id":"https:\/\/yazmed.ma\/#organization","name":"Yazmed Healthcare","url":"https:\/\/yazmed.ma\/","logo":{"@type":"ImageObject","inLanguage":"ary","@id":"https:\/\/yazmed.ma\/#\/schema\/logo\/image\/","url":"https:\/\/yazmed.ma\/wp-content\/uploads\/2024\/12\/3.png","contentUrl":"https:\/\/yazmed.ma\/wp-content\/uploads\/2024\/12\/3.png","width":250,"height":70,"caption":"Yazmed Healthcare"},"image":{"@id":"https:\/\/yazmed.ma\/#\/schema\/logo\/image\/"},"sameAs":["https:\/\/www.facebook.com\/azenkouky","https:\/\/www.instagram.com\/yazmedhealthcare","https:\/\/www.linkedin.com\/in\/yazmed-healthcare-1b4955295"]}]}},"_links":{"self":[{"href":"https:\/\/yazmed.ma\/ar\/wp-json\/wp\/v2\/product\/2914","targetHints":{"allow":["GET"]}}],"collection":[{"href":"https:\/\/yazmed.ma\/ar\/wp-json\/wp\/v2\/product"}],"about":[{"href":"https:\/\/yazmed.ma\/ar\/wp-json\/wp\/v2\/types\/product"}],"replies":[{"embeddable":true,"href":"https:\/\/yazmed.ma\/ar\/wp-json\/wp\/v2\/comments?post=2914"}],"version-history":[{"count":0,"href":"https:\/\/yazmed.ma\/ar\/wp-json\/wp\/v2\/product\/2914\/revisions"}],"wp:featuredmedia":[{"embeddable":true,"href":"https:\/\/yazmed.ma\/ar\/wp-json\/wp\/v2\/media\/2915"}],"wp:attachment":[{"href":"https:\/\/yazmed.ma\/ar\/wp-json\/wp\/v2\/media?parent=2914"}],"wp:term":[{"taxonomy":"product_brand","embeddable":true,"href":"https:\/\/yazmed.ma\/ar\/wp-json\/wp\/v2\/product_brand?post=2914"},{"taxonomy":"product_cat","embeddable":true,"href":"https:\/\/yazmed.ma\/ar\/wp-json\/wp\/v2\/product_cat?post=2914"},{"taxonomy":"product_tag","embeddable":true,"href":"https:\/\/yazmed.ma\/ar\/wp-json\/wp\/v2\/product_tag?post=2914"}],"curies":[{"name":"wp","href":"https:\/\/api.w.org\/{rel}","templated":true}]}}