{"id":2884,"date":"2025-12-10T10:51:39","date_gmt":"2025-12-10T10:51:39","guid":{"rendered":"https:\/\/yazmed.ma\/?post_type=product&#038;p=2884"},"modified":"2025-12-10T17:03:39","modified_gmt":"2025-12-10T17:03:39","slug":"gants-latex-steriles-50-p","status":"publish","type":"product","link":"https:\/\/yazmed.ma\/ar\/product\/gants-latex-steriles-50-p\/","title":{"rendered":"Gants Latex St\u00e9riles\u00a0 50 P"},"content":{"rendered":"<p><strong> <img decoding=\"async\" class=\"emoji\" role=\"img\" draggable=\"false\" src=\"https:\/\/s.w.org\/images\/core\/emoji\/16.0.1\/svg\/2705.svg\" alt=\"\u2705\" \/>\u00a0Caract\u00e9ristiques principales :<\/strong><\/p>\n<p><strong><img decoding=\"async\" class=\"emoji\" role=\"img\" draggable=\"false\" src=\"https:\/\/s.w.org\/images\/core\/emoji\/16.0.1\/svg\/2705.svg\" alt=\"\u2705\" \/>\u00a0Mati\u00e8re<\/strong>\u00a0: Latex blanc souple et r\u00e9sistant<\/p>\n<p><strong><img decoding=\"async\" class=\"emoji\" role=\"img\" draggable=\"false\" src=\"https:\/\/s.w.org\/images\/core\/emoji\/16.0.1\/svg\/2705.svg\" alt=\"\u2705\" \/>\u00a0St\u00e9rilit\u00e9<\/strong>\u00a0: Gants st\u00e9riles pour une utilisation m\u00e9dicale s\u00e9curis\u00e9e<\/p>\n<p>&nbsp;<\/p>\n<p><strong><img decoding=\"async\" class=\"\" src=\"https:\/\/www.dispoma.com\/wp-content\/uploads\/2020\/07\/logo-pharco.jpg\" alt=\"PHARCO\" width=\"64\" height=\"64\" \/><br \/>\n<\/strong><\/p>\n<p>&nbsp;<\/p>","protected":false},"excerpt":{"rendered":"<h3>Les\u00a0<strong>Gants latex st\u00e9riles 50P\u00a0<\/strong><\/h3>\n<p>sont con\u00e7us pour r\u00e9pondre aux exigences des professionnels de sant\u00e9 en offrant une protection maximale tout en garantissant un confort d\u2019utilisation optimal. Fabriqu\u00e9s en\u00a0<strong><a href=\"https:\/\/fr.wikipedia.org\/wiki\/LaTeX\">latex<\/a> <\/strong>, coffrent une excellente durabilit\u00e9 et une grande flexibilit\u00e9, permettant une manipulation pr\u00e9cise lors des proc\u00e9dures m\u00e9dicales.<\/p>\n<p>Gr\u00e2ce \u00e0 leur\u00a0<strong>forme anatomique<\/strong>,\u00a0 r\u00e9duisant la fatigue li\u00e9e \u00e0 une utilisation prolong\u00e9e. Leur <strong>surface micro-piqu\u00e9e<\/strong> am\u00e9liore la prise en main,<\/p>\n<p><strong><img decoding=\"async\" class=\"\" src=\"https:\/\/www.dispoma.com\/wp-content\/uploads\/2020\/07\/logo-pharco.jpg\" alt=\"PHARCO\" width=\"64\" height=\"64\" \/><\/strong><\/p>\n<p>&nbsp;<\/p>","protected":false},"featured_media":2885,"comment_status":"open","ping_status":"closed","template":"","meta":[],"product_brand":[],"product_cat":[52],"product_tag":[],"class_list":{"0":"post-2884","1":"product","2":"type-product","3":"status-publish","4":"has-post-thumbnail","6":"product_cat-consommable-medical","8":"first","9":"instock","10":"taxable","11":"shipping-taxable","12":"purchasable","13":"product-type-variable"},"yoast_head":"<!-- This site is optimized with the Yoast SEO plugin v26.9 - https:\/\/yoast.com\/product\/yoast-seo-wordpress\/ -->\n<title>Gants Latex St\u00e9riles\u00a0 50 P - YAZMED<\/title>\n<meta name=\"robots\" content=\"index, follow, max-snippet:-1, max-image-preview:large, max-video-preview:-1\" \/>\n<link rel=\"canonical\" href=\"https:\/\/yazmed.ma\/ar\/product\/gants-latex-steriles-50-p\/\" \/>\n<meta property=\"og:locale\" content=\"ar_AR\" \/>\n<meta property=\"og:type\" content=\"article\" \/>\n<meta property=\"og:title\" content=\"Gants Latex St\u00e9riles\u00a0 50 P - YAZMED\" \/>\n<meta property=\"og:description\" content=\"Les\u00a0Gants latex st\u00e9riles 50P\u00a0 sont con\u00e7us pour r\u00e9pondre aux exigences des professionnels de sant\u00e9 en offrant une protection maximale tout en garantissant un confort d\u2019utilisation optimal. Fabriqu\u00e9s en\u00a0latex , coffrent une excellente durabilit\u00e9 et une grande flexibilit\u00e9, permettant une manipulation pr\u00e9cise lors des proc\u00e9dures m\u00e9dicales.  Gr\u00e2ce \u00e0 leur\u00a0forme anatomique,\u00a0 r\u00e9duisant la fatigue li\u00e9e \u00e0 une utilisation prolong\u00e9e. Leur surface micro-piqu\u00e9e am\u00e9liore la prise en main,    &nbsp;\" \/>\n<meta property=\"og:url\" content=\"https:\/\/yazmed.ma\/ar\/product\/gants-latex-steriles-50-p\/\" \/>\n<meta property=\"og:site_name\" content=\"YAZMED\" \/>\n<meta property=\"article:publisher\" content=\"https:\/\/www.facebook.com\/azenkouky\" \/>\n<meta property=\"article:modified_time\" content=\"2025-12-10T17:03:39+00:00\" \/>\n<meta property=\"og:image\" content=\"https:\/\/yazmed.ma\/wp-content\/uploads\/2025\/12\/Gants-Latex-Steriles-50-P.webp\" \/>\n\t<meta property=\"og:image:width\" content=\"570\" \/>\n\t<meta property=\"og:image:height\" content=\"517\" \/>\n\t<meta property=\"og:image:type\" content=\"image\/webp\" \/>\n<meta name=\"twitter:card\" content=\"summary_large_image\" \/>\n<script type=\"application\/ld+json\" class=\"yoast-schema-graph\">{\"@context\":\"https:\/\/schema.org\",\"@graph\":[{\"@type\":\"WebPage\",\"@id\":\"https:\/\/yazmed.ma\/product\/gants-latex-steriles-50-p\/\",\"url\":\"https:\/\/yazmed.ma\/product\/gants-latex-steriles-50-p\/\",\"name\":\"Gants Latex St\u00e9riles\u00a0 50 P - YAZMED\",\"isPartOf\":{\"@id\":\"https:\/\/yazmed.ma\/#website\"},\"primaryImageOfPage\":{\"@id\":\"https:\/\/yazmed.ma\/product\/gants-latex-steriles-50-p\/#primaryimage\"},\"image\":{\"@id\":\"https:\/\/yazmed.ma\/product\/gants-latex-steriles-50-p\/#primaryimage\"},\"thumbnailUrl\":\"https:\/\/yazmed.ma\/wp-content\/uploads\/2025\/12\/Gants-Latex-Steriles-50-P.webp\",\"datePublished\":\"2025-12-10T10:51:39+00:00\",\"dateModified\":\"2025-12-10T17:03:39+00:00\",\"breadcrumb\":{\"@id\":\"https:\/\/yazmed.ma\/product\/gants-latex-steriles-50-p\/#breadcrumb\"},\"inLanguage\":\"ary\",\"potentialAction\":[{\"@type\":\"ReadAction\",\"target\":[\"https:\/\/yazmed.ma\/product\/gants-latex-steriles-50-p\/\"]}]},{\"@type\":\"ImageObject\",\"inLanguage\":\"ary\",\"@id\":\"https:\/\/yazmed.ma\/product\/gants-latex-steriles-50-p\/#primaryimage\",\"url\":\"https:\/\/yazmed.ma\/wp-content\/uploads\/2025\/12\/Gants-Latex-Steriles-50-P.webp\",\"contentUrl\":\"https:\/\/yazmed.ma\/wp-content\/uploads\/2025\/12\/Gants-Latex-Steriles-50-P.webp\",\"width\":570,\"height\":517,\"caption\":\"Gants Latex St\u00e9riles\u00a0 50 P\"},{\"@type\":\"BreadcrumbList\",\"@id\":\"https:\/\/yazmed.ma\/product\/gants-latex-steriles-50-p\/#breadcrumb\",\"itemListElement\":[{\"@type\":\"ListItem\",\"position\":1,\"name\":\"Accueil\",\"item\":\"https:\/\/yazmed.ma\/\"},{\"@type\":\"ListItem\",\"position\":2,\"name\":\"Shop\",\"item\":\"https:\/\/yazmed.ma\/shop-2\/\"},{\"@type\":\"ListItem\",\"position\":3,\"name\":\"Gants Latex St\u00e9riles\u00a0 50 P\"}]},{\"@type\":\"WebSite\",\"@id\":\"https:\/\/yazmed.ma\/#website\",\"url\":\"https:\/\/yazmed.ma\/\",\"name\":\"Yazmed\",\"description\":\"LEADER DU MAT\u00c9RIEL M\u00c9DICAL AU MAROC\",\"publisher\":{\"@id\":\"https:\/\/yazmed.ma\/#organization\"},\"potentialAction\":[{\"@type\":\"SearchAction\",\"target\":{\"@type\":\"EntryPoint\",\"urlTemplate\":\"https:\/\/yazmed.ma\/?s={search_term_string}\"},\"query-input\":{\"@type\":\"PropertyValueSpecification\",\"valueRequired\":true,\"valueName\":\"search_term_string\"}}],\"inLanguage\":\"ary\"},{\"@type\":\"Organization\",\"@id\":\"https:\/\/yazmed.ma\/#organization\",\"name\":\"Yazmed Healthcare\",\"url\":\"https:\/\/yazmed.ma\/\",\"logo\":{\"@type\":\"ImageObject\",\"inLanguage\":\"ary\",\"@id\":\"https:\/\/yazmed.ma\/#\/schema\/logo\/image\/\",\"url\":\"https:\/\/yazmed.ma\/wp-content\/uploads\/2024\/12\/3.png\",\"contentUrl\":\"https:\/\/yazmed.ma\/wp-content\/uploads\/2024\/12\/3.png\",\"width\":250,\"height\":70,\"caption\":\"Yazmed Healthcare\"},\"image\":{\"@id\":\"https:\/\/yazmed.ma\/#\/schema\/logo\/image\/\"},\"sameAs\":[\"https:\/\/www.facebook.com\/azenkouky\",\"https:\/\/www.instagram.com\/yazmedhealthcare\",\"https:\/\/www.linkedin.com\/in\/yazmed-healthcare-1b4955295\"]}]}<\/script>\n<!-- \/ Yoast SEO plugin. -->","yoast_head_json":{"title":"Gants Latex St\u00e9riles\u00a0 50 P - YAZMED","robots":{"index":"index","follow":"follow","max-snippet":"max-snippet:-1","max-image-preview":"max-image-preview:large","max-video-preview":"max-video-preview:-1"},"canonical":"https:\/\/yazmed.ma\/ar\/product\/gants-latex-steriles-50-p\/","og_locale":"ar_AR","og_type":"article","og_title":"Gants Latex St\u00e9riles\u00a0 50 P - YAZMED","og_description":"Les\u00a0Gants latex st\u00e9riles 50P\u00a0 sont con\u00e7us pour r\u00e9pondre aux exigences des professionnels de sant\u00e9 en offrant une protection maximale tout en garantissant un confort d\u2019utilisation optimal. Fabriqu\u00e9s en\u00a0latex , coffrent une excellente durabilit\u00e9 et une grande flexibilit\u00e9, permettant une manipulation pr\u00e9cise lors des proc\u00e9dures m\u00e9dicales.  Gr\u00e2ce \u00e0 leur\u00a0forme anatomique,\u00a0 r\u00e9duisant la fatigue li\u00e9e \u00e0 une utilisation prolong\u00e9e. Leur surface micro-piqu\u00e9e am\u00e9liore la prise en main,    &nbsp;","og_url":"https:\/\/yazmed.ma\/ar\/product\/gants-latex-steriles-50-p\/","og_site_name":"YAZMED","article_publisher":"https:\/\/www.facebook.com\/azenkouky","article_modified_time":"2025-12-10T17:03:39+00:00","og_image":[{"width":570,"height":517,"url":"https:\/\/yazmed.ma\/wp-content\/uploads\/2025\/12\/Gants-Latex-Steriles-50-P.webp","type":"image\/webp"}],"twitter_card":"summary_large_image","schema":{"@context":"https:\/\/schema.org","@graph":[{"@type":"WebPage","@id":"https:\/\/yazmed.ma\/product\/gants-latex-steriles-50-p\/","url":"https:\/\/yazmed.ma\/product\/gants-latex-steriles-50-p\/","name":"Gants Latex St\u00e9riles\u00a0 50 P - YAZMED","isPartOf":{"@id":"https:\/\/yazmed.ma\/#website"},"primaryImageOfPage":{"@id":"https:\/\/yazmed.ma\/product\/gants-latex-steriles-50-p\/#primaryimage"},"image":{"@id":"https:\/\/yazmed.ma\/product\/gants-latex-steriles-50-p\/#primaryimage"},"thumbnailUrl":"https:\/\/yazmed.ma\/wp-content\/uploads\/2025\/12\/Gants-Latex-Steriles-50-P.webp","datePublished":"2025-12-10T10:51:39+00:00","dateModified":"2025-12-10T17:03:39+00:00","breadcrumb":{"@id":"https:\/\/yazmed.ma\/product\/gants-latex-steriles-50-p\/#breadcrumb"},"inLanguage":"ary","potentialAction":[{"@type":"ReadAction","target":["https:\/\/yazmed.ma\/product\/gants-latex-steriles-50-p\/"]}]},{"@type":"ImageObject","inLanguage":"ary","@id":"https:\/\/yazmed.ma\/product\/gants-latex-steriles-50-p\/#primaryimage","url":"https:\/\/yazmed.ma\/wp-content\/uploads\/2025\/12\/Gants-Latex-Steriles-50-P.webp","contentUrl":"https:\/\/yazmed.ma\/wp-content\/uploads\/2025\/12\/Gants-Latex-Steriles-50-P.webp","width":570,"height":517,"caption":"Gants Latex St\u00e9riles\u00a0 50 P"},{"@type":"BreadcrumbList","@id":"https:\/\/yazmed.ma\/product\/gants-latex-steriles-50-p\/#breadcrumb","itemListElement":[{"@type":"ListItem","position":1,"name":"Accueil","item":"https:\/\/yazmed.ma\/"},{"@type":"ListItem","position":2,"name":"Shop","item":"https:\/\/yazmed.ma\/shop-2\/"},{"@type":"ListItem","position":3,"name":"Gants Latex St\u00e9riles\u00a0 50 P"}]},{"@type":"WebSite","@id":"https:\/\/yazmed.ma\/#website","url":"https:\/\/yazmed.ma\/","name":"Yazmed","description":"LEADER DU MAT\u00c9RIEL M\u00c9DICAL AU MAROC","publisher":{"@id":"https:\/\/yazmed.ma\/#organization"},"potentialAction":[{"@type":"SearchAction","target":{"@type":"EntryPoint","urlTemplate":"https:\/\/yazmed.ma\/?s={search_term_string}"},"query-input":{"@type":"PropertyValueSpecification","valueRequired":true,"valueName":"search_term_string"}}],"inLanguage":"ary"},{"@type":"Organization","@id":"https:\/\/yazmed.ma\/#organization","name":"Yazmed Healthcare","url":"https:\/\/yazmed.ma\/","logo":{"@type":"ImageObject","inLanguage":"ary","@id":"https:\/\/yazmed.ma\/#\/schema\/logo\/image\/","url":"https:\/\/yazmed.ma\/wp-content\/uploads\/2024\/12\/3.png","contentUrl":"https:\/\/yazmed.ma\/wp-content\/uploads\/2024\/12\/3.png","width":250,"height":70,"caption":"Yazmed Healthcare"},"image":{"@id":"https:\/\/yazmed.ma\/#\/schema\/logo\/image\/"},"sameAs":["https:\/\/www.facebook.com\/azenkouky","https:\/\/www.instagram.com\/yazmedhealthcare","https:\/\/www.linkedin.com\/in\/yazmed-healthcare-1b4955295"]}]}},"_links":{"self":[{"href":"https:\/\/yazmed.ma\/ar\/wp-json\/wp\/v2\/product\/2884","targetHints":{"allow":["GET"]}}],"collection":[{"href":"https:\/\/yazmed.ma\/ar\/wp-json\/wp\/v2\/product"}],"about":[{"href":"https:\/\/yazmed.ma\/ar\/wp-json\/wp\/v2\/types\/product"}],"replies":[{"embeddable":true,"href":"https:\/\/yazmed.ma\/ar\/wp-json\/wp\/v2\/comments?post=2884"}],"version-history":[{"count":1,"href":"https:\/\/yazmed.ma\/ar\/wp-json\/wp\/v2\/product\/2884\/revisions"}],"predecessor-version":[{"id":2890,"href":"https:\/\/yazmed.ma\/ar\/wp-json\/wp\/v2\/product\/2884\/revisions\/2890"}],"wp:featuredmedia":[{"embeddable":true,"href":"https:\/\/yazmed.ma\/ar\/wp-json\/wp\/v2\/media\/2885"}],"wp:attachment":[{"href":"https:\/\/yazmed.ma\/ar\/wp-json\/wp\/v2\/media?parent=2884"}],"wp:term":[{"taxonomy":"product_brand","embeddable":true,"href":"https:\/\/yazmed.ma\/ar\/wp-json\/wp\/v2\/product_brand?post=2884"},{"taxonomy":"product_cat","embeddable":true,"href":"https:\/\/yazmed.ma\/ar\/wp-json\/wp\/v2\/product_cat?post=2884"},{"taxonomy":"product_tag","embeddable":true,"href":"https:\/\/yazmed.ma\/ar\/wp-json\/wp\/v2\/product_tag?post=2884"}],"curies":[{"name":"wp","href":"https:\/\/api.w.org\/{rel}","templated":true}]}}