{"id":2879,"date":"2025-12-10T10:21:19","date_gmt":"2025-12-10T10:21:19","guid":{"rendered":"https:\/\/yazmed.ma\/?post_type=product&#038;p=2879"},"modified":"2025-12-10T10:28:48","modified_gmt":"2025-12-10T10:28:48","slug":"gants-en-nitrile-bleu","status":"publish","type":"product","link":"https:\/\/yazmed.ma\/ar\/product\/gants-en-nitrile-bleu\/","title":{"rendered":"Gants en Nitrile Bleu 100 P"},"content":{"rendered":"","protected":false},"excerpt":{"rendered":"<h3>Gants en Nitrile Bleu<\/h3>\n<p><b><a title=\"Gant\" href=\"https:\/\/fr.wikipedia.org\/wiki\/Gant\">gants<\/a>\u00a0<a title=\"M\u00e9decine\" href=\"https:\/\/fr.wikipedia.org\/wiki\/M%C3%A9decine\">m\u00e9dico<\/a>&#8211;<a title=\"Chirurgie\" href=\"https:\/\/fr.wikipedia.org\/wiki\/Chirurgie\">chirurgicaux<\/a><\/b> sont utilis\u00e9s dans le monde m\u00e9dical pour prot\u00e9ger les patients et les soignants des infections transmissibles.<\/p>\n<ul>\n<li><strong>Protection Sup\u00e9rieure :<\/strong>\u00a0R\u00e9sistants aux produits chimiques, aux perforations, et aux d\u00e9chirures, ils assurent une protection efficace contre divers risques.<\/li>\n<li><strong>Confort Ergonomique :<\/strong>\u00a0Leur design ajust\u00e9 et flexible garantit une aisance maximale et r\u00e9duit la fatigue des mains pendant une utilisation prolong\u00e9e.<\/li>\n<li><strong>Adh\u00e9rence Optimale :<\/strong>\u00a0La texture antid\u00e9rapante offre une prise ferme, m\u00eame dans des conditions humides ou glissantes, pour un travail pr\u00e9cis et s\u00e9curis\u00e9.<\/li>\n<li><strong>Hypoallerg\u00e9niques :<\/strong>\u00a0Fabriqu\u00e9s sans latex, ces gants sont id\u00e9aux pour les personnes ayant des allergies ou une peau sensible.<\/li>\n<li><strong>Esth\u00e9tique et Visibilit\u00e9 :<\/strong>\u00a0Leur couleur bleue vive facilite la d\u00e9tection des d\u00e9chirures et contribue \u00e0 une apparence professionnelle.<\/li>\n<\/ul>","protected":false},"featured_media":2880,"comment_status":"open","ping_status":"closed","template":"","meta":[],"product_brand":[],"product_cat":[52],"product_tag":[],"class_list":{"0":"post-2879","1":"product","2":"type-product","3":"status-publish","4":"has-post-thumbnail","6":"product_cat-consommable-medical","8":"first","9":"instock","10":"taxable","11":"shipping-taxable","12":"purchasable","13":"product-type-variable"},"yoast_head":"<!-- This site is optimized with the Yoast SEO plugin v26.9 - https:\/\/yoast.com\/product\/yoast-seo-wordpress\/ -->\n<title>Gants en Nitrile Bleu 100 P - YAZMED<\/title>\n<meta name=\"robots\" content=\"index, follow, max-snippet:-1, max-image-preview:large, max-video-preview:-1\" \/>\n<link rel=\"canonical\" href=\"https:\/\/yazmed.ma\/ar\/product\/gants-en-nitrile-bleu\/\" \/>\n<meta property=\"og:locale\" content=\"ar_AR\" \/>\n<meta property=\"og:type\" content=\"article\" \/>\n<meta property=\"og:title\" content=\"Gants en Nitrile Bleu 100 P - YAZMED\" \/>\n<meta property=\"og:description\" content=\"Gants en Nitrile Bleu gants\u00a0m\u00e9dico-chirurgicaux sont utilis\u00e9s dans le monde m\u00e9dical pour prot\u00e9ger les patients et les soignants des infections transmissibles.   Protection Sup\u00e9rieure :\u00a0R\u00e9sistants aux produits chimiques, aux perforations, et aux d\u00e9chirures, ils assurent une protection efficace contre divers risques.  Confort Ergonomique :\u00a0Leur design ajust\u00e9 et flexible garantit une aisance maximale et r\u00e9duit la fatigue des mains pendant une utilisation prolong\u00e9e.  Adh\u00e9rence Optimale :\u00a0La texture antid\u00e9rapante offre une prise ferme, m\u00eame dans des conditions humides ou glissantes, pour un travail pr\u00e9cis et s\u00e9curis\u00e9.  Hypoallerg\u00e9niques :\u00a0Fabriqu\u00e9s sans latex, ces gants sont id\u00e9aux pour les personnes ayant des allergies ou une peau sensible.  Esth\u00e9tique et Visibilit\u00e9 :\u00a0Leur couleur bleue vive facilite la d\u00e9tection des d\u00e9chirures et contribue \u00e0 une apparence professionnelle.\" \/>\n<meta property=\"og:url\" content=\"https:\/\/yazmed.ma\/ar\/product\/gants-en-nitrile-bleu\/\" \/>\n<meta property=\"og:site_name\" content=\"YAZMED\" \/>\n<meta property=\"article:publisher\" content=\"https:\/\/www.facebook.com\/azenkouky\" \/>\n<meta property=\"article:modified_time\" content=\"2025-12-10T10:28:48+00:00\" \/>\n<meta property=\"og:image\" content=\"https:\/\/yazmed.ma\/wp-content\/uploads\/2025\/12\/Gants-en-Nitrile-Bleu.webp\" \/>\n\t<meta property=\"og:image:width\" content=\"570\" \/>\n\t<meta property=\"og:image:height\" content=\"517\" \/>\n\t<meta property=\"og:image:type\" content=\"image\/webp\" \/>\n<meta name=\"twitter:card\" content=\"summary_large_image\" \/>\n<script type=\"application\/ld+json\" class=\"yoast-schema-graph\">{\"@context\":\"https:\/\/schema.org\",\"@graph\":[{\"@type\":\"WebPage\",\"@id\":\"https:\/\/yazmed.ma\/product\/gants-en-nitrile-bleu\/\",\"url\":\"https:\/\/yazmed.ma\/product\/gants-en-nitrile-bleu\/\",\"name\":\"Gants en Nitrile Bleu 100 P - YAZMED\",\"isPartOf\":{\"@id\":\"https:\/\/yazmed.ma\/#website\"},\"primaryImageOfPage\":{\"@id\":\"https:\/\/yazmed.ma\/product\/gants-en-nitrile-bleu\/#primaryimage\"},\"image\":{\"@id\":\"https:\/\/yazmed.ma\/product\/gants-en-nitrile-bleu\/#primaryimage\"},\"thumbnailUrl\":\"https:\/\/yazmed.ma\/wp-content\/uploads\/2025\/12\/Gants-en-Nitrile-Bleu.webp\",\"datePublished\":\"2025-12-10T10:21:19+00:00\",\"dateModified\":\"2025-12-10T10:28:48+00:00\",\"breadcrumb\":{\"@id\":\"https:\/\/yazmed.ma\/product\/gants-en-nitrile-bleu\/#breadcrumb\"},\"inLanguage\":\"ary\",\"potentialAction\":[{\"@type\":\"ReadAction\",\"target\":[\"https:\/\/yazmed.ma\/product\/gants-en-nitrile-bleu\/\"]}]},{\"@type\":\"ImageObject\",\"inLanguage\":\"ary\",\"@id\":\"https:\/\/yazmed.ma\/product\/gants-en-nitrile-bleu\/#primaryimage\",\"url\":\"https:\/\/yazmed.ma\/wp-content\/uploads\/2025\/12\/Gants-en-Nitrile-Bleu.webp\",\"contentUrl\":\"https:\/\/yazmed.ma\/wp-content\/uploads\/2025\/12\/Gants-en-Nitrile-Bleu.webp\",\"width\":570,\"height\":517,\"caption\":\"Gants en Nitrile Bleu\"},{\"@type\":\"BreadcrumbList\",\"@id\":\"https:\/\/yazmed.ma\/product\/gants-en-nitrile-bleu\/#breadcrumb\",\"itemListElement\":[{\"@type\":\"ListItem\",\"position\":1,\"name\":\"Accueil\",\"item\":\"https:\/\/yazmed.ma\/\"},{\"@type\":\"ListItem\",\"position\":2,\"name\":\"Shop\",\"item\":\"https:\/\/yazmed.ma\/shop-2\/\"},{\"@type\":\"ListItem\",\"position\":3,\"name\":\"Gants en Nitrile Bleu 100 P\"}]},{\"@type\":\"WebSite\",\"@id\":\"https:\/\/yazmed.ma\/#website\",\"url\":\"https:\/\/yazmed.ma\/\",\"name\":\"Yazmed\",\"description\":\"LEADER DU MAT\u00c9RIEL M\u00c9DICAL AU MAROC\",\"publisher\":{\"@id\":\"https:\/\/yazmed.ma\/#organization\"},\"potentialAction\":[{\"@type\":\"SearchAction\",\"target\":{\"@type\":\"EntryPoint\",\"urlTemplate\":\"https:\/\/yazmed.ma\/?s={search_term_string}\"},\"query-input\":{\"@type\":\"PropertyValueSpecification\",\"valueRequired\":true,\"valueName\":\"search_term_string\"}}],\"inLanguage\":\"ary\"},{\"@type\":\"Organization\",\"@id\":\"https:\/\/yazmed.ma\/#organization\",\"name\":\"Yazmed Healthcare\",\"url\":\"https:\/\/yazmed.ma\/\",\"logo\":{\"@type\":\"ImageObject\",\"inLanguage\":\"ary\",\"@id\":\"https:\/\/yazmed.ma\/#\/schema\/logo\/image\/\",\"url\":\"https:\/\/yazmed.ma\/wp-content\/uploads\/2024\/12\/3.png\",\"contentUrl\":\"https:\/\/yazmed.ma\/wp-content\/uploads\/2024\/12\/3.png\",\"width\":250,\"height\":70,\"caption\":\"Yazmed Healthcare\"},\"image\":{\"@id\":\"https:\/\/yazmed.ma\/#\/schema\/logo\/image\/\"},\"sameAs\":[\"https:\/\/www.facebook.com\/azenkouky\",\"https:\/\/www.instagram.com\/yazmedhealthcare\",\"https:\/\/www.linkedin.com\/in\/yazmed-healthcare-1b4955295\"]}]}<\/script>\n<!-- \/ Yoast SEO plugin. -->","yoast_head_json":{"title":"Gants en Nitrile Bleu 100 P - YAZMED","robots":{"index":"index","follow":"follow","max-snippet":"max-snippet:-1","max-image-preview":"max-image-preview:large","max-video-preview":"max-video-preview:-1"},"canonical":"https:\/\/yazmed.ma\/ar\/product\/gants-en-nitrile-bleu\/","og_locale":"ar_AR","og_type":"article","og_title":"Gants en Nitrile Bleu 100 P - YAZMED","og_description":"Gants en Nitrile Bleu gants\u00a0m\u00e9dico-chirurgicaux sont utilis\u00e9s dans le monde m\u00e9dical pour prot\u00e9ger les patients et les soignants des infections transmissibles.   Protection Sup\u00e9rieure :\u00a0R\u00e9sistants aux produits chimiques, aux perforations, et aux d\u00e9chirures, ils assurent une protection efficace contre divers risques.  Confort Ergonomique :\u00a0Leur design ajust\u00e9 et flexible garantit une aisance maximale et r\u00e9duit la fatigue des mains pendant une utilisation prolong\u00e9e.  Adh\u00e9rence Optimale :\u00a0La texture antid\u00e9rapante offre une prise ferme, m\u00eame dans des conditions humides ou glissantes, pour un travail pr\u00e9cis et s\u00e9curis\u00e9.  Hypoallerg\u00e9niques :\u00a0Fabriqu\u00e9s sans latex, ces gants sont id\u00e9aux pour les personnes ayant des allergies ou une peau sensible.  Esth\u00e9tique et Visibilit\u00e9 :\u00a0Leur couleur bleue vive facilite la d\u00e9tection des d\u00e9chirures et contribue \u00e0 une apparence professionnelle.","og_url":"https:\/\/yazmed.ma\/ar\/product\/gants-en-nitrile-bleu\/","og_site_name":"YAZMED","article_publisher":"https:\/\/www.facebook.com\/azenkouky","article_modified_time":"2025-12-10T10:28:48+00:00","og_image":[{"width":570,"height":517,"url":"https:\/\/yazmed.ma\/wp-content\/uploads\/2025\/12\/Gants-en-Nitrile-Bleu.webp","type":"image\/webp"}],"twitter_card":"summary_large_image","schema":{"@context":"https:\/\/schema.org","@graph":[{"@type":"WebPage","@id":"https:\/\/yazmed.ma\/product\/gants-en-nitrile-bleu\/","url":"https:\/\/yazmed.ma\/product\/gants-en-nitrile-bleu\/","name":"Gants en Nitrile Bleu 100 P - YAZMED","isPartOf":{"@id":"https:\/\/yazmed.ma\/#website"},"primaryImageOfPage":{"@id":"https:\/\/yazmed.ma\/product\/gants-en-nitrile-bleu\/#primaryimage"},"image":{"@id":"https:\/\/yazmed.ma\/product\/gants-en-nitrile-bleu\/#primaryimage"},"thumbnailUrl":"https:\/\/yazmed.ma\/wp-content\/uploads\/2025\/12\/Gants-en-Nitrile-Bleu.webp","datePublished":"2025-12-10T10:21:19+00:00","dateModified":"2025-12-10T10:28:48+00:00","breadcrumb":{"@id":"https:\/\/yazmed.ma\/product\/gants-en-nitrile-bleu\/#breadcrumb"},"inLanguage":"ary","potentialAction":[{"@type":"ReadAction","target":["https:\/\/yazmed.ma\/product\/gants-en-nitrile-bleu\/"]}]},{"@type":"ImageObject","inLanguage":"ary","@id":"https:\/\/yazmed.ma\/product\/gants-en-nitrile-bleu\/#primaryimage","url":"https:\/\/yazmed.ma\/wp-content\/uploads\/2025\/12\/Gants-en-Nitrile-Bleu.webp","contentUrl":"https:\/\/yazmed.ma\/wp-content\/uploads\/2025\/12\/Gants-en-Nitrile-Bleu.webp","width":570,"height":517,"caption":"Gants en Nitrile Bleu"},{"@type":"BreadcrumbList","@id":"https:\/\/yazmed.ma\/product\/gants-en-nitrile-bleu\/#breadcrumb","itemListElement":[{"@type":"ListItem","position":1,"name":"Accueil","item":"https:\/\/yazmed.ma\/"},{"@type":"ListItem","position":2,"name":"Shop","item":"https:\/\/yazmed.ma\/shop-2\/"},{"@type":"ListItem","position":3,"name":"Gants en Nitrile Bleu 100 P"}]},{"@type":"WebSite","@id":"https:\/\/yazmed.ma\/#website","url":"https:\/\/yazmed.ma\/","name":"Yazmed","description":"LEADER DU MAT\u00c9RIEL M\u00c9DICAL AU MAROC","publisher":{"@id":"https:\/\/yazmed.ma\/#organization"},"potentialAction":[{"@type":"SearchAction","target":{"@type":"EntryPoint","urlTemplate":"https:\/\/yazmed.ma\/?s={search_term_string}"},"query-input":{"@type":"PropertyValueSpecification","valueRequired":true,"valueName":"search_term_string"}}],"inLanguage":"ary"},{"@type":"Organization","@id":"https:\/\/yazmed.ma\/#organization","name":"Yazmed Healthcare","url":"https:\/\/yazmed.ma\/","logo":{"@type":"ImageObject","inLanguage":"ary","@id":"https:\/\/yazmed.ma\/#\/schema\/logo\/image\/","url":"https:\/\/yazmed.ma\/wp-content\/uploads\/2024\/12\/3.png","contentUrl":"https:\/\/yazmed.ma\/wp-content\/uploads\/2024\/12\/3.png","width":250,"height":70,"caption":"Yazmed Healthcare"},"image":{"@id":"https:\/\/yazmed.ma\/#\/schema\/logo\/image\/"},"sameAs":["https:\/\/www.facebook.com\/azenkouky","https:\/\/www.instagram.com\/yazmedhealthcare","https:\/\/www.linkedin.com\/in\/yazmed-healthcare-1b4955295"]}]}},"_links":{"self":[{"href":"https:\/\/yazmed.ma\/ar\/wp-json\/wp\/v2\/product\/2879","targetHints":{"allow":["GET"]}}],"collection":[{"href":"https:\/\/yazmed.ma\/ar\/wp-json\/wp\/v2\/product"}],"about":[{"href":"https:\/\/yazmed.ma\/ar\/wp-json\/wp\/v2\/types\/product"}],"replies":[{"embeddable":true,"href":"https:\/\/yazmed.ma\/ar\/wp-json\/wp\/v2\/comments?post=2879"}],"version-history":[{"count":0,"href":"https:\/\/yazmed.ma\/ar\/wp-json\/wp\/v2\/product\/2879\/revisions"}],"wp:featuredmedia":[{"embeddable":true,"href":"https:\/\/yazmed.ma\/ar\/wp-json\/wp\/v2\/media\/2880"}],"wp:attachment":[{"href":"https:\/\/yazmed.ma\/ar\/wp-json\/wp\/v2\/media?parent=2879"}],"wp:term":[{"taxonomy":"product_brand","embeddable":true,"href":"https:\/\/yazmed.ma\/ar\/wp-json\/wp\/v2\/product_brand?post=2879"},{"taxonomy":"product_cat","embeddable":true,"href":"https:\/\/yazmed.ma\/ar\/wp-json\/wp\/v2\/product_cat?post=2879"},{"taxonomy":"product_tag","embeddable":true,"href":"https:\/\/yazmed.ma\/ar\/wp-json\/wp\/v2\/product_tag?post=2879"}],"curies":[{"name":"wp","href":"https:\/\/api.w.org\/{rel}","templated":true}]}}