{"id":2875,"date":"2025-12-09T19:56:52","date_gmt":"2025-12-09T19:56:52","guid":{"rendered":"https:\/\/yazmed.ma\/?post_type=product&#038;p=2875"},"modified":"2026-03-28T14:23:21","modified_gmt":"2026-03-28T14:23:21","slug":"creme-anesthesiante-j-cain-799","status":"publish","type":"product","link":"https:\/\/yazmed.ma\/ar\/product\/creme-anesthesiante-j-cain-799\/","title":{"rendered":"Cr\u00e8me anesth\u00e9siante J-CAIN 79,9 %"},"content":{"rendered":"<p data-start=\"1540\" data-end=\"1568\">\u00a0 \u00a0 <img decoding=\"async\" class=\"emoji\" role=\"img\" draggable=\"false\" src=\"https:\/\/s.w.org\/images\/core\/emoji\/16.0.1\/svg\/2705.svg\" alt=\"\u2705\" \/>\u00a0Conditionnement :<\/p>\n<p data-start=\"1571\" data-end=\"1587\">\u00a0 \u00a0 \u00a0<img decoding=\"async\" class=\"emoji\" role=\"img\" draggable=\"false\" src=\"https:\/\/s.w.org\/images\/core\/emoji\/16.0.1\/svg\/2705.svg\" alt=\"\u2705\" \/>\u00a0Pot de 500 g<\/p>\n<p>\u00a0 \u00a0 <img decoding=\"async\" class=\"emoji\" role=\"img\" draggable=\"false\" src=\"https:\/\/s.w.org\/images\/core\/emoji\/16.0.1\/svg\/2705.svg\" alt=\"\u2705\" \/>\u00a0Texture en cr\u00e8me<\/p>","protected":false},"excerpt":{"rendered":"<h4>Cr\u00e8me anesth\u00e9siante J-CAIN 79,9 %<\/h4>\n<p>J-Cain est une cr\u00e8me\u00a0 <b>lidoca\u00efne<\/b>\u00a0 est un <a title=\"Anesth\u00e9sique local\" href=\"https:\/\/fr.wikipedia.org\/wiki\/Anesth%C3%A9sique_local\">anesth\u00e9sique local<\/a>\u00a0et un\u00a0<a class=\"mw-redirect\" title=\"Troubles du rythme cardiaque\" href=\"https:\/\/fr.wikipedia.org\/wiki\/Troubles_du_rythme_cardiaque\">anti-arythmique<\/a>\u00a0de la famille des\u00a0<a title=\"Amine (chimie)\" href=\"https:\/\/fr.wikipedia.org\/wiki\/Amine_(chimie)\">amino<\/a>&#8211;<a title=\"Amide\" href=\"https:\/\/fr.wikipedia.org\/wiki\/Amide\">amides<\/a> topique\u00a0 \u00e0 haute concentration\u00a0 con\u00e7ue pour procurer un effet anesth\u00e9siant puissant et rapide sur la peau. Elle est utilis\u00e9e principalement dans le cadre de proc\u00e9dures esth\u00e9tiques ou dermatologiques n\u00e9cessitant une anesth\u00e9sie locale efficace, comme les injections, les lasers, le microneedling, le d\u00e9tatouage ou encore l\u2019\u00e9pilation.<\/p>\n<p>&nbsp;<\/p>\n<p>&nbsp;<\/p>","protected":false},"featured_media":2876,"comment_status":"open","ping_status":"closed","template":"","meta":[],"product_brand":[],"product_cat":[52],"product_tag":[],"class_list":{"0":"post-2875","1":"product","2":"type-product","3":"status-publish","4":"has-post-thumbnail","6":"product_cat-consommable-medical","8":"first","9":"instock","10":"taxable","11":"shipping-taxable","12":"purchasable","13":"product-type-simple"},"yoast_head":"<!-- This site is optimized with the Yoast SEO plugin v26.9 - https:\/\/yoast.com\/product\/yoast-seo-wordpress\/ -->\n<title>Cr\u00e8me anesth\u00e9siante J-CAIN 79,9 % - YAZMED<\/title>\n<meta name=\"robots\" content=\"index, follow, max-snippet:-1, max-image-preview:large, max-video-preview:-1\" \/>\n<link rel=\"canonical\" href=\"https:\/\/yazmed.ma\/ar\/product\/creme-anesthesiante-j-cain-799\/\" \/>\n<meta property=\"og:locale\" content=\"ar_AR\" \/>\n<meta property=\"og:type\" content=\"article\" \/>\n<meta property=\"og:title\" content=\"Cr\u00e8me anesth\u00e9siante J-CAIN 79,9 % - YAZMED\" \/>\n<meta property=\"og:description\" content=\"Cr\u00e8me anesth\u00e9siante J-CAIN 79,9 % J-Cain est une cr\u00e8me\u00a0 lidoca\u00efne\u00a0 est un anesth\u00e9sique local\u00a0et un\u00a0anti-arythmique\u00a0de la famille des\u00a0amino-amides topique\u00a0 \u00e0 haute concentration\u00a0 con\u00e7ue pour procurer un effet anesth\u00e9siant puissant et rapide sur la peau. Elle est utilis\u00e9e principalement dans le cadre de proc\u00e9dures esth\u00e9tiques ou dermatologiques n\u00e9cessitant une anesth\u00e9sie locale efficace, comme les injections, les lasers, le microneedling, le d\u00e9tatouage ou encore l\u2019\u00e9pilation.  &nbsp;  &nbsp;\" \/>\n<meta property=\"og:url\" content=\"https:\/\/yazmed.ma\/ar\/product\/creme-anesthesiante-j-cain-799\/\" \/>\n<meta property=\"og:site_name\" content=\"YAZMED\" \/>\n<meta property=\"article:publisher\" content=\"https:\/\/www.facebook.com\/azenkouky\" \/>\n<meta property=\"article:modified_time\" content=\"2026-03-28T14:23:21+00:00\" \/>\n<meta property=\"og:image\" content=\"https:\/\/yazmed.ma\/wp-content\/uploads\/2025\/12\/Creme-anesthesiante-J-CAIN-799-.webp\" \/>\n\t<meta property=\"og:image:width\" content=\"570\" \/>\n\t<meta property=\"og:image:height\" content=\"517\" \/>\n\t<meta property=\"og:image:type\" content=\"image\/webp\" \/>\n<meta name=\"twitter:card\" content=\"summary_large_image\" \/>\n<script type=\"application\/ld+json\" class=\"yoast-schema-graph\">{\"@context\":\"https:\/\/schema.org\",\"@graph\":[{\"@type\":\"WebPage\",\"@id\":\"https:\/\/yazmed.ma\/product\/creme-anesthesiante-j-cain-799\/\",\"url\":\"https:\/\/yazmed.ma\/product\/creme-anesthesiante-j-cain-799\/\",\"name\":\"Cr\u00e8me anesth\u00e9siante J-CAIN 79,9 % - YAZMED\",\"isPartOf\":{\"@id\":\"https:\/\/yazmed.ma\/#website\"},\"primaryImageOfPage\":{\"@id\":\"https:\/\/yazmed.ma\/product\/creme-anesthesiante-j-cain-799\/#primaryimage\"},\"image\":{\"@id\":\"https:\/\/yazmed.ma\/product\/creme-anesthesiante-j-cain-799\/#primaryimage\"},\"thumbnailUrl\":\"https:\/\/yazmed.ma\/wp-content\/uploads\/2025\/12\/Creme-anesthesiante-J-CAIN-799-.webp\",\"datePublished\":\"2025-12-09T19:56:52+00:00\",\"dateModified\":\"2026-03-28T14:23:21+00:00\",\"breadcrumb\":{\"@id\":\"https:\/\/yazmed.ma\/product\/creme-anesthesiante-j-cain-799\/#breadcrumb\"},\"inLanguage\":\"ary\",\"potentialAction\":[{\"@type\":\"ReadAction\",\"target\":[\"https:\/\/yazmed.ma\/product\/creme-anesthesiante-j-cain-799\/\"]}]},{\"@type\":\"ImageObject\",\"inLanguage\":\"ary\",\"@id\":\"https:\/\/yazmed.ma\/product\/creme-anesthesiante-j-cain-799\/#primaryimage\",\"url\":\"https:\/\/yazmed.ma\/wp-content\/uploads\/2025\/12\/Creme-anesthesiante-J-CAIN-799-.webp\",\"contentUrl\":\"https:\/\/yazmed.ma\/wp-content\/uploads\/2025\/12\/Creme-anesthesiante-J-CAIN-799-.webp\",\"width\":570,\"height\":517,\"caption\":\"Cr\u00e8me anesth\u00e9siante J-CAIN 79,9 %\"},{\"@type\":\"BreadcrumbList\",\"@id\":\"https:\/\/yazmed.ma\/product\/creme-anesthesiante-j-cain-799\/#breadcrumb\",\"itemListElement\":[{\"@type\":\"ListItem\",\"position\":1,\"name\":\"Accueil\",\"item\":\"https:\/\/yazmed.ma\/\"},{\"@type\":\"ListItem\",\"position\":2,\"name\":\"Shop\",\"item\":\"https:\/\/yazmed.ma\/shop-2\/\"},{\"@type\":\"ListItem\",\"position\":3,\"name\":\"Cr\u00e8me anesth\u00e9siante J-CAIN 79,9 %\"}]},{\"@type\":\"WebSite\",\"@id\":\"https:\/\/yazmed.ma\/#website\",\"url\":\"https:\/\/yazmed.ma\/\",\"name\":\"Yazmed\",\"description\":\"LEADER DU MAT\u00c9RIEL M\u00c9DICAL AU MAROC\",\"publisher\":{\"@id\":\"https:\/\/yazmed.ma\/#organization\"},\"potentialAction\":[{\"@type\":\"SearchAction\",\"target\":{\"@type\":\"EntryPoint\",\"urlTemplate\":\"https:\/\/yazmed.ma\/?s={search_term_string}\"},\"query-input\":{\"@type\":\"PropertyValueSpecification\",\"valueRequired\":true,\"valueName\":\"search_term_string\"}}],\"inLanguage\":\"ary\"},{\"@type\":\"Organization\",\"@id\":\"https:\/\/yazmed.ma\/#organization\",\"name\":\"Yazmed Healthcare\",\"url\":\"https:\/\/yazmed.ma\/\",\"logo\":{\"@type\":\"ImageObject\",\"inLanguage\":\"ary\",\"@id\":\"https:\/\/yazmed.ma\/#\/schema\/logo\/image\/\",\"url\":\"https:\/\/yazmed.ma\/wp-content\/uploads\/2024\/12\/3.png\",\"contentUrl\":\"https:\/\/yazmed.ma\/wp-content\/uploads\/2024\/12\/3.png\",\"width\":250,\"height\":70,\"caption\":\"Yazmed Healthcare\"},\"image\":{\"@id\":\"https:\/\/yazmed.ma\/#\/schema\/logo\/image\/\"},\"sameAs\":[\"https:\/\/www.facebook.com\/azenkouky\",\"https:\/\/www.instagram.com\/yazmedhealthcare\",\"https:\/\/www.linkedin.com\/in\/yazmed-healthcare-1b4955295\"]}]}<\/script>\n<!-- \/ Yoast SEO plugin. -->","yoast_head_json":{"title":"Cr\u00e8me anesth\u00e9siante J-CAIN 79,9 % - YAZMED","robots":{"index":"index","follow":"follow","max-snippet":"max-snippet:-1","max-image-preview":"max-image-preview:large","max-video-preview":"max-video-preview:-1"},"canonical":"https:\/\/yazmed.ma\/ar\/product\/creme-anesthesiante-j-cain-799\/","og_locale":"ar_AR","og_type":"article","og_title":"Cr\u00e8me anesth\u00e9siante J-CAIN 79,9 % - YAZMED","og_description":"Cr\u00e8me anesth\u00e9siante J-CAIN 79,9 % J-Cain est une cr\u00e8me\u00a0 lidoca\u00efne\u00a0 est un anesth\u00e9sique local\u00a0et un\u00a0anti-arythmique\u00a0de la famille des\u00a0amino-amides topique\u00a0 \u00e0 haute concentration\u00a0 con\u00e7ue pour procurer un effet anesth\u00e9siant puissant et rapide sur la peau. Elle est utilis\u00e9e principalement dans le cadre de proc\u00e9dures esth\u00e9tiques ou dermatologiques n\u00e9cessitant une anesth\u00e9sie locale efficace, comme les injections, les lasers, le microneedling, le d\u00e9tatouage ou encore l\u2019\u00e9pilation.  &nbsp;  &nbsp;","og_url":"https:\/\/yazmed.ma\/ar\/product\/creme-anesthesiante-j-cain-799\/","og_site_name":"YAZMED","article_publisher":"https:\/\/www.facebook.com\/azenkouky","article_modified_time":"2026-03-28T14:23:21+00:00","og_image":[{"width":570,"height":517,"url":"https:\/\/yazmed.ma\/wp-content\/uploads\/2025\/12\/Creme-anesthesiante-J-CAIN-799-.webp","type":"image\/webp"}],"twitter_card":"summary_large_image","schema":{"@context":"https:\/\/schema.org","@graph":[{"@type":"WebPage","@id":"https:\/\/yazmed.ma\/product\/creme-anesthesiante-j-cain-799\/","url":"https:\/\/yazmed.ma\/product\/creme-anesthesiante-j-cain-799\/","name":"Cr\u00e8me anesth\u00e9siante J-CAIN 79,9 % - YAZMED","isPartOf":{"@id":"https:\/\/yazmed.ma\/#website"},"primaryImageOfPage":{"@id":"https:\/\/yazmed.ma\/product\/creme-anesthesiante-j-cain-799\/#primaryimage"},"image":{"@id":"https:\/\/yazmed.ma\/product\/creme-anesthesiante-j-cain-799\/#primaryimage"},"thumbnailUrl":"https:\/\/yazmed.ma\/wp-content\/uploads\/2025\/12\/Creme-anesthesiante-J-CAIN-799-.webp","datePublished":"2025-12-09T19:56:52+00:00","dateModified":"2026-03-28T14:23:21+00:00","breadcrumb":{"@id":"https:\/\/yazmed.ma\/product\/creme-anesthesiante-j-cain-799\/#breadcrumb"},"inLanguage":"ary","potentialAction":[{"@type":"ReadAction","target":["https:\/\/yazmed.ma\/product\/creme-anesthesiante-j-cain-799\/"]}]},{"@type":"ImageObject","inLanguage":"ary","@id":"https:\/\/yazmed.ma\/product\/creme-anesthesiante-j-cain-799\/#primaryimage","url":"https:\/\/yazmed.ma\/wp-content\/uploads\/2025\/12\/Creme-anesthesiante-J-CAIN-799-.webp","contentUrl":"https:\/\/yazmed.ma\/wp-content\/uploads\/2025\/12\/Creme-anesthesiante-J-CAIN-799-.webp","width":570,"height":517,"caption":"Cr\u00e8me anesth\u00e9siante J-CAIN 79,9 %"},{"@type":"BreadcrumbList","@id":"https:\/\/yazmed.ma\/product\/creme-anesthesiante-j-cain-799\/#breadcrumb","itemListElement":[{"@type":"ListItem","position":1,"name":"Accueil","item":"https:\/\/yazmed.ma\/"},{"@type":"ListItem","position":2,"name":"Shop","item":"https:\/\/yazmed.ma\/shop-2\/"},{"@type":"ListItem","position":3,"name":"Cr\u00e8me anesth\u00e9siante J-CAIN 79,9 %"}]},{"@type":"WebSite","@id":"https:\/\/yazmed.ma\/#website","url":"https:\/\/yazmed.ma\/","name":"Yazmed","description":"LEADER DU MAT\u00c9RIEL M\u00c9DICAL AU MAROC","publisher":{"@id":"https:\/\/yazmed.ma\/#organization"},"potentialAction":[{"@type":"SearchAction","target":{"@type":"EntryPoint","urlTemplate":"https:\/\/yazmed.ma\/?s={search_term_string}"},"query-input":{"@type":"PropertyValueSpecification","valueRequired":true,"valueName":"search_term_string"}}],"inLanguage":"ary"},{"@type":"Organization","@id":"https:\/\/yazmed.ma\/#organization","name":"Yazmed Healthcare","url":"https:\/\/yazmed.ma\/","logo":{"@type":"ImageObject","inLanguage":"ary","@id":"https:\/\/yazmed.ma\/#\/schema\/logo\/image\/","url":"https:\/\/yazmed.ma\/wp-content\/uploads\/2024\/12\/3.png","contentUrl":"https:\/\/yazmed.ma\/wp-content\/uploads\/2024\/12\/3.png","width":250,"height":70,"caption":"Yazmed Healthcare"},"image":{"@id":"https:\/\/yazmed.ma\/#\/schema\/logo\/image\/"},"sameAs":["https:\/\/www.facebook.com\/azenkouky","https:\/\/www.instagram.com\/yazmedhealthcare","https:\/\/www.linkedin.com\/in\/yazmed-healthcare-1b4955295"]}]}},"_links":{"self":[{"href":"https:\/\/yazmed.ma\/ar\/wp-json\/wp\/v2\/product\/2875","targetHints":{"allow":["GET"]}}],"collection":[{"href":"https:\/\/yazmed.ma\/ar\/wp-json\/wp\/v2\/product"}],"about":[{"href":"https:\/\/yazmed.ma\/ar\/wp-json\/wp\/v2\/types\/product"}],"replies":[{"embeddable":true,"href":"https:\/\/yazmed.ma\/ar\/wp-json\/wp\/v2\/comments?post=2875"}],"version-history":[{"count":4,"href":"https:\/\/yazmed.ma\/ar\/wp-json\/wp\/v2\/product\/2875\/revisions"}],"predecessor-version":[{"id":3310,"href":"https:\/\/yazmed.ma\/ar\/wp-json\/wp\/v2\/product\/2875\/revisions\/3310"}],"wp:featuredmedia":[{"embeddable":true,"href":"https:\/\/yazmed.ma\/ar\/wp-json\/wp\/v2\/media\/2876"}],"wp:attachment":[{"href":"https:\/\/yazmed.ma\/ar\/wp-json\/wp\/v2\/media?parent=2875"}],"wp:term":[{"taxonomy":"product_brand","embeddable":true,"href":"https:\/\/yazmed.ma\/ar\/wp-json\/wp\/v2\/product_brand?post=2875"},{"taxonomy":"product_cat","embeddable":true,"href":"https:\/\/yazmed.ma\/ar\/wp-json\/wp\/v2\/product_cat?post=2875"},{"taxonomy":"product_tag","embeddable":true,"href":"https:\/\/yazmed.ma\/ar\/wp-json\/wp\/v2\/product_tag?post=2875"}],"curies":[{"name":"wp","href":"https:\/\/api.w.org\/{rel}","templated":true}]}}