{"id":2873,"date":"2025-12-09T19:34:12","date_gmt":"2025-12-09T19:34:12","guid":{"rendered":"https:\/\/yazmed.ma\/?post_type=product&#038;p=2873"},"modified":"2026-01-13T21:31:38","modified_gmt":"2026-01-13T21:31:38","slug":"aiguilles-de-prelevement-vacutest-22g","status":"publish","type":"product","link":"https:\/\/yazmed.ma\/ar\/product\/aiguilles-de-prelevement-vacutest-22g\/","title":{"rendered":"Aiguilles de pr\u00e9l\u00e8vement VACUTEST\u00ae 22G"},"content":{"rendered":"<h3><strong><img decoding=\"async\" class=\"emoji\" role=\"img\" draggable=\"false\" src=\"https:\/\/s.w.org\/images\/core\/emoji\/16.0.1\/svg\/2705.svg\" alt=\"\u2705\" \/>\u00a0Caract\u00e9ristiques principales\u00a0<\/strong><\/h3>\n<p><img decoding=\"async\" class=\"emoji\" role=\"img\" draggable=\"false\" src=\"https:\/\/s.w.org\/images\/core\/emoji\/16.0.1\/svg\/2705.svg\" alt=\"\u2705\" \/>\u00a0\u00a0a vis permet une fixation s\u00fbre et pratique sur le porte-tube,<br \/>\n<img decoding=\"async\" class=\"emoji\" role=\"img\" draggable=\"false\" src=\"https:\/\/s.w.org\/images\/core\/emoji\/16.0.1\/svg\/2705.svg\" alt=\"\u2705\" \/>\u00a0le manchon d&rsquo;obturation r\u00e9tractable en latex, situ\u00e9 du c\u00f4t\u00e9 du tube<\/p>\n<p><img decoding=\"async\" class=\"emoji\" role=\"img\" draggable=\"false\" src=\"https:\/\/s.w.org\/images\/core\/emoji\/16.0.1\/svg\/2705.svg\" alt=\"\u2705\" \/>\u00a0haute qualit\u00e9, offrant une insertion douce et pr\u00e9cise<\/p>\n<p><img decoding=\"async\" class=\"emoji\" role=\"img\" draggable=\"false\" src=\"https:\/\/s.w.org\/images\/core\/emoji\/16.0.1\/svg\/2705.svg\" alt=\"\u2705\" \/>\u00a0Compatibles avec la plupart des syst\u00e8mes de pr\u00e9l\u00e8vement sanguin.<\/p>\n<p><img decoding=\"async\" class=\"emoji\" role=\"img\" draggable=\"false\" src=\"https:\/\/s.w.org\/images\/core\/emoji\/16.0.1\/svg\/2705.svg\" alt=\"\u2705\" \/>\u00a0Id\u00e9ales pour les prises de sang fr\u00e9quentes et les analyses<\/p>\n<p><img decoding=\"async\" class=\"\" src=\"https:\/\/medlab.honeggergroup.it\/italiapavilion\/medlab-2025.nsf\/0\/6CB93A9D166D7504C1258BE3004871F1\/$file\/logo-vacutest_kima.jpg\" alt=\"VACUTEST KIMA | Exposant au salon Medlab Middle East 2025\" width=\"106\" height=\"37\" \/><\/p>","protected":false},"excerpt":{"rendered":"<h3>Aiguilles de pr\u00e9l\u00e8vement VACUTEST\u00ae 22G<\/h3>\n<p>Il permet de r\u00e9aliser des examens de laboratoire sur un\u00a0<a title=\"\u00c9chantillon (statistiques)\" href=\"https:\/\/fr.wikipedia.org\/wiki\/%C3%89chantillon_(statistiques)\">sp\u00e9cimen<\/a>\u00a0de\u00a0<a title=\"Sang\" href=\"https:\/\/fr.wikipedia.org\/wiki\/Sang\">sang<\/a>\u00a0pr\u00e9lev\u00e9 par ponction\u00a0<a title=\"Veine\" href=\"https:\/\/fr.wikipedia.org\/wiki\/Veine\">veineuse<\/a>, capillaire ou\u00a0<a title=\"Art\u00e8re\" href=\"https:\/\/fr.wikipedia.org\/wiki\/Art%C3%A8re\">art\u00e9rielle<\/a>.<\/p>\n<p>Les aiguilles st\u00e9riles \u00e0 double extr\u00e9mit\u00e9 Vacutest\u00ae permettent de pr\u00e9lever plusieurs \u00e9chantillons lors d&rsquo;une seule ponction veineuse.<\/p>\n<p><a href=\"http:\/\/www.kima.it\/sistema-di-prelievo-sottovuoto\/\" target=\"_blank\" rel=\"noopener\"><strong><span dir=\"auto\">de syst\u00e8mes de vide<\/span><\/strong><\/a><strong><span dir=\"auto\">\u00a0<\/span><\/strong><\/p>\n<p><img decoding=\"async\" class=\"\" src=\"https:\/\/medlab.honeggergroup.it\/italiapavilion\/medlab-2025.nsf\/0\/6CB93A9D166D7504C1258BE3004871F1\/$file\/logo-vacutest_kima.jpg\" alt=\"VACUTEST KIMA | Exposant au salon Medlab Middle East 2025\" width=\"95\" height=\"33\" \/><\/p>","protected":false},"featured_media":3097,"comment_status":"open","ping_status":"closed","template":"","meta":[],"product_brand":[],"product_cat":[52],"product_tag":[293,309],"class_list":{"0":"post-2873","1":"product","2":"type-product","3":"status-publish","4":"has-post-thumbnail","6":"product_cat-consommable-medical","7":"product_tag-aiguille-de-prelevement","8":"product_tag-vacutest","10":"first","11":"instock","12":"taxable","13":"shipping-taxable","14":"purchasable","15":"product-type-simple"},"yoast_head":"<!-- This site is optimized with the Yoast SEO plugin v26.9 - https:\/\/yoast.com\/product\/yoast-seo-wordpress\/ -->\n<title>Aiguilles de pr\u00e9l\u00e8vement VACUTEST\u00ae 22G - YAZMED<\/title>\n<meta name=\"robots\" content=\"index, follow, max-snippet:-1, max-image-preview:large, max-video-preview:-1\" \/>\n<link rel=\"canonical\" href=\"https:\/\/yazmed.ma\/ar\/product\/aiguilles-de-prelevement-vacutest-22g\/\" \/>\n<meta property=\"og:locale\" content=\"ar_AR\" \/>\n<meta property=\"og:type\" content=\"article\" \/>\n<meta property=\"og:title\" content=\"Aiguilles de pr\u00e9l\u00e8vement VACUTEST\u00ae 22G - YAZMED\" \/>\n<meta property=\"og:description\" content=\"Aiguilles de pr\u00e9l\u00e8vement VACUTEST\u00ae 22G Il permet de r\u00e9aliser des examens de laboratoire sur un\u00a0sp\u00e9cimen\u00a0de\u00a0sang\u00a0pr\u00e9lev\u00e9 par ponction\u00a0veineuse, capillaire ou\u00a0art\u00e9rielle.  Les aiguilles st\u00e9riles \u00e0 double extr\u00e9mit\u00e9 Vacutest\u00ae permettent de pr\u00e9lever plusieurs \u00e9chantillons lors d&#039;une seule ponction veineuse.  de syst\u00e8mes de vide\u00a0\" \/>\n<meta property=\"og:url\" content=\"https:\/\/yazmed.ma\/ar\/product\/aiguilles-de-prelevement-vacutest-22g\/\" \/>\n<meta property=\"og:site_name\" content=\"YAZMED\" \/>\n<meta property=\"article:publisher\" content=\"https:\/\/www.facebook.com\/azenkouky\" \/>\n<meta property=\"article:modified_time\" content=\"2026-01-13T21:31:38+00:00\" \/>\n<meta property=\"og:image\" content=\"https:\/\/yazmed.ma\/wp-content\/uploads\/2025\/12\/Aiguilles-de-prelevement-VACUTEST\u00ae-22G.webp\" \/>\n\t<meta property=\"og:image:width\" content=\"570\" \/>\n\t<meta property=\"og:image:height\" content=\"517\" \/>\n\t<meta property=\"og:image:type\" content=\"image\/webp\" \/>\n<meta name=\"twitter:card\" content=\"summary_large_image\" \/>\n<script type=\"application\/ld+json\" class=\"yoast-schema-graph\">{\"@context\":\"https:\/\/schema.org\",\"@graph\":[{\"@type\":\"WebPage\",\"@id\":\"https:\/\/yazmed.ma\/product\/aiguilles-de-prelevement-vacutest-22g\/\",\"url\":\"https:\/\/yazmed.ma\/product\/aiguilles-de-prelevement-vacutest-22g\/\",\"name\":\"Aiguilles de pr\u00e9l\u00e8vement VACUTEST\u00ae 22G - YAZMED\",\"isPartOf\":{\"@id\":\"https:\/\/yazmed.ma\/#website\"},\"primaryImageOfPage\":{\"@id\":\"https:\/\/yazmed.ma\/product\/aiguilles-de-prelevement-vacutest-22g\/#primaryimage\"},\"image\":{\"@id\":\"https:\/\/yazmed.ma\/product\/aiguilles-de-prelevement-vacutest-22g\/#primaryimage\"},\"thumbnailUrl\":\"https:\/\/yazmed.ma\/wp-content\/uploads\/2025\/12\/Aiguilles-de-prelevement-VACUTEST\u00ae-22G.webp\",\"datePublished\":\"2025-12-09T19:34:12+00:00\",\"dateModified\":\"2026-01-13T21:31:38+00:00\",\"breadcrumb\":{\"@id\":\"https:\/\/yazmed.ma\/product\/aiguilles-de-prelevement-vacutest-22g\/#breadcrumb\"},\"inLanguage\":\"ary\",\"potentialAction\":[{\"@type\":\"ReadAction\",\"target\":[\"https:\/\/yazmed.ma\/product\/aiguilles-de-prelevement-vacutest-22g\/\"]}]},{\"@type\":\"ImageObject\",\"inLanguage\":\"ary\",\"@id\":\"https:\/\/yazmed.ma\/product\/aiguilles-de-prelevement-vacutest-22g\/#primaryimage\",\"url\":\"https:\/\/yazmed.ma\/wp-content\/uploads\/2025\/12\/Aiguilles-de-prelevement-VACUTEST\u00ae-22G.webp\",\"contentUrl\":\"https:\/\/yazmed.ma\/wp-content\/uploads\/2025\/12\/Aiguilles-de-prelevement-VACUTEST\u00ae-22G.webp\",\"width\":570,\"height\":517,\"caption\":\"Aiguilles de pr\u00e9l\u00e8vement VACUTEST\u00ae 22G\"},{\"@type\":\"BreadcrumbList\",\"@id\":\"https:\/\/yazmed.ma\/product\/aiguilles-de-prelevement-vacutest-22g\/#breadcrumb\",\"itemListElement\":[{\"@type\":\"ListItem\",\"position\":1,\"name\":\"Accueil\",\"item\":\"https:\/\/yazmed.ma\/\"},{\"@type\":\"ListItem\",\"position\":2,\"name\":\"Shop\",\"item\":\"https:\/\/yazmed.ma\/shop-2\/\"},{\"@type\":\"ListItem\",\"position\":3,\"name\":\"Aiguilles de pr\u00e9l\u00e8vement VACUTEST\u00ae 22G\"}]},{\"@type\":\"WebSite\",\"@id\":\"https:\/\/yazmed.ma\/#website\",\"url\":\"https:\/\/yazmed.ma\/\",\"name\":\"Yazmed\",\"description\":\"LEADER DU MAT\u00c9RIEL M\u00c9DICAL AU MAROC\",\"publisher\":{\"@id\":\"https:\/\/yazmed.ma\/#organization\"},\"potentialAction\":[{\"@type\":\"SearchAction\",\"target\":{\"@type\":\"EntryPoint\",\"urlTemplate\":\"https:\/\/yazmed.ma\/?s={search_term_string}\"},\"query-input\":{\"@type\":\"PropertyValueSpecification\",\"valueRequired\":true,\"valueName\":\"search_term_string\"}}],\"inLanguage\":\"ary\"},{\"@type\":\"Organization\",\"@id\":\"https:\/\/yazmed.ma\/#organization\",\"name\":\"Yazmed Healthcare\",\"url\":\"https:\/\/yazmed.ma\/\",\"logo\":{\"@type\":\"ImageObject\",\"inLanguage\":\"ary\",\"@id\":\"https:\/\/yazmed.ma\/#\/schema\/logo\/image\/\",\"url\":\"https:\/\/yazmed.ma\/wp-content\/uploads\/2024\/12\/3.png\",\"contentUrl\":\"https:\/\/yazmed.ma\/wp-content\/uploads\/2024\/12\/3.png\",\"width\":250,\"height\":70,\"caption\":\"Yazmed Healthcare\"},\"image\":{\"@id\":\"https:\/\/yazmed.ma\/#\/schema\/logo\/image\/\"},\"sameAs\":[\"https:\/\/www.facebook.com\/azenkouky\",\"https:\/\/www.instagram.com\/yazmedhealthcare\",\"https:\/\/www.linkedin.com\/in\/yazmed-healthcare-1b4955295\"]}]}<\/script>\n<!-- \/ Yoast SEO plugin. -->","yoast_head_json":{"title":"Aiguilles de pr\u00e9l\u00e8vement VACUTEST\u00ae 22G - YAZMED","robots":{"index":"index","follow":"follow","max-snippet":"max-snippet:-1","max-image-preview":"max-image-preview:large","max-video-preview":"max-video-preview:-1"},"canonical":"https:\/\/yazmed.ma\/ar\/product\/aiguilles-de-prelevement-vacutest-22g\/","og_locale":"ar_AR","og_type":"article","og_title":"Aiguilles de pr\u00e9l\u00e8vement VACUTEST\u00ae 22G - YAZMED","og_description":"Aiguilles de pr\u00e9l\u00e8vement VACUTEST\u00ae 22G Il permet de r\u00e9aliser des examens de laboratoire sur un\u00a0sp\u00e9cimen\u00a0de\u00a0sang\u00a0pr\u00e9lev\u00e9 par ponction\u00a0veineuse, capillaire ou\u00a0art\u00e9rielle.  Les aiguilles st\u00e9riles \u00e0 double extr\u00e9mit\u00e9 Vacutest\u00ae permettent de pr\u00e9lever plusieurs \u00e9chantillons lors d'une seule ponction veineuse.  de syst\u00e8mes de vide\u00a0","og_url":"https:\/\/yazmed.ma\/ar\/product\/aiguilles-de-prelevement-vacutest-22g\/","og_site_name":"YAZMED","article_publisher":"https:\/\/www.facebook.com\/azenkouky","article_modified_time":"2026-01-13T21:31:38+00:00","og_image":[{"width":570,"height":517,"url":"https:\/\/yazmed.ma\/wp-content\/uploads\/2025\/12\/Aiguilles-de-prelevement-VACUTEST\u00ae-22G.webp","type":"image\/webp"}],"twitter_card":"summary_large_image","schema":{"@context":"https:\/\/schema.org","@graph":[{"@type":"WebPage","@id":"https:\/\/yazmed.ma\/product\/aiguilles-de-prelevement-vacutest-22g\/","url":"https:\/\/yazmed.ma\/product\/aiguilles-de-prelevement-vacutest-22g\/","name":"Aiguilles de pr\u00e9l\u00e8vement VACUTEST\u00ae 22G - YAZMED","isPartOf":{"@id":"https:\/\/yazmed.ma\/#website"},"primaryImageOfPage":{"@id":"https:\/\/yazmed.ma\/product\/aiguilles-de-prelevement-vacutest-22g\/#primaryimage"},"image":{"@id":"https:\/\/yazmed.ma\/product\/aiguilles-de-prelevement-vacutest-22g\/#primaryimage"},"thumbnailUrl":"https:\/\/yazmed.ma\/wp-content\/uploads\/2025\/12\/Aiguilles-de-prelevement-VACUTEST\u00ae-22G.webp","datePublished":"2025-12-09T19:34:12+00:00","dateModified":"2026-01-13T21:31:38+00:00","breadcrumb":{"@id":"https:\/\/yazmed.ma\/product\/aiguilles-de-prelevement-vacutest-22g\/#breadcrumb"},"inLanguage":"ary","potentialAction":[{"@type":"ReadAction","target":["https:\/\/yazmed.ma\/product\/aiguilles-de-prelevement-vacutest-22g\/"]}]},{"@type":"ImageObject","inLanguage":"ary","@id":"https:\/\/yazmed.ma\/product\/aiguilles-de-prelevement-vacutest-22g\/#primaryimage","url":"https:\/\/yazmed.ma\/wp-content\/uploads\/2025\/12\/Aiguilles-de-prelevement-VACUTEST\u00ae-22G.webp","contentUrl":"https:\/\/yazmed.ma\/wp-content\/uploads\/2025\/12\/Aiguilles-de-prelevement-VACUTEST\u00ae-22G.webp","width":570,"height":517,"caption":"Aiguilles de pr\u00e9l\u00e8vement VACUTEST\u00ae 22G"},{"@type":"BreadcrumbList","@id":"https:\/\/yazmed.ma\/product\/aiguilles-de-prelevement-vacutest-22g\/#breadcrumb","itemListElement":[{"@type":"ListItem","position":1,"name":"Accueil","item":"https:\/\/yazmed.ma\/"},{"@type":"ListItem","position":2,"name":"Shop","item":"https:\/\/yazmed.ma\/shop-2\/"},{"@type":"ListItem","position":3,"name":"Aiguilles de pr\u00e9l\u00e8vement VACUTEST\u00ae 22G"}]},{"@type":"WebSite","@id":"https:\/\/yazmed.ma\/#website","url":"https:\/\/yazmed.ma\/","name":"Yazmed","description":"LEADER DU MAT\u00c9RIEL M\u00c9DICAL AU MAROC","publisher":{"@id":"https:\/\/yazmed.ma\/#organization"},"potentialAction":[{"@type":"SearchAction","target":{"@type":"EntryPoint","urlTemplate":"https:\/\/yazmed.ma\/?s={search_term_string}"},"query-input":{"@type":"PropertyValueSpecification","valueRequired":true,"valueName":"search_term_string"}}],"inLanguage":"ary"},{"@type":"Organization","@id":"https:\/\/yazmed.ma\/#organization","name":"Yazmed Healthcare","url":"https:\/\/yazmed.ma\/","logo":{"@type":"ImageObject","inLanguage":"ary","@id":"https:\/\/yazmed.ma\/#\/schema\/logo\/image\/","url":"https:\/\/yazmed.ma\/wp-content\/uploads\/2024\/12\/3.png","contentUrl":"https:\/\/yazmed.ma\/wp-content\/uploads\/2024\/12\/3.png","width":250,"height":70,"caption":"Yazmed Healthcare"},"image":{"@id":"https:\/\/yazmed.ma\/#\/schema\/logo\/image\/"},"sameAs":["https:\/\/www.facebook.com\/azenkouky","https:\/\/www.instagram.com\/yazmedhealthcare","https:\/\/www.linkedin.com\/in\/yazmed-healthcare-1b4955295"]}]}},"_links":{"self":[{"href":"https:\/\/yazmed.ma\/ar\/wp-json\/wp\/v2\/product\/2873","targetHints":{"allow":["GET"]}}],"collection":[{"href":"https:\/\/yazmed.ma\/ar\/wp-json\/wp\/v2\/product"}],"about":[{"href":"https:\/\/yazmed.ma\/ar\/wp-json\/wp\/v2\/types\/product"}],"replies":[{"embeddable":true,"href":"https:\/\/yazmed.ma\/ar\/wp-json\/wp\/v2\/comments?post=2873"}],"version-history":[{"count":1,"href":"https:\/\/yazmed.ma\/ar\/wp-json\/wp\/v2\/product\/2873\/revisions"}],"predecessor-version":[{"id":3052,"href":"https:\/\/yazmed.ma\/ar\/wp-json\/wp\/v2\/product\/2873\/revisions\/3052"}],"wp:featuredmedia":[{"embeddable":true,"href":"https:\/\/yazmed.ma\/ar\/wp-json\/wp\/v2\/media\/3097"}],"wp:attachment":[{"href":"https:\/\/yazmed.ma\/ar\/wp-json\/wp\/v2\/media?parent=2873"}],"wp:term":[{"taxonomy":"product_brand","embeddable":true,"href":"https:\/\/yazmed.ma\/ar\/wp-json\/wp\/v2\/product_brand?post=2873"},{"taxonomy":"product_cat","embeddable":true,"href":"https:\/\/yazmed.ma\/ar\/wp-json\/wp\/v2\/product_cat?post=2873"},{"taxonomy":"product_tag","embeddable":true,"href":"https:\/\/yazmed.ma\/ar\/wp-json\/wp\/v2\/product_tag?post=2873"}],"curies":[{"name":"wp","href":"https:\/\/api.w.org\/{rel}","templated":true}]}}