{"id":2857,"date":"2025-12-09T17:39:45","date_gmt":"2025-12-09T17:39:45","guid":{"rendered":"https:\/\/yazmed.ma\/?post_type=product&#038;p=2857"},"modified":"2025-12-09T17:40:03","modified_gmt":"2025-12-09T17:40:03","slug":"brosse-chirurgical-povidone-75","status":"publish","type":"product","link":"https:\/\/yazmed.ma\/ar\/product\/brosse-chirurgical-povidone-75\/","title":{"rendered":"Brosse chirurgical povidone 7,5%"},"content":{"rendered":"","protected":false},"excerpt":{"rendered":"<h3>Brosse chirurgical povidone 7,5%<\/h3>\n<p>Nettoyage pr\u00e9-chirurgical efficace avec la povidone iod\u00e9e<\/p>\n<p>N\u00b0 d&rsquo;enregistrement : 742-DES.Composition dans 100g : Povidone iod\u00e9e 0,75g (0,75% d&rsquo;iode libre). Eau purifi\u00e9e et excipients (jusqu&rsquo;\u00e0 100g)<\/p>\n<p>Action antiseptique contre les bact\u00e9ries.<\/p>\n<p>Conforme aux normes : EN 12791 ; EN 12054 ; EN 1040 ; EN 1650<\/p>\n<p><img decoding=\"async\" class=\"\" src=\"https:\/\/www.bimedica.com\/wp-content\/themes\/bimedica\/images\/logo-bimedica.png\" alt=\"Bimedica.\" width=\"89\" height=\"19\" \/><\/p>\n<p>&nbsp;<\/p>","protected":false},"featured_media":2858,"comment_status":"open","ping_status":"closed","template":"","meta":[],"product_brand":[],"product_cat":[16,56],"product_tag":[],"class_list":{"0":"post-2857","1":"product","2":"type-product","3":"status-publish","4":"has-post-thumbnail","6":"product_cat-toutes-les-categories","7":"product_cat-sterilisation-hygiene","9":"first","10":"instock","11":"taxable","12":"shipping-taxable","13":"product-type-simple"},"yoast_head":"<!-- This site is optimized with the Yoast SEO plugin v26.9 - https:\/\/yoast.com\/product\/yoast-seo-wordpress\/ -->\n<title>Brosse chirurgical povidone 7,5% - YAZMED<\/title>\n<meta name=\"robots\" content=\"index, follow, max-snippet:-1, max-image-preview:large, max-video-preview:-1\" \/>\n<link rel=\"canonical\" href=\"https:\/\/yazmed.ma\/ar\/product\/brosse-chirurgical-povidone-75\/\" \/>\n<meta property=\"og:locale\" content=\"ar_AR\" \/>\n<meta property=\"og:type\" content=\"article\" \/>\n<meta property=\"og:title\" content=\"Brosse chirurgical povidone 7,5% - YAZMED\" \/>\n<meta property=\"og:description\" content=\"Brosse chirurgical povidone 7,5% Nettoyage pr\u00e9-chirurgical efficace avec la povidone iod\u00e9e  N\u00b0 d&#039;enregistrement : 742-DES.Composition dans 100g : Povidone iod\u00e9e 0,75g (0,75% d&#039;iode libre). Eau purifi\u00e9e et excipients (jusqu&#039;\u00e0 100g)  Action antiseptique contre les bact\u00e9ries.  Conforme aux normes : EN 12791 ; EN 12054 ; EN 1040 ; EN 1650    &nbsp;\" \/>\n<meta property=\"og:url\" content=\"https:\/\/yazmed.ma\/ar\/product\/brosse-chirurgical-povidone-75\/\" \/>\n<meta property=\"og:site_name\" content=\"YAZMED\" \/>\n<meta property=\"article:publisher\" content=\"https:\/\/www.facebook.com\/azenkouky\" \/>\n<meta property=\"article:modified_time\" content=\"2025-12-09T17:40:03+00:00\" \/>\n<meta property=\"og:image\" content=\"https:\/\/yazmed.ma\/wp-content\/uploads\/2025\/12\/Brosse-chirurgical.webp\" \/>\n\t<meta property=\"og:image:width\" content=\"570\" \/>\n\t<meta property=\"og:image:height\" content=\"517\" \/>\n\t<meta property=\"og:image:type\" content=\"image\/webp\" \/>\n<meta name=\"twitter:card\" content=\"summary_large_image\" \/>\n<script type=\"application\/ld+json\" class=\"yoast-schema-graph\">{\"@context\":\"https:\/\/schema.org\",\"@graph\":[{\"@type\":\"WebPage\",\"@id\":\"https:\/\/yazmed.ma\/product\/brosse-chirurgical-povidone-75\/\",\"url\":\"https:\/\/yazmed.ma\/product\/brosse-chirurgical-povidone-75\/\",\"name\":\"Brosse chirurgical povidone 7,5% - YAZMED\",\"isPartOf\":{\"@id\":\"https:\/\/yazmed.ma\/#website\"},\"primaryImageOfPage\":{\"@id\":\"https:\/\/yazmed.ma\/product\/brosse-chirurgical-povidone-75\/#primaryimage\"},\"image\":{\"@id\":\"https:\/\/yazmed.ma\/product\/brosse-chirurgical-povidone-75\/#primaryimage\"},\"thumbnailUrl\":\"https:\/\/yazmed.ma\/wp-content\/uploads\/2025\/12\/Brosse-chirurgical.webp\",\"datePublished\":\"2025-12-09T17:39:45+00:00\",\"dateModified\":\"2025-12-09T17:40:03+00:00\",\"breadcrumb\":{\"@id\":\"https:\/\/yazmed.ma\/product\/brosse-chirurgical-povidone-75\/#breadcrumb\"},\"inLanguage\":\"ary\",\"potentialAction\":[{\"@type\":\"ReadAction\",\"target\":[\"https:\/\/yazmed.ma\/product\/brosse-chirurgical-povidone-75\/\"]}]},{\"@type\":\"ImageObject\",\"inLanguage\":\"ary\",\"@id\":\"https:\/\/yazmed.ma\/product\/brosse-chirurgical-povidone-75\/#primaryimage\",\"url\":\"https:\/\/yazmed.ma\/wp-content\/uploads\/2025\/12\/Brosse-chirurgical.webp\",\"contentUrl\":\"https:\/\/yazmed.ma\/wp-content\/uploads\/2025\/12\/Brosse-chirurgical.webp\",\"width\":570,\"height\":517,\"caption\":\"Brosse chirurgical\"},{\"@type\":\"BreadcrumbList\",\"@id\":\"https:\/\/yazmed.ma\/product\/brosse-chirurgical-povidone-75\/#breadcrumb\",\"itemListElement\":[{\"@type\":\"ListItem\",\"position\":1,\"name\":\"Accueil\",\"item\":\"https:\/\/yazmed.ma\/\"},{\"@type\":\"ListItem\",\"position\":2,\"name\":\"Shop\",\"item\":\"https:\/\/yazmed.ma\/shop-2\/\"},{\"@type\":\"ListItem\",\"position\":3,\"name\":\"Brosse chirurgical povidone 7,5%\"}]},{\"@type\":\"WebSite\",\"@id\":\"https:\/\/yazmed.ma\/#website\",\"url\":\"https:\/\/yazmed.ma\/\",\"name\":\"Yazmed\",\"description\":\"LEADER DU MAT\u00c9RIEL M\u00c9DICAL AU MAROC\",\"publisher\":{\"@id\":\"https:\/\/yazmed.ma\/#organization\"},\"potentialAction\":[{\"@type\":\"SearchAction\",\"target\":{\"@type\":\"EntryPoint\",\"urlTemplate\":\"https:\/\/yazmed.ma\/?s={search_term_string}\"},\"query-input\":{\"@type\":\"PropertyValueSpecification\",\"valueRequired\":true,\"valueName\":\"search_term_string\"}}],\"inLanguage\":\"ary\"},{\"@type\":\"Organization\",\"@id\":\"https:\/\/yazmed.ma\/#organization\",\"name\":\"Yazmed Healthcare\",\"url\":\"https:\/\/yazmed.ma\/\",\"logo\":{\"@type\":\"ImageObject\",\"inLanguage\":\"ary\",\"@id\":\"https:\/\/yazmed.ma\/#\/schema\/logo\/image\/\",\"url\":\"https:\/\/yazmed.ma\/wp-content\/uploads\/2024\/12\/3.png\",\"contentUrl\":\"https:\/\/yazmed.ma\/wp-content\/uploads\/2024\/12\/3.png\",\"width\":250,\"height\":70,\"caption\":\"Yazmed Healthcare\"},\"image\":{\"@id\":\"https:\/\/yazmed.ma\/#\/schema\/logo\/image\/\"},\"sameAs\":[\"https:\/\/www.facebook.com\/azenkouky\",\"https:\/\/www.instagram.com\/yazmedhealthcare\",\"https:\/\/www.linkedin.com\/in\/yazmed-healthcare-1b4955295\"]}]}<\/script>\n<!-- \/ Yoast SEO plugin. -->","yoast_head_json":{"title":"Brosse chirurgical povidone 7,5% - YAZMED","robots":{"index":"index","follow":"follow","max-snippet":"max-snippet:-1","max-image-preview":"max-image-preview:large","max-video-preview":"max-video-preview:-1"},"canonical":"https:\/\/yazmed.ma\/ar\/product\/brosse-chirurgical-povidone-75\/","og_locale":"ar_AR","og_type":"article","og_title":"Brosse chirurgical povidone 7,5% - YAZMED","og_description":"Brosse chirurgical povidone 7,5% Nettoyage pr\u00e9-chirurgical efficace avec la povidone iod\u00e9e  N\u00b0 d'enregistrement : 742-DES.Composition dans 100g : Povidone iod\u00e9e 0,75g (0,75% d'iode libre). Eau purifi\u00e9e et excipients (jusqu'\u00e0 100g)  Action antiseptique contre les bact\u00e9ries.  Conforme aux normes : EN 12791 ; EN 12054 ; EN 1040 ; EN 1650    &nbsp;","og_url":"https:\/\/yazmed.ma\/ar\/product\/brosse-chirurgical-povidone-75\/","og_site_name":"YAZMED","article_publisher":"https:\/\/www.facebook.com\/azenkouky","article_modified_time":"2025-12-09T17:40:03+00:00","og_image":[{"width":570,"height":517,"url":"https:\/\/yazmed.ma\/wp-content\/uploads\/2025\/12\/Brosse-chirurgical.webp","type":"image\/webp"}],"twitter_card":"summary_large_image","schema":{"@context":"https:\/\/schema.org","@graph":[{"@type":"WebPage","@id":"https:\/\/yazmed.ma\/product\/brosse-chirurgical-povidone-75\/","url":"https:\/\/yazmed.ma\/product\/brosse-chirurgical-povidone-75\/","name":"Brosse chirurgical povidone 7,5% - YAZMED","isPartOf":{"@id":"https:\/\/yazmed.ma\/#website"},"primaryImageOfPage":{"@id":"https:\/\/yazmed.ma\/product\/brosse-chirurgical-povidone-75\/#primaryimage"},"image":{"@id":"https:\/\/yazmed.ma\/product\/brosse-chirurgical-povidone-75\/#primaryimage"},"thumbnailUrl":"https:\/\/yazmed.ma\/wp-content\/uploads\/2025\/12\/Brosse-chirurgical.webp","datePublished":"2025-12-09T17:39:45+00:00","dateModified":"2025-12-09T17:40:03+00:00","breadcrumb":{"@id":"https:\/\/yazmed.ma\/product\/brosse-chirurgical-povidone-75\/#breadcrumb"},"inLanguage":"ary","potentialAction":[{"@type":"ReadAction","target":["https:\/\/yazmed.ma\/product\/brosse-chirurgical-povidone-75\/"]}]},{"@type":"ImageObject","inLanguage":"ary","@id":"https:\/\/yazmed.ma\/product\/brosse-chirurgical-povidone-75\/#primaryimage","url":"https:\/\/yazmed.ma\/wp-content\/uploads\/2025\/12\/Brosse-chirurgical.webp","contentUrl":"https:\/\/yazmed.ma\/wp-content\/uploads\/2025\/12\/Brosse-chirurgical.webp","width":570,"height":517,"caption":"Brosse chirurgical"},{"@type":"BreadcrumbList","@id":"https:\/\/yazmed.ma\/product\/brosse-chirurgical-povidone-75\/#breadcrumb","itemListElement":[{"@type":"ListItem","position":1,"name":"Accueil","item":"https:\/\/yazmed.ma\/"},{"@type":"ListItem","position":2,"name":"Shop","item":"https:\/\/yazmed.ma\/shop-2\/"},{"@type":"ListItem","position":3,"name":"Brosse chirurgical povidone 7,5%"}]},{"@type":"WebSite","@id":"https:\/\/yazmed.ma\/#website","url":"https:\/\/yazmed.ma\/","name":"Yazmed","description":"LEADER DU MAT\u00c9RIEL M\u00c9DICAL AU MAROC","publisher":{"@id":"https:\/\/yazmed.ma\/#organization"},"potentialAction":[{"@type":"SearchAction","target":{"@type":"EntryPoint","urlTemplate":"https:\/\/yazmed.ma\/?s={search_term_string}"},"query-input":{"@type":"PropertyValueSpecification","valueRequired":true,"valueName":"search_term_string"}}],"inLanguage":"ary"},{"@type":"Organization","@id":"https:\/\/yazmed.ma\/#organization","name":"Yazmed Healthcare","url":"https:\/\/yazmed.ma\/","logo":{"@type":"ImageObject","inLanguage":"ary","@id":"https:\/\/yazmed.ma\/#\/schema\/logo\/image\/","url":"https:\/\/yazmed.ma\/wp-content\/uploads\/2024\/12\/3.png","contentUrl":"https:\/\/yazmed.ma\/wp-content\/uploads\/2024\/12\/3.png","width":250,"height":70,"caption":"Yazmed Healthcare"},"image":{"@id":"https:\/\/yazmed.ma\/#\/schema\/logo\/image\/"},"sameAs":["https:\/\/www.facebook.com\/azenkouky","https:\/\/www.instagram.com\/yazmedhealthcare","https:\/\/www.linkedin.com\/in\/yazmed-healthcare-1b4955295"]}]}},"_links":{"self":[{"href":"https:\/\/yazmed.ma\/ar\/wp-json\/wp\/v2\/product\/2857","targetHints":{"allow":["GET"]}}],"collection":[{"href":"https:\/\/yazmed.ma\/ar\/wp-json\/wp\/v2\/product"}],"about":[{"href":"https:\/\/yazmed.ma\/ar\/wp-json\/wp\/v2\/types\/product"}],"replies":[{"embeddable":true,"href":"https:\/\/yazmed.ma\/ar\/wp-json\/wp\/v2\/comments?post=2857"}],"version-history":[{"count":0,"href":"https:\/\/yazmed.ma\/ar\/wp-json\/wp\/v2\/product\/2857\/revisions"}],"wp:featuredmedia":[{"embeddable":true,"href":"https:\/\/yazmed.ma\/ar\/wp-json\/wp\/v2\/media\/2858"}],"wp:attachment":[{"href":"https:\/\/yazmed.ma\/ar\/wp-json\/wp\/v2\/media?parent=2857"}],"wp:term":[{"taxonomy":"product_brand","embeddable":true,"href":"https:\/\/yazmed.ma\/ar\/wp-json\/wp\/v2\/product_brand?post=2857"},{"taxonomy":"product_cat","embeddable":true,"href":"https:\/\/yazmed.ma\/ar\/wp-json\/wp\/v2\/product_cat?post=2857"},{"taxonomy":"product_tag","embeddable":true,"href":"https:\/\/yazmed.ma\/ar\/wp-json\/wp\/v2\/product_tag?post=2857"}],"curies":[{"name":"wp","href":"https:\/\/api.w.org\/{rel}","templated":true}]}}