{"id":2851,"date":"2025-12-09T16:26:35","date_gmt":"2025-12-09T16:26:35","guid":{"rendered":"https:\/\/yazmed.ma\/?post_type=product&#038;p=2851"},"modified":"2026-01-10T15:28:42","modified_gmt":"2026-01-10T15:28:42","slug":"curettes-a-biopsie-novak-24-cm","status":"publish","type":"product","link":"https:\/\/yazmed.ma\/ar\/product\/curettes-a-biopsie-novak-24-cm\/","title":{"rendered":"curettes a biopsie Novak 24 cm"},"content":{"rendered":"<p><strong><span dir=\"auto\"><img decoding=\"async\" class=\"emoji\" role=\"img\" draggable=\"false\" src=\"https:\/\/s.w.org\/images\/core\/emoji\/16.0.1\/svg\/2705.svg\" alt=\"\u2705\" \/>Autres caract\u00e9ristiques<\/span><\/strong><\/p>\n<p><span dir=\"auto\"><img decoding=\"async\" class=\"emoji\" role=\"img\" draggable=\"false\" src=\"https:\/\/s.w.org\/images\/core\/emoji\/16.0.1\/svg\/2705.svg\" alt=\"\u2705\" \/>acier inoxydable allemand<\/span><\/p>\n<p><span dir=\"auto\"><img decoding=\"async\" class=\"emoji\" role=\"img\" draggable=\"false\" src=\"https:\/\/s.w.org\/images\/core\/emoji\/16.0.1\/svg\/2705.svg\" alt=\"\u2705\" \/>St\u00e9rilisable et r\u00e9utilisable<\/span><\/p>\n<p><span dir=\"auto\"><img decoding=\"async\" class=\"emoji\" role=\"img\" draggable=\"false\" src=\"https:\/\/s.w.org\/images\/core\/emoji\/16.0.1\/svg\/2705.svg\" alt=\"\u2705\" \/>\u00a0Durable<\/span><\/p>\n<p><span dir=\"auto\"><img decoding=\"async\" class=\"emoji\" role=\"img\" draggable=\"false\" src=\"https:\/\/s.w.org\/images\/core\/emoji\/16.0.1\/svg\/2705.svg\" alt=\"\u2705\" \/>\u00a0Pointu<\/span><\/p>\n<p><span dir=\"auto\"><img decoding=\"async\" class=\"emoji\" role=\"img\" draggable=\"false\" src=\"https:\/\/s.w.org\/images\/core\/emoji\/16.0.1\/svg\/2705.svg\" alt=\"\u2705\" \/>\u00a0Durable<\/span><\/p>\n<p><span dir=\"auto\"><img decoding=\"async\" class=\"emoji\" role=\"img\" draggable=\"false\" src=\"https:\/\/s.w.org\/images\/core\/emoji\/16.0.1\/svg\/2705.svg\" alt=\"\u2705\" \/>\u00a0haute r\u00e9sistance \u00e0 la traction<\/span><\/p>\n<p>&nbsp;<\/p>","protected":false},"excerpt":{"rendered":"<h3>curettes a biopsie Novak<\/h3>\n<p>sont de longs tubes m\u00e9talliques fins munis d&rsquo;une ouverture lat\u00e9rale \u00e0 leur extr\u00e9mit\u00e9 et d&rsquo;une seringue d&rsquo;aspiration. Leur extr\u00e9mit\u00e9 dentel\u00e9e et biseaut\u00e9e permet de pr\u00e9lever des tissus de l&rsquo;endocol <a title=\"Ut\u00e9rus\" href=\"https:\/\/fr.wikipedia.org\/wiki\/Ut%C3%A9rus\">ut\u00e9rus<\/a> pour biopsie. Disponibles en plusieurs diam\u00e8tres (2 mm, 3 mm et 4 mm) avec embase de Leur, elles mesurent 24,8 cm (9 3\/4 pouces).<\/p>","protected":false},"featured_media":2852,"comment_status":"open","ping_status":"closed","template":"","meta":[],"product_brand":[],"product_cat":[53],"product_tag":[308],"class_list":{"0":"post-2851","1":"product","2":"type-product","3":"status-publish","4":"has-post-thumbnail","6":"product_cat-instrumentation-sutures","7":"product_tag-curettes-a-biopsie-novak","9":"first","10":"instock","11":"taxable","12":"shipping-taxable","13":"product-type-simple"},"yoast_head":"<!-- This site is optimized with the Yoast SEO plugin v26.9 - https:\/\/yoast.com\/product\/yoast-seo-wordpress\/ -->\n<title>curettes a biopsie Novak 24 cm - YAZMED<\/title>\n<meta name=\"robots\" content=\"index, follow, max-snippet:-1, max-image-preview:large, max-video-preview:-1\" \/>\n<link rel=\"canonical\" href=\"https:\/\/yazmed.ma\/ar\/product\/curettes-a-biopsie-novak-24-cm\/\" \/>\n<meta property=\"og:locale\" content=\"ar_AR\" \/>\n<meta property=\"og:type\" content=\"article\" \/>\n<meta property=\"og:title\" content=\"curettes a biopsie Novak 24 cm - YAZMED\" \/>\n<meta property=\"og:description\" content=\"curettes a biopsie Novak sont de longs tubes m\u00e9talliques fins munis d&#039;une ouverture lat\u00e9rale \u00e0 leur extr\u00e9mit\u00e9 et d&#039;une seringue d&#039;aspiration. Leur extr\u00e9mit\u00e9 dentel\u00e9e et biseaut\u00e9e permet de pr\u00e9lever des tissus de l&#039;endocol ut\u00e9rus pour biopsie. Disponibles en plusieurs diam\u00e8tres (2 mm, 3 mm et 4 mm) avec embase de Leur, elles mesurent 24,8 cm (9 3\/4 pouces).\" \/>\n<meta property=\"og:url\" content=\"https:\/\/yazmed.ma\/ar\/product\/curettes-a-biopsie-novak-24-cm\/\" \/>\n<meta property=\"og:site_name\" content=\"YAZMED\" \/>\n<meta property=\"article:publisher\" content=\"https:\/\/www.facebook.com\/azenkouky\" \/>\n<meta property=\"article:modified_time\" content=\"2026-01-10T15:28:42+00:00\" \/>\n<meta property=\"og:image\" content=\"https:\/\/yazmed.ma\/wp-content\/uploads\/2025\/12\/curettes-a-biopsie-Novak-24-cm.webp\" \/>\n\t<meta property=\"og:image:width\" content=\"570\" \/>\n\t<meta property=\"og:image:height\" content=\"517\" \/>\n\t<meta property=\"og:image:type\" content=\"image\/webp\" \/>\n<meta name=\"twitter:card\" content=\"summary_large_image\" \/>\n<script type=\"application\/ld+json\" class=\"yoast-schema-graph\">{\"@context\":\"https:\/\/schema.org\",\"@graph\":[{\"@type\":\"WebPage\",\"@id\":\"https:\/\/yazmed.ma\/product\/curettes-a-biopsie-novak-24-cm\/\",\"url\":\"https:\/\/yazmed.ma\/product\/curettes-a-biopsie-novak-24-cm\/\",\"name\":\"curettes a biopsie Novak 24 cm - YAZMED\",\"isPartOf\":{\"@id\":\"https:\/\/yazmed.ma\/#website\"},\"primaryImageOfPage\":{\"@id\":\"https:\/\/yazmed.ma\/product\/curettes-a-biopsie-novak-24-cm\/#primaryimage\"},\"image\":{\"@id\":\"https:\/\/yazmed.ma\/product\/curettes-a-biopsie-novak-24-cm\/#primaryimage\"},\"thumbnailUrl\":\"https:\/\/yazmed.ma\/wp-content\/uploads\/2025\/12\/curettes-a-biopsie-Novak-24-cm.webp\",\"datePublished\":\"2025-12-09T16:26:35+00:00\",\"dateModified\":\"2026-01-10T15:28:42+00:00\",\"breadcrumb\":{\"@id\":\"https:\/\/yazmed.ma\/product\/curettes-a-biopsie-novak-24-cm\/#breadcrumb\"},\"inLanguage\":\"ary\",\"potentialAction\":[{\"@type\":\"ReadAction\",\"target\":[\"https:\/\/yazmed.ma\/product\/curettes-a-biopsie-novak-24-cm\/\"]}]},{\"@type\":\"ImageObject\",\"inLanguage\":\"ary\",\"@id\":\"https:\/\/yazmed.ma\/product\/curettes-a-biopsie-novak-24-cm\/#primaryimage\",\"url\":\"https:\/\/yazmed.ma\/wp-content\/uploads\/2025\/12\/curettes-a-biopsie-Novak-24-cm.webp\",\"contentUrl\":\"https:\/\/yazmed.ma\/wp-content\/uploads\/2025\/12\/curettes-a-biopsie-Novak-24-cm.webp\",\"width\":570,\"height\":517,\"caption\":\"curettes a biopsie Novak 24 cm\"},{\"@type\":\"BreadcrumbList\",\"@id\":\"https:\/\/yazmed.ma\/product\/curettes-a-biopsie-novak-24-cm\/#breadcrumb\",\"itemListElement\":[{\"@type\":\"ListItem\",\"position\":1,\"name\":\"Accueil\",\"item\":\"https:\/\/yazmed.ma\/\"},{\"@type\":\"ListItem\",\"position\":2,\"name\":\"Shop\",\"item\":\"https:\/\/yazmed.ma\/shop-2\/\"},{\"@type\":\"ListItem\",\"position\":3,\"name\":\"curettes a biopsie Novak 24 cm\"}]},{\"@type\":\"WebSite\",\"@id\":\"https:\/\/yazmed.ma\/#website\",\"url\":\"https:\/\/yazmed.ma\/\",\"name\":\"Yazmed\",\"description\":\"LEADER DU MAT\u00c9RIEL M\u00c9DICAL AU MAROC\",\"publisher\":{\"@id\":\"https:\/\/yazmed.ma\/#organization\"},\"potentialAction\":[{\"@type\":\"SearchAction\",\"target\":{\"@type\":\"EntryPoint\",\"urlTemplate\":\"https:\/\/yazmed.ma\/?s={search_term_string}\"},\"query-input\":{\"@type\":\"PropertyValueSpecification\",\"valueRequired\":true,\"valueName\":\"search_term_string\"}}],\"inLanguage\":\"ary\"},{\"@type\":\"Organization\",\"@id\":\"https:\/\/yazmed.ma\/#organization\",\"name\":\"Yazmed Healthcare\",\"url\":\"https:\/\/yazmed.ma\/\",\"logo\":{\"@type\":\"ImageObject\",\"inLanguage\":\"ary\",\"@id\":\"https:\/\/yazmed.ma\/#\/schema\/logo\/image\/\",\"url\":\"https:\/\/yazmed.ma\/wp-content\/uploads\/2024\/12\/3.png\",\"contentUrl\":\"https:\/\/yazmed.ma\/wp-content\/uploads\/2024\/12\/3.png\",\"width\":250,\"height\":70,\"caption\":\"Yazmed Healthcare\"},\"image\":{\"@id\":\"https:\/\/yazmed.ma\/#\/schema\/logo\/image\/\"},\"sameAs\":[\"https:\/\/www.facebook.com\/azenkouky\",\"https:\/\/www.instagram.com\/yazmedhealthcare\",\"https:\/\/www.linkedin.com\/in\/yazmed-healthcare-1b4955295\"]}]}<\/script>\n<!-- \/ Yoast SEO plugin. -->","yoast_head_json":{"title":"curettes a biopsie Novak 24 cm - YAZMED","robots":{"index":"index","follow":"follow","max-snippet":"max-snippet:-1","max-image-preview":"max-image-preview:large","max-video-preview":"max-video-preview:-1"},"canonical":"https:\/\/yazmed.ma\/ar\/product\/curettes-a-biopsie-novak-24-cm\/","og_locale":"ar_AR","og_type":"article","og_title":"curettes a biopsie Novak 24 cm - YAZMED","og_description":"curettes a biopsie Novak sont de longs tubes m\u00e9talliques fins munis d'une ouverture lat\u00e9rale \u00e0 leur extr\u00e9mit\u00e9 et d'une seringue d'aspiration. Leur extr\u00e9mit\u00e9 dentel\u00e9e et biseaut\u00e9e permet de pr\u00e9lever des tissus de l'endocol ut\u00e9rus pour biopsie. Disponibles en plusieurs diam\u00e8tres (2 mm, 3 mm et 4 mm) avec embase de Leur, elles mesurent 24,8 cm (9 3\/4 pouces).","og_url":"https:\/\/yazmed.ma\/ar\/product\/curettes-a-biopsie-novak-24-cm\/","og_site_name":"YAZMED","article_publisher":"https:\/\/www.facebook.com\/azenkouky","article_modified_time":"2026-01-10T15:28:42+00:00","og_image":[{"width":570,"height":517,"url":"https:\/\/yazmed.ma\/wp-content\/uploads\/2025\/12\/curettes-a-biopsie-Novak-24-cm.webp","type":"image\/webp"}],"twitter_card":"summary_large_image","schema":{"@context":"https:\/\/schema.org","@graph":[{"@type":"WebPage","@id":"https:\/\/yazmed.ma\/product\/curettes-a-biopsie-novak-24-cm\/","url":"https:\/\/yazmed.ma\/product\/curettes-a-biopsie-novak-24-cm\/","name":"curettes a biopsie Novak 24 cm - YAZMED","isPartOf":{"@id":"https:\/\/yazmed.ma\/#website"},"primaryImageOfPage":{"@id":"https:\/\/yazmed.ma\/product\/curettes-a-biopsie-novak-24-cm\/#primaryimage"},"image":{"@id":"https:\/\/yazmed.ma\/product\/curettes-a-biopsie-novak-24-cm\/#primaryimage"},"thumbnailUrl":"https:\/\/yazmed.ma\/wp-content\/uploads\/2025\/12\/curettes-a-biopsie-Novak-24-cm.webp","datePublished":"2025-12-09T16:26:35+00:00","dateModified":"2026-01-10T15:28:42+00:00","breadcrumb":{"@id":"https:\/\/yazmed.ma\/product\/curettes-a-biopsie-novak-24-cm\/#breadcrumb"},"inLanguage":"ary","potentialAction":[{"@type":"ReadAction","target":["https:\/\/yazmed.ma\/product\/curettes-a-biopsie-novak-24-cm\/"]}]},{"@type":"ImageObject","inLanguage":"ary","@id":"https:\/\/yazmed.ma\/product\/curettes-a-biopsie-novak-24-cm\/#primaryimage","url":"https:\/\/yazmed.ma\/wp-content\/uploads\/2025\/12\/curettes-a-biopsie-Novak-24-cm.webp","contentUrl":"https:\/\/yazmed.ma\/wp-content\/uploads\/2025\/12\/curettes-a-biopsie-Novak-24-cm.webp","width":570,"height":517,"caption":"curettes a biopsie Novak 24 cm"},{"@type":"BreadcrumbList","@id":"https:\/\/yazmed.ma\/product\/curettes-a-biopsie-novak-24-cm\/#breadcrumb","itemListElement":[{"@type":"ListItem","position":1,"name":"Accueil","item":"https:\/\/yazmed.ma\/"},{"@type":"ListItem","position":2,"name":"Shop","item":"https:\/\/yazmed.ma\/shop-2\/"},{"@type":"ListItem","position":3,"name":"curettes a biopsie Novak 24 cm"}]},{"@type":"WebSite","@id":"https:\/\/yazmed.ma\/#website","url":"https:\/\/yazmed.ma\/","name":"Yazmed","description":"LEADER DU MAT\u00c9RIEL M\u00c9DICAL AU MAROC","publisher":{"@id":"https:\/\/yazmed.ma\/#organization"},"potentialAction":[{"@type":"SearchAction","target":{"@type":"EntryPoint","urlTemplate":"https:\/\/yazmed.ma\/?s={search_term_string}"},"query-input":{"@type":"PropertyValueSpecification","valueRequired":true,"valueName":"search_term_string"}}],"inLanguage":"ary"},{"@type":"Organization","@id":"https:\/\/yazmed.ma\/#organization","name":"Yazmed Healthcare","url":"https:\/\/yazmed.ma\/","logo":{"@type":"ImageObject","inLanguage":"ary","@id":"https:\/\/yazmed.ma\/#\/schema\/logo\/image\/","url":"https:\/\/yazmed.ma\/wp-content\/uploads\/2024\/12\/3.png","contentUrl":"https:\/\/yazmed.ma\/wp-content\/uploads\/2024\/12\/3.png","width":250,"height":70,"caption":"Yazmed Healthcare"},"image":{"@id":"https:\/\/yazmed.ma\/#\/schema\/logo\/image\/"},"sameAs":["https:\/\/www.facebook.com\/azenkouky","https:\/\/www.instagram.com\/yazmedhealthcare","https:\/\/www.linkedin.com\/in\/yazmed-healthcare-1b4955295"]}]}},"_links":{"self":[{"href":"https:\/\/yazmed.ma\/ar\/wp-json\/wp\/v2\/product\/2851","targetHints":{"allow":["GET"]}}],"collection":[{"href":"https:\/\/yazmed.ma\/ar\/wp-json\/wp\/v2\/product"}],"about":[{"href":"https:\/\/yazmed.ma\/ar\/wp-json\/wp\/v2\/types\/product"}],"replies":[{"embeddable":true,"href":"https:\/\/yazmed.ma\/ar\/wp-json\/wp\/v2\/comments?post=2851"}],"version-history":[{"count":1,"href":"https:\/\/yazmed.ma\/ar\/wp-json\/wp\/v2\/product\/2851\/revisions"}],"predecessor-version":[{"id":3093,"href":"https:\/\/yazmed.ma\/ar\/wp-json\/wp\/v2\/product\/2851\/revisions\/3093"}],"wp:featuredmedia":[{"embeddable":true,"href":"https:\/\/yazmed.ma\/ar\/wp-json\/wp\/v2\/media\/2852"}],"wp:attachment":[{"href":"https:\/\/yazmed.ma\/ar\/wp-json\/wp\/v2\/media?parent=2851"}],"wp:term":[{"taxonomy":"product_brand","embeddable":true,"href":"https:\/\/yazmed.ma\/ar\/wp-json\/wp\/v2\/product_brand?post=2851"},{"taxonomy":"product_cat","embeddable":true,"href":"https:\/\/yazmed.ma\/ar\/wp-json\/wp\/v2\/product_cat?post=2851"},{"taxonomy":"product_tag","embeddable":true,"href":"https:\/\/yazmed.ma\/ar\/wp-json\/wp\/v2\/product_tag?post=2851"}],"curies":[{"name":"wp","href":"https:\/\/api.w.org\/{rel}","templated":true}]}}