{"id":2847,"date":"2025-12-09T15:14:28","date_gmt":"2025-12-09T15:14:28","guid":{"rendered":"https:\/\/yazmed.ma\/?post_type=product&#038;p=2847"},"modified":"2026-01-10T15:03:19","modified_gmt":"2026-01-10T15:03:19","slug":"bougie-de-hegar-14mm","status":"publish","type":"product","link":"https:\/\/yazmed.ma\/ar\/product\/bougie-de-hegar-14mm\/","title":{"rendered":"Bougie de H\u00e9gar 14mm"},"content":{"rendered":"<div class=\"otQkpb\" role=\"heading\" aria-level=\"3\" data-animation-nesting=\"\" data-sfc-cp=\"\" data-processed=\"true\"><img decoding=\"async\" class=\"emoji\" role=\"img\" draggable=\"false\" src=\"https:\/\/s.w.org\/images\/core\/emoji\/16.0.1\/svg\/2705.svg\" alt=\"\u2705\" \/>\u00a0<strong>Avantages\u00a0<\/strong><\/div>\n<p><span class=\"T286Pc\" data-sfc-cp=\"\" data-processed=\"true\"><strong class=\"Yjhzub\" data-processed=\"true\"><img decoding=\"async\" class=\"emoji\" role=\"img\" draggable=\"false\" src=\"https:\/\/s.w.org\/images\/core\/emoji\/16.0.1\/svg\/2705.svg\" alt=\"\u2705\" \/>\u00a0S\u00e9curit\u00e9 pour le patient :<\/strong>\u00a0Leur surface polie et leur conception r\u00e9duisent les risques de saignements, de l\u00e9sions tissulaires ou d&rsquo;infections.<\/span><\/p>\n<p><span class=\"T286Pc\" data-sfc-cp=\"\" data-processed=\"true\"><strong class=\"Yjhzub\" data-processed=\"true\"><img decoding=\"async\" class=\"emoji\" role=\"img\" draggable=\"false\" src=\"https:\/\/s.w.org\/images\/core\/emoji\/16.0.1\/svg\/2705.svg\" alt=\"\u2705\" \/>\u00a0Polyvalence d&rsquo;utilisation :<\/strong> r\u00e9\u00e9ducation post-accouchement, hyst\u00e9rom\u00e9trie, et certaines pathologies comme le vaginisme.<\/span><\/p>\n<p><span class=\"T286Pc\" data-sfc-cp=\"\" data-processed=\"true\"><strong class=\"Yjhzub\" data-processed=\"true\"><img decoding=\"async\" class=\"emoji\" role=\"img\" draggable=\"false\" src=\"https:\/\/s.w.org\/images\/core\/emoji\/16.0.1\/svg\/2705.svg\" alt=\"\u2705\" \/>\u00a0Efficacit\u00e9 :<\/strong>\u00a0Les mod\u00e8les doubles permettent de passer d&rsquo;une taille \u00e0 l&rsquo;autre plus rapidement, rendant les interventions plus efficaces.<\/span><\/p>\n<p>&nbsp;<\/p>\n<p>&nbsp;<\/p>","protected":false},"excerpt":{"rendered":"<h4><strong>Bougie de H\u00e9gar 14\u00a0<\/strong><\/h4>\n<p><strong>\u00a0<\/strong>\u00a0<strong>dispositif m\u00e9dical<\/strong>\u00a0de classe 1 principalement utilis\u00e9 par les gyn\u00e9cologues obst\u00e9triciens pour la dilatation extemporan\u00e9 du canal du col de l&rsquo;ut\u00e9rus lorsque celui-ci est\u00a0obstru\u00e9<strong>\u00a0<\/strong>ou\u00a0partiellement ouvert, ou la mesure du diam\u00e8tre de l&rsquo;ouverture du col de l&rsquo;ut\u00e9rus.<\/p>\n<p>peut \u00eatre utilis\u00e9 dans la dilatation pr\u00e9-IVG, dans la r\u00e9\u00e9ducation apr\u00e8s l&rsquo;<a title=\"Accouchement\" href=\"https:\/\/fr.wikipedia.org\/wiki\/Accouchement\">accouchement<\/a>.<\/p>\n<p>Simples ou doubles, ils sont en acier inoxydable, st\u00e9rilisables, d\u2019un diam\u00e8tre de 8mm et de 19cm de longueur.<\/p>\n<p>&nbsp;<\/p>\n<p>&nbsp;<\/p>","protected":false},"featured_media":2848,"comment_status":"open","ping_status":"closed","template":"","meta":[],"product_brand":[],"product_cat":[53],"product_tag":[239],"class_list":{"0":"post-2847","1":"product","2":"type-product","3":"status-publish","4":"has-post-thumbnail","6":"product_cat-instrumentation-sutures","7":"product_tag-bougie-de-hegar","9":"first","10":"instock","11":"taxable","12":"shipping-taxable","13":"product-type-simple"},"yoast_head":"<!-- This site is optimized with the Yoast SEO plugin v26.9 - https:\/\/yoast.com\/product\/yoast-seo-wordpress\/ -->\n<title>Bougie de H\u00e9gar 14mm - YAZMED<\/title>\n<meta name=\"robots\" content=\"index, follow, max-snippet:-1, max-image-preview:large, max-video-preview:-1\" \/>\n<link rel=\"canonical\" href=\"https:\/\/yazmed.ma\/ar\/product\/bougie-de-hegar-14mm\/\" \/>\n<meta property=\"og:locale\" content=\"ar_AR\" \/>\n<meta property=\"og:type\" content=\"article\" \/>\n<meta property=\"og:title\" content=\"Bougie de H\u00e9gar 14mm - YAZMED\" \/>\n<meta property=\"og:description\" content=\"Bougie de H\u00e9gar 14\u00a0 \u00a0\u00a0dispositif m\u00e9dical\u00a0de classe 1 principalement utilis\u00e9 par les gyn\u00e9cologues obst\u00e9triciens pour la dilatation extemporan\u00e9 du canal du col de l&#039;ut\u00e9rus lorsque celui-ci est\u00a0obstru\u00e9\u00a0ou\u00a0partiellement ouvert, ou la mesure du diam\u00e8tre de l&#039;ouverture du col de l&#039;ut\u00e9rus.  peut \u00eatre utilis\u00e9 dans la dilatation pr\u00e9-IVG, dans la r\u00e9\u00e9ducation apr\u00e8s l&#039;accouchement.  Simples ou doubles, ils sont en acier inoxydable, st\u00e9rilisables, d\u2019un diam\u00e8tre de 8mm et de 19cm de longueur.  &nbsp;  &nbsp;\" \/>\n<meta property=\"og:url\" content=\"https:\/\/yazmed.ma\/ar\/product\/bougie-de-hegar-14mm\/\" \/>\n<meta property=\"og:site_name\" content=\"YAZMED\" \/>\n<meta property=\"article:publisher\" content=\"https:\/\/www.facebook.com\/azenkouky\" \/>\n<meta property=\"article:modified_time\" content=\"2026-01-10T15:03:19+00:00\" \/>\n<meta property=\"og:image\" content=\"https:\/\/yazmed.ma\/wp-content\/uploads\/2025\/12\/bougie-de-hegar.webp\" \/>\n\t<meta property=\"og:image:width\" content=\"570\" \/>\n\t<meta property=\"og:image:height\" content=\"517\" \/>\n\t<meta property=\"og:image:type\" content=\"image\/webp\" \/>\n<meta name=\"twitter:card\" content=\"summary_large_image\" \/>\n<script type=\"application\/ld+json\" class=\"yoast-schema-graph\">{\"@context\":\"https:\/\/schema.org\",\"@graph\":[{\"@type\":\"WebPage\",\"@id\":\"https:\/\/yazmed.ma\/product\/bougie-de-hegar-14mm\/\",\"url\":\"https:\/\/yazmed.ma\/product\/bougie-de-hegar-14mm\/\",\"name\":\"Bougie de H\u00e9gar 14mm - YAZMED\",\"isPartOf\":{\"@id\":\"https:\/\/yazmed.ma\/#website\"},\"primaryImageOfPage\":{\"@id\":\"https:\/\/yazmed.ma\/product\/bougie-de-hegar-14mm\/#primaryimage\"},\"image\":{\"@id\":\"https:\/\/yazmed.ma\/product\/bougie-de-hegar-14mm\/#primaryimage\"},\"thumbnailUrl\":\"https:\/\/yazmed.ma\/wp-content\/uploads\/2025\/12\/bougie-de-hegar.webp\",\"datePublished\":\"2025-12-09T15:14:28+00:00\",\"dateModified\":\"2026-01-10T15:03:19+00:00\",\"breadcrumb\":{\"@id\":\"https:\/\/yazmed.ma\/product\/bougie-de-hegar-14mm\/#breadcrumb\"},\"inLanguage\":\"ary\",\"potentialAction\":[{\"@type\":\"ReadAction\",\"target\":[\"https:\/\/yazmed.ma\/product\/bougie-de-hegar-14mm\/\"]}]},{\"@type\":\"ImageObject\",\"inLanguage\":\"ary\",\"@id\":\"https:\/\/yazmed.ma\/product\/bougie-de-hegar-14mm\/#primaryimage\",\"url\":\"https:\/\/yazmed.ma\/wp-content\/uploads\/2025\/12\/bougie-de-hegar.webp\",\"contentUrl\":\"https:\/\/yazmed.ma\/wp-content\/uploads\/2025\/12\/bougie-de-hegar.webp\",\"width\":570,\"height\":517,\"caption\":\"Bougie de H\u00e9gar\"},{\"@type\":\"BreadcrumbList\",\"@id\":\"https:\/\/yazmed.ma\/product\/bougie-de-hegar-14mm\/#breadcrumb\",\"itemListElement\":[{\"@type\":\"ListItem\",\"position\":1,\"name\":\"Accueil\",\"item\":\"https:\/\/yazmed.ma\/\"},{\"@type\":\"ListItem\",\"position\":2,\"name\":\"Shop\",\"item\":\"https:\/\/yazmed.ma\/shop-2\/\"},{\"@type\":\"ListItem\",\"position\":3,\"name\":\"Bougie de H\u00e9gar 14mm\"}]},{\"@type\":\"WebSite\",\"@id\":\"https:\/\/yazmed.ma\/#website\",\"url\":\"https:\/\/yazmed.ma\/\",\"name\":\"Yazmed\",\"description\":\"LEADER DU MAT\u00c9RIEL M\u00c9DICAL AU MAROC\",\"publisher\":{\"@id\":\"https:\/\/yazmed.ma\/#organization\"},\"potentialAction\":[{\"@type\":\"SearchAction\",\"target\":{\"@type\":\"EntryPoint\",\"urlTemplate\":\"https:\/\/yazmed.ma\/?s={search_term_string}\"},\"query-input\":{\"@type\":\"PropertyValueSpecification\",\"valueRequired\":true,\"valueName\":\"search_term_string\"}}],\"inLanguage\":\"ary\"},{\"@type\":\"Organization\",\"@id\":\"https:\/\/yazmed.ma\/#organization\",\"name\":\"Yazmed Healthcare\",\"url\":\"https:\/\/yazmed.ma\/\",\"logo\":{\"@type\":\"ImageObject\",\"inLanguage\":\"ary\",\"@id\":\"https:\/\/yazmed.ma\/#\/schema\/logo\/image\/\",\"url\":\"https:\/\/yazmed.ma\/wp-content\/uploads\/2024\/12\/3.png\",\"contentUrl\":\"https:\/\/yazmed.ma\/wp-content\/uploads\/2024\/12\/3.png\",\"width\":250,\"height\":70,\"caption\":\"Yazmed Healthcare\"},\"image\":{\"@id\":\"https:\/\/yazmed.ma\/#\/schema\/logo\/image\/\"},\"sameAs\":[\"https:\/\/www.facebook.com\/azenkouky\",\"https:\/\/www.instagram.com\/yazmedhealthcare\",\"https:\/\/www.linkedin.com\/in\/yazmed-healthcare-1b4955295\"]}]}<\/script>\n<!-- \/ Yoast SEO plugin. -->","yoast_head_json":{"title":"Bougie de H\u00e9gar 14mm - YAZMED","robots":{"index":"index","follow":"follow","max-snippet":"max-snippet:-1","max-image-preview":"max-image-preview:large","max-video-preview":"max-video-preview:-1"},"canonical":"https:\/\/yazmed.ma\/ar\/product\/bougie-de-hegar-14mm\/","og_locale":"ar_AR","og_type":"article","og_title":"Bougie de H\u00e9gar 14mm - YAZMED","og_description":"Bougie de H\u00e9gar 14\u00a0 \u00a0\u00a0dispositif m\u00e9dical\u00a0de classe 1 principalement utilis\u00e9 par les gyn\u00e9cologues obst\u00e9triciens pour la dilatation extemporan\u00e9 du canal du col de l'ut\u00e9rus lorsque celui-ci est\u00a0obstru\u00e9\u00a0ou\u00a0partiellement ouvert, ou la mesure du diam\u00e8tre de l'ouverture du col de l'ut\u00e9rus.  peut \u00eatre utilis\u00e9 dans la dilatation pr\u00e9-IVG, dans la r\u00e9\u00e9ducation apr\u00e8s l'accouchement.  Simples ou doubles, ils sont en acier inoxydable, st\u00e9rilisables, d\u2019un diam\u00e8tre de 8mm et de 19cm de longueur.  &nbsp;  &nbsp;","og_url":"https:\/\/yazmed.ma\/ar\/product\/bougie-de-hegar-14mm\/","og_site_name":"YAZMED","article_publisher":"https:\/\/www.facebook.com\/azenkouky","article_modified_time":"2026-01-10T15:03:19+00:00","og_image":[{"width":570,"height":517,"url":"https:\/\/yazmed.ma\/wp-content\/uploads\/2025\/12\/bougie-de-hegar.webp","type":"image\/webp"}],"twitter_card":"summary_large_image","schema":{"@context":"https:\/\/schema.org","@graph":[{"@type":"WebPage","@id":"https:\/\/yazmed.ma\/product\/bougie-de-hegar-14mm\/","url":"https:\/\/yazmed.ma\/product\/bougie-de-hegar-14mm\/","name":"Bougie de H\u00e9gar 14mm - YAZMED","isPartOf":{"@id":"https:\/\/yazmed.ma\/#website"},"primaryImageOfPage":{"@id":"https:\/\/yazmed.ma\/product\/bougie-de-hegar-14mm\/#primaryimage"},"image":{"@id":"https:\/\/yazmed.ma\/product\/bougie-de-hegar-14mm\/#primaryimage"},"thumbnailUrl":"https:\/\/yazmed.ma\/wp-content\/uploads\/2025\/12\/bougie-de-hegar.webp","datePublished":"2025-12-09T15:14:28+00:00","dateModified":"2026-01-10T15:03:19+00:00","breadcrumb":{"@id":"https:\/\/yazmed.ma\/product\/bougie-de-hegar-14mm\/#breadcrumb"},"inLanguage":"ary","potentialAction":[{"@type":"ReadAction","target":["https:\/\/yazmed.ma\/product\/bougie-de-hegar-14mm\/"]}]},{"@type":"ImageObject","inLanguage":"ary","@id":"https:\/\/yazmed.ma\/product\/bougie-de-hegar-14mm\/#primaryimage","url":"https:\/\/yazmed.ma\/wp-content\/uploads\/2025\/12\/bougie-de-hegar.webp","contentUrl":"https:\/\/yazmed.ma\/wp-content\/uploads\/2025\/12\/bougie-de-hegar.webp","width":570,"height":517,"caption":"Bougie de H\u00e9gar"},{"@type":"BreadcrumbList","@id":"https:\/\/yazmed.ma\/product\/bougie-de-hegar-14mm\/#breadcrumb","itemListElement":[{"@type":"ListItem","position":1,"name":"Accueil","item":"https:\/\/yazmed.ma\/"},{"@type":"ListItem","position":2,"name":"Shop","item":"https:\/\/yazmed.ma\/shop-2\/"},{"@type":"ListItem","position":3,"name":"Bougie de H\u00e9gar 14mm"}]},{"@type":"WebSite","@id":"https:\/\/yazmed.ma\/#website","url":"https:\/\/yazmed.ma\/","name":"Yazmed","description":"LEADER DU MAT\u00c9RIEL M\u00c9DICAL AU MAROC","publisher":{"@id":"https:\/\/yazmed.ma\/#organization"},"potentialAction":[{"@type":"SearchAction","target":{"@type":"EntryPoint","urlTemplate":"https:\/\/yazmed.ma\/?s={search_term_string}"},"query-input":{"@type":"PropertyValueSpecification","valueRequired":true,"valueName":"search_term_string"}}],"inLanguage":"ary"},{"@type":"Organization","@id":"https:\/\/yazmed.ma\/#organization","name":"Yazmed Healthcare","url":"https:\/\/yazmed.ma\/","logo":{"@type":"ImageObject","inLanguage":"ary","@id":"https:\/\/yazmed.ma\/#\/schema\/logo\/image\/","url":"https:\/\/yazmed.ma\/wp-content\/uploads\/2024\/12\/3.png","contentUrl":"https:\/\/yazmed.ma\/wp-content\/uploads\/2024\/12\/3.png","width":250,"height":70,"caption":"Yazmed Healthcare"},"image":{"@id":"https:\/\/yazmed.ma\/#\/schema\/logo\/image\/"},"sameAs":["https:\/\/www.facebook.com\/azenkouky","https:\/\/www.instagram.com\/yazmedhealthcare","https:\/\/www.linkedin.com\/in\/yazmed-healthcare-1b4955295"]}]}},"_links":{"self":[{"href":"https:\/\/yazmed.ma\/ar\/wp-json\/wp\/v2\/product\/2847","targetHints":{"allow":["GET"]}}],"collection":[{"href":"https:\/\/yazmed.ma\/ar\/wp-json\/wp\/v2\/product"}],"about":[{"href":"https:\/\/yazmed.ma\/ar\/wp-json\/wp\/v2\/types\/product"}],"replies":[{"embeddable":true,"href":"https:\/\/yazmed.ma\/ar\/wp-json\/wp\/v2\/comments?post=2847"}],"version-history":[{"count":1,"href":"https:\/\/yazmed.ma\/ar\/wp-json\/wp\/v2\/product\/2847\/revisions"}],"predecessor-version":[{"id":3090,"href":"https:\/\/yazmed.ma\/ar\/wp-json\/wp\/v2\/product\/2847\/revisions\/3090"}],"wp:featuredmedia":[{"embeddable":true,"href":"https:\/\/yazmed.ma\/ar\/wp-json\/wp\/v2\/media\/2848"}],"wp:attachment":[{"href":"https:\/\/yazmed.ma\/ar\/wp-json\/wp\/v2\/media?parent=2847"}],"wp:term":[{"taxonomy":"product_brand","embeddable":true,"href":"https:\/\/yazmed.ma\/ar\/wp-json\/wp\/v2\/product_brand?post=2847"},{"taxonomy":"product_cat","embeddable":true,"href":"https:\/\/yazmed.ma\/ar\/wp-json\/wp\/v2\/product_cat?post=2847"},{"taxonomy":"product_tag","embeddable":true,"href":"https:\/\/yazmed.ma\/ar\/wp-json\/wp\/v2\/product_tag?post=2847"}],"curies":[{"name":"wp","href":"https:\/\/api.w.org\/{rel}","templated":true}]}}