{"id":2841,"date":"2025-11-27T22:34:09","date_gmt":"2025-11-27T22:34:09","guid":{"rendered":"https:\/\/yazmed.ma\/?post_type=product&#038;p=2841"},"modified":"2025-11-27T22:34:09","modified_gmt":"2025-11-27T22:34:09","slug":"pince-biopsie-colonoscopie-2300","status":"publish","type":"product","link":"https:\/\/yazmed.ma\/ar\/product\/pince-biopsie-colonoscopie-2300\/","title":{"rendered":"Pince Biopsie Colonoscopie 2300"},"content":{"rendered":"","protected":false},"excerpt":{"rendered":"<h4>La pince \u00e0 biopsie ovale pour colonoscope adulte StarCare 2300<\/h4>\n<p>est sp\u00e9cialement con\u00e7ue pour les proc\u00e9dures endoscopiques en gastro-ent\u00e9rologie. Sa longueur adapt\u00e9e et sa forme ovale garantissent une manipulation pr\u00e9cise pour un pr\u00e9l\u00e8vement fiable de tissus vivants ainsi que pour l\u2019extraction s\u00e9curis\u00e9e de corps \u00e9trangers dans le tube digestif.<\/p>\n<p><strong>Caract<\/strong><strong>\u00e9ristiques techniques<\/strong><\/p>\n<ul>\n<li>Longueur totale : 2300 mm<\/li>\n<li>Utilisation : pr\u00e9l\u00e8vement de tissus sous endoscopie et retrait de corps \u00e9trangers<\/li>\n<li>Forme ovale : assure une prise optimale pour des \u00e9chantillons de qualit\u00e9<\/li>\n<li>Compatibilit\u00e9 : coloscopes adultes<\/li>\n<\/ul>\n<p><img decoding=\"async\" class=\"\" src=\"https:\/\/starlcare.com\/wp-content\/uploads\/2020\/02\/Logo0.png\" alt=\"Star Care\" width=\"131\" height=\"30\" \/><\/p>","protected":false},"featured_media":2842,"comment_status":"open","ping_status":"closed","template":"","meta":[],"product_brand":[],"product_cat":[16],"product_tag":[238],"class_list":{"0":"post-2841","1":"product","2":"type-product","3":"status-publish","4":"has-post-thumbnail","6":"product_cat-toutes-les-categories","7":"product_tag-pince-a-biopsie-ovale","9":"first","10":"instock","11":"taxable","12":"shipping-taxable","13":"product-type-simple"},"yoast_head":"<!-- This site is optimized with the Yoast SEO plugin v26.9 - https:\/\/yoast.com\/product\/yoast-seo-wordpress\/ -->\n<title>Pince Biopsie Colonoscopie 2300 - YAZMED<\/title>\n<meta name=\"robots\" content=\"index, follow, max-snippet:-1, max-image-preview:large, max-video-preview:-1\" \/>\n<link rel=\"canonical\" href=\"https:\/\/yazmed.ma\/ar\/product\/pince-biopsie-colonoscopie-2300\/\" \/>\n<meta property=\"og:locale\" content=\"ar_AR\" \/>\n<meta property=\"og:type\" content=\"article\" \/>\n<meta property=\"og:title\" content=\"Pince Biopsie Colonoscopie 2300 - YAZMED\" \/>\n<meta property=\"og:description\" content=\"La pince \u00e0 biopsie ovale pour colonoscope adulte StarCare 2300 est sp\u00e9cialement con\u00e7ue pour les proc\u00e9dures endoscopiques en gastro-ent\u00e9rologie. Sa longueur adapt\u00e9e et sa forme ovale garantissent une manipulation pr\u00e9cise pour un pr\u00e9l\u00e8vement fiable de tissus vivants ainsi que pour l\u2019extraction s\u00e9curis\u00e9e de corps \u00e9trangers dans le tube digestif.  Caract\u00e9ristiques techniques   Longueur totale : 2300 mm  Utilisation : pr\u00e9l\u00e8vement de tissus sous endoscopie et retrait de corps \u00e9trangers  Forme ovale : assure une prise optimale pour des \u00e9chantillons de qualit\u00e9  Compatibilit\u00e9 : coloscopes adultes\" \/>\n<meta property=\"og:url\" content=\"https:\/\/yazmed.ma\/ar\/product\/pince-biopsie-colonoscopie-2300\/\" \/>\n<meta property=\"og:site_name\" content=\"YAZMED\" \/>\n<meta property=\"article:publisher\" content=\"https:\/\/www.facebook.com\/azenkouky\" \/>\n<meta property=\"og:image\" content=\"https:\/\/yazmed.ma\/wp-content\/uploads\/2025\/11\/Pince-Biopsie-Colonoscopie-2300.webp\" \/>\n\t<meta property=\"og:image:width\" content=\"570\" \/>\n\t<meta property=\"og:image:height\" content=\"517\" \/>\n\t<meta property=\"og:image:type\" content=\"image\/webp\" \/>\n<meta name=\"twitter:card\" content=\"summary_large_image\" \/>\n<script type=\"application\/ld+json\" class=\"yoast-schema-graph\">{\"@context\":\"https:\/\/schema.org\",\"@graph\":[{\"@type\":\"WebPage\",\"@id\":\"https:\/\/yazmed.ma\/product\/pince-biopsie-colonoscopie-2300\/\",\"url\":\"https:\/\/yazmed.ma\/product\/pince-biopsie-colonoscopie-2300\/\",\"name\":\"Pince Biopsie Colonoscopie 2300 - YAZMED\",\"isPartOf\":{\"@id\":\"https:\/\/yazmed.ma\/#website\"},\"primaryImageOfPage\":{\"@id\":\"https:\/\/yazmed.ma\/product\/pince-biopsie-colonoscopie-2300\/#primaryimage\"},\"image\":{\"@id\":\"https:\/\/yazmed.ma\/product\/pince-biopsie-colonoscopie-2300\/#primaryimage\"},\"thumbnailUrl\":\"https:\/\/yazmed.ma\/wp-content\/uploads\/2025\/11\/Pince-Biopsie-Colonoscopie-2300.webp\",\"datePublished\":\"2025-11-27T22:34:09+00:00\",\"breadcrumb\":{\"@id\":\"https:\/\/yazmed.ma\/product\/pince-biopsie-colonoscopie-2300\/#breadcrumb\"},\"inLanguage\":\"ary\",\"potentialAction\":[{\"@type\":\"ReadAction\",\"target\":[\"https:\/\/yazmed.ma\/product\/pince-biopsie-colonoscopie-2300\/\"]}]},{\"@type\":\"ImageObject\",\"inLanguage\":\"ary\",\"@id\":\"https:\/\/yazmed.ma\/product\/pince-biopsie-colonoscopie-2300\/#primaryimage\",\"url\":\"https:\/\/yazmed.ma\/wp-content\/uploads\/2025\/11\/Pince-Biopsie-Colonoscopie-2300.webp\",\"contentUrl\":\"https:\/\/yazmed.ma\/wp-content\/uploads\/2025\/11\/Pince-Biopsie-Colonoscopie-2300.webp\",\"width\":570,\"height\":517,\"caption\":\"Pince Biopsie Colonoscopie 2300\"},{\"@type\":\"BreadcrumbList\",\"@id\":\"https:\/\/yazmed.ma\/product\/pince-biopsie-colonoscopie-2300\/#breadcrumb\",\"itemListElement\":[{\"@type\":\"ListItem\",\"position\":1,\"name\":\"Accueil\",\"item\":\"https:\/\/yazmed.ma\/\"},{\"@type\":\"ListItem\",\"position\":2,\"name\":\"Shop\",\"item\":\"https:\/\/yazmed.ma\/shop-2\/\"},{\"@type\":\"ListItem\",\"position\":3,\"name\":\"Pince Biopsie Colonoscopie 2300\"}]},{\"@type\":\"WebSite\",\"@id\":\"https:\/\/yazmed.ma\/#website\",\"url\":\"https:\/\/yazmed.ma\/\",\"name\":\"Yazmed\",\"description\":\"LEADER DU MAT\u00c9RIEL M\u00c9DICAL AU MAROC\",\"publisher\":{\"@id\":\"https:\/\/yazmed.ma\/#organization\"},\"potentialAction\":[{\"@type\":\"SearchAction\",\"target\":{\"@type\":\"EntryPoint\",\"urlTemplate\":\"https:\/\/yazmed.ma\/?s={search_term_string}\"},\"query-input\":{\"@type\":\"PropertyValueSpecification\",\"valueRequired\":true,\"valueName\":\"search_term_string\"}}],\"inLanguage\":\"ary\"},{\"@type\":\"Organization\",\"@id\":\"https:\/\/yazmed.ma\/#organization\",\"name\":\"Yazmed Healthcare\",\"url\":\"https:\/\/yazmed.ma\/\",\"logo\":{\"@type\":\"ImageObject\",\"inLanguage\":\"ary\",\"@id\":\"https:\/\/yazmed.ma\/#\/schema\/logo\/image\/\",\"url\":\"https:\/\/yazmed.ma\/wp-content\/uploads\/2024\/12\/3.png\",\"contentUrl\":\"https:\/\/yazmed.ma\/wp-content\/uploads\/2024\/12\/3.png\",\"width\":250,\"height\":70,\"caption\":\"Yazmed Healthcare\"},\"image\":{\"@id\":\"https:\/\/yazmed.ma\/#\/schema\/logo\/image\/\"},\"sameAs\":[\"https:\/\/www.facebook.com\/azenkouky\",\"https:\/\/www.instagram.com\/yazmedhealthcare\",\"https:\/\/www.linkedin.com\/in\/yazmed-healthcare-1b4955295\"]}]}<\/script>\n<!-- \/ Yoast SEO plugin. -->","yoast_head_json":{"title":"Pince Biopsie Colonoscopie 2300 - YAZMED","robots":{"index":"index","follow":"follow","max-snippet":"max-snippet:-1","max-image-preview":"max-image-preview:large","max-video-preview":"max-video-preview:-1"},"canonical":"https:\/\/yazmed.ma\/ar\/product\/pince-biopsie-colonoscopie-2300\/","og_locale":"ar_AR","og_type":"article","og_title":"Pince Biopsie Colonoscopie 2300 - YAZMED","og_description":"La pince \u00e0 biopsie ovale pour colonoscope adulte StarCare 2300 est sp\u00e9cialement con\u00e7ue pour les proc\u00e9dures endoscopiques en gastro-ent\u00e9rologie. Sa longueur adapt\u00e9e et sa forme ovale garantissent une manipulation pr\u00e9cise pour un pr\u00e9l\u00e8vement fiable de tissus vivants ainsi que pour l\u2019extraction s\u00e9curis\u00e9e de corps \u00e9trangers dans le tube digestif.  Caract\u00e9ristiques techniques   Longueur totale : 2300 mm  Utilisation : pr\u00e9l\u00e8vement de tissus sous endoscopie et retrait de corps \u00e9trangers  Forme ovale : assure une prise optimale pour des \u00e9chantillons de qualit\u00e9  Compatibilit\u00e9 : coloscopes adultes","og_url":"https:\/\/yazmed.ma\/ar\/product\/pince-biopsie-colonoscopie-2300\/","og_site_name":"YAZMED","article_publisher":"https:\/\/www.facebook.com\/azenkouky","og_image":[{"width":570,"height":517,"url":"https:\/\/yazmed.ma\/wp-content\/uploads\/2025\/11\/Pince-Biopsie-Colonoscopie-2300.webp","type":"image\/webp"}],"twitter_card":"summary_large_image","schema":{"@context":"https:\/\/schema.org","@graph":[{"@type":"WebPage","@id":"https:\/\/yazmed.ma\/product\/pince-biopsie-colonoscopie-2300\/","url":"https:\/\/yazmed.ma\/product\/pince-biopsie-colonoscopie-2300\/","name":"Pince Biopsie Colonoscopie 2300 - YAZMED","isPartOf":{"@id":"https:\/\/yazmed.ma\/#website"},"primaryImageOfPage":{"@id":"https:\/\/yazmed.ma\/product\/pince-biopsie-colonoscopie-2300\/#primaryimage"},"image":{"@id":"https:\/\/yazmed.ma\/product\/pince-biopsie-colonoscopie-2300\/#primaryimage"},"thumbnailUrl":"https:\/\/yazmed.ma\/wp-content\/uploads\/2025\/11\/Pince-Biopsie-Colonoscopie-2300.webp","datePublished":"2025-11-27T22:34:09+00:00","breadcrumb":{"@id":"https:\/\/yazmed.ma\/product\/pince-biopsie-colonoscopie-2300\/#breadcrumb"},"inLanguage":"ary","potentialAction":[{"@type":"ReadAction","target":["https:\/\/yazmed.ma\/product\/pince-biopsie-colonoscopie-2300\/"]}]},{"@type":"ImageObject","inLanguage":"ary","@id":"https:\/\/yazmed.ma\/product\/pince-biopsie-colonoscopie-2300\/#primaryimage","url":"https:\/\/yazmed.ma\/wp-content\/uploads\/2025\/11\/Pince-Biopsie-Colonoscopie-2300.webp","contentUrl":"https:\/\/yazmed.ma\/wp-content\/uploads\/2025\/11\/Pince-Biopsie-Colonoscopie-2300.webp","width":570,"height":517,"caption":"Pince Biopsie Colonoscopie 2300"},{"@type":"BreadcrumbList","@id":"https:\/\/yazmed.ma\/product\/pince-biopsie-colonoscopie-2300\/#breadcrumb","itemListElement":[{"@type":"ListItem","position":1,"name":"Accueil","item":"https:\/\/yazmed.ma\/"},{"@type":"ListItem","position":2,"name":"Shop","item":"https:\/\/yazmed.ma\/shop-2\/"},{"@type":"ListItem","position":3,"name":"Pince Biopsie Colonoscopie 2300"}]},{"@type":"WebSite","@id":"https:\/\/yazmed.ma\/#website","url":"https:\/\/yazmed.ma\/","name":"Yazmed","description":"LEADER DU MAT\u00c9RIEL M\u00c9DICAL AU MAROC","publisher":{"@id":"https:\/\/yazmed.ma\/#organization"},"potentialAction":[{"@type":"SearchAction","target":{"@type":"EntryPoint","urlTemplate":"https:\/\/yazmed.ma\/?s={search_term_string}"},"query-input":{"@type":"PropertyValueSpecification","valueRequired":true,"valueName":"search_term_string"}}],"inLanguage":"ary"},{"@type":"Organization","@id":"https:\/\/yazmed.ma\/#organization","name":"Yazmed Healthcare","url":"https:\/\/yazmed.ma\/","logo":{"@type":"ImageObject","inLanguage":"ary","@id":"https:\/\/yazmed.ma\/#\/schema\/logo\/image\/","url":"https:\/\/yazmed.ma\/wp-content\/uploads\/2024\/12\/3.png","contentUrl":"https:\/\/yazmed.ma\/wp-content\/uploads\/2024\/12\/3.png","width":250,"height":70,"caption":"Yazmed Healthcare"},"image":{"@id":"https:\/\/yazmed.ma\/#\/schema\/logo\/image\/"},"sameAs":["https:\/\/www.facebook.com\/azenkouky","https:\/\/www.instagram.com\/yazmedhealthcare","https:\/\/www.linkedin.com\/in\/yazmed-healthcare-1b4955295"]}]}},"_links":{"self":[{"href":"https:\/\/yazmed.ma\/ar\/wp-json\/wp\/v2\/product\/2841","targetHints":{"allow":["GET"]}}],"collection":[{"href":"https:\/\/yazmed.ma\/ar\/wp-json\/wp\/v2\/product"}],"about":[{"href":"https:\/\/yazmed.ma\/ar\/wp-json\/wp\/v2\/types\/product"}],"replies":[{"embeddable":true,"href":"https:\/\/yazmed.ma\/ar\/wp-json\/wp\/v2\/comments?post=2841"}],"version-history":[{"count":1,"href":"https:\/\/yazmed.ma\/ar\/wp-json\/wp\/v2\/product\/2841\/revisions"}],"predecessor-version":[{"id":2843,"href":"https:\/\/yazmed.ma\/ar\/wp-json\/wp\/v2\/product\/2841\/revisions\/2843"}],"wp:featuredmedia":[{"embeddable":true,"href":"https:\/\/yazmed.ma\/ar\/wp-json\/wp\/v2\/media\/2842"}],"wp:attachment":[{"href":"https:\/\/yazmed.ma\/ar\/wp-json\/wp\/v2\/media?parent=2841"}],"wp:term":[{"taxonomy":"product_brand","embeddable":true,"href":"https:\/\/yazmed.ma\/ar\/wp-json\/wp\/v2\/product_brand?post=2841"},{"taxonomy":"product_cat","embeddable":true,"href":"https:\/\/yazmed.ma\/ar\/wp-json\/wp\/v2\/product_cat?post=2841"},{"taxonomy":"product_tag","embeddable":true,"href":"https:\/\/yazmed.ma\/ar\/wp-json\/wp\/v2\/product_tag?post=2841"}],"curies":[{"name":"wp","href":"https:\/\/api.w.org\/{rel}","templated":true}]}}