{"id":2836,"date":"2025-11-27T22:02:57","date_gmt":"2025-11-27T22:02:57","guid":{"rendered":"https:\/\/yazmed.ma\/?post_type=product&#038;p=2836"},"modified":"2025-11-27T22:07:08","modified_gmt":"2025-11-27T22:07:08","slug":"aiguille-a-biopsie","status":"publish","type":"product","link":"https:\/\/yazmed.ma\/ar\/product\/aiguille-a-biopsie\/","title":{"rendered":"Biopsie Tru-cut CH 14"},"content":{"rendered":"<p><img decoding=\"async\" class=\"\" src=\"https:\/\/d17eythm3w95tp.cloudfront.net\/media\/15122\/conversions\/bard-medical7972logowikcom-small.webp\" alt=\"BARD \" width=\"49\" height=\"49\" \/><\/p>","protected":false},"excerpt":{"rendered":"<h4>biopsie semi-automatique tru-cut CH 14<\/h4>\n<p>Semi-automatique syst\u00e8me de type Tru-cut avec 2 p\u00e9n\u00e9trations de profondeur (de 10-20mm), dispositif de s\u00e9curit\u00e9.<br \/>\nRep\u00e8res profondeur bouchon sur la canule.<br \/>\nStylet connect\u00e9 au syst\u00e8me avec l\u2019encoche pour maintenir L\u2019\u00e9chantillon dans, sifflet et pointe de p\u00e9n\u00e9tration.<br \/>\nmarker \u00e9chog\u00e8ne: int\u00e9rieure<\/p>\n<p><img decoding=\"async\" class=\"\" src=\"https:\/\/d17eythm3w95tp.cloudfront.net\/media\/15122\/conversions\/bard-medical7972logowikcom-small.webp\" alt=\"BARD \" width=\"49\" height=\"49\" \/><\/p>\n<p>#GYNECOLOGIE#ONCOLOGIE<\/p>","protected":false},"featured_media":2837,"comment_status":"open","ping_status":"closed","template":"","meta":[],"product_brand":[],"product_cat":[51],"product_tag":[],"class_list":{"0":"post-2836","1":"product","2":"type-product","3":"status-publish","4":"has-post-thumbnail","6":"product_cat-bloc-et-reanimation","8":"first","9":"instock","10":"taxable","11":"shipping-taxable","12":"purchasable","13":"product-type-variable"},"yoast_head":"<!-- This site is optimized with the Yoast SEO plugin v26.9 - https:\/\/yoast.com\/product\/yoast-seo-wordpress\/ -->\n<title>Biopsie Tru-cut CH 14 - YAZMED<\/title>\n<meta name=\"robots\" content=\"index, follow, max-snippet:-1, max-image-preview:large, max-video-preview:-1\" \/>\n<link rel=\"canonical\" href=\"https:\/\/yazmed.ma\/ar\/product\/aiguille-a-biopsie\/\" \/>\n<meta property=\"og:locale\" content=\"ar_AR\" \/>\n<meta property=\"og:type\" content=\"article\" \/>\n<meta property=\"og:title\" content=\"Biopsie Tru-cut CH 14 - YAZMED\" \/>\n<meta property=\"og:description\" content=\"biopsie semi-automatique tru-cut CH 14 Semi-automatique syst\u00e8me de type Tru-cut avec 2 p\u00e9n\u00e9trations de profondeur (de 10-20mm), dispositif de s\u00e9curit\u00e9. Rep\u00e8res profondeur bouchon sur la canule. Stylet connect\u00e9 au syst\u00e8me avec l\u2019encoche pour maintenir L\u2019\u00e9chantillon dans, sifflet et pointe de p\u00e9n\u00e9tration. marker \u00e9chog\u00e8ne: int\u00e9rieure    #GYNECOLOGIE#ONCOLOGIE\" \/>\n<meta property=\"og:url\" content=\"https:\/\/yazmed.ma\/ar\/product\/aiguille-a-biopsie\/\" \/>\n<meta property=\"og:site_name\" content=\"YAZMED\" \/>\n<meta property=\"article:publisher\" content=\"https:\/\/www.facebook.com\/azenkouky\" \/>\n<meta property=\"article:modified_time\" content=\"2025-11-27T22:07:08+00:00\" \/>\n<meta property=\"og:image\" content=\"https:\/\/yazmed.ma\/wp-content\/uploads\/2025\/11\/Biopsie-Tru-cut-CH-14.webp\" \/>\n\t<meta property=\"og:image:width\" content=\"570\" \/>\n\t<meta property=\"og:image:height\" content=\"517\" \/>\n\t<meta property=\"og:image:type\" content=\"image\/webp\" \/>\n<meta name=\"twitter:card\" content=\"summary_large_image\" \/>\n<script type=\"application\/ld+json\" class=\"yoast-schema-graph\">{\"@context\":\"https:\/\/schema.org\",\"@graph\":[{\"@type\":\"WebPage\",\"@id\":\"https:\/\/yazmed.ma\/product\/aiguille-a-biopsie\/\",\"url\":\"https:\/\/yazmed.ma\/product\/aiguille-a-biopsie\/\",\"name\":\"Biopsie Tru-cut CH 14 - YAZMED\",\"isPartOf\":{\"@id\":\"https:\/\/yazmed.ma\/#website\"},\"primaryImageOfPage\":{\"@id\":\"https:\/\/yazmed.ma\/product\/aiguille-a-biopsie\/#primaryimage\"},\"image\":{\"@id\":\"https:\/\/yazmed.ma\/product\/aiguille-a-biopsie\/#primaryimage\"},\"thumbnailUrl\":\"https:\/\/yazmed.ma\/wp-content\/uploads\/2025\/11\/Biopsie-Tru-cut-CH-14.webp\",\"datePublished\":\"2025-11-27T22:02:57+00:00\",\"dateModified\":\"2025-11-27T22:07:08+00:00\",\"breadcrumb\":{\"@id\":\"https:\/\/yazmed.ma\/product\/aiguille-a-biopsie\/#breadcrumb\"},\"inLanguage\":\"ary\",\"potentialAction\":[{\"@type\":\"ReadAction\",\"target\":[\"https:\/\/yazmed.ma\/product\/aiguille-a-biopsie\/\"]}]},{\"@type\":\"ImageObject\",\"inLanguage\":\"ary\",\"@id\":\"https:\/\/yazmed.ma\/product\/aiguille-a-biopsie\/#primaryimage\",\"url\":\"https:\/\/yazmed.ma\/wp-content\/uploads\/2025\/11\/Biopsie-Tru-cut-CH-14.webp\",\"contentUrl\":\"https:\/\/yazmed.ma\/wp-content\/uploads\/2025\/11\/Biopsie-Tru-cut-CH-14.webp\",\"width\":570,\"height\":517,\"caption\":\"Aiguille a Biopsie Tru-cut CH 14\"},{\"@type\":\"BreadcrumbList\",\"@id\":\"https:\/\/yazmed.ma\/product\/aiguille-a-biopsie\/#breadcrumb\",\"itemListElement\":[{\"@type\":\"ListItem\",\"position\":1,\"name\":\"Accueil\",\"item\":\"https:\/\/yazmed.ma\/\"},{\"@type\":\"ListItem\",\"position\":2,\"name\":\"Shop\",\"item\":\"https:\/\/yazmed.ma\/shop-2\/\"},{\"@type\":\"ListItem\",\"position\":3,\"name\":\"Biopsie Tru-cut CH 14\"}]},{\"@type\":\"WebSite\",\"@id\":\"https:\/\/yazmed.ma\/#website\",\"url\":\"https:\/\/yazmed.ma\/\",\"name\":\"Yazmed\",\"description\":\"LEADER DU MAT\u00c9RIEL M\u00c9DICAL AU MAROC\",\"publisher\":{\"@id\":\"https:\/\/yazmed.ma\/#organization\"},\"potentialAction\":[{\"@type\":\"SearchAction\",\"target\":{\"@type\":\"EntryPoint\",\"urlTemplate\":\"https:\/\/yazmed.ma\/?s={search_term_string}\"},\"query-input\":{\"@type\":\"PropertyValueSpecification\",\"valueRequired\":true,\"valueName\":\"search_term_string\"}}],\"inLanguage\":\"ary\"},{\"@type\":\"Organization\",\"@id\":\"https:\/\/yazmed.ma\/#organization\",\"name\":\"Yazmed Healthcare\",\"url\":\"https:\/\/yazmed.ma\/\",\"logo\":{\"@type\":\"ImageObject\",\"inLanguage\":\"ary\",\"@id\":\"https:\/\/yazmed.ma\/#\/schema\/logo\/image\/\",\"url\":\"https:\/\/yazmed.ma\/wp-content\/uploads\/2024\/12\/3.png\",\"contentUrl\":\"https:\/\/yazmed.ma\/wp-content\/uploads\/2024\/12\/3.png\",\"width\":250,\"height\":70,\"caption\":\"Yazmed Healthcare\"},\"image\":{\"@id\":\"https:\/\/yazmed.ma\/#\/schema\/logo\/image\/\"},\"sameAs\":[\"https:\/\/www.facebook.com\/azenkouky\",\"https:\/\/www.instagram.com\/yazmedhealthcare\",\"https:\/\/www.linkedin.com\/in\/yazmed-healthcare-1b4955295\"]}]}<\/script>\n<!-- \/ Yoast SEO plugin. -->","yoast_head_json":{"title":"Biopsie Tru-cut CH 14 - YAZMED","robots":{"index":"index","follow":"follow","max-snippet":"max-snippet:-1","max-image-preview":"max-image-preview:large","max-video-preview":"max-video-preview:-1"},"canonical":"https:\/\/yazmed.ma\/ar\/product\/aiguille-a-biopsie\/","og_locale":"ar_AR","og_type":"article","og_title":"Biopsie Tru-cut CH 14 - YAZMED","og_description":"biopsie semi-automatique tru-cut CH 14 Semi-automatique syst\u00e8me de type Tru-cut avec 2 p\u00e9n\u00e9trations de profondeur (de 10-20mm), dispositif de s\u00e9curit\u00e9. Rep\u00e8res profondeur bouchon sur la canule. Stylet connect\u00e9 au syst\u00e8me avec l\u2019encoche pour maintenir L\u2019\u00e9chantillon dans, sifflet et pointe de p\u00e9n\u00e9tration. marker \u00e9chog\u00e8ne: int\u00e9rieure    #GYNECOLOGIE#ONCOLOGIE","og_url":"https:\/\/yazmed.ma\/ar\/product\/aiguille-a-biopsie\/","og_site_name":"YAZMED","article_publisher":"https:\/\/www.facebook.com\/azenkouky","article_modified_time":"2025-11-27T22:07:08+00:00","og_image":[{"width":570,"height":517,"url":"https:\/\/yazmed.ma\/wp-content\/uploads\/2025\/11\/Biopsie-Tru-cut-CH-14.webp","type":"image\/webp"}],"twitter_card":"summary_large_image","schema":{"@context":"https:\/\/schema.org","@graph":[{"@type":"WebPage","@id":"https:\/\/yazmed.ma\/product\/aiguille-a-biopsie\/","url":"https:\/\/yazmed.ma\/product\/aiguille-a-biopsie\/","name":"Biopsie Tru-cut CH 14 - YAZMED","isPartOf":{"@id":"https:\/\/yazmed.ma\/#website"},"primaryImageOfPage":{"@id":"https:\/\/yazmed.ma\/product\/aiguille-a-biopsie\/#primaryimage"},"image":{"@id":"https:\/\/yazmed.ma\/product\/aiguille-a-biopsie\/#primaryimage"},"thumbnailUrl":"https:\/\/yazmed.ma\/wp-content\/uploads\/2025\/11\/Biopsie-Tru-cut-CH-14.webp","datePublished":"2025-11-27T22:02:57+00:00","dateModified":"2025-11-27T22:07:08+00:00","breadcrumb":{"@id":"https:\/\/yazmed.ma\/product\/aiguille-a-biopsie\/#breadcrumb"},"inLanguage":"ary","potentialAction":[{"@type":"ReadAction","target":["https:\/\/yazmed.ma\/product\/aiguille-a-biopsie\/"]}]},{"@type":"ImageObject","inLanguage":"ary","@id":"https:\/\/yazmed.ma\/product\/aiguille-a-biopsie\/#primaryimage","url":"https:\/\/yazmed.ma\/wp-content\/uploads\/2025\/11\/Biopsie-Tru-cut-CH-14.webp","contentUrl":"https:\/\/yazmed.ma\/wp-content\/uploads\/2025\/11\/Biopsie-Tru-cut-CH-14.webp","width":570,"height":517,"caption":"Aiguille a Biopsie Tru-cut CH 14"},{"@type":"BreadcrumbList","@id":"https:\/\/yazmed.ma\/product\/aiguille-a-biopsie\/#breadcrumb","itemListElement":[{"@type":"ListItem","position":1,"name":"Accueil","item":"https:\/\/yazmed.ma\/"},{"@type":"ListItem","position":2,"name":"Shop","item":"https:\/\/yazmed.ma\/shop-2\/"},{"@type":"ListItem","position":3,"name":"Biopsie Tru-cut CH 14"}]},{"@type":"WebSite","@id":"https:\/\/yazmed.ma\/#website","url":"https:\/\/yazmed.ma\/","name":"Yazmed","description":"LEADER DU MAT\u00c9RIEL M\u00c9DICAL AU MAROC","publisher":{"@id":"https:\/\/yazmed.ma\/#organization"},"potentialAction":[{"@type":"SearchAction","target":{"@type":"EntryPoint","urlTemplate":"https:\/\/yazmed.ma\/?s={search_term_string}"},"query-input":{"@type":"PropertyValueSpecification","valueRequired":true,"valueName":"search_term_string"}}],"inLanguage":"ary"},{"@type":"Organization","@id":"https:\/\/yazmed.ma\/#organization","name":"Yazmed Healthcare","url":"https:\/\/yazmed.ma\/","logo":{"@type":"ImageObject","inLanguage":"ary","@id":"https:\/\/yazmed.ma\/#\/schema\/logo\/image\/","url":"https:\/\/yazmed.ma\/wp-content\/uploads\/2024\/12\/3.png","contentUrl":"https:\/\/yazmed.ma\/wp-content\/uploads\/2024\/12\/3.png","width":250,"height":70,"caption":"Yazmed Healthcare"},"image":{"@id":"https:\/\/yazmed.ma\/#\/schema\/logo\/image\/"},"sameAs":["https:\/\/www.facebook.com\/azenkouky","https:\/\/www.instagram.com\/yazmedhealthcare","https:\/\/www.linkedin.com\/in\/yazmed-healthcare-1b4955295"]}]}},"_links":{"self":[{"href":"https:\/\/yazmed.ma\/ar\/wp-json\/wp\/v2\/product\/2836","targetHints":{"allow":["GET"]}}],"collection":[{"href":"https:\/\/yazmed.ma\/ar\/wp-json\/wp\/v2\/product"}],"about":[{"href":"https:\/\/yazmed.ma\/ar\/wp-json\/wp\/v2\/types\/product"}],"replies":[{"embeddable":true,"href":"https:\/\/yazmed.ma\/ar\/wp-json\/wp\/v2\/comments?post=2836"}],"version-history":[{"count":0,"href":"https:\/\/yazmed.ma\/ar\/wp-json\/wp\/v2\/product\/2836\/revisions"}],"wp:featuredmedia":[{"embeddable":true,"href":"https:\/\/yazmed.ma\/ar\/wp-json\/wp\/v2\/media\/2837"}],"wp:attachment":[{"href":"https:\/\/yazmed.ma\/ar\/wp-json\/wp\/v2\/media?parent=2836"}],"wp:term":[{"taxonomy":"product_brand","embeddable":true,"href":"https:\/\/yazmed.ma\/ar\/wp-json\/wp\/v2\/product_brand?post=2836"},{"taxonomy":"product_cat","embeddable":true,"href":"https:\/\/yazmed.ma\/ar\/wp-json\/wp\/v2\/product_cat?post=2836"},{"taxonomy":"product_tag","embeddable":true,"href":"https:\/\/yazmed.ma\/ar\/wp-json\/wp\/v2\/product_tag?post=2836"}],"curies":[{"name":"wp","href":"https:\/\/api.w.org\/{rel}","templated":true}]}}