{"id":2833,"date":"2025-11-27T21:22:59","date_gmt":"2025-11-27T21:22:59","guid":{"rendered":"https:\/\/yazmed.ma\/?post_type=product&#038;p=2833"},"modified":"2025-11-27T21:25:51","modified_gmt":"2025-11-27T21:25:51","slug":"kit-de-nephrostomie-ch-8","status":"publish","type":"product","link":"https:\/\/yazmed.ma\/ar\/product\/kit-de-nephrostomie-ch-8\/","title":{"rendered":"KIT DE NEPHROSTOMIE CH 8"},"content":{"rendered":"<p>&nbsp;<\/p>\n<p>Prolongateur de cath\u00e9ter en m\u00e9tal, longueur 325 mm, avec stylet en plastique<\/p>\n<p><img decoding=\"async\" class=\"\" src=\"https:\/\/promamec.com\/assets\/site\/images\/marques\/pb54zi7roh.png\" alt=\"Rusch\" width=\"102\" height=\"26\" \/><\/p>\n<p><a href=\"https:\/\/p.widencdn.net\/rf3kyu\/PDAC_confirmation-MMG_H2O_single_1-20141\" target=\"_blank\" rel=\"noopener\"><span dir=\"auto\">V\u00e9rification du code PDAC<\/span><\/a><\/p>","protected":false},"excerpt":{"rendered":"<h4>Le KIT de n\u00e9phrostomie CH 8<\/h4>\n<p>percutan\u00e9e est destin\u00e9 \u00e0 la d\u00e9compression des voies urinaires sup\u00e9rieures par drainage des fluides des reins, de l\u2019ur\u00e8tre ou de la vessie en raison de la formation de calculs d\u2019obstruction. Un cath\u00e9ter de drainage fabriqu\u00e9 en PU avec diff\u00e9rentes configurations de pointe ; Malecot, Pigtail avec les \u00e9l\u00e9ments n\u00e9cessaires pour la proc\u00e9dure tels que : dilatateurs, aiguille, fil de guidage, connecteur de sac de drainage.<\/p>\n<ul class=\"list-inline\">\n<li>Urologie<\/li>\n<\/ul>\n<p><img decoding=\"async\" class=\"\" src=\"https:\/\/promamec.com\/assets\/site\/images\/marques\/pb54zi7roh.png\" alt=\"Rusch\" width=\"102\" height=\"26\" \/><\/p>\n<p>&nbsp;<\/p>","protected":false},"featured_media":2834,"comment_status":"open","ping_status":"closed","template":"","meta":[],"product_brand":[],"product_cat":[51],"product_tag":[236,237],"class_list":{"0":"post-2833","1":"product","2":"type-product","3":"status-publish","4":"has-post-thumbnail","6":"product_cat-bloc-et-reanimation","7":"product_tag-kit-de-nephrostomie","8":"product_tag-kits-de-ponction","10":"first","11":"instock","12":"taxable","13":"shipping-taxable","14":"product-type-simple"},"yoast_head":"<!-- This site is optimized with the Yoast SEO plugin v26.9 - https:\/\/yoast.com\/product\/yoast-seo-wordpress\/ -->\n<title>KIT DE NEPHROSTOMIE CH 8 - YAZMED<\/title>\n<meta name=\"robots\" content=\"index, follow, max-snippet:-1, max-image-preview:large, max-video-preview:-1\" \/>\n<link rel=\"canonical\" href=\"https:\/\/yazmed.ma\/ar\/product\/kit-de-nephrostomie-ch-8\/\" \/>\n<meta property=\"og:locale\" content=\"ar_AR\" \/>\n<meta property=\"og:type\" content=\"article\" \/>\n<meta property=\"og:title\" content=\"KIT DE NEPHROSTOMIE CH 8 - YAZMED\" \/>\n<meta property=\"og:description\" content=\"Le KIT de n\u00e9phrostomie CH 8 percutan\u00e9e est destin\u00e9 \u00e0 la d\u00e9compression des voies urinaires sup\u00e9rieures par drainage des fluides des reins, de l\u2019ur\u00e8tre ou de la vessie en raison de la formation de calculs d\u2019obstruction. Un cath\u00e9ter de drainage fabriqu\u00e9 en PU avec diff\u00e9rentes configurations de pointe ; Malecot, Pigtail avec les \u00e9l\u00e9ments n\u00e9cessaires pour la proc\u00e9dure tels que : dilatateurs, aiguille, fil de guidage, connecteur de sac de drainage.   Urologie    &nbsp;\" \/>\n<meta property=\"og:url\" content=\"https:\/\/yazmed.ma\/ar\/product\/kit-de-nephrostomie-ch-8\/\" \/>\n<meta property=\"og:site_name\" content=\"YAZMED\" \/>\n<meta property=\"article:publisher\" content=\"https:\/\/www.facebook.com\/azenkouky\" \/>\n<meta property=\"article:modified_time\" content=\"2025-11-27T21:25:51+00:00\" \/>\n<meta property=\"og:image\" content=\"https:\/\/yazmed.ma\/wp-content\/uploads\/2025\/11\/KIT-DE-NEPHROSTOMIE.webp\" \/>\n\t<meta property=\"og:image:width\" content=\"570\" \/>\n\t<meta property=\"og:image:height\" content=\"517\" \/>\n\t<meta property=\"og:image:type\" content=\"image\/webp\" \/>\n<meta name=\"twitter:card\" content=\"summary_large_image\" \/>\n<script type=\"application\/ld+json\" class=\"yoast-schema-graph\">{\"@context\":\"https:\/\/schema.org\",\"@graph\":[{\"@type\":\"WebPage\",\"@id\":\"https:\/\/yazmed.ma\/product\/kit-de-nephrostomie-ch-8\/\",\"url\":\"https:\/\/yazmed.ma\/product\/kit-de-nephrostomie-ch-8\/\",\"name\":\"KIT DE NEPHROSTOMIE CH 8 - YAZMED\",\"isPartOf\":{\"@id\":\"https:\/\/yazmed.ma\/#website\"},\"primaryImageOfPage\":{\"@id\":\"https:\/\/yazmed.ma\/product\/kit-de-nephrostomie-ch-8\/#primaryimage\"},\"image\":{\"@id\":\"https:\/\/yazmed.ma\/product\/kit-de-nephrostomie-ch-8\/#primaryimage\"},\"thumbnailUrl\":\"https:\/\/yazmed.ma\/wp-content\/uploads\/2025\/11\/KIT-DE-NEPHROSTOMIE.webp\",\"datePublished\":\"2025-11-27T21:22:59+00:00\",\"dateModified\":\"2025-11-27T21:25:51+00:00\",\"breadcrumb\":{\"@id\":\"https:\/\/yazmed.ma\/product\/kit-de-nephrostomie-ch-8\/#breadcrumb\"},\"inLanguage\":\"ary\",\"potentialAction\":[{\"@type\":\"ReadAction\",\"target\":[\"https:\/\/yazmed.ma\/product\/kit-de-nephrostomie-ch-8\/\"]}]},{\"@type\":\"ImageObject\",\"inLanguage\":\"ary\",\"@id\":\"https:\/\/yazmed.ma\/product\/kit-de-nephrostomie-ch-8\/#primaryimage\",\"url\":\"https:\/\/yazmed.ma\/wp-content\/uploads\/2025\/11\/KIT-DE-NEPHROSTOMIE.webp\",\"contentUrl\":\"https:\/\/yazmed.ma\/wp-content\/uploads\/2025\/11\/KIT-DE-NEPHROSTOMIE.webp\",\"width\":570,\"height\":517,\"caption\":\"KIT DE NEPHROSTOMIE\"},{\"@type\":\"BreadcrumbList\",\"@id\":\"https:\/\/yazmed.ma\/product\/kit-de-nephrostomie-ch-8\/#breadcrumb\",\"itemListElement\":[{\"@type\":\"ListItem\",\"position\":1,\"name\":\"Accueil\",\"item\":\"https:\/\/yazmed.ma\/\"},{\"@type\":\"ListItem\",\"position\":2,\"name\":\"Shop\",\"item\":\"https:\/\/yazmed.ma\/shop-2\/\"},{\"@type\":\"ListItem\",\"position\":3,\"name\":\"KIT DE NEPHROSTOMIE CH 8\"}]},{\"@type\":\"WebSite\",\"@id\":\"https:\/\/yazmed.ma\/#website\",\"url\":\"https:\/\/yazmed.ma\/\",\"name\":\"Yazmed\",\"description\":\"LEADER DU MAT\u00c9RIEL M\u00c9DICAL AU MAROC\",\"publisher\":{\"@id\":\"https:\/\/yazmed.ma\/#organization\"},\"potentialAction\":[{\"@type\":\"SearchAction\",\"target\":{\"@type\":\"EntryPoint\",\"urlTemplate\":\"https:\/\/yazmed.ma\/?s={search_term_string}\"},\"query-input\":{\"@type\":\"PropertyValueSpecification\",\"valueRequired\":true,\"valueName\":\"search_term_string\"}}],\"inLanguage\":\"ary\"},{\"@type\":\"Organization\",\"@id\":\"https:\/\/yazmed.ma\/#organization\",\"name\":\"Yazmed Healthcare\",\"url\":\"https:\/\/yazmed.ma\/\",\"logo\":{\"@type\":\"ImageObject\",\"inLanguage\":\"ary\",\"@id\":\"https:\/\/yazmed.ma\/#\/schema\/logo\/image\/\",\"url\":\"https:\/\/yazmed.ma\/wp-content\/uploads\/2024\/12\/3.png\",\"contentUrl\":\"https:\/\/yazmed.ma\/wp-content\/uploads\/2024\/12\/3.png\",\"width\":250,\"height\":70,\"caption\":\"Yazmed Healthcare\"},\"image\":{\"@id\":\"https:\/\/yazmed.ma\/#\/schema\/logo\/image\/\"},\"sameAs\":[\"https:\/\/www.facebook.com\/azenkouky\",\"https:\/\/www.instagram.com\/yazmedhealthcare\",\"https:\/\/www.linkedin.com\/in\/yazmed-healthcare-1b4955295\"]}]}<\/script>\n<!-- \/ Yoast SEO plugin. -->","yoast_head_json":{"title":"KIT DE NEPHROSTOMIE CH 8 - YAZMED","robots":{"index":"index","follow":"follow","max-snippet":"max-snippet:-1","max-image-preview":"max-image-preview:large","max-video-preview":"max-video-preview:-1"},"canonical":"https:\/\/yazmed.ma\/ar\/product\/kit-de-nephrostomie-ch-8\/","og_locale":"ar_AR","og_type":"article","og_title":"KIT DE NEPHROSTOMIE CH 8 - YAZMED","og_description":"Le KIT de n\u00e9phrostomie CH 8 percutan\u00e9e est destin\u00e9 \u00e0 la d\u00e9compression des voies urinaires sup\u00e9rieures par drainage des fluides des reins, de l\u2019ur\u00e8tre ou de la vessie en raison de la formation de calculs d\u2019obstruction. Un cath\u00e9ter de drainage fabriqu\u00e9 en PU avec diff\u00e9rentes configurations de pointe ; Malecot, Pigtail avec les \u00e9l\u00e9ments n\u00e9cessaires pour la proc\u00e9dure tels que : dilatateurs, aiguille, fil de guidage, connecteur de sac de drainage.   Urologie    &nbsp;","og_url":"https:\/\/yazmed.ma\/ar\/product\/kit-de-nephrostomie-ch-8\/","og_site_name":"YAZMED","article_publisher":"https:\/\/www.facebook.com\/azenkouky","article_modified_time":"2025-11-27T21:25:51+00:00","og_image":[{"width":570,"height":517,"url":"https:\/\/yazmed.ma\/wp-content\/uploads\/2025\/11\/KIT-DE-NEPHROSTOMIE.webp","type":"image\/webp"}],"twitter_card":"summary_large_image","schema":{"@context":"https:\/\/schema.org","@graph":[{"@type":"WebPage","@id":"https:\/\/yazmed.ma\/product\/kit-de-nephrostomie-ch-8\/","url":"https:\/\/yazmed.ma\/product\/kit-de-nephrostomie-ch-8\/","name":"KIT DE NEPHROSTOMIE CH 8 - YAZMED","isPartOf":{"@id":"https:\/\/yazmed.ma\/#website"},"primaryImageOfPage":{"@id":"https:\/\/yazmed.ma\/product\/kit-de-nephrostomie-ch-8\/#primaryimage"},"image":{"@id":"https:\/\/yazmed.ma\/product\/kit-de-nephrostomie-ch-8\/#primaryimage"},"thumbnailUrl":"https:\/\/yazmed.ma\/wp-content\/uploads\/2025\/11\/KIT-DE-NEPHROSTOMIE.webp","datePublished":"2025-11-27T21:22:59+00:00","dateModified":"2025-11-27T21:25:51+00:00","breadcrumb":{"@id":"https:\/\/yazmed.ma\/product\/kit-de-nephrostomie-ch-8\/#breadcrumb"},"inLanguage":"ary","potentialAction":[{"@type":"ReadAction","target":["https:\/\/yazmed.ma\/product\/kit-de-nephrostomie-ch-8\/"]}]},{"@type":"ImageObject","inLanguage":"ary","@id":"https:\/\/yazmed.ma\/product\/kit-de-nephrostomie-ch-8\/#primaryimage","url":"https:\/\/yazmed.ma\/wp-content\/uploads\/2025\/11\/KIT-DE-NEPHROSTOMIE.webp","contentUrl":"https:\/\/yazmed.ma\/wp-content\/uploads\/2025\/11\/KIT-DE-NEPHROSTOMIE.webp","width":570,"height":517,"caption":"KIT DE NEPHROSTOMIE"},{"@type":"BreadcrumbList","@id":"https:\/\/yazmed.ma\/product\/kit-de-nephrostomie-ch-8\/#breadcrumb","itemListElement":[{"@type":"ListItem","position":1,"name":"Accueil","item":"https:\/\/yazmed.ma\/"},{"@type":"ListItem","position":2,"name":"Shop","item":"https:\/\/yazmed.ma\/shop-2\/"},{"@type":"ListItem","position":3,"name":"KIT DE NEPHROSTOMIE CH 8"}]},{"@type":"WebSite","@id":"https:\/\/yazmed.ma\/#website","url":"https:\/\/yazmed.ma\/","name":"Yazmed","description":"LEADER DU MAT\u00c9RIEL M\u00c9DICAL AU MAROC","publisher":{"@id":"https:\/\/yazmed.ma\/#organization"},"potentialAction":[{"@type":"SearchAction","target":{"@type":"EntryPoint","urlTemplate":"https:\/\/yazmed.ma\/?s={search_term_string}"},"query-input":{"@type":"PropertyValueSpecification","valueRequired":true,"valueName":"search_term_string"}}],"inLanguage":"ary"},{"@type":"Organization","@id":"https:\/\/yazmed.ma\/#organization","name":"Yazmed Healthcare","url":"https:\/\/yazmed.ma\/","logo":{"@type":"ImageObject","inLanguage":"ary","@id":"https:\/\/yazmed.ma\/#\/schema\/logo\/image\/","url":"https:\/\/yazmed.ma\/wp-content\/uploads\/2024\/12\/3.png","contentUrl":"https:\/\/yazmed.ma\/wp-content\/uploads\/2024\/12\/3.png","width":250,"height":70,"caption":"Yazmed Healthcare"},"image":{"@id":"https:\/\/yazmed.ma\/#\/schema\/logo\/image\/"},"sameAs":["https:\/\/www.facebook.com\/azenkouky","https:\/\/www.instagram.com\/yazmedhealthcare","https:\/\/www.linkedin.com\/in\/yazmed-healthcare-1b4955295"]}]}},"_links":{"self":[{"href":"https:\/\/yazmed.ma\/ar\/wp-json\/wp\/v2\/product\/2833","targetHints":{"allow":["GET"]}}],"collection":[{"href":"https:\/\/yazmed.ma\/ar\/wp-json\/wp\/v2\/product"}],"about":[{"href":"https:\/\/yazmed.ma\/ar\/wp-json\/wp\/v2\/types\/product"}],"replies":[{"embeddable":true,"href":"https:\/\/yazmed.ma\/ar\/wp-json\/wp\/v2\/comments?post=2833"}],"version-history":[{"count":1,"href":"https:\/\/yazmed.ma\/ar\/wp-json\/wp\/v2\/product\/2833\/revisions"}],"predecessor-version":[{"id":2835,"href":"https:\/\/yazmed.ma\/ar\/wp-json\/wp\/v2\/product\/2833\/revisions\/2835"}],"wp:featuredmedia":[{"embeddable":true,"href":"https:\/\/yazmed.ma\/ar\/wp-json\/wp\/v2\/media\/2834"}],"wp:attachment":[{"href":"https:\/\/yazmed.ma\/ar\/wp-json\/wp\/v2\/media?parent=2833"}],"wp:term":[{"taxonomy":"product_brand","embeddable":true,"href":"https:\/\/yazmed.ma\/ar\/wp-json\/wp\/v2\/product_brand?post=2833"},{"taxonomy":"product_cat","embeddable":true,"href":"https:\/\/yazmed.ma\/ar\/wp-json\/wp\/v2\/product_cat?post=2833"},{"taxonomy":"product_tag","embeddable":true,"href":"https:\/\/yazmed.ma\/ar\/wp-json\/wp\/v2\/product_tag?post=2833"}],"curies":[{"name":"wp","href":"https:\/\/api.w.org\/{rel}","templated":true}]}}