{"id":2829,"date":"2025-11-25T21:28:26","date_gmt":"2025-11-25T21:28:26","guid":{"rendered":"https:\/\/yazmed.ma\/?post_type=product&#038;p=2829"},"modified":"2025-11-25T21:35:56","modified_gmt":"2025-11-25T21:35:56","slug":"sterilet-multiload-cu-375","status":"publish","type":"product","link":"https:\/\/yazmed.ma\/ar\/product\/sterilet-multiload-cu-375\/","title":{"rendered":"STERILET MULTILOAD CU 375"},"content":{"rendered":"<p>Les bras lat\u00e9raux de ce st\u00e9rilet sont flexibles, faits d&rsquo;un m\u00e9lange de poly\u00e9thyl\u00e8ne de haute densit\u00e9, de copolym\u00e8re d&rsquo;\u00e9thyl\u00e8ne ac\u00e9tate de vinyle et de sulfate de baryum selon un rapport pond\u00e9ral de 44\/36\/20.<\/p>\n<p>Un fil de cuivre est enroul\u00e9 autour de la tige, donnant une surface totale de cuivre de 375 mm\u00b2. Un fil de nylon unique est attach\u00e9 \u00e0 la tige.<br \/>\nLa longueur de la tige du st\u00e9rilet de taille standard est de 35 mm ; la tige du st\u00e9rilet court (short) est de 30 mm.<\/p>\n<p>Le but d&rsquo;avoir deux tailles, courte et longue est de s&rsquo;adapter \u00e0 la taille de la cavit\u00e9 de l&rsquo;ut\u00e9rus qui varie<br \/>\nen fonction de la parit\u00e9 de la femme.<\/p>\n<p><img decoding=\"async\" class=\"wp-image-2506\" title=\"download\" src=\"https:\/\/yazmed.ma\/wp-content\/uploads\/2025\/01\/download.jpg\" alt=\"download\" width=\"97\" height=\"64\" srcset=\"https:\/\/yazmed.ma\/wp-content\/uploads\/2025\/01\/download.jpg 200w, https:\/\/yazmed.ma\/wp-content\/uploads\/2025\/01\/download-18x12.jpg 18w, https:\/\/yazmed.ma\/wp-content\/uploads\/2025\/01\/download-82x54.jpg 82w\" sizes=\"(max-width: 97px) 100vw, 97px\" \/><\/p>\n<p><a href=\"https:\/\/www.dispoma.com\/product\/sterilet-multiload-cu-375-standard\/?srsltid=AfmBOor5WAd9fASBDJ1I83GFk3GZvpwRbtoagaxM3Nu3ynavnSvDAgl0\" target=\"_blank\" rel=\"noopener\">st\u00e9rilet Multiload CU 375 standard est un dispositif intra-ut\u00e9rin<\/a><\/p>","protected":false},"excerpt":{"rendered":"<h4>STERILET MULTILOAD CU 375 MULTIGEST<\/h4>\n<p>&nbsp;<\/p>\n<p><img decoding=\"async\" class=\"wp-image-2506\" title=\"download\" src=\"https:\/\/yazmed.ma\/wp-content\/uploads\/2025\/01\/download.jpg\" alt=\"download\" width=\"121\" height=\"80\" srcset=\"https:\/\/yazmed.ma\/wp-content\/uploads\/2025\/01\/download.jpg 200w, https:\/\/yazmed.ma\/wp-content\/uploads\/2025\/01\/download-18x12.jpg 18w, https:\/\/yazmed.ma\/wp-content\/uploads\/2025\/01\/download-82x54.jpg 82w\" sizes=\"(max-width: 121px) 100vw, 121px\" \/><\/p>","protected":false},"featured_media":2830,"comment_status":"open","ping_status":"closed","template":"","meta":[],"product_brand":[],"product_cat":[52],"product_tag":[235,234],"class_list":{"0":"post-2829","1":"product","2":"type-product","3":"status-publish","4":"has-post-thumbnail","6":"product_cat-consommable-medical","7":"product_tag-sterilet-multigest-cu-375","8":"product_tag-sterilet-multiload-cu-375","10":"first","11":"instock","12":"sale","13":"taxable","14":"shipping-taxable","15":"purchasable","16":"product-type-simple"},"yoast_head":"<!-- This site is optimized with the Yoast SEO plugin v26.9 - https:\/\/yoast.com\/product\/yoast-seo-wordpress\/ -->\n<title>STERILET MULTILOAD CU 375 - YAZMED<\/title>\n<meta name=\"robots\" content=\"index, follow, max-snippet:-1, max-image-preview:large, max-video-preview:-1\" \/>\n<link rel=\"canonical\" href=\"https:\/\/yazmed.ma\/ar\/product\/sterilet-multiload-cu-375\/\" \/>\n<meta property=\"og:locale\" content=\"ar_AR\" \/>\n<meta property=\"og:type\" content=\"article\" \/>\n<meta property=\"og:title\" content=\"STERILET MULTILOAD CU 375 - YAZMED\" \/>\n<meta property=\"og:description\" content=\"STERILET MULTILOAD CU 375 MULTIGEST &nbsp;\" \/>\n<meta property=\"og:url\" content=\"https:\/\/yazmed.ma\/ar\/product\/sterilet-multiload-cu-375\/\" \/>\n<meta property=\"og:site_name\" content=\"YAZMED\" \/>\n<meta property=\"article:publisher\" content=\"https:\/\/www.facebook.com\/azenkouky\" \/>\n<meta property=\"article:modified_time\" content=\"2025-11-25T21:35:56+00:00\" \/>\n<meta property=\"og:image\" content=\"https:\/\/yazmed.ma\/wp-content\/uploads\/2025\/11\/STERILET-MULTILOAD-CU-375.webp\" \/>\n\t<meta property=\"og:image:width\" content=\"570\" \/>\n\t<meta property=\"og:image:height\" content=\"517\" \/>\n\t<meta property=\"og:image:type\" content=\"image\/webp\" \/>\n<meta name=\"twitter:card\" content=\"summary_large_image\" \/>\n<meta name=\"twitter:label1\" content=\"Est. reading time\" \/>\n\t<meta name=\"twitter:data1\" content=\"1 minute\" \/>\n<script type=\"application\/ld+json\" class=\"yoast-schema-graph\">{\"@context\":\"https:\/\/schema.org\",\"@graph\":[{\"@type\":\"WebPage\",\"@id\":\"https:\/\/yazmed.ma\/product\/sterilet-multiload-cu-375\/\",\"url\":\"https:\/\/yazmed.ma\/product\/sterilet-multiload-cu-375\/\",\"name\":\"STERILET MULTILOAD CU 375 - YAZMED\",\"isPartOf\":{\"@id\":\"https:\/\/yazmed.ma\/#website\"},\"primaryImageOfPage\":{\"@id\":\"https:\/\/yazmed.ma\/product\/sterilet-multiload-cu-375\/#primaryimage\"},\"image\":{\"@id\":\"https:\/\/yazmed.ma\/product\/sterilet-multiload-cu-375\/#primaryimage\"},\"thumbnailUrl\":\"https:\/\/yazmed.ma\/wp-content\/uploads\/2025\/11\/STERILET-MULTILOAD-CU-375.webp\",\"datePublished\":\"2025-11-25T21:28:26+00:00\",\"dateModified\":\"2025-11-25T21:35:56+00:00\",\"breadcrumb\":{\"@id\":\"https:\/\/yazmed.ma\/product\/sterilet-multiload-cu-375\/#breadcrumb\"},\"inLanguage\":\"ary\",\"potentialAction\":[{\"@type\":\"ReadAction\",\"target\":[\"https:\/\/yazmed.ma\/product\/sterilet-multiload-cu-375\/\"]}]},{\"@type\":\"ImageObject\",\"inLanguage\":\"ary\",\"@id\":\"https:\/\/yazmed.ma\/product\/sterilet-multiload-cu-375\/#primaryimage\",\"url\":\"https:\/\/yazmed.ma\/wp-content\/uploads\/2025\/11\/STERILET-MULTILOAD-CU-375.webp\",\"contentUrl\":\"https:\/\/yazmed.ma\/wp-content\/uploads\/2025\/11\/STERILET-MULTILOAD-CU-375.webp\",\"width\":570,\"height\":517,\"caption\":\"STERILET MULTILOAD CU 375\"},{\"@type\":\"BreadcrumbList\",\"@id\":\"https:\/\/yazmed.ma\/product\/sterilet-multiload-cu-375\/#breadcrumb\",\"itemListElement\":[{\"@type\":\"ListItem\",\"position\":1,\"name\":\"Accueil\",\"item\":\"https:\/\/yazmed.ma\/\"},{\"@type\":\"ListItem\",\"position\":2,\"name\":\"Shop\",\"item\":\"https:\/\/yazmed.ma\/shop-2\/\"},{\"@type\":\"ListItem\",\"position\":3,\"name\":\"STERILET MULTILOAD CU 375\"}]},{\"@type\":\"WebSite\",\"@id\":\"https:\/\/yazmed.ma\/#website\",\"url\":\"https:\/\/yazmed.ma\/\",\"name\":\"Yazmed\",\"description\":\"LEADER DU MAT\u00c9RIEL M\u00c9DICAL AU MAROC\",\"publisher\":{\"@id\":\"https:\/\/yazmed.ma\/#organization\"},\"potentialAction\":[{\"@type\":\"SearchAction\",\"target\":{\"@type\":\"EntryPoint\",\"urlTemplate\":\"https:\/\/yazmed.ma\/?s={search_term_string}\"},\"query-input\":{\"@type\":\"PropertyValueSpecification\",\"valueRequired\":true,\"valueName\":\"search_term_string\"}}],\"inLanguage\":\"ary\"},{\"@type\":\"Organization\",\"@id\":\"https:\/\/yazmed.ma\/#organization\",\"name\":\"Yazmed Healthcare\",\"url\":\"https:\/\/yazmed.ma\/\",\"logo\":{\"@type\":\"ImageObject\",\"inLanguage\":\"ary\",\"@id\":\"https:\/\/yazmed.ma\/#\/schema\/logo\/image\/\",\"url\":\"https:\/\/yazmed.ma\/wp-content\/uploads\/2024\/12\/3.png\",\"contentUrl\":\"https:\/\/yazmed.ma\/wp-content\/uploads\/2024\/12\/3.png\",\"width\":250,\"height\":70,\"caption\":\"Yazmed Healthcare\"},\"image\":{\"@id\":\"https:\/\/yazmed.ma\/#\/schema\/logo\/image\/\"},\"sameAs\":[\"https:\/\/www.facebook.com\/azenkouky\",\"https:\/\/www.instagram.com\/yazmedhealthcare\",\"https:\/\/www.linkedin.com\/in\/yazmed-healthcare-1b4955295\"]}]}<\/script>\n<!-- \/ Yoast SEO plugin. -->","yoast_head_json":{"title":"STERILET MULTILOAD CU 375 - YAZMED","robots":{"index":"index","follow":"follow","max-snippet":"max-snippet:-1","max-image-preview":"max-image-preview:large","max-video-preview":"max-video-preview:-1"},"canonical":"https:\/\/yazmed.ma\/ar\/product\/sterilet-multiload-cu-375\/","og_locale":"ar_AR","og_type":"article","og_title":"STERILET MULTILOAD CU 375 - YAZMED","og_description":"STERILET MULTILOAD CU 375 MULTIGEST &nbsp;","og_url":"https:\/\/yazmed.ma\/ar\/product\/sterilet-multiload-cu-375\/","og_site_name":"YAZMED","article_publisher":"https:\/\/www.facebook.com\/azenkouky","article_modified_time":"2025-11-25T21:35:56+00:00","og_image":[{"width":570,"height":517,"url":"https:\/\/yazmed.ma\/wp-content\/uploads\/2025\/11\/STERILET-MULTILOAD-CU-375.webp","type":"image\/webp"}],"twitter_card":"summary_large_image","twitter_misc":{"Est. reading time":"1 minute"},"schema":{"@context":"https:\/\/schema.org","@graph":[{"@type":"WebPage","@id":"https:\/\/yazmed.ma\/product\/sterilet-multiload-cu-375\/","url":"https:\/\/yazmed.ma\/product\/sterilet-multiload-cu-375\/","name":"STERILET MULTILOAD CU 375 - YAZMED","isPartOf":{"@id":"https:\/\/yazmed.ma\/#website"},"primaryImageOfPage":{"@id":"https:\/\/yazmed.ma\/product\/sterilet-multiload-cu-375\/#primaryimage"},"image":{"@id":"https:\/\/yazmed.ma\/product\/sterilet-multiload-cu-375\/#primaryimage"},"thumbnailUrl":"https:\/\/yazmed.ma\/wp-content\/uploads\/2025\/11\/STERILET-MULTILOAD-CU-375.webp","datePublished":"2025-11-25T21:28:26+00:00","dateModified":"2025-11-25T21:35:56+00:00","breadcrumb":{"@id":"https:\/\/yazmed.ma\/product\/sterilet-multiload-cu-375\/#breadcrumb"},"inLanguage":"ary","potentialAction":[{"@type":"ReadAction","target":["https:\/\/yazmed.ma\/product\/sterilet-multiload-cu-375\/"]}]},{"@type":"ImageObject","inLanguage":"ary","@id":"https:\/\/yazmed.ma\/product\/sterilet-multiload-cu-375\/#primaryimage","url":"https:\/\/yazmed.ma\/wp-content\/uploads\/2025\/11\/STERILET-MULTILOAD-CU-375.webp","contentUrl":"https:\/\/yazmed.ma\/wp-content\/uploads\/2025\/11\/STERILET-MULTILOAD-CU-375.webp","width":570,"height":517,"caption":"STERILET MULTILOAD CU 375"},{"@type":"BreadcrumbList","@id":"https:\/\/yazmed.ma\/product\/sterilet-multiload-cu-375\/#breadcrumb","itemListElement":[{"@type":"ListItem","position":1,"name":"Accueil","item":"https:\/\/yazmed.ma\/"},{"@type":"ListItem","position":2,"name":"Shop","item":"https:\/\/yazmed.ma\/shop-2\/"},{"@type":"ListItem","position":3,"name":"STERILET MULTILOAD CU 375"}]},{"@type":"WebSite","@id":"https:\/\/yazmed.ma\/#website","url":"https:\/\/yazmed.ma\/","name":"Yazmed","description":"LEADER DU MAT\u00c9RIEL M\u00c9DICAL AU MAROC","publisher":{"@id":"https:\/\/yazmed.ma\/#organization"},"potentialAction":[{"@type":"SearchAction","target":{"@type":"EntryPoint","urlTemplate":"https:\/\/yazmed.ma\/?s={search_term_string}"},"query-input":{"@type":"PropertyValueSpecification","valueRequired":true,"valueName":"search_term_string"}}],"inLanguage":"ary"},{"@type":"Organization","@id":"https:\/\/yazmed.ma\/#organization","name":"Yazmed Healthcare","url":"https:\/\/yazmed.ma\/","logo":{"@type":"ImageObject","inLanguage":"ary","@id":"https:\/\/yazmed.ma\/#\/schema\/logo\/image\/","url":"https:\/\/yazmed.ma\/wp-content\/uploads\/2024\/12\/3.png","contentUrl":"https:\/\/yazmed.ma\/wp-content\/uploads\/2024\/12\/3.png","width":250,"height":70,"caption":"Yazmed Healthcare"},"image":{"@id":"https:\/\/yazmed.ma\/#\/schema\/logo\/image\/"},"sameAs":["https:\/\/www.facebook.com\/azenkouky","https:\/\/www.instagram.com\/yazmedhealthcare","https:\/\/www.linkedin.com\/in\/yazmed-healthcare-1b4955295"]}]}},"_links":{"self":[{"href":"https:\/\/yazmed.ma\/ar\/wp-json\/wp\/v2\/product\/2829","targetHints":{"allow":["GET"]}}],"collection":[{"href":"https:\/\/yazmed.ma\/ar\/wp-json\/wp\/v2\/product"}],"about":[{"href":"https:\/\/yazmed.ma\/ar\/wp-json\/wp\/v2\/types\/product"}],"replies":[{"embeddable":true,"href":"https:\/\/yazmed.ma\/ar\/wp-json\/wp\/v2\/comments?post=2829"}],"version-history":[{"count":1,"href":"https:\/\/yazmed.ma\/ar\/wp-json\/wp\/v2\/product\/2829\/revisions"}],"predecessor-version":[{"id":2832,"href":"https:\/\/yazmed.ma\/ar\/wp-json\/wp\/v2\/product\/2829\/revisions\/2832"}],"wp:featuredmedia":[{"embeddable":true,"href":"https:\/\/yazmed.ma\/ar\/wp-json\/wp\/v2\/media\/2830"}],"wp:attachment":[{"href":"https:\/\/yazmed.ma\/ar\/wp-json\/wp\/v2\/media?parent=2829"}],"wp:term":[{"taxonomy":"product_brand","embeddable":true,"href":"https:\/\/yazmed.ma\/ar\/wp-json\/wp\/v2\/product_brand?post=2829"},{"taxonomy":"product_cat","embeddable":true,"href":"https:\/\/yazmed.ma\/ar\/wp-json\/wp\/v2\/product_cat?post=2829"},{"taxonomy":"product_tag","embeddable":true,"href":"https:\/\/yazmed.ma\/ar\/wp-json\/wp\/v2\/product_tag?post=2829"}],"curies":[{"name":"wp","href":"https:\/\/api.w.org\/{rel}","templated":true}]}}