{"id":2822,"date":"2025-11-25T20:16:52","date_gmt":"2025-11-25T20:16:52","guid":{"rendered":"https:\/\/yazmed.ma\/?post_type=product&#038;p=2822"},"modified":"2025-11-25T20:16:52","modified_gmt":"2025-11-25T20:16:52","slug":"lampe-loup-mobile-12w","status":"publish","type":"product","link":"https:\/\/yazmed.ma\/ar\/product\/lampe-loup-mobile-12w\/","title":{"rendered":"Lampe Loup mobile 12W"},"content":{"rendered":"<p>&nbsp;<\/p>\n<p>&nbsp;<\/p>","protected":false},"excerpt":{"rendered":"<h4>Lampe Loup mobile 12W<\/h4>\n<p><strong>Le KS-1088<\/strong>\u00a0applique la perfection ergonomique pour soutenir les t\u00e2ches visuelles tr\u00e8s exigeantes.<\/p>\n<p>Avec les derniers LES, une technologie de bras innovante et un champ visuel con\u00e7u pour des performances optimales, la loupe \u00e9clairante KS-1088 combine une grande efficacit\u00e9 avec un design ergonomique.<\/p>\n<p>Le luminaire LED \u00e0 bras articul\u00e9 avec lentille grossissante peut \u00eatre positionn\u00e9 \u00e0 volont\u00e9 gr\u00e2ce au bras \u00e0 ressort\u00a0en\u00a0aluminium.<\/p>\n<p>Intensit\u00e9 lumineuse\uff1a 2160 lumens<br \/>\nSource lumineuse\uff1a 36 LED, option : lumi\u00e8re UV 395nm (lumi\u00e8re du bois)<br \/>\nTemp\u00e9rature de couleur\uff1a variable 3200K-6000K (standard)<br \/>\nCharge connect\u00e9e \u00e0 l\u2019entr\u00e9e\uff1a DC 12V, 2000mA<\/p>","protected":false},"featured_media":2823,"comment_status":"open","ping_status":"closed","template":"","meta":[],"product_brand":[],"product_cat":[50],"product_tag":[233],"class_list":{"0":"post-2822","1":"product","2":"type-product","3":"status-publish","4":"has-post-thumbnail","6":"product_cat-appareillages-diagnostic","7":"product_tag-lampe-loup-mobile-12w","9":"first","10":"instock","11":"taxable","12":"shipping-taxable","13":"product-type-simple"},"yoast_head":"<!-- This site is optimized with the Yoast SEO plugin v26.9 - https:\/\/yoast.com\/product\/yoast-seo-wordpress\/ -->\n<title>Lampe Loup mobile 12W - YAZMED<\/title>\n<meta name=\"robots\" content=\"index, follow, max-snippet:-1, max-image-preview:large, max-video-preview:-1\" \/>\n<link rel=\"canonical\" href=\"https:\/\/yazmed.ma\/ar\/product\/lampe-loup-mobile-12w\/\" \/>\n<meta property=\"og:locale\" content=\"ar_AR\" \/>\n<meta property=\"og:type\" content=\"article\" \/>\n<meta property=\"og:title\" content=\"Lampe Loup mobile 12W - YAZMED\" \/>\n<meta property=\"og:description\" content=\"Lampe Loup mobile 12W Le KS-1088\u00a0applique la perfection ergonomique pour soutenir les t\u00e2ches visuelles tr\u00e8s exigeantes.  Avec les derniers LES, une technologie de bras innovante et un champ visuel con\u00e7u pour des performances optimales, la loupe \u00e9clairante KS-1088 combine une grande efficacit\u00e9 avec un design ergonomique.  Le luminaire LED \u00e0 bras articul\u00e9 avec lentille grossissante peut \u00eatre positionn\u00e9 \u00e0 volont\u00e9 gr\u00e2ce au bras \u00e0 ressort\u00a0en\u00a0aluminium.  Intensit\u00e9 lumineuse\uff1a 2160 lumens Source lumineuse\uff1a 36 LED, option : lumi\u00e8re UV 395nm (lumi\u00e8re du bois) Temp\u00e9rature de couleur\uff1a variable 3200K-6000K (standard) Charge connect\u00e9e \u00e0 l\u2019entr\u00e9e\uff1a DC 12V, 2000mA\" \/>\n<meta property=\"og:url\" content=\"https:\/\/yazmed.ma\/ar\/product\/lampe-loup-mobile-12w\/\" \/>\n<meta property=\"og:site_name\" content=\"YAZMED\" \/>\n<meta property=\"article:publisher\" content=\"https:\/\/www.facebook.com\/azenkouky\" \/>\n<meta property=\"og:image\" content=\"https:\/\/yazmed.ma\/wp-content\/uploads\/2025\/11\/Lampe-Loup-mobile-12W.webp\" \/>\n\t<meta property=\"og:image:width\" content=\"570\" \/>\n\t<meta property=\"og:image:height\" content=\"517\" \/>\n\t<meta property=\"og:image:type\" content=\"image\/webp\" \/>\n<meta name=\"twitter:card\" content=\"summary_large_image\" \/>\n<script type=\"application\/ld+json\" class=\"yoast-schema-graph\">{\"@context\":\"https:\/\/schema.org\",\"@graph\":[{\"@type\":\"WebPage\",\"@id\":\"https:\/\/yazmed.ma\/product\/lampe-loup-mobile-12w\/\",\"url\":\"https:\/\/yazmed.ma\/product\/lampe-loup-mobile-12w\/\",\"name\":\"Lampe Loup mobile 12W - YAZMED\",\"isPartOf\":{\"@id\":\"https:\/\/yazmed.ma\/#website\"},\"primaryImageOfPage\":{\"@id\":\"https:\/\/yazmed.ma\/product\/lampe-loup-mobile-12w\/#primaryimage\"},\"image\":{\"@id\":\"https:\/\/yazmed.ma\/product\/lampe-loup-mobile-12w\/#primaryimage\"},\"thumbnailUrl\":\"https:\/\/yazmed.ma\/wp-content\/uploads\/2025\/11\/Lampe-Loup-mobile-12W.webp\",\"datePublished\":\"2025-11-25T20:16:52+00:00\",\"breadcrumb\":{\"@id\":\"https:\/\/yazmed.ma\/product\/lampe-loup-mobile-12w\/#breadcrumb\"},\"inLanguage\":\"ary\",\"potentialAction\":[{\"@type\":\"ReadAction\",\"target\":[\"https:\/\/yazmed.ma\/product\/lampe-loup-mobile-12w\/\"]}]},{\"@type\":\"ImageObject\",\"inLanguage\":\"ary\",\"@id\":\"https:\/\/yazmed.ma\/product\/lampe-loup-mobile-12w\/#primaryimage\",\"url\":\"https:\/\/yazmed.ma\/wp-content\/uploads\/2025\/11\/Lampe-Loup-mobile-12W.webp\",\"contentUrl\":\"https:\/\/yazmed.ma\/wp-content\/uploads\/2025\/11\/Lampe-Loup-mobile-12W.webp\",\"width\":570,\"height\":517,\"caption\":\"Lampe Loup mobile 12W\"},{\"@type\":\"BreadcrumbList\",\"@id\":\"https:\/\/yazmed.ma\/product\/lampe-loup-mobile-12w\/#breadcrumb\",\"itemListElement\":[{\"@type\":\"ListItem\",\"position\":1,\"name\":\"Accueil\",\"item\":\"https:\/\/yazmed.ma\/\"},{\"@type\":\"ListItem\",\"position\":2,\"name\":\"Shop\",\"item\":\"https:\/\/yazmed.ma\/shop-2\/\"},{\"@type\":\"ListItem\",\"position\":3,\"name\":\"Lampe Loup mobile 12W\"}]},{\"@type\":\"WebSite\",\"@id\":\"https:\/\/yazmed.ma\/#website\",\"url\":\"https:\/\/yazmed.ma\/\",\"name\":\"Yazmed\",\"description\":\"LEADER DU MAT\u00c9RIEL M\u00c9DICAL AU MAROC\",\"publisher\":{\"@id\":\"https:\/\/yazmed.ma\/#organization\"},\"potentialAction\":[{\"@type\":\"SearchAction\",\"target\":{\"@type\":\"EntryPoint\",\"urlTemplate\":\"https:\/\/yazmed.ma\/?s={search_term_string}\"},\"query-input\":{\"@type\":\"PropertyValueSpecification\",\"valueRequired\":true,\"valueName\":\"search_term_string\"}}],\"inLanguage\":\"ary\"},{\"@type\":\"Organization\",\"@id\":\"https:\/\/yazmed.ma\/#organization\",\"name\":\"Yazmed Healthcare\",\"url\":\"https:\/\/yazmed.ma\/\",\"logo\":{\"@type\":\"ImageObject\",\"inLanguage\":\"ary\",\"@id\":\"https:\/\/yazmed.ma\/#\/schema\/logo\/image\/\",\"url\":\"https:\/\/yazmed.ma\/wp-content\/uploads\/2024\/12\/3.png\",\"contentUrl\":\"https:\/\/yazmed.ma\/wp-content\/uploads\/2024\/12\/3.png\",\"width\":250,\"height\":70,\"caption\":\"Yazmed Healthcare\"},\"image\":{\"@id\":\"https:\/\/yazmed.ma\/#\/schema\/logo\/image\/\"},\"sameAs\":[\"https:\/\/www.facebook.com\/azenkouky\",\"https:\/\/www.instagram.com\/yazmedhealthcare\",\"https:\/\/www.linkedin.com\/in\/yazmed-healthcare-1b4955295\"]}]}<\/script>\n<!-- \/ Yoast SEO plugin. -->","yoast_head_json":{"title":"Lampe Loup mobile 12W - YAZMED","robots":{"index":"index","follow":"follow","max-snippet":"max-snippet:-1","max-image-preview":"max-image-preview:large","max-video-preview":"max-video-preview:-1"},"canonical":"https:\/\/yazmed.ma\/ar\/product\/lampe-loup-mobile-12w\/","og_locale":"ar_AR","og_type":"article","og_title":"Lampe Loup mobile 12W - YAZMED","og_description":"Lampe Loup mobile 12W Le KS-1088\u00a0applique la perfection ergonomique pour soutenir les t\u00e2ches visuelles tr\u00e8s exigeantes.  Avec les derniers LES, une technologie de bras innovante et un champ visuel con\u00e7u pour des performances optimales, la loupe \u00e9clairante KS-1088 combine une grande efficacit\u00e9 avec un design ergonomique.  Le luminaire LED \u00e0 bras articul\u00e9 avec lentille grossissante peut \u00eatre positionn\u00e9 \u00e0 volont\u00e9 gr\u00e2ce au bras \u00e0 ressort\u00a0en\u00a0aluminium.  Intensit\u00e9 lumineuse\uff1a 2160 lumens Source lumineuse\uff1a 36 LED, option : lumi\u00e8re UV 395nm (lumi\u00e8re du bois) Temp\u00e9rature de couleur\uff1a variable 3200K-6000K (standard) Charge connect\u00e9e \u00e0 l\u2019entr\u00e9e\uff1a DC 12V, 2000mA","og_url":"https:\/\/yazmed.ma\/ar\/product\/lampe-loup-mobile-12w\/","og_site_name":"YAZMED","article_publisher":"https:\/\/www.facebook.com\/azenkouky","og_image":[{"width":570,"height":517,"url":"https:\/\/yazmed.ma\/wp-content\/uploads\/2025\/11\/Lampe-Loup-mobile-12W.webp","type":"image\/webp"}],"twitter_card":"summary_large_image","schema":{"@context":"https:\/\/schema.org","@graph":[{"@type":"WebPage","@id":"https:\/\/yazmed.ma\/product\/lampe-loup-mobile-12w\/","url":"https:\/\/yazmed.ma\/product\/lampe-loup-mobile-12w\/","name":"Lampe Loup mobile 12W - YAZMED","isPartOf":{"@id":"https:\/\/yazmed.ma\/#website"},"primaryImageOfPage":{"@id":"https:\/\/yazmed.ma\/product\/lampe-loup-mobile-12w\/#primaryimage"},"image":{"@id":"https:\/\/yazmed.ma\/product\/lampe-loup-mobile-12w\/#primaryimage"},"thumbnailUrl":"https:\/\/yazmed.ma\/wp-content\/uploads\/2025\/11\/Lampe-Loup-mobile-12W.webp","datePublished":"2025-11-25T20:16:52+00:00","breadcrumb":{"@id":"https:\/\/yazmed.ma\/product\/lampe-loup-mobile-12w\/#breadcrumb"},"inLanguage":"ary","potentialAction":[{"@type":"ReadAction","target":["https:\/\/yazmed.ma\/product\/lampe-loup-mobile-12w\/"]}]},{"@type":"ImageObject","inLanguage":"ary","@id":"https:\/\/yazmed.ma\/product\/lampe-loup-mobile-12w\/#primaryimage","url":"https:\/\/yazmed.ma\/wp-content\/uploads\/2025\/11\/Lampe-Loup-mobile-12W.webp","contentUrl":"https:\/\/yazmed.ma\/wp-content\/uploads\/2025\/11\/Lampe-Loup-mobile-12W.webp","width":570,"height":517,"caption":"Lampe Loup mobile 12W"},{"@type":"BreadcrumbList","@id":"https:\/\/yazmed.ma\/product\/lampe-loup-mobile-12w\/#breadcrumb","itemListElement":[{"@type":"ListItem","position":1,"name":"Accueil","item":"https:\/\/yazmed.ma\/"},{"@type":"ListItem","position":2,"name":"Shop","item":"https:\/\/yazmed.ma\/shop-2\/"},{"@type":"ListItem","position":3,"name":"Lampe Loup mobile 12W"}]},{"@type":"WebSite","@id":"https:\/\/yazmed.ma\/#website","url":"https:\/\/yazmed.ma\/","name":"Yazmed","description":"LEADER DU MAT\u00c9RIEL M\u00c9DICAL AU MAROC","publisher":{"@id":"https:\/\/yazmed.ma\/#organization"},"potentialAction":[{"@type":"SearchAction","target":{"@type":"EntryPoint","urlTemplate":"https:\/\/yazmed.ma\/?s={search_term_string}"},"query-input":{"@type":"PropertyValueSpecification","valueRequired":true,"valueName":"search_term_string"}}],"inLanguage":"ary"},{"@type":"Organization","@id":"https:\/\/yazmed.ma\/#organization","name":"Yazmed Healthcare","url":"https:\/\/yazmed.ma\/","logo":{"@type":"ImageObject","inLanguage":"ary","@id":"https:\/\/yazmed.ma\/#\/schema\/logo\/image\/","url":"https:\/\/yazmed.ma\/wp-content\/uploads\/2024\/12\/3.png","contentUrl":"https:\/\/yazmed.ma\/wp-content\/uploads\/2024\/12\/3.png","width":250,"height":70,"caption":"Yazmed Healthcare"},"image":{"@id":"https:\/\/yazmed.ma\/#\/schema\/logo\/image\/"},"sameAs":["https:\/\/www.facebook.com\/azenkouky","https:\/\/www.instagram.com\/yazmedhealthcare","https:\/\/www.linkedin.com\/in\/yazmed-healthcare-1b4955295"]}]}},"_links":{"self":[{"href":"https:\/\/yazmed.ma\/ar\/wp-json\/wp\/v2\/product\/2822","targetHints":{"allow":["GET"]}}],"collection":[{"href":"https:\/\/yazmed.ma\/ar\/wp-json\/wp\/v2\/product"}],"about":[{"href":"https:\/\/yazmed.ma\/ar\/wp-json\/wp\/v2\/types\/product"}],"replies":[{"embeddable":true,"href":"https:\/\/yazmed.ma\/ar\/wp-json\/wp\/v2\/comments?post=2822"}],"version-history":[{"count":0,"href":"https:\/\/yazmed.ma\/ar\/wp-json\/wp\/v2\/product\/2822\/revisions"}],"wp:featuredmedia":[{"embeddable":true,"href":"https:\/\/yazmed.ma\/ar\/wp-json\/wp\/v2\/media\/2823"}],"wp:attachment":[{"href":"https:\/\/yazmed.ma\/ar\/wp-json\/wp\/v2\/media?parent=2822"}],"wp:term":[{"taxonomy":"product_brand","embeddable":true,"href":"https:\/\/yazmed.ma\/ar\/wp-json\/wp\/v2\/product_brand?post=2822"},{"taxonomy":"product_cat","embeddable":true,"href":"https:\/\/yazmed.ma\/ar\/wp-json\/wp\/v2\/product_cat?post=2822"},{"taxonomy":"product_tag","embeddable":true,"href":"https:\/\/yazmed.ma\/ar\/wp-json\/wp\/v2\/product_tag?post=2822"}],"curies":[{"name":"wp","href":"https:\/\/api.w.org\/{rel}","templated":true}]}}