{"id":2819,"date":"2025-11-25T19:52:38","date_gmt":"2025-11-25T19:52:38","guid":{"rendered":"https:\/\/yazmed.ma\/?post_type=product&#038;p=2819"},"modified":"2025-11-25T20:00:35","modified_gmt":"2025-11-25T20:00:35","slug":"support-mural-porte-moniteur-60","status":"publish","type":"product","link":"https:\/\/yazmed.ma\/ar\/product\/support-mural-porte-moniteur-60\/","title":{"rendered":"SUPPORT MURAL PORTE MONITEUR 60"},"content":{"rendered":"","protected":false},"excerpt":{"rendered":"<p>&nbsp;<\/p>\n<h5>SUPPORT MURAL PORTE MONITEUR 60<\/h5>\n<p>convient au montage vertical des moniteurs de surveillance de\u00a0 et est id\u00e9al pour les salles d&rsquo;op\u00e9ration, les salles de r\u00e9veil et les soins intensifs. Les param\u00e8tres et les donn\u00e9es vitales les plus importants peuvent ainsi \u00eatre consult\u00e9s d&rsquo;un seul coup d&rsquo;\u0153il. Le moniteur patient correspondant se fixe facilement sur le support et l&rsquo;angle d&rsquo;inclinaison du moniteur peut \u00eatre r\u00e9gl\u00e9 individuellement et adapt\u00e9 \u00e0 l&rsquo;utilisateur gr\u00e2ce au m\u00e9canisme d&rsquo;inclinaison int\u00e9gr\u00e9 de la plaque de fixation. Particuli\u00e8rement pratique : le support mural est \u00e9galement r\u00e9glable en hauteur apr\u00e8s le montage<\/p>\n<h5><\/h5>\n<p><img decoding=\"async\" src=\"https:\/\/www.medicalex.ma\/images\/marques\/CONTEC-LOGO-20170511133215.jpg\" \/><\/p>","protected":false},"featured_media":2820,"comment_status":"open","ping_status":"closed","template":"","meta":[],"product_brand":[],"product_cat":[54],"product_tag":[],"class_list":{"0":"post-2819","1":"product","2":"type-product","3":"status-publish","4":"has-post-thumbnail","6":"product_cat-mobilier-medical","8":"first","9":"instock","10":"taxable","11":"shipping-taxable","12":"product-type-simple"},"yoast_head":"<!-- This site is optimized with the Yoast SEO plugin v26.9 - https:\/\/yoast.com\/product\/yoast-seo-wordpress\/ -->\n<title>SUPPORT MURAL PORTE MONITEUR 60 - YAZMED<\/title>\n<meta name=\"robots\" content=\"index, follow, max-snippet:-1, max-image-preview:large, max-video-preview:-1\" \/>\n<link rel=\"canonical\" href=\"https:\/\/yazmed.ma\/ar\/product\/support-mural-porte-moniteur-60\/\" \/>\n<meta property=\"og:locale\" content=\"ar_AR\" \/>\n<meta property=\"og:type\" content=\"article\" \/>\n<meta property=\"og:title\" content=\"SUPPORT MURAL PORTE MONITEUR 60 - YAZMED\" \/>\n<meta property=\"og:description\" content=\"&nbsp; SUPPORT MURAL PORTE MONITEUR 60 convient au montage vertical des moniteurs de surveillance de\u00a0 et est id\u00e9al pour les salles d&#039;op\u00e9ration, les salles de r\u00e9veil et les soins intensifs. Les param\u00e8tres et les donn\u00e9es vitales les plus importants peuvent ainsi \u00eatre consult\u00e9s d&#039;un seul coup d&#039;\u0153il. Le moniteur patient correspondant se fixe facilement sur le support et l&#039;angle d&#039;inclinaison du moniteur peut \u00eatre r\u00e9gl\u00e9 individuellement et adapt\u00e9 \u00e0 l&#039;utilisateur gr\u00e2ce au m\u00e9canisme d&#039;inclinaison int\u00e9gr\u00e9 de la plaque de fixation. Particuli\u00e8rement pratique : le support mural est \u00e9galement r\u00e9glable en hauteur apr\u00e8s le montage\" \/>\n<meta property=\"og:url\" content=\"https:\/\/yazmed.ma\/ar\/product\/support-mural-porte-moniteur-60\/\" \/>\n<meta property=\"og:site_name\" content=\"YAZMED\" \/>\n<meta property=\"article:publisher\" content=\"https:\/\/www.facebook.com\/azenkouky\" \/>\n<meta property=\"article:modified_time\" content=\"2025-11-25T20:00:35+00:00\" \/>\n<meta property=\"og:image\" content=\"https:\/\/yazmed.ma\/wp-content\/uploads\/2025\/11\/SUPPORT-MURAL-PORTE-MONITEUR.webp\" \/>\n\t<meta property=\"og:image:width\" content=\"570\" \/>\n\t<meta property=\"og:image:height\" content=\"517\" \/>\n\t<meta property=\"og:image:type\" content=\"image\/webp\" \/>\n<meta name=\"twitter:card\" content=\"summary_large_image\" \/>\n<script type=\"application\/ld+json\" class=\"yoast-schema-graph\">{\"@context\":\"https:\/\/schema.org\",\"@graph\":[{\"@type\":\"WebPage\",\"@id\":\"https:\/\/yazmed.ma\/product\/support-mural-porte-moniteur-60\/\",\"url\":\"https:\/\/yazmed.ma\/product\/support-mural-porte-moniteur-60\/\",\"name\":\"SUPPORT MURAL PORTE MONITEUR 60 - YAZMED\",\"isPartOf\":{\"@id\":\"https:\/\/yazmed.ma\/#website\"},\"primaryImageOfPage\":{\"@id\":\"https:\/\/yazmed.ma\/product\/support-mural-porte-moniteur-60\/#primaryimage\"},\"image\":{\"@id\":\"https:\/\/yazmed.ma\/product\/support-mural-porte-moniteur-60\/#primaryimage\"},\"thumbnailUrl\":\"https:\/\/yazmed.ma\/wp-content\/uploads\/2025\/11\/SUPPORT-MURAL-PORTE-MONITEUR.webp\",\"datePublished\":\"2025-11-25T19:52:38+00:00\",\"dateModified\":\"2025-11-25T20:00:35+00:00\",\"breadcrumb\":{\"@id\":\"https:\/\/yazmed.ma\/product\/support-mural-porte-moniteur-60\/#breadcrumb\"},\"inLanguage\":\"ary\",\"potentialAction\":[{\"@type\":\"ReadAction\",\"target\":[\"https:\/\/yazmed.ma\/product\/support-mural-porte-moniteur-60\/\"]}]},{\"@type\":\"ImageObject\",\"inLanguage\":\"ary\",\"@id\":\"https:\/\/yazmed.ma\/product\/support-mural-porte-moniteur-60\/#primaryimage\",\"url\":\"https:\/\/yazmed.ma\/wp-content\/uploads\/2025\/11\/SUPPORT-MURAL-PORTE-MONITEUR.webp\",\"contentUrl\":\"https:\/\/yazmed.ma\/wp-content\/uploads\/2025\/11\/SUPPORT-MURAL-PORTE-MONITEUR.webp\",\"width\":570,\"height\":517,\"caption\":\"SUPPORT MURAL PORTE MONITEUR\"},{\"@type\":\"BreadcrumbList\",\"@id\":\"https:\/\/yazmed.ma\/product\/support-mural-porte-moniteur-60\/#breadcrumb\",\"itemListElement\":[{\"@type\":\"ListItem\",\"position\":1,\"name\":\"Accueil\",\"item\":\"https:\/\/yazmed.ma\/\"},{\"@type\":\"ListItem\",\"position\":2,\"name\":\"Shop\",\"item\":\"https:\/\/yazmed.ma\/shop-2\/\"},{\"@type\":\"ListItem\",\"position\":3,\"name\":\"SUPPORT MURAL PORTE MONITEUR 60\"}]},{\"@type\":\"WebSite\",\"@id\":\"https:\/\/yazmed.ma\/#website\",\"url\":\"https:\/\/yazmed.ma\/\",\"name\":\"Yazmed\",\"description\":\"LEADER DU MAT\u00c9RIEL M\u00c9DICAL AU MAROC\",\"publisher\":{\"@id\":\"https:\/\/yazmed.ma\/#organization\"},\"potentialAction\":[{\"@type\":\"SearchAction\",\"target\":{\"@type\":\"EntryPoint\",\"urlTemplate\":\"https:\/\/yazmed.ma\/?s={search_term_string}\"},\"query-input\":{\"@type\":\"PropertyValueSpecification\",\"valueRequired\":true,\"valueName\":\"search_term_string\"}}],\"inLanguage\":\"ary\"},{\"@type\":\"Organization\",\"@id\":\"https:\/\/yazmed.ma\/#organization\",\"name\":\"Yazmed Healthcare\",\"url\":\"https:\/\/yazmed.ma\/\",\"logo\":{\"@type\":\"ImageObject\",\"inLanguage\":\"ary\",\"@id\":\"https:\/\/yazmed.ma\/#\/schema\/logo\/image\/\",\"url\":\"https:\/\/yazmed.ma\/wp-content\/uploads\/2024\/12\/3.png\",\"contentUrl\":\"https:\/\/yazmed.ma\/wp-content\/uploads\/2024\/12\/3.png\",\"width\":250,\"height\":70,\"caption\":\"Yazmed Healthcare\"},\"image\":{\"@id\":\"https:\/\/yazmed.ma\/#\/schema\/logo\/image\/\"},\"sameAs\":[\"https:\/\/www.facebook.com\/azenkouky\",\"https:\/\/www.instagram.com\/yazmedhealthcare\",\"https:\/\/www.linkedin.com\/in\/yazmed-healthcare-1b4955295\"]}]}<\/script>\n<!-- \/ Yoast SEO plugin. -->","yoast_head_json":{"title":"SUPPORT MURAL PORTE MONITEUR 60 - YAZMED","robots":{"index":"index","follow":"follow","max-snippet":"max-snippet:-1","max-image-preview":"max-image-preview:large","max-video-preview":"max-video-preview:-1"},"canonical":"https:\/\/yazmed.ma\/ar\/product\/support-mural-porte-moniteur-60\/","og_locale":"ar_AR","og_type":"article","og_title":"SUPPORT MURAL PORTE MONITEUR 60 - YAZMED","og_description":"&nbsp; SUPPORT MURAL PORTE MONITEUR 60 convient au montage vertical des moniteurs de surveillance de\u00a0 et est id\u00e9al pour les salles d'op\u00e9ration, les salles de r\u00e9veil et les soins intensifs. Les param\u00e8tres et les donn\u00e9es vitales les plus importants peuvent ainsi \u00eatre consult\u00e9s d'un seul coup d'\u0153il. Le moniteur patient correspondant se fixe facilement sur le support et l'angle d'inclinaison du moniteur peut \u00eatre r\u00e9gl\u00e9 individuellement et adapt\u00e9 \u00e0 l'utilisateur gr\u00e2ce au m\u00e9canisme d'inclinaison int\u00e9gr\u00e9 de la plaque de fixation. Particuli\u00e8rement pratique : le support mural est \u00e9galement r\u00e9glable en hauteur apr\u00e8s le montage","og_url":"https:\/\/yazmed.ma\/ar\/product\/support-mural-porte-moniteur-60\/","og_site_name":"YAZMED","article_publisher":"https:\/\/www.facebook.com\/azenkouky","article_modified_time":"2025-11-25T20:00:35+00:00","og_image":[{"width":570,"height":517,"url":"https:\/\/yazmed.ma\/wp-content\/uploads\/2025\/11\/SUPPORT-MURAL-PORTE-MONITEUR.webp","type":"image\/webp"}],"twitter_card":"summary_large_image","schema":{"@context":"https:\/\/schema.org","@graph":[{"@type":"WebPage","@id":"https:\/\/yazmed.ma\/product\/support-mural-porte-moniteur-60\/","url":"https:\/\/yazmed.ma\/product\/support-mural-porte-moniteur-60\/","name":"SUPPORT MURAL PORTE MONITEUR 60 - YAZMED","isPartOf":{"@id":"https:\/\/yazmed.ma\/#website"},"primaryImageOfPage":{"@id":"https:\/\/yazmed.ma\/product\/support-mural-porte-moniteur-60\/#primaryimage"},"image":{"@id":"https:\/\/yazmed.ma\/product\/support-mural-porte-moniteur-60\/#primaryimage"},"thumbnailUrl":"https:\/\/yazmed.ma\/wp-content\/uploads\/2025\/11\/SUPPORT-MURAL-PORTE-MONITEUR.webp","datePublished":"2025-11-25T19:52:38+00:00","dateModified":"2025-11-25T20:00:35+00:00","breadcrumb":{"@id":"https:\/\/yazmed.ma\/product\/support-mural-porte-moniteur-60\/#breadcrumb"},"inLanguage":"ary","potentialAction":[{"@type":"ReadAction","target":["https:\/\/yazmed.ma\/product\/support-mural-porte-moniteur-60\/"]}]},{"@type":"ImageObject","inLanguage":"ary","@id":"https:\/\/yazmed.ma\/product\/support-mural-porte-moniteur-60\/#primaryimage","url":"https:\/\/yazmed.ma\/wp-content\/uploads\/2025\/11\/SUPPORT-MURAL-PORTE-MONITEUR.webp","contentUrl":"https:\/\/yazmed.ma\/wp-content\/uploads\/2025\/11\/SUPPORT-MURAL-PORTE-MONITEUR.webp","width":570,"height":517,"caption":"SUPPORT MURAL PORTE MONITEUR"},{"@type":"BreadcrumbList","@id":"https:\/\/yazmed.ma\/product\/support-mural-porte-moniteur-60\/#breadcrumb","itemListElement":[{"@type":"ListItem","position":1,"name":"Accueil","item":"https:\/\/yazmed.ma\/"},{"@type":"ListItem","position":2,"name":"Shop","item":"https:\/\/yazmed.ma\/shop-2\/"},{"@type":"ListItem","position":3,"name":"SUPPORT MURAL PORTE MONITEUR 60"}]},{"@type":"WebSite","@id":"https:\/\/yazmed.ma\/#website","url":"https:\/\/yazmed.ma\/","name":"Yazmed","description":"LEADER DU MAT\u00c9RIEL M\u00c9DICAL AU MAROC","publisher":{"@id":"https:\/\/yazmed.ma\/#organization"},"potentialAction":[{"@type":"SearchAction","target":{"@type":"EntryPoint","urlTemplate":"https:\/\/yazmed.ma\/?s={search_term_string}"},"query-input":{"@type":"PropertyValueSpecification","valueRequired":true,"valueName":"search_term_string"}}],"inLanguage":"ary"},{"@type":"Organization","@id":"https:\/\/yazmed.ma\/#organization","name":"Yazmed Healthcare","url":"https:\/\/yazmed.ma\/","logo":{"@type":"ImageObject","inLanguage":"ary","@id":"https:\/\/yazmed.ma\/#\/schema\/logo\/image\/","url":"https:\/\/yazmed.ma\/wp-content\/uploads\/2024\/12\/3.png","contentUrl":"https:\/\/yazmed.ma\/wp-content\/uploads\/2024\/12\/3.png","width":250,"height":70,"caption":"Yazmed Healthcare"},"image":{"@id":"https:\/\/yazmed.ma\/#\/schema\/logo\/image\/"},"sameAs":["https:\/\/www.facebook.com\/azenkouky","https:\/\/www.instagram.com\/yazmedhealthcare","https:\/\/www.linkedin.com\/in\/yazmed-healthcare-1b4955295"]}]}},"_links":{"self":[{"href":"https:\/\/yazmed.ma\/ar\/wp-json\/wp\/v2\/product\/2819","targetHints":{"allow":["GET"]}}],"collection":[{"href":"https:\/\/yazmed.ma\/ar\/wp-json\/wp\/v2\/product"}],"about":[{"href":"https:\/\/yazmed.ma\/ar\/wp-json\/wp\/v2\/types\/product"}],"replies":[{"embeddable":true,"href":"https:\/\/yazmed.ma\/ar\/wp-json\/wp\/v2\/comments?post=2819"}],"version-history":[{"count":1,"href":"https:\/\/yazmed.ma\/ar\/wp-json\/wp\/v2\/product\/2819\/revisions"}],"predecessor-version":[{"id":2821,"href":"https:\/\/yazmed.ma\/ar\/wp-json\/wp\/v2\/product\/2819\/revisions\/2821"}],"wp:featuredmedia":[{"embeddable":true,"href":"https:\/\/yazmed.ma\/ar\/wp-json\/wp\/v2\/media\/2820"}],"wp:attachment":[{"href":"https:\/\/yazmed.ma\/ar\/wp-json\/wp\/v2\/media?parent=2819"}],"wp:term":[{"taxonomy":"product_brand","embeddable":true,"href":"https:\/\/yazmed.ma\/ar\/wp-json\/wp\/v2\/product_brand?post=2819"},{"taxonomy":"product_cat","embeddable":true,"href":"https:\/\/yazmed.ma\/ar\/wp-json\/wp\/v2\/product_cat?post=2819"},{"taxonomy":"product_tag","embeddable":true,"href":"https:\/\/yazmed.ma\/ar\/wp-json\/wp\/v2\/product_tag?post=2819"}],"curies":[{"name":"wp","href":"https:\/\/api.w.org\/{rel}","templated":true}]}}