{"id":2813,"date":"2025-11-25T12:58:03","date_gmt":"2025-11-25T12:58:03","guid":{"rendered":"https:\/\/yazmed.ma\/?post_type=product&#038;p=2813"},"modified":"2025-11-25T12:58:03","modified_gmt":"2025-11-25T12:58:03","slug":"sonde-double-jj-cook-07","status":"publish","type":"product","link":"https:\/\/yazmed.ma\/ar\/product\/sonde-double-jj-cook-07\/","title":{"rendered":"sonde double jj COOK 07"},"content":{"rendered":"<p>&nbsp;<\/p>\n<h3 id=\"_pKElaa2wNsCM9u8P_NSSmA8_85\" class=\"LC20lb MBeuO DKV0Md\"><img decoding=\"async\" src=\"https:\/\/encrypted-tbn0.gstatic.com\/images?q=tbn:ANd9GcR24biHV-TihBVxX6h1eTcCN8IRDYIW5dieUaWBmQ004UilwY5aeL53&amp;usqp=CAE&amp;s\" alt=\"logo vector icone cook MEDICAL sur x.com\" \/><\/h3>\n<p><a href=\"https:\/\/www.cookmedical.com\/products\/\" target=\"_blank\" rel=\"noopener\"><span dir=\"auto\">Produits<\/span><\/a><\/p>","protected":false},"excerpt":{"rendered":"<h4><span class=\"relative -mx-px my-[-0.2rem] rounded px-px py-[0.2rem] transition-colors duration-100 ease-in-out\">La\u00a0<strong data-start=\"3\" data-end=\"48\">sonde ur\u00e9t\u00e9rale double J CH 07 avec guide<\/strong><\/span><\/h4>\n<p><span class=\"relative -mx-px my-[-0.2rem] rounded px-px py-[0.2rem] transition-colors duration-100 ease-in-out\">\u00a0dispositif m\u00e9dical utilis\u00e9 en urologie pour assurer le drainage temporaire de l\u2019urine du rein vers la vessie, notamment en cas d\u2019obstruction de l\u2019uret\u00e8re.<\/span>\u00a0<span class=\"relative -mx-px my-[-0.2rem] rounded px-px py-[0.2rem] transition-colors duration-100 ease-in-out\">Elle est souvent utilis\u00e9e avec un\u00a0<strong data-start=\"34\" data-end=\"47\">fil-guide<\/strong>\u00a0pour faciliter son insertion<\/span><\/p>\n<ul data-start=\"156\" data-end=\"530\">\n<li data-start=\"207\" data-end=\"261\">\n<p data-start=\"209\" data-end=\"261\"><strong data-start=\"209\" data-end=\"219\">Taille<\/strong>\u00a0:\u00a0<span class=\"relative -mx-px my-[-0.2rem] rounded px-px py-[0.2rem] transition-colors duration-100 ease-in-out\">CH 07 (\u00e9quivalent \u00e0 2,3 mm de diam\u00e8tre)<\/span><\/p>\n<\/li>\n<li data-start=\"262\" data-end=\"318\">\n<p data-start=\"264\" data-end=\"318\"><strong data-start=\"264\" data-end=\"276\">Longueur<\/strong>\u00a0:\u00a0<span class=\"relative -mx-px my-[-0.2rem] rounded px-px py-[0.2rem] transition-colors duration-100 ease-in-out\">G\u00e9n\u00e9ralement entre 24 et 30 cm<\/span><\/p>\n<\/li>\n<li data-start=\"319\" data-end=\"374\">\n<p data-start=\"321\" data-end=\"374\"><strong data-start=\"321\" data-end=\"332\">Mati\u00e8re<\/strong>\u00a0:\u00a0<span class=\"relative -mx-px my-[-0.2rem] rounded px-px py-[0.2rem] transition-colors duration-100 ease-in-out\">Polyur\u00e9thane ou silicone, mat\u00e9riaux souples et biocompatibles<\/span><\/p>\n<\/li>\n<li data-start=\"375\" data-end=\"433\">\n<p data-start=\"377\" data-end=\"433\"><strong data-start=\"377\" data-end=\"391\">Extr\u00e9mit\u00e9s<\/strong>\u00a0:\u00a0<span class=\"relative -mx-px my-[-0.2rem] rounded px-px py-[0.2rem] transition-colors duration-100 ease-in-out\">Boucles en forme de \u00ab\u00a0J\u00a0\u00bb aux deux extr\u00e9mit\u00e9s pour maintenir la sonde en place<\/span><\/p>\n<\/li>\n<li data-start=\"434\" data-end=\"530\">\n<p data-start=\"436\" data-end=\"530\"><strong data-start=\"436\" data-end=\"449\">Fil-guide<\/strong>\u00a0:\u00a0<span class=\"relative -mx-px my-[-0.2rem] rounded px-px py-[0.2rem] transition-colors duration-100 ease-in-out\">Souvent en acier inoxydable ou en nitinol, avec un rev\u00eatement hydrophile pour faciliter l\u2019insertion<\/span><\/p>\n<\/li>\n<\/ul>\n<h3 id=\"_pKElaa2wNsCM9u8P_NSSmA8_85\" class=\"LC20lb MBeuO DKV0Md\"><img decoding=\"async\" src=\"https:\/\/encrypted-tbn0.gstatic.com\/images?q=tbn:ANd9GcR24biHV-TihBVxX6h1eTcCN8IRDYIW5dieUaWBmQ004UilwY5aeL53&amp;usqp=CAE&amp;s\" alt=\"logo vector icone cook MEDICAL sur x.com\" \/><\/h3>","protected":false},"featured_media":2814,"comment_status":"open","ping_status":"closed","template":"","meta":[],"product_brand":[],"product_cat":[51],"product_tag":[232,86],"class_list":{"0":"post-2813","1":"product","2":"type-product","3":"status-publish","4":"has-post-thumbnail","6":"product_cat-bloc-et-reanimation","7":"product_tag-sonde-double-j-jj-ch-07-avec-guide-cook","8":"product_tag-sonde-jj","10":"first","11":"instock","12":"taxable","13":"shipping-taxable","14":"product-type-simple"},"yoast_head":"<!-- This site is optimized with the Yoast SEO plugin v26.9 - https:\/\/yoast.com\/product\/yoast-seo-wordpress\/ -->\n<title>sonde double jj COOK 07 - YAZMED<\/title>\n<meta name=\"robots\" content=\"index, follow, max-snippet:-1, max-image-preview:large, max-video-preview:-1\" \/>\n<link rel=\"canonical\" href=\"https:\/\/yazmed.ma\/ar\/product\/sonde-double-jj-cook-07\/\" \/>\n<meta property=\"og:locale\" content=\"ar_AR\" \/>\n<meta property=\"og:type\" content=\"article\" \/>\n<meta property=\"og:title\" content=\"sonde double jj COOK 07 - YAZMED\" \/>\n<meta property=\"og:description\" content=\"La\u00a0sonde ur\u00e9t\u00e9rale double J CH 07 avec guide \u00a0dispositif m\u00e9dical utilis\u00e9 en urologie pour assurer le drainage temporaire de l\u2019urine du rein vers la vessie, notamment en cas d\u2019obstruction de l\u2019uret\u00e8re.\u00a0Elle est souvent utilis\u00e9e avec un\u00a0fil-guide\u00a0pour faciliter son insertion    Taille\u00a0:\u00a0CH 07 (\u00e9quivalent \u00e0 2,3 mm de diam\u00e8tre)    Longueur\u00a0:\u00a0G\u00e9n\u00e9ralement entre 24 et 30 cm    Mati\u00e8re\u00a0:\u00a0Polyur\u00e9thane ou silicone, mat\u00e9riaux souples et biocompatibles    Extr\u00e9mit\u00e9s\u00a0:\u00a0Boucles en forme de \u00ab\u00a0J\u00a0\u00bb aux deux extr\u00e9mit\u00e9s pour maintenir la sonde en place    Fil-guide\u00a0:\u00a0Souvent en acier inoxydable ou en nitinol, avec un rev\u00eatement hydrophile pour faciliter l\u2019insertion\" \/>\n<meta property=\"og:url\" content=\"https:\/\/yazmed.ma\/ar\/product\/sonde-double-jj-cook-07\/\" \/>\n<meta property=\"og:site_name\" content=\"YAZMED\" \/>\n<meta property=\"article:publisher\" content=\"https:\/\/www.facebook.com\/azenkouky\" \/>\n<meta property=\"og:image\" content=\"https:\/\/yazmed.ma\/wp-content\/uploads\/2025\/11\/sonde-double-jj-COOK-07.webp\" \/>\n\t<meta property=\"og:image:width\" content=\"570\" \/>\n\t<meta property=\"og:image:height\" content=\"517\" \/>\n\t<meta property=\"og:image:type\" content=\"image\/webp\" \/>\n<meta name=\"twitter:card\" content=\"summary_large_image\" \/>\n<script type=\"application\/ld+json\" class=\"yoast-schema-graph\">{\"@context\":\"https:\/\/schema.org\",\"@graph\":[{\"@type\":\"WebPage\",\"@id\":\"https:\/\/yazmed.ma\/product\/sonde-double-jj-cook-07\/\",\"url\":\"https:\/\/yazmed.ma\/product\/sonde-double-jj-cook-07\/\",\"name\":\"sonde double jj COOK 07 - YAZMED\",\"isPartOf\":{\"@id\":\"https:\/\/yazmed.ma\/#website\"},\"primaryImageOfPage\":{\"@id\":\"https:\/\/yazmed.ma\/product\/sonde-double-jj-cook-07\/#primaryimage\"},\"image\":{\"@id\":\"https:\/\/yazmed.ma\/product\/sonde-double-jj-cook-07\/#primaryimage\"},\"thumbnailUrl\":\"https:\/\/yazmed.ma\/wp-content\/uploads\/2025\/11\/sonde-double-jj-COOK-07.webp\",\"datePublished\":\"2025-11-25T12:58:03+00:00\",\"breadcrumb\":{\"@id\":\"https:\/\/yazmed.ma\/product\/sonde-double-jj-cook-07\/#breadcrumb\"},\"inLanguage\":\"ary\",\"potentialAction\":[{\"@type\":\"ReadAction\",\"target\":[\"https:\/\/yazmed.ma\/product\/sonde-double-jj-cook-07\/\"]}]},{\"@type\":\"ImageObject\",\"inLanguage\":\"ary\",\"@id\":\"https:\/\/yazmed.ma\/product\/sonde-double-jj-cook-07\/#primaryimage\",\"url\":\"https:\/\/yazmed.ma\/wp-content\/uploads\/2025\/11\/sonde-double-jj-COOK-07.webp\",\"contentUrl\":\"https:\/\/yazmed.ma\/wp-content\/uploads\/2025\/11\/sonde-double-jj-COOK-07.webp\",\"width\":570,\"height\":517,\"caption\":\"sonde double jj COOK 07\"},{\"@type\":\"BreadcrumbList\",\"@id\":\"https:\/\/yazmed.ma\/product\/sonde-double-jj-cook-07\/#breadcrumb\",\"itemListElement\":[{\"@type\":\"ListItem\",\"position\":1,\"name\":\"Accueil\",\"item\":\"https:\/\/yazmed.ma\/\"},{\"@type\":\"ListItem\",\"position\":2,\"name\":\"Shop\",\"item\":\"https:\/\/yazmed.ma\/shop-2\/\"},{\"@type\":\"ListItem\",\"position\":3,\"name\":\"sonde double jj COOK 07\"}]},{\"@type\":\"WebSite\",\"@id\":\"https:\/\/yazmed.ma\/#website\",\"url\":\"https:\/\/yazmed.ma\/\",\"name\":\"Yazmed\",\"description\":\"LEADER DU MAT\u00c9RIEL M\u00c9DICAL AU MAROC\",\"publisher\":{\"@id\":\"https:\/\/yazmed.ma\/#organization\"},\"potentialAction\":[{\"@type\":\"SearchAction\",\"target\":{\"@type\":\"EntryPoint\",\"urlTemplate\":\"https:\/\/yazmed.ma\/?s={search_term_string}\"},\"query-input\":{\"@type\":\"PropertyValueSpecification\",\"valueRequired\":true,\"valueName\":\"search_term_string\"}}],\"inLanguage\":\"ary\"},{\"@type\":\"Organization\",\"@id\":\"https:\/\/yazmed.ma\/#organization\",\"name\":\"Yazmed Healthcare\",\"url\":\"https:\/\/yazmed.ma\/\",\"logo\":{\"@type\":\"ImageObject\",\"inLanguage\":\"ary\",\"@id\":\"https:\/\/yazmed.ma\/#\/schema\/logo\/image\/\",\"url\":\"https:\/\/yazmed.ma\/wp-content\/uploads\/2024\/12\/3.png\",\"contentUrl\":\"https:\/\/yazmed.ma\/wp-content\/uploads\/2024\/12\/3.png\",\"width\":250,\"height\":70,\"caption\":\"Yazmed Healthcare\"},\"image\":{\"@id\":\"https:\/\/yazmed.ma\/#\/schema\/logo\/image\/\"},\"sameAs\":[\"https:\/\/www.facebook.com\/azenkouky\",\"https:\/\/www.instagram.com\/yazmedhealthcare\",\"https:\/\/www.linkedin.com\/in\/yazmed-healthcare-1b4955295\"]}]}<\/script>\n<!-- \/ Yoast SEO plugin. -->","yoast_head_json":{"title":"sonde double jj COOK 07 - YAZMED","robots":{"index":"index","follow":"follow","max-snippet":"max-snippet:-1","max-image-preview":"max-image-preview:large","max-video-preview":"max-video-preview:-1"},"canonical":"https:\/\/yazmed.ma\/ar\/product\/sonde-double-jj-cook-07\/","og_locale":"ar_AR","og_type":"article","og_title":"sonde double jj COOK 07 - YAZMED","og_description":"La\u00a0sonde ur\u00e9t\u00e9rale double J CH 07 avec guide \u00a0dispositif m\u00e9dical utilis\u00e9 en urologie pour assurer le drainage temporaire de l\u2019urine du rein vers la vessie, notamment en cas d\u2019obstruction de l\u2019uret\u00e8re.\u00a0Elle est souvent utilis\u00e9e avec un\u00a0fil-guide\u00a0pour faciliter son insertion    Taille\u00a0:\u00a0CH 07 (\u00e9quivalent \u00e0 2,3 mm de diam\u00e8tre)    Longueur\u00a0:\u00a0G\u00e9n\u00e9ralement entre 24 et 30 cm    Mati\u00e8re\u00a0:\u00a0Polyur\u00e9thane ou silicone, mat\u00e9riaux souples et biocompatibles    Extr\u00e9mit\u00e9s\u00a0:\u00a0Boucles en forme de \u00ab\u00a0J\u00a0\u00bb aux deux extr\u00e9mit\u00e9s pour maintenir la sonde en place    Fil-guide\u00a0:\u00a0Souvent en acier inoxydable ou en nitinol, avec un rev\u00eatement hydrophile pour faciliter l\u2019insertion","og_url":"https:\/\/yazmed.ma\/ar\/product\/sonde-double-jj-cook-07\/","og_site_name":"YAZMED","article_publisher":"https:\/\/www.facebook.com\/azenkouky","og_image":[{"width":570,"height":517,"url":"https:\/\/yazmed.ma\/wp-content\/uploads\/2025\/11\/sonde-double-jj-COOK-07.webp","type":"image\/webp"}],"twitter_card":"summary_large_image","schema":{"@context":"https:\/\/schema.org","@graph":[{"@type":"WebPage","@id":"https:\/\/yazmed.ma\/product\/sonde-double-jj-cook-07\/","url":"https:\/\/yazmed.ma\/product\/sonde-double-jj-cook-07\/","name":"sonde double jj COOK 07 - YAZMED","isPartOf":{"@id":"https:\/\/yazmed.ma\/#website"},"primaryImageOfPage":{"@id":"https:\/\/yazmed.ma\/product\/sonde-double-jj-cook-07\/#primaryimage"},"image":{"@id":"https:\/\/yazmed.ma\/product\/sonde-double-jj-cook-07\/#primaryimage"},"thumbnailUrl":"https:\/\/yazmed.ma\/wp-content\/uploads\/2025\/11\/sonde-double-jj-COOK-07.webp","datePublished":"2025-11-25T12:58:03+00:00","breadcrumb":{"@id":"https:\/\/yazmed.ma\/product\/sonde-double-jj-cook-07\/#breadcrumb"},"inLanguage":"ary","potentialAction":[{"@type":"ReadAction","target":["https:\/\/yazmed.ma\/product\/sonde-double-jj-cook-07\/"]}]},{"@type":"ImageObject","inLanguage":"ary","@id":"https:\/\/yazmed.ma\/product\/sonde-double-jj-cook-07\/#primaryimage","url":"https:\/\/yazmed.ma\/wp-content\/uploads\/2025\/11\/sonde-double-jj-COOK-07.webp","contentUrl":"https:\/\/yazmed.ma\/wp-content\/uploads\/2025\/11\/sonde-double-jj-COOK-07.webp","width":570,"height":517,"caption":"sonde double jj COOK 07"},{"@type":"BreadcrumbList","@id":"https:\/\/yazmed.ma\/product\/sonde-double-jj-cook-07\/#breadcrumb","itemListElement":[{"@type":"ListItem","position":1,"name":"Accueil","item":"https:\/\/yazmed.ma\/"},{"@type":"ListItem","position":2,"name":"Shop","item":"https:\/\/yazmed.ma\/shop-2\/"},{"@type":"ListItem","position":3,"name":"sonde double jj COOK 07"}]},{"@type":"WebSite","@id":"https:\/\/yazmed.ma\/#website","url":"https:\/\/yazmed.ma\/","name":"Yazmed","description":"LEADER DU MAT\u00c9RIEL M\u00c9DICAL AU MAROC","publisher":{"@id":"https:\/\/yazmed.ma\/#organization"},"potentialAction":[{"@type":"SearchAction","target":{"@type":"EntryPoint","urlTemplate":"https:\/\/yazmed.ma\/?s={search_term_string}"},"query-input":{"@type":"PropertyValueSpecification","valueRequired":true,"valueName":"search_term_string"}}],"inLanguage":"ary"},{"@type":"Organization","@id":"https:\/\/yazmed.ma\/#organization","name":"Yazmed Healthcare","url":"https:\/\/yazmed.ma\/","logo":{"@type":"ImageObject","inLanguage":"ary","@id":"https:\/\/yazmed.ma\/#\/schema\/logo\/image\/","url":"https:\/\/yazmed.ma\/wp-content\/uploads\/2024\/12\/3.png","contentUrl":"https:\/\/yazmed.ma\/wp-content\/uploads\/2024\/12\/3.png","width":250,"height":70,"caption":"Yazmed Healthcare"},"image":{"@id":"https:\/\/yazmed.ma\/#\/schema\/logo\/image\/"},"sameAs":["https:\/\/www.facebook.com\/azenkouky","https:\/\/www.instagram.com\/yazmedhealthcare","https:\/\/www.linkedin.com\/in\/yazmed-healthcare-1b4955295"]}]}},"_links":{"self":[{"href":"https:\/\/yazmed.ma\/ar\/wp-json\/wp\/v2\/product\/2813","targetHints":{"allow":["GET"]}}],"collection":[{"href":"https:\/\/yazmed.ma\/ar\/wp-json\/wp\/v2\/product"}],"about":[{"href":"https:\/\/yazmed.ma\/ar\/wp-json\/wp\/v2\/types\/product"}],"replies":[{"embeddable":true,"href":"https:\/\/yazmed.ma\/ar\/wp-json\/wp\/v2\/comments?post=2813"}],"version-history":[{"count":0,"href":"https:\/\/yazmed.ma\/ar\/wp-json\/wp\/v2\/product\/2813\/revisions"}],"wp:featuredmedia":[{"embeddable":true,"href":"https:\/\/yazmed.ma\/ar\/wp-json\/wp\/v2\/media\/2814"}],"wp:attachment":[{"href":"https:\/\/yazmed.ma\/ar\/wp-json\/wp\/v2\/media?parent=2813"}],"wp:term":[{"taxonomy":"product_brand","embeddable":true,"href":"https:\/\/yazmed.ma\/ar\/wp-json\/wp\/v2\/product_brand?post=2813"},{"taxonomy":"product_cat","embeddable":true,"href":"https:\/\/yazmed.ma\/ar\/wp-json\/wp\/v2\/product_cat?post=2813"},{"taxonomy":"product_tag","embeddable":true,"href":"https:\/\/yazmed.ma\/ar\/wp-json\/wp\/v2\/product_tag?post=2813"}],"curies":[{"name":"wp","href":"https:\/\/api.w.org\/{rel}","templated":true}]}}