{"id":2812,"date":"2025-11-24T21:33:19","date_gmt":"2025-11-24T21:33:19","guid":{"rendered":"https:\/\/yazmed.ma\/?post_type=product&#038;p=2812"},"modified":"2025-11-25T13:16:45","modified_gmt":"2025-11-25T13:16:45","slug":"canule-tracheotomie-5-9","status":"publish","type":"product","link":"https:\/\/yazmed.ma\/ar\/product\/canule-tracheotomie-5-9\/","title":{"rendered":"CANULE TRACHEOTOMIE  5.9"},"content":{"rendered":"<p><img decoding=\"async\" class=\"\" src=\"https:\/\/encrypted-tbn0.gstatic.com\/images?q=tbn:ANd9GcSqiB273CUhnLmD_8Uh6CnGQ6qZjv16sCpXwQ&amp;s\" alt=\"TUOREN - Henan Tuoren Medical; Device Co., Ltd. Trademark Registration\" width=\"111\" height=\"83\" \/><\/p>","protected":false},"excerpt":{"rendered":"<h4>La canule de trach\u00e9otomie 5.9<\/h4>\n<p>utilis\u00e9 pour maintenir la voie a\u00e9rienne ouverte chez les patients ayant subi une trach\u00e9otomie. Elle est compos\u00e9e de PVC souple et non toxique, ce qui la rend confortable pour le patient. Le ballonnet peut \u00eatre gonfl\u00e9 pour s\u00e9curiser la canule en place et emp\u00eacher les fuites d\u2019air. Elle est adapt\u00e9e pour une utilisation dans les soins intensifs, la r\u00e9animation et les soins \u00e0 domicile des patients trach\u00e9otomis\u00e9s.<\/p>\n<p><img decoding=\"async\" class=\"\" src=\"https:\/\/encrypted-tbn0.gstatic.com\/images?q=tbn:ANd9GcSqiB273CUhnLmD_8Uh6CnGQ6qZjv16sCpXwQ&amp;s\" alt=\"TUOREN - Henan Tuoren Medical; Device Co., Ltd. Trademark Registration\" width=\"66\" height=\"49\" \/><\/p>","protected":false},"featured_media":2815,"comment_status":"open","ping_status":"closed","template":"","meta":[],"product_brand":[],"product_cat":[51],"product_tag":[231],"class_list":{"0":"post-2812","1":"product","2":"type-product","3":"status-publish","4":"has-post-thumbnail","6":"product_cat-bloc-et-reanimation","7":"product_tag-canule-tracheotomie","9":"first","10":"instock","11":"taxable","12":"shipping-taxable","13":"product-type-simple"},"yoast_head":"<!-- This site is optimized with the Yoast SEO plugin v26.9 - https:\/\/yoast.com\/product\/yoast-seo-wordpress\/ -->\n<title>CANULE TRACHEOTOMIE 5.9 - YAZMED<\/title>\n<meta name=\"robots\" content=\"index, follow, max-snippet:-1, max-image-preview:large, max-video-preview:-1\" \/>\n<link rel=\"canonical\" href=\"https:\/\/yazmed.ma\/ar\/product\/canule-tracheotomie-5-9\/\" \/>\n<meta property=\"og:locale\" content=\"ar_AR\" \/>\n<meta property=\"og:type\" content=\"article\" \/>\n<meta property=\"og:title\" content=\"CANULE TRACHEOTOMIE 5.9 - YAZMED\" \/>\n<meta property=\"og:description\" content=\"La canule de trach\u00e9otomie 5.9 utilis\u00e9 pour maintenir la voie a\u00e9rienne ouverte chez les patients ayant subi une trach\u00e9otomie. Elle est compos\u00e9e de PVC souple et non toxique, ce qui la rend confortable pour le patient. Le ballonnet peut \u00eatre gonfl\u00e9 pour s\u00e9curiser la canule en place et emp\u00eacher les fuites d\u2019air. Elle est adapt\u00e9e pour une utilisation dans les soins intensifs, la r\u00e9animation et les soins \u00e0 domicile des patients trach\u00e9otomis\u00e9s.\" \/>\n<meta property=\"og:url\" content=\"https:\/\/yazmed.ma\/ar\/product\/canule-tracheotomie-5-9\/\" \/>\n<meta property=\"og:site_name\" content=\"YAZMED\" \/>\n<meta property=\"article:publisher\" content=\"https:\/\/www.facebook.com\/azenkouky\" \/>\n<meta property=\"article:modified_time\" content=\"2025-11-25T13:16:45+00:00\" \/>\n<meta property=\"og:image\" content=\"https:\/\/yazmed.ma\/wp-content\/uploads\/2025\/11\/CANULE-TRACHEOTOMIE-5.9.webp\" \/>\n\t<meta property=\"og:image:width\" content=\"570\" \/>\n\t<meta property=\"og:image:height\" content=\"517\" \/>\n\t<meta property=\"og:image:type\" content=\"image\/webp\" \/>\n<meta name=\"twitter:card\" content=\"summary_large_image\" \/>\n<script type=\"application\/ld+json\" class=\"yoast-schema-graph\">{\"@context\":\"https:\/\/schema.org\",\"@graph\":[{\"@type\":\"WebPage\",\"@id\":\"https:\/\/yazmed.ma\/product\/canule-tracheotomie-5-9\/\",\"url\":\"https:\/\/yazmed.ma\/product\/canule-tracheotomie-5-9\/\",\"name\":\"CANULE TRACHEOTOMIE 5.9 - YAZMED\",\"isPartOf\":{\"@id\":\"https:\/\/yazmed.ma\/#website\"},\"primaryImageOfPage\":{\"@id\":\"https:\/\/yazmed.ma\/product\/canule-tracheotomie-5-9\/#primaryimage\"},\"image\":{\"@id\":\"https:\/\/yazmed.ma\/product\/canule-tracheotomie-5-9\/#primaryimage\"},\"thumbnailUrl\":\"https:\/\/yazmed.ma\/wp-content\/uploads\/2025\/11\/CANULE-TRACHEOTOMIE-5.9.webp\",\"datePublished\":\"2025-11-24T21:33:19+00:00\",\"dateModified\":\"2025-11-25T13:16:45+00:00\",\"breadcrumb\":{\"@id\":\"https:\/\/yazmed.ma\/product\/canule-tracheotomie-5-9\/#breadcrumb\"},\"inLanguage\":\"ary\",\"potentialAction\":[{\"@type\":\"ReadAction\",\"target\":[\"https:\/\/yazmed.ma\/product\/canule-tracheotomie-5-9\/\"]}]},{\"@type\":\"ImageObject\",\"inLanguage\":\"ary\",\"@id\":\"https:\/\/yazmed.ma\/product\/canule-tracheotomie-5-9\/#primaryimage\",\"url\":\"https:\/\/yazmed.ma\/wp-content\/uploads\/2025\/11\/CANULE-TRACHEOTOMIE-5.9.webp\",\"contentUrl\":\"https:\/\/yazmed.ma\/wp-content\/uploads\/2025\/11\/CANULE-TRACHEOTOMIE-5.9.webp\",\"width\":570,\"height\":517,\"caption\":\"CANULE TRACHEOTOMIE 5.9\"},{\"@type\":\"BreadcrumbList\",\"@id\":\"https:\/\/yazmed.ma\/product\/canule-tracheotomie-5-9\/#breadcrumb\",\"itemListElement\":[{\"@type\":\"ListItem\",\"position\":1,\"name\":\"Accueil\",\"item\":\"https:\/\/yazmed.ma\/\"},{\"@type\":\"ListItem\",\"position\":2,\"name\":\"Shop\",\"item\":\"https:\/\/yazmed.ma\/shop-2\/\"},{\"@type\":\"ListItem\",\"position\":3,\"name\":\"CANULE TRACHEOTOMIE 5.9\"}]},{\"@type\":\"WebSite\",\"@id\":\"https:\/\/yazmed.ma\/#website\",\"url\":\"https:\/\/yazmed.ma\/\",\"name\":\"Yazmed\",\"description\":\"LEADER DU MAT\u00c9RIEL M\u00c9DICAL AU MAROC\",\"publisher\":{\"@id\":\"https:\/\/yazmed.ma\/#organization\"},\"potentialAction\":[{\"@type\":\"SearchAction\",\"target\":{\"@type\":\"EntryPoint\",\"urlTemplate\":\"https:\/\/yazmed.ma\/?s={search_term_string}\"},\"query-input\":{\"@type\":\"PropertyValueSpecification\",\"valueRequired\":true,\"valueName\":\"search_term_string\"}}],\"inLanguage\":\"ary\"},{\"@type\":\"Organization\",\"@id\":\"https:\/\/yazmed.ma\/#organization\",\"name\":\"Yazmed Healthcare\",\"url\":\"https:\/\/yazmed.ma\/\",\"logo\":{\"@type\":\"ImageObject\",\"inLanguage\":\"ary\",\"@id\":\"https:\/\/yazmed.ma\/#\/schema\/logo\/image\/\",\"url\":\"https:\/\/yazmed.ma\/wp-content\/uploads\/2024\/12\/3.png\",\"contentUrl\":\"https:\/\/yazmed.ma\/wp-content\/uploads\/2024\/12\/3.png\",\"width\":250,\"height\":70,\"caption\":\"Yazmed Healthcare\"},\"image\":{\"@id\":\"https:\/\/yazmed.ma\/#\/schema\/logo\/image\/\"},\"sameAs\":[\"https:\/\/www.facebook.com\/azenkouky\",\"https:\/\/www.instagram.com\/yazmedhealthcare\",\"https:\/\/www.linkedin.com\/in\/yazmed-healthcare-1b4955295\"]}]}<\/script>\n<!-- \/ Yoast SEO plugin. -->","yoast_head_json":{"title":"CANULE TRACHEOTOMIE 5.9 - YAZMED","robots":{"index":"index","follow":"follow","max-snippet":"max-snippet:-1","max-image-preview":"max-image-preview:large","max-video-preview":"max-video-preview:-1"},"canonical":"https:\/\/yazmed.ma\/ar\/product\/canule-tracheotomie-5-9\/","og_locale":"ar_AR","og_type":"article","og_title":"CANULE TRACHEOTOMIE 5.9 - YAZMED","og_description":"La canule de trach\u00e9otomie 5.9 utilis\u00e9 pour maintenir la voie a\u00e9rienne ouverte chez les patients ayant subi une trach\u00e9otomie. Elle est compos\u00e9e de PVC souple et non toxique, ce qui la rend confortable pour le patient. Le ballonnet peut \u00eatre gonfl\u00e9 pour s\u00e9curiser la canule en place et emp\u00eacher les fuites d\u2019air. Elle est adapt\u00e9e pour une utilisation dans les soins intensifs, la r\u00e9animation et les soins \u00e0 domicile des patients trach\u00e9otomis\u00e9s.","og_url":"https:\/\/yazmed.ma\/ar\/product\/canule-tracheotomie-5-9\/","og_site_name":"YAZMED","article_publisher":"https:\/\/www.facebook.com\/azenkouky","article_modified_time":"2025-11-25T13:16:45+00:00","og_image":[{"width":570,"height":517,"url":"https:\/\/yazmed.ma\/wp-content\/uploads\/2025\/11\/CANULE-TRACHEOTOMIE-5.9.webp","type":"image\/webp"}],"twitter_card":"summary_large_image","schema":{"@context":"https:\/\/schema.org","@graph":[{"@type":"WebPage","@id":"https:\/\/yazmed.ma\/product\/canule-tracheotomie-5-9\/","url":"https:\/\/yazmed.ma\/product\/canule-tracheotomie-5-9\/","name":"CANULE TRACHEOTOMIE 5.9 - YAZMED","isPartOf":{"@id":"https:\/\/yazmed.ma\/#website"},"primaryImageOfPage":{"@id":"https:\/\/yazmed.ma\/product\/canule-tracheotomie-5-9\/#primaryimage"},"image":{"@id":"https:\/\/yazmed.ma\/product\/canule-tracheotomie-5-9\/#primaryimage"},"thumbnailUrl":"https:\/\/yazmed.ma\/wp-content\/uploads\/2025\/11\/CANULE-TRACHEOTOMIE-5.9.webp","datePublished":"2025-11-24T21:33:19+00:00","dateModified":"2025-11-25T13:16:45+00:00","breadcrumb":{"@id":"https:\/\/yazmed.ma\/product\/canule-tracheotomie-5-9\/#breadcrumb"},"inLanguage":"ary","potentialAction":[{"@type":"ReadAction","target":["https:\/\/yazmed.ma\/product\/canule-tracheotomie-5-9\/"]}]},{"@type":"ImageObject","inLanguage":"ary","@id":"https:\/\/yazmed.ma\/product\/canule-tracheotomie-5-9\/#primaryimage","url":"https:\/\/yazmed.ma\/wp-content\/uploads\/2025\/11\/CANULE-TRACHEOTOMIE-5.9.webp","contentUrl":"https:\/\/yazmed.ma\/wp-content\/uploads\/2025\/11\/CANULE-TRACHEOTOMIE-5.9.webp","width":570,"height":517,"caption":"CANULE TRACHEOTOMIE 5.9"},{"@type":"BreadcrumbList","@id":"https:\/\/yazmed.ma\/product\/canule-tracheotomie-5-9\/#breadcrumb","itemListElement":[{"@type":"ListItem","position":1,"name":"Accueil","item":"https:\/\/yazmed.ma\/"},{"@type":"ListItem","position":2,"name":"Shop","item":"https:\/\/yazmed.ma\/shop-2\/"},{"@type":"ListItem","position":3,"name":"CANULE TRACHEOTOMIE 5.9"}]},{"@type":"WebSite","@id":"https:\/\/yazmed.ma\/#website","url":"https:\/\/yazmed.ma\/","name":"Yazmed","description":"LEADER DU MAT\u00c9RIEL M\u00c9DICAL AU MAROC","publisher":{"@id":"https:\/\/yazmed.ma\/#organization"},"potentialAction":[{"@type":"SearchAction","target":{"@type":"EntryPoint","urlTemplate":"https:\/\/yazmed.ma\/?s={search_term_string}"},"query-input":{"@type":"PropertyValueSpecification","valueRequired":true,"valueName":"search_term_string"}}],"inLanguage":"ary"},{"@type":"Organization","@id":"https:\/\/yazmed.ma\/#organization","name":"Yazmed Healthcare","url":"https:\/\/yazmed.ma\/","logo":{"@type":"ImageObject","inLanguage":"ary","@id":"https:\/\/yazmed.ma\/#\/schema\/logo\/image\/","url":"https:\/\/yazmed.ma\/wp-content\/uploads\/2024\/12\/3.png","contentUrl":"https:\/\/yazmed.ma\/wp-content\/uploads\/2024\/12\/3.png","width":250,"height":70,"caption":"Yazmed Healthcare"},"image":{"@id":"https:\/\/yazmed.ma\/#\/schema\/logo\/image\/"},"sameAs":["https:\/\/www.facebook.com\/azenkouky","https:\/\/www.instagram.com\/yazmedhealthcare","https:\/\/www.linkedin.com\/in\/yazmed-healthcare-1b4955295"]}]}},"_links":{"self":[{"href":"https:\/\/yazmed.ma\/ar\/wp-json\/wp\/v2\/product\/2812","targetHints":{"allow":["GET"]}}],"collection":[{"href":"https:\/\/yazmed.ma\/ar\/wp-json\/wp\/v2\/product"}],"about":[{"href":"https:\/\/yazmed.ma\/ar\/wp-json\/wp\/v2\/types\/product"}],"replies":[{"embeddable":true,"href":"https:\/\/yazmed.ma\/ar\/wp-json\/wp\/v2\/comments?post=2812"}],"version-history":[{"count":1,"href":"https:\/\/yazmed.ma\/ar\/wp-json\/wp\/v2\/product\/2812\/revisions"}],"predecessor-version":[{"id":2816,"href":"https:\/\/yazmed.ma\/ar\/wp-json\/wp\/v2\/product\/2812\/revisions\/2816"}],"wp:featuredmedia":[{"embeddable":true,"href":"https:\/\/yazmed.ma\/ar\/wp-json\/wp\/v2\/media\/2815"}],"wp:attachment":[{"href":"https:\/\/yazmed.ma\/ar\/wp-json\/wp\/v2\/media?parent=2812"}],"wp:term":[{"taxonomy":"product_brand","embeddable":true,"href":"https:\/\/yazmed.ma\/ar\/wp-json\/wp\/v2\/product_brand?post=2812"},{"taxonomy":"product_cat","embeddable":true,"href":"https:\/\/yazmed.ma\/ar\/wp-json\/wp\/v2\/product_cat?post=2812"},{"taxonomy":"product_tag","embeddable":true,"href":"https:\/\/yazmed.ma\/ar\/wp-json\/wp\/v2\/product_tag?post=2812"}],"curies":[{"name":"wp","href":"https:\/\/api.w.org\/{rel}","templated":true}]}}