{"id":2810,"date":"2025-11-24T21:25:09","date_gmt":"2025-11-24T21:25:09","guid":{"rendered":"https:\/\/yazmed.ma\/?post_type=product&#038;p=2810"},"modified":"2025-11-25T12:24:15","modified_gmt":"2025-11-25T12:24:15","slug":"champ-a-inciser-3-m","status":"publish","type":"product","link":"https:\/\/yazmed.ma\/ar\/product\/champ-a-inciser-3-m\/","title":{"rendered":"CHAMP A INCISER 3 M"},"content":{"rendered":"<p data-start=\"224\" data-end=\"258\"><strong data-start=\"224\" data-end=\"258\">Caract\u00e9ristiques principales :<\/strong><\/p>\n<ul data-start=\"259\" data-end=\"696\">\n<li data-start=\"259\" data-end=\"343\"><strong data-start=\"261\" data-end=\"294\">Dimensions de la zone incis\u00e9e<\/strong>\u00a0: 50 cm x 45 cm (19 5\/8 pouces x 17 5\/8 pouces).<\/li>\n<li data-start=\"344\" data-end=\"453\"><strong data-start=\"346\" data-end=\"366\">Adh\u00e9rence fiable<\/strong>\u00a0: Le film adh\u00e8re fermement aux bords de la plaie, minimisant la migration bact\u00e9rienne.<\/li>\n<li data-start=\"454\" data-end=\"611\"><strong data-start=\"456\" data-end=\"488\">Flexibilit\u00e9 et respirabilit\u00e9<\/strong>\u00a0: Le film est flexible et perm\u00e9able \u00e0 l\u2019air, ce qui facilite son application, m\u00eame sur des contours anatomiques complexes.<\/li>\n<li data-start=\"612\" data-end=\"696\"><strong data-start=\"614\" data-end=\"633\">Conditionnement<\/strong>\u00a0: Disponible en bo\u00eetes de 10 unit\u00e9s, avec 4 bo\u00eetes par caisse.<\/li>\n<\/ul>\n<p><img decoding=\"async\" class=\"\" src=\"https:\/\/promamec.com\/assets\/site\/images\/marques\/obifrny5dx.png\" alt=\"3M\" width=\"77\" height=\"51\" \/><\/p>","protected":false},"excerpt":{"rendered":"<h3>CHAMP A INCISER 3 M<\/h3>\n<p>Le\u00a0<strong data-start=\"3\" data-end=\"43\">3M\u2122 Steri-Drape\u2122 2 Incise 2045<\/strong> est un op\u00e9ratoire adh\u00e9sif con\u00e7u pour cr\u00e9er une surface st\u00e9rile autour du site chirurgical, r\u00e9duisant ainsi le risque de contamination.<\/p>\n<p>pr\u00e9sente une activit\u00e9 antimicrobienne \u00e0 large spectre continue qui contribue \u00e0 r\u00e9duire le risque de contamination du site op\u00e9ratoire. En adh\u00e9rant fermement aux berges de l&rsquo;incision, il cr\u00e9e une barri\u00e8re fiable contre les micro-organismes cutan\u00e9s.<\/p>\n<p><img decoding=\"async\" class=\"\" src=\"https:\/\/promamec.com\/assets\/site\/images\/marques\/obifrny5dx.png\" alt=\"3M\" width=\"77\" height=\"51\" \/><\/p>","protected":false},"featured_media":2811,"comment_status":"open","ping_status":"closed","template":"","meta":[],"product_brand":[176],"product_cat":[51],"product_tag":[230,229],"class_list":{"0":"post-2810","1":"product","2":"type-product","3":"status-publish","4":"has-post-thumbnail","6":"product_brand-3m","7":"product_cat-bloc-et-reanimation","8":"product_tag-3m-steri-drape","9":"product_tag-champ-a-inciser-3-m","11":"first","12":"instock","13":"taxable","14":"shipping-taxable","15":"product-type-simple"},"yoast_head":"<!-- This site is optimized with the Yoast SEO plugin v26.9 - https:\/\/yoast.com\/product\/yoast-seo-wordpress\/ -->\n<title>CHAMP A INCISER 3 M - YAZMED<\/title>\n<meta name=\"robots\" content=\"index, follow, max-snippet:-1, max-image-preview:large, max-video-preview:-1\" \/>\n<link rel=\"canonical\" href=\"https:\/\/yazmed.ma\/ar\/product\/champ-a-inciser-3-m\/\" \/>\n<meta property=\"og:locale\" content=\"ar_AR\" \/>\n<meta property=\"og:type\" content=\"article\" \/>\n<meta property=\"og:title\" content=\"CHAMP A INCISER 3 M - YAZMED\" \/>\n<meta property=\"og:description\" content=\"CHAMP A INCISER 3 M Le\u00a03M\u2122 Steri-Drape\u2122 2 Incise 2045 est un op\u00e9ratoire adh\u00e9sif con\u00e7u pour cr\u00e9er une surface st\u00e9rile autour du site chirurgical, r\u00e9duisant ainsi le risque de contamination.  pr\u00e9sente une activit\u00e9 antimicrobienne \u00e0 large spectre continue qui contribue \u00e0 r\u00e9duire le risque de contamination du site op\u00e9ratoire. En adh\u00e9rant fermement aux berges de l&#039;incision, il cr\u00e9e une barri\u00e8re fiable contre les micro-organismes cutan\u00e9s.\" \/>\n<meta property=\"og:url\" content=\"https:\/\/yazmed.ma\/ar\/product\/champ-a-inciser-3-m\/\" \/>\n<meta property=\"og:site_name\" content=\"YAZMED\" \/>\n<meta property=\"article:publisher\" content=\"https:\/\/www.facebook.com\/azenkouky\" \/>\n<meta property=\"article:modified_time\" content=\"2025-11-25T12:24:15+00:00\" \/>\n<meta property=\"og:image\" content=\"https:\/\/yazmed.ma\/wp-content\/uploads\/2025\/11\/CHAMP-A-INCISER-3-M.webp\" \/>\n\t<meta property=\"og:image:width\" content=\"570\" \/>\n\t<meta property=\"og:image:height\" content=\"517\" \/>\n\t<meta property=\"og:image:type\" content=\"image\/webp\" \/>\n<meta name=\"twitter:card\" content=\"summary_large_image\" \/>\n<script type=\"application\/ld+json\" class=\"yoast-schema-graph\">{\"@context\":\"https:\/\/schema.org\",\"@graph\":[{\"@type\":\"WebPage\",\"@id\":\"https:\/\/yazmed.ma\/product\/champ-a-inciser-3-m\/\",\"url\":\"https:\/\/yazmed.ma\/product\/champ-a-inciser-3-m\/\",\"name\":\"CHAMP A INCISER 3 M - YAZMED\",\"isPartOf\":{\"@id\":\"https:\/\/yazmed.ma\/#website\"},\"primaryImageOfPage\":{\"@id\":\"https:\/\/yazmed.ma\/product\/champ-a-inciser-3-m\/#primaryimage\"},\"image\":{\"@id\":\"https:\/\/yazmed.ma\/product\/champ-a-inciser-3-m\/#primaryimage\"},\"thumbnailUrl\":\"https:\/\/yazmed.ma\/wp-content\/uploads\/2025\/11\/CHAMP-A-INCISER-3-M.webp\",\"datePublished\":\"2025-11-24T21:25:09+00:00\",\"dateModified\":\"2025-11-25T12:24:15+00:00\",\"breadcrumb\":{\"@id\":\"https:\/\/yazmed.ma\/product\/champ-a-inciser-3-m\/#breadcrumb\"},\"inLanguage\":\"ary\",\"potentialAction\":[{\"@type\":\"ReadAction\",\"target\":[\"https:\/\/yazmed.ma\/product\/champ-a-inciser-3-m\/\"]}]},{\"@type\":\"ImageObject\",\"inLanguage\":\"ary\",\"@id\":\"https:\/\/yazmed.ma\/product\/champ-a-inciser-3-m\/#primaryimage\",\"url\":\"https:\/\/yazmed.ma\/wp-content\/uploads\/2025\/11\/CHAMP-A-INCISER-3-M.webp\",\"contentUrl\":\"https:\/\/yazmed.ma\/wp-content\/uploads\/2025\/11\/CHAMP-A-INCISER-3-M.webp\",\"width\":570,\"height\":517,\"caption\":\"CHAMP A INCISER 3 M\"},{\"@type\":\"BreadcrumbList\",\"@id\":\"https:\/\/yazmed.ma\/product\/champ-a-inciser-3-m\/#breadcrumb\",\"itemListElement\":[{\"@type\":\"ListItem\",\"position\":1,\"name\":\"Accueil\",\"item\":\"https:\/\/yazmed.ma\/\"},{\"@type\":\"ListItem\",\"position\":2,\"name\":\"Shop\",\"item\":\"https:\/\/yazmed.ma\/shop-2\/\"},{\"@type\":\"ListItem\",\"position\":3,\"name\":\"CHAMP A INCISER 3 M\"}]},{\"@type\":\"WebSite\",\"@id\":\"https:\/\/yazmed.ma\/#website\",\"url\":\"https:\/\/yazmed.ma\/\",\"name\":\"Yazmed\",\"description\":\"LEADER DU MAT\u00c9RIEL M\u00c9DICAL AU MAROC\",\"publisher\":{\"@id\":\"https:\/\/yazmed.ma\/#organization\"},\"potentialAction\":[{\"@type\":\"SearchAction\",\"target\":{\"@type\":\"EntryPoint\",\"urlTemplate\":\"https:\/\/yazmed.ma\/?s={search_term_string}\"},\"query-input\":{\"@type\":\"PropertyValueSpecification\",\"valueRequired\":true,\"valueName\":\"search_term_string\"}}],\"inLanguage\":\"ary\"},{\"@type\":\"Organization\",\"@id\":\"https:\/\/yazmed.ma\/#organization\",\"name\":\"Yazmed Healthcare\",\"url\":\"https:\/\/yazmed.ma\/\",\"logo\":{\"@type\":\"ImageObject\",\"inLanguage\":\"ary\",\"@id\":\"https:\/\/yazmed.ma\/#\/schema\/logo\/image\/\",\"url\":\"https:\/\/yazmed.ma\/wp-content\/uploads\/2024\/12\/3.png\",\"contentUrl\":\"https:\/\/yazmed.ma\/wp-content\/uploads\/2024\/12\/3.png\",\"width\":250,\"height\":70,\"caption\":\"Yazmed Healthcare\"},\"image\":{\"@id\":\"https:\/\/yazmed.ma\/#\/schema\/logo\/image\/\"},\"sameAs\":[\"https:\/\/www.facebook.com\/azenkouky\",\"https:\/\/www.instagram.com\/yazmedhealthcare\",\"https:\/\/www.linkedin.com\/in\/yazmed-healthcare-1b4955295\"]}]}<\/script>\n<!-- \/ Yoast SEO plugin. -->","yoast_head_json":{"title":"CHAMP A INCISER 3 M - YAZMED","robots":{"index":"index","follow":"follow","max-snippet":"max-snippet:-1","max-image-preview":"max-image-preview:large","max-video-preview":"max-video-preview:-1"},"canonical":"https:\/\/yazmed.ma\/ar\/product\/champ-a-inciser-3-m\/","og_locale":"ar_AR","og_type":"article","og_title":"CHAMP A INCISER 3 M - YAZMED","og_description":"CHAMP A INCISER 3 M Le\u00a03M\u2122 Steri-Drape\u2122 2 Incise 2045 est un op\u00e9ratoire adh\u00e9sif con\u00e7u pour cr\u00e9er une surface st\u00e9rile autour du site chirurgical, r\u00e9duisant ainsi le risque de contamination.  pr\u00e9sente une activit\u00e9 antimicrobienne \u00e0 large spectre continue qui contribue \u00e0 r\u00e9duire le risque de contamination du site op\u00e9ratoire. En adh\u00e9rant fermement aux berges de l'incision, il cr\u00e9e une barri\u00e8re fiable contre les micro-organismes cutan\u00e9s.","og_url":"https:\/\/yazmed.ma\/ar\/product\/champ-a-inciser-3-m\/","og_site_name":"YAZMED","article_publisher":"https:\/\/www.facebook.com\/azenkouky","article_modified_time":"2025-11-25T12:24:15+00:00","og_image":[{"width":570,"height":517,"url":"https:\/\/yazmed.ma\/wp-content\/uploads\/2025\/11\/CHAMP-A-INCISER-3-M.webp","type":"image\/webp"}],"twitter_card":"summary_large_image","schema":{"@context":"https:\/\/schema.org","@graph":[{"@type":"WebPage","@id":"https:\/\/yazmed.ma\/product\/champ-a-inciser-3-m\/","url":"https:\/\/yazmed.ma\/product\/champ-a-inciser-3-m\/","name":"CHAMP A INCISER 3 M - YAZMED","isPartOf":{"@id":"https:\/\/yazmed.ma\/#website"},"primaryImageOfPage":{"@id":"https:\/\/yazmed.ma\/product\/champ-a-inciser-3-m\/#primaryimage"},"image":{"@id":"https:\/\/yazmed.ma\/product\/champ-a-inciser-3-m\/#primaryimage"},"thumbnailUrl":"https:\/\/yazmed.ma\/wp-content\/uploads\/2025\/11\/CHAMP-A-INCISER-3-M.webp","datePublished":"2025-11-24T21:25:09+00:00","dateModified":"2025-11-25T12:24:15+00:00","breadcrumb":{"@id":"https:\/\/yazmed.ma\/product\/champ-a-inciser-3-m\/#breadcrumb"},"inLanguage":"ary","potentialAction":[{"@type":"ReadAction","target":["https:\/\/yazmed.ma\/product\/champ-a-inciser-3-m\/"]}]},{"@type":"ImageObject","inLanguage":"ary","@id":"https:\/\/yazmed.ma\/product\/champ-a-inciser-3-m\/#primaryimage","url":"https:\/\/yazmed.ma\/wp-content\/uploads\/2025\/11\/CHAMP-A-INCISER-3-M.webp","contentUrl":"https:\/\/yazmed.ma\/wp-content\/uploads\/2025\/11\/CHAMP-A-INCISER-3-M.webp","width":570,"height":517,"caption":"CHAMP A INCISER 3 M"},{"@type":"BreadcrumbList","@id":"https:\/\/yazmed.ma\/product\/champ-a-inciser-3-m\/#breadcrumb","itemListElement":[{"@type":"ListItem","position":1,"name":"Accueil","item":"https:\/\/yazmed.ma\/"},{"@type":"ListItem","position":2,"name":"Shop","item":"https:\/\/yazmed.ma\/shop-2\/"},{"@type":"ListItem","position":3,"name":"CHAMP A INCISER 3 M"}]},{"@type":"WebSite","@id":"https:\/\/yazmed.ma\/#website","url":"https:\/\/yazmed.ma\/","name":"Yazmed","description":"LEADER DU MAT\u00c9RIEL M\u00c9DICAL AU MAROC","publisher":{"@id":"https:\/\/yazmed.ma\/#organization"},"potentialAction":[{"@type":"SearchAction","target":{"@type":"EntryPoint","urlTemplate":"https:\/\/yazmed.ma\/?s={search_term_string}"},"query-input":{"@type":"PropertyValueSpecification","valueRequired":true,"valueName":"search_term_string"}}],"inLanguage":"ary"},{"@type":"Organization","@id":"https:\/\/yazmed.ma\/#organization","name":"Yazmed Healthcare","url":"https:\/\/yazmed.ma\/","logo":{"@type":"ImageObject","inLanguage":"ary","@id":"https:\/\/yazmed.ma\/#\/schema\/logo\/image\/","url":"https:\/\/yazmed.ma\/wp-content\/uploads\/2024\/12\/3.png","contentUrl":"https:\/\/yazmed.ma\/wp-content\/uploads\/2024\/12\/3.png","width":250,"height":70,"caption":"Yazmed Healthcare"},"image":{"@id":"https:\/\/yazmed.ma\/#\/schema\/logo\/image\/"},"sameAs":["https:\/\/www.facebook.com\/azenkouky","https:\/\/www.instagram.com\/yazmedhealthcare","https:\/\/www.linkedin.com\/in\/yazmed-healthcare-1b4955295"]}]}},"_links":{"self":[{"href":"https:\/\/yazmed.ma\/ar\/wp-json\/wp\/v2\/product\/2810","targetHints":{"allow":["GET"]}}],"collection":[{"href":"https:\/\/yazmed.ma\/ar\/wp-json\/wp\/v2\/product"}],"about":[{"href":"https:\/\/yazmed.ma\/ar\/wp-json\/wp\/v2\/types\/product"}],"replies":[{"embeddable":true,"href":"https:\/\/yazmed.ma\/ar\/wp-json\/wp\/v2\/comments?post=2810"}],"version-history":[{"count":0,"href":"https:\/\/yazmed.ma\/ar\/wp-json\/wp\/v2\/product\/2810\/revisions"}],"wp:featuredmedia":[{"embeddable":true,"href":"https:\/\/yazmed.ma\/ar\/wp-json\/wp\/v2\/media\/2811"}],"wp:attachment":[{"href":"https:\/\/yazmed.ma\/ar\/wp-json\/wp\/v2\/media?parent=2810"}],"wp:term":[{"taxonomy":"product_brand","embeddable":true,"href":"https:\/\/yazmed.ma\/ar\/wp-json\/wp\/v2\/product_brand?post=2810"},{"taxonomy":"product_cat","embeddable":true,"href":"https:\/\/yazmed.ma\/ar\/wp-json\/wp\/v2\/product_cat?post=2810"},{"taxonomy":"product_tag","embeddable":true,"href":"https:\/\/yazmed.ma\/ar\/wp-json\/wp\/v2\/product_tag?post=2810"}],"curies":[{"name":"wp","href":"https:\/\/api.w.org\/{rel}","templated":true}]}}