{"id":2808,"date":"2025-11-24T21:03:02","date_gmt":"2025-11-24T21:03:02","guid":{"rendered":"https:\/\/yazmed.ma\/?post_type=product&#038;p=2808"},"modified":"2025-11-24T21:03:02","modified_gmt":"2025-11-24T21:03:02","slug":"clips-de-ligature-lt300","status":"publish","type":"product","link":"https:\/\/yazmed.ma\/ar\/product\/clips-de-ligature-lt300\/","title":{"rendered":"Clips de ligature Lt300"},"content":{"rendered":"<table style=\"height: 234px;\" border=\"0\" width=\"430\" cellspacing=\"0\" cellpadding=\"0\">\n<tbody>\n<tr>\n<td width=\"72\" height=\"44\">LT100<\/td>\n<td width=\"156\" height=\"44\">S bleu {{0}}.5X0.35 t<\/td>\n<td width=\"72\" height=\"44\">7mm<\/td>\n<\/tr>\n<tr>\n<td width=\"72\" height=\"44\">LT200<\/td>\n<td width=\"156\" height=\"44\">M blanc {{0}}.75X0.5<\/td>\n<td width=\"72\" height=\"44\">10,3 mm<\/td>\n<\/tr>\n<tr>\n<td width=\"72\" height=\"44\">LT300<\/td>\n<td width=\"156\" height=\"44\">ML vert {{0}}.97X0.61<\/td>\n<td width=\"72\" height=\"44\">17,5 mm<\/td>\n<\/tr>\n<tr>\n<td width=\"72\" height=\"44\">LT400<\/td>\n<td width=\"156\" height=\"44\">L jaune 1.16X0.84<\/td>\n<td width=\"72\" height=\"44\">23,8 mm<\/td>\n<\/tr>\n<\/tbody>\n<\/table>\n<h3 id=\"_YsYkabPrG9jq7M8Ph9Ok6Qc_64\" class=\"LC20lb MBeuO DKV0Md\"><img decoding=\"async\" class=\"\" src=\"https:\/\/img.medicalexpo.fr\/images_me\/logo-p\/L74984.gif\" alt=\"Ethicon - logo\" width=\"106\" height=\"33\" \/><\/h3>\n<p>&nbsp;<\/p>","protected":false},"excerpt":{"rendered":"<h3>Clips de ligature Lt300<\/h3>\n<p><span data-huuid=\"15460897765385527445\">sont des petites agrafes utilis\u00e9es pour fermer ou ligaturer des structures (vaisseaux sanguins, canaux biliaires, trompes de Fallope) pendant une op\u00e9ration. <\/span><span data-huuid=\"15460897765385531174\">Ils peuvent \u00eatre m\u00e9talliques (souvent en titane) ou en polym\u00e8re, \u00eatre r\u00e9sorbables ou non r\u00e9sorbables, et servent aussi \u00e0 marquer des zones sp\u00e9cifique<\/span><\/p>\n<p><span class=\"labelWrapper__StyledProductLabel-sc-1nqzt6e-0 cOMCyq\">Clip chirurgical laparoscopique<\/span>\u00a0<span class=\"labelWrapper__StyledProductBrand-sc-1nqzt6e-1 iQjsao\">LIGACLIP\u00ae<\/span><\/p>\n<p><img decoding=\"async\" class=\"\" src=\"https:\/\/img.medicalexpo.fr\/images_me\/logo-p\/L74984.gif\" alt=\"Ethicon - logo\" width=\"80\" height=\"25\" \/><\/p>\n<p>&nbsp;<\/p>\n<p>&nbsp;<\/p>\n<div class=\"productGeneral biggerText\">\n<p>&nbsp;<\/p>\n<\/div>","protected":false},"featured_media":2809,"comment_status":"open","ping_status":"closed","template":"","meta":[],"product_brand":[],"product_cat":[51],"product_tag":[228],"class_list":{"0":"post-2808","1":"product","2":"type-product","3":"status-publish","4":"has-post-thumbnail","6":"product_cat-bloc-et-reanimation","7":"product_tag-clips-de-ligature","9":"first","10":"instock","11":"taxable","12":"shipping-taxable","13":"product-type-simple"},"yoast_head":"<!-- This site is optimized with the Yoast SEO plugin v26.9 - https:\/\/yoast.com\/product\/yoast-seo-wordpress\/ -->\n<title>Clips de ligature Lt300 - YAZMED<\/title>\n<meta name=\"robots\" content=\"index, follow, max-snippet:-1, max-image-preview:large, max-video-preview:-1\" \/>\n<link rel=\"canonical\" href=\"https:\/\/yazmed.ma\/ar\/product\/clips-de-ligature-lt300\/\" \/>\n<meta property=\"og:locale\" content=\"ar_AR\" \/>\n<meta property=\"og:type\" content=\"article\" \/>\n<meta property=\"og:title\" content=\"Clips de ligature Lt300 - YAZMED\" \/>\n<meta property=\"og:description\" content=\"Clips de ligature Lt300 sont des petites agrafes utilis\u00e9es pour fermer ou ligaturer des structures (vaisseaux sanguins, canaux biliaires, trompes de Fallope) pendant une op\u00e9ration. Ils peuvent \u00eatre m\u00e9talliques (souvent en titane) ou en polym\u00e8re, \u00eatre r\u00e9sorbables ou non r\u00e9sorbables, et servent aussi \u00e0 marquer des zones sp\u00e9cifique  Clip chirurgical laparoscopique\u00a0LIGACLIP\u00ae    &nbsp;  &nbsp;   &nbsp;\" \/>\n<meta property=\"og:url\" content=\"https:\/\/yazmed.ma\/ar\/product\/clips-de-ligature-lt300\/\" \/>\n<meta property=\"og:site_name\" content=\"YAZMED\" \/>\n<meta property=\"article:publisher\" content=\"https:\/\/www.facebook.com\/azenkouky\" \/>\n<meta property=\"og:image\" content=\"https:\/\/yazmed.ma\/wp-content\/uploads\/2025\/11\/Clips-de-ligature-Lt300.webp\" \/>\n\t<meta property=\"og:image:width\" content=\"570\" \/>\n\t<meta property=\"og:image:height\" content=\"517\" \/>\n\t<meta property=\"og:image:type\" content=\"image\/webp\" \/>\n<meta name=\"twitter:card\" content=\"summary_large_image\" \/>\n<script type=\"application\/ld+json\" class=\"yoast-schema-graph\">{\"@context\":\"https:\/\/schema.org\",\"@graph\":[{\"@type\":\"WebPage\",\"@id\":\"https:\/\/yazmed.ma\/ar\/product\/clips-de-ligature-lt300\/\",\"url\":\"https:\/\/yazmed.ma\/ar\/product\/clips-de-ligature-lt300\/\",\"name\":\"Clips de ligature Lt300 - YAZMED\",\"isPartOf\":{\"@id\":\"https:\/\/yazmed.ma\/#website\"},\"primaryImageOfPage\":{\"@id\":\"https:\/\/yazmed.ma\/ar\/product\/clips-de-ligature-lt300\/#primaryimage\"},\"image\":{\"@id\":\"https:\/\/yazmed.ma\/ar\/product\/clips-de-ligature-lt300\/#primaryimage\"},\"thumbnailUrl\":\"https:\/\/yazmed.ma\/wp-content\/uploads\/2025\/11\/Clips-de-ligature-Lt300.webp\",\"datePublished\":\"2025-11-24T21:03:02+00:00\",\"breadcrumb\":{\"@id\":\"https:\/\/yazmed.ma\/ar\/product\/clips-de-ligature-lt300\/#breadcrumb\"},\"inLanguage\":\"ary\",\"potentialAction\":[{\"@type\":\"ReadAction\",\"target\":[\"https:\/\/yazmed.ma\/ar\/product\/clips-de-ligature-lt300\/\"]}]},{\"@type\":\"ImageObject\",\"inLanguage\":\"ary\",\"@id\":\"https:\/\/yazmed.ma\/ar\/product\/clips-de-ligature-lt300\/#primaryimage\",\"url\":\"https:\/\/yazmed.ma\/wp-content\/uploads\/2025\/11\/Clips-de-ligature-Lt300.webp\",\"contentUrl\":\"https:\/\/yazmed.ma\/wp-content\/uploads\/2025\/11\/Clips-de-ligature-Lt300.webp\",\"width\":570,\"height\":517,\"caption\":\"Clips de ligature Lt300\"},{\"@type\":\"BreadcrumbList\",\"@id\":\"https:\/\/yazmed.ma\/ar\/product\/clips-de-ligature-lt300\/#breadcrumb\",\"itemListElement\":[{\"@type\":\"ListItem\",\"position\":1,\"name\":\"Accueil\",\"item\":\"https:\/\/yazmed.ma\/\"},{\"@type\":\"ListItem\",\"position\":2,\"name\":\"Shop\",\"item\":\"https:\/\/yazmed.ma\/shop-2\/\"},{\"@type\":\"ListItem\",\"position\":3,\"name\":\"Clips de ligature Lt300\"}]},{\"@type\":\"WebSite\",\"@id\":\"https:\/\/yazmed.ma\/#website\",\"url\":\"https:\/\/yazmed.ma\/\",\"name\":\"Yazmed\",\"description\":\"LEADER DU MAT\u00c9RIEL M\u00c9DICAL AU MAROC\",\"publisher\":{\"@id\":\"https:\/\/yazmed.ma\/#organization\"},\"potentialAction\":[{\"@type\":\"SearchAction\",\"target\":{\"@type\":\"EntryPoint\",\"urlTemplate\":\"https:\/\/yazmed.ma\/?s={search_term_string}\"},\"query-input\":{\"@type\":\"PropertyValueSpecification\",\"valueRequired\":true,\"valueName\":\"search_term_string\"}}],\"inLanguage\":\"ary\"},{\"@type\":\"Organization\",\"@id\":\"https:\/\/yazmed.ma\/#organization\",\"name\":\"Yazmed Healthcare\",\"url\":\"https:\/\/yazmed.ma\/\",\"logo\":{\"@type\":\"ImageObject\",\"inLanguage\":\"ary\",\"@id\":\"https:\/\/yazmed.ma\/#\/schema\/logo\/image\/\",\"url\":\"https:\/\/yazmed.ma\/wp-content\/uploads\/2024\/12\/3.png\",\"contentUrl\":\"https:\/\/yazmed.ma\/wp-content\/uploads\/2024\/12\/3.png\",\"width\":250,\"height\":70,\"caption\":\"Yazmed Healthcare\"},\"image\":{\"@id\":\"https:\/\/yazmed.ma\/#\/schema\/logo\/image\/\"},\"sameAs\":[\"https:\/\/www.facebook.com\/azenkouky\",\"https:\/\/www.instagram.com\/yazmedhealthcare\",\"https:\/\/www.linkedin.com\/in\/yazmed-healthcare-1b4955295\"]}]}<\/script>\n<!-- \/ Yoast SEO plugin. -->","yoast_head_json":{"title":"Clips de ligature Lt300 - YAZMED","robots":{"index":"index","follow":"follow","max-snippet":"max-snippet:-1","max-image-preview":"max-image-preview:large","max-video-preview":"max-video-preview:-1"},"canonical":"https:\/\/yazmed.ma\/ar\/product\/clips-de-ligature-lt300\/","og_locale":"ar_AR","og_type":"article","og_title":"Clips de ligature Lt300 - YAZMED","og_description":"Clips de ligature Lt300 sont des petites agrafes utilis\u00e9es pour fermer ou ligaturer des structures (vaisseaux sanguins, canaux biliaires, trompes de Fallope) pendant une op\u00e9ration. Ils peuvent \u00eatre m\u00e9talliques (souvent en titane) ou en polym\u00e8re, \u00eatre r\u00e9sorbables ou non r\u00e9sorbables, et servent aussi \u00e0 marquer des zones sp\u00e9cifique  Clip chirurgical laparoscopique\u00a0LIGACLIP\u00ae    &nbsp;  &nbsp;   &nbsp;","og_url":"https:\/\/yazmed.ma\/ar\/product\/clips-de-ligature-lt300\/","og_site_name":"YAZMED","article_publisher":"https:\/\/www.facebook.com\/azenkouky","og_image":[{"width":570,"height":517,"url":"https:\/\/yazmed.ma\/wp-content\/uploads\/2025\/11\/Clips-de-ligature-Lt300.webp","type":"image\/webp"}],"twitter_card":"summary_large_image","schema":{"@context":"https:\/\/schema.org","@graph":[{"@type":"WebPage","@id":"https:\/\/yazmed.ma\/ar\/product\/clips-de-ligature-lt300\/","url":"https:\/\/yazmed.ma\/ar\/product\/clips-de-ligature-lt300\/","name":"Clips de ligature Lt300 - YAZMED","isPartOf":{"@id":"https:\/\/yazmed.ma\/#website"},"primaryImageOfPage":{"@id":"https:\/\/yazmed.ma\/ar\/product\/clips-de-ligature-lt300\/#primaryimage"},"image":{"@id":"https:\/\/yazmed.ma\/ar\/product\/clips-de-ligature-lt300\/#primaryimage"},"thumbnailUrl":"https:\/\/yazmed.ma\/wp-content\/uploads\/2025\/11\/Clips-de-ligature-Lt300.webp","datePublished":"2025-11-24T21:03:02+00:00","breadcrumb":{"@id":"https:\/\/yazmed.ma\/ar\/product\/clips-de-ligature-lt300\/#breadcrumb"},"inLanguage":"ary","potentialAction":[{"@type":"ReadAction","target":["https:\/\/yazmed.ma\/ar\/product\/clips-de-ligature-lt300\/"]}]},{"@type":"ImageObject","inLanguage":"ary","@id":"https:\/\/yazmed.ma\/ar\/product\/clips-de-ligature-lt300\/#primaryimage","url":"https:\/\/yazmed.ma\/wp-content\/uploads\/2025\/11\/Clips-de-ligature-Lt300.webp","contentUrl":"https:\/\/yazmed.ma\/wp-content\/uploads\/2025\/11\/Clips-de-ligature-Lt300.webp","width":570,"height":517,"caption":"Clips de ligature Lt300"},{"@type":"BreadcrumbList","@id":"https:\/\/yazmed.ma\/ar\/product\/clips-de-ligature-lt300\/#breadcrumb","itemListElement":[{"@type":"ListItem","position":1,"name":"Accueil","item":"https:\/\/yazmed.ma\/"},{"@type":"ListItem","position":2,"name":"Shop","item":"https:\/\/yazmed.ma\/shop-2\/"},{"@type":"ListItem","position":3,"name":"Clips de ligature Lt300"}]},{"@type":"WebSite","@id":"https:\/\/yazmed.ma\/#website","url":"https:\/\/yazmed.ma\/","name":"Yazmed","description":"LEADER DU MAT\u00c9RIEL M\u00c9DICAL AU MAROC","publisher":{"@id":"https:\/\/yazmed.ma\/#organization"},"potentialAction":[{"@type":"SearchAction","target":{"@type":"EntryPoint","urlTemplate":"https:\/\/yazmed.ma\/?s={search_term_string}"},"query-input":{"@type":"PropertyValueSpecification","valueRequired":true,"valueName":"search_term_string"}}],"inLanguage":"ary"},{"@type":"Organization","@id":"https:\/\/yazmed.ma\/#organization","name":"Yazmed Healthcare","url":"https:\/\/yazmed.ma\/","logo":{"@type":"ImageObject","inLanguage":"ary","@id":"https:\/\/yazmed.ma\/#\/schema\/logo\/image\/","url":"https:\/\/yazmed.ma\/wp-content\/uploads\/2024\/12\/3.png","contentUrl":"https:\/\/yazmed.ma\/wp-content\/uploads\/2024\/12\/3.png","width":250,"height":70,"caption":"Yazmed Healthcare"},"image":{"@id":"https:\/\/yazmed.ma\/#\/schema\/logo\/image\/"},"sameAs":["https:\/\/www.facebook.com\/azenkouky","https:\/\/www.instagram.com\/yazmedhealthcare","https:\/\/www.linkedin.com\/in\/yazmed-healthcare-1b4955295"]}]}},"_links":{"self":[{"href":"https:\/\/yazmed.ma\/ar\/wp-json\/wp\/v2\/product\/2808","targetHints":{"allow":["GET"]}}],"collection":[{"href":"https:\/\/yazmed.ma\/ar\/wp-json\/wp\/v2\/product"}],"about":[{"href":"https:\/\/yazmed.ma\/ar\/wp-json\/wp\/v2\/types\/product"}],"replies":[{"embeddable":true,"href":"https:\/\/yazmed.ma\/ar\/wp-json\/wp\/v2\/comments?post=2808"}],"version-history":[{"count":0,"href":"https:\/\/yazmed.ma\/ar\/wp-json\/wp\/v2\/product\/2808\/revisions"}],"wp:featuredmedia":[{"embeddable":true,"href":"https:\/\/yazmed.ma\/ar\/wp-json\/wp\/v2\/media\/2809"}],"wp:attachment":[{"href":"https:\/\/yazmed.ma\/ar\/wp-json\/wp\/v2\/media?parent=2808"}],"wp:term":[{"taxonomy":"product_brand","embeddable":true,"href":"https:\/\/yazmed.ma\/ar\/wp-json\/wp\/v2\/product_brand?post=2808"},{"taxonomy":"product_cat","embeddable":true,"href":"https:\/\/yazmed.ma\/ar\/wp-json\/wp\/v2\/product_cat?post=2808"},{"taxonomy":"product_tag","embeddable":true,"href":"https:\/\/yazmed.ma\/ar\/wp-json\/wp\/v2\/product_tag?post=2808"}],"curies":[{"name":"wp","href":"https:\/\/api.w.org\/{rel}","templated":true}]}}