{"id":2805,"date":"2025-11-24T20:32:26","date_gmt":"2025-11-24T20:32:26","guid":{"rendered":"https:\/\/yazmed.ma\/?post_type=product&#038;p=2805"},"modified":"2025-11-24T20:32:26","modified_gmt":"2025-11-24T20:32:26","slug":"manchette-de-pression-grey-fuse-1000-ml","status":"publish","type":"product","link":"https:\/\/yazmed.ma\/ar\/product\/manchette-de-pression-grey-fuse-1000-ml\/","title":{"rendered":"manchette de pression Grey Fuse\u00a0 1000 Ml"},"content":{"rendered":"<p>&#8211; Plage de pression : 0 \u00e0 300 mmHg.<br \/>\n&#8211; Fabriqu\u00e9es d&rsquo;un seul ensemble.<br \/>\n&#8211; Marque de jauge en couleur avec zone rouge nette sur le manom\u00e8tre.<\/p>\n<p>&#8211; Trois mod\u00e8les pour poches de sang ou solut\u00e9s de diff\u00e9rentes capacit\u00e9s.<\/p>\n<p><img decoding=\"async\" class=\"\" src=\"https:\/\/www.ddmedical.fr\/img\/logo-dark.png\" alt=\"Logo Electro Concept M\u00e9dical\" width=\"84\" height=\"55\" \/><\/p>\n<p><a href=\"https:\/\/www.ddmedical.fr\/confidentialite.php\" target=\"_blank\" rel=\"noopener\"><u>Politique de confidentialit\u00e9<\/u><\/a><\/p>","protected":false},"excerpt":{"rendered":"<h4><strong data-start=\"3\" data-end=\"37\">manchette de pression Grey Fuse\u00a0 1000 Ml <\/strong><\/h4>\n<p>Dessillons &amp; Dutrillaux M\u00e9dical (DDM) est un dispositif m\u00e9dical con\u00e7u pour acc\u00e9l\u00e9rer manuellement la perfusion de sang et de solut\u00e9s, notamment dans les blocs op\u00e9ratoires, les unit\u00e9s de soins intensifs et les ambulances. Elle est compatible avec les poches de solut\u00e9 ou de sang de <strong data-start=\"322\" data-end=\"332\">500 cc<\/strong>,\u00a0<strong data-start=\"334\" data-end=\"345\">1000 cc<\/strong>\u00a0et\u00a0<strong data-start=\"349\" data-end=\"367\">3000 \u00e0 5000 cc<\/strong>, offrant ainsi une grande polyvalence selon les besoins cliniques<\/p>\n<p>&nbsp;<\/p>\n<p><img decoding=\"async\" class=\"\" src=\"https:\/\/www.ddmedical.fr\/img\/logo-dark.png\" alt=\"Logo Electro Concept M\u00e9dical\" width=\"84\" height=\"55\" \/><\/p>","protected":false},"featured_media":2806,"comment_status":"open","ping_status":"closed","template":"","meta":[],"product_brand":[],"product_cat":[51],"product_tag":[227],"class_list":{"0":"post-2805","1":"product","2":"type-product","3":"status-publish","4":"has-post-thumbnail","6":"product_cat-bloc-et-reanimation","7":"product_tag-manchette-de-pression-grey-fuse-1000-ml","9":"first","10":"instock","11":"taxable","12":"shipping-taxable","13":"product-type-simple"},"yoast_head":"<!-- This site is optimized with the Yoast SEO plugin v26.9 - https:\/\/yoast.com\/product\/yoast-seo-wordpress\/ -->\n<title>manchette de pression Grey Fuse\u00a0 1000 Ml - YAZMED<\/title>\n<meta name=\"robots\" content=\"index, follow, max-snippet:-1, max-image-preview:large, max-video-preview:-1\" \/>\n<link rel=\"canonical\" href=\"https:\/\/yazmed.ma\/ar\/product\/manchette-de-pression-grey-fuse-1000-ml\/\" \/>\n<meta property=\"og:locale\" content=\"ar_AR\" \/>\n<meta property=\"og:type\" content=\"article\" \/>\n<meta property=\"og:title\" content=\"manchette de pression Grey Fuse\u00a0 1000 Ml - YAZMED\" \/>\n<meta property=\"og:description\" content=\"manchette de pression Grey Fuse\u00a0 1000 Ml  Dessillons &amp; Dutrillaux M\u00e9dical (DDM) est un dispositif m\u00e9dical con\u00e7u pour acc\u00e9l\u00e9rer manuellement la perfusion de sang et de solut\u00e9s, notamment dans les blocs op\u00e9ratoires, les unit\u00e9s de soins intensifs et les ambulances. Elle est compatible avec les poches de solut\u00e9 ou de sang de 500 cc,\u00a01000 cc\u00a0et\u00a03000 \u00e0 5000 cc, offrant ainsi une grande polyvalence selon les besoins cliniques  &nbsp;\" \/>\n<meta property=\"og:url\" content=\"https:\/\/yazmed.ma\/ar\/product\/manchette-de-pression-grey-fuse-1000-ml\/\" \/>\n<meta property=\"og:site_name\" content=\"YAZMED\" \/>\n<meta property=\"article:publisher\" content=\"https:\/\/www.facebook.com\/azenkouky\" \/>\n<meta property=\"og:image\" content=\"https:\/\/yazmed.ma\/wp-content\/uploads\/2025\/11\/manchette-de-pression-Grey-Fuse-1000-Ml.webp\" \/>\n\t<meta property=\"og:image:width\" content=\"570\" \/>\n\t<meta property=\"og:image:height\" content=\"517\" \/>\n\t<meta property=\"og:image:type\" content=\"image\/webp\" \/>\n<meta name=\"twitter:card\" content=\"summary_large_image\" \/>\n<script type=\"application\/ld+json\" class=\"yoast-schema-graph\">{\"@context\":\"https:\/\/schema.org\",\"@graph\":[{\"@type\":\"WebPage\",\"@id\":\"https:\/\/yazmed.ma\/product\/manchette-de-pression-grey-fuse-1000-ml\/\",\"url\":\"https:\/\/yazmed.ma\/product\/manchette-de-pression-grey-fuse-1000-ml\/\",\"name\":\"manchette de pression Grey Fuse\u00a0 1000 Ml - YAZMED\",\"isPartOf\":{\"@id\":\"https:\/\/yazmed.ma\/#website\"},\"primaryImageOfPage\":{\"@id\":\"https:\/\/yazmed.ma\/product\/manchette-de-pression-grey-fuse-1000-ml\/#primaryimage\"},\"image\":{\"@id\":\"https:\/\/yazmed.ma\/product\/manchette-de-pression-grey-fuse-1000-ml\/#primaryimage\"},\"thumbnailUrl\":\"https:\/\/yazmed.ma\/wp-content\/uploads\/2025\/11\/manchette-de-pression-Grey-Fuse-1000-Ml.webp\",\"datePublished\":\"2025-11-24T20:32:26+00:00\",\"breadcrumb\":{\"@id\":\"https:\/\/yazmed.ma\/product\/manchette-de-pression-grey-fuse-1000-ml\/#breadcrumb\"},\"inLanguage\":\"ary\",\"potentialAction\":[{\"@type\":\"ReadAction\",\"target\":[\"https:\/\/yazmed.ma\/product\/manchette-de-pression-grey-fuse-1000-ml\/\"]}]},{\"@type\":\"ImageObject\",\"inLanguage\":\"ary\",\"@id\":\"https:\/\/yazmed.ma\/product\/manchette-de-pression-grey-fuse-1000-ml\/#primaryimage\",\"url\":\"https:\/\/yazmed.ma\/wp-content\/uploads\/2025\/11\/manchette-de-pression-Grey-Fuse-1000-Ml.webp\",\"contentUrl\":\"https:\/\/yazmed.ma\/wp-content\/uploads\/2025\/11\/manchette-de-pression-Grey-Fuse-1000-Ml.webp\",\"width\":570,\"height\":517,\"caption\":\"manchette de pression Grey Fuse\u00a0 1000 Ml\"},{\"@type\":\"BreadcrumbList\",\"@id\":\"https:\/\/yazmed.ma\/product\/manchette-de-pression-grey-fuse-1000-ml\/#breadcrumb\",\"itemListElement\":[{\"@type\":\"ListItem\",\"position\":1,\"name\":\"Accueil\",\"item\":\"https:\/\/yazmed.ma\/\"},{\"@type\":\"ListItem\",\"position\":2,\"name\":\"Shop\",\"item\":\"https:\/\/yazmed.ma\/shop-2\/\"},{\"@type\":\"ListItem\",\"position\":3,\"name\":\"manchette de pression Grey Fuse\u00a0 1000 Ml\"}]},{\"@type\":\"WebSite\",\"@id\":\"https:\/\/yazmed.ma\/#website\",\"url\":\"https:\/\/yazmed.ma\/\",\"name\":\"Yazmed\",\"description\":\"LEADER DU MAT\u00c9RIEL M\u00c9DICAL AU MAROC\",\"publisher\":{\"@id\":\"https:\/\/yazmed.ma\/#organization\"},\"potentialAction\":[{\"@type\":\"SearchAction\",\"target\":{\"@type\":\"EntryPoint\",\"urlTemplate\":\"https:\/\/yazmed.ma\/?s={search_term_string}\"},\"query-input\":{\"@type\":\"PropertyValueSpecification\",\"valueRequired\":true,\"valueName\":\"search_term_string\"}}],\"inLanguage\":\"ary\"},{\"@type\":\"Organization\",\"@id\":\"https:\/\/yazmed.ma\/#organization\",\"name\":\"Yazmed Healthcare\",\"url\":\"https:\/\/yazmed.ma\/\",\"logo\":{\"@type\":\"ImageObject\",\"inLanguage\":\"ary\",\"@id\":\"https:\/\/yazmed.ma\/#\/schema\/logo\/image\/\",\"url\":\"https:\/\/yazmed.ma\/wp-content\/uploads\/2024\/12\/3.png\",\"contentUrl\":\"https:\/\/yazmed.ma\/wp-content\/uploads\/2024\/12\/3.png\",\"width\":250,\"height\":70,\"caption\":\"Yazmed Healthcare\"},\"image\":{\"@id\":\"https:\/\/yazmed.ma\/#\/schema\/logo\/image\/\"},\"sameAs\":[\"https:\/\/www.facebook.com\/azenkouky\",\"https:\/\/www.instagram.com\/yazmedhealthcare\",\"https:\/\/www.linkedin.com\/in\/yazmed-healthcare-1b4955295\"]}]}<\/script>\n<!-- \/ Yoast SEO plugin. -->","yoast_head_json":{"title":"manchette de pression Grey Fuse\u00a0 1000 Ml - YAZMED","robots":{"index":"index","follow":"follow","max-snippet":"max-snippet:-1","max-image-preview":"max-image-preview:large","max-video-preview":"max-video-preview:-1"},"canonical":"https:\/\/yazmed.ma\/ar\/product\/manchette-de-pression-grey-fuse-1000-ml\/","og_locale":"ar_AR","og_type":"article","og_title":"manchette de pression Grey Fuse\u00a0 1000 Ml - YAZMED","og_description":"manchette de pression Grey Fuse\u00a0 1000 Ml  Dessillons &amp; Dutrillaux M\u00e9dical (DDM) est un dispositif m\u00e9dical con\u00e7u pour acc\u00e9l\u00e9rer manuellement la perfusion de sang et de solut\u00e9s, notamment dans les blocs op\u00e9ratoires, les unit\u00e9s de soins intensifs et les ambulances. Elle est compatible avec les poches de solut\u00e9 ou de sang de 500 cc,\u00a01000 cc\u00a0et\u00a03000 \u00e0 5000 cc, offrant ainsi une grande polyvalence selon les besoins cliniques  &nbsp;","og_url":"https:\/\/yazmed.ma\/ar\/product\/manchette-de-pression-grey-fuse-1000-ml\/","og_site_name":"YAZMED","article_publisher":"https:\/\/www.facebook.com\/azenkouky","og_image":[{"width":570,"height":517,"url":"https:\/\/yazmed.ma\/wp-content\/uploads\/2025\/11\/manchette-de-pression-Grey-Fuse-1000-Ml.webp","type":"image\/webp"}],"twitter_card":"summary_large_image","schema":{"@context":"https:\/\/schema.org","@graph":[{"@type":"WebPage","@id":"https:\/\/yazmed.ma\/product\/manchette-de-pression-grey-fuse-1000-ml\/","url":"https:\/\/yazmed.ma\/product\/manchette-de-pression-grey-fuse-1000-ml\/","name":"manchette de pression Grey Fuse\u00a0 1000 Ml - YAZMED","isPartOf":{"@id":"https:\/\/yazmed.ma\/#website"},"primaryImageOfPage":{"@id":"https:\/\/yazmed.ma\/product\/manchette-de-pression-grey-fuse-1000-ml\/#primaryimage"},"image":{"@id":"https:\/\/yazmed.ma\/product\/manchette-de-pression-grey-fuse-1000-ml\/#primaryimage"},"thumbnailUrl":"https:\/\/yazmed.ma\/wp-content\/uploads\/2025\/11\/manchette-de-pression-Grey-Fuse-1000-Ml.webp","datePublished":"2025-11-24T20:32:26+00:00","breadcrumb":{"@id":"https:\/\/yazmed.ma\/product\/manchette-de-pression-grey-fuse-1000-ml\/#breadcrumb"},"inLanguage":"ary","potentialAction":[{"@type":"ReadAction","target":["https:\/\/yazmed.ma\/product\/manchette-de-pression-grey-fuse-1000-ml\/"]}]},{"@type":"ImageObject","inLanguage":"ary","@id":"https:\/\/yazmed.ma\/product\/manchette-de-pression-grey-fuse-1000-ml\/#primaryimage","url":"https:\/\/yazmed.ma\/wp-content\/uploads\/2025\/11\/manchette-de-pression-Grey-Fuse-1000-Ml.webp","contentUrl":"https:\/\/yazmed.ma\/wp-content\/uploads\/2025\/11\/manchette-de-pression-Grey-Fuse-1000-Ml.webp","width":570,"height":517,"caption":"manchette de pression Grey Fuse\u00a0 1000 Ml"},{"@type":"BreadcrumbList","@id":"https:\/\/yazmed.ma\/product\/manchette-de-pression-grey-fuse-1000-ml\/#breadcrumb","itemListElement":[{"@type":"ListItem","position":1,"name":"Accueil","item":"https:\/\/yazmed.ma\/"},{"@type":"ListItem","position":2,"name":"Shop","item":"https:\/\/yazmed.ma\/shop-2\/"},{"@type":"ListItem","position":3,"name":"manchette de pression Grey Fuse\u00a0 1000 Ml"}]},{"@type":"WebSite","@id":"https:\/\/yazmed.ma\/#website","url":"https:\/\/yazmed.ma\/","name":"Yazmed","description":"LEADER DU MAT\u00c9RIEL M\u00c9DICAL AU MAROC","publisher":{"@id":"https:\/\/yazmed.ma\/#organization"},"potentialAction":[{"@type":"SearchAction","target":{"@type":"EntryPoint","urlTemplate":"https:\/\/yazmed.ma\/?s={search_term_string}"},"query-input":{"@type":"PropertyValueSpecification","valueRequired":true,"valueName":"search_term_string"}}],"inLanguage":"ary"},{"@type":"Organization","@id":"https:\/\/yazmed.ma\/#organization","name":"Yazmed Healthcare","url":"https:\/\/yazmed.ma\/","logo":{"@type":"ImageObject","inLanguage":"ary","@id":"https:\/\/yazmed.ma\/#\/schema\/logo\/image\/","url":"https:\/\/yazmed.ma\/wp-content\/uploads\/2024\/12\/3.png","contentUrl":"https:\/\/yazmed.ma\/wp-content\/uploads\/2024\/12\/3.png","width":250,"height":70,"caption":"Yazmed Healthcare"},"image":{"@id":"https:\/\/yazmed.ma\/#\/schema\/logo\/image\/"},"sameAs":["https:\/\/www.facebook.com\/azenkouky","https:\/\/www.instagram.com\/yazmedhealthcare","https:\/\/www.linkedin.com\/in\/yazmed-healthcare-1b4955295"]}]}},"_links":{"self":[{"href":"https:\/\/yazmed.ma\/ar\/wp-json\/wp\/v2\/product\/2805","targetHints":{"allow":["GET"]}}],"collection":[{"href":"https:\/\/yazmed.ma\/ar\/wp-json\/wp\/v2\/product"}],"about":[{"href":"https:\/\/yazmed.ma\/ar\/wp-json\/wp\/v2\/types\/product"}],"replies":[{"embeddable":true,"href":"https:\/\/yazmed.ma\/ar\/wp-json\/wp\/v2\/comments?post=2805"}],"version-history":[{"count":0,"href":"https:\/\/yazmed.ma\/ar\/wp-json\/wp\/v2\/product\/2805\/revisions"}],"wp:featuredmedia":[{"embeddable":true,"href":"https:\/\/yazmed.ma\/ar\/wp-json\/wp\/v2\/media\/2806"}],"wp:attachment":[{"href":"https:\/\/yazmed.ma\/ar\/wp-json\/wp\/v2\/media?parent=2805"}],"wp:term":[{"taxonomy":"product_brand","embeddable":true,"href":"https:\/\/yazmed.ma\/ar\/wp-json\/wp\/v2\/product_brand?post=2805"},{"taxonomy":"product_cat","embeddable":true,"href":"https:\/\/yazmed.ma\/ar\/wp-json\/wp\/v2\/product_cat?post=2805"},{"taxonomy":"product_tag","embeddable":true,"href":"https:\/\/yazmed.ma\/ar\/wp-json\/wp\/v2\/product_tag?post=2805"}],"curies":[{"name":"wp","href":"https:\/\/api.w.org\/{rel}","templated":true}]}}