{"id":2802,"date":"2025-11-24T19:46:47","date_gmt":"2025-11-24T19:46:47","guid":{"rendered":"https:\/\/yazmed.ma\/?post_type=product&#038;p=2802"},"modified":"2025-11-24T19:46:47","modified_gmt":"2025-11-24T19:46:47","slug":"indicateur-emulateur-classe-6","status":"publish","type":"product","link":"https:\/\/yazmed.ma\/ar\/product\/indicateur-emulateur-classe-6\/","title":{"rendered":"Indicateur \u00c9mulateur Classe 6"},"content":{"rendered":"<div class=\"ae-acf-repeater-item\">\n<div class=\"ae-acf-repeater-inner\">\n<div class=\"ae_data elementor elementor-847\">\n<div class=\"elementor elementor-847\" data-elementor-type=\"wp-post\" data-elementor-id=\"847\" data-elementor-post-type=\"ae_global_templates\">\n<section class=\"has_ae_slider elementor-section elementor-top-section elementor-element elementor-element-485d41f elementor-section-boxed elementor-section-height-default elementor-section-height-default ae-bg-gallery-type-default\" data-id=\"485d41f\" data-element_type=\"section\">\n<div class=\"elementor-container elementor-column-gap-no\">\n<div class=\"has_ae_slider elementor-column elementor-col-100 elementor-top-column elementor-element elementor-element-ac2f6c3 ae-bg-gallery-type-default\" data-id=\"ac2f6c3\" data-element_type=\"column\">\n<div class=\"elementor-widget-wrap elementor-element-populated\">\n<div class=\"elementor-element elementor-element-d15dd38 elementor-icon-list--layout-traditional elementor-list-item-link-full_width elementor-widget elementor-widget-icon-list\" data-id=\"d15dd38\" data-element_type=\"widget\" data-widget_type=\"icon-list.default\">\n<div class=\"elementor-widget-container\">\n<ul class=\"elementor-icon-list-items\">\n<li class=\"elementor-icon-list-item\"><span class=\"elementor-icon-list-text\"><span dir=\"auto\">On utilise un indicateur chimique \u00e0 base d&rsquo;eau et non toxique.<\/span><\/span><\/li>\n<\/ul>\n<\/div>\n<\/div>\n<\/div>\n<\/div>\n<\/div>\n<\/section>\n<\/div>\n<\/div>\n<\/div>\n<\/div>\n<div class=\"ae-acf-repeater-item\">\n<div class=\"ae-acf-repeater-inner\">\n<div class=\"ae_data elementor elementor-847\">\n<div class=\"elementor elementor-847\" data-elementor-type=\"wp-post\" data-elementor-id=\"847\" data-elementor-post-type=\"ae_global_templates\">\n<section class=\"has_ae_slider elementor-section elementor-top-section elementor-element elementor-element-485d41f elementor-section-boxed elementor-section-height-default elementor-section-height-default ae-bg-gallery-type-default\" data-id=\"485d41f\" data-element_type=\"section\">\n<div class=\"elementor-container elementor-column-gap-no\">\n<div class=\"has_ae_slider elementor-column elementor-col-100 elementor-top-column elementor-element elementor-element-ac2f6c3 ae-bg-gallery-type-default\" data-id=\"ac2f6c3\" data-element_type=\"column\">\n<div class=\"elementor-widget-wrap elementor-element-populated\">\n<div class=\"elementor-element elementor-element-d15dd38 elementor-icon-list--layout-traditional elementor-list-item-link-full_width elementor-widget elementor-widget-icon-list\" data-id=\"d15dd38\" data-element_type=\"widget\" data-widget_type=\"icon-list.default\">\n<div class=\"elementor-widget-container\">\n<ul class=\"elementor-icon-list-items\">\n<li class=\"elementor-icon-list-item\"><span class=\"elementor-icon-list-text\"><span dir=\"auto\">Il est facile \u00e0 lire et \u00e0 interpr\u00e9ter.<\/span><\/span><\/li>\n<\/ul>\n<\/div>\n<\/div>\n<\/div>\n<\/div>\n<\/div>\n<\/section>\n<\/div>\n<\/div>\n<\/div>\n<\/div>\n<div class=\"ae-acf-repeater-item\">\n<div class=\"ae-acf-repeater-inner\">\n<div class=\"ae_data elementor elementor-847\">\n<div class=\"elementor elementor-847\" data-elementor-type=\"wp-post\" data-elementor-id=\"847\" data-elementor-post-type=\"ae_global_templates\">\n<section class=\"has_ae_slider elementor-section elementor-top-section elementor-element elementor-element-485d41f elementor-section-boxed elementor-section-height-default elementor-section-height-default ae-bg-gallery-type-default\" data-id=\"485d41f\" data-element_type=\"section\">\n<div class=\"elementor-container elementor-column-gap-no\">\n<div class=\"has_ae_slider elementor-column elementor-col-100 elementor-top-column elementor-element elementor-element-ac2f6c3 ae-bg-gallery-type-default\" data-id=\"ac2f6c3\" data-element_type=\"column\">\n<div class=\"elementor-widget-wrap elementor-element-populated\">\n<div class=\"elementor-element elementor-element-d15dd38 elementor-icon-list--layout-traditional elementor-list-item-link-full_width elementor-widget elementor-widget-icon-list\" data-id=\"d15dd38\" data-element_type=\"widget\" data-widget_type=\"icon-list.default\">\n<div class=\"elementor-widget-container\">\n<ul class=\"elementor-icon-list-items\">\n<li class=\"elementor-icon-list-item\"><span class=\"elementor-icon-list-text\"><span dir=\"auto\">Compatible avec la norme ISO 11140-1<\/span><\/span><\/li>\n<\/ul>\n<\/div>\n<\/div>\n<\/div>\n<\/div>\n<\/div>\n<\/section>\n<\/div>\n<\/div>\n<\/div>\n<\/div>\n<div class=\"ae-acf-repeater-item\">\n<div class=\"ae-acf-repeater-inner\">\n<div class=\"ae_data elementor elementor-847\">\n<div class=\"elementor elementor-847\" data-elementor-type=\"wp-post\" data-elementor-id=\"847\" data-elementor-post-type=\"ae_global_templates\">\n<section class=\"has_ae_slider elementor-section elementor-top-section elementor-element elementor-element-485d41f elementor-section-boxed elementor-section-height-default elementor-section-height-default ae-bg-gallery-type-default\" data-id=\"485d41f\" data-element_type=\"section\">\n<div class=\"elementor-container elementor-column-gap-no\">\n<div class=\"has_ae_slider elementor-column elementor-col-100 elementor-top-column elementor-element elementor-element-ac2f6c3 ae-bg-gallery-type-default\" data-id=\"ac2f6c3\" data-element_type=\"column\">\n<div class=\"elementor-widget-wrap elementor-element-populated\">\n<div class=\"elementor-element elementor-element-d15dd38 elementor-icon-list--layout-traditional elementor-list-item-link-full_width elementor-widget elementor-widget-icon-list\" data-id=\"d15dd38\" data-element_type=\"widget\" data-widget_type=\"icon-list.default\">\n<div class=\"elementor-widget-container\">\n<ul class=\"elementor-icon-list-items\">\n<li class=\"elementor-icon-list-item\"><span class=\"elementor-icon-list-text\"><span dir=\"auto\">Les versions auto-adh\u00e9sives peuvent \u00eatre utilis\u00e9es comme support permanent \u00e0 des fins de tra\u00e7abilit\u00e9.<\/span><\/span><\/li>\n<\/ul>\n<\/div>\n<\/div>\n<\/div>\n<\/div>\n<\/div>\n<\/section>\n<\/div>\n<\/div>\n<\/div>\n<\/div>\n<div class=\"ae-acf-repeater-item\">\n<div class=\"ae-acf-repeater-inner\">\n<div class=\"ae_data elementor elementor-847\">\n<div class=\"elementor elementor-847\" data-elementor-type=\"wp-post\" data-elementor-id=\"847\" data-elementor-post-type=\"ae_global_templates\">\n<section class=\"has_ae_slider elementor-section elementor-top-section elementor-element elementor-element-485d41f elementor-section-boxed elementor-section-height-default elementor-section-height-default ae-bg-gallery-type-default\" data-id=\"485d41f\" data-element_type=\"section\">\n<div class=\"elementor-container elementor-column-gap-no\">\n<div class=\"has_ae_slider elementor-column elementor-col-100 elementor-top-column elementor-element elementor-element-ac2f6c3 ae-bg-gallery-type-default\" data-id=\"ac2f6c3\" data-element_type=\"column\">\n<div class=\"elementor-widget-wrap elementor-element-populated\">\n<div class=\"elementor-element elementor-element-d15dd38 elementor-icon-list--layout-traditional elementor-list-item-link-full_width elementor-widget elementor-widget-icon-list\" data-id=\"d15dd38\" data-element_type=\"widget\" data-widget_type=\"icon-list.default\">\n<div class=\"elementor-widget-container\">\n<ul class=\"elementor-icon-list-items\">\n<li class=\"elementor-icon-list-item\"><span class=\"elementor-icon-list-text\"><span dir=\"auto\">Conditionn\u00e9 en 250 pi\u00e8ces<\/span><\/span><\/li>\n<\/ul>\n<\/div>\n<\/div>\n<\/div>\n<\/div>\n<\/div>\n<\/section>\n<\/div>\n<\/div>\n<\/div>\n<\/div>\n<div class=\"ae-acf-repeater-item\">\n<div class=\"ae-acf-repeater-inner\">\n<div class=\"ae_data elementor elementor-847\">\n<div class=\"elementor elementor-847\" data-elementor-type=\"wp-post\" data-elementor-id=\"847\" data-elementor-post-type=\"ae_global_templates\">\n<section class=\"has_ae_slider elementor-section elementor-top-section elementor-element elementor-element-485d41f elementor-section-boxed elementor-section-height-default elementor-section-height-default ae-bg-gallery-type-default\" data-id=\"485d41f\" data-element_type=\"section\">\n<div class=\"elementor-container elementor-column-gap-no\">\n<div class=\"has_ae_slider elementor-column elementor-col-100 elementor-top-column elementor-element elementor-element-ac2f6c3 ae-bg-gallery-type-default\" data-id=\"ac2f6c3\" data-element_type=\"column\">\n<div class=\"elementor-widget-wrap elementor-element-populated\">\n<div class=\"elementor-element elementor-element-d15dd38 elementor-icon-list--layout-traditional elementor-list-item-link-full_width elementor-widget elementor-widget-icon-list\" data-id=\"d15dd38\" data-element_type=\"widget\" data-widget_type=\"icon-list.default\">\n<div class=\"elementor-widget-container\">\n<ul class=\"elementor-icon-list-items\">\n<li class=\"elementor-icon-list-item\"><span class=\"elementor-icon-list-text\"><span dir=\"auto\">Diff\u00e9rents mod\u00e8les sont r\u00e9alis\u00e9s sur demande pour l&rsquo;entreprise\/la personne.<\/span><\/span><\/li>\n<\/ul>\n<p><a href=\"https:\/\/steristar.com\/contact\" target=\"_blank\" rel=\"noopener\"><span dir=\"auto\">\u00a9 2025 Necati Kaya Tibbi Cihazlar San. Tic. Ltd.<\/span><\/a><\/p>\n<\/div>\n<\/div>\n<\/div>\n<\/div>\n<\/div>\n<\/section>\n<\/div>\n<\/div>\n<\/div>\n<\/div>","protected":false},"excerpt":{"rendered":"<h5>Les indicateurs d&rsquo;\u00e9mulation Steam Type 6<\/h5>\n<p>sont des indicateurs chimiques destin\u00e9s \u00e0 v\u00e9rifier les param\u00e8tres d&rsquo;exposition du cycle de st\u00e9rilisation \u00e0 la vapeur de 250 \u00b0F pendant 15 minutes.\u00a0 int\u00e8grent tous les param\u00e8tres critiques du cycle de st\u00e9rilisation \u00e0 la vapeur tels que la temp\u00e9rature, la vapeur satur\u00e9e et le temps d&rsquo;exposition. \u00e9mulateurs de classe 6 sont destin\u00e9s \u00e0 \u00eatre utilis\u00e9s dans des emballages plateaux ou sachets individuels.<\/p>\n<p>&nbsp;<\/p>\n<p>&nbsp;<\/p>","protected":false},"featured_media":2803,"comment_status":"open","ping_status":"closed","template":"","meta":[],"product_brand":[],"product_cat":[56],"product_tag":[224,225,223],"class_list":{"0":"post-2802","1":"product","2":"type-product","3":"status-publish","4":"has-post-thumbnail","6":"product_cat-sterilisation-hygiene","7":"product_tag-classe-6","8":"product_tag-indicateur-emulateur","9":"product_tag-sterilisation","11":"first","12":"instock","13":"taxable","14":"shipping-taxable","15":"product-type-simple"},"yoast_head":"<!-- This site is optimized with the Yoast SEO plugin v26.9 - https:\/\/yoast.com\/product\/yoast-seo-wordpress\/ -->\n<title>Indicateur \u00c9mulateur Classe 6 - YAZMED<\/title>\n<meta name=\"robots\" content=\"index, follow, max-snippet:-1, max-image-preview:large, max-video-preview:-1\" \/>\n<link rel=\"canonical\" href=\"https:\/\/yazmed.ma\/ar\/product\/indicateur-emulateur-classe-6\/\" \/>\n<meta property=\"og:locale\" content=\"ar_AR\" \/>\n<meta property=\"og:type\" content=\"article\" \/>\n<meta property=\"og:title\" content=\"Indicateur \u00c9mulateur Classe 6 - YAZMED\" \/>\n<meta property=\"og:description\" content=\"Les indicateurs d&#039;\u00e9mulation Steam Type 6 sont des indicateurs chimiques destin\u00e9s \u00e0 v\u00e9rifier les param\u00e8tres d&#039;exposition du cycle de st\u00e9rilisation \u00e0 la vapeur de 250 \u00b0F pendant 15 minutes.\u00a0 int\u00e8grent tous les param\u00e8tres critiques du cycle de st\u00e9rilisation \u00e0 la vapeur tels que la temp\u00e9rature, la vapeur satur\u00e9e et le temps d&#039;exposition. \u00e9mulateurs de classe 6 sont destin\u00e9s \u00e0 \u00eatre utilis\u00e9s dans des emballages plateaux ou sachets individuels.  &nbsp;  &nbsp;\" \/>\n<meta property=\"og:url\" content=\"https:\/\/yazmed.ma\/ar\/product\/indicateur-emulateur-classe-6\/\" \/>\n<meta property=\"og:site_name\" content=\"YAZMED\" \/>\n<meta property=\"article:publisher\" content=\"https:\/\/www.facebook.com\/azenkouky\" \/>\n<meta property=\"og:image\" content=\"https:\/\/yazmed.ma\/wp-content\/uploads\/2025\/11\/Indicateur-classe-6.webp\" \/>\n\t<meta property=\"og:image:width\" content=\"570\" \/>\n\t<meta property=\"og:image:height\" content=\"517\" \/>\n\t<meta property=\"og:image:type\" content=\"image\/webp\" \/>\n<meta name=\"twitter:card\" content=\"summary_large_image\" \/>\n<script type=\"application\/ld+json\" class=\"yoast-schema-graph\">{\"@context\":\"https:\/\/schema.org\",\"@graph\":[{\"@type\":\"WebPage\",\"@id\":\"https:\/\/yazmed.ma\/ar\/product\/indicateur-emulateur-classe-6\/\",\"url\":\"https:\/\/yazmed.ma\/ar\/product\/indicateur-emulateur-classe-6\/\",\"name\":\"Indicateur \u00c9mulateur Classe 6 - YAZMED\",\"isPartOf\":{\"@id\":\"https:\/\/yazmed.ma\/#website\"},\"primaryImageOfPage\":{\"@id\":\"https:\/\/yazmed.ma\/ar\/product\/indicateur-emulateur-classe-6\/#primaryimage\"},\"image\":{\"@id\":\"https:\/\/yazmed.ma\/ar\/product\/indicateur-emulateur-classe-6\/#primaryimage\"},\"thumbnailUrl\":\"https:\/\/yazmed.ma\/wp-content\/uploads\/2025\/11\/Indicateur-classe-6.webp\",\"datePublished\":\"2025-11-24T19:46:47+00:00\",\"breadcrumb\":{\"@id\":\"https:\/\/yazmed.ma\/ar\/product\/indicateur-emulateur-classe-6\/#breadcrumb\"},\"inLanguage\":\"ary\",\"potentialAction\":[{\"@type\":\"ReadAction\",\"target\":[\"https:\/\/yazmed.ma\/ar\/product\/indicateur-emulateur-classe-6\/\"]}]},{\"@type\":\"ImageObject\",\"inLanguage\":\"ary\",\"@id\":\"https:\/\/yazmed.ma\/ar\/product\/indicateur-emulateur-classe-6\/#primaryimage\",\"url\":\"https:\/\/yazmed.ma\/wp-content\/uploads\/2025\/11\/Indicateur-classe-6.webp\",\"contentUrl\":\"https:\/\/yazmed.ma\/wp-content\/uploads\/2025\/11\/Indicateur-classe-6.webp\",\"width\":570,\"height\":517,\"caption\":\"Indicateur \u00c9mulateur classe 6\"},{\"@type\":\"BreadcrumbList\",\"@id\":\"https:\/\/yazmed.ma\/ar\/product\/indicateur-emulateur-classe-6\/#breadcrumb\",\"itemListElement\":[{\"@type\":\"ListItem\",\"position\":1,\"name\":\"Accueil\",\"item\":\"https:\/\/yazmed.ma\/\"},{\"@type\":\"ListItem\",\"position\":2,\"name\":\"Shop\",\"item\":\"https:\/\/yazmed.ma\/shop-2\/\"},{\"@type\":\"ListItem\",\"position\":3,\"name\":\"Indicateur \u00c9mulateur Classe 6\"}]},{\"@type\":\"WebSite\",\"@id\":\"https:\/\/yazmed.ma\/#website\",\"url\":\"https:\/\/yazmed.ma\/\",\"name\":\"Yazmed\",\"description\":\"LEADER DU MAT\u00c9RIEL M\u00c9DICAL AU MAROC\",\"publisher\":{\"@id\":\"https:\/\/yazmed.ma\/#organization\"},\"potentialAction\":[{\"@type\":\"SearchAction\",\"target\":{\"@type\":\"EntryPoint\",\"urlTemplate\":\"https:\/\/yazmed.ma\/?s={search_term_string}\"},\"query-input\":{\"@type\":\"PropertyValueSpecification\",\"valueRequired\":true,\"valueName\":\"search_term_string\"}}],\"inLanguage\":\"ary\"},{\"@type\":\"Organization\",\"@id\":\"https:\/\/yazmed.ma\/#organization\",\"name\":\"Yazmed Healthcare\",\"url\":\"https:\/\/yazmed.ma\/\",\"logo\":{\"@type\":\"ImageObject\",\"inLanguage\":\"ary\",\"@id\":\"https:\/\/yazmed.ma\/#\/schema\/logo\/image\/\",\"url\":\"https:\/\/yazmed.ma\/wp-content\/uploads\/2024\/12\/3.png\",\"contentUrl\":\"https:\/\/yazmed.ma\/wp-content\/uploads\/2024\/12\/3.png\",\"width\":250,\"height\":70,\"caption\":\"Yazmed Healthcare\"},\"image\":{\"@id\":\"https:\/\/yazmed.ma\/#\/schema\/logo\/image\/\"},\"sameAs\":[\"https:\/\/www.facebook.com\/azenkouky\",\"https:\/\/www.instagram.com\/yazmedhealthcare\",\"https:\/\/www.linkedin.com\/in\/yazmed-healthcare-1b4955295\"]}]}<\/script>\n<!-- \/ Yoast SEO plugin. -->","yoast_head_json":{"title":"Indicateur \u00c9mulateur Classe 6 - YAZMED","robots":{"index":"index","follow":"follow","max-snippet":"max-snippet:-1","max-image-preview":"max-image-preview:large","max-video-preview":"max-video-preview:-1"},"canonical":"https:\/\/yazmed.ma\/ar\/product\/indicateur-emulateur-classe-6\/","og_locale":"ar_AR","og_type":"article","og_title":"Indicateur \u00c9mulateur Classe 6 - YAZMED","og_description":"Les indicateurs d'\u00e9mulation Steam Type 6 sont des indicateurs chimiques destin\u00e9s \u00e0 v\u00e9rifier les param\u00e8tres d'exposition du cycle de st\u00e9rilisation \u00e0 la vapeur de 250 \u00b0F pendant 15 minutes.\u00a0 int\u00e8grent tous les param\u00e8tres critiques du cycle de st\u00e9rilisation \u00e0 la vapeur tels que la temp\u00e9rature, la vapeur satur\u00e9e et le temps d'exposition. \u00e9mulateurs de classe 6 sont destin\u00e9s \u00e0 \u00eatre utilis\u00e9s dans des emballages plateaux ou sachets individuels.  &nbsp;  &nbsp;","og_url":"https:\/\/yazmed.ma\/ar\/product\/indicateur-emulateur-classe-6\/","og_site_name":"YAZMED","article_publisher":"https:\/\/www.facebook.com\/azenkouky","og_image":[{"width":570,"height":517,"url":"https:\/\/yazmed.ma\/wp-content\/uploads\/2025\/11\/Indicateur-classe-6.webp","type":"image\/webp"}],"twitter_card":"summary_large_image","schema":{"@context":"https:\/\/schema.org","@graph":[{"@type":"WebPage","@id":"https:\/\/yazmed.ma\/ar\/product\/indicateur-emulateur-classe-6\/","url":"https:\/\/yazmed.ma\/ar\/product\/indicateur-emulateur-classe-6\/","name":"Indicateur \u00c9mulateur Classe 6 - YAZMED","isPartOf":{"@id":"https:\/\/yazmed.ma\/#website"},"primaryImageOfPage":{"@id":"https:\/\/yazmed.ma\/ar\/product\/indicateur-emulateur-classe-6\/#primaryimage"},"image":{"@id":"https:\/\/yazmed.ma\/ar\/product\/indicateur-emulateur-classe-6\/#primaryimage"},"thumbnailUrl":"https:\/\/yazmed.ma\/wp-content\/uploads\/2025\/11\/Indicateur-classe-6.webp","datePublished":"2025-11-24T19:46:47+00:00","breadcrumb":{"@id":"https:\/\/yazmed.ma\/ar\/product\/indicateur-emulateur-classe-6\/#breadcrumb"},"inLanguage":"ary","potentialAction":[{"@type":"ReadAction","target":["https:\/\/yazmed.ma\/ar\/product\/indicateur-emulateur-classe-6\/"]}]},{"@type":"ImageObject","inLanguage":"ary","@id":"https:\/\/yazmed.ma\/ar\/product\/indicateur-emulateur-classe-6\/#primaryimage","url":"https:\/\/yazmed.ma\/wp-content\/uploads\/2025\/11\/Indicateur-classe-6.webp","contentUrl":"https:\/\/yazmed.ma\/wp-content\/uploads\/2025\/11\/Indicateur-classe-6.webp","width":570,"height":517,"caption":"Indicateur \u00c9mulateur classe 6"},{"@type":"BreadcrumbList","@id":"https:\/\/yazmed.ma\/ar\/product\/indicateur-emulateur-classe-6\/#breadcrumb","itemListElement":[{"@type":"ListItem","position":1,"name":"Accueil","item":"https:\/\/yazmed.ma\/"},{"@type":"ListItem","position":2,"name":"Shop","item":"https:\/\/yazmed.ma\/shop-2\/"},{"@type":"ListItem","position":3,"name":"Indicateur \u00c9mulateur Classe 6"}]},{"@type":"WebSite","@id":"https:\/\/yazmed.ma\/#website","url":"https:\/\/yazmed.ma\/","name":"Yazmed","description":"LEADER DU MAT\u00c9RIEL M\u00c9DICAL AU MAROC","publisher":{"@id":"https:\/\/yazmed.ma\/#organization"},"potentialAction":[{"@type":"SearchAction","target":{"@type":"EntryPoint","urlTemplate":"https:\/\/yazmed.ma\/?s={search_term_string}"},"query-input":{"@type":"PropertyValueSpecification","valueRequired":true,"valueName":"search_term_string"}}],"inLanguage":"ary"},{"@type":"Organization","@id":"https:\/\/yazmed.ma\/#organization","name":"Yazmed Healthcare","url":"https:\/\/yazmed.ma\/","logo":{"@type":"ImageObject","inLanguage":"ary","@id":"https:\/\/yazmed.ma\/#\/schema\/logo\/image\/","url":"https:\/\/yazmed.ma\/wp-content\/uploads\/2024\/12\/3.png","contentUrl":"https:\/\/yazmed.ma\/wp-content\/uploads\/2024\/12\/3.png","width":250,"height":70,"caption":"Yazmed Healthcare"},"image":{"@id":"https:\/\/yazmed.ma\/#\/schema\/logo\/image\/"},"sameAs":["https:\/\/www.facebook.com\/azenkouky","https:\/\/www.instagram.com\/yazmedhealthcare","https:\/\/www.linkedin.com\/in\/yazmed-healthcare-1b4955295"]}]}},"_links":{"self":[{"href":"https:\/\/yazmed.ma\/ar\/wp-json\/wp\/v2\/product\/2802","targetHints":{"allow":["GET"]}}],"collection":[{"href":"https:\/\/yazmed.ma\/ar\/wp-json\/wp\/v2\/product"}],"about":[{"href":"https:\/\/yazmed.ma\/ar\/wp-json\/wp\/v2\/types\/product"}],"replies":[{"embeddable":true,"href":"https:\/\/yazmed.ma\/ar\/wp-json\/wp\/v2\/comments?post=2802"}],"version-history":[{"count":0,"href":"https:\/\/yazmed.ma\/ar\/wp-json\/wp\/v2\/product\/2802\/revisions"}],"wp:featuredmedia":[{"embeddable":true,"href":"https:\/\/yazmed.ma\/ar\/wp-json\/wp\/v2\/media\/2803"}],"wp:attachment":[{"href":"https:\/\/yazmed.ma\/ar\/wp-json\/wp\/v2\/media?parent=2802"}],"wp:term":[{"taxonomy":"product_brand","embeddable":true,"href":"https:\/\/yazmed.ma\/ar\/wp-json\/wp\/v2\/product_brand?post=2802"},{"taxonomy":"product_cat","embeddable":true,"href":"https:\/\/yazmed.ma\/ar\/wp-json\/wp\/v2\/product_cat?post=2802"},{"taxonomy":"product_tag","embeddable":true,"href":"https:\/\/yazmed.ma\/ar\/wp-json\/wp\/v2\/product_tag?post=2802"}],"curies":[{"name":"wp","href":"https:\/\/api.w.org\/{rel}","templated":true}]}}