{"id":2794,"date":"2025-11-23T17:57:10","date_gmt":"2025-11-23T17:57:10","guid":{"rendered":"https:\/\/yazmed.ma\/?post_type=product&#038;p=2794"},"modified":"2025-12-09T18:58:24","modified_gmt":"2025-12-09T18:58:24","slug":"tube-prp","status":"publish","type":"product","link":"https:\/\/yazmed.ma\/ar\/product\/tube-prp\/","title":{"rendered":"Tubes  PRP avec Anticoagulant Citrate de Sodium 3,2%"},"content":{"rendered":"<p>Pack de 100 tubes pour une utilisation pratique et \u00e9conomique<\/p>\n<p>. Anticoagulant citrate de sodium 3,2% pour une efficacit\u00e9 maximale.<\/p>\n<p>Tubes st\u00e9riles et s\u00e9curis\u00e9s pour des r\u00e9sultats pr\u00e9cis et reproductibles<\/p>\n<p>. Id\u00e9al pour les traitements de m\u00e9decine esth\u00e9tique et les applications m\u00e9dicales n\u00e9cessitant du PRP. Compatible avec les proc\u00e9dures de centrifugation standard.<\/p>\n<p>&nbsp;<\/p>\n<p><img decoding=\"async\" class=\"\" src=\"https:\/\/www.dispoma.com\/wp-content\/uploads\/2024\/05\/kdim-logo.jpg\" alt=\"KDIM\" width=\"79\" height=\"79\" \/><\/p>","protected":false},"excerpt":{"rendered":"<h4>Tubes PRP avec Anticoagulant Citrate de Sodium 3,2%<\/h4>\n<p><span data-huuid=\"11574608000092371334\">\u00a0un syst\u00e8me de pr\u00e9l\u00e8vement sanguin st\u00e9rile utilis\u00e9 pour pr\u00e9parer du \u00a0<a title=\"Plasma sanguin\" href=\"https:\/\/fr.wikipedia.org\/wiki\/Plasma_sanguin\">plasma sanguin<\/a>\u00a0enrichi en\u00a0<a class=\"mw-redirect\" title=\"Plaquettes sanguines\" href=\"https:\/\/fr.wikipedia.org\/wiki\/Plaquettes_sanguines\">plaquettes<\/a>\u00a0par une\u00a0<a title=\"Centrifugation\" href=\"https:\/\/fr.wikipedia.org\/wiki\/Centrifugation\">centrifugation<\/a>. \u00e0 partir du sang autologue du patient, notamment pour la m\u00e9decine r\u00e9g\u00e9n\u00e9rative et esth\u00e9tique. <\/span><span data-huuid=\"11574608000092369131\">Ces tubes contiennent un anticoagulant, comme le citrate de sodium, et parfois un gel de s\u00e9paration, pour permettre de s\u00e9parer les plaquettes des autres composants du sang apr\u00e8s centrifugation afin de les concentre<\/span><\/p>\n<p><img decoding=\"async\" class=\"\" src=\"https:\/\/www.dispoma.com\/wp-content\/uploads\/2024\/05\/kdim-logo.jpg\" alt=\"KDIM\" width=\"79\" height=\"79\" \/><\/p>","protected":false},"featured_media":2795,"comment_status":"open","ping_status":"closed","template":"","meta":[],"product_brand":[],"product_cat":[52],"product_tag":[222,221],"class_list":{"0":"post-2794","1":"product","2":"type-product","3":"status-publish","4":"has-post-thumbnail","6":"product_cat-consommable-medical","7":"product_tag-tube-de-prelevement-prp","8":"product_tag-tube-prp","10":"first","11":"instock","12":"taxable","13":"shipping-taxable","14":"purchasable","15":"product-type-simple"},"yoast_head":"<!-- This site is optimized with the Yoast SEO plugin v26.9 - https:\/\/yoast.com\/product\/yoast-seo-wordpress\/ -->\n<title>Tubes PRP avec Anticoagulant Citrate de Sodium 3,2% - YAZMED<\/title>\n<meta name=\"robots\" content=\"index, follow, max-snippet:-1, max-image-preview:large, max-video-preview:-1\" \/>\n<link rel=\"canonical\" href=\"https:\/\/yazmed.ma\/ar\/product\/tube-prp\/\" \/>\n<meta property=\"og:locale\" content=\"ar_AR\" \/>\n<meta property=\"og:type\" content=\"article\" \/>\n<meta property=\"og:title\" content=\"Tubes PRP avec Anticoagulant Citrate de Sodium 3,2% - YAZMED\" \/>\n<meta property=\"og:description\" content=\"Tubes PRP avec Anticoagulant Citrate de Sodium 3,2% \u00a0un syst\u00e8me de pr\u00e9l\u00e8vement sanguin st\u00e9rile utilis\u00e9 pour pr\u00e9parer du \u00a0plasma sanguin\u00a0enrichi en\u00a0plaquettes\u00a0par une\u00a0centrifugation. \u00e0 partir du sang autologue du patient, notamment pour la m\u00e9decine r\u00e9g\u00e9n\u00e9rative et esth\u00e9tique. Ces tubes contiennent un anticoagulant, comme le citrate de sodium, et parfois un gel de s\u00e9paration, pour permettre de s\u00e9parer les plaquettes des autres composants du sang apr\u00e8s centrifugation afin de les concentre\" \/>\n<meta property=\"og:url\" content=\"https:\/\/yazmed.ma\/ar\/product\/tube-prp\/\" \/>\n<meta property=\"og:site_name\" content=\"YAZMED\" \/>\n<meta property=\"article:publisher\" content=\"https:\/\/www.facebook.com\/azenkouky\" \/>\n<meta property=\"article:modified_time\" content=\"2025-12-09T18:58:24+00:00\" \/>\n<meta property=\"og:image\" content=\"https:\/\/yazmed.ma\/wp-content\/uploads\/2025\/11\/TUBE-PRP.webp\" \/>\n\t<meta property=\"og:image:width\" content=\"570\" \/>\n\t<meta property=\"og:image:height\" content=\"517\" \/>\n\t<meta property=\"og:image:type\" content=\"image\/webp\" \/>\n<meta name=\"twitter:card\" content=\"summary_large_image\" \/>\n<script type=\"application\/ld+json\" class=\"yoast-schema-graph\">{\"@context\":\"https:\/\/schema.org\",\"@graph\":[{\"@type\":\"WebPage\",\"@id\":\"https:\/\/yazmed.ma\/product\/tube-prp\/\",\"url\":\"https:\/\/yazmed.ma\/product\/tube-prp\/\",\"name\":\"Tubes PRP avec Anticoagulant Citrate de Sodium 3,2% - YAZMED\",\"isPartOf\":{\"@id\":\"https:\/\/yazmed.ma\/#website\"},\"primaryImageOfPage\":{\"@id\":\"https:\/\/yazmed.ma\/product\/tube-prp\/#primaryimage\"},\"image\":{\"@id\":\"https:\/\/yazmed.ma\/product\/tube-prp\/#primaryimage\"},\"thumbnailUrl\":\"https:\/\/yazmed.ma\/wp-content\/uploads\/2025\/11\/TUBE-PRP.webp\",\"datePublished\":\"2025-11-23T17:57:10+00:00\",\"dateModified\":\"2025-12-09T18:58:24+00:00\",\"breadcrumb\":{\"@id\":\"https:\/\/yazmed.ma\/product\/tube-prp\/#breadcrumb\"},\"inLanguage\":\"ary\",\"potentialAction\":[{\"@type\":\"ReadAction\",\"target\":[\"https:\/\/yazmed.ma\/product\/tube-prp\/\"]}]},{\"@type\":\"ImageObject\",\"inLanguage\":\"ary\",\"@id\":\"https:\/\/yazmed.ma\/product\/tube-prp\/#primaryimage\",\"url\":\"https:\/\/yazmed.ma\/wp-content\/uploads\/2025\/11\/TUBE-PRP.webp\",\"contentUrl\":\"https:\/\/yazmed.ma\/wp-content\/uploads\/2025\/11\/TUBE-PRP.webp\",\"width\":570,\"height\":517,\"caption\":\"Tubes PRP avec Anticoagulant Citrate de Sodium 3,2%\"},{\"@type\":\"BreadcrumbList\",\"@id\":\"https:\/\/yazmed.ma\/product\/tube-prp\/#breadcrumb\",\"itemListElement\":[{\"@type\":\"ListItem\",\"position\":1,\"name\":\"Accueil\",\"item\":\"https:\/\/yazmed.ma\/\"},{\"@type\":\"ListItem\",\"position\":2,\"name\":\"Shop\",\"item\":\"https:\/\/yazmed.ma\/shop-2\/\"},{\"@type\":\"ListItem\",\"position\":3,\"name\":\"Tubes PRP avec Anticoagulant Citrate de Sodium 3,2%\"}]},{\"@type\":\"WebSite\",\"@id\":\"https:\/\/yazmed.ma\/#website\",\"url\":\"https:\/\/yazmed.ma\/\",\"name\":\"Yazmed\",\"description\":\"LEADER DU MAT\u00c9RIEL M\u00c9DICAL AU MAROC\",\"publisher\":{\"@id\":\"https:\/\/yazmed.ma\/#organization\"},\"potentialAction\":[{\"@type\":\"SearchAction\",\"target\":{\"@type\":\"EntryPoint\",\"urlTemplate\":\"https:\/\/yazmed.ma\/?s={search_term_string}\"},\"query-input\":{\"@type\":\"PropertyValueSpecification\",\"valueRequired\":true,\"valueName\":\"search_term_string\"}}],\"inLanguage\":\"ary\"},{\"@type\":\"Organization\",\"@id\":\"https:\/\/yazmed.ma\/#organization\",\"name\":\"Yazmed Healthcare\",\"url\":\"https:\/\/yazmed.ma\/\",\"logo\":{\"@type\":\"ImageObject\",\"inLanguage\":\"ary\",\"@id\":\"https:\/\/yazmed.ma\/#\/schema\/logo\/image\/\",\"url\":\"https:\/\/yazmed.ma\/wp-content\/uploads\/2024\/12\/3.png\",\"contentUrl\":\"https:\/\/yazmed.ma\/wp-content\/uploads\/2024\/12\/3.png\",\"width\":250,\"height\":70,\"caption\":\"Yazmed Healthcare\"},\"image\":{\"@id\":\"https:\/\/yazmed.ma\/#\/schema\/logo\/image\/\"},\"sameAs\":[\"https:\/\/www.facebook.com\/azenkouky\",\"https:\/\/www.instagram.com\/yazmedhealthcare\",\"https:\/\/www.linkedin.com\/in\/yazmed-healthcare-1b4955295\"]}]}<\/script>\n<!-- \/ Yoast SEO plugin. -->","yoast_head_json":{"title":"Tubes PRP avec Anticoagulant Citrate de Sodium 3,2% - YAZMED","robots":{"index":"index","follow":"follow","max-snippet":"max-snippet:-1","max-image-preview":"max-image-preview:large","max-video-preview":"max-video-preview:-1"},"canonical":"https:\/\/yazmed.ma\/ar\/product\/tube-prp\/","og_locale":"ar_AR","og_type":"article","og_title":"Tubes PRP avec Anticoagulant Citrate de Sodium 3,2% - YAZMED","og_description":"Tubes PRP avec Anticoagulant Citrate de Sodium 3,2% \u00a0un syst\u00e8me de pr\u00e9l\u00e8vement sanguin st\u00e9rile utilis\u00e9 pour pr\u00e9parer du \u00a0plasma sanguin\u00a0enrichi en\u00a0plaquettes\u00a0par une\u00a0centrifugation. \u00e0 partir du sang autologue du patient, notamment pour la m\u00e9decine r\u00e9g\u00e9n\u00e9rative et esth\u00e9tique. Ces tubes contiennent un anticoagulant, comme le citrate de sodium, et parfois un gel de s\u00e9paration, pour permettre de s\u00e9parer les plaquettes des autres composants du sang apr\u00e8s centrifugation afin de les concentre","og_url":"https:\/\/yazmed.ma\/ar\/product\/tube-prp\/","og_site_name":"YAZMED","article_publisher":"https:\/\/www.facebook.com\/azenkouky","article_modified_time":"2025-12-09T18:58:24+00:00","og_image":[{"width":570,"height":517,"url":"https:\/\/yazmed.ma\/wp-content\/uploads\/2025\/11\/TUBE-PRP.webp","type":"image\/webp"}],"twitter_card":"summary_large_image","schema":{"@context":"https:\/\/schema.org","@graph":[{"@type":"WebPage","@id":"https:\/\/yazmed.ma\/product\/tube-prp\/","url":"https:\/\/yazmed.ma\/product\/tube-prp\/","name":"Tubes PRP avec Anticoagulant Citrate de Sodium 3,2% - YAZMED","isPartOf":{"@id":"https:\/\/yazmed.ma\/#website"},"primaryImageOfPage":{"@id":"https:\/\/yazmed.ma\/product\/tube-prp\/#primaryimage"},"image":{"@id":"https:\/\/yazmed.ma\/product\/tube-prp\/#primaryimage"},"thumbnailUrl":"https:\/\/yazmed.ma\/wp-content\/uploads\/2025\/11\/TUBE-PRP.webp","datePublished":"2025-11-23T17:57:10+00:00","dateModified":"2025-12-09T18:58:24+00:00","breadcrumb":{"@id":"https:\/\/yazmed.ma\/product\/tube-prp\/#breadcrumb"},"inLanguage":"ary","potentialAction":[{"@type":"ReadAction","target":["https:\/\/yazmed.ma\/product\/tube-prp\/"]}]},{"@type":"ImageObject","inLanguage":"ary","@id":"https:\/\/yazmed.ma\/product\/tube-prp\/#primaryimage","url":"https:\/\/yazmed.ma\/wp-content\/uploads\/2025\/11\/TUBE-PRP.webp","contentUrl":"https:\/\/yazmed.ma\/wp-content\/uploads\/2025\/11\/TUBE-PRP.webp","width":570,"height":517,"caption":"Tubes PRP avec Anticoagulant Citrate de Sodium 3,2%"},{"@type":"BreadcrumbList","@id":"https:\/\/yazmed.ma\/product\/tube-prp\/#breadcrumb","itemListElement":[{"@type":"ListItem","position":1,"name":"Accueil","item":"https:\/\/yazmed.ma\/"},{"@type":"ListItem","position":2,"name":"Shop","item":"https:\/\/yazmed.ma\/shop-2\/"},{"@type":"ListItem","position":3,"name":"Tubes PRP avec Anticoagulant Citrate de Sodium 3,2%"}]},{"@type":"WebSite","@id":"https:\/\/yazmed.ma\/#website","url":"https:\/\/yazmed.ma\/","name":"Yazmed","description":"LEADER DU MAT\u00c9RIEL M\u00c9DICAL AU MAROC","publisher":{"@id":"https:\/\/yazmed.ma\/#organization"},"potentialAction":[{"@type":"SearchAction","target":{"@type":"EntryPoint","urlTemplate":"https:\/\/yazmed.ma\/?s={search_term_string}"},"query-input":{"@type":"PropertyValueSpecification","valueRequired":true,"valueName":"search_term_string"}}],"inLanguage":"ary"},{"@type":"Organization","@id":"https:\/\/yazmed.ma\/#organization","name":"Yazmed Healthcare","url":"https:\/\/yazmed.ma\/","logo":{"@type":"ImageObject","inLanguage":"ary","@id":"https:\/\/yazmed.ma\/#\/schema\/logo\/image\/","url":"https:\/\/yazmed.ma\/wp-content\/uploads\/2024\/12\/3.png","contentUrl":"https:\/\/yazmed.ma\/wp-content\/uploads\/2024\/12\/3.png","width":250,"height":70,"caption":"Yazmed Healthcare"},"image":{"@id":"https:\/\/yazmed.ma\/#\/schema\/logo\/image\/"},"sameAs":["https:\/\/www.facebook.com\/azenkouky","https:\/\/www.instagram.com\/yazmedhealthcare","https:\/\/www.linkedin.com\/in\/yazmed-healthcare-1b4955295"]}]}},"_links":{"self":[{"href":"https:\/\/yazmed.ma\/ar\/wp-json\/wp\/v2\/product\/2794","targetHints":{"allow":["GET"]}}],"collection":[{"href":"https:\/\/yazmed.ma\/ar\/wp-json\/wp\/v2\/product"}],"about":[{"href":"https:\/\/yazmed.ma\/ar\/wp-json\/wp\/v2\/types\/product"}],"replies":[{"embeddable":true,"href":"https:\/\/yazmed.ma\/ar\/wp-json\/wp\/v2\/comments?post=2794"}],"version-history":[{"count":1,"href":"https:\/\/yazmed.ma\/ar\/wp-json\/wp\/v2\/product\/2794\/revisions"}],"predecessor-version":[{"id":2796,"href":"https:\/\/yazmed.ma\/ar\/wp-json\/wp\/v2\/product\/2794\/revisions\/2796"}],"wp:featuredmedia":[{"embeddable":true,"href":"https:\/\/yazmed.ma\/ar\/wp-json\/wp\/v2\/media\/2795"}],"wp:attachment":[{"href":"https:\/\/yazmed.ma\/ar\/wp-json\/wp\/v2\/media?parent=2794"}],"wp:term":[{"taxonomy":"product_brand","embeddable":true,"href":"https:\/\/yazmed.ma\/ar\/wp-json\/wp\/v2\/product_brand?post=2794"},{"taxonomy":"product_cat","embeddable":true,"href":"https:\/\/yazmed.ma\/ar\/wp-json\/wp\/v2\/product_cat?post=2794"},{"taxonomy":"product_tag","embeddable":true,"href":"https:\/\/yazmed.ma\/ar\/wp-json\/wp\/v2\/product_tag?post=2794"}],"curies":[{"name":"wp","href":"https:\/\/api.w.org\/{rel}","templated":true}]}}