{"id":2788,"date":"2025-11-17T17:37:41","date_gmt":"2025-11-17T17:37:41","guid":{"rendered":"https:\/\/yazmed.ma\/?post_type=product&#038;p=2788"},"modified":"2026-01-04T19:54:57","modified_gmt":"2026-01-04T19:54:57","slug":"plaque-hernie-polymesh-30-30","status":"publish","type":"product","link":"https:\/\/yazmed.ma\/ar\/product\/plaque-hernie-polymesh-30-30\/","title":{"rendered":"PLAQUE HERNIE  POLYMESH 30\/30"},"content":{"rendered":"<p>Disponible en plusieurs tailles, notamment :<\/p>\n<p><img decoding=\"async\" class=\"emoji\" role=\"img\" draggable=\"false\" src=\"https:\/\/s.w.org\/images\/core\/emoji\/16.0.1\/svg\/2705.svg\" alt=\"\u2705\" \/> 15 \u00d7 15 cm : id\u00e9ale pour les grandes hernie\u00a0 r\u00e9parations murales \u00e9tendues.<\/p>\n<p><img decoding=\"async\" class=\"emoji\" role=\"img\" draggable=\"false\" src=\"https:\/\/s.w.org\/images\/core\/emoji\/16.0.1\/svg\/2705.svg\" alt=\"\u2705\" \/>\u00a0Caract\u00e9ristiques techniques :<br \/>\nMati\u00e8re : Polypropyl\u00e8ne monofilament<\/p>\n<p>St\u00e9rile \u2013 usage unique<\/p>\n<p>Biocompatible et non r\u00e9sorbable<\/p>\n<p>Structure poreuse pour une meilleure int\u00e9gration tissulaire<\/p>\n<p>Facile \u00e0 d\u00e9couper et \u00e0 positionner selon l\u2019anatomie du patient<\/p>\n<p>Conforme aux normes internationales en vigueur<\/p>\n<p><img decoding=\"async\" class=\"emoji\" role=\"img\" draggable=\"false\" src=\"https:\/\/s.w.org\/images\/core\/emoji\/16.0.1\/svg\/2705.svg\" alt=\"\u2705\" \/>\u00a0Indications :<br \/>\nHernie inguinale<\/p>\n<p>Hernie ombilicale<\/p>\n<p>Hernie incisionnelle \/ ventrale<\/p>\n<p>D\u00e9fauts pari\u00e9tau<\/p>","protected":false},"excerpt":{"rendered":"<h4>La plaque Hernie 30\/30<\/h4>\n<p>POLYMESH est un implant chirurgical st\u00e9rile, con\u00e7u pour le renforcement des tissus mous dans les interventions de r\u00e9paration des hernies ( \u00a0<a title=\"Canal inguinal\" href=\"https:\/\/fr.wikipedia.org\/wiki\/Canal_inguinal\">canal inguinal<\/a><sup id=\"cite_ref-tendance-sante_3-1\" class=\"reference\"><\/sup>\u00a0Fabriqu\u00e9e \u00e0 partir de polypropyl\u00e8ne monofilament, elle offre une excellente biocompatibilit\u00e9, une r\u00e9sistance m\u00e9canique fiable et une int\u00e9gration tissulaire optimale.<\/p>\n<p>Sa structure en maille l\u00e9g\u00e8re et poreuse permet une manipulation ais\u00e9e et favorise une bonne colonisation cellulaire, r\u00e9duisant ainsi les risques de rejet ou de complications postop\u00e9ratoires<\/p>\n<p><img decoding=\"async\" class=\"\" src=\"https:\/\/img.medicalexpo.fr\/images_me\/logo-p\/L111143.gif\" alt=\"Betatech Medical - logo\" width=\"151\" height=\"37\" \/><\/p>\n<p>&nbsp;<\/p>","protected":false},"featured_media":3067,"comment_status":"open","ping_status":"closed","template":"","meta":[],"product_brand":[],"product_cat":[52],"product_tag":[],"class_list":{"0":"post-2788","1":"product","2":"type-product","3":"status-publish","4":"has-post-thumbnail","6":"product_cat-consommable-medical","8":"first","9":"instock","10":"taxable","11":"shipping-taxable","12":"product-type-simple"},"yoast_head":"<!-- This site is optimized with the Yoast SEO plugin v26.9 - https:\/\/yoast.com\/product\/yoast-seo-wordpress\/ -->\n<title>PLAQUE HERNIE POLYMESH 30\/30 - YAZMED<\/title>\n<meta name=\"robots\" content=\"index, follow, max-snippet:-1, max-image-preview:large, max-video-preview:-1\" \/>\n<link rel=\"canonical\" href=\"https:\/\/yazmed.ma\/ar\/product\/plaque-hernie-polymesh-30-30\/\" \/>\n<meta property=\"og:locale\" content=\"ar_AR\" \/>\n<meta property=\"og:type\" content=\"article\" \/>\n<meta property=\"og:title\" content=\"PLAQUE HERNIE POLYMESH 30\/30 - YAZMED\" \/>\n<meta property=\"og:description\" content=\"La plaque Hernie 30\/30 POLYMESH est un implant chirurgical st\u00e9rile, con\u00e7u pour le renforcement des tissus mous dans les interventions de r\u00e9paration des hernies ( \u00a0canal inguinal\u00a0Fabriqu\u00e9e \u00e0 partir de polypropyl\u00e8ne monofilament, elle offre une excellente biocompatibilit\u00e9, une r\u00e9sistance m\u00e9canique fiable et une int\u00e9gration tissulaire optimale.  Sa structure en maille l\u00e9g\u00e8re et poreuse permet une manipulation ais\u00e9e et favorise une bonne colonisation cellulaire, r\u00e9duisant ainsi les risques de rejet ou de complications postop\u00e9ratoires    &nbsp;\" \/>\n<meta property=\"og:url\" content=\"https:\/\/yazmed.ma\/ar\/product\/plaque-hernie-polymesh-30-30\/\" \/>\n<meta property=\"og:site_name\" content=\"YAZMED\" \/>\n<meta property=\"article:publisher\" content=\"https:\/\/www.facebook.com\/azenkouky\" \/>\n<meta property=\"article:modified_time\" content=\"2026-01-04T19:54:57+00:00\" \/>\n<meta property=\"og:image\" content=\"https:\/\/yazmed.ma\/wp-content\/uploads\/2025\/11\/PLAQUE-HERNIE-POLYMESH-30.webp\" \/>\n\t<meta property=\"og:image:width\" content=\"450\" \/>\n\t<meta property=\"og:image:height\" content=\"450\" \/>\n\t<meta property=\"og:image:type\" content=\"image\/webp\" \/>\n<meta name=\"twitter:card\" content=\"summary_large_image\" \/>\n<script type=\"application\/ld+json\" class=\"yoast-schema-graph\">{\"@context\":\"https:\/\/schema.org\",\"@graph\":[{\"@type\":\"WebPage\",\"@id\":\"https:\/\/yazmed.ma\/product\/plaque-hernie-polymesh-30-30\/\",\"url\":\"https:\/\/yazmed.ma\/product\/plaque-hernie-polymesh-30-30\/\",\"name\":\"PLAQUE HERNIE POLYMESH 30\/30 - YAZMED\",\"isPartOf\":{\"@id\":\"https:\/\/yazmed.ma\/#website\"},\"primaryImageOfPage\":{\"@id\":\"https:\/\/yazmed.ma\/product\/plaque-hernie-polymesh-30-30\/#primaryimage\"},\"image\":{\"@id\":\"https:\/\/yazmed.ma\/product\/plaque-hernie-polymesh-30-30\/#primaryimage\"},\"thumbnailUrl\":\"https:\/\/yazmed.ma\/wp-content\/uploads\/2025\/11\/PLAQUE-HERNIE-POLYMESH-30.webp\",\"datePublished\":\"2025-11-17T17:37:41+00:00\",\"dateModified\":\"2026-01-04T19:54:57+00:00\",\"breadcrumb\":{\"@id\":\"https:\/\/yazmed.ma\/product\/plaque-hernie-polymesh-30-30\/#breadcrumb\"},\"inLanguage\":\"ary\",\"potentialAction\":[{\"@type\":\"ReadAction\",\"target\":[\"https:\/\/yazmed.ma\/product\/plaque-hernie-polymesh-30-30\/\"]}]},{\"@type\":\"ImageObject\",\"inLanguage\":\"ary\",\"@id\":\"https:\/\/yazmed.ma\/product\/plaque-hernie-polymesh-30-30\/#primaryimage\",\"url\":\"https:\/\/yazmed.ma\/wp-content\/uploads\/2025\/11\/PLAQUE-HERNIE-POLYMESH-30.webp\",\"contentUrl\":\"https:\/\/yazmed.ma\/wp-content\/uploads\/2025\/11\/PLAQUE-HERNIE-POLYMESH-30.webp\",\"width\":450,\"height\":450,\"caption\":\"PLAQUE HERNIE POLYMESH 30\"},{\"@type\":\"BreadcrumbList\",\"@id\":\"https:\/\/yazmed.ma\/product\/plaque-hernie-polymesh-30-30\/#breadcrumb\",\"itemListElement\":[{\"@type\":\"ListItem\",\"position\":1,\"name\":\"Accueil\",\"item\":\"https:\/\/yazmed.ma\/\"},{\"@type\":\"ListItem\",\"position\":2,\"name\":\"Shop\",\"item\":\"https:\/\/yazmed.ma\/shop-2\/\"},{\"@type\":\"ListItem\",\"position\":3,\"name\":\"PLAQUE HERNIE POLYMESH 30\/30\"}]},{\"@type\":\"WebSite\",\"@id\":\"https:\/\/yazmed.ma\/#website\",\"url\":\"https:\/\/yazmed.ma\/\",\"name\":\"Yazmed\",\"description\":\"LEADER DU MAT\u00c9RIEL M\u00c9DICAL AU MAROC\",\"publisher\":{\"@id\":\"https:\/\/yazmed.ma\/#organization\"},\"potentialAction\":[{\"@type\":\"SearchAction\",\"target\":{\"@type\":\"EntryPoint\",\"urlTemplate\":\"https:\/\/yazmed.ma\/?s={search_term_string}\"},\"query-input\":{\"@type\":\"PropertyValueSpecification\",\"valueRequired\":true,\"valueName\":\"search_term_string\"}}],\"inLanguage\":\"ary\"},{\"@type\":\"Organization\",\"@id\":\"https:\/\/yazmed.ma\/#organization\",\"name\":\"Yazmed Healthcare\",\"url\":\"https:\/\/yazmed.ma\/\",\"logo\":{\"@type\":\"ImageObject\",\"inLanguage\":\"ary\",\"@id\":\"https:\/\/yazmed.ma\/#\/schema\/logo\/image\/\",\"url\":\"https:\/\/yazmed.ma\/wp-content\/uploads\/2024\/12\/3.png\",\"contentUrl\":\"https:\/\/yazmed.ma\/wp-content\/uploads\/2024\/12\/3.png\",\"width\":250,\"height\":70,\"caption\":\"Yazmed Healthcare\"},\"image\":{\"@id\":\"https:\/\/yazmed.ma\/#\/schema\/logo\/image\/\"},\"sameAs\":[\"https:\/\/www.facebook.com\/azenkouky\",\"https:\/\/www.instagram.com\/yazmedhealthcare\",\"https:\/\/www.linkedin.com\/in\/yazmed-healthcare-1b4955295\"]}]}<\/script>\n<!-- \/ Yoast SEO plugin. -->","yoast_head_json":{"title":"PLAQUE HERNIE POLYMESH 30\/30 - YAZMED","robots":{"index":"index","follow":"follow","max-snippet":"max-snippet:-1","max-image-preview":"max-image-preview:large","max-video-preview":"max-video-preview:-1"},"canonical":"https:\/\/yazmed.ma\/ar\/product\/plaque-hernie-polymesh-30-30\/","og_locale":"ar_AR","og_type":"article","og_title":"PLAQUE HERNIE POLYMESH 30\/30 - YAZMED","og_description":"La plaque Hernie 30\/30 POLYMESH est un implant chirurgical st\u00e9rile, con\u00e7u pour le renforcement des tissus mous dans les interventions de r\u00e9paration des hernies ( \u00a0canal inguinal\u00a0Fabriqu\u00e9e \u00e0 partir de polypropyl\u00e8ne monofilament, elle offre une excellente biocompatibilit\u00e9, une r\u00e9sistance m\u00e9canique fiable et une int\u00e9gration tissulaire optimale.  Sa structure en maille l\u00e9g\u00e8re et poreuse permet une manipulation ais\u00e9e et favorise une bonne colonisation cellulaire, r\u00e9duisant ainsi les risques de rejet ou de complications postop\u00e9ratoires    &nbsp;","og_url":"https:\/\/yazmed.ma\/ar\/product\/plaque-hernie-polymesh-30-30\/","og_site_name":"YAZMED","article_publisher":"https:\/\/www.facebook.com\/azenkouky","article_modified_time":"2026-01-04T19:54:57+00:00","og_image":[{"width":450,"height":450,"url":"https:\/\/yazmed.ma\/wp-content\/uploads\/2025\/11\/PLAQUE-HERNIE-POLYMESH-30.webp","type":"image\/webp"}],"twitter_card":"summary_large_image","schema":{"@context":"https:\/\/schema.org","@graph":[{"@type":"WebPage","@id":"https:\/\/yazmed.ma\/product\/plaque-hernie-polymesh-30-30\/","url":"https:\/\/yazmed.ma\/product\/plaque-hernie-polymesh-30-30\/","name":"PLAQUE HERNIE POLYMESH 30\/30 - YAZMED","isPartOf":{"@id":"https:\/\/yazmed.ma\/#website"},"primaryImageOfPage":{"@id":"https:\/\/yazmed.ma\/product\/plaque-hernie-polymesh-30-30\/#primaryimage"},"image":{"@id":"https:\/\/yazmed.ma\/product\/plaque-hernie-polymesh-30-30\/#primaryimage"},"thumbnailUrl":"https:\/\/yazmed.ma\/wp-content\/uploads\/2025\/11\/PLAQUE-HERNIE-POLYMESH-30.webp","datePublished":"2025-11-17T17:37:41+00:00","dateModified":"2026-01-04T19:54:57+00:00","breadcrumb":{"@id":"https:\/\/yazmed.ma\/product\/plaque-hernie-polymesh-30-30\/#breadcrumb"},"inLanguage":"ary","potentialAction":[{"@type":"ReadAction","target":["https:\/\/yazmed.ma\/product\/plaque-hernie-polymesh-30-30\/"]}]},{"@type":"ImageObject","inLanguage":"ary","@id":"https:\/\/yazmed.ma\/product\/plaque-hernie-polymesh-30-30\/#primaryimage","url":"https:\/\/yazmed.ma\/wp-content\/uploads\/2025\/11\/PLAQUE-HERNIE-POLYMESH-30.webp","contentUrl":"https:\/\/yazmed.ma\/wp-content\/uploads\/2025\/11\/PLAQUE-HERNIE-POLYMESH-30.webp","width":450,"height":450,"caption":"PLAQUE HERNIE POLYMESH 30"},{"@type":"BreadcrumbList","@id":"https:\/\/yazmed.ma\/product\/plaque-hernie-polymesh-30-30\/#breadcrumb","itemListElement":[{"@type":"ListItem","position":1,"name":"Accueil","item":"https:\/\/yazmed.ma\/"},{"@type":"ListItem","position":2,"name":"Shop","item":"https:\/\/yazmed.ma\/shop-2\/"},{"@type":"ListItem","position":3,"name":"PLAQUE HERNIE POLYMESH 30\/30"}]},{"@type":"WebSite","@id":"https:\/\/yazmed.ma\/#website","url":"https:\/\/yazmed.ma\/","name":"Yazmed","description":"LEADER DU MAT\u00c9RIEL M\u00c9DICAL AU MAROC","publisher":{"@id":"https:\/\/yazmed.ma\/#organization"},"potentialAction":[{"@type":"SearchAction","target":{"@type":"EntryPoint","urlTemplate":"https:\/\/yazmed.ma\/?s={search_term_string}"},"query-input":{"@type":"PropertyValueSpecification","valueRequired":true,"valueName":"search_term_string"}}],"inLanguage":"ary"},{"@type":"Organization","@id":"https:\/\/yazmed.ma\/#organization","name":"Yazmed Healthcare","url":"https:\/\/yazmed.ma\/","logo":{"@type":"ImageObject","inLanguage":"ary","@id":"https:\/\/yazmed.ma\/#\/schema\/logo\/image\/","url":"https:\/\/yazmed.ma\/wp-content\/uploads\/2024\/12\/3.png","contentUrl":"https:\/\/yazmed.ma\/wp-content\/uploads\/2024\/12\/3.png","width":250,"height":70,"caption":"Yazmed Healthcare"},"image":{"@id":"https:\/\/yazmed.ma\/#\/schema\/logo\/image\/"},"sameAs":["https:\/\/www.facebook.com\/azenkouky","https:\/\/www.instagram.com\/yazmedhealthcare","https:\/\/www.linkedin.com\/in\/yazmed-healthcare-1b4955295"]}]}},"_links":{"self":[{"href":"https:\/\/yazmed.ma\/ar\/wp-json\/wp\/v2\/product\/2788","targetHints":{"allow":["GET"]}}],"collection":[{"href":"https:\/\/yazmed.ma\/ar\/wp-json\/wp\/v2\/product"}],"about":[{"href":"https:\/\/yazmed.ma\/ar\/wp-json\/wp\/v2\/types\/product"}],"replies":[{"embeddable":true,"href":"https:\/\/yazmed.ma\/ar\/wp-json\/wp\/v2\/comments?post=2788"}],"version-history":[{"count":1,"href":"https:\/\/yazmed.ma\/ar\/wp-json\/wp\/v2\/product\/2788\/revisions"}],"predecessor-version":[{"id":3065,"href":"https:\/\/yazmed.ma\/ar\/wp-json\/wp\/v2\/product\/2788\/revisions\/3065"}],"wp:featuredmedia":[{"embeddable":true,"href":"https:\/\/yazmed.ma\/ar\/wp-json\/wp\/v2\/media\/3067"}],"wp:attachment":[{"href":"https:\/\/yazmed.ma\/ar\/wp-json\/wp\/v2\/media?parent=2788"}],"wp:term":[{"taxonomy":"product_brand","embeddable":true,"href":"https:\/\/yazmed.ma\/ar\/wp-json\/wp\/v2\/product_brand?post=2788"},{"taxonomy":"product_cat","embeddable":true,"href":"https:\/\/yazmed.ma\/ar\/wp-json\/wp\/v2\/product_cat?post=2788"},{"taxonomy":"product_tag","embeddable":true,"href":"https:\/\/yazmed.ma\/ar\/wp-json\/wp\/v2\/product_tag?post=2788"}],"curies":[{"name":"wp","href":"https:\/\/api.w.org\/{rel}","templated":true}]}}