{"id":2782,"date":"2025-11-13T20:23:02","date_gmt":"2025-11-13T20:23:02","guid":{"rendered":"https:\/\/yazmed.ma\/?post_type=product&#038;p=2782"},"modified":"2025-12-21T16:48:18","modified_gmt":"2025-12-21T16:48:18","slug":"pince-ligasure-covidien-ref-1837","status":"publish","type":"product","link":"https:\/\/yazmed.ma\/ar\/product\/pince-ligasure-covidien-ref-1837\/","title":{"rendered":"Pince Ligasure Covidien Ref 1837"},"content":{"rendered":"<h3 data-start=\"766\" data-end=\"789\"><img decoding=\"async\" class=\"emoji\" role=\"img\" draggable=\"false\" src=\"https:\/\/s.w.org\/images\/core\/emoji\/16.0.1\/svg\/2705.svg\" alt=\"\u2705\" \/>Caract\u00e9ristiques<\/h3>\n<p><span dir=\"auto\">Diam\u00e8tre de l&rsquo;arbre : 5 mm<\/span><br \/>\n<span dir=\"auto\">Rotation de l&rsquo;arbre : 180 degr\u00e9s &#8211;<\/span><br \/>\n<span dir=\"auto\">Conception des m\u00e2choires : M\u00e2choires \u00e0 double action \u00e9mouss\u00e9es avec extr\u00e9mit\u00e9s profil\u00e9es<\/span><br \/>\n<span dir=\"auto\">Longueur du joint : 19,5 mm &#8211;<\/span><br \/>\n<span dir=\"auto\">Longueur de coupe\u00a0: 17,8\u00a0mm &#8211;<\/span><br \/>\n<span dir=\"auto\"><img decoding=\"async\" class=\"emoji\" role=\"img\" draggable=\"false\" src=\"https:\/\/s.w.org\/images\/core\/emoji\/16.0.1\/svg\/2705.svg\" alt=\"\u2705\" \/>Compatibilit\u00e9 avec les g\u00e9n\u00e9rateurs\u00a0: Plateformes \u00e9nerg\u00e9tiques Valleylab\u2122<\/span><\/p>\n<p><span dir=\"auto\"> <img decoding=\"async\" class=\"emoji\" role=\"img\" draggable=\"false\" src=\"https:\/\/s.w.org\/images\/core\/emoji\/16.0.1\/svg\/2705.svg\" alt=\"\u2705\" \/>Compatible avec ForceTriad SW v3.6 ou sup\u00e9rieur<\/span><\/p>\n<p><span dir=\"auto\">Contr\u00f4le et polyvalence<\/span><br \/>\n<span dir=\"auto\">Permet une manipulation et une pr\u00e9hension atraumatiques des tissus<\/span><\/p>\n<p><span dir=\"auto\">Facilite la dissection \u00e0 travers les plans et la cr\u00e9ation de fen\u00eatres<\/span><br \/>\n<span dir=\"auto\">Assure stabilit\u00e9 et contr\u00f4le lors de l&rsquo;ex\u00e9cution des interventions<\/span><\/p>\n<p><img decoding=\"async\" class=\"\" src=\"https:\/\/cdn.shopify.com\/s\/files\/1\/0442\/8264\/2587\/files\/covidien_2fb75be3-743f-4c19-aa43-8847b02c57cf.png?v=1743536588\" alt=\"Logo Covidien\" width=\"102\" height=\"66\" \/><\/p>","protected":false},"excerpt":{"rendered":"<h3 class=\"productView-title main-heading\">Pince ligasure covidien 1837<\/h3>\n<p>Instrument LigaSure\u2122 Blunt Tip L\u2019instrument de fusion\/division\u00a0avec mors droits enduits d&rsquo;un nano-rev\u00eatement anti-adh\u00e9rent est un instrument \u00e9lectrochirurgical bipolaire con\u00e7u pour les interventions de chirurgie <a title=\"Op\u00e9ration chirurgicale\" href=\"https:\/\/fr.wikipedia.org\/wiki\/Op%C3%A9ration_chirurgicale\">op\u00e9ration chirurgicale<\/a>. ouverte ou mini-invasive qui requi\u00e8rent la ligature et la division de vaisseaux, de faisceaux de tissu et de tissus lymphatiques.<\/p>\n<p>Il peut \u00eatre utilis\u00e9 sur des vaisseaux (art\u00e8res ou veines) de diam\u00e8tres allant jusqu\u2019\u00e0 7 mm.<\/p>\n<p>Instrument LigaSure\u2122 Blunt Tipest indiqu\u00e9 dans la chirurgie g\u00e9n\u00e9rale, et dans des sp\u00e9cialit\u00e9s chirurgicales telles que la chirurgie urologique, vasculaire, thoracique, ou gyn\u00e9cologique.<\/p>\n<h5><img decoding=\"async\" class=\"\" src=\"https:\/\/cdn.shopify.com\/s\/files\/1\/0442\/8264\/2587\/files\/covidien_2fb75be3-743f-4c19-aa43-8847b02c57cf.png?v=1743536588\" alt=\"Logo Covidien\" width=\"102\" height=\"66\" \/><\/h5>","protected":false},"featured_media":2783,"comment_status":"open","ping_status":"closed","template":"","meta":[],"product_brand":[217],"product_cat":[51],"product_tag":[219,218],"class_list":{"0":"post-2782","1":"product","2":"type-product","3":"status-publish","4":"has-post-thumbnail","6":"product_brand-covidien","7":"product_cat-bloc-et-reanimation","8":"product_tag-covidien","9":"product_tag-ligasur-laparoscopic","11":"first","12":"instock","13":"taxable","14":"shipping-taxable","15":"product-type-simple"},"yoast_head":"<!-- This site is optimized with the Yoast SEO plugin v26.9 - https:\/\/yoast.com\/product\/yoast-seo-wordpress\/ -->\n<title>Pince Ligasure Covidien Ref 1837 - YAZMED<\/title>\n<meta name=\"robots\" content=\"index, follow, max-snippet:-1, max-image-preview:large, max-video-preview:-1\" \/>\n<link rel=\"canonical\" href=\"https:\/\/yazmed.ma\/ar\/product\/pince-ligasure-covidien-ref-1837\/\" \/>\n<meta property=\"og:locale\" content=\"ar_AR\" \/>\n<meta property=\"og:type\" content=\"article\" \/>\n<meta property=\"og:title\" content=\"Pince Ligasure Covidien Ref 1837 - YAZMED\" \/>\n<meta property=\"og:description\" content=\"Pince ligasure covidien 1837 Instrument LigaSure\u2122 Blunt Tip L\u2019instrument de fusion\/division\u00a0avec mors droits enduits d&#039;un nano-rev\u00eatement anti-adh\u00e9rent est un instrument \u00e9lectrochirurgical bipolaire con\u00e7u pour les interventions de chirurgie op\u00e9ration chirurgicale. ouverte ou mini-invasive qui requi\u00e8rent la ligature et la division de vaisseaux, de faisceaux de tissu et de tissus lymphatiques.  Il peut \u00eatre utilis\u00e9 sur des vaisseaux (art\u00e8res ou veines) de diam\u00e8tres allant jusqu\u2019\u00e0 7 mm.  Instrument LigaSure\u2122 Blunt Tipest indiqu\u00e9 dans la chirurgie g\u00e9n\u00e9rale, et dans des sp\u00e9cialit\u00e9s chirurgicales telles que la chirurgie urologique, vasculaire, thoracique, ou gyn\u00e9cologique.\" \/>\n<meta property=\"og:url\" content=\"https:\/\/yazmed.ma\/ar\/product\/pince-ligasure-covidien-ref-1837\/\" \/>\n<meta property=\"og:site_name\" content=\"YAZMED\" \/>\n<meta property=\"article:publisher\" content=\"https:\/\/www.facebook.com\/azenkouky\" \/>\n<meta property=\"article:modified_time\" content=\"2025-12-21T16:48:18+00:00\" \/>\n<meta property=\"og:image\" content=\"https:\/\/yazmed.ma\/wp-content\/uploads\/2025\/11\/PINCE-LIGASUR-COVIDIEN.webp\" \/>\n\t<meta property=\"og:image:width\" content=\"570\" \/>\n\t<meta property=\"og:image:height\" content=\"517\" \/>\n\t<meta property=\"og:image:type\" content=\"image\/webp\" \/>\n<meta name=\"twitter:card\" content=\"summary_large_image\" \/>\n<script type=\"application\/ld+json\" class=\"yoast-schema-graph\">{\"@context\":\"https:\/\/schema.org\",\"@graph\":[{\"@type\":\"WebPage\",\"@id\":\"https:\/\/yazmed.ma\/product\/pince-ligasure-covidien-ref-1837\/\",\"url\":\"https:\/\/yazmed.ma\/product\/pince-ligasure-covidien-ref-1837\/\",\"name\":\"Pince Ligasure Covidien Ref 1837 - YAZMED\",\"isPartOf\":{\"@id\":\"https:\/\/yazmed.ma\/#website\"},\"primaryImageOfPage\":{\"@id\":\"https:\/\/yazmed.ma\/product\/pince-ligasure-covidien-ref-1837\/#primaryimage\"},\"image\":{\"@id\":\"https:\/\/yazmed.ma\/product\/pince-ligasure-covidien-ref-1837\/#primaryimage\"},\"thumbnailUrl\":\"https:\/\/yazmed.ma\/wp-content\/uploads\/2025\/11\/PINCE-LIGASUR-COVIDIEN.webp\",\"datePublished\":\"2025-11-13T20:23:02+00:00\",\"dateModified\":\"2025-12-21T16:48:18+00:00\",\"breadcrumb\":{\"@id\":\"https:\/\/yazmed.ma\/product\/pince-ligasure-covidien-ref-1837\/#breadcrumb\"},\"inLanguage\":\"ary\",\"potentialAction\":[{\"@type\":\"ReadAction\",\"target\":[\"https:\/\/yazmed.ma\/product\/pince-ligasure-covidien-ref-1837\/\"]}]},{\"@type\":\"ImageObject\",\"inLanguage\":\"ary\",\"@id\":\"https:\/\/yazmed.ma\/product\/pince-ligasure-covidien-ref-1837\/#primaryimage\",\"url\":\"https:\/\/yazmed.ma\/wp-content\/uploads\/2025\/11\/PINCE-LIGASUR-COVIDIEN.webp\",\"contentUrl\":\"https:\/\/yazmed.ma\/wp-content\/uploads\/2025\/11\/PINCE-LIGASUR-COVIDIEN.webp\",\"width\":570,\"height\":517,\"caption\":\"PINCE LIGASUR COVIDIEN\"},{\"@type\":\"BreadcrumbList\",\"@id\":\"https:\/\/yazmed.ma\/product\/pince-ligasure-covidien-ref-1837\/#breadcrumb\",\"itemListElement\":[{\"@type\":\"ListItem\",\"position\":1,\"name\":\"Accueil\",\"item\":\"https:\/\/yazmed.ma\/\"},{\"@type\":\"ListItem\",\"position\":2,\"name\":\"Shop\",\"item\":\"https:\/\/yazmed.ma\/shop-2\/\"},{\"@type\":\"ListItem\",\"position\":3,\"name\":\"Pince Ligasure Covidien Ref 1837\"}]},{\"@type\":\"WebSite\",\"@id\":\"https:\/\/yazmed.ma\/#website\",\"url\":\"https:\/\/yazmed.ma\/\",\"name\":\"Yazmed\",\"description\":\"LEADER DU MAT\u00c9RIEL M\u00c9DICAL AU MAROC\",\"publisher\":{\"@id\":\"https:\/\/yazmed.ma\/#organization\"},\"potentialAction\":[{\"@type\":\"SearchAction\",\"target\":{\"@type\":\"EntryPoint\",\"urlTemplate\":\"https:\/\/yazmed.ma\/?s={search_term_string}\"},\"query-input\":{\"@type\":\"PropertyValueSpecification\",\"valueRequired\":true,\"valueName\":\"search_term_string\"}}],\"inLanguage\":\"ary\"},{\"@type\":\"Organization\",\"@id\":\"https:\/\/yazmed.ma\/#organization\",\"name\":\"Yazmed Healthcare\",\"url\":\"https:\/\/yazmed.ma\/\",\"logo\":{\"@type\":\"ImageObject\",\"inLanguage\":\"ary\",\"@id\":\"https:\/\/yazmed.ma\/#\/schema\/logo\/image\/\",\"url\":\"https:\/\/yazmed.ma\/wp-content\/uploads\/2024\/12\/3.png\",\"contentUrl\":\"https:\/\/yazmed.ma\/wp-content\/uploads\/2024\/12\/3.png\",\"width\":250,\"height\":70,\"caption\":\"Yazmed Healthcare\"},\"image\":{\"@id\":\"https:\/\/yazmed.ma\/#\/schema\/logo\/image\/\"},\"sameAs\":[\"https:\/\/www.facebook.com\/azenkouky\",\"https:\/\/www.instagram.com\/yazmedhealthcare\",\"https:\/\/www.linkedin.com\/in\/yazmed-healthcare-1b4955295\"]}]}<\/script>\n<!-- \/ Yoast SEO plugin. -->","yoast_head_json":{"title":"Pince Ligasure Covidien Ref 1837 - YAZMED","robots":{"index":"index","follow":"follow","max-snippet":"max-snippet:-1","max-image-preview":"max-image-preview:large","max-video-preview":"max-video-preview:-1"},"canonical":"https:\/\/yazmed.ma\/ar\/product\/pince-ligasure-covidien-ref-1837\/","og_locale":"ar_AR","og_type":"article","og_title":"Pince Ligasure Covidien Ref 1837 - YAZMED","og_description":"Pince ligasure covidien 1837 Instrument LigaSure\u2122 Blunt Tip L\u2019instrument de fusion\/division\u00a0avec mors droits enduits d'un nano-rev\u00eatement anti-adh\u00e9rent est un instrument \u00e9lectrochirurgical bipolaire con\u00e7u pour les interventions de chirurgie op\u00e9ration chirurgicale. ouverte ou mini-invasive qui requi\u00e8rent la ligature et la division de vaisseaux, de faisceaux de tissu et de tissus lymphatiques.  Il peut \u00eatre utilis\u00e9 sur des vaisseaux (art\u00e8res ou veines) de diam\u00e8tres allant jusqu\u2019\u00e0 7 mm.  Instrument LigaSure\u2122 Blunt Tipest indiqu\u00e9 dans la chirurgie g\u00e9n\u00e9rale, et dans des sp\u00e9cialit\u00e9s chirurgicales telles que la chirurgie urologique, vasculaire, thoracique, ou gyn\u00e9cologique.","og_url":"https:\/\/yazmed.ma\/ar\/product\/pince-ligasure-covidien-ref-1837\/","og_site_name":"YAZMED","article_publisher":"https:\/\/www.facebook.com\/azenkouky","article_modified_time":"2025-12-21T16:48:18+00:00","og_image":[{"width":570,"height":517,"url":"https:\/\/yazmed.ma\/wp-content\/uploads\/2025\/11\/PINCE-LIGASUR-COVIDIEN.webp","type":"image\/webp"}],"twitter_card":"summary_large_image","schema":{"@context":"https:\/\/schema.org","@graph":[{"@type":"WebPage","@id":"https:\/\/yazmed.ma\/product\/pince-ligasure-covidien-ref-1837\/","url":"https:\/\/yazmed.ma\/product\/pince-ligasure-covidien-ref-1837\/","name":"Pince Ligasure Covidien Ref 1837 - YAZMED","isPartOf":{"@id":"https:\/\/yazmed.ma\/#website"},"primaryImageOfPage":{"@id":"https:\/\/yazmed.ma\/product\/pince-ligasure-covidien-ref-1837\/#primaryimage"},"image":{"@id":"https:\/\/yazmed.ma\/product\/pince-ligasure-covidien-ref-1837\/#primaryimage"},"thumbnailUrl":"https:\/\/yazmed.ma\/wp-content\/uploads\/2025\/11\/PINCE-LIGASUR-COVIDIEN.webp","datePublished":"2025-11-13T20:23:02+00:00","dateModified":"2025-12-21T16:48:18+00:00","breadcrumb":{"@id":"https:\/\/yazmed.ma\/product\/pince-ligasure-covidien-ref-1837\/#breadcrumb"},"inLanguage":"ary","potentialAction":[{"@type":"ReadAction","target":["https:\/\/yazmed.ma\/product\/pince-ligasure-covidien-ref-1837\/"]}]},{"@type":"ImageObject","inLanguage":"ary","@id":"https:\/\/yazmed.ma\/product\/pince-ligasure-covidien-ref-1837\/#primaryimage","url":"https:\/\/yazmed.ma\/wp-content\/uploads\/2025\/11\/PINCE-LIGASUR-COVIDIEN.webp","contentUrl":"https:\/\/yazmed.ma\/wp-content\/uploads\/2025\/11\/PINCE-LIGASUR-COVIDIEN.webp","width":570,"height":517,"caption":"PINCE LIGASUR COVIDIEN"},{"@type":"BreadcrumbList","@id":"https:\/\/yazmed.ma\/product\/pince-ligasure-covidien-ref-1837\/#breadcrumb","itemListElement":[{"@type":"ListItem","position":1,"name":"Accueil","item":"https:\/\/yazmed.ma\/"},{"@type":"ListItem","position":2,"name":"Shop","item":"https:\/\/yazmed.ma\/shop-2\/"},{"@type":"ListItem","position":3,"name":"Pince Ligasure Covidien Ref 1837"}]},{"@type":"WebSite","@id":"https:\/\/yazmed.ma\/#website","url":"https:\/\/yazmed.ma\/","name":"Yazmed","description":"LEADER DU MAT\u00c9RIEL M\u00c9DICAL AU MAROC","publisher":{"@id":"https:\/\/yazmed.ma\/#organization"},"potentialAction":[{"@type":"SearchAction","target":{"@type":"EntryPoint","urlTemplate":"https:\/\/yazmed.ma\/?s={search_term_string}"},"query-input":{"@type":"PropertyValueSpecification","valueRequired":true,"valueName":"search_term_string"}}],"inLanguage":"ary"},{"@type":"Organization","@id":"https:\/\/yazmed.ma\/#organization","name":"Yazmed Healthcare","url":"https:\/\/yazmed.ma\/","logo":{"@type":"ImageObject","inLanguage":"ary","@id":"https:\/\/yazmed.ma\/#\/schema\/logo\/image\/","url":"https:\/\/yazmed.ma\/wp-content\/uploads\/2024\/12\/3.png","contentUrl":"https:\/\/yazmed.ma\/wp-content\/uploads\/2024\/12\/3.png","width":250,"height":70,"caption":"Yazmed Healthcare"},"image":{"@id":"https:\/\/yazmed.ma\/#\/schema\/logo\/image\/"},"sameAs":["https:\/\/www.facebook.com\/azenkouky","https:\/\/www.instagram.com\/yazmedhealthcare","https:\/\/www.linkedin.com\/in\/yazmed-healthcare-1b4955295"]}]}},"_links":{"self":[{"href":"https:\/\/yazmed.ma\/ar\/wp-json\/wp\/v2\/product\/2782","targetHints":{"allow":["GET"]}}],"collection":[{"href":"https:\/\/yazmed.ma\/ar\/wp-json\/wp\/v2\/product"}],"about":[{"href":"https:\/\/yazmed.ma\/ar\/wp-json\/wp\/v2\/types\/product"}],"replies":[{"embeddable":true,"href":"https:\/\/yazmed.ma\/ar\/wp-json\/wp\/v2\/comments?post=2782"}],"version-history":[{"count":1,"href":"https:\/\/yazmed.ma\/ar\/wp-json\/wp\/v2\/product\/2782\/revisions"}],"predecessor-version":[{"id":2785,"href":"https:\/\/yazmed.ma\/ar\/wp-json\/wp\/v2\/product\/2782\/revisions\/2785"}],"wp:featuredmedia":[{"embeddable":true,"href":"https:\/\/yazmed.ma\/ar\/wp-json\/wp\/v2\/media\/2783"}],"wp:attachment":[{"href":"https:\/\/yazmed.ma\/ar\/wp-json\/wp\/v2\/media?parent=2782"}],"wp:term":[{"taxonomy":"product_brand","embeddable":true,"href":"https:\/\/yazmed.ma\/ar\/wp-json\/wp\/v2\/product_brand?post=2782"},{"taxonomy":"product_cat","embeddable":true,"href":"https:\/\/yazmed.ma\/ar\/wp-json\/wp\/v2\/product_cat?post=2782"},{"taxonomy":"product_tag","embeddable":true,"href":"https:\/\/yazmed.ma\/ar\/wp-json\/wp\/v2\/product_tag?post=2782"}],"curies":[{"name":"wp","href":"https:\/\/api.w.org\/{rel}","templated":true}]}}