{"id":2778,"date":"2025-11-13T19:28:28","date_gmt":"2025-11-13T19:28:28","guid":{"rendered":"https:\/\/yazmed.ma\/?post_type=product&#038;p=2778"},"modified":"2025-11-13T19:28:29","modified_gmt":"2025-11-13T19:28:29","slug":"valve-abdominale-sus-pubienne","status":"publish","type":"product","link":"https:\/\/yazmed.ma\/ar\/product\/valve-abdominale-sus-pubienne\/","title":{"rendered":"Valve abdominale sus Pubienne"},"content":{"rendered":"","protected":false},"excerpt":{"rendered":"<h4>Valve abdominale suspubienne maintenue en place au moyen d\u2019un fixateur \u00e0 points d\u2019appui interf\u00e9moraux.<\/h4>\n<p>Une valve de drainage sus-pubien est utilis\u00e9e pour contr\u00f4ler l&rsquo;\u00e9vacuation de l&rsquo;urine \u00e0 travers un cath\u00e9ter ins\u00e9r\u00e9 dans la vessie par l&rsquo;abdomen, au-dessus du pubis. Cette valve permet de drainer l&rsquo;urine de fa\u00e7on continue vers un sac collecteur, mais peut aussi \u00eatre ferm\u00e9e pour permettre au patient de marcher avec un sac de jambe ou pour tester l&rsquo;urination par voie naturelle.<span class=\"uJ19be notranslate\" data-wiz-uids=\"iWdsnf_b,iWdsnf_c,iWdsnf_d\"><span class=\"vKEkVd\" data-animation-atomic=\"\">\u00a0<\/span><\/span><\/p>","protected":false},"featured_media":2780,"comment_status":"open","ping_status":"closed","template":"","meta":[],"product_brand":[],"product_cat":[53],"product_tag":[216],"class_list":{"0":"post-2778","1":"product","2":"type-product","3":"status-publish","4":"has-post-thumbnail","6":"product_cat-instrumentation-sutures","7":"product_tag-valve-suspubienne","9":"first","10":"instock","11":"taxable","12":"shipping-taxable","13":"product-type-simple"},"yoast_head":"<!-- This site is optimized with the Yoast SEO plugin v26.9 - https:\/\/yoast.com\/product\/yoast-seo-wordpress\/ -->\n<title>Valve abdominale sus Pubienne - YAZMED<\/title>\n<meta name=\"robots\" content=\"index, follow, max-snippet:-1, max-image-preview:large, max-video-preview:-1\" \/>\n<link rel=\"canonical\" href=\"https:\/\/yazmed.ma\/ar\/product\/valve-abdominale-sus-pubienne\/\" \/>\n<meta property=\"og:locale\" content=\"ar_AR\" \/>\n<meta property=\"og:type\" content=\"article\" \/>\n<meta property=\"og:title\" content=\"Valve abdominale sus Pubienne - YAZMED\" \/>\n<meta property=\"og:description\" content=\"Valve abdominale suspubienne maintenue en place au moyen d\u2019un fixateur \u00e0 points d\u2019appui interf\u00e9moraux. Une valve de drainage sus-pubien est utilis\u00e9e pour contr\u00f4ler l&#039;\u00e9vacuation de l&#039;urine \u00e0 travers un cath\u00e9ter ins\u00e9r\u00e9 dans la vessie par l&#039;abdomen, au-dessus du pubis. Cette valve permet de drainer l&#039;urine de fa\u00e7on continue vers un sac collecteur, mais peut aussi \u00eatre ferm\u00e9e pour permettre au patient de marcher avec un sac de jambe ou pour tester l&#039;urination par voie naturelle.\u00a0\" \/>\n<meta property=\"og:url\" content=\"https:\/\/yazmed.ma\/ar\/product\/valve-abdominale-sus-pubienne\/\" \/>\n<meta property=\"og:site_name\" content=\"YAZMED\" \/>\n<meta property=\"article:publisher\" content=\"https:\/\/www.facebook.com\/azenkouky\" \/>\n<meta property=\"article:modified_time\" content=\"2025-11-13T19:28:29+00:00\" \/>\n<meta property=\"og:image\" content=\"https:\/\/yazmed.ma\/wp-content\/uploads\/2025\/11\/VALVE-SUSPUBIENNE.webp\" \/>\n\t<meta property=\"og:image:width\" content=\"570\" \/>\n\t<meta property=\"og:image:height\" content=\"517\" \/>\n\t<meta property=\"og:image:type\" content=\"image\/webp\" \/>\n<meta name=\"twitter:card\" content=\"summary_large_image\" \/>\n<script type=\"application\/ld+json\" class=\"yoast-schema-graph\">{\"@context\":\"https:\/\/schema.org\",\"@graph\":[{\"@type\":\"WebPage\",\"@id\":\"https:\/\/yazmed.ma\/product\/valve-abdominale-sus-pubienne\/\",\"url\":\"https:\/\/yazmed.ma\/product\/valve-abdominale-sus-pubienne\/\",\"name\":\"Valve abdominale sus Pubienne - YAZMED\",\"isPartOf\":{\"@id\":\"https:\/\/yazmed.ma\/#website\"},\"primaryImageOfPage\":{\"@id\":\"https:\/\/yazmed.ma\/product\/valve-abdominale-sus-pubienne\/#primaryimage\"},\"image\":{\"@id\":\"https:\/\/yazmed.ma\/product\/valve-abdominale-sus-pubienne\/#primaryimage\"},\"thumbnailUrl\":\"https:\/\/yazmed.ma\/wp-content\/uploads\/2025\/11\/VALVE-SUSPUBIENNE.webp\",\"datePublished\":\"2025-11-13T19:28:28+00:00\",\"dateModified\":\"2025-11-13T19:28:29+00:00\",\"breadcrumb\":{\"@id\":\"https:\/\/yazmed.ma\/product\/valve-abdominale-sus-pubienne\/#breadcrumb\"},\"inLanguage\":\"ary\",\"potentialAction\":[{\"@type\":\"ReadAction\",\"target\":[\"https:\/\/yazmed.ma\/product\/valve-abdominale-sus-pubienne\/\"]}]},{\"@type\":\"ImageObject\",\"inLanguage\":\"ary\",\"@id\":\"https:\/\/yazmed.ma\/product\/valve-abdominale-sus-pubienne\/#primaryimage\",\"url\":\"https:\/\/yazmed.ma\/wp-content\/uploads\/2025\/11\/VALVE-SUSPUBIENNE.webp\",\"contentUrl\":\"https:\/\/yazmed.ma\/wp-content\/uploads\/2025\/11\/VALVE-SUSPUBIENNE.webp\",\"width\":570,\"height\":517,\"caption\":\"Valve abdominale suspubienne\"},{\"@type\":\"BreadcrumbList\",\"@id\":\"https:\/\/yazmed.ma\/product\/valve-abdominale-sus-pubienne\/#breadcrumb\",\"itemListElement\":[{\"@type\":\"ListItem\",\"position\":1,\"name\":\"Accueil\",\"item\":\"https:\/\/yazmed.ma\/\"},{\"@type\":\"ListItem\",\"position\":2,\"name\":\"Shop\",\"item\":\"https:\/\/yazmed.ma\/shop-2\/\"},{\"@type\":\"ListItem\",\"position\":3,\"name\":\"Valve abdominale sus Pubienne\"}]},{\"@type\":\"WebSite\",\"@id\":\"https:\/\/yazmed.ma\/#website\",\"url\":\"https:\/\/yazmed.ma\/\",\"name\":\"Yazmed\",\"description\":\"LEADER DU MAT\u00c9RIEL M\u00c9DICAL AU MAROC\",\"publisher\":{\"@id\":\"https:\/\/yazmed.ma\/#organization\"},\"potentialAction\":[{\"@type\":\"SearchAction\",\"target\":{\"@type\":\"EntryPoint\",\"urlTemplate\":\"https:\/\/yazmed.ma\/?s={search_term_string}\"},\"query-input\":{\"@type\":\"PropertyValueSpecification\",\"valueRequired\":true,\"valueName\":\"search_term_string\"}}],\"inLanguage\":\"ary\"},{\"@type\":\"Organization\",\"@id\":\"https:\/\/yazmed.ma\/#organization\",\"name\":\"Yazmed Healthcare\",\"url\":\"https:\/\/yazmed.ma\/\",\"logo\":{\"@type\":\"ImageObject\",\"inLanguage\":\"ary\",\"@id\":\"https:\/\/yazmed.ma\/#\/schema\/logo\/image\/\",\"url\":\"https:\/\/yazmed.ma\/wp-content\/uploads\/2024\/12\/3.png\",\"contentUrl\":\"https:\/\/yazmed.ma\/wp-content\/uploads\/2024\/12\/3.png\",\"width\":250,\"height\":70,\"caption\":\"Yazmed Healthcare\"},\"image\":{\"@id\":\"https:\/\/yazmed.ma\/#\/schema\/logo\/image\/\"},\"sameAs\":[\"https:\/\/www.facebook.com\/azenkouky\",\"https:\/\/www.instagram.com\/yazmedhealthcare\",\"https:\/\/www.linkedin.com\/in\/yazmed-healthcare-1b4955295\"]}]}<\/script>\n<!-- \/ Yoast SEO plugin. -->","yoast_head_json":{"title":"Valve abdominale sus Pubienne - YAZMED","robots":{"index":"index","follow":"follow","max-snippet":"max-snippet:-1","max-image-preview":"max-image-preview:large","max-video-preview":"max-video-preview:-1"},"canonical":"https:\/\/yazmed.ma\/ar\/product\/valve-abdominale-sus-pubienne\/","og_locale":"ar_AR","og_type":"article","og_title":"Valve abdominale sus Pubienne - YAZMED","og_description":"Valve abdominale suspubienne maintenue en place au moyen d\u2019un fixateur \u00e0 points d\u2019appui interf\u00e9moraux. Une valve de drainage sus-pubien est utilis\u00e9e pour contr\u00f4ler l'\u00e9vacuation de l'urine \u00e0 travers un cath\u00e9ter ins\u00e9r\u00e9 dans la vessie par l'abdomen, au-dessus du pubis. Cette valve permet de drainer l'urine de fa\u00e7on continue vers un sac collecteur, mais peut aussi \u00eatre ferm\u00e9e pour permettre au patient de marcher avec un sac de jambe ou pour tester l'urination par voie naturelle.\u00a0","og_url":"https:\/\/yazmed.ma\/ar\/product\/valve-abdominale-sus-pubienne\/","og_site_name":"YAZMED","article_publisher":"https:\/\/www.facebook.com\/azenkouky","article_modified_time":"2025-11-13T19:28:29+00:00","og_image":[{"width":570,"height":517,"url":"https:\/\/yazmed.ma\/wp-content\/uploads\/2025\/11\/VALVE-SUSPUBIENNE.webp","type":"image\/webp"}],"twitter_card":"summary_large_image","schema":{"@context":"https:\/\/schema.org","@graph":[{"@type":"WebPage","@id":"https:\/\/yazmed.ma\/product\/valve-abdominale-sus-pubienne\/","url":"https:\/\/yazmed.ma\/product\/valve-abdominale-sus-pubienne\/","name":"Valve abdominale sus Pubienne - YAZMED","isPartOf":{"@id":"https:\/\/yazmed.ma\/#website"},"primaryImageOfPage":{"@id":"https:\/\/yazmed.ma\/product\/valve-abdominale-sus-pubienne\/#primaryimage"},"image":{"@id":"https:\/\/yazmed.ma\/product\/valve-abdominale-sus-pubienne\/#primaryimage"},"thumbnailUrl":"https:\/\/yazmed.ma\/wp-content\/uploads\/2025\/11\/VALVE-SUSPUBIENNE.webp","datePublished":"2025-11-13T19:28:28+00:00","dateModified":"2025-11-13T19:28:29+00:00","breadcrumb":{"@id":"https:\/\/yazmed.ma\/product\/valve-abdominale-sus-pubienne\/#breadcrumb"},"inLanguage":"ary","potentialAction":[{"@type":"ReadAction","target":["https:\/\/yazmed.ma\/product\/valve-abdominale-sus-pubienne\/"]}]},{"@type":"ImageObject","inLanguage":"ary","@id":"https:\/\/yazmed.ma\/product\/valve-abdominale-sus-pubienne\/#primaryimage","url":"https:\/\/yazmed.ma\/wp-content\/uploads\/2025\/11\/VALVE-SUSPUBIENNE.webp","contentUrl":"https:\/\/yazmed.ma\/wp-content\/uploads\/2025\/11\/VALVE-SUSPUBIENNE.webp","width":570,"height":517,"caption":"Valve abdominale suspubienne"},{"@type":"BreadcrumbList","@id":"https:\/\/yazmed.ma\/product\/valve-abdominale-sus-pubienne\/#breadcrumb","itemListElement":[{"@type":"ListItem","position":1,"name":"Accueil","item":"https:\/\/yazmed.ma\/"},{"@type":"ListItem","position":2,"name":"Shop","item":"https:\/\/yazmed.ma\/shop-2\/"},{"@type":"ListItem","position":3,"name":"Valve abdominale sus Pubienne"}]},{"@type":"WebSite","@id":"https:\/\/yazmed.ma\/#website","url":"https:\/\/yazmed.ma\/","name":"Yazmed","description":"LEADER DU MAT\u00c9RIEL M\u00c9DICAL AU MAROC","publisher":{"@id":"https:\/\/yazmed.ma\/#organization"},"potentialAction":[{"@type":"SearchAction","target":{"@type":"EntryPoint","urlTemplate":"https:\/\/yazmed.ma\/?s={search_term_string}"},"query-input":{"@type":"PropertyValueSpecification","valueRequired":true,"valueName":"search_term_string"}}],"inLanguage":"ary"},{"@type":"Organization","@id":"https:\/\/yazmed.ma\/#organization","name":"Yazmed Healthcare","url":"https:\/\/yazmed.ma\/","logo":{"@type":"ImageObject","inLanguage":"ary","@id":"https:\/\/yazmed.ma\/#\/schema\/logo\/image\/","url":"https:\/\/yazmed.ma\/wp-content\/uploads\/2024\/12\/3.png","contentUrl":"https:\/\/yazmed.ma\/wp-content\/uploads\/2024\/12\/3.png","width":250,"height":70,"caption":"Yazmed Healthcare"},"image":{"@id":"https:\/\/yazmed.ma\/#\/schema\/logo\/image\/"},"sameAs":["https:\/\/www.facebook.com\/azenkouky","https:\/\/www.instagram.com\/yazmedhealthcare","https:\/\/www.linkedin.com\/in\/yazmed-healthcare-1b4955295"]}]}},"_links":{"self":[{"href":"https:\/\/yazmed.ma\/ar\/wp-json\/wp\/v2\/product\/2778","targetHints":{"allow":["GET"]}}],"collection":[{"href":"https:\/\/yazmed.ma\/ar\/wp-json\/wp\/v2\/product"}],"about":[{"href":"https:\/\/yazmed.ma\/ar\/wp-json\/wp\/v2\/types\/product"}],"replies":[{"embeddable":true,"href":"https:\/\/yazmed.ma\/ar\/wp-json\/wp\/v2\/comments?post=2778"}],"version-history":[{"count":0,"href":"https:\/\/yazmed.ma\/ar\/wp-json\/wp\/v2\/product\/2778\/revisions"}],"wp:featuredmedia":[{"embeddable":true,"href":"https:\/\/yazmed.ma\/ar\/wp-json\/wp\/v2\/media\/2780"}],"wp:attachment":[{"href":"https:\/\/yazmed.ma\/ar\/wp-json\/wp\/v2\/media?parent=2778"}],"wp:term":[{"taxonomy":"product_brand","embeddable":true,"href":"https:\/\/yazmed.ma\/ar\/wp-json\/wp\/v2\/product_brand?post=2778"},{"taxonomy":"product_cat","embeddable":true,"href":"https:\/\/yazmed.ma\/ar\/wp-json\/wp\/v2\/product_cat?post=2778"},{"taxonomy":"product_tag","embeddable":true,"href":"https:\/\/yazmed.ma\/ar\/wp-json\/wp\/v2\/product_tag?post=2778"}],"curies":[{"name":"wp","href":"https:\/\/api.w.org\/{rel}","templated":true}]}}