{"id":2775,"date":"2025-11-13T10:36:42","date_gmt":"2025-11-13T10:36:42","guid":{"rendered":"https:\/\/yazmed.ma\/?post_type=product&#038;p=2775"},"modified":"2026-01-10T15:43:06","modified_gmt":"2026-01-10T15:43:06","slug":"anuscope-sims-fenetre-10-cm","status":"publish","type":"product","link":"https:\/\/yazmed.ma\/ar\/product\/anuscope-sims-fenetre-10-cm\/","title":{"rendered":"Anuscope Sims fen\u00eatr\u00e9 10 cm"},"content":{"rendered":"<h3 data-start=\"766\" data-end=\"789\"><span class=\"T286Pc\" data-sfc-cp=\"\" data-processed=\"true\"><strong class=\"Yjhzub\" data-processed=\"true\"><img decoding=\"async\" class=\"emoji\" role=\"img\" draggable=\"false\" src=\"https:\/\/s.w.org\/images\/core\/emoji\/16.0.1\/svg\/2705.svg\" alt=\"\u2705\" \/>\u00a0<\/strong><\/span>Caract\u00e9ristiques<\/h3>\n<p><span class=\"T286Pc\" data-sfc-cp=\"\" data-processed=\"true\"><strong class=\"Yjhzub\" data-processed=\"true\"><img decoding=\"async\" class=\"emoji\" role=\"img\" draggable=\"false\" src=\"https:\/\/s.w.org\/images\/core\/emoji\/16.0.1\/svg\/2705.svg\" alt=\"\u2705\" \/>\u00a0Fen\u00eatre<\/strong> : permet une vue cibl\u00e9e d&rsquo;une section sp\u00e9cifique de la muqueuse rectale<\/span><\/p>\n<p><span class=\"T286Pc\" data-sfc-cp=\"\" data-processed=\"true\">\u00a0 \u00a0 \u00a0 \u00a0 par opposition aux mod\u00e8les sans fente qui offrent une vue \u00e0 360\u00b0.<\/span><\/p>\n<p><span class=\"T286Pc\" data-sfc-cp=\"\" data-processed=\"true\"><strong class=\"Yjhzub\" data-processed=\"true\"><img decoding=\"async\" class=\"emoji\" role=\"img\" draggable=\"false\" src=\"https:\/\/s.w.org\/images\/core\/emoji\/16.0.1\/svg\/2705.svg\" alt=\"\u2705\" \/>\u00a0Mat\u00e9riau<\/strong>\u00a0: G\u00e9n\u00e9ralement en acier inoxydable, durable et r\u00e9utilisable (apr\u00e8s st\u00e9rilisation).<\/span><\/p>\n<p><span class=\"T286Pc\" data-sfc-cp=\"\" data-processed=\"true\"><strong class=\"Yjhzub\" data-processed=\"true\"><img decoding=\"async\" class=\"emoji\" role=\"img\" draggable=\"false\" src=\"https:\/\/s.w.org\/images\/core\/emoji\/16.0.1\/svg\/2705.svg\" alt=\"\u2705\" \/>\u00a0Usage<\/strong> : Id\u00e9al pour les h\u00e9morro\u00efdes internes, les fissures anales, les polypes et les infections.<\/span><\/p>\n<p><span class=\"T286Pc\" data-sfc-cp=\"\" data-processed=\"true\"><strong class=\"Yjhzub\" data-processed=\"true\"><img decoding=\"async\" class=\"emoji\" role=\"img\" draggable=\"false\" src=\"https:\/\/s.w.org\/images\/core\/emoji\/16.0.1\/svg\/2705.svg\" alt=\"\u2705\" \/>\u00a0Utilisation en proc\u00e9dure<\/strong>\u00a0: Convient pour des interventions mineures comme la mise en place de ligatures \u00e9lastiques.<\/span><\/p>","protected":false},"excerpt":{"rendered":"<h4 data-subtree=\"aimfl,mfl\" data-processed=\"true\">\u00a0Anuscope Sims fen\u00eatr\u00e9<\/h4>\n<div data-subtree=\"aimfl,mfl\" data-processed=\"true\">dispositif m\u00e9dical utilis\u00e9 en proctologie pour examiner le bas du rectum et l&rsquo;<a title=\"\" href=\"https:\/\/fr.wikipedia.org\/wiki\/Anus\">anus<\/a>. <a title=\"\" href=\"https:\/\/fr.wikipedia.org\/wiki\/Examen_proctologique\">examen proctologique<\/a>\u00a0<!--Sv6Kpe[]--><\/div>\n<p>Il est caract\u00e9ris\u00e9 par une <strong class=\"Yjhzub\" data-processed=\"true\">fen\u00eatre<!--Sv6Kpe[]--><\/strong>, c&rsquo;est-\u00e0-dire une ouverture lat\u00e9rale, qui permet au praticien d&rsquo;observer les tissus et d&rsquo;effectuer des proc\u00e9dures comme la ligature \u00e9lastique<\/p>\n<p>Ce type d&rsquo;instrument est souvent utilis\u00e9 pour examiner les muqueuses internes,<\/p>\n<p><img decoding=\"async\" class=\"\" src=\"https:\/\/www.gsh-med.fr\/wp-content\/uploads\/2023\/04\/11\/13\/logo-Holtex.png\" alt=\"Holtex\" width=\"120\" height=\"46\" \/><\/p>","protected":false},"featured_media":2777,"comment_status":"open","ping_status":"closed","template":"","meta":[],"product_brand":[],"product_cat":[53],"product_tag":[],"class_list":{"0":"post-2775","1":"product","2":"type-product","3":"status-publish","4":"has-post-thumbnail","6":"product_cat-instrumentation-sutures","8":"first","9":"instock","10":"taxable","11":"shipping-taxable","12":"product-type-simple"},"yoast_head":"<!-- This site is optimized with the Yoast SEO plugin v26.9 - https:\/\/yoast.com\/product\/yoast-seo-wordpress\/ -->\n<title>Anuscope Sims fen\u00eatr\u00e9 10 cm - YAZMED<\/title>\n<meta name=\"robots\" content=\"index, follow, max-snippet:-1, max-image-preview:large, max-video-preview:-1\" \/>\n<link rel=\"canonical\" href=\"https:\/\/yazmed.ma\/ar\/product\/anuscope-sims-fenetre-10-cm\/\" \/>\n<meta property=\"og:locale\" content=\"ar_AR\" \/>\n<meta property=\"og:type\" content=\"article\" \/>\n<meta property=\"og:title\" content=\"Anuscope Sims fen\u00eatr\u00e9 10 cm - YAZMED\" \/>\n<meta property=\"og:description\" content=\"\u00a0Anuscope Sims fen\u00eatr\u00e9 dispositif m\u00e9dical utilis\u00e9 en proctologie pour examiner le bas du rectum et l&#039;anus. examen proctologique\u00a0 Il est caract\u00e9ris\u00e9 par une fen\u00eatre, c&#039;est-\u00e0-dire une ouverture lat\u00e9rale, qui permet au praticien d&#039;observer les tissus et d&#039;effectuer des proc\u00e9dures comme la ligature \u00e9lastique  Ce type d&#039;instrument est souvent utilis\u00e9 pour examiner les muqueuses internes,\" \/>\n<meta property=\"og:url\" content=\"https:\/\/yazmed.ma\/ar\/product\/anuscope-sims-fenetre-10-cm\/\" \/>\n<meta property=\"og:site_name\" content=\"YAZMED\" \/>\n<meta property=\"article:publisher\" content=\"https:\/\/www.facebook.com\/azenkouky\" \/>\n<meta property=\"article:modified_time\" content=\"2026-01-10T15:43:06+00:00\" \/>\n<meta property=\"og:image\" content=\"https:\/\/yazmed.ma\/wp-content\/uploads\/2025\/11\/ANUSCOPE-SIMS-1.webp\" \/>\n\t<meta property=\"og:image:width\" content=\"570\" \/>\n\t<meta property=\"og:image:height\" content=\"517\" \/>\n\t<meta property=\"og:image:type\" content=\"image\/webp\" \/>\n<meta name=\"twitter:card\" content=\"summary_large_image\" \/>\n<script type=\"application\/ld+json\" class=\"yoast-schema-graph\">{\"@context\":\"https:\/\/schema.org\",\"@graph\":[{\"@type\":\"WebPage\",\"@id\":\"https:\/\/yazmed.ma\/product\/anuscope-sims-fenetre-10-cm\/\",\"url\":\"https:\/\/yazmed.ma\/product\/anuscope-sims-fenetre-10-cm\/\",\"name\":\"Anuscope Sims fen\u00eatr\u00e9 10 cm - YAZMED\",\"isPartOf\":{\"@id\":\"https:\/\/yazmed.ma\/#website\"},\"primaryImageOfPage\":{\"@id\":\"https:\/\/yazmed.ma\/product\/anuscope-sims-fenetre-10-cm\/#primaryimage\"},\"image\":{\"@id\":\"https:\/\/yazmed.ma\/product\/anuscope-sims-fenetre-10-cm\/#primaryimage\"},\"thumbnailUrl\":\"https:\/\/yazmed.ma\/wp-content\/uploads\/2025\/11\/ANUSCOPE-SIMS-1.webp\",\"datePublished\":\"2025-11-13T10:36:42+00:00\",\"dateModified\":\"2026-01-10T15:43:06+00:00\",\"breadcrumb\":{\"@id\":\"https:\/\/yazmed.ma\/product\/anuscope-sims-fenetre-10-cm\/#breadcrumb\"},\"inLanguage\":\"ary\",\"potentialAction\":[{\"@type\":\"ReadAction\",\"target\":[\"https:\/\/yazmed.ma\/product\/anuscope-sims-fenetre-10-cm\/\"]}]},{\"@type\":\"ImageObject\",\"inLanguage\":\"ary\",\"@id\":\"https:\/\/yazmed.ma\/product\/anuscope-sims-fenetre-10-cm\/#primaryimage\",\"url\":\"https:\/\/yazmed.ma\/wp-content\/uploads\/2025\/11\/ANUSCOPE-SIMS-1.webp\",\"contentUrl\":\"https:\/\/yazmed.ma\/wp-content\/uploads\/2025\/11\/ANUSCOPE-SIMS-1.webp\",\"width\":570,\"height\":517,\"caption\":\"ANUSCOPE SIMS\"},{\"@type\":\"BreadcrumbList\",\"@id\":\"https:\/\/yazmed.ma\/product\/anuscope-sims-fenetre-10-cm\/#breadcrumb\",\"itemListElement\":[{\"@type\":\"ListItem\",\"position\":1,\"name\":\"Accueil\",\"item\":\"https:\/\/yazmed.ma\/\"},{\"@type\":\"ListItem\",\"position\":2,\"name\":\"Shop\",\"item\":\"https:\/\/yazmed.ma\/shop-2\/\"},{\"@type\":\"ListItem\",\"position\":3,\"name\":\"Anuscope Sims fen\u00eatr\u00e9 10 cm\"}]},{\"@type\":\"WebSite\",\"@id\":\"https:\/\/yazmed.ma\/#website\",\"url\":\"https:\/\/yazmed.ma\/\",\"name\":\"Yazmed\",\"description\":\"LEADER DU MAT\u00c9RIEL M\u00c9DICAL AU MAROC\",\"publisher\":{\"@id\":\"https:\/\/yazmed.ma\/#organization\"},\"potentialAction\":[{\"@type\":\"SearchAction\",\"target\":{\"@type\":\"EntryPoint\",\"urlTemplate\":\"https:\/\/yazmed.ma\/?s={search_term_string}\"},\"query-input\":{\"@type\":\"PropertyValueSpecification\",\"valueRequired\":true,\"valueName\":\"search_term_string\"}}],\"inLanguage\":\"ary\"},{\"@type\":\"Organization\",\"@id\":\"https:\/\/yazmed.ma\/#organization\",\"name\":\"Yazmed Healthcare\",\"url\":\"https:\/\/yazmed.ma\/\",\"logo\":{\"@type\":\"ImageObject\",\"inLanguage\":\"ary\",\"@id\":\"https:\/\/yazmed.ma\/#\/schema\/logo\/image\/\",\"url\":\"https:\/\/yazmed.ma\/wp-content\/uploads\/2024\/12\/3.png\",\"contentUrl\":\"https:\/\/yazmed.ma\/wp-content\/uploads\/2024\/12\/3.png\",\"width\":250,\"height\":70,\"caption\":\"Yazmed Healthcare\"},\"image\":{\"@id\":\"https:\/\/yazmed.ma\/#\/schema\/logo\/image\/\"},\"sameAs\":[\"https:\/\/www.facebook.com\/azenkouky\",\"https:\/\/www.instagram.com\/yazmedhealthcare\",\"https:\/\/www.linkedin.com\/in\/yazmed-healthcare-1b4955295\"]}]}<\/script>\n<!-- \/ Yoast SEO plugin. -->","yoast_head_json":{"title":"Anuscope Sims fen\u00eatr\u00e9 10 cm - YAZMED","robots":{"index":"index","follow":"follow","max-snippet":"max-snippet:-1","max-image-preview":"max-image-preview:large","max-video-preview":"max-video-preview:-1"},"canonical":"https:\/\/yazmed.ma\/ar\/product\/anuscope-sims-fenetre-10-cm\/","og_locale":"ar_AR","og_type":"article","og_title":"Anuscope Sims fen\u00eatr\u00e9 10 cm - YAZMED","og_description":"\u00a0Anuscope Sims fen\u00eatr\u00e9 dispositif m\u00e9dical utilis\u00e9 en proctologie pour examiner le bas du rectum et l'anus. examen proctologique\u00a0 Il est caract\u00e9ris\u00e9 par une fen\u00eatre, c'est-\u00e0-dire une ouverture lat\u00e9rale, qui permet au praticien d'observer les tissus et d'effectuer des proc\u00e9dures comme la ligature \u00e9lastique  Ce type d'instrument est souvent utilis\u00e9 pour examiner les muqueuses internes,","og_url":"https:\/\/yazmed.ma\/ar\/product\/anuscope-sims-fenetre-10-cm\/","og_site_name":"YAZMED","article_publisher":"https:\/\/www.facebook.com\/azenkouky","article_modified_time":"2026-01-10T15:43:06+00:00","og_image":[{"width":570,"height":517,"url":"https:\/\/yazmed.ma\/wp-content\/uploads\/2025\/11\/ANUSCOPE-SIMS-1.webp","type":"image\/webp"}],"twitter_card":"summary_large_image","schema":{"@context":"https:\/\/schema.org","@graph":[{"@type":"WebPage","@id":"https:\/\/yazmed.ma\/product\/anuscope-sims-fenetre-10-cm\/","url":"https:\/\/yazmed.ma\/product\/anuscope-sims-fenetre-10-cm\/","name":"Anuscope Sims fen\u00eatr\u00e9 10 cm - YAZMED","isPartOf":{"@id":"https:\/\/yazmed.ma\/#website"},"primaryImageOfPage":{"@id":"https:\/\/yazmed.ma\/product\/anuscope-sims-fenetre-10-cm\/#primaryimage"},"image":{"@id":"https:\/\/yazmed.ma\/product\/anuscope-sims-fenetre-10-cm\/#primaryimage"},"thumbnailUrl":"https:\/\/yazmed.ma\/wp-content\/uploads\/2025\/11\/ANUSCOPE-SIMS-1.webp","datePublished":"2025-11-13T10:36:42+00:00","dateModified":"2026-01-10T15:43:06+00:00","breadcrumb":{"@id":"https:\/\/yazmed.ma\/product\/anuscope-sims-fenetre-10-cm\/#breadcrumb"},"inLanguage":"ary","potentialAction":[{"@type":"ReadAction","target":["https:\/\/yazmed.ma\/product\/anuscope-sims-fenetre-10-cm\/"]}]},{"@type":"ImageObject","inLanguage":"ary","@id":"https:\/\/yazmed.ma\/product\/anuscope-sims-fenetre-10-cm\/#primaryimage","url":"https:\/\/yazmed.ma\/wp-content\/uploads\/2025\/11\/ANUSCOPE-SIMS-1.webp","contentUrl":"https:\/\/yazmed.ma\/wp-content\/uploads\/2025\/11\/ANUSCOPE-SIMS-1.webp","width":570,"height":517,"caption":"ANUSCOPE SIMS"},{"@type":"BreadcrumbList","@id":"https:\/\/yazmed.ma\/product\/anuscope-sims-fenetre-10-cm\/#breadcrumb","itemListElement":[{"@type":"ListItem","position":1,"name":"Accueil","item":"https:\/\/yazmed.ma\/"},{"@type":"ListItem","position":2,"name":"Shop","item":"https:\/\/yazmed.ma\/shop-2\/"},{"@type":"ListItem","position":3,"name":"Anuscope Sims fen\u00eatr\u00e9 10 cm"}]},{"@type":"WebSite","@id":"https:\/\/yazmed.ma\/#website","url":"https:\/\/yazmed.ma\/","name":"Yazmed","description":"LEADER DU MAT\u00c9RIEL M\u00c9DICAL AU MAROC","publisher":{"@id":"https:\/\/yazmed.ma\/#organization"},"potentialAction":[{"@type":"SearchAction","target":{"@type":"EntryPoint","urlTemplate":"https:\/\/yazmed.ma\/?s={search_term_string}"},"query-input":{"@type":"PropertyValueSpecification","valueRequired":true,"valueName":"search_term_string"}}],"inLanguage":"ary"},{"@type":"Organization","@id":"https:\/\/yazmed.ma\/#organization","name":"Yazmed Healthcare","url":"https:\/\/yazmed.ma\/","logo":{"@type":"ImageObject","inLanguage":"ary","@id":"https:\/\/yazmed.ma\/#\/schema\/logo\/image\/","url":"https:\/\/yazmed.ma\/wp-content\/uploads\/2024\/12\/3.png","contentUrl":"https:\/\/yazmed.ma\/wp-content\/uploads\/2024\/12\/3.png","width":250,"height":70,"caption":"Yazmed Healthcare"},"image":{"@id":"https:\/\/yazmed.ma\/#\/schema\/logo\/image\/"},"sameAs":["https:\/\/www.facebook.com\/azenkouky","https:\/\/www.instagram.com\/yazmedhealthcare","https:\/\/www.linkedin.com\/in\/yazmed-healthcare-1b4955295"]}]}},"_links":{"self":[{"href":"https:\/\/yazmed.ma\/ar\/wp-json\/wp\/v2\/product\/2775","targetHints":{"allow":["GET"]}}],"collection":[{"href":"https:\/\/yazmed.ma\/ar\/wp-json\/wp\/v2\/product"}],"about":[{"href":"https:\/\/yazmed.ma\/ar\/wp-json\/wp\/v2\/types\/product"}],"replies":[{"embeddable":true,"href":"https:\/\/yazmed.ma\/ar\/wp-json\/wp\/v2\/comments?post=2775"}],"version-history":[{"count":1,"href":"https:\/\/yazmed.ma\/ar\/wp-json\/wp\/v2\/product\/2775\/revisions"}],"predecessor-version":[{"id":3094,"href":"https:\/\/yazmed.ma\/ar\/wp-json\/wp\/v2\/product\/2775\/revisions\/3094"}],"wp:featuredmedia":[{"embeddable":true,"href":"https:\/\/yazmed.ma\/ar\/wp-json\/wp\/v2\/media\/2777"}],"wp:attachment":[{"href":"https:\/\/yazmed.ma\/ar\/wp-json\/wp\/v2\/media?parent=2775"}],"wp:term":[{"taxonomy":"product_brand","embeddable":true,"href":"https:\/\/yazmed.ma\/ar\/wp-json\/wp\/v2\/product_brand?post=2775"},{"taxonomy":"product_cat","embeddable":true,"href":"https:\/\/yazmed.ma\/ar\/wp-json\/wp\/v2\/product_cat?post=2775"},{"taxonomy":"product_tag","embeddable":true,"href":"https:\/\/yazmed.ma\/ar\/wp-json\/wp\/v2\/product_tag?post=2775"}],"curies":[{"name":"wp","href":"https:\/\/api.w.org\/{rel}","templated":true}]}}