{"id":2770,"date":"2025-11-12T13:35:10","date_gmt":"2025-11-12T13:35:10","guid":{"rendered":"https:\/\/yazmed.ma\/?post_type=product&#038;p=2770"},"modified":"2025-11-17T18:09:07","modified_gmt":"2025-11-17T18:09:07","slug":"tampons-nasaux-steriles-expansibles-spiggle-theis-80","status":"publish","type":"product","link":"https:\/\/yazmed.ma\/ar\/product\/tampons-nasaux-steriles-expansibles-spiggle-theis-80\/","title":{"rendered":"Tampons Nasaux St\u00e9riles Expansibles \/ Spiggle &#038; Theis 80"},"content":{"rendered":"<p>+ Forme droite.<br \/>\n+ Hautement absorbant.<br \/>\n+ Avec fil de s\u00e9curit\u00e9 de 15 cm.<br \/>\n+ Deux longueurs<\/p>\n<p><img decoding=\"async\" class=\"\" src=\"https:\/\/clarimed.ma\/wp-content\/uploads\/2021\/07\/logo-small.jpg\" width=\"209\" height=\"36\" \/><\/p>\n<p><span dir=\"auto\">\u00a0<\/span><a href=\"http:\/\/www.blocked-ears.com\/\" target=\"_blank\" rel=\"noopener\"><span dir=\"auto\">blocked-ears.com<\/span><\/a><span dir=\"auto\">\u00a0<\/span><\/p>\n<p><span dir=\"auto\">\u00a0<\/span><\/p>\n<p>&nbsp;<\/p>","protected":false},"excerpt":{"rendered":"<h5>Les tampons nasaux st\u00e9riles expansibles avec fil de s\u00e9curit\u00e9 sont con\u00e7us pour une gestion efficace des saignements de nez et des soins postop\u00e9ratoires en rhinologie. Fabriqu\u00e9s en PVA (alcool polyvinylique) de haute qualit\u00e9, ces tampons se dilatent rapidement au contact des liquides pour \u00e9pouser parfaitement la cavit\u00e9 nasale, assurant ainsi une absorption rapide et optimale du sang.<\/h5>\n<p>80\/15\/20 mm<\/p>\n<p>Caract\u00e9ristiques et avantages :<br \/>\nExpansion rapide au contact d\u2019un liquide adapt\u00e9, garantissant une efficacit\u00e9 imm\u00e9diate<br \/>\nMat\u00e9riau doux et absorbant qui ne colle pas aux muqueuses, facilitant un retrait atraumatique<br \/>\nFil de s\u00e9curit\u00e9 int\u00e9gr\u00e9 pour un retrait facile et s\u00e9curis\u00e9<br \/>\nEmballage st\u00e9rile individuel garantissant une hygi\u00e8ne optimale<br \/>\nSans latex pour \u00e9viter tout risque d\u2019allergie<br \/>\nId\u00e9al pour les urgences ORL, les soins postop\u00e9ratoires et le contr\u00f4le des \u00e9pistaxis, ce tampon assure un confort optimal au patient tout en facilitant le travail des professionnels de sant\u00e9.<\/p>\n<p><img decoding=\"async\" src=\"https:\/\/clarimed.ma\/wp-content\/uploads\/2021\/07\/logo-small.jpg\" \/><\/p>\n<p><span dir=\"auto\">\u00a0<\/span><a href=\"http:\/\/www.blocked-ears.com\/\"><span dir=\"auto\">blocked-ears.com<\/span><\/a><span dir=\"auto\">\u00a0<\/span><\/p>\n<p>&nbsp;<\/p>","protected":false},"featured_media":2771,"comment_status":"open","ping_status":"closed","template":"","meta":[],"product_brand":[],"product_cat":[52],"product_tag":[220],"class_list":{"0":"post-2770","1":"product","2":"type-product","3":"status-publish","4":"has-post-thumbnail","6":"product_cat-consommable-medical","7":"product_tag-tompons-nasal","9":"first","10":"instock","11":"taxable","12":"shipping-taxable","13":"product-type-simple"},"yoast_head":"<!-- This site is optimized with the Yoast SEO plugin v26.9 - https:\/\/yoast.com\/product\/yoast-seo-wordpress\/ -->\n<title>Tampons Nasaux St\u00e9riles Expansibles \/ Spiggle &amp; Theis 80 - YAZMED<\/title>\n<meta name=\"robots\" content=\"index, follow, max-snippet:-1, max-image-preview:large, max-video-preview:-1\" \/>\n<link rel=\"canonical\" href=\"https:\/\/yazmed.ma\/ar\/product\/tampons-nasaux-steriles-expansibles-spiggle-theis-80\/\" \/>\n<meta property=\"og:locale\" content=\"ar_AR\" \/>\n<meta property=\"og:type\" content=\"article\" \/>\n<meta property=\"og:title\" content=\"Tampons Nasaux St\u00e9riles Expansibles \/ Spiggle &amp; Theis 80 - YAZMED\" \/>\n<meta property=\"og:description\" content=\"Les tampons nasaux st\u00e9riles expansibles avec fil de s\u00e9curit\u00e9 sont con\u00e7us pour une gestion efficace des saignements de nez et des soins postop\u00e9ratoires en rhinologie. Fabriqu\u00e9s en PVA (alcool polyvinylique) de haute qualit\u00e9, ces tampons se dilatent rapidement au contact des liquides pour \u00e9pouser parfaitement la cavit\u00e9 nasale, assurant ainsi une absorption rapide et optimale du sang. 80\/15\/20 mm  Caract\u00e9ristiques et avantages : Expansion rapide au contact d\u2019un liquide adapt\u00e9, garantissant une efficacit\u00e9 imm\u00e9diate Mat\u00e9riau doux et absorbant qui ne colle pas aux muqueuses, facilitant un retrait atraumatique Fil de s\u00e9curit\u00e9 int\u00e9gr\u00e9 pour un retrait facile et s\u00e9curis\u00e9 Emballage st\u00e9rile individuel garantissant une hygi\u00e8ne optimale Sans latex pour \u00e9viter tout risque d\u2019allergie Id\u00e9al pour les urgences ORL, les soins postop\u00e9ratoires et le contr\u00f4le des \u00e9pistaxis, ce tampon assure un confort optimal au patient tout en facilitant le travail des professionnels de sant\u00e9.    \u00a0blocked-ears.com\u00a0  &nbsp;\" \/>\n<meta property=\"og:url\" content=\"https:\/\/yazmed.ma\/ar\/product\/tampons-nasaux-steriles-expansibles-spiggle-theis-80\/\" \/>\n<meta property=\"og:site_name\" content=\"YAZMED\" \/>\n<meta property=\"article:publisher\" content=\"https:\/\/www.facebook.com\/azenkouky\" \/>\n<meta property=\"article:modified_time\" content=\"2025-11-17T18:09:07+00:00\" \/>\n<meta property=\"og:image\" content=\"https:\/\/yazmed.ma\/wp-content\/uploads\/2025\/11\/tompons-Nasal.webp\" \/>\n\t<meta property=\"og:image:width\" content=\"570\" \/>\n\t<meta property=\"og:image:height\" content=\"517\" \/>\n\t<meta property=\"og:image:type\" content=\"image\/webp\" \/>\n<meta name=\"twitter:card\" content=\"summary_large_image\" \/>\n<script type=\"application\/ld+json\" class=\"yoast-schema-graph\">{\"@context\":\"https:\/\/schema.org\",\"@graph\":[{\"@type\":\"WebPage\",\"@id\":\"https:\/\/yazmed.ma\/product\/tampons-nasaux-steriles-expansibles-spiggle-theis-80\/\",\"url\":\"https:\/\/yazmed.ma\/product\/tampons-nasaux-steriles-expansibles-spiggle-theis-80\/\",\"name\":\"Tampons Nasaux St\u00e9riles Expansibles \/ Spiggle & Theis 80 - YAZMED\",\"isPartOf\":{\"@id\":\"https:\/\/yazmed.ma\/#website\"},\"primaryImageOfPage\":{\"@id\":\"https:\/\/yazmed.ma\/product\/tampons-nasaux-steriles-expansibles-spiggle-theis-80\/#primaryimage\"},\"image\":{\"@id\":\"https:\/\/yazmed.ma\/product\/tampons-nasaux-steriles-expansibles-spiggle-theis-80\/#primaryimage\"},\"thumbnailUrl\":\"https:\/\/yazmed.ma\/wp-content\/uploads\/2025\/11\/tompons-Nasal.webp\",\"datePublished\":\"2025-11-12T13:35:10+00:00\",\"dateModified\":\"2025-11-17T18:09:07+00:00\",\"breadcrumb\":{\"@id\":\"https:\/\/yazmed.ma\/product\/tampons-nasaux-steriles-expansibles-spiggle-theis-80\/#breadcrumb\"},\"inLanguage\":\"ary\",\"potentialAction\":[{\"@type\":\"ReadAction\",\"target\":[\"https:\/\/yazmed.ma\/product\/tampons-nasaux-steriles-expansibles-spiggle-theis-80\/\"]}]},{\"@type\":\"ImageObject\",\"inLanguage\":\"ary\",\"@id\":\"https:\/\/yazmed.ma\/product\/tampons-nasaux-steriles-expansibles-spiggle-theis-80\/#primaryimage\",\"url\":\"https:\/\/yazmed.ma\/wp-content\/uploads\/2025\/11\/tompons-Nasal.webp\",\"contentUrl\":\"https:\/\/yazmed.ma\/wp-content\/uploads\/2025\/11\/tompons-Nasal.webp\",\"width\":570,\"height\":517,\"caption\":\"tompons nasal\"},{\"@type\":\"BreadcrumbList\",\"@id\":\"https:\/\/yazmed.ma\/product\/tampons-nasaux-steriles-expansibles-spiggle-theis-80\/#breadcrumb\",\"itemListElement\":[{\"@type\":\"ListItem\",\"position\":1,\"name\":\"Accueil\",\"item\":\"https:\/\/yazmed.ma\/\"},{\"@type\":\"ListItem\",\"position\":2,\"name\":\"Shop\",\"item\":\"https:\/\/yazmed.ma\/shop-2\/\"},{\"@type\":\"ListItem\",\"position\":3,\"name\":\"Tampons Nasaux St\u00e9riles Expansibles \/ Spiggle &#038; Theis 80\"}]},{\"@type\":\"WebSite\",\"@id\":\"https:\/\/yazmed.ma\/#website\",\"url\":\"https:\/\/yazmed.ma\/\",\"name\":\"Yazmed\",\"description\":\"LEADER DU MAT\u00c9RIEL M\u00c9DICAL AU MAROC\",\"publisher\":{\"@id\":\"https:\/\/yazmed.ma\/#organization\"},\"potentialAction\":[{\"@type\":\"SearchAction\",\"target\":{\"@type\":\"EntryPoint\",\"urlTemplate\":\"https:\/\/yazmed.ma\/?s={search_term_string}\"},\"query-input\":{\"@type\":\"PropertyValueSpecification\",\"valueRequired\":true,\"valueName\":\"search_term_string\"}}],\"inLanguage\":\"ary\"},{\"@type\":\"Organization\",\"@id\":\"https:\/\/yazmed.ma\/#organization\",\"name\":\"Yazmed Healthcare\",\"url\":\"https:\/\/yazmed.ma\/\",\"logo\":{\"@type\":\"ImageObject\",\"inLanguage\":\"ary\",\"@id\":\"https:\/\/yazmed.ma\/#\/schema\/logo\/image\/\",\"url\":\"https:\/\/yazmed.ma\/wp-content\/uploads\/2024\/12\/3.png\",\"contentUrl\":\"https:\/\/yazmed.ma\/wp-content\/uploads\/2024\/12\/3.png\",\"width\":250,\"height\":70,\"caption\":\"Yazmed Healthcare\"},\"image\":{\"@id\":\"https:\/\/yazmed.ma\/#\/schema\/logo\/image\/\"},\"sameAs\":[\"https:\/\/www.facebook.com\/azenkouky\",\"https:\/\/www.instagram.com\/yazmedhealthcare\",\"https:\/\/www.linkedin.com\/in\/yazmed-healthcare-1b4955295\"]}]}<\/script>\n<!-- \/ Yoast SEO plugin. -->","yoast_head_json":{"title":"Tampons Nasaux St\u00e9riles Expansibles \/ Spiggle & Theis 80 - YAZMED","robots":{"index":"index","follow":"follow","max-snippet":"max-snippet:-1","max-image-preview":"max-image-preview:large","max-video-preview":"max-video-preview:-1"},"canonical":"https:\/\/yazmed.ma\/ar\/product\/tampons-nasaux-steriles-expansibles-spiggle-theis-80\/","og_locale":"ar_AR","og_type":"article","og_title":"Tampons Nasaux St\u00e9riles Expansibles \/ Spiggle & Theis 80 - YAZMED","og_description":"Les tampons nasaux st\u00e9riles expansibles avec fil de s\u00e9curit\u00e9 sont con\u00e7us pour une gestion efficace des saignements de nez et des soins postop\u00e9ratoires en rhinologie. Fabriqu\u00e9s en PVA (alcool polyvinylique) de haute qualit\u00e9, ces tampons se dilatent rapidement au contact des liquides pour \u00e9pouser parfaitement la cavit\u00e9 nasale, assurant ainsi une absorption rapide et optimale du sang. 80\/15\/20 mm  Caract\u00e9ristiques et avantages : Expansion rapide au contact d\u2019un liquide adapt\u00e9, garantissant une efficacit\u00e9 imm\u00e9diate Mat\u00e9riau doux et absorbant qui ne colle pas aux muqueuses, facilitant un retrait atraumatique Fil de s\u00e9curit\u00e9 int\u00e9gr\u00e9 pour un retrait facile et s\u00e9curis\u00e9 Emballage st\u00e9rile individuel garantissant une hygi\u00e8ne optimale Sans latex pour \u00e9viter tout risque d\u2019allergie Id\u00e9al pour les urgences ORL, les soins postop\u00e9ratoires et le contr\u00f4le des \u00e9pistaxis, ce tampon assure un confort optimal au patient tout en facilitant le travail des professionnels de sant\u00e9.    \u00a0blocked-ears.com\u00a0  &nbsp;","og_url":"https:\/\/yazmed.ma\/ar\/product\/tampons-nasaux-steriles-expansibles-spiggle-theis-80\/","og_site_name":"YAZMED","article_publisher":"https:\/\/www.facebook.com\/azenkouky","article_modified_time":"2025-11-17T18:09:07+00:00","og_image":[{"width":570,"height":517,"url":"https:\/\/yazmed.ma\/wp-content\/uploads\/2025\/11\/tompons-Nasal.webp","type":"image\/webp"}],"twitter_card":"summary_large_image","schema":{"@context":"https:\/\/schema.org","@graph":[{"@type":"WebPage","@id":"https:\/\/yazmed.ma\/product\/tampons-nasaux-steriles-expansibles-spiggle-theis-80\/","url":"https:\/\/yazmed.ma\/product\/tampons-nasaux-steriles-expansibles-spiggle-theis-80\/","name":"Tampons Nasaux St\u00e9riles Expansibles \/ Spiggle & Theis 80 - YAZMED","isPartOf":{"@id":"https:\/\/yazmed.ma\/#website"},"primaryImageOfPage":{"@id":"https:\/\/yazmed.ma\/product\/tampons-nasaux-steriles-expansibles-spiggle-theis-80\/#primaryimage"},"image":{"@id":"https:\/\/yazmed.ma\/product\/tampons-nasaux-steriles-expansibles-spiggle-theis-80\/#primaryimage"},"thumbnailUrl":"https:\/\/yazmed.ma\/wp-content\/uploads\/2025\/11\/tompons-Nasal.webp","datePublished":"2025-11-12T13:35:10+00:00","dateModified":"2025-11-17T18:09:07+00:00","breadcrumb":{"@id":"https:\/\/yazmed.ma\/product\/tampons-nasaux-steriles-expansibles-spiggle-theis-80\/#breadcrumb"},"inLanguage":"ary","potentialAction":[{"@type":"ReadAction","target":["https:\/\/yazmed.ma\/product\/tampons-nasaux-steriles-expansibles-spiggle-theis-80\/"]}]},{"@type":"ImageObject","inLanguage":"ary","@id":"https:\/\/yazmed.ma\/product\/tampons-nasaux-steriles-expansibles-spiggle-theis-80\/#primaryimage","url":"https:\/\/yazmed.ma\/wp-content\/uploads\/2025\/11\/tompons-Nasal.webp","contentUrl":"https:\/\/yazmed.ma\/wp-content\/uploads\/2025\/11\/tompons-Nasal.webp","width":570,"height":517,"caption":"tompons nasal"},{"@type":"BreadcrumbList","@id":"https:\/\/yazmed.ma\/product\/tampons-nasaux-steriles-expansibles-spiggle-theis-80\/#breadcrumb","itemListElement":[{"@type":"ListItem","position":1,"name":"Accueil","item":"https:\/\/yazmed.ma\/"},{"@type":"ListItem","position":2,"name":"Shop","item":"https:\/\/yazmed.ma\/shop-2\/"},{"@type":"ListItem","position":3,"name":"Tampons Nasaux St\u00e9riles Expansibles \/ Spiggle &#038; Theis 80"}]},{"@type":"WebSite","@id":"https:\/\/yazmed.ma\/#website","url":"https:\/\/yazmed.ma\/","name":"Yazmed","description":"LEADER DU MAT\u00c9RIEL M\u00c9DICAL AU MAROC","publisher":{"@id":"https:\/\/yazmed.ma\/#organization"},"potentialAction":[{"@type":"SearchAction","target":{"@type":"EntryPoint","urlTemplate":"https:\/\/yazmed.ma\/?s={search_term_string}"},"query-input":{"@type":"PropertyValueSpecification","valueRequired":true,"valueName":"search_term_string"}}],"inLanguage":"ary"},{"@type":"Organization","@id":"https:\/\/yazmed.ma\/#organization","name":"Yazmed Healthcare","url":"https:\/\/yazmed.ma\/","logo":{"@type":"ImageObject","inLanguage":"ary","@id":"https:\/\/yazmed.ma\/#\/schema\/logo\/image\/","url":"https:\/\/yazmed.ma\/wp-content\/uploads\/2024\/12\/3.png","contentUrl":"https:\/\/yazmed.ma\/wp-content\/uploads\/2024\/12\/3.png","width":250,"height":70,"caption":"Yazmed Healthcare"},"image":{"@id":"https:\/\/yazmed.ma\/#\/schema\/logo\/image\/"},"sameAs":["https:\/\/www.facebook.com\/azenkouky","https:\/\/www.instagram.com\/yazmedhealthcare","https:\/\/www.linkedin.com\/in\/yazmed-healthcare-1b4955295"]}]}},"_links":{"self":[{"href":"https:\/\/yazmed.ma\/ar\/wp-json\/wp\/v2\/product\/2770","targetHints":{"allow":["GET"]}}],"collection":[{"href":"https:\/\/yazmed.ma\/ar\/wp-json\/wp\/v2\/product"}],"about":[{"href":"https:\/\/yazmed.ma\/ar\/wp-json\/wp\/v2\/types\/product"}],"replies":[{"embeddable":true,"href":"https:\/\/yazmed.ma\/ar\/wp-json\/wp\/v2\/comments?post=2770"}],"version-history":[{"count":1,"href":"https:\/\/yazmed.ma\/ar\/wp-json\/wp\/v2\/product\/2770\/revisions"}],"predecessor-version":[{"id":2790,"href":"https:\/\/yazmed.ma\/ar\/wp-json\/wp\/v2\/product\/2770\/revisions\/2790"}],"wp:featuredmedia":[{"embeddable":true,"href":"https:\/\/yazmed.ma\/ar\/wp-json\/wp\/v2\/media\/2771"}],"wp:attachment":[{"href":"https:\/\/yazmed.ma\/ar\/wp-json\/wp\/v2\/media?parent=2770"}],"wp:term":[{"taxonomy":"product_brand","embeddable":true,"href":"https:\/\/yazmed.ma\/ar\/wp-json\/wp\/v2\/product_brand?post=2770"},{"taxonomy":"product_cat","embeddable":true,"href":"https:\/\/yazmed.ma\/ar\/wp-json\/wp\/v2\/product_cat?post=2770"},{"taxonomy":"product_tag","embeddable":true,"href":"https:\/\/yazmed.ma\/ar\/wp-json\/wp\/v2\/product_tag?post=2770"}],"curies":[{"name":"wp","href":"https:\/\/api.w.org\/{rel}","templated":true}]}}